{"id":4654,"date":"2023-02-15T15:13:25","date_gmt":"2023-02-15T15:13:25","guid":{"rendered":"https:\/\/www.safinel.fr\/?post_type=product&#038;p=4654"},"modified":"2024-01-13T16:53:14","modified_gmt":"2024-01-13T16:53:14","slug":"almiscar-tahara-ambar","status":"publish","type":"product","link":"https:\/\/www.safinel.fr\/pt\/product-2\/almiscar-tahara-ambar\/","title":{"rendered":"Alm\u00edscar Tahara \u00e2mbar 3 ml"},"content":{"rendered":"<p>O perfume\u00a0<strong>Alm\u00edscar Tahara \u00c2mbar<\/strong>\u00a0encarna a ess\u00eancia da intimidade e da pureza, proporcionando uma experi\u00eancia olfativa refinada e sensual. Envolvido em notas \u00edntimas de alm\u00edscar e \u00e2mbar, este perfume captura a delicadeza e a sofistica\u00e7\u00e3o, evocando uma higiene impec\u00e1vel e um prazer sensorial requintado.<\/p>\n<h2><strong>O alm\u00edscar \u00edntimo e o seu aroma Tahara Ambre<\/strong><\/h2>\n<p>O Musc Tahara Ambre combina subtilmente a do\u00e7ura \u00edntima do alm\u00edscar com o calor surpreendente do \u00e2mbar. As notas de alm\u00edscar conferem uma dimens\u00e3o sensual e delicada, evocando pureza e eleg\u00e2ncia, enquanto as <strong>nuances \u00e2mbar<\/strong>\u00a0acrescentam profundidade \u00e0 fragr\u00e2ncia. Esta combina\u00e7\u00e3o \u00fanica cria assim um perfume \u00edntimo que capta a pr\u00f3pria ess\u00eancia da feminilidade e da sofistica\u00e7\u00e3o.<\/p>\n<h2><strong>O prazer de uma higiene impec\u00e1vel!<\/strong><\/h2>\n<p>Al\u00e9m da sua fragr\u00e2ncia sedutora, este perfume \u00edntimo encarna a ideia de uma higiene irrepreens\u00edvel. Ao associar-se ao ritual da higiene di\u00e1ria, este perfume acrescenta um toque de luxo e requinte \u00e0 experi\u00eancia dos cuidados pessoais. Al\u00e9m disso, o seu <strong>cheiro <a href=\"https:\/\/www.safinel.fr\/pt\/product-2\/almiscar-tahara-surrati\/\">sutil e elegante<\/a>\u00a0<\/strong>deixa um aroma discreto, evocando limpeza e frescura. E isso proporciona uma sensa\u00e7\u00e3o de bem-estar e confian\u00e7a ao longo do dia.<\/p>\n<h3><strong>Aplique o alm\u00edscar Tahara Ambre ap\u00f3s o banho!<\/strong><\/h3>\n<p>Para uma experi\u00eancia sensorial completa, aplique o seu perfume \u00edntimo ap\u00f3s a higiene pessoal. Coloque algumas gotas numa toalha para aplicar a fragr\u00e2ncia com facilidade. O aroma misturar-se-\u00e1 delicadamente com o calor da sua pele, libertando as suas notas refinadas ao longo do dia.<\/p>\n<p>A combina\u00e7\u00e3o da frescura p\u00f3s-banho com a subtileza do alm\u00edscar e do \u00e2mbar cria, sem d\u00favida, uma sensa\u00e7\u00e3o de pureza.\u00a0<strong>Tahara \u00c2mbar<\/strong>\u00a0\u00e9, portanto, um item indispens\u00e1vel para quem procura um toque de luxo \u00edntimo no dia a dia.<\/p>\n<p>Em suma, o alm\u00edscar\u00a0<strong>Tahara aromatizado<\/strong>\u00a0\u00e9 muito mais do que um perfume \u00edntimo. \u00c9 uma experi\u00eancia sensorial que evoca pureza, feminilidade e requinte. Ao aplic\u00e1-lo ap\u00f3s o banho, voc\u00ea impregna-se da sua delicadeza, criando assim uma marca olfativa distinta.<\/p>","protected":false},"excerpt":{"rendered":"<p>O perfume Musc Tahara Ambre encarna a ess\u00eancia da intimidade e da pureza, proporcionando uma experi\u00eancia olfativa refinada e sensual. Envolvido em notas \u00edntimas de alm\u00edscar e \u00e2mbar, este perfume captura a delicadeza e a sofistica\u00e7\u00e3o, evocando uma higiene impec\u00e1vel e um prazer sensorial requintado. O alm\u00edscar \u00edntimo e o seu aroma Tahara Ambre O Musc Tahara [\u2026]","protected":false},"featured_media":4652,"template":"","meta":[],"product_brand":[],"product_cat":[127],"product_tag":[],"class_list":{"0":"post-4654","1":"product","2":"type-product","3":"status-publish","4":"has-post-thumbnail","6":"product_cat-musc-tahara-intime","8":"first","9":"instock","10":"shipping-taxable","11":"purchasable","12":"product-type-simple"},"yoast_head":"<!-- This site is optimized with the Yoast SEO plugin v26.6 - https:\/\/yoast.com\/wordpress\/plugins\/seo\/ -->\n<title>Musc Tahara ambre | Parfum intime senteur ambre | 3ml<\/title>\n<meta name=\"description\" content=\"Le parfum\u00a0Musc Tahara Ambre\u00a0incarne l&#039;essence de l&#039;intimit\u00e9 et de la puret\u00e9, offrant une exp\u00e9rience olfactive raffin\u00e9e et sensuelle.\" \/>\n<meta name=\"robots\" content=\"index, follow, max-snippet:-1, max-image-preview:large, max-video-preview:-1\" \/>\n<link rel=\"canonical\" href=\"https:\/\/www.safinel.fr\/pt\/product-2\/almiscar-tahara-ambar\/\" \/>\n<meta property=\"og:locale\" content=\"pt_PT\" \/>\n<meta property=\"og:type\" content=\"article\" \/>\n<meta property=\"og:title\" content=\"Musc Tahara ambre | Parfum intime senteur ambre | 3ml\" \/>\n<meta property=\"og:description\" content=\"Le parfum\u00a0Musc Tahara Ambre\u00a0incarne l&#039;essence de l&#039;intimit\u00e9 et de la puret\u00e9, offrant une exp\u00e9rience olfactive raffin\u00e9e et sensuelle.\" \/>\n<meta property=\"og:url\" content=\"https:\/\/www.safinel.fr\/pt\/product-2\/almiscar-tahara-ambar\/\" \/>\n<meta property=\"og:site_name\" content=\"Safinel\" \/>\n<meta property=\"article:modified_time\" content=\"2024-01-13T16:53:14+00:00\" \/>\n<meta property=\"og:image\" content=\"https:\/\/www.safinel.fr\/wp-content\/uploads\/2023\/02\/musc-tahara-ambre.jpg\" \/>\n\t<meta property=\"og:image:width\" content=\"600\" \/>\n\t<meta property=\"og:image:height\" content=\"600\" \/>\n\t<meta property=\"og:image:type\" content=\"image\/jpeg\" \/>\n<meta name=\"twitter:card\" content=\"summary_large_image\" \/>\n<meta name=\"twitter:label1\" content=\"Tempo estimado de leitura\" \/>\n\t<meta name=\"twitter:data1\" content=\"2 minutos\" \/>\n<script type=\"application\/ld+json\" class=\"yoast-schema-graph\">{\"@context\":\"https:\/\/schema.org\",\"@graph\":[{\"@type\":\"WebPage\",\"@id\":\"https:\/\/www.safinel.fr\/produit\/musc-tahara-ambre\/\",\"url\":\"https:\/\/www.safinel.fr\/produit\/musc-tahara-ambre\/\",\"name\":\"Musc Tahara ambre | Parfum intime senteur ambre | 3ml\",\"isPartOf\":{\"@id\":\"https:\/\/www.safinel.fr\/#website\"},\"primaryImageOfPage\":{\"@id\":\"https:\/\/www.safinel.fr\/produit\/musc-tahara-ambre\/#primaryimage\"},\"image\":{\"@id\":\"https:\/\/www.safinel.fr\/produit\/musc-tahara-ambre\/#primaryimage\"},\"thumbnailUrl\":\"https:\/\/www.safinel.fr\/wp-content\/uploads\/2023\/02\/musc-tahara-ambre.jpg\",\"datePublished\":\"2023-02-15T15:13:25+00:00\",\"dateModified\":\"2024-01-13T16:53:14+00:00\",\"description\":\"Le parfum\u00a0Musc Tahara Ambre\u00a0incarne l'essence de l'intimit\u00e9 et de la puret\u00e9, offrant une exp\u00e9rience olfactive raffin\u00e9e et sensuelle.\",\"breadcrumb\":{\"@id\":\"https:\/\/www.safinel.fr\/produit\/musc-tahara-ambre\/#breadcrumb\"},\"inLanguage\":\"pt-PT\",\"potentialAction\":[{\"@type\":\"ReadAction\",\"target\":[\"https:\/\/www.safinel.fr\/produit\/musc-tahara-ambre\/\"]}]},{\"@type\":\"ImageObject\",\"inLanguage\":\"pt-PT\",\"@id\":\"https:\/\/www.safinel.fr\/produit\/musc-tahara-ambre\/#primaryimage\",\"url\":\"https:\/\/www.safinel.fr\/wp-content\/uploads\/2023\/02\/musc-tahara-ambre.jpg\",\"contentUrl\":\"https:\/\/www.safinel.fr\/wp-content\/uploads\/2023\/02\/musc-tahara-ambre.jpg\",\"width\":600,\"height\":600,\"caption\":\"musc tahara ambre\"},{\"@type\":\"BreadcrumbList\",\"@id\":\"https:\/\/www.safinel.fr\/produit\/musc-tahara-ambre\/#breadcrumb\",\"itemListElement\":[{\"@type\":\"ListItem\",\"position\":1,\"name\":\"Accueil\",\"item\":\"https:\/\/www.safinel.fr\/\"},{\"@type\":\"ListItem\",\"position\":2,\"name\":\"Boutique\",\"item\":\"https:\/\/www.safinel.fr\/boutique\/\"},{\"@type\":\"ListItem\",\"position\":3,\"name\":\"Musc Tahara ambre 3ml\"}]},{\"@type\":\"WebSite\",\"@id\":\"https:\/\/www.safinel.fr\/#website\",\"url\":\"https:\/\/www.safinel.fr\/\",\"name\":\"Safinel\",\"description\":\"\",\"publisher\":{\"@id\":\"https:\/\/www.safinel.fr\/#organization\"},\"potentialAction\":[{\"@type\":\"SearchAction\",\"target\":{\"@type\":\"EntryPoint\",\"urlTemplate\":\"https:\/\/www.safinel.fr\/?s={search_term_string}\"},\"query-input\":{\"@type\":\"PropertyValueSpecification\",\"valueRequired\":true,\"valueName\":\"search_term_string\"}}],\"inLanguage\":\"pt-PT\"},{\"@type\":\"Organization\",\"@id\":\"https:\/\/www.safinel.fr\/#organization\",\"name\":\"Safinel\",\"url\":\"https:\/\/www.safinel.fr\/\",\"logo\":{\"@type\":\"ImageObject\",\"inLanguage\":\"pt-PT\",\"@id\":\"https:\/\/www.safinel.fr\/#\/schema\/logo\/image\/\",\"url\":\"https:\/\/www.safinel.fr\/wp-content\/uploads\/2021\/05\/boutique-cosmetique.png\",\"contentUrl\":\"https:\/\/www.safinel.fr\/wp-content\/uploads\/2021\/05\/boutique-cosmetique.png\",\"width\":800,\"height\":200,\"caption\":\"Safinel\"},\"image\":{\"@id\":\"https:\/\/www.safinel.fr\/#\/schema\/logo\/image\/\"}}]}<\/script>\n<!-- \/ Yoast SEO plugin. -->","yoast_head_json":{"title":"Musc Tahara \u00e2mbar | Perfume \u00edntimo com aroma de \u00e2mbar | 3 ml","description":"O perfume Musc Tahara Ambre encarna a ess\u00eancia da intimidade e da pureza, proporcionando uma experi\u00eancia olfativa refinada e sensual.","robots":{"index":"index","follow":"follow","max-snippet":"max-snippet:-1","max-image-preview":"max-image-preview:large","max-video-preview":"max-video-preview:-1"},"canonical":"https:\/\/www.safinel.fr\/pt\/product-2\/almiscar-tahara-ambar\/","og_locale":"pt_PT","og_type":"article","og_title":"Musc Tahara ambre | Parfum intime senteur ambre | 3ml","og_description":"Le parfum\u00a0Musc Tahara Ambre\u00a0incarne l'essence de l'intimit\u00e9 et de la puret\u00e9, offrant une exp\u00e9rience olfactive raffin\u00e9e et sensuelle.","og_url":"https:\/\/www.safinel.fr\/pt\/product-2\/almiscar-tahara-ambar\/","og_site_name":"Safinel","article_modified_time":"2024-01-13T16:53:14+00:00","og_image":[{"width":600,"height":600,"url":"https:\/\/www.safinel.fr\/wp-content\/uploads\/2023\/02\/musc-tahara-ambre.jpg","type":"image\/jpeg"}],"twitter_card":"summary_large_image","twitter_misc":{"Tempo estimado de leitura":"2 minutos"},"schema":{"@context":"https:\/\/schema.org","@graph":[{"@type":"WebPage","@id":"https:\/\/www.safinel.fr\/produit\/musc-tahara-ambre\/","url":"https:\/\/www.safinel.fr\/produit\/musc-tahara-ambre\/","name":"Musc Tahara \u00e2mbar | Perfume \u00edntimo com aroma de \u00e2mbar | 3 ml","isPartOf":{"@id":"https:\/\/www.safinel.fr\/#website"},"primaryImageOfPage":{"@id":"https:\/\/www.safinel.fr\/produit\/musc-tahara-ambre\/#primaryimage"},"image":{"@id":"https:\/\/www.safinel.fr\/produit\/musc-tahara-ambre\/#primaryimage"},"thumbnailUrl":"https:\/\/www.safinel.fr\/wp-content\/uploads\/2023\/02\/musc-tahara-ambre.jpg","datePublished":"2023-02-15T15:13:25+00:00","dateModified":"2024-01-13T16:53:14+00:00","description":"O perfume Musc Tahara Ambre encarna a ess\u00eancia da intimidade e da pureza, proporcionando uma experi\u00eancia olfativa refinada e sensual.","breadcrumb":{"@id":"https:\/\/www.safinel.fr\/produit\/musc-tahara-ambre\/#breadcrumb"},"inLanguage":"pt-PT","potentialAction":[{"@type":"ReadAction","target":["https:\/\/www.safinel.fr\/produit\/musc-tahara-ambre\/"]}]},{"@type":"ImageObject","inLanguage":"pt-PT","@id":"https:\/\/www.safinel.fr\/produit\/musc-tahara-ambre\/#primaryimage","url":"https:\/\/www.safinel.fr\/wp-content\/uploads\/2023\/02\/musc-tahara-ambre.jpg","contentUrl":"https:\/\/www.safinel.fr\/wp-content\/uploads\/2023\/02\/musc-tahara-ambre.jpg","width":600,"height":600,"caption":"musc tahara ambre"},{"@type":"BreadcrumbList","@id":"https:\/\/www.safinel.fr\/produit\/musc-tahara-ambre\/#breadcrumb","itemListElement":[{"@type":"ListItem","position":1,"name":"Accueil","item":"https:\/\/www.safinel.fr\/"},{"@type":"ListItem","position":2,"name":"Boutique","item":"https:\/\/www.safinel.fr\/boutique\/"},{"@type":"ListItem","position":3,"name":"Musc Tahara ambre 3ml"}]},{"@type":"WebSite","@id":"https:\/\/www.safinel.fr\/#website","url":"https:\/\/www.safinel.fr\/","name":"Safinel","description":"","publisher":{"@id":"https:\/\/www.safinel.fr\/#organization"},"potentialAction":[{"@type":"SearchAction","target":{"@type":"EntryPoint","urlTemplate":"https:\/\/www.safinel.fr\/?s={search_term_string}"},"query-input":{"@type":"PropertyValueSpecification","valueRequired":true,"valueName":"search_term_string"}}],"inLanguage":"pt-PT"},{"@type":"Organization","@id":"https:\/\/www.safinel.fr\/#organization","name":"Safinel","url":"https:\/\/www.safinel.fr\/","logo":{"@type":"ImageObject","inLanguage":"pt-PT","@id":"https:\/\/www.safinel.fr\/#\/schema\/logo\/image\/","url":"https:\/\/www.safinel.fr\/wp-content\/uploads\/2021\/05\/boutique-cosmetique.png","contentUrl":"https:\/\/www.safinel.fr\/wp-content\/uploads\/2021\/05\/boutique-cosmetique.png","width":800,"height":200,"caption":"Safinel"},"image":{"@id":"https:\/\/www.safinel.fr\/#\/schema\/logo\/image\/"}}]}},"_links":{"self":[{"href":"https:\/\/www.safinel.fr\/pt\/wp-json\/wp\/v2\/product\/4654","targetHints":{"allow":["GET"]}}],"collection":[{"href":"https:\/\/www.safinel.fr\/pt\/wp-json\/wp\/v2\/product"}],"about":[{"href":"https:\/\/www.safinel.fr\/pt\/wp-json\/wp\/v2\/types\/product"}],"wp:featuredmedia":[{"embeddable":true,"href":"https:\/\/www.safinel.fr\/pt\/wp-json\/wp\/v2\/media\/4652"}],"wp:attachment":[{"href":"https:\/\/www.safinel.fr\/pt\/wp-json\/wp\/v2\/media?parent=4654"}],"wp:term":[{"taxonomy":"product_brand","embeddable":true,"href":"https:\/\/www.safinel.fr\/pt\/wp-json\/wp\/v2\/product_brand?post=4654"},{"taxonomy":"product_cat","embeddable":true,"href":"https:\/\/www.safinel.fr\/pt\/wp-json\/wp\/v2\/product_cat?post=4654"},{"taxonomy":"product_tag","embeddable":true,"href":"https:\/\/www.safinel.fr\/pt\/wp-json\/wp\/v2\/product_tag?post=4654"}],"curies":[{"name":"wp","href":"https:\/\/api.w.org\/{rel}","templated":true}]}}