{"id":4643,"date":"2023-02-15T14:59:29","date_gmt":"2023-02-15T14:59:29","guid":{"rendered":"https:\/\/www.safinel.fr\/?post_type=product&#038;p=4643"},"modified":"2024-01-13T16:58:54","modified_gmt":"2024-01-13T16:58:54","slug":"almiscar-tahara-surrati","status":"publish","type":"product","link":"https:\/\/www.safinel.fr\/pt\/product-2\/almiscar-tahara-surrati\/","title":{"rendered":"Alm\u00edscar Tahara surrati 3 ml"},"content":{"rendered":"<p>O perfume Musc Tahara Surrati \u00e9 uma fragr\u00e2ncia \u00edntima que encarna a eleg\u00e2ncia e a sofistica\u00e7\u00e3o. Esta ess\u00eancia cativante foi concebida para evocar sensualidade e confian\u00e7a, proporcionando uma experi\u00eancia olfativa \u00fanica e inesquec\u00edvel.<\/p>\n<p>Se voc\u00ea tamb\u00e9m deseja conhecer um\u00a0<strong>aroma encantador<\/strong>\u00a0e \u00fanico, ent\u00e3o descubra  o alm\u00edscar Tahara.<\/p>\n<h2><strong>Musc tahara surrati: uma fragr\u00e2ncia \u00edntima com notas surpreendentes<\/strong><\/h2>\n<p>De facto, desde as primeiras notas, Musc Tahara Surrati revela encantadoras notas de alm\u00edscar, oferecendo uma profundidade e um calor que evocam paix\u00e3o e sedu\u00e7\u00e3o. Estas notas cativantes criam assim uma aura de mist\u00e9rio e sensualidade que envolve subtilmente quem as usa. Al\u00e9m disso, o seu\u00a0<strong>perfume atraente<\/strong>\u00a0tornam este alm\u00edscar um produto indispens\u00e1vel na higiene di\u00e1ria.<\/p>\n<h2><strong>A suavidade do alm\u00edscar tahara surrati!<\/strong><\/h2>\n<p>Embora alguns possam considerar o uso de\u00a0<strong>perfumes \u00edntimos<\/strong>\u00a0Como uma forma de se sentir mais confiante e sedutor, Surrati concorda plenamente com essa ideia. Descubra finalmente a experi\u00eancia sensorial e a associa\u00e7\u00e3o de certos aromas com o alm\u00edscar tahara.<\/p>\n<p>Esta fragr\u00e2ncia Surrati encarna certamente a eleg\u00e2ncia intemporal que transcende as tend\u00eancias ef\u00e9meras. O seu bouquet refinado e sofisticado evoca uma imagem de gra\u00e7a e charme intemporais. Ao fazer esta escolha, as mais curiosas entre v\u00f3s apreciar\u00e3o esta fragr\u00e2ncia agrad\u00e1vel.<\/p>\n<h3><strong>A sensualidade subtil deste perfume \u00edntimo<\/strong><\/h3>\n<p>A subtileza de Musc Tahara Surrati reside na sua capacidade de evocar a sensualidade de forma delicada e sutil. As notas quentes e envolventes criam assim uma aura reconfortante que desperta os sentidos sem nunca ser opressiva. E isso torna esta fragr\u00e2ncia uma express\u00e3o sutil de feminilidade e sedu\u00e7\u00e3o.<\/p>\n<p>\u00c9 importante notar que o uso de perfumes \u00edntimos \u00e9 uma quest\u00e3o de prefer\u00eancia pessoal. A <a href=\"https:\/\/www.safinel.fr\/pt\/product-2\/almiscar-tahara-cereja\/\"><strong>cereja<\/strong><\/a> ou\u00a0<a href=\"https:\/\/www.safinel.fr\/pt\/product-2\/musk-tahara-banana\/\"><strong>de banana<\/strong><\/a>, Encontre o perfume \u00edntimo que combina com voc\u00ea na loja online Safinel!<\/p>","protected":false},"excerpt":{"rendered":"<p>Le parfum Musc Tahara Surrati est une fragrance intime qui incarne certes l&rsquo;\u00e9l\u00e9gance et la sophistication. Cette essence captivante est con\u00e7ue pour \u00e9voquer la sensualit\u00e9 et la confiance, offrant une exp\u00e9rience olfactive unique et inoubliable. Si vous aussi vous souhaitez faire la rencontre avec un\u00a0effluve charmeur\u00a0et unique alors d\u00e9couvrez\u00a0 le musc Tahara. Musc tahara surrati [&#8230;]","protected":false},"featured_media":4639,"template":"","meta":[],"product_brand":[],"product_cat":[127],"product_tag":[],"class_list":{"0":"post-4643","1":"product","2":"type-product","3":"status-publish","4":"has-post-thumbnail","6":"product_cat-musc-tahara-intime","8":"first","9":"instock","10":"shipping-taxable","11":"purchasable","12":"product-type-simple"},"yoast_head":"<!-- This site is optimized with the Yoast SEO plugin v26.6 - https:\/\/yoast.com\/wordpress\/plugins\/seo\/ -->\n<title>Musc Tahara surrati | Le parfum intime de haute qualit\u00e9 | 3ml<\/title>\n<meta name=\"description\" content=\"Le parfum Musc Tahara Surrati est une fragrance intime qui incarne certes l&#039;\u00e9l\u00e9gance et la sophistication. Adoptez-le sans plus attendre !\" \/>\n<meta name=\"robots\" content=\"index, follow, max-snippet:-1, max-image-preview:large, max-video-preview:-1\" \/>\n<link rel=\"canonical\" href=\"https:\/\/www.safinel.fr\/pt\/product-2\/almiscar-tahara-surrati\/\" \/>\n<meta property=\"og:locale\" content=\"pt_PT\" \/>\n<meta property=\"og:type\" content=\"article\" \/>\n<meta property=\"og:title\" content=\"Musc Tahara surrati | Le parfum intime de haute qualit\u00e9 | 3ml\" \/>\n<meta property=\"og:description\" content=\"Le parfum Musc Tahara Surrati est une fragrance intime qui incarne certes l&#039;\u00e9l\u00e9gance et la sophistication. Adoptez-le sans plus attendre !\" \/>\n<meta property=\"og:url\" content=\"https:\/\/www.safinel.fr\/pt\/product-2\/almiscar-tahara-surrati\/\" \/>\n<meta property=\"og:site_name\" content=\"Safinel\" \/>\n<meta property=\"article:modified_time\" content=\"2024-01-13T16:58:54+00:00\" \/>\n<meta property=\"og:image\" content=\"https:\/\/www.safinel.fr\/wp-content\/uploads\/2023\/02\/musc-tahara-suratti.jpg\" \/>\n\t<meta property=\"og:image:width\" content=\"600\" \/>\n\t<meta property=\"og:image:height\" content=\"600\" \/>\n\t<meta property=\"og:image:type\" content=\"image\/jpeg\" \/>\n<meta name=\"twitter:card\" content=\"summary_large_image\" \/>\n<meta name=\"twitter:label1\" content=\"Tempo estimado de leitura\" \/>\n\t<meta name=\"twitter:data1\" content=\"2 minutos\" \/>\n<script type=\"application\/ld+json\" class=\"yoast-schema-graph\">{\"@context\":\"https:\/\/schema.org\",\"@graph\":[{\"@type\":\"WebPage\",\"@id\":\"https:\/\/www.safinel.fr\/produit\/musc-tahara-surrati\/\",\"url\":\"https:\/\/www.safinel.fr\/produit\/musc-tahara-surrati\/\",\"name\":\"Musc Tahara surrati | Le parfum intime de haute qualit\u00e9 | 3ml\",\"isPartOf\":{\"@id\":\"https:\/\/www.safinel.fr\/#website\"},\"primaryImageOfPage\":{\"@id\":\"https:\/\/www.safinel.fr\/produit\/musc-tahara-surrati\/#primaryimage\"},\"image\":{\"@id\":\"https:\/\/www.safinel.fr\/produit\/musc-tahara-surrati\/#primaryimage\"},\"thumbnailUrl\":\"https:\/\/www.safinel.fr\/wp-content\/uploads\/2023\/02\/musc-tahara-suratti.jpg\",\"datePublished\":\"2023-02-15T14:59:29+00:00\",\"dateModified\":\"2024-01-13T16:58:54+00:00\",\"description\":\"Le parfum Musc Tahara Surrati est une fragrance intime qui incarne certes l'\u00e9l\u00e9gance et la sophistication. Adoptez-le sans plus attendre !\",\"breadcrumb\":{\"@id\":\"https:\/\/www.safinel.fr\/produit\/musc-tahara-surrati\/#breadcrumb\"},\"inLanguage\":\"pt-PT\",\"potentialAction\":[{\"@type\":\"ReadAction\",\"target\":[\"https:\/\/www.safinel.fr\/produit\/musc-tahara-surrati\/\"]}]},{\"@type\":\"ImageObject\",\"inLanguage\":\"pt-PT\",\"@id\":\"https:\/\/www.safinel.fr\/produit\/musc-tahara-surrati\/#primaryimage\",\"url\":\"https:\/\/www.safinel.fr\/wp-content\/uploads\/2023\/02\/musc-tahara-suratti.jpg\",\"contentUrl\":\"https:\/\/www.safinel.fr\/wp-content\/uploads\/2023\/02\/musc-tahara-suratti.jpg\",\"width\":600,\"height\":600,\"caption\":\"Musc Tahara surrati 5ml\"},{\"@type\":\"BreadcrumbList\",\"@id\":\"https:\/\/www.safinel.fr\/produit\/musc-tahara-surrati\/#breadcrumb\",\"itemListElement\":[{\"@type\":\"ListItem\",\"position\":1,\"name\":\"Accueil\",\"item\":\"https:\/\/www.safinel.fr\/\"},{\"@type\":\"ListItem\",\"position\":2,\"name\":\"Boutique\",\"item\":\"https:\/\/www.safinel.fr\/boutique\/\"},{\"@type\":\"ListItem\",\"position\":3,\"name\":\"Musc Tahara surrati 3ml\"}]},{\"@type\":\"WebSite\",\"@id\":\"https:\/\/www.safinel.fr\/#website\",\"url\":\"https:\/\/www.safinel.fr\/\",\"name\":\"Safinel\",\"description\":\"\",\"publisher\":{\"@id\":\"https:\/\/www.safinel.fr\/#organization\"},\"potentialAction\":[{\"@type\":\"SearchAction\",\"target\":{\"@type\":\"EntryPoint\",\"urlTemplate\":\"https:\/\/www.safinel.fr\/?s={search_term_string}\"},\"query-input\":{\"@type\":\"PropertyValueSpecification\",\"valueRequired\":true,\"valueName\":\"search_term_string\"}}],\"inLanguage\":\"pt-PT\"},{\"@type\":\"Organization\",\"@id\":\"https:\/\/www.safinel.fr\/#organization\",\"name\":\"Safinel\",\"url\":\"https:\/\/www.safinel.fr\/\",\"logo\":{\"@type\":\"ImageObject\",\"inLanguage\":\"pt-PT\",\"@id\":\"https:\/\/www.safinel.fr\/#\/schema\/logo\/image\/\",\"url\":\"https:\/\/www.safinel.fr\/wp-content\/uploads\/2021\/05\/boutique-cosmetique.png\",\"contentUrl\":\"https:\/\/www.safinel.fr\/wp-content\/uploads\/2021\/05\/boutique-cosmetique.png\",\"width\":800,\"height\":200,\"caption\":\"Safinel\"},\"image\":{\"@id\":\"https:\/\/www.safinel.fr\/#\/schema\/logo\/image\/\"}}]}<\/script>\n<!-- \/ Yoast SEO plugin. -->","yoast_head_json":{"title":"Musc Tahara surrati | O perfume \u00edntimo de alta qualidade | 3 ml","description":"O perfume Musc Tahara Surrati \u00e9 uma fragr\u00e2ncia \u00edntima que encarna a eleg\u00e2ncia e a sofistica\u00e7\u00e3o. Adote-o sem mais demora!","robots":{"index":"index","follow":"follow","max-snippet":"max-snippet:-1","max-image-preview":"max-image-preview:large","max-video-preview":"max-video-preview:-1"},"canonical":"https:\/\/www.safinel.fr\/pt\/product-2\/almiscar-tahara-surrati\/","og_locale":"pt_PT","og_type":"article","og_title":"Musc Tahara surrati | Le parfum intime de haute qualit\u00e9 | 3ml","og_description":"Le parfum Musc Tahara Surrati est une fragrance intime qui incarne certes l'\u00e9l\u00e9gance et la sophistication. Adoptez-le sans plus attendre !","og_url":"https:\/\/www.safinel.fr\/pt\/product-2\/almiscar-tahara-surrati\/","og_site_name":"Safinel","article_modified_time":"2024-01-13T16:58:54+00:00","og_image":[{"width":600,"height":600,"url":"https:\/\/www.safinel.fr\/wp-content\/uploads\/2023\/02\/musc-tahara-suratti.jpg","type":"image\/jpeg"}],"twitter_card":"summary_large_image","twitter_misc":{"Tempo estimado de leitura":"2 minutos"},"schema":{"@context":"https:\/\/schema.org","@graph":[{"@type":"WebPage","@id":"https:\/\/www.safinel.fr\/produit\/musc-tahara-surrati\/","url":"https:\/\/www.safinel.fr\/produit\/musc-tahara-surrati\/","name":"Musc Tahara surrati | O perfume \u00edntimo de alta qualidade | 3 ml","isPartOf":{"@id":"https:\/\/www.safinel.fr\/#website"},"primaryImageOfPage":{"@id":"https:\/\/www.safinel.fr\/produit\/musc-tahara-surrati\/#primaryimage"},"image":{"@id":"https:\/\/www.safinel.fr\/produit\/musc-tahara-surrati\/#primaryimage"},"thumbnailUrl":"https:\/\/www.safinel.fr\/wp-content\/uploads\/2023\/02\/musc-tahara-suratti.jpg","datePublished":"2023-02-15T14:59:29+00:00","dateModified":"2024-01-13T16:58:54+00:00","description":"O perfume Musc Tahara Surrati \u00e9 uma fragr\u00e2ncia \u00edntima que encarna a eleg\u00e2ncia e a sofistica\u00e7\u00e3o. Adote-o sem mais demora!","breadcrumb":{"@id":"https:\/\/www.safinel.fr\/produit\/musc-tahara-surrati\/#breadcrumb"},"inLanguage":"pt-PT","potentialAction":[{"@type":"ReadAction","target":["https:\/\/www.safinel.fr\/produit\/musc-tahara-surrati\/"]}]},{"@type":"ImageObject","inLanguage":"pt-PT","@id":"https:\/\/www.safinel.fr\/produit\/musc-tahara-surrati\/#primaryimage","url":"https:\/\/www.safinel.fr\/wp-content\/uploads\/2023\/02\/musc-tahara-suratti.jpg","contentUrl":"https:\/\/www.safinel.fr\/wp-content\/uploads\/2023\/02\/musc-tahara-suratti.jpg","width":600,"height":600,"caption":"Musc Tahara surrati 5ml"},{"@type":"BreadcrumbList","@id":"https:\/\/www.safinel.fr\/produit\/musc-tahara-surrati\/#breadcrumb","itemListElement":[{"@type":"ListItem","position":1,"name":"Accueil","item":"https:\/\/www.safinel.fr\/"},{"@type":"ListItem","position":2,"name":"Boutique","item":"https:\/\/www.safinel.fr\/boutique\/"},{"@type":"ListItem","position":3,"name":"Musc Tahara surrati 3ml"}]},{"@type":"WebSite","@id":"https:\/\/www.safinel.fr\/#website","url":"https:\/\/www.safinel.fr\/","name":"Safinel","description":"","publisher":{"@id":"https:\/\/www.safinel.fr\/#organization"},"potentialAction":[{"@type":"SearchAction","target":{"@type":"EntryPoint","urlTemplate":"https:\/\/www.safinel.fr\/?s={search_term_string}"},"query-input":{"@type":"PropertyValueSpecification","valueRequired":true,"valueName":"search_term_string"}}],"inLanguage":"pt-PT"},{"@type":"Organization","@id":"https:\/\/www.safinel.fr\/#organization","name":"Safinel","url":"https:\/\/www.safinel.fr\/","logo":{"@type":"ImageObject","inLanguage":"pt-PT","@id":"https:\/\/www.safinel.fr\/#\/schema\/logo\/image\/","url":"https:\/\/www.safinel.fr\/wp-content\/uploads\/2021\/05\/boutique-cosmetique.png","contentUrl":"https:\/\/www.safinel.fr\/wp-content\/uploads\/2021\/05\/boutique-cosmetique.png","width":800,"height":200,"caption":"Safinel"},"image":{"@id":"https:\/\/www.safinel.fr\/#\/schema\/logo\/image\/"}}]}},"_links":{"self":[{"href":"https:\/\/www.safinel.fr\/pt\/wp-json\/wp\/v2\/product\/4643","targetHints":{"allow":["GET"]}}],"collection":[{"href":"https:\/\/www.safinel.fr\/pt\/wp-json\/wp\/v2\/product"}],"about":[{"href":"https:\/\/www.safinel.fr\/pt\/wp-json\/wp\/v2\/types\/product"}],"wp:featuredmedia":[{"embeddable":true,"href":"https:\/\/www.safinel.fr\/pt\/wp-json\/wp\/v2\/media\/4639"}],"wp:attachment":[{"href":"https:\/\/www.safinel.fr\/pt\/wp-json\/wp\/v2\/media?parent=4643"}],"wp:term":[{"taxonomy":"product_brand","embeddable":true,"href":"https:\/\/www.safinel.fr\/pt\/wp-json\/wp\/v2\/product_brand?post=4643"},{"taxonomy":"product_cat","embeddable":true,"href":"https:\/\/www.safinel.fr\/pt\/wp-json\/wp\/v2\/product_cat?post=4643"},{"taxonomy":"product_tag","embeddable":true,"href":"https:\/\/www.safinel.fr\/pt\/wp-json\/wp\/v2\/product_tag?post=4643"}],"curies":[{"name":"wp","href":"https:\/\/api.w.org\/{rel}","templated":true}]}}