{"id":4621,"date":"2023-02-15T09:30:38","date_gmt":"2023-02-15T09:30:38","guid":{"rendered":"https:\/\/www.safinel.fr\/?post_type=product&#038;p=4621"},"modified":"2023-12-28T17:15:47","modified_gmt":"2023-12-28T17:15:47","slug":"leite-de-camela-em-po","status":"publish","type":"product","link":"https:\/\/www.safinel.fr\/pt\/product-2\/leite-de-camela-em-po\/","title":{"rendered":"Leite de camela em p\u00f3 100 g"},"content":{"rendered":"<p>Parte integrante da dieta dos bedu\u00ednos h\u00e1 anos, o leite de camela tem vindo a ganhar cada vez mais adeptos nos \u00faltimos anos. E isso em todo o mundo. De facto, a popula\u00e7\u00e3o fora dos territ\u00f3rios \u00e1rabes finalmente compreendeu a riqueza e os benef\u00edcios que este leite em particular nos traz. Aqui, fazemos uma panor\u00e2mica geral sobre o leite de camela.\u00a0<strong>A sua composi\u00e7\u00e3o particular e, em especial, alguns dos seus benef\u00edcios<\/strong>. Ver\u00e1 que tem tudo para agradar.<\/p>\n<h2><strong>A composi\u00e7\u00e3o do leite de camela<\/strong><\/h2>\n<p>Com algumas exce\u00e7\u00f5es, o leite de camela cl\u00e1ssico ou o leite de camela em p\u00f3 s\u00e3o muito semelhantes ao leite de vaca em sua composi\u00e7\u00e3o. S\u00e3o principalmente alguns nutrientes que ser\u00e3o diferentes. E \u00e9 importante notar que, no caso do leite de camela, fatores como a ra\u00e7a da camela, a esta\u00e7\u00e3o do ano ou mesmo o ambiente podem influenciar a propor\u00e7\u00e3o dos nutrientes que o comp\u00f5em.<\/p>\n<p>Para simplificar, a quantidade de \u00e1gua no leite de camela e no leite de vaca \u00e9 bastante semelhante. Mas onde este famoso leite se destaca do leite de vaca \u00e9 no seu\u00a0<strong>menor teor de gordura<\/strong>\u00a0mas o seu teor de prote\u00ednas, minerais e vitaminas \u00e9 mais elevado. E\u00a0<strong>na busca por uma alimenta\u00e7\u00e3o mais saud\u00e1vel<\/strong>,\u00a0<strong>ele \u00e9, portanto, totalmente apreciado.<\/strong>\u00a0Al\u00e9m disso, vamos ver agora em detalhes os seus benef\u00edcios.<\/p>\n<h2><strong>Leite de camela para a sua imunidade\u00a0<\/strong><\/h2>\n<p>Primeiro, ir\u00e1 apreci\u00e1-lo porque, na verdade, esta do\u00e7ura leitosa \u00e9 um aliado para a sua imunidade. Nesse caso, cont\u00e9m v\u00e1rios nutrientes com\u00a0<strong>propriedades antibacterianas<\/strong>,\u00a0<strong>antivirais<\/strong>,\u00a0<strong>antimicrobianas<\/strong>,\u00a0<strong>antif\u00fangicos<\/strong>,\u00a0<a href=\"https:\/\/www.safinel.fr\/pt\/product-2\/sabao-preto-com-oleo-de-nigela-habachia-100-g-nigela-fonte\/\"><strong>anti-inflamat\u00f3rios<\/strong><\/a>\u00a0e\u00a0<strong>antioxidantes<\/strong>. Al\u00e9m disso, em compara\u00e7\u00e3o, por exemplo, com o leite de vaca ou de cabra, este \u00e9 significativamente mais\u00a0<strong>hipoalerg\u00e9nico<\/strong>. E ainda n\u00e3o acabou!<\/p>\n<h3><strong>Ele vai agradar ao seu sistema digestivo e cardiovascular.\u00a0<\/strong><\/h3>\n<p>Este leite em particular tem um alto teor de \u00f3mega 3 e 9. Por isso, \u00e9 considerado uma verdadeira fonte de \u00abgorduras boas\u00bb.  E isso traduz-se na sua a\u00e7\u00e3o, que permite<strong>\u00a0a manuten\u00e7\u00e3o adequada da press\u00e3o arterial.<\/strong>\u00a0Ao mesmo tempo, este precioso leite limita a acumula\u00e7\u00e3o de colesterol.<\/p>\n<p>Por fim, se procura melhorar a sa\u00fade do seu\u00a0<strong>microbiota intestinal<\/strong>, consumir leite de camela em p\u00f3 ou cl\u00e1ssico \u00e9 a atitude ideal. Para ser ainda mais claro, o leite acima mencionado \u00e9 definitivamente\u00a0<strong>menos gorduroso, podemos garantir! E tamb\u00e9m \u00e9<\/strong>\u00a0<strong>menos cal\u00f3rico<\/strong>,\u00a0<strong>mais saud\u00e1vel e<\/strong>\u00a0<strong>mais f\u00e1cil de digerir.\u00a0<\/strong>E os seus outros benef\u00edcios tamb\u00e9m n\u00e3o v\u00e3o deixar nada a desejar!<\/p>\n<h3><strong>O leite de camela como aliado da beleza, voc\u00ea nunca teria imaginado!\u00a0<\/strong><\/h3>\n<p>O leite de camel\u00eddeo \u00e9 rico em\u00a0<strong>\u00e1cidos \u03b1-hidroxilados.\u00a0<\/strong>O que se deve reter deste termo pouco claro \u00e9 que eles ajudam a esfoliar suavemente a pele. Na verdade, a sua a\u00e7\u00e3o espec\u00edfica consiste em eliminar as camadas superiores das c\u00e9lulas mortas e promover uma\u00a0<strong>pele mais firme<\/strong>\u00a0e\u00a0<strong>mais saud\u00e1vel<\/strong>. O que mais nos agrada \u00e9 que tamb\u00e9m contribui para nos rejuvenescer. Na verdade, o leite de camela em p\u00f3 ou cl\u00e1ssico atua suavemente sobre o\u00a0<strong>rejuvenescimento da pele, atenua\u00e7\u00e3o das rugas, uniformiza\u00e7\u00e3o e clareamento da tez<\/strong>.<\/p>\n<p>Al\u00e9m disso, a forte presen\u00e7a das vitaminas A, B1, B2, B12, C e D confere a este leite propriedades reparadoras e antioxidantes, atuando assim como um\u00a0<strong>antienvelhecimento<\/strong>. Elas v\u00e3o tonificar a pele, nutri-la e suaviz\u00e1-la. Definitivamente, o leite de camela ser\u00e1, em todos os aspetos, o seu aliado natural! Adote esta nova forma de consumir leite!<\/p>","protected":false},"excerpt":{"rendered":"<p>Parte integrante da dieta dos bedu\u00ednos h\u00e1 anos, o leite de camela tem vindo a ganhar cada vez mais adeptos nos \u00faltimos anos. E isso em todo o mundo. De facto, a popula\u00e7\u00e3o fora dos territ\u00f3rios \u00e1rabes finalmente compreendeu a riqueza e os benef\u00edcios que este leite em particular nos traz. N\u00f3s [\u2026]","protected":false},"featured_media":4622,"template":"","meta":[],"product_brand":[],"product_cat":[28],"product_tag":[],"class_list":{"0":"post-4621","1":"product","2":"type-product","3":"status-publish","4":"has-post-thumbnail","6":"product_cat-divers","8":"first","9":"instock","10":"shipping-taxable","11":"purchasable","12":"product-type-simple"},"yoast_head":"<!-- This site is optimized with the Yoast SEO plugin v26.6 - https:\/\/yoast.com\/wordpress\/plugins\/seo\/ -->\n<title>Lait de chamelle en poudre I Boisson saine I Bienfaits nombreux<\/title>\n<meta name=\"description\" content=\"Partie int\u00e9grante du r\u00e9gime des b\u00e9douins depuis des ann\u00e9es, le lait de chamelle fait depuis quelques ann\u00e9es de plus en plus d&#039;adeptes.\" \/>\n<meta name=\"robots\" content=\"index, follow, max-snippet:-1, max-image-preview:large, max-video-preview:-1\" \/>\n<link rel=\"canonical\" href=\"https:\/\/www.safinel.fr\/pt\/product-2\/leite-de-camela-em-po\/\" \/>\n<meta property=\"og:locale\" content=\"pt_PT\" \/>\n<meta property=\"og:type\" content=\"article\" \/>\n<meta property=\"og:title\" content=\"Lait de chamelle en poudre I Boisson saine I Bienfaits nombreux\" \/>\n<meta property=\"og:description\" content=\"Partie int\u00e9grante du r\u00e9gime des b\u00e9douins depuis des ann\u00e9es, le lait de chamelle fait depuis quelques ann\u00e9es de plus en plus d&#039;adeptes.\" \/>\n<meta property=\"og:url\" content=\"https:\/\/www.safinel.fr\/pt\/product-2\/leite-de-camela-em-po\/\" \/>\n<meta property=\"og:site_name\" content=\"Safinel\" \/>\n<meta property=\"article:modified_time\" content=\"2023-12-28T17:15:47+00:00\" \/>\n<meta property=\"og:image\" content=\"https:\/\/www.safinel.fr\/wp-content\/uploads\/2023\/02\/lait-de-chamelle-en-poudre.jpg\" \/>\n\t<meta property=\"og:image:width\" content=\"600\" \/>\n\t<meta property=\"og:image:height\" content=\"600\" \/>\n\t<meta property=\"og:image:type\" content=\"image\/jpeg\" \/>\n<meta name=\"twitter:card\" content=\"summary_large_image\" \/>\n<meta name=\"twitter:label1\" content=\"Tempo estimado de leitura\" \/>\n\t<meta name=\"twitter:data1\" content=\"3 minutos\" \/>\n<script type=\"application\/ld+json\" class=\"yoast-schema-graph\">{\"@context\":\"https:\/\/schema.org\",\"@graph\":[{\"@type\":\"WebPage\",\"@id\":\"https:\/\/www.safinel.fr\/produit\/lait-de-chamelle-en-poudre\/\",\"url\":\"https:\/\/www.safinel.fr\/produit\/lait-de-chamelle-en-poudre\/\",\"name\":\"Lait de chamelle en poudre I Boisson saine I Bienfaits nombreux\",\"isPartOf\":{\"@id\":\"https:\/\/www.safinel.fr\/#website\"},\"primaryImageOfPage\":{\"@id\":\"https:\/\/www.safinel.fr\/produit\/lait-de-chamelle-en-poudre\/#primaryimage\"},\"image\":{\"@id\":\"https:\/\/www.safinel.fr\/produit\/lait-de-chamelle-en-poudre\/#primaryimage\"},\"thumbnailUrl\":\"https:\/\/www.safinel.fr\/wp-content\/uploads\/2023\/02\/lait-de-chamelle-en-poudre.jpg\",\"datePublished\":\"2023-02-15T09:30:38+00:00\",\"dateModified\":\"2023-12-28T17:15:47+00:00\",\"description\":\"Partie int\u00e9grante du r\u00e9gime des b\u00e9douins depuis des ann\u00e9es, le lait de chamelle fait depuis quelques ann\u00e9es de plus en plus d'adeptes.\",\"breadcrumb\":{\"@id\":\"https:\/\/www.safinel.fr\/produit\/lait-de-chamelle-en-poudre\/#breadcrumb\"},\"inLanguage\":\"pt-PT\",\"potentialAction\":[{\"@type\":\"ReadAction\",\"target\":[\"https:\/\/www.safinel.fr\/produit\/lait-de-chamelle-en-poudre\/\"]}]},{\"@type\":\"ImageObject\",\"inLanguage\":\"pt-PT\",\"@id\":\"https:\/\/www.safinel.fr\/produit\/lait-de-chamelle-en-poudre\/#primaryimage\",\"url\":\"https:\/\/www.safinel.fr\/wp-content\/uploads\/2023\/02\/lait-de-chamelle-en-poudre.jpg\",\"contentUrl\":\"https:\/\/www.safinel.fr\/wp-content\/uploads\/2023\/02\/lait-de-chamelle-en-poudre.jpg\",\"width\":600,\"height\":600,\"caption\":\"lait de chamelle en poudre\"},{\"@type\":\"BreadcrumbList\",\"@id\":\"https:\/\/www.safinel.fr\/produit\/lait-de-chamelle-en-poudre\/#breadcrumb\",\"itemListElement\":[{\"@type\":\"ListItem\",\"position\":1,\"name\":\"Accueil\",\"item\":\"https:\/\/www.safinel.fr\/\"},{\"@type\":\"ListItem\",\"position\":2,\"name\":\"Boutique\",\"item\":\"https:\/\/www.safinel.fr\/boutique\/\"},{\"@type\":\"ListItem\",\"position\":3,\"name\":\"Lait de chamelle en poudre 100g\"}]},{\"@type\":\"WebSite\",\"@id\":\"https:\/\/www.safinel.fr\/#website\",\"url\":\"https:\/\/www.safinel.fr\/\",\"name\":\"Safinel\",\"description\":\"\",\"publisher\":{\"@id\":\"https:\/\/www.safinel.fr\/#organization\"},\"potentialAction\":[{\"@type\":\"SearchAction\",\"target\":{\"@type\":\"EntryPoint\",\"urlTemplate\":\"https:\/\/www.safinel.fr\/?s={search_term_string}\"},\"query-input\":{\"@type\":\"PropertyValueSpecification\",\"valueRequired\":true,\"valueName\":\"search_term_string\"}}],\"inLanguage\":\"pt-PT\"},{\"@type\":\"Organization\",\"@id\":\"https:\/\/www.safinel.fr\/#organization\",\"name\":\"Safinel\",\"url\":\"https:\/\/www.safinel.fr\/\",\"logo\":{\"@type\":\"ImageObject\",\"inLanguage\":\"pt-PT\",\"@id\":\"https:\/\/www.safinel.fr\/#\/schema\/logo\/image\/\",\"url\":\"https:\/\/www.safinel.fr\/wp-content\/uploads\/2021\/05\/boutique-cosmetique.png\",\"contentUrl\":\"https:\/\/www.safinel.fr\/wp-content\/uploads\/2021\/05\/boutique-cosmetique.png\",\"width\":800,\"height\":200,\"caption\":\"Safinel\"},\"image\":{\"@id\":\"https:\/\/www.safinel.fr\/#\/schema\/logo\/image\/\"}}]}<\/script>\n<!-- \/ Yoast SEO plugin. -->","yoast_head_json":{"title":"Leite de camela em p\u00f3 I Bebida saud\u00e1vel I In\u00fameros benef\u00edcios","description":"Parte integrante da dieta dos bedu\u00ednos h\u00e1 anos, o leite de camela vem ganhando cada vez mais adeptos nos \u00faltimos anos.","robots":{"index":"index","follow":"follow","max-snippet":"max-snippet:-1","max-image-preview":"max-image-preview:large","max-video-preview":"max-video-preview:-1"},"canonical":"https:\/\/www.safinel.fr\/pt\/product-2\/leite-de-camela-em-po\/","og_locale":"pt_PT","og_type":"article","og_title":"Lait de chamelle en poudre I Boisson saine I Bienfaits nombreux","og_description":"Partie int\u00e9grante du r\u00e9gime des b\u00e9douins depuis des ann\u00e9es, le lait de chamelle fait depuis quelques ann\u00e9es de plus en plus d'adeptes.","og_url":"https:\/\/www.safinel.fr\/pt\/product-2\/leite-de-camela-em-po\/","og_site_name":"Safinel","article_modified_time":"2023-12-28T17:15:47+00:00","og_image":[{"width":600,"height":600,"url":"https:\/\/www.safinel.fr\/wp-content\/uploads\/2023\/02\/lait-de-chamelle-en-poudre.jpg","type":"image\/jpeg"}],"twitter_card":"summary_large_image","twitter_misc":{"Tempo estimado de leitura":"3 minutos"},"schema":{"@context":"https:\/\/schema.org","@graph":[{"@type":"WebPage","@id":"https:\/\/www.safinel.fr\/produit\/lait-de-chamelle-en-poudre\/","url":"https:\/\/www.safinel.fr\/produit\/lait-de-chamelle-en-poudre\/","name":"Leite de camela em p\u00f3 I Bebida saud\u00e1vel I In\u00fameros benef\u00edcios","isPartOf":{"@id":"https:\/\/www.safinel.fr\/#website"},"primaryImageOfPage":{"@id":"https:\/\/www.safinel.fr\/produit\/lait-de-chamelle-en-poudre\/#primaryimage"},"image":{"@id":"https:\/\/www.safinel.fr\/produit\/lait-de-chamelle-en-poudre\/#primaryimage"},"thumbnailUrl":"https:\/\/www.safinel.fr\/wp-content\/uploads\/2023\/02\/lait-de-chamelle-en-poudre.jpg","datePublished":"2023-02-15T09:30:38+00:00","dateModified":"2023-12-28T17:15:47+00:00","description":"Parte integrante da dieta dos bedu\u00ednos h\u00e1 anos, o leite de camela vem ganhando cada vez mais adeptos nos \u00faltimos anos.","breadcrumb":{"@id":"https:\/\/www.safinel.fr\/produit\/lait-de-chamelle-en-poudre\/#breadcrumb"},"inLanguage":"pt-PT","potentialAction":[{"@type":"ReadAction","target":["https:\/\/www.safinel.fr\/produit\/lait-de-chamelle-en-poudre\/"]}]},{"@type":"ImageObject","inLanguage":"pt-PT","@id":"https:\/\/www.safinel.fr\/produit\/lait-de-chamelle-en-poudre\/#primaryimage","url":"https:\/\/www.safinel.fr\/wp-content\/uploads\/2023\/02\/lait-de-chamelle-en-poudre.jpg","contentUrl":"https:\/\/www.safinel.fr\/wp-content\/uploads\/2023\/02\/lait-de-chamelle-en-poudre.jpg","width":600,"height":600,"caption":"lait de chamelle en poudre"},{"@type":"BreadcrumbList","@id":"https:\/\/www.safinel.fr\/produit\/lait-de-chamelle-en-poudre\/#breadcrumb","itemListElement":[{"@type":"ListItem","position":1,"name":"Accueil","item":"https:\/\/www.safinel.fr\/"},{"@type":"ListItem","position":2,"name":"Boutique","item":"https:\/\/www.safinel.fr\/boutique\/"},{"@type":"ListItem","position":3,"name":"Lait de chamelle en poudre 100g"}]},{"@type":"WebSite","@id":"https:\/\/www.safinel.fr\/#website","url":"https:\/\/www.safinel.fr\/","name":"Safinel","description":"","publisher":{"@id":"https:\/\/www.safinel.fr\/#organization"},"potentialAction":[{"@type":"SearchAction","target":{"@type":"EntryPoint","urlTemplate":"https:\/\/www.safinel.fr\/?s={search_term_string}"},"query-input":{"@type":"PropertyValueSpecification","valueRequired":true,"valueName":"search_term_string"}}],"inLanguage":"pt-PT"},{"@type":"Organization","@id":"https:\/\/www.safinel.fr\/#organization","name":"Safinel","url":"https:\/\/www.safinel.fr\/","logo":{"@type":"ImageObject","inLanguage":"pt-PT","@id":"https:\/\/www.safinel.fr\/#\/schema\/logo\/image\/","url":"https:\/\/www.safinel.fr\/wp-content\/uploads\/2021\/05\/boutique-cosmetique.png","contentUrl":"https:\/\/www.safinel.fr\/wp-content\/uploads\/2021\/05\/boutique-cosmetique.png","width":800,"height":200,"caption":"Safinel"},"image":{"@id":"https:\/\/www.safinel.fr\/#\/schema\/logo\/image\/"}}]}},"_links":{"self":[{"href":"https:\/\/www.safinel.fr\/pt\/wp-json\/wp\/v2\/product\/4621","targetHints":{"allow":["GET"]}}],"collection":[{"href":"https:\/\/www.safinel.fr\/pt\/wp-json\/wp\/v2\/product"}],"about":[{"href":"https:\/\/www.safinel.fr\/pt\/wp-json\/wp\/v2\/types\/product"}],"wp:featuredmedia":[{"embeddable":true,"href":"https:\/\/www.safinel.fr\/pt\/wp-json\/wp\/v2\/media\/4622"}],"wp:attachment":[{"href":"https:\/\/www.safinel.fr\/pt\/wp-json\/wp\/v2\/media?parent=4621"}],"wp:term":[{"taxonomy":"product_brand","embeddable":true,"href":"https:\/\/www.safinel.fr\/pt\/wp-json\/wp\/v2\/product_brand?post=4621"},{"taxonomy":"product_cat","embeddable":true,"href":"https:\/\/www.safinel.fr\/pt\/wp-json\/wp\/v2\/product_cat?post=4621"},{"taxonomy":"product_tag","embeddable":true,"href":"https:\/\/www.safinel.fr\/pt\/wp-json\/wp\/v2\/product_tag?post=4621"}],"curies":[{"name":"wp","href":"https:\/\/api.w.org\/{rel}","templated":true}]}}