{"id":4617,"date":"2023-02-14T19:34:56","date_gmt":"2023-02-14T19:34:56","guid":{"rendered":"https:\/\/www.safinel.fr\/?post_type=product&#038;p=4617"},"modified":"2023-12-28T17:15:47","modified_gmt":"2023-12-28T17:15:47","slug":"oleo-de-ortiga","status":"publish","type":"product","link":"https:\/\/www.safinel.fr\/pt\/product-2\/oleo-de-ortiga\/","title":{"rendered":"\u00d3leo de urtiga 30 ml"},"content":{"rendered":"<p><strong>\u00d3leo de urtiga\u00a0<\/strong>chega \u00e0 nossa loja online de bem-estar, e avisamos: ela tem personalidade. Conhecida por ser uma planta da qual \u00e9 melhor evitar aproximar-se, esta<strong>\u00a0macerado oleoso<\/strong>\u00a0\u00e9, no entanto, o cosm\u00e9tico que deve ter! E isso por v\u00e1rias raz\u00f5es... vamos contar-lhe mais.<\/p>\n<h2><strong>\u00d3leo de urtiga: um aliado que tem um toque picante!\u00a0<\/strong><\/h2>\n<p>O \u00f3leo de urtiga \u00e9 produzido a partir das folhas frescas da urtiga. As folhas s\u00e3o cozidas a vapor ou maceradas em \u00f3leo vegetal. A macera\u00e7\u00e3o \u00e9 ent\u00e3o filtrada para obter o precioso elixir.<\/p>\n<h2><strong>Os componentes deste \u00f3leo vegetal<\/strong><\/h2>\n<p>O \u00f3leo de urtiga cont\u00e9m v\u00e1rios componentes ben\u00e9ficos para a sa\u00fade. Os principais ingredientes ativos s\u00e3o os flavon\u00f3ides, taninos, saponinas, fen\u00f3is e alcal\u00f3ides. Juntos, atuam na redu\u00e7\u00e3o do stress oxidativo e da inflama\u00e7\u00e3o, bem como na regula\u00e7\u00e3o do sistema imunol\u00f3gico.<\/p>\n<h2><strong>Os benef\u00edcios do \u00f3leo de urtiga para a sa\u00fade<\/strong><\/h2>\n<p>O \u00f3leo de urtiga \u00e9 ben\u00e9fico para v\u00e1rios problemas de sa\u00fade. Aqui est\u00e3o alguns dos benef\u00edcios que ele pode trazer:<\/p>\n<ul>\n<li>Al\u00edvio de dores de cabe\u00e7a e enxaquecas<\/li>\n<li>Redu\u00e7\u00e3o das inflama\u00e7\u00f5es<\/li>\n<li>Contra dores nas articula\u00e7\u00f5es e <a href=\"https:\/\/www.safinel.fr\/pt\/product-2\/gordura-de-camelo\/\"><strong>musculares<\/strong><\/a><\/li>\n<li>Melhoria da imunidade<\/li>\n<li>Regula\u00e7\u00e3o dos n\u00edveis de a\u00e7\u00facar no sangue<\/li>\n<li>Redu\u00e7\u00e3o dos sintomas da gota<\/li>\n<li>\u00datil no tratamento e na melhoria da sa\u00fade da pele<\/li>\n<li>Rica em \u00e1cidos gordos poliinsaturados e vitaminas A, C e E, \u00e9 frequentemente utilizada pelas suas propriedades antioxidantes.<\/li>\n<li>Conhecida por ser um excelente rem\u00e9dio natural contra dores articulares e musculares, problemas de pele e doen\u00e7as respirat\u00f3rias.<\/li>\n<li>Por fim, \u00e9 um rem\u00e9dio natural muito poderoso que pode ser usado para diversos fins terap\u00eauticos.<\/li>\n<\/ul>\n<p>A utiliza\u00e7\u00e3o deste\u00a0<strong>produto natural<\/strong>\u00a0\u00e9 segura e pode ser um\u00a0<strong>complemento<\/strong>\u00a0muito eficaz para dores comuns e doen\u00e7as cr\u00f3nicas.<\/p>\n<h3><strong>As nossas recomenda\u00e7\u00f5es de utiliza\u00e7\u00e3o\u00a0<\/strong><\/h3>\n<p>Este rem\u00e9dio natural \u00e9 muito eficaz para aliviar v\u00e1rias dores e males.<\/p>\n<p>Para utiliz\u00e1-lo, pode aplicar o \u00f3leo diretamente na \u00e1rea a tratar com um cotonete. Al\u00e9m disso, pode colocar algumas gotas num cataplasma e aplic\u00e1-lo na \u00e1rea dolorida.<\/p>\n<p>Por fim, pode adicionar algumas gotas de \u00f3leo de urtiga \u00e0 \u00e1gua do banho para aliviar dores musculares e articulares.<\/p>\n<p><strong>Certifique-se de respeitar sempre as dosagens recomendadas para evitar qualquer risco de irrita\u00e7\u00e3o ou alergia.<\/strong><\/p>","protected":false},"excerpt":{"rendered":"<p>O \u00f3leo de urtiga faz a sua estreia na nossa loja online de bem-estar, e devo avis\u00e1-lo: tem car\u00e1cter. Conhecida como uma planta a evitar, este macerado oleoso \u00e9, no entanto, um cosm\u00e9tico a ter! E h\u00e1 muitas raz\u00f5es para isso... j\u00e1 lhe dizemos mais. \u00d3leo de urtiga: um aliado que [...]","protected":false},"featured_media":4618,"template":"","meta":[],"product_brand":[],"product_cat":[122],"product_tag":[],"class_list":{"0":"post-4617","1":"product","2":"type-product","3":"status-publish","4":"has-post-thumbnail","6":"product_cat-huile-vegetale","8":"first","9":"instock","10":"shipping-taxable","11":"purchasable","12":"product-type-simple"},"yoast_head":"<!-- This site is optimized with the Yoast SEO plugin v26.6 - https:\/\/yoast.com\/wordpress\/plugins\/seo\/ -->\n<title>Huile d&#039;ortie 30ml I Huile bio I Bienfaits nombreux<\/title>\n<meta name=\"description\" content=\"L\u2019huile d\u2019ortie\u00a0fait son entr\u00e9e sur notre boutique bien-\u00eatre en ligne, et autant vous pr\u00e9venir : elle a du caract\u00e8re. Adoptez-l\u00e0 !\" \/>\n<meta name=\"robots\" content=\"index, follow, max-snippet:-1, max-image-preview:large, max-video-preview:-1\" \/>\n<link rel=\"canonical\" href=\"https:\/\/www.safinel.fr\/pt\/product-2\/oleo-de-ortiga\/\" \/>\n<meta property=\"og:locale\" content=\"pt_PT\" \/>\n<meta property=\"og:type\" content=\"article\" \/>\n<meta property=\"og:title\" content=\"Huile d&#039;ortie 30ml I Huile bio I Bienfaits nombreux\" \/>\n<meta property=\"og:description\" content=\"L\u2019huile d\u2019ortie\u00a0fait son entr\u00e9e sur notre boutique bien-\u00eatre en ligne, et autant vous pr\u00e9venir : elle a du caract\u00e8re. Adoptez-l\u00e0 !\" \/>\n<meta property=\"og:url\" content=\"https:\/\/www.safinel.fr\/pt\/product-2\/oleo-de-ortiga\/\" \/>\n<meta property=\"og:site_name\" content=\"Safinel\" \/>\n<meta property=\"article:modified_time\" content=\"2023-12-28T17:15:47+00:00\" \/>\n<meta property=\"og:image\" content=\"https:\/\/www.safinel.fr\/wp-content\/uploads\/2023\/02\/huile-dortie.jpg\" \/>\n\t<meta property=\"og:image:width\" content=\"600\" \/>\n\t<meta property=\"og:image:height\" content=\"600\" \/>\n\t<meta property=\"og:image:type\" content=\"image\/jpeg\" \/>\n<meta name=\"twitter:card\" content=\"summary_large_image\" \/>\n<meta name=\"twitter:label1\" content=\"Tempo estimado de leitura\" \/>\n\t<meta name=\"twitter:data1\" content=\"2 minutos\" \/>\n<script type=\"application\/ld+json\" class=\"yoast-schema-graph\">{\"@context\":\"https:\/\/schema.org\",\"@graph\":[{\"@type\":\"WebPage\",\"@id\":\"https:\/\/www.safinel.fr\/produit\/huile-dortie\/\",\"url\":\"https:\/\/www.safinel.fr\/produit\/huile-dortie\/\",\"name\":\"Huile d'ortie 30ml I Huile bio I Bienfaits nombreux\",\"isPartOf\":{\"@id\":\"https:\/\/www.safinel.fr\/#website\"},\"primaryImageOfPage\":{\"@id\":\"https:\/\/www.safinel.fr\/produit\/huile-dortie\/#primaryimage\"},\"image\":{\"@id\":\"https:\/\/www.safinel.fr\/produit\/huile-dortie\/#primaryimage\"},\"thumbnailUrl\":\"https:\/\/www.safinel.fr\/wp-content\/uploads\/2023\/02\/huile-dortie.jpg\",\"datePublished\":\"2023-02-14T19:34:56+00:00\",\"dateModified\":\"2023-12-28T17:15:47+00:00\",\"description\":\"L\u2019huile d\u2019ortie\u00a0fait son entr\u00e9e sur notre boutique bien-\u00eatre en ligne, et autant vous pr\u00e9venir : elle a du caract\u00e8re. Adoptez-l\u00e0 !\",\"breadcrumb\":{\"@id\":\"https:\/\/www.safinel.fr\/produit\/huile-dortie\/#breadcrumb\"},\"inLanguage\":\"pt-PT\",\"potentialAction\":[{\"@type\":\"ReadAction\",\"target\":[\"https:\/\/www.safinel.fr\/produit\/huile-dortie\/\"]}]},{\"@type\":\"ImageObject\",\"inLanguage\":\"pt-PT\",\"@id\":\"https:\/\/www.safinel.fr\/produit\/huile-dortie\/#primaryimage\",\"url\":\"https:\/\/www.safinel.fr\/wp-content\/uploads\/2023\/02\/huile-dortie.jpg\",\"contentUrl\":\"https:\/\/www.safinel.fr\/wp-content\/uploads\/2023\/02\/huile-dortie.jpg\",\"width\":600,\"height\":600,\"caption\":\"huile d'ortie\"},{\"@type\":\"BreadcrumbList\",\"@id\":\"https:\/\/www.safinel.fr\/produit\/huile-dortie\/#breadcrumb\",\"itemListElement\":[{\"@type\":\"ListItem\",\"position\":1,\"name\":\"Accueil\",\"item\":\"https:\/\/www.safinel.fr\/\"},{\"@type\":\"ListItem\",\"position\":2,\"name\":\"Boutique\",\"item\":\"https:\/\/www.safinel.fr\/boutique\/\"},{\"@type\":\"ListItem\",\"position\":3,\"name\":\"Huile d&#8217;ortie 30ml\"}]},{\"@type\":\"WebSite\",\"@id\":\"https:\/\/www.safinel.fr\/#website\",\"url\":\"https:\/\/www.safinel.fr\/\",\"name\":\"Safinel\",\"description\":\"\",\"publisher\":{\"@id\":\"https:\/\/www.safinel.fr\/#organization\"},\"potentialAction\":[{\"@type\":\"SearchAction\",\"target\":{\"@type\":\"EntryPoint\",\"urlTemplate\":\"https:\/\/www.safinel.fr\/?s={search_term_string}\"},\"query-input\":{\"@type\":\"PropertyValueSpecification\",\"valueRequired\":true,\"valueName\":\"search_term_string\"}}],\"inLanguage\":\"pt-PT\"},{\"@type\":\"Organization\",\"@id\":\"https:\/\/www.safinel.fr\/#organization\",\"name\":\"Safinel\",\"url\":\"https:\/\/www.safinel.fr\/\",\"logo\":{\"@type\":\"ImageObject\",\"inLanguage\":\"pt-PT\",\"@id\":\"https:\/\/www.safinel.fr\/#\/schema\/logo\/image\/\",\"url\":\"https:\/\/www.safinel.fr\/wp-content\/uploads\/2021\/05\/boutique-cosmetique.png\",\"contentUrl\":\"https:\/\/www.safinel.fr\/wp-content\/uploads\/2021\/05\/boutique-cosmetique.png\",\"width\":800,\"height\":200,\"caption\":\"Safinel\"},\"image\":{\"@id\":\"https:\/\/www.safinel.fr\/#\/schema\/logo\/image\/\"}}]}<\/script>\n<!-- \/ Yoast SEO plugin. -->","yoast_head_json":{"title":"\u00d3leo de urtiga 30 ml I \u00d3leo biol\u00f3gico I In\u00fameros benef\u00edcios","description":"O \u00f3leo de urtiga chega \u00e0 nossa loja online de bem-estar, e avisamos: ele tem personalidade. Adote-o!","robots":{"index":"index","follow":"follow","max-snippet":"max-snippet:-1","max-image-preview":"max-image-preview:large","max-video-preview":"max-video-preview:-1"},"canonical":"https:\/\/www.safinel.fr\/pt\/product-2\/oleo-de-ortiga\/","og_locale":"pt_PT","og_type":"article","og_title":"Huile d'ortie 30ml I Huile bio I Bienfaits nombreux","og_description":"L\u2019huile d\u2019ortie\u00a0fait son entr\u00e9e sur notre boutique bien-\u00eatre en ligne, et autant vous pr\u00e9venir : elle a du caract\u00e8re. Adoptez-l\u00e0 !","og_url":"https:\/\/www.safinel.fr\/pt\/product-2\/oleo-de-ortiga\/","og_site_name":"Safinel","article_modified_time":"2023-12-28T17:15:47+00:00","og_image":[{"width":600,"height":600,"url":"https:\/\/www.safinel.fr\/wp-content\/uploads\/2023\/02\/huile-dortie.jpg","type":"image\/jpeg"}],"twitter_card":"summary_large_image","twitter_misc":{"Tempo estimado de leitura":"2 minutos"},"schema":{"@context":"https:\/\/schema.org","@graph":[{"@type":"WebPage","@id":"https:\/\/www.safinel.fr\/produit\/huile-dortie\/","url":"https:\/\/www.safinel.fr\/produit\/huile-dortie\/","name":"\u00d3leo de urtiga 30 ml I \u00d3leo biol\u00f3gico I In\u00fameros benef\u00edcios","isPartOf":{"@id":"https:\/\/www.safinel.fr\/#website"},"primaryImageOfPage":{"@id":"https:\/\/www.safinel.fr\/produit\/huile-dortie\/#primaryimage"},"image":{"@id":"https:\/\/www.safinel.fr\/produit\/huile-dortie\/#primaryimage"},"thumbnailUrl":"https:\/\/www.safinel.fr\/wp-content\/uploads\/2023\/02\/huile-dortie.jpg","datePublished":"2023-02-14T19:34:56+00:00","dateModified":"2023-12-28T17:15:47+00:00","description":"O \u00f3leo de urtiga chega \u00e0 nossa loja online de bem-estar, e avisamos: ele tem personalidade. Adote-o!","breadcrumb":{"@id":"https:\/\/www.safinel.fr\/produit\/huile-dortie\/#breadcrumb"},"inLanguage":"pt-PT","potentialAction":[{"@type":"ReadAction","target":["https:\/\/www.safinel.fr\/produit\/huile-dortie\/"]}]},{"@type":"ImageObject","inLanguage":"pt-PT","@id":"https:\/\/www.safinel.fr\/produit\/huile-dortie\/#primaryimage","url":"https:\/\/www.safinel.fr\/wp-content\/uploads\/2023\/02\/huile-dortie.jpg","contentUrl":"https:\/\/www.safinel.fr\/wp-content\/uploads\/2023\/02\/huile-dortie.jpg","width":600,"height":600,"caption":"huile d'ortie"},{"@type":"BreadcrumbList","@id":"https:\/\/www.safinel.fr\/produit\/huile-dortie\/#breadcrumb","itemListElement":[{"@type":"ListItem","position":1,"name":"Accueil","item":"https:\/\/www.safinel.fr\/"},{"@type":"ListItem","position":2,"name":"Boutique","item":"https:\/\/www.safinel.fr\/boutique\/"},{"@type":"ListItem","position":3,"name":"Huile d&#8217;ortie 30ml"}]},{"@type":"WebSite","@id":"https:\/\/www.safinel.fr\/#website","url":"https:\/\/www.safinel.fr\/","name":"Safinel","description":"","publisher":{"@id":"https:\/\/www.safinel.fr\/#organization"},"potentialAction":[{"@type":"SearchAction","target":{"@type":"EntryPoint","urlTemplate":"https:\/\/www.safinel.fr\/?s={search_term_string}"},"query-input":{"@type":"PropertyValueSpecification","valueRequired":true,"valueName":"search_term_string"}}],"inLanguage":"pt-PT"},{"@type":"Organization","@id":"https:\/\/www.safinel.fr\/#organization","name":"Safinel","url":"https:\/\/www.safinel.fr\/","logo":{"@type":"ImageObject","inLanguage":"pt-PT","@id":"https:\/\/www.safinel.fr\/#\/schema\/logo\/image\/","url":"https:\/\/www.safinel.fr\/wp-content\/uploads\/2021\/05\/boutique-cosmetique.png","contentUrl":"https:\/\/www.safinel.fr\/wp-content\/uploads\/2021\/05\/boutique-cosmetique.png","width":800,"height":200,"caption":"Safinel"},"image":{"@id":"https:\/\/www.safinel.fr\/#\/schema\/logo\/image\/"}}]}},"_links":{"self":[{"href":"https:\/\/www.safinel.fr\/pt\/wp-json\/wp\/v2\/product\/4617","targetHints":{"allow":["GET"]}}],"collection":[{"href":"https:\/\/www.safinel.fr\/pt\/wp-json\/wp\/v2\/product"}],"about":[{"href":"https:\/\/www.safinel.fr\/pt\/wp-json\/wp\/v2\/types\/product"}],"wp:featuredmedia":[{"embeddable":true,"href":"https:\/\/www.safinel.fr\/pt\/wp-json\/wp\/v2\/media\/4618"}],"wp:attachment":[{"href":"https:\/\/www.safinel.fr\/pt\/wp-json\/wp\/v2\/media?parent=4617"}],"wp:term":[{"taxonomy":"product_brand","embeddable":true,"href":"https:\/\/www.safinel.fr\/pt\/wp-json\/wp\/v2\/product_brand?post=4617"},{"taxonomy":"product_cat","embeddable":true,"href":"https:\/\/www.safinel.fr\/pt\/wp-json\/wp\/v2\/product_cat?post=4617"},{"taxonomy":"product_tag","embeddable":true,"href":"https:\/\/www.safinel.fr\/pt\/wp-json\/wp\/v2\/product_tag?post=4617"}],"curies":[{"name":"wp","href":"https:\/\/api.w.org\/{rel}","templated":true}]}}