{"id":4606,"date":"2023-02-13T11:18:11","date_gmt":"2023-02-13T11:18:11","guid":{"rendered":"https:\/\/www.safinel.fr\/?post_type=product&#038;p=4606"},"modified":"2024-11-07T15:26:50","modified_gmt":"2024-11-07T15:26:50","slug":"dragao-do-poder-dos-doces","status":"publish","type":"product","link":"https:\/\/www.safinel.fr\/pt\/product-2\/dragao-do-poder-dos-doces\/","title":{"rendered":"Candy power dragon (Doce afrodis\u00edaco)"},"content":{"rendered":"<p>Se deseja experimentar uma nova iguaria que despertar\u00e1 as suas habilidades sexuais,\u00a0<strong>Safinel\u00a0<\/strong>convida-o a descobrir o doce\u00a0<strong>Candy Power Dragon.<\/strong><\/p>\n<p>Coloque-o no bolso para estar pronto onde quer que esteja.<\/p>\n<h2><strong>Candy power dragon, o doce que resolve a queda da ere\u00e7\u00e3o<\/strong><\/h2>\n<p>A loja\u00a0<strong>Safinel,\u00a0<\/strong>fez quest\u00e3o de vir em socorro desses senhores com falta de pot\u00eancia e energia sexual.<\/p>\n<p>Essa frustra\u00e7\u00e3o tem uma solu\u00e7\u00e3o.<\/p>\n<p>Este n\u00e3o \u00e9 outro sen\u00e3o o famoso doce afrodis\u00edaco.\u00a0<strong>Candy Power Dragon<\/strong>.<\/p>\n<p>Um concentrado natural de ingredientes ativos afrodis\u00edacos.<\/p>\n<p>Estes ir\u00e3o, sem d\u00favida, ajud\u00e1-lo a aumentar a sua energia e vitalidade. Mas tamb\u00e9m a promover a sua atividade sexual, resolvendo os seus problemas de ere\u00e7\u00e3o.<\/p>\n<p>Ele ir\u00e1, de facto, ajudar a combater a impot\u00eancia em alguns casos, mas tamb\u00e9m permitir-lhe controlar os problemas de ejacula\u00e7\u00e3o precoce que alguns podem sofrer.<\/p>\n<p>Por fim, gra\u00e7as \u00e0 sua f\u00f3rmula natural, ter\u00e1 uma recupera\u00e7\u00e3o mais r\u00e1pida ap\u00f3s o orgasmo, o que lhe permitir\u00e1 recome\u00e7ar sem deixar a sua parceira insatisfeita.<\/p>\n<h2><strong>O Candy Power Dragon, um afrodis\u00edaco discreto<\/strong><\/h2>\n<p>\u00c9 certo que este pequeno doce afrodis\u00edaco ir\u00e1 satisfazer mais do que uma pessoa.<\/p>\n<p>Ali\u00e1s, ele vem diretamente da Mal\u00e1sia e \u00e9 concebido na forma de um rebu\u00e7ado para chupar.<\/p>\n<p>Al\u00e9m disso, \u00e9 muito discreto, \u00e9 um concentrado de ingredientes naturais conhecidos pelos seus efeitos afrodis\u00edacos. Coloque-o no bolso ou na bolsa e estar\u00e1 pronto a qualquer momento.<\/p>\n<h3><strong>Vis\u00e3o geral da composi\u00e7\u00e3o<\/strong><\/h3>\n<ul>\n<li>De\u00a0<strong>Mel puro,<\/strong><\/li>\n<li>De<strong>\u00a0<a href=\"https:\/\/www.safinel.fr\/pt\/product-2\/tongkat-ali\/\">Tongkat Ali<\/a>,\u00a0<\/strong>que tamb\u00e9m pode encontrar em p\u00f3 na loja.<\/li>\n<li>Mas tamb\u00e9m do\u00a0<strong>Ginseng,<\/strong><\/li>\n<li>Bem como do\u00a0<strong>Caf\u00e9,<\/strong><\/li>\n<li>De\u00a0<strong>Caramelo,<\/strong><\/li>\n<li>E, finalmente, um\u00a0<strong>Misturas de ervas.<\/strong><\/li>\n<\/ul>\n<p>Para terminar, O\u00a0<strong>Candy Power Dragon<\/strong>\u00a0deve ser tomado pelo menos 2\/3 horas antes da rela\u00e7\u00e3o sexual.<\/p>\n<p>N\u00e3o \u00e9 preciso lembr\u00e1-lo de se hidratar bem. Certamente ter\u00e1 uma energia incr\u00edvel que precisar\u00e1 gastar depois de terminar a sua guloseima.<\/p>","protected":false},"excerpt":{"rendered":"<p><img decoding=\"async\" class=\"size-full wp-image-5091 aligncenter\" src=\"https:\/\/www.safinel.fr\/wp-content\/uploads\/2021\/06\/BANNIERE-ICONE-SAFINEL.webp\" alt=\"resseguro satinado\" width=\"800\" height=\"200\" srcset=\"https:\/\/www.safinel.fr\/wp-content\/uploads\/2021\/06\/BANNIERE-ICONE-SAFINEL.webp 800w, https:\/\/www.safinel.fr\/wp-content\/uploads\/2021\/06\/BANNIERE-ICONE-SAFINEL-600x150.webp 600w, https:\/\/www.safinel.fr\/wp-content\/uploads\/2021\/06\/BANNIERE-ICONE-SAFINEL-768x192.webp 768w\" sizes=\"(max-width: 800px) 100vw, 800px\" \/><\/p>","protected":false},"featured_media":4603,"template":"","meta":[],"product_brand":[],"product_cat":[102],"product_tag":[],"class_list":{"0":"post-4606","1":"product","2":"type-product","3":"status-publish","4":"has-post-thumbnail","6":"product_cat-bonbon-aphrodisiaque","8":"first","9":"outofstock","10":"shipping-taxable","11":"purchasable","12":"product-type-variable"},"yoast_head":"<!-- This site is optimized with the Yoast SEO plugin v26.6 - https:\/\/yoast.com\/wordpress\/plugins\/seo\/ -->\n<title>Candy power dragon I Bonbon aphrodisiaque I Stimule la libido<\/title>\n<meta name=\"description\" content=\"Si vous avez envie d\u2019essayer une nouvelle gourmandise qui r\u00e9veillera vos comp\u00e9tences sexuelles,\u00a0d\u00e9couvrez le bonbon\u00a0Candy power dragon.\" \/>\n<meta name=\"robots\" content=\"index, follow, max-snippet:-1, max-image-preview:large, max-video-preview:-1\" \/>\n<link rel=\"canonical\" href=\"https:\/\/www.safinel.fr\/pt\/product-2\/dragao-do-poder-dos-doces\/\" \/>\n<meta property=\"og:locale\" content=\"pt_PT\" \/>\n<meta property=\"og:type\" content=\"article\" \/>\n<meta property=\"og:title\" content=\"Candy power dragon I Bonbon aphrodisiaque I Stimule la libido\" \/>\n<meta property=\"og:description\" content=\"Si vous avez envie d\u2019essayer une nouvelle gourmandise qui r\u00e9veillera vos comp\u00e9tences sexuelles,\u00a0d\u00e9couvrez le bonbon\u00a0Candy power dragon.\" \/>\n<meta property=\"og:url\" content=\"https:\/\/www.safinel.fr\/pt\/product-2\/dragao-do-poder-dos-doces\/\" \/>\n<meta property=\"og:site_name\" content=\"Safinel\" \/>\n<meta property=\"article:modified_time\" content=\"2024-11-07T15:26:50+00:00\" \/>\n<meta property=\"og:image\" content=\"https:\/\/www.safinel.fr\/wp-content\/uploads\/2023\/02\/candy-power-dragon.jpg\" \/>\n\t<meta property=\"og:image:width\" content=\"600\" \/>\n\t<meta property=\"og:image:height\" content=\"600\" \/>\n\t<meta property=\"og:image:type\" content=\"image\/jpeg\" \/>\n<meta name=\"twitter:card\" content=\"summary_large_image\" \/>\n<meta name=\"twitter:label1\" content=\"Tempo estimado de leitura\" \/>\n\t<meta name=\"twitter:data1\" content=\"2 minutos\" \/>\n<script type=\"application\/ld+json\" class=\"yoast-schema-graph\">{\"@context\":\"https:\/\/schema.org\",\"@graph\":[{\"@type\":\"WebPage\",\"@id\":\"https:\/\/www.safinel.fr\/produit\/candy-power-dragon\/\",\"url\":\"https:\/\/www.safinel.fr\/produit\/candy-power-dragon\/\",\"name\":\"Candy power dragon I Bonbon aphrodisiaque I Stimule la libido\",\"isPartOf\":{\"@id\":\"https:\/\/www.safinel.fr\/#website\"},\"primaryImageOfPage\":{\"@id\":\"https:\/\/www.safinel.fr\/produit\/candy-power-dragon\/#primaryimage\"},\"image\":{\"@id\":\"https:\/\/www.safinel.fr\/produit\/candy-power-dragon\/#primaryimage\"},\"thumbnailUrl\":\"https:\/\/www.safinel.fr\/wp-content\/uploads\/2023\/02\/candy-power-dragon.jpg\",\"datePublished\":\"2023-02-13T11:18:11+00:00\",\"dateModified\":\"2024-11-07T15:26:50+00:00\",\"description\":\"Si vous avez envie d\u2019essayer une nouvelle gourmandise qui r\u00e9veillera vos comp\u00e9tences sexuelles,\u00a0d\u00e9couvrez le bonbon\u00a0Candy power dragon.\",\"breadcrumb\":{\"@id\":\"https:\/\/www.safinel.fr\/produit\/candy-power-dragon\/#breadcrumb\"},\"inLanguage\":\"pt-PT\",\"potentialAction\":[{\"@type\":\"ReadAction\",\"target\":[\"https:\/\/www.safinel.fr\/produit\/candy-power-dragon\/\"]}]},{\"@type\":\"ImageObject\",\"inLanguage\":\"pt-PT\",\"@id\":\"https:\/\/www.safinel.fr\/produit\/candy-power-dragon\/#primaryimage\",\"url\":\"https:\/\/www.safinel.fr\/wp-content\/uploads\/2023\/02\/candy-power-dragon.jpg\",\"contentUrl\":\"https:\/\/www.safinel.fr\/wp-content\/uploads\/2023\/02\/candy-power-dragon.jpg\",\"width\":600,\"height\":600,\"caption\":\"Candy power dragon (Bonbon aphrodisiaque)\"},{\"@type\":\"BreadcrumbList\",\"@id\":\"https:\/\/www.safinel.fr\/produit\/candy-power-dragon\/#breadcrumb\",\"itemListElement\":[{\"@type\":\"ListItem\",\"position\":1,\"name\":\"Accueil\",\"item\":\"https:\/\/www.safinel.fr\/\"},{\"@type\":\"ListItem\",\"position\":2,\"name\":\"Boutique\",\"item\":\"https:\/\/www.safinel.fr\/boutique\/\"},{\"@type\":\"ListItem\",\"position\":3,\"name\":\"Candy power dragon (Bonbon aphrodisiaque)\"}]},{\"@type\":\"WebSite\",\"@id\":\"https:\/\/www.safinel.fr\/#website\",\"url\":\"https:\/\/www.safinel.fr\/\",\"name\":\"Safinel\",\"description\":\"\",\"publisher\":{\"@id\":\"https:\/\/www.safinel.fr\/#organization\"},\"potentialAction\":[{\"@type\":\"SearchAction\",\"target\":{\"@type\":\"EntryPoint\",\"urlTemplate\":\"https:\/\/www.safinel.fr\/?s={search_term_string}\"},\"query-input\":{\"@type\":\"PropertyValueSpecification\",\"valueRequired\":true,\"valueName\":\"search_term_string\"}}],\"inLanguage\":\"pt-PT\"},{\"@type\":\"Organization\",\"@id\":\"https:\/\/www.safinel.fr\/#organization\",\"name\":\"Safinel\",\"url\":\"https:\/\/www.safinel.fr\/\",\"logo\":{\"@type\":\"ImageObject\",\"inLanguage\":\"pt-PT\",\"@id\":\"https:\/\/www.safinel.fr\/#\/schema\/logo\/image\/\",\"url\":\"https:\/\/www.safinel.fr\/wp-content\/uploads\/2021\/05\/boutique-cosmetique.png\",\"contentUrl\":\"https:\/\/www.safinel.fr\/wp-content\/uploads\/2021\/05\/boutique-cosmetique.png\",\"width\":800,\"height\":200,\"caption\":\"Safinel\"},\"image\":{\"@id\":\"https:\/\/www.safinel.fr\/#\/schema\/logo\/image\/\"}}]}<\/script>\n<!-- \/ Yoast SEO plugin. -->","yoast_head_json":{"title":"Candy power dragon I Doce afrodis\u00edaco I Estimula a libido","description":"Se quiser experimentar uma nova guloseima que vai despertar as suas habilidades sexuais, descubra o doce Candy power dragon.","robots":{"index":"index","follow":"follow","max-snippet":"max-snippet:-1","max-image-preview":"max-image-preview:large","max-video-preview":"max-video-preview:-1"},"canonical":"https:\/\/www.safinel.fr\/pt\/product-2\/dragao-do-poder-dos-doces\/","og_locale":"pt_PT","og_type":"article","og_title":"Candy power dragon I Bonbon aphrodisiaque I Stimule la libido","og_description":"Si vous avez envie d\u2019essayer une nouvelle gourmandise qui r\u00e9veillera vos comp\u00e9tences sexuelles,\u00a0d\u00e9couvrez le bonbon\u00a0Candy power dragon.","og_url":"https:\/\/www.safinel.fr\/pt\/product-2\/dragao-do-poder-dos-doces\/","og_site_name":"Safinel","article_modified_time":"2024-11-07T15:26:50+00:00","og_image":[{"width":600,"height":600,"url":"https:\/\/www.safinel.fr\/wp-content\/uploads\/2023\/02\/candy-power-dragon.jpg","type":"image\/jpeg"}],"twitter_card":"summary_large_image","twitter_misc":{"Tempo estimado de leitura":"2 minutos"},"schema":{"@context":"https:\/\/schema.org","@graph":[{"@type":"WebPage","@id":"https:\/\/www.safinel.fr\/produit\/candy-power-dragon\/","url":"https:\/\/www.safinel.fr\/produit\/candy-power-dragon\/","name":"Candy power dragon I Doce afrodis\u00edaco I Estimula a libido","isPartOf":{"@id":"https:\/\/www.safinel.fr\/#website"},"primaryImageOfPage":{"@id":"https:\/\/www.safinel.fr\/produit\/candy-power-dragon\/#primaryimage"},"image":{"@id":"https:\/\/www.safinel.fr\/produit\/candy-power-dragon\/#primaryimage"},"thumbnailUrl":"https:\/\/www.safinel.fr\/wp-content\/uploads\/2023\/02\/candy-power-dragon.jpg","datePublished":"2023-02-13T11:18:11+00:00","dateModified":"2024-11-07T15:26:50+00:00","description":"Se quiser experimentar uma nova guloseima que vai despertar as suas habilidades sexuais, descubra o doce Candy power dragon.","breadcrumb":{"@id":"https:\/\/www.safinel.fr\/produit\/candy-power-dragon\/#breadcrumb"},"inLanguage":"pt-PT","potentialAction":[{"@type":"ReadAction","target":["https:\/\/www.safinel.fr\/produit\/candy-power-dragon\/"]}]},{"@type":"ImageObject","inLanguage":"pt-PT","@id":"https:\/\/www.safinel.fr\/produit\/candy-power-dragon\/#primaryimage","url":"https:\/\/www.safinel.fr\/wp-content\/uploads\/2023\/02\/candy-power-dragon.jpg","contentUrl":"https:\/\/www.safinel.fr\/wp-content\/uploads\/2023\/02\/candy-power-dragon.jpg","width":600,"height":600,"caption":"Candy power dragon (Bonbon aphrodisiaque)"},{"@type":"BreadcrumbList","@id":"https:\/\/www.safinel.fr\/produit\/candy-power-dragon\/#breadcrumb","itemListElement":[{"@type":"ListItem","position":1,"name":"Accueil","item":"https:\/\/www.safinel.fr\/"},{"@type":"ListItem","position":2,"name":"Boutique","item":"https:\/\/www.safinel.fr\/boutique\/"},{"@type":"ListItem","position":3,"name":"Candy power dragon (Bonbon aphrodisiaque)"}]},{"@type":"WebSite","@id":"https:\/\/www.safinel.fr\/#website","url":"https:\/\/www.safinel.fr\/","name":"Safinel","description":"","publisher":{"@id":"https:\/\/www.safinel.fr\/#organization"},"potentialAction":[{"@type":"SearchAction","target":{"@type":"EntryPoint","urlTemplate":"https:\/\/www.safinel.fr\/?s={search_term_string}"},"query-input":{"@type":"PropertyValueSpecification","valueRequired":true,"valueName":"search_term_string"}}],"inLanguage":"pt-PT"},{"@type":"Organization","@id":"https:\/\/www.safinel.fr\/#organization","name":"Safinel","url":"https:\/\/www.safinel.fr\/","logo":{"@type":"ImageObject","inLanguage":"pt-PT","@id":"https:\/\/www.safinel.fr\/#\/schema\/logo\/image\/","url":"https:\/\/www.safinel.fr\/wp-content\/uploads\/2021\/05\/boutique-cosmetique.png","contentUrl":"https:\/\/www.safinel.fr\/wp-content\/uploads\/2021\/05\/boutique-cosmetique.png","width":800,"height":200,"caption":"Safinel"},"image":{"@id":"https:\/\/www.safinel.fr\/#\/schema\/logo\/image\/"}}]}},"_links":{"self":[{"href":"https:\/\/www.safinel.fr\/pt\/wp-json\/wp\/v2\/product\/4606","targetHints":{"allow":["GET"]}}],"collection":[{"href":"https:\/\/www.safinel.fr\/pt\/wp-json\/wp\/v2\/product"}],"about":[{"href":"https:\/\/www.safinel.fr\/pt\/wp-json\/wp\/v2\/types\/product"}],"wp:featuredmedia":[{"embeddable":true,"href":"https:\/\/www.safinel.fr\/pt\/wp-json\/wp\/v2\/media\/4603"}],"wp:attachment":[{"href":"https:\/\/www.safinel.fr\/pt\/wp-json\/wp\/v2\/media?parent=4606"}],"wp:term":[{"taxonomy":"product_brand","embeddable":true,"href":"https:\/\/www.safinel.fr\/pt\/wp-json\/wp\/v2\/product_brand?post=4606"},{"taxonomy":"product_cat","embeddable":true,"href":"https:\/\/www.safinel.fr\/pt\/wp-json\/wp\/v2\/product_cat?post=4606"},{"taxonomy":"product_tag","embeddable":true,"href":"https:\/\/www.safinel.fr\/pt\/wp-json\/wp\/v2\/product_tag?post=4606"}],"curies":[{"name":"wp","href":"https:\/\/api.w.org\/{rel}","templated":true}]}}