{"id":4601,"date":"2023-02-13T11:15:21","date_gmt":"2023-02-13T11:15:21","guid":{"rendered":"https:\/\/www.safinel.fr\/?post_type=product&#038;p=4601"},"modified":"2023-12-28T17:15:48","modified_gmt":"2023-12-28T17:15:48","slug":"doce-de-cavalo-preto","status":"publish","type":"product","link":"https:\/\/www.safinel.fr\/pt\/product-2\/doce-de-cavalo-preto\/","title":{"rendered":"Black horse candy (Doces afrodis\u00edacos)"},"content":{"rendered":"<p>Os\u00a0<strong>doces Black Horse Candy<\/strong>\u00a0s\u00e3o\u00a0<strong>doces<\/strong>\u00a0realmente diferentes das outras! Na verdade, se deseja apimentar um pouco a sua vida \u00edntima, estas guloseimas s\u00e3o feitas para si!<\/p>\n<h2><strong>Os doces Black Horse Candy: afrodis\u00edacos para todos os gostos\u00a0<\/strong><\/h2>\n<p>Os rebu\u00e7ados Black Horse Candy s\u00e3o suplementos que ajudam a melhorar a fertilidade, a circula\u00e7\u00e3o e o sistema imunit\u00e1rio. Mas tamb\u00e9m aumentam a energia sexual, o desejo e a libido. Esta caixa est\u00e1 dispon\u00edvel com 6 ou 12 rebu\u00e7ados \u00e0 sua escolha, conforme a sua necessidade.<\/p>\n<p>Os ingredientes destes\u00a0<strong>doces afrodis\u00edacos\u00a0<\/strong>Inclui: malte, a\u00e7\u00facar, caf\u00e9, rom\u00e3, extrato de ginseng, prote\u00ednas hidrolisadas, enzimas e polissacar\u00eddeos de Cynomorium songaricum da planta de ginseng.<\/p>\n<p>Quanto \u00e0 sua ingest\u00e3o, recomenda-se consumir uma pastilha a cada dois dias antes de dormir para sentir os seus efeitos na manh\u00e3 seguinte e come\u00e7ar o dia com energia. Dessa forma, estas\u00a0<strong>pastilhas estimulantes<\/strong>\u00a0s\u00e3o uma solu\u00e7\u00e3o para aumentar o prazer sexual e estimular o desejo.<\/p>\n<p>N\u00e3o hesite em descobrir tamb\u00e9m os\u00a0<strong><a href=\"https:\/\/www.safinel.fr\/pt\/product-2\/doce-afrodisiaco-de-manga\/\">Doces de manga<\/a>,<\/strong>\u00a0doces deliciosos e estimulantes. Ou ainda os\u00a0<strong><a href=\"https:\/\/www.safinel.fr\/pt\/product-2\/doce-afrodisiaco-lump-sugar\/\">A\u00e7\u00facar em peda\u00e7os<\/a> !\u00a0<\/strong><\/p>\n<h2><strong>Quais s\u00e3o os efeitos dos doces afrodis\u00edacos?<\/strong><\/h2>\n<p>Os rebu\u00e7ados Black Horse Candy s\u00e3o pequenos estimulantes deliciosos que atuam de forma eficaz:<\/p>\n<ul>\n<li>Eles melhorariam a circula\u00e7\u00e3o sangu\u00ednea<\/li>\n<li>Eles tamb\u00e9m s\u00e3o ben\u00e9ficos para o sistema imunol\u00f3gico em geral.<\/li>\n<li>Aliados musculares<\/li>\n<li>Permitem combater a ejacula\u00e7\u00e3o precoce<\/li>\n<li>Possuem propriedades ben\u00e9ficas para promover a fertilidade<\/li>\n<li>Melhoram o desempenho sexual<\/li>\n<li>Por fim, eles tamb\u00e9m podem ajudar a tratar certos problemas relacionados \u00e0 ejacula\u00e7\u00e3o precoce e aos n\u00edveis de energia ap\u00f3s a atividade sexual.<\/li>\n<\/ul>\n<h3><strong>Precau\u00e7\u00f5es\u00a0<\/strong><\/h3>\n<p>Sempre consulte o seu m\u00e9dico antes de consumir suplementos alimentares. Al\u00e9m disso, esses doces afrodis\u00edacos n\u00e3o devem ser consumidos por pessoas com problemas de press\u00e3o arterial ou card\u00edacos.<\/p>","protected":false},"excerpt":{"rendered":"<p>Os doces Black Horse Candy s\u00e3o doces verdadeiramente \u00fanicos! Se deseja apimentar um pouco a sua vida \u00edntima, estas guloseimas s\u00e3o feitas para si! Os doces Black Horse Candy: afrodis\u00edacos para todos os gostos  Os doces Black Horse Candy s\u00e3o suplementos que ajudam a melhorar a fertilidade, a circula\u00e7\u00e3o, [...]","protected":false},"featured_media":4602,"template":"","meta":[],"product_brand":[],"product_cat":[102],"product_tag":[],"class_list":{"0":"post-4601","1":"product","2":"type-product","3":"status-publish","4":"has-post-thumbnail","6":"product_cat-bonbon-aphrodisiaque","8":"first","9":"outofstock","10":"shipping-taxable","11":"purchasable","12":"product-type-variable"},"yoast_head":"<!-- This site is optimized with the Yoast SEO plugin v26.6 - https:\/\/yoast.com\/wordpress\/plugins\/seo\/ -->\n<title>Black horse candy I Bonbon aphrodisiaque I Achat s\u00e9curis\u00e9<\/title>\n<meta name=\"description\" content=\"Les\u00a0bonbons Black Horse Candy\u00a0sont des\u00a0sucreries\u00a0vraiment pas comme les autres ! Id\u00e9al pour pimenter un peu votre vie intime !\" \/>\n<meta name=\"robots\" content=\"index, follow, max-snippet:-1, max-image-preview:large, max-video-preview:-1\" \/>\n<link rel=\"canonical\" href=\"https:\/\/www.safinel.fr\/pt\/product-2\/doce-de-cavalo-preto\/\" \/>\n<meta property=\"og:locale\" content=\"pt_PT\" \/>\n<meta property=\"og:type\" content=\"article\" \/>\n<meta property=\"og:title\" content=\"Black horse candy I Bonbon aphrodisiaque I Achat s\u00e9curis\u00e9\" \/>\n<meta property=\"og:description\" content=\"Les\u00a0bonbons Black Horse Candy\u00a0sont des\u00a0sucreries\u00a0vraiment pas comme les autres ! Id\u00e9al pour pimenter un peu votre vie intime !\" \/>\n<meta property=\"og:url\" content=\"https:\/\/www.safinel.fr\/pt\/product-2\/doce-de-cavalo-preto\/\" \/>\n<meta property=\"og:site_name\" content=\"Safinel\" \/>\n<meta property=\"article:modified_time\" content=\"2023-12-28T17:15:48+00:00\" \/>\n<meta property=\"og:image\" content=\"https:\/\/www.safinel.fr\/wp-content\/uploads\/2023\/02\/black-horse-candy.jpg\" \/>\n\t<meta property=\"og:image:width\" content=\"600\" \/>\n\t<meta property=\"og:image:height\" content=\"600\" \/>\n\t<meta property=\"og:image:type\" content=\"image\/jpeg\" \/>\n<meta name=\"twitter:card\" content=\"summary_large_image\" \/>\n<meta name=\"twitter:label1\" content=\"Tempo estimado de leitura\" \/>\n\t<meta name=\"twitter:data1\" content=\"2 minutos\" \/>\n<script type=\"application\/ld+json\" class=\"yoast-schema-graph\">{\"@context\":\"https:\/\/schema.org\",\"@graph\":[{\"@type\":\"WebPage\",\"@id\":\"https:\/\/www.safinel.fr\/produit\/black-horse-candy\/\",\"url\":\"https:\/\/www.safinel.fr\/produit\/black-horse-candy\/\",\"name\":\"Black horse candy I Bonbon aphrodisiaque I Achat s\u00e9curis\u00e9\",\"isPartOf\":{\"@id\":\"https:\/\/www.safinel.fr\/#website\"},\"primaryImageOfPage\":{\"@id\":\"https:\/\/www.safinel.fr\/produit\/black-horse-candy\/#primaryimage\"},\"image\":{\"@id\":\"https:\/\/www.safinel.fr\/produit\/black-horse-candy\/#primaryimage\"},\"thumbnailUrl\":\"https:\/\/www.safinel.fr\/wp-content\/uploads\/2023\/02\/black-horse-candy.jpg\",\"datePublished\":\"2023-02-13T11:15:21+00:00\",\"dateModified\":\"2023-12-28T17:15:48+00:00\",\"description\":\"Les\u00a0bonbons Black Horse Candy\u00a0sont des\u00a0sucreries\u00a0vraiment pas comme les autres ! Id\u00e9al pour pimenter un peu votre vie intime !\",\"breadcrumb\":{\"@id\":\"https:\/\/www.safinel.fr\/produit\/black-horse-candy\/#breadcrumb\"},\"inLanguage\":\"pt-PT\",\"potentialAction\":[{\"@type\":\"ReadAction\",\"target\":[\"https:\/\/www.safinel.fr\/produit\/black-horse-candy\/\"]}]},{\"@type\":\"ImageObject\",\"inLanguage\":\"pt-PT\",\"@id\":\"https:\/\/www.safinel.fr\/produit\/black-horse-candy\/#primaryimage\",\"url\":\"https:\/\/www.safinel.fr\/wp-content\/uploads\/2023\/02\/black-horse-candy.jpg\",\"contentUrl\":\"https:\/\/www.safinel.fr\/wp-content\/uploads\/2023\/02\/black-horse-candy.jpg\",\"width\":600,\"height\":600,\"caption\":\"black horse candy\"},{\"@type\":\"BreadcrumbList\",\"@id\":\"https:\/\/www.safinel.fr\/produit\/black-horse-candy\/#breadcrumb\",\"itemListElement\":[{\"@type\":\"ListItem\",\"position\":1,\"name\":\"Accueil\",\"item\":\"https:\/\/www.safinel.fr\/\"},{\"@type\":\"ListItem\",\"position\":2,\"name\":\"Boutique\",\"item\":\"https:\/\/www.safinel.fr\/boutique\/\"},{\"@type\":\"ListItem\",\"position\":3,\"name\":\"Black horse candy (Bonbon aphrodisiaque)\"}]},{\"@type\":\"WebSite\",\"@id\":\"https:\/\/www.safinel.fr\/#website\",\"url\":\"https:\/\/www.safinel.fr\/\",\"name\":\"Safinel\",\"description\":\"\",\"publisher\":{\"@id\":\"https:\/\/www.safinel.fr\/#organization\"},\"potentialAction\":[{\"@type\":\"SearchAction\",\"target\":{\"@type\":\"EntryPoint\",\"urlTemplate\":\"https:\/\/www.safinel.fr\/?s={search_term_string}\"},\"query-input\":{\"@type\":\"PropertyValueSpecification\",\"valueRequired\":true,\"valueName\":\"search_term_string\"}}],\"inLanguage\":\"pt-PT\"},{\"@type\":\"Organization\",\"@id\":\"https:\/\/www.safinel.fr\/#organization\",\"name\":\"Safinel\",\"url\":\"https:\/\/www.safinel.fr\/\",\"logo\":{\"@type\":\"ImageObject\",\"inLanguage\":\"pt-PT\",\"@id\":\"https:\/\/www.safinel.fr\/#\/schema\/logo\/image\/\",\"url\":\"https:\/\/www.safinel.fr\/wp-content\/uploads\/2021\/05\/boutique-cosmetique.png\",\"contentUrl\":\"https:\/\/www.safinel.fr\/wp-content\/uploads\/2021\/05\/boutique-cosmetique.png\",\"width\":800,\"height\":200,\"caption\":\"Safinel\"},\"image\":{\"@id\":\"https:\/\/www.safinel.fr\/#\/schema\/logo\/image\/\"}}]}<\/script>\n<!-- \/ Yoast SEO plugin. -->","yoast_head_json":{"title":"Black horse candy I Doce afrodis\u00edaco I Compra segura","description":"Os doces Black Horse Candy s\u00e3o doces verdadeiramente \u00fanicos! Ideais para apimentar um pouco a sua vida \u00edntima!","robots":{"index":"index","follow":"follow","max-snippet":"max-snippet:-1","max-image-preview":"max-image-preview:large","max-video-preview":"max-video-preview:-1"},"canonical":"https:\/\/www.safinel.fr\/pt\/product-2\/doce-de-cavalo-preto\/","og_locale":"pt_PT","og_type":"article","og_title":"Black horse candy I Bonbon aphrodisiaque I Achat s\u00e9curis\u00e9","og_description":"Les\u00a0bonbons Black Horse Candy\u00a0sont des\u00a0sucreries\u00a0vraiment pas comme les autres ! Id\u00e9al pour pimenter un peu votre vie intime !","og_url":"https:\/\/www.safinel.fr\/pt\/product-2\/doce-de-cavalo-preto\/","og_site_name":"Safinel","article_modified_time":"2023-12-28T17:15:48+00:00","og_image":[{"width":600,"height":600,"url":"https:\/\/www.safinel.fr\/wp-content\/uploads\/2023\/02\/black-horse-candy.jpg","type":"image\/jpeg"}],"twitter_card":"summary_large_image","twitter_misc":{"Tempo estimado de leitura":"2 minutos"},"schema":{"@context":"https:\/\/schema.org","@graph":[{"@type":"WebPage","@id":"https:\/\/www.safinel.fr\/produit\/black-horse-candy\/","url":"https:\/\/www.safinel.fr\/produit\/black-horse-candy\/","name":"Black horse candy I Doce afrodis\u00edaco I Compra segura","isPartOf":{"@id":"https:\/\/www.safinel.fr\/#website"},"primaryImageOfPage":{"@id":"https:\/\/www.safinel.fr\/produit\/black-horse-candy\/#primaryimage"},"image":{"@id":"https:\/\/www.safinel.fr\/produit\/black-horse-candy\/#primaryimage"},"thumbnailUrl":"https:\/\/www.safinel.fr\/wp-content\/uploads\/2023\/02\/black-horse-candy.jpg","datePublished":"2023-02-13T11:15:21+00:00","dateModified":"2023-12-28T17:15:48+00:00","description":"Os doces Black Horse Candy s\u00e3o doces verdadeiramente \u00fanicos! Ideais para apimentar um pouco a sua vida \u00edntima!","breadcrumb":{"@id":"https:\/\/www.safinel.fr\/produit\/black-horse-candy\/#breadcrumb"},"inLanguage":"pt-PT","potentialAction":[{"@type":"ReadAction","target":["https:\/\/www.safinel.fr\/produit\/black-horse-candy\/"]}]},{"@type":"ImageObject","inLanguage":"pt-PT","@id":"https:\/\/www.safinel.fr\/produit\/black-horse-candy\/#primaryimage","url":"https:\/\/www.safinel.fr\/wp-content\/uploads\/2023\/02\/black-horse-candy.jpg","contentUrl":"https:\/\/www.safinel.fr\/wp-content\/uploads\/2023\/02\/black-horse-candy.jpg","width":600,"height":600,"caption":"black horse candy"},{"@type":"BreadcrumbList","@id":"https:\/\/www.safinel.fr\/produit\/black-horse-candy\/#breadcrumb","itemListElement":[{"@type":"ListItem","position":1,"name":"Accueil","item":"https:\/\/www.safinel.fr\/"},{"@type":"ListItem","position":2,"name":"Boutique","item":"https:\/\/www.safinel.fr\/boutique\/"},{"@type":"ListItem","position":3,"name":"Black horse candy (Bonbon aphrodisiaque)"}]},{"@type":"WebSite","@id":"https:\/\/www.safinel.fr\/#website","url":"https:\/\/www.safinel.fr\/","name":"Safinel","description":"","publisher":{"@id":"https:\/\/www.safinel.fr\/#organization"},"potentialAction":[{"@type":"SearchAction","target":{"@type":"EntryPoint","urlTemplate":"https:\/\/www.safinel.fr\/?s={search_term_string}"},"query-input":{"@type":"PropertyValueSpecification","valueRequired":true,"valueName":"search_term_string"}}],"inLanguage":"pt-PT"},{"@type":"Organization","@id":"https:\/\/www.safinel.fr\/#organization","name":"Safinel","url":"https:\/\/www.safinel.fr\/","logo":{"@type":"ImageObject","inLanguage":"pt-PT","@id":"https:\/\/www.safinel.fr\/#\/schema\/logo\/image\/","url":"https:\/\/www.safinel.fr\/wp-content\/uploads\/2021\/05\/boutique-cosmetique.png","contentUrl":"https:\/\/www.safinel.fr\/wp-content\/uploads\/2021\/05\/boutique-cosmetique.png","width":800,"height":200,"caption":"Safinel"},"image":{"@id":"https:\/\/www.safinel.fr\/#\/schema\/logo\/image\/"}}]}},"_links":{"self":[{"href":"https:\/\/www.safinel.fr\/pt\/wp-json\/wp\/v2\/product\/4601","targetHints":{"allow":["GET"]}}],"collection":[{"href":"https:\/\/www.safinel.fr\/pt\/wp-json\/wp\/v2\/product"}],"about":[{"href":"https:\/\/www.safinel.fr\/pt\/wp-json\/wp\/v2\/types\/product"}],"wp:featuredmedia":[{"embeddable":true,"href":"https:\/\/www.safinel.fr\/pt\/wp-json\/wp\/v2\/media\/4602"}],"wp:attachment":[{"href":"https:\/\/www.safinel.fr\/pt\/wp-json\/wp\/v2\/media?parent=4601"}],"wp:term":[{"taxonomy":"product_brand","embeddable":true,"href":"https:\/\/www.safinel.fr\/pt\/wp-json\/wp\/v2\/product_brand?post=4601"},{"taxonomy":"product_cat","embeddable":true,"href":"https:\/\/www.safinel.fr\/pt\/wp-json\/wp\/v2\/product_cat?post=4601"},{"taxonomy":"product_tag","embeddable":true,"href":"https:\/\/www.safinel.fr\/pt\/wp-json\/wp\/v2\/product_tag?post=4601"}],"curies":[{"name":"wp","href":"https:\/\/api.w.org\/{rel}","templated":true}]}}