{"id":4588,"date":"2023-02-12T19:32:09","date_gmt":"2023-02-12T19:32:09","guid":{"rendered":"https:\/\/www.safinel.fr\/?post_type=product&#038;p=4588"},"modified":"2023-12-28T17:15:45","modified_gmt":"2023-12-28T17:15:45","slug":"serghina","status":"publish","type":"product","link":"https:\/\/www.safinel.fr\/pt\/product-2\/serghina\/","title":{"rendered":"Serghina (Corrigiola Telephiifolia)"},"content":{"rendered":"<p>A Serghina \u00e9 uma variedade de<strong>\u00a0fuga\u00a0<\/strong>especial, que cresce nas zonas \u00e1ridas da \u00c1frica Ocidental. \u00c9 conhecida pelo seu sabor \u00fanico e fresco, que pode variar consoante a regi\u00e3o onde cresce.<\/p>\n<h2><strong>O que \u00e9 Serghina?\u00a0<\/strong><\/h2>\n<p>Primeiro, vamos come\u00e7ar as apresenta\u00e7\u00f5es! O\u00a0<strong>Serghina<\/strong>\u00a0(nome bot\u00e2nico: Corrigiola telephiifolia) \u00e9 uma planta da fam\u00edlia Caryophyllaceae, origin\u00e1ria da \u00c1frica Ocidental e do Norte.<\/p>\n<p>De facto, tradicionalmente, os herbalistas marroquinos utilizavam as ra\u00edzes desta planta para fins medicinais, as mulheres de Fez preparavam os\u00a0<strong>ra\u00edzes de sarghina<\/strong>\u00a0com uma t\u00e9cnica ancestral e vendiam-no na forma de incenso.<\/p>\n<p>Al\u00e9m disso, a planta tamb\u00e9m pode ser encontrada em outras partes do mundo, como a Am\u00e9rica do Sul e a Europa! No entanto, ela tem nomes diferentes em diferentes regi\u00f5es, como Polygonifolia Fabr,<strong>\u00a0Furera Bubani<\/strong>, Corrigiola litoralis.<\/p>\n<h2><strong>A sua loja de bem-estar deseja apresentar-lhe o Serghina!\u00a0<\/strong><\/h2>\n<p>A Serghina: uma variedade de carapata com sabor \u00fanico<\/p>\n<p>A carapate Serghina \u00e9 de cor amarelo-esverdeada e parece uma pequena ma\u00e7\u00e3. A sua polpa \u00e9 muito macia e doce, sendo frequentemente utilizada para fazer compotas e geleias.<\/p>\n<p>O<strong>\u00a0sarginha\u00a0<\/strong>tamb\u00e9m \u00e9 muito nutritiva! \u00c9 rica em vitaminas A, B e C e cont\u00e9m muitas variedades de antioxidantes ben\u00e9ficos. Al\u00e9m disso, tamb\u00e9m \u00e9 rica em minerais, nomeadamente ferro, pot\u00e1ssio e magn\u00e9sio, e cont\u00e9m \u00e1cidos gordos essenciais, o que a torna uma excelente fonte de energia.<\/p>\n<p>O\u2019<a href=\"https:\/\/www.safinel.fr\/pt\/product-2\/oleo-de-carapate\/\"><strong>\u00f3leo de carapate<\/strong><\/a>\u00a0A serghina tamb\u00e9m \u00e9 muito popular e nutritiva. \u00c9 conhecida pelas suas propriedades hidratantes e nutritivas. Tamb\u00e9m \u00e9 muito eficaz para hidratar o cabelo e dar-lhe brilho!<\/p>\n<h2><strong>Os benef\u00edcios da Serghina!\u00a0<\/strong><\/h2>\n<p>O\u00a0<strong>Corrigiola telephiifolia<\/strong>\u00a0tem propriedades antiss\u00e9pticas, anti-inflamat\u00f3rias e analg\u00e9sicas! O que a torna uma planta \u00fatil para aliviar dores e inc\u00f3modos. Nomeadamente dores de cabe\u00e7a, dores de dentes, constipa\u00e7\u00f5es e dores de garganta. A planta tamb\u00e9m pode ajudar a aliviar os sintomas da gripe e da asma.<\/p>\n<p>Os benef\u00edcios da carapata Serghina s\u00e3o muitos. Ela \u00e9 rica em vitaminas e minerais e cont\u00e9m muitos antioxidantes ben\u00e9ficos. Tamb\u00e9m \u00e9 rica em \u00e1cidos gordos essenciais, o que a torna uma excelente fonte de energia. Al\u00e9m disso, a Serghina \u00e9 muito popular devido \u00e0s suas propriedades hidratantes e nutritivas, podendo ser usada para tratar diferentes tipos de pele e cabelo.<\/p>\n<p>\u00c9 tamb\u00e9m muito eficaz para hidratar e dar brilho ao cabelo, e pode ser usado para criar m\u00e1scaras faciais e banhos de leite.<\/p>\n<p>Al\u00e9m disso, o\u00a0<strong>Corrigiola telephiifolia\u00a0<\/strong>tamb\u00e9m pode ser usado para aliviar os sintomas de certas doen\u00e7as, incluindo diabetes, hipertens\u00e3o, dist\u00farbios digestivos e dist\u00farbios da tir\u00f3ide.<\/p>\n<h3><strong>Como usar esta planta?<\/strong><\/h3>\n<p>O Serghina pode ser utilizado de diferentes formas:<\/p>\n<ul>\n<li>Infus\u00f5es<\/li>\n<li>Decoc\u00e7\u00f5es<\/li>\n<li>Em p\u00f3<\/li>\n<li>Tinturas-m\u00e3e<\/li>\n<li><strong>Em c\u00e1psulas<\/strong><\/li>\n<li>Cataplasmas<\/li>\n<li>Em compressas<\/li>\n<li>\u00d3leos essenciais.<\/li>\n<\/ul>\n<p>Para o\u00a0<strong>tratamento da dor<\/strong>, as folhas e os caules s\u00e3o geralmente preparados em infus\u00e3o ou decoc\u00e7\u00e3o e consumidos por via oral. Para o tratamento da pele, as folhas e os caules s\u00e3o geralmente utilizados em forma de p\u00f3, tintura-m\u00e3e ou \u00f3leo essencial, e aplicados diretamente sobre a pele.<\/p>\n<p>No entanto, \u00e9 importante consultar um m\u00e9dico antes de qualquer utiliza\u00e7\u00e3o!<\/p>","protected":false},"excerpt":{"rendered":"<p>A Serghina \u00e9 uma variedade especial de carapata, que cresce nas zonas \u00e1ridas da \u00c1frica Ocidental. \u00c9 conhecida pelo seu sabor \u00fanico e fresco, que pode variar consoante a regi\u00e3o onde cresce. O que \u00e9 a Serghina?  Primeiro, vamos come\u00e7ar pelas apresenta\u00e7\u00f5es! A Serghina (nome bot\u00e2nico: Corrigiola telephiifolia) \u00e9 uma planta de [...]","protected":false},"featured_media":4590,"template":"","meta":[],"product_brand":[],"product_cat":[27],"product_tag":[],"class_list":{"0":"post-4588","1":"product","2":"type-product","3":"status-publish","4":"has-post-thumbnail","6":"product_cat-plantes-medicinales","8":"first","9":"instock","10":"shipping-taxable","11":"purchasable","12":"product-type-variable"},"yoast_head":"<!-- This site is optimized with the Yoast SEO plugin v26.6 - https:\/\/yoast.com\/wordpress\/plugins\/seo\/ -->\n<title>Serghina (Corrigiola Telephiifolia) I Bienfaits nombreux<\/title>\n<meta name=\"description\" content=\"Le Serghina est une vari\u00e9t\u00e9 de\u00a0carapate\u00a0sp\u00e9ciale, qui pousse dans les zones arides de l\u2019Afrique de l\u2019Ouest. D\u00e9couvrez-l\u00e0 rapidement !\" \/>\n<meta name=\"robots\" content=\"index, follow, max-snippet:-1, max-image-preview:large, max-video-preview:-1\" \/>\n<link rel=\"canonical\" href=\"https:\/\/www.safinel.fr\/pt\/product-2\/serghina\/\" \/>\n<meta property=\"og:locale\" content=\"pt_PT\" \/>\n<meta property=\"og:type\" content=\"article\" \/>\n<meta property=\"og:title\" content=\"Serghina (Corrigiola Telephiifolia) I Bienfaits nombreux\" \/>\n<meta property=\"og:description\" content=\"Le Serghina est une vari\u00e9t\u00e9 de\u00a0carapate\u00a0sp\u00e9ciale, qui pousse dans les zones arides de l\u2019Afrique de l\u2019Ouest. D\u00e9couvrez-l\u00e0 rapidement !\" \/>\n<meta property=\"og:url\" content=\"https:\/\/www.safinel.fr\/pt\/product-2\/serghina\/\" \/>\n<meta property=\"og:site_name\" content=\"Safinel\" \/>\n<meta property=\"article:modified_time\" content=\"2023-12-28T17:15:45+00:00\" \/>\n<meta property=\"og:image\" content=\"https:\/\/www.safinel.fr\/wp-content\/uploads\/2023\/02\/serghina.jpg\" \/>\n\t<meta property=\"og:image:width\" content=\"600\" \/>\n\t<meta property=\"og:image:height\" content=\"600\" \/>\n\t<meta property=\"og:image:type\" content=\"image\/jpeg\" \/>\n<meta name=\"twitter:card\" content=\"summary_large_image\" \/>\n<meta name=\"twitter:label1\" content=\"Tempo estimado de leitura\" \/>\n\t<meta name=\"twitter:data1\" content=\"3 minutos\" \/>\n<script type=\"application\/ld+json\" class=\"yoast-schema-graph\">{\"@context\":\"https:\/\/schema.org\",\"@graph\":[{\"@type\":\"WebPage\",\"@id\":\"https:\/\/www.safinel.fr\/produit\/serghina\/\",\"url\":\"https:\/\/www.safinel.fr\/produit\/serghina\/\",\"name\":\"Serghina (Corrigiola Telephiifolia) I Bienfaits nombreux\",\"isPartOf\":{\"@id\":\"https:\/\/www.safinel.fr\/#website\"},\"primaryImageOfPage\":{\"@id\":\"https:\/\/www.safinel.fr\/produit\/serghina\/#primaryimage\"},\"image\":{\"@id\":\"https:\/\/www.safinel.fr\/produit\/serghina\/#primaryimage\"},\"thumbnailUrl\":\"https:\/\/www.safinel.fr\/wp-content\/uploads\/2023\/02\/serghina.jpg\",\"datePublished\":\"2023-02-12T19:32:09+00:00\",\"dateModified\":\"2023-12-28T17:15:45+00:00\",\"description\":\"Le Serghina est une vari\u00e9t\u00e9 de\u00a0carapate\u00a0sp\u00e9ciale, qui pousse dans les zones arides de l\u2019Afrique de l\u2019Ouest. D\u00e9couvrez-l\u00e0 rapidement !\",\"breadcrumb\":{\"@id\":\"https:\/\/www.safinel.fr\/produit\/serghina\/#breadcrumb\"},\"inLanguage\":\"pt-PT\",\"potentialAction\":[{\"@type\":\"ReadAction\",\"target\":[\"https:\/\/www.safinel.fr\/produit\/serghina\/\"]}]},{\"@type\":\"ImageObject\",\"inLanguage\":\"pt-PT\",\"@id\":\"https:\/\/www.safinel.fr\/produit\/serghina\/#primaryimage\",\"url\":\"https:\/\/www.safinel.fr\/wp-content\/uploads\/2023\/02\/serghina.jpg\",\"contentUrl\":\"https:\/\/www.safinel.fr\/wp-content\/uploads\/2023\/02\/serghina.jpg\",\"width\":600,\"height\":600,\"caption\":\"Serghina (Corrigiola Telephiifolia)\"},{\"@type\":\"BreadcrumbList\",\"@id\":\"https:\/\/www.safinel.fr\/produit\/serghina\/#breadcrumb\",\"itemListElement\":[{\"@type\":\"ListItem\",\"position\":1,\"name\":\"Accueil\",\"item\":\"https:\/\/www.safinel.fr\/\"},{\"@type\":\"ListItem\",\"position\":2,\"name\":\"Boutique\",\"item\":\"https:\/\/www.safinel.fr\/boutique\/\"},{\"@type\":\"ListItem\",\"position\":3,\"name\":\"Serghina (Corrigiola Telephiifolia)\"}]},{\"@type\":\"WebSite\",\"@id\":\"https:\/\/www.safinel.fr\/#website\",\"url\":\"https:\/\/www.safinel.fr\/\",\"name\":\"Safinel\",\"description\":\"\",\"publisher\":{\"@id\":\"https:\/\/www.safinel.fr\/#organization\"},\"potentialAction\":[{\"@type\":\"SearchAction\",\"target\":{\"@type\":\"EntryPoint\",\"urlTemplate\":\"https:\/\/www.safinel.fr\/?s={search_term_string}\"},\"query-input\":{\"@type\":\"PropertyValueSpecification\",\"valueRequired\":true,\"valueName\":\"search_term_string\"}}],\"inLanguage\":\"pt-PT\"},{\"@type\":\"Organization\",\"@id\":\"https:\/\/www.safinel.fr\/#organization\",\"name\":\"Safinel\",\"url\":\"https:\/\/www.safinel.fr\/\",\"logo\":{\"@type\":\"ImageObject\",\"inLanguage\":\"pt-PT\",\"@id\":\"https:\/\/www.safinel.fr\/#\/schema\/logo\/image\/\",\"url\":\"https:\/\/www.safinel.fr\/wp-content\/uploads\/2021\/05\/boutique-cosmetique.png\",\"contentUrl\":\"https:\/\/www.safinel.fr\/wp-content\/uploads\/2021\/05\/boutique-cosmetique.png\",\"width\":800,\"height\":200,\"caption\":\"Safinel\"},\"image\":{\"@id\":\"https:\/\/www.safinel.fr\/#\/schema\/logo\/image\/\"}}]}<\/script>\n<!-- \/ Yoast SEO plugin. -->","yoast_head_json":{"title":"Serghina (Corrigiola Telephiifolia) I In\u00fameros benef\u00edcios","description":"A Serghina \u00e9 uma variedade especial de carapata, que cresce nas zonas \u00e1ridas da \u00c1frica Ocidental. Descubra-a rapidamente!","robots":{"index":"index","follow":"follow","max-snippet":"max-snippet:-1","max-image-preview":"max-image-preview:large","max-video-preview":"max-video-preview:-1"},"canonical":"https:\/\/www.safinel.fr\/pt\/product-2\/serghina\/","og_locale":"pt_PT","og_type":"article","og_title":"Serghina (Corrigiola Telephiifolia) I Bienfaits nombreux","og_description":"Le Serghina est une vari\u00e9t\u00e9 de\u00a0carapate\u00a0sp\u00e9ciale, qui pousse dans les zones arides de l\u2019Afrique de l\u2019Ouest. D\u00e9couvrez-l\u00e0 rapidement !","og_url":"https:\/\/www.safinel.fr\/pt\/product-2\/serghina\/","og_site_name":"Safinel","article_modified_time":"2023-12-28T17:15:45+00:00","og_image":[{"width":600,"height":600,"url":"https:\/\/www.safinel.fr\/wp-content\/uploads\/2023\/02\/serghina.jpg","type":"image\/jpeg"}],"twitter_card":"summary_large_image","twitter_misc":{"Tempo estimado de leitura":"3 minutos"},"schema":{"@context":"https:\/\/schema.org","@graph":[{"@type":"WebPage","@id":"https:\/\/www.safinel.fr\/produit\/serghina\/","url":"https:\/\/www.safinel.fr\/produit\/serghina\/","name":"Serghina (Corrigiola Telephiifolia) I In\u00fameros benef\u00edcios","isPartOf":{"@id":"https:\/\/www.safinel.fr\/#website"},"primaryImageOfPage":{"@id":"https:\/\/www.safinel.fr\/produit\/serghina\/#primaryimage"},"image":{"@id":"https:\/\/www.safinel.fr\/produit\/serghina\/#primaryimage"},"thumbnailUrl":"https:\/\/www.safinel.fr\/wp-content\/uploads\/2023\/02\/serghina.jpg","datePublished":"2023-02-12T19:32:09+00:00","dateModified":"2023-12-28T17:15:45+00:00","description":"A Serghina \u00e9 uma variedade especial de carapata, que cresce nas zonas \u00e1ridas da \u00c1frica Ocidental. Descubra-a rapidamente!","breadcrumb":{"@id":"https:\/\/www.safinel.fr\/produit\/serghina\/#breadcrumb"},"inLanguage":"pt-PT","potentialAction":[{"@type":"ReadAction","target":["https:\/\/www.safinel.fr\/produit\/serghina\/"]}]},{"@type":"ImageObject","inLanguage":"pt-PT","@id":"https:\/\/www.safinel.fr\/produit\/serghina\/#primaryimage","url":"https:\/\/www.safinel.fr\/wp-content\/uploads\/2023\/02\/serghina.jpg","contentUrl":"https:\/\/www.safinel.fr\/wp-content\/uploads\/2023\/02\/serghina.jpg","width":600,"height":600,"caption":"Serghina (Corrigiola Telephiifolia)"},{"@type":"BreadcrumbList","@id":"https:\/\/www.safinel.fr\/produit\/serghina\/#breadcrumb","itemListElement":[{"@type":"ListItem","position":1,"name":"Accueil","item":"https:\/\/www.safinel.fr\/"},{"@type":"ListItem","position":2,"name":"Boutique","item":"https:\/\/www.safinel.fr\/boutique\/"},{"@type":"ListItem","position":3,"name":"Serghina (Corrigiola Telephiifolia)"}]},{"@type":"WebSite","@id":"https:\/\/www.safinel.fr\/#website","url":"https:\/\/www.safinel.fr\/","name":"Safinel","description":"","publisher":{"@id":"https:\/\/www.safinel.fr\/#organization"},"potentialAction":[{"@type":"SearchAction","target":{"@type":"EntryPoint","urlTemplate":"https:\/\/www.safinel.fr\/?s={search_term_string}"},"query-input":{"@type":"PropertyValueSpecification","valueRequired":true,"valueName":"search_term_string"}}],"inLanguage":"pt-PT"},{"@type":"Organization","@id":"https:\/\/www.safinel.fr\/#organization","name":"Safinel","url":"https:\/\/www.safinel.fr\/","logo":{"@type":"ImageObject","inLanguage":"pt-PT","@id":"https:\/\/www.safinel.fr\/#\/schema\/logo\/image\/","url":"https:\/\/www.safinel.fr\/wp-content\/uploads\/2021\/05\/boutique-cosmetique.png","contentUrl":"https:\/\/www.safinel.fr\/wp-content\/uploads\/2021\/05\/boutique-cosmetique.png","width":800,"height":200,"caption":"Safinel"},"image":{"@id":"https:\/\/www.safinel.fr\/#\/schema\/logo\/image\/"}}]}},"_links":{"self":[{"href":"https:\/\/www.safinel.fr\/pt\/wp-json\/wp\/v2\/product\/4588","targetHints":{"allow":["GET"]}}],"collection":[{"href":"https:\/\/www.safinel.fr\/pt\/wp-json\/wp\/v2\/product"}],"about":[{"href":"https:\/\/www.safinel.fr\/pt\/wp-json\/wp\/v2\/types\/product"}],"wp:featuredmedia":[{"embeddable":true,"href":"https:\/\/www.safinel.fr\/pt\/wp-json\/wp\/v2\/media\/4590"}],"wp:attachment":[{"href":"https:\/\/www.safinel.fr\/pt\/wp-json\/wp\/v2\/media?parent=4588"}],"wp:term":[{"taxonomy":"product_brand","embeddable":true,"href":"https:\/\/www.safinel.fr\/pt\/wp-json\/wp\/v2\/product_brand?post=4588"},{"taxonomy":"product_cat","embeddable":true,"href":"https:\/\/www.safinel.fr\/pt\/wp-json\/wp\/v2\/product_cat?post=4588"},{"taxonomy":"product_tag","embeddable":true,"href":"https:\/\/www.safinel.fr\/pt\/wp-json\/wp\/v2\/product_tag?post=4588"}],"curies":[{"name":"wp","href":"https:\/\/api.w.org\/{rel}","templated":true}]}}