{"id":4582,"date":"2023-02-12T17:53:12","date_gmt":"2023-02-12T17:53:12","guid":{"rendered":"https:\/\/www.safinel.fr\/?post_type=product&#038;p=4582"},"modified":"2023-12-30T12:16:24","modified_gmt":"2023-12-30T12:16:24","slug":"folhas-de-zimbro","status":"publish","type":"product","link":"https:\/\/www.safinel.fr\/pt\/product-2\/folhas-de-zimbro\/","title":{"rendered":"Folhas de zimbro 100 g"},"content":{"rendered":"<p><strong>As folhas de zimbro<\/strong>\u00a0N\u00e3o parecem grande coisa, \u00e9 verdade! No entanto, n\u00e3o se deixe enganar pela apar\u00eancia, mas sim pelas suas in\u00fameras virtudes. Aproveite esta planta para adotar uma alimenta\u00e7\u00e3o mais saud\u00e1vel e desfrute dos benef\u00edcios que a natureza lhe oferece!<\/p>\n<h2><strong>Folhas de zimbro: apar\u00eancia modesta, mas grandes benef\u00edcios!<\/strong><\/h2>\n<p><strong>As folhas de zimbro<\/strong>r, ou\u00a0<strong>folhas de cade<\/strong>, s\u00e3o as folhas da \u00e1rvore do zimbro. S\u00e3o ligeiramente suaves ao toque e de cor verde escura. S\u00e3o colhidas e secas para serem consumidas de v\u00e1rias maneiras.<\/p>\n<p>Na verdade, elas s\u00e3o comumente utilizadas como\u00a0<strong>ervas arom\u00e1ticas\u00a0<\/strong>e para diversas aplica\u00e7\u00f5es terap\u00eauticas e medicinais. Tamb\u00e9m s\u00e3o conhecidas pelas suas propriedades antiss\u00e9pticas e antif\u00fangicas. Estas folhas tamb\u00e9m s\u00e3o conhecidas pelo seu sabor forte, odor intenso e textura suave. Al\u00e9m disso, s\u00e3o utilizadas principalmente para aromatizar molhos e outros pratos.<\/p>\n<h2><strong>Opte pela infus\u00e3o de folhas de zimbro\u00a0<\/strong><\/h2>\n<p>A infus\u00e3o de folhas de cade \u00e9 uma bebida rica em vitaminas e antioxidantes, al\u00e9m de ser saud\u00e1vel e deliciosa. Usada h\u00e1 milhares de anos, esta infus\u00e3o \u00e9 considerada um rem\u00e9dio natural para o tratamento de v\u00e1rias condi\u00e7\u00f5es. Por exemplo, stress, dist\u00farbios do sono, congest\u00e3o dos seios nasais, dist\u00farbios digestivos e dor.<\/p>\n<p>Para preparar uma<strong>\u00a0infus\u00e3o de folhas de zimbro,\u00a0<\/strong>Comece por colocar uma colher de ch\u00e1 de folhas secas numa ch\u00e1vena de \u00e1gua quente. Deixe em infus\u00e3o durante 5 a 10 minutos e coe o l\u00edquido. Tamb\u00e9m pode adicionar um pouco de\u00a0<a href=\"https:\/\/www.safinel.fr\/pt\/product-2\/mel-da-primavera\/\"><strong>mel da primavera<\/strong><\/a>\u00a0e lim\u00e3o para um sabor mais agrad\u00e1vel. Beba a infus\u00e3o uma ou duas vezes por dia para aproveitar os seus benef\u00edcios.<\/p>\n<p>Esta planta \u00e9 rica em antioxidantes, que ajudam a combater os radicais livres e a reduzir o stress oxidativo. Tamb\u00e9m \u00e9 conhecida por reduzir a inflama\u00e7\u00e3o e o incha\u00e7o, bem como por ajudar a prevenir doen\u00e7as card\u00edacas e cancro.<\/p>\n<p>Al\u00e9m disso, \u00e9 apreciado pelas suas propriedades antimicrobianas e antif\u00fangicas. O que o torna um\u00a0<strong>rem\u00e9dio natural\u00a0<\/strong>para infec\u00e7\u00f5es e doen\u00e7as das vias respirat\u00f3rias.<\/p>\n<h3><strong>Infus\u00e3o de folhas de zimbro, mas n\u00e3o s\u00f3 na Safinel\u00a0<\/strong><\/h3>\n<p><a href=\"https:\/\/www.safinel.fr\/pt\/product-2\/folhas-de-framboesa\/\"><strong>Ch\u00e1 de framboesa<\/strong><\/a>, de\u00a0<strong><a href=\"https:\/\/www.safinel.fr\/pt\/product-2\/folhas-de-djeka\/\">folhas de djeka<\/a>\u00a0<\/strong>ou ainda de\u00a0<a href=\"https:\/\/www.safinel.fr\/pt\/product-2\/caules-de-cerejas\/\"><strong>caules de cereja<\/strong><\/a>, os\u00a0<strong>bebidas naturais\u00a0<\/strong>N\u00e3o perca na Safinel.<\/p>\n<p>De facto, dependendo das suas necessidades, poder\u00e1 selecionar o que precisa!<\/p>\n<h3><strong>Precau\u00e7\u00f5es\u00a0<\/strong><\/h3>\n<p>N\u00e3o recomendado para mulheres gr\u00e1vidas e pessoas com problemas de insufici\u00eancia renal.<\/p>","protected":false},"excerpt":{"rendered":"<p>As folhas de zimbro n\u00e3o parecem grande coisa, \u00e9 verdade! No entanto, n\u00e3o se deixe enganar pela apar\u00eancia, mas sim pelas suas in\u00fameras virtudes. Aproveite esta planta para adotar uma alimenta\u00e7\u00e3o mais saud\u00e1vel e desfrute dos benef\u00edcios que a natureza lhe oferece! As folhas de zimbro: uma apar\u00eancia modesta, mas [...]","protected":false},"featured_media":4583,"template":"","meta":[],"product_brand":[],"product_cat":[27],"product_tag":[],"class_list":{"0":"post-4582","1":"product","2":"type-product","3":"status-publish","4":"has-post-thumbnail","6":"product_cat-plantes-medicinales","8":"first","9":"instock","10":"shipping-taxable","11":"purchasable","12":"product-type-simple"},"yoast_head":"<!-- This site is optimized with the Yoast SEO plugin v26.6 - https:\/\/yoast.com\/wordpress\/plugins\/seo\/ -->\n<title>Feuilles de gen\u00e9vrier I 100% naturelle I Bienfaits nombreux<\/title>\n<meta name=\"description\" content=\"Les feuilles de gen\u00e9vrier, ou\u00a0feuilles de cade, sont les feuilles de l\u2019arbre de gen\u00e9vrier. Elles sont l\u00e9g\u00e8rement douces au toucher et d&#039;un vert fonc\u00e9.\" \/>\n<meta name=\"robots\" content=\"index, follow, max-snippet:-1, max-image-preview:large, max-video-preview:-1\" \/>\n<link rel=\"canonical\" href=\"https:\/\/www.safinel.fr\/pt\/product-2\/folhas-de-zimbro\/\" \/>\n<meta property=\"og:locale\" content=\"pt_PT\" \/>\n<meta property=\"og:type\" content=\"article\" \/>\n<meta property=\"og:title\" content=\"Feuilles de gen\u00e9vrier I 100% naturelle I Bienfaits nombreux\" \/>\n<meta property=\"og:description\" content=\"Les feuilles de gen\u00e9vrier, ou\u00a0feuilles de cade, sont les feuilles de l\u2019arbre de gen\u00e9vrier. Elles sont l\u00e9g\u00e8rement douces au toucher et d&#039;un vert fonc\u00e9.\" \/>\n<meta property=\"og:url\" content=\"https:\/\/www.safinel.fr\/pt\/product-2\/folhas-de-zimbro\/\" \/>\n<meta property=\"og:site_name\" content=\"Safinel\" \/>\n<meta property=\"article:modified_time\" content=\"2023-12-30T12:16:24+00:00\" \/>\n<meta property=\"og:image\" content=\"https:\/\/www.safinel.fr\/wp-content\/uploads\/2023\/02\/feuilles-de-genevrier.jpg\" \/>\n\t<meta property=\"og:image:width\" content=\"600\" \/>\n\t<meta property=\"og:image:height\" content=\"600\" \/>\n\t<meta property=\"og:image:type\" content=\"image\/jpeg\" \/>\n<meta name=\"twitter:card\" content=\"summary_large_image\" \/>\n<meta name=\"twitter:label1\" content=\"Tempo estimado de leitura\" \/>\n\t<meta name=\"twitter:data1\" content=\"2 minutos\" \/>\n<script type=\"application\/ld+json\" class=\"yoast-schema-graph\">{\"@context\":\"https:\/\/schema.org\",\"@graph\":[{\"@type\":\"WebPage\",\"@id\":\"https:\/\/www.safinel.fr\/produit\/feuilles-de-genevrier\/\",\"url\":\"https:\/\/www.safinel.fr\/produit\/feuilles-de-genevrier\/\",\"name\":\"Feuilles de gen\u00e9vrier I 100% naturelle I Bienfaits nombreux\",\"isPartOf\":{\"@id\":\"https:\/\/www.safinel.fr\/#website\"},\"primaryImageOfPage\":{\"@id\":\"https:\/\/www.safinel.fr\/produit\/feuilles-de-genevrier\/#primaryimage\"},\"image\":{\"@id\":\"https:\/\/www.safinel.fr\/produit\/feuilles-de-genevrier\/#primaryimage\"},\"thumbnailUrl\":\"https:\/\/www.safinel.fr\/wp-content\/uploads\/2023\/02\/feuilles-de-genevrier.jpg\",\"datePublished\":\"2023-02-12T17:53:12+00:00\",\"dateModified\":\"2023-12-30T12:16:24+00:00\",\"description\":\"Les feuilles de gen\u00e9vrier, ou\u00a0feuilles de cade, sont les feuilles de l\u2019arbre de gen\u00e9vrier. Elles sont l\u00e9g\u00e8rement douces au toucher et d'un vert fonc\u00e9.\",\"breadcrumb\":{\"@id\":\"https:\/\/www.safinel.fr\/produit\/feuilles-de-genevrier\/#breadcrumb\"},\"inLanguage\":\"pt-PT\",\"potentialAction\":[{\"@type\":\"ReadAction\",\"target\":[\"https:\/\/www.safinel.fr\/produit\/feuilles-de-genevrier\/\"]}]},{\"@type\":\"ImageObject\",\"inLanguage\":\"pt-PT\",\"@id\":\"https:\/\/www.safinel.fr\/produit\/feuilles-de-genevrier\/#primaryimage\",\"url\":\"https:\/\/www.safinel.fr\/wp-content\/uploads\/2023\/02\/feuilles-de-genevrier.jpg\",\"contentUrl\":\"https:\/\/www.safinel.fr\/wp-content\/uploads\/2023\/02\/feuilles-de-genevrier.jpg\",\"width\":600,\"height\":600,\"caption\":\"Feuilles de gen\u00e9vrier 100g\"},{\"@type\":\"BreadcrumbList\",\"@id\":\"https:\/\/www.safinel.fr\/produit\/feuilles-de-genevrier\/#breadcrumb\",\"itemListElement\":[{\"@type\":\"ListItem\",\"position\":1,\"name\":\"Accueil\",\"item\":\"https:\/\/www.safinel.fr\/\"},{\"@type\":\"ListItem\",\"position\":2,\"name\":\"Boutique\",\"item\":\"https:\/\/www.safinel.fr\/boutique\/\"},{\"@type\":\"ListItem\",\"position\":3,\"name\":\"Feuilles de gen\u00e9vrier 100g\"}]},{\"@type\":\"WebSite\",\"@id\":\"https:\/\/www.safinel.fr\/#website\",\"url\":\"https:\/\/www.safinel.fr\/\",\"name\":\"Safinel\",\"description\":\"\",\"publisher\":{\"@id\":\"https:\/\/www.safinel.fr\/#organization\"},\"potentialAction\":[{\"@type\":\"SearchAction\",\"target\":{\"@type\":\"EntryPoint\",\"urlTemplate\":\"https:\/\/www.safinel.fr\/?s={search_term_string}\"},\"query-input\":{\"@type\":\"PropertyValueSpecification\",\"valueRequired\":true,\"valueName\":\"search_term_string\"}}],\"inLanguage\":\"pt-PT\"},{\"@type\":\"Organization\",\"@id\":\"https:\/\/www.safinel.fr\/#organization\",\"name\":\"Safinel\",\"url\":\"https:\/\/www.safinel.fr\/\",\"logo\":{\"@type\":\"ImageObject\",\"inLanguage\":\"pt-PT\",\"@id\":\"https:\/\/www.safinel.fr\/#\/schema\/logo\/image\/\",\"url\":\"https:\/\/www.safinel.fr\/wp-content\/uploads\/2021\/05\/boutique-cosmetique.png\",\"contentUrl\":\"https:\/\/www.safinel.fr\/wp-content\/uploads\/2021\/05\/boutique-cosmetique.png\",\"width\":800,\"height\":200,\"caption\":\"Safinel\"},\"image\":{\"@id\":\"https:\/\/www.safinel.fr\/#\/schema\/logo\/image\/\"}}]}<\/script>\n<!-- \/ Yoast SEO plugin. -->","yoast_head_json":{"title":"Folhas de zimbro I 100% natural I In\u00fameros benef\u00edcios","description":"As folhas de zimbro, ou folhas de cade, s\u00e3o as folhas da \u00e1rvore de zimbro. S\u00e3o ligeiramente suaves ao toque e de cor verde escura.","robots":{"index":"index","follow":"follow","max-snippet":"max-snippet:-1","max-image-preview":"max-image-preview:large","max-video-preview":"max-video-preview:-1"},"canonical":"https:\/\/www.safinel.fr\/pt\/product-2\/folhas-de-zimbro\/","og_locale":"pt_PT","og_type":"article","og_title":"Feuilles de gen\u00e9vrier I 100% naturelle I Bienfaits nombreux","og_description":"Les feuilles de gen\u00e9vrier, ou\u00a0feuilles de cade, sont les feuilles de l\u2019arbre de gen\u00e9vrier. Elles sont l\u00e9g\u00e8rement douces au toucher et d'un vert fonc\u00e9.","og_url":"https:\/\/www.safinel.fr\/pt\/product-2\/folhas-de-zimbro\/","og_site_name":"Safinel","article_modified_time":"2023-12-30T12:16:24+00:00","og_image":[{"width":600,"height":600,"url":"https:\/\/www.safinel.fr\/wp-content\/uploads\/2023\/02\/feuilles-de-genevrier.jpg","type":"image\/jpeg"}],"twitter_card":"summary_large_image","twitter_misc":{"Tempo estimado de leitura":"2 minutos"},"schema":{"@context":"https:\/\/schema.org","@graph":[{"@type":"WebPage","@id":"https:\/\/www.safinel.fr\/produit\/feuilles-de-genevrier\/","url":"https:\/\/www.safinel.fr\/produit\/feuilles-de-genevrier\/","name":"Folhas de zimbro I 100% natural I In\u00fameros benef\u00edcios","isPartOf":{"@id":"https:\/\/www.safinel.fr\/#website"},"primaryImageOfPage":{"@id":"https:\/\/www.safinel.fr\/produit\/feuilles-de-genevrier\/#primaryimage"},"image":{"@id":"https:\/\/www.safinel.fr\/produit\/feuilles-de-genevrier\/#primaryimage"},"thumbnailUrl":"https:\/\/www.safinel.fr\/wp-content\/uploads\/2023\/02\/feuilles-de-genevrier.jpg","datePublished":"2023-02-12T17:53:12+00:00","dateModified":"2023-12-30T12:16:24+00:00","description":"As folhas de zimbro, ou folhas de cade, s\u00e3o as folhas da \u00e1rvore de zimbro. S\u00e3o ligeiramente suaves ao toque e de cor verde escura.","breadcrumb":{"@id":"https:\/\/www.safinel.fr\/produit\/feuilles-de-genevrier\/#breadcrumb"},"inLanguage":"pt-PT","potentialAction":[{"@type":"ReadAction","target":["https:\/\/www.safinel.fr\/produit\/feuilles-de-genevrier\/"]}]},{"@type":"ImageObject","inLanguage":"pt-PT","@id":"https:\/\/www.safinel.fr\/produit\/feuilles-de-genevrier\/#primaryimage","url":"https:\/\/www.safinel.fr\/wp-content\/uploads\/2023\/02\/feuilles-de-genevrier.jpg","contentUrl":"https:\/\/www.safinel.fr\/wp-content\/uploads\/2023\/02\/feuilles-de-genevrier.jpg","width":600,"height":600,"caption":"Feuilles de gen\u00e9vrier 100g"},{"@type":"BreadcrumbList","@id":"https:\/\/www.safinel.fr\/produit\/feuilles-de-genevrier\/#breadcrumb","itemListElement":[{"@type":"ListItem","position":1,"name":"Accueil","item":"https:\/\/www.safinel.fr\/"},{"@type":"ListItem","position":2,"name":"Boutique","item":"https:\/\/www.safinel.fr\/boutique\/"},{"@type":"ListItem","position":3,"name":"Feuilles de gen\u00e9vrier 100g"}]},{"@type":"WebSite","@id":"https:\/\/www.safinel.fr\/#website","url":"https:\/\/www.safinel.fr\/","name":"Safinel","description":"","publisher":{"@id":"https:\/\/www.safinel.fr\/#organization"},"potentialAction":[{"@type":"SearchAction","target":{"@type":"EntryPoint","urlTemplate":"https:\/\/www.safinel.fr\/?s={search_term_string}"},"query-input":{"@type":"PropertyValueSpecification","valueRequired":true,"valueName":"search_term_string"}}],"inLanguage":"pt-PT"},{"@type":"Organization","@id":"https:\/\/www.safinel.fr\/#organization","name":"Safinel","url":"https:\/\/www.safinel.fr\/","logo":{"@type":"ImageObject","inLanguage":"pt-PT","@id":"https:\/\/www.safinel.fr\/#\/schema\/logo\/image\/","url":"https:\/\/www.safinel.fr\/wp-content\/uploads\/2021\/05\/boutique-cosmetique.png","contentUrl":"https:\/\/www.safinel.fr\/wp-content\/uploads\/2021\/05\/boutique-cosmetique.png","width":800,"height":200,"caption":"Safinel"},"image":{"@id":"https:\/\/www.safinel.fr\/#\/schema\/logo\/image\/"}}]}},"_links":{"self":[{"href":"https:\/\/www.safinel.fr\/pt\/wp-json\/wp\/v2\/product\/4582","targetHints":{"allow":["GET"]}}],"collection":[{"href":"https:\/\/www.safinel.fr\/pt\/wp-json\/wp\/v2\/product"}],"about":[{"href":"https:\/\/www.safinel.fr\/pt\/wp-json\/wp\/v2\/types\/product"}],"wp:featuredmedia":[{"embeddable":true,"href":"https:\/\/www.safinel.fr\/pt\/wp-json\/wp\/v2\/media\/4583"}],"wp:attachment":[{"href":"https:\/\/www.safinel.fr\/pt\/wp-json\/wp\/v2\/media?parent=4582"}],"wp:term":[{"taxonomy":"product_brand","embeddable":true,"href":"https:\/\/www.safinel.fr\/pt\/wp-json\/wp\/v2\/product_brand?post=4582"},{"taxonomy":"product_cat","embeddable":true,"href":"https:\/\/www.safinel.fr\/pt\/wp-json\/wp\/v2\/product_cat?post=4582"},{"taxonomy":"product_tag","embeddable":true,"href":"https:\/\/www.safinel.fr\/pt\/wp-json\/wp\/v2\/product_tag?post=4582"}],"curies":[{"name":"wp","href":"https:\/\/api.w.org\/{rel}","templated":true}]}}