{"id":4567,"date":"2023-02-10T12:00:38","date_gmt":"2023-02-10T12:00:38","guid":{"rendered":"https:\/\/www.safinel.fr\/?post_type=product&#038;p=4567"},"modified":"2024-03-30T18:12:09","modified_gmt":"2024-03-30T18:12:09","slug":"oleo-de-baoba","status":"publish","type":"product","link":"https:\/\/www.safinel.fr\/pt\/product-2\/oleo-de-baoba\/","title":{"rendered":"\u00d3leo de baob\u00e1 50 ml"},"content":{"rendered":"<p>L<strong>\u2019\u00d3leo de baob\u00e1\u00a0<\/strong>\u00e9 um\u00a0<strong>produto vegetal<\/strong>\u00a0rico em antioxidantes, obtido a partir dos frutos da \u00e1rvore baob\u00e1. Origin\u00e1rio da \u00c1frica Ocidental e Austral, o \u00f3leo de baob\u00e1 \u00e9 conhecido pelas suas in\u00fameras propriedades ben\u00e9ficas para a pele, o cabelo e a sa\u00fade em geral.<\/p>\n<h2><strong>\u00c0 descoberta do \u00f3leo de baob\u00e1<\/strong><\/h2>\n<p>O \u00f3leo de baob\u00e1 \u00e9 origin\u00e1rio da \u00c1frica e de Madag\u00e1scar. \u00c9 extra\u00eddo das sementes do fruto do baob\u00e1, uma \u00e1rvore maci\u00e7a e lend\u00e1ria da fam\u00edlia das Bombacaceae. O seu nome vem do \u00e1rabe \u00abbu hibab\u00bb, que significa \u00abfruto com muitas sementes\u00bb.<\/p>\n<p>O \u00f3leo de baob\u00e1 \u00e9 um produto\u00a0<strong>100% natural<\/strong>\u00a0que oferece m\u00faltiplos benef\u00edcios para o rosto. A sua composi\u00e7\u00e3o rica em vitamina E, \u00e1cidos gordos essenciais e antioxidantes hidrata, nutre e protege a pele contra os radicais livres e contribui para tornar a tez mais luminosa e saud\u00e1vel.<\/p>\n<p>Este \u00f3leo tamb\u00e9m pode\u00a0<strong>aliviar a comich\u00e3o<\/strong>\u00a0e favorece a regenera\u00e7\u00e3o das c\u00e9lulas cut\u00e2neas. \u00c9 ideal para tratar estrias, l\u00e1bios rachados, cicatrizes e prevenir o envelhecimento precoce da pele.<\/p>\n<h2><strong>\u00d3leo de baob\u00e1: um cosm\u00e9tico natural\u00a0<\/strong><\/h2>\n<p>O \u00f3leo de baob\u00e1 \u00e9 considerado um cosm\u00e9tico natural muito eficaz. Possui propriedades suavizantes, nutritivas e hidratantes que ajudam a nutrir a pele e o cabelo. Al\u00e9m disso, tamb\u00e9m \u00e9 um aliado no al\u00edvio da pele seca e na prote\u00e7\u00e3o das unhas e cabelos com pontas duplas. Al\u00e9m disso, \u00e9 rico em\u00a0<strong>vitamina E<\/strong>\u00a0e \u00e1cidos gordos essenciais que ajudam a estimular a renova\u00e7\u00e3o celular e a regenerar a pele. \u00c9 tamb\u00e9m rica em antioxidantes, o que a torna um produto muito apreciado pelas suas propriedades antienvelhecimento.<\/p>\n<p>\u00c9 por isso que a sua loja online especializada em produtos naturais deseja apresent\u00e1-lo a si! Dispon\u00edvel em diferentes tamanhos, 50 ml, 100 ml ou 500 ml, este magn\u00edfico \u00f3leo pode rapidamente tornar-se um dos seus produtos indispens\u00e1veis!<\/p>\n<h3><strong>Os benef\u00edcios do \u00f3leo de baob\u00e1\u00a0<\/strong><\/h3>\n<p>Agora que j\u00e1 sabe mais sobre este produto da natureza, que tal falarmos sobre as suas in\u00fameras virtudes?<\/p>\n<p>De facto, o \u00f3leo de baob\u00e1 \u00e9 rico em<strong>\u00a0benef\u00edcios para a pele\u00a0<\/strong>e o cabelo. \u00c9 antioxidante, anti-inflamat\u00f3ria e hidratante, e favorece a renova\u00e7\u00e3o celular. Al\u00e9m disso, para quem estiver interessado, tamb\u00e9m \u00e9<strong>\u00a0regeneradora<\/strong>, cicatrizante, suavizante, emoliente, nutritiva e calmante.<\/p>\n<p>Tamb\u00e9m alisa cabelos crespos e secos e pode ser usada como um limpador natural. Por fim, retarda os efeitos do envelhecimento e \u00e9 ideal para peles sens\u00edveis, secas e irritadas, bem como para unhas quebradi\u00e7as.<\/p>\n<h3><strong>Descubra tamb\u00e9m na sua loja Safinel...\u00a0<\/strong><\/h3>\n<p>Se o \u00f3leo de baob\u00e1 lhe interessa, deixe-nos sugerir-lhe um produto que poder\u00e1 ser um dos seus favoritos!<\/p>\n<p>J\u00e1 ouviu falar do\u2019<strong><a href=\"https:\/\/www.safinel.fr\/pt\/product-2\/oleo-de-cartamo-organico\/\">\u00f3leo de onagra org\u00e2nico<\/a>\u00a0<\/strong>Se n\u00e3o for o caso, n\u00e3o se preocupe, vamos explicar-lhe em poucas palavras!<\/p>\n<p>Na verdade, tamb\u00e9m um produto natural, este elixir pode fazer parte tanto dos rem\u00e9dios naturais como dos cuidados cosm\u00e9ticos. Al\u00e9m disso, tendo propriedades semelhantes ao \u00f3leo de baob\u00e1, \u00e9 no entanto muito diferente. N\u00e3o vamos dizer mais nada, deixamos que o descubra na nossa loja online...<\/p>","protected":false},"excerpt":{"rendered":"<p>O \u00f3leo de baob\u00e1 \u00e9 um produto vegetal rico em antioxidantes obtido a partir do fruto da \u00e1rvore do baob\u00e1. Origin\u00e1rio da \u00c1frica Ocidental e Austral, o \u00f3leo de baob\u00e1 \u00e9 conhecido pelas suas in\u00fameras propriedades ben\u00e9ficas para a pele, o cabelo e a sa\u00fade em geral. Descobrir o \u00f3leo de baob\u00e1 O \u00f3leo de baob\u00e1 \u00e9 um produto natural [...]","protected":false},"featured_media":4568,"template":"","meta":[],"product_brand":[],"product_cat":[122],"product_tag":[],"class_list":{"0":"post-4567","1":"product","2":"type-product","3":"status-publish","4":"has-post-thumbnail","6":"product_cat-huile-vegetale","8":"first","9":"instock","10":"shipping-taxable","11":"purchasable","12":"product-type-simple"},"yoast_head":"<!-- This site is optimized with the Yoast SEO plugin v26.6 - https:\/\/yoast.com\/wordpress\/plugins\/seo\/ -->\n<title>Huile de baobab I Bienfaits nombreux I Visage &amp; Cheveux<\/title>\n<meta name=\"description\" content=\"L\u2019huile de baobab\u00a0est un\u00a0produit v\u00e9g\u00e9tal\u00a0riche en antioxydants qui est obtenu \u00e0 partir des fruits de l\u2019arbre baobab. Adoptez-l\u00e0 sans plus attendre !\" \/>\n<meta name=\"robots\" content=\"index, follow, max-snippet:-1, max-image-preview:large, max-video-preview:-1\" \/>\n<link rel=\"canonical\" href=\"https:\/\/www.safinel.fr\/pt\/product-2\/oleo-de-baoba\/\" \/>\n<meta property=\"og:locale\" content=\"pt_PT\" \/>\n<meta property=\"og:type\" content=\"article\" \/>\n<meta property=\"og:title\" content=\"Huile de baobab I Bienfaits nombreux I Visage &amp; Cheveux\" \/>\n<meta property=\"og:description\" content=\"L\u2019huile de baobab\u00a0est un\u00a0produit v\u00e9g\u00e9tal\u00a0riche en antioxydants qui est obtenu \u00e0 partir des fruits de l\u2019arbre baobab. Adoptez-l\u00e0 sans plus attendre !\" \/>\n<meta property=\"og:url\" content=\"https:\/\/www.safinel.fr\/pt\/product-2\/oleo-de-baoba\/\" \/>\n<meta property=\"og:site_name\" content=\"Safinel\" \/>\n<meta property=\"article:modified_time\" content=\"2024-03-30T18:12:09+00:00\" \/>\n<meta property=\"og:image\" content=\"https:\/\/www.safinel.fr\/wp-content\/uploads\/2023\/02\/huile-de-baobab.jpg.webp\" \/>\n\t<meta property=\"og:image:width\" content=\"600\" \/>\n\t<meta property=\"og:image:height\" content=\"600\" \/>\n\t<meta property=\"og:image:type\" content=\"image\/webp\" \/>\n<meta name=\"twitter:card\" content=\"summary_large_image\" \/>\n<meta name=\"twitter:label1\" content=\"Tempo estimado de leitura\" \/>\n\t<meta name=\"twitter:data1\" content=\"3 minutos\" \/>\n<script type=\"application\/ld+json\" class=\"yoast-schema-graph\">{\"@context\":\"https:\/\/schema.org\",\"@graph\":[{\"@type\":\"WebPage\",\"@id\":\"https:\/\/www.safinel.fr\/produit\/huile-de-baobab\/\",\"url\":\"https:\/\/www.safinel.fr\/produit\/huile-de-baobab\/\",\"name\":\"Huile de baobab I Bienfaits nombreux I Visage & Cheveux\",\"isPartOf\":{\"@id\":\"https:\/\/www.safinel.fr\/#website\"},\"primaryImageOfPage\":{\"@id\":\"https:\/\/www.safinel.fr\/produit\/huile-de-baobab\/#primaryimage\"},\"image\":{\"@id\":\"https:\/\/www.safinel.fr\/produit\/huile-de-baobab\/#primaryimage\"},\"thumbnailUrl\":\"https:\/\/www.safinel.fr\/wp-content\/uploads\/2023\/02\/huile-de-baobab.jpg.webp\",\"datePublished\":\"2023-02-10T12:00:38+00:00\",\"dateModified\":\"2024-03-30T18:12:09+00:00\",\"description\":\"L\u2019huile de baobab\u00a0est un\u00a0produit v\u00e9g\u00e9tal\u00a0riche en antioxydants qui est obtenu \u00e0 partir des fruits de l\u2019arbre baobab. Adoptez-l\u00e0 sans plus attendre !\",\"breadcrumb\":{\"@id\":\"https:\/\/www.safinel.fr\/produit\/huile-de-baobab\/#breadcrumb\"},\"inLanguage\":\"pt-PT\",\"potentialAction\":[{\"@type\":\"ReadAction\",\"target\":[\"https:\/\/www.safinel.fr\/produit\/huile-de-baobab\/\"]}]},{\"@type\":\"ImageObject\",\"inLanguage\":\"pt-PT\",\"@id\":\"https:\/\/www.safinel.fr\/produit\/huile-de-baobab\/#primaryimage\",\"url\":\"https:\/\/www.safinel.fr\/wp-content\/uploads\/2023\/02\/huile-de-baobab.jpg.webp\",\"contentUrl\":\"https:\/\/www.safinel.fr\/wp-content\/uploads\/2023\/02\/huile-de-baobab.jpg.webp\",\"width\":600,\"height\":600,\"caption\":\"Huile de baobab 50ml\"},{\"@type\":\"BreadcrumbList\",\"@id\":\"https:\/\/www.safinel.fr\/produit\/huile-de-baobab\/#breadcrumb\",\"itemListElement\":[{\"@type\":\"ListItem\",\"position\":1,\"name\":\"Accueil\",\"item\":\"https:\/\/www.safinel.fr\/\"},{\"@type\":\"ListItem\",\"position\":2,\"name\":\"Boutique\",\"item\":\"https:\/\/www.safinel.fr\/boutique\/\"},{\"@type\":\"ListItem\",\"position\":3,\"name\":\"Huile de baobab 50ml\"}]},{\"@type\":\"WebSite\",\"@id\":\"https:\/\/www.safinel.fr\/#website\",\"url\":\"https:\/\/www.safinel.fr\/\",\"name\":\"Safinel\",\"description\":\"\",\"publisher\":{\"@id\":\"https:\/\/www.safinel.fr\/#organization\"},\"potentialAction\":[{\"@type\":\"SearchAction\",\"target\":{\"@type\":\"EntryPoint\",\"urlTemplate\":\"https:\/\/www.safinel.fr\/?s={search_term_string}\"},\"query-input\":{\"@type\":\"PropertyValueSpecification\",\"valueRequired\":true,\"valueName\":\"search_term_string\"}}],\"inLanguage\":\"pt-PT\"},{\"@type\":\"Organization\",\"@id\":\"https:\/\/www.safinel.fr\/#organization\",\"name\":\"Safinel\",\"url\":\"https:\/\/www.safinel.fr\/\",\"logo\":{\"@type\":\"ImageObject\",\"inLanguage\":\"pt-PT\",\"@id\":\"https:\/\/www.safinel.fr\/#\/schema\/logo\/image\/\",\"url\":\"https:\/\/www.safinel.fr\/wp-content\/uploads\/2021\/05\/boutique-cosmetique.png\",\"contentUrl\":\"https:\/\/www.safinel.fr\/wp-content\/uploads\/2021\/05\/boutique-cosmetique.png\",\"width\":800,\"height\":200,\"caption\":\"Safinel\"},\"image\":{\"@id\":\"https:\/\/www.safinel.fr\/#\/schema\/logo\/image\/\"}}]}<\/script>\n<!-- \/ Yoast SEO plugin. -->","yoast_head_json":{"title":"\u00d3leo de baob\u00e1 I In\u00fameros benef\u00edcios I Rosto e cabelo","description":"O \u00f3leo de baob\u00e1 \u00e9 um produto vegetal rico em antioxidantes, obtido a partir dos frutos da \u00e1rvore de baob\u00e1. Adote-o sem mais demora!","robots":{"index":"index","follow":"follow","max-snippet":"max-snippet:-1","max-image-preview":"max-image-preview:large","max-video-preview":"max-video-preview:-1"},"canonical":"https:\/\/www.safinel.fr\/pt\/product-2\/oleo-de-baoba\/","og_locale":"pt_PT","og_type":"article","og_title":"Huile de baobab I Bienfaits nombreux I Visage & Cheveux","og_description":"L\u2019huile de baobab\u00a0est un\u00a0produit v\u00e9g\u00e9tal\u00a0riche en antioxydants qui est obtenu \u00e0 partir des fruits de l\u2019arbre baobab. Adoptez-l\u00e0 sans plus attendre !","og_url":"https:\/\/www.safinel.fr\/pt\/product-2\/oleo-de-baoba\/","og_site_name":"Safinel","article_modified_time":"2024-03-30T18:12:09+00:00","og_image":[{"width":600,"height":600,"url":"https:\/\/www.safinel.fr\/wp-content\/uploads\/2023\/02\/huile-de-baobab.jpg.webp","type":"image\/webp"}],"twitter_card":"summary_large_image","twitter_misc":{"Tempo estimado de leitura":"3 minutos"},"schema":{"@context":"https:\/\/schema.org","@graph":[{"@type":"WebPage","@id":"https:\/\/www.safinel.fr\/produit\/huile-de-baobab\/","url":"https:\/\/www.safinel.fr\/produit\/huile-de-baobab\/","name":"\u00d3leo de baob\u00e1 I In\u00fameros benef\u00edcios I Rosto e cabelo","isPartOf":{"@id":"https:\/\/www.safinel.fr\/#website"},"primaryImageOfPage":{"@id":"https:\/\/www.safinel.fr\/produit\/huile-de-baobab\/#primaryimage"},"image":{"@id":"https:\/\/www.safinel.fr\/produit\/huile-de-baobab\/#primaryimage"},"thumbnailUrl":"https:\/\/www.safinel.fr\/wp-content\/uploads\/2023\/02\/huile-de-baobab.jpg.webp","datePublished":"2023-02-10T12:00:38+00:00","dateModified":"2024-03-30T18:12:09+00:00","description":"O \u00f3leo de baob\u00e1 \u00e9 um produto vegetal rico em antioxidantes, obtido a partir dos frutos da \u00e1rvore de baob\u00e1. Adote-o sem mais demora!","breadcrumb":{"@id":"https:\/\/www.safinel.fr\/produit\/huile-de-baobab\/#breadcrumb"},"inLanguage":"pt-PT","potentialAction":[{"@type":"ReadAction","target":["https:\/\/www.safinel.fr\/produit\/huile-de-baobab\/"]}]},{"@type":"ImageObject","inLanguage":"pt-PT","@id":"https:\/\/www.safinel.fr\/produit\/huile-de-baobab\/#primaryimage","url":"https:\/\/www.safinel.fr\/wp-content\/uploads\/2023\/02\/huile-de-baobab.jpg.webp","contentUrl":"https:\/\/www.safinel.fr\/wp-content\/uploads\/2023\/02\/huile-de-baobab.jpg.webp","width":600,"height":600,"caption":"Huile de baobab 50ml"},{"@type":"BreadcrumbList","@id":"https:\/\/www.safinel.fr\/produit\/huile-de-baobab\/#breadcrumb","itemListElement":[{"@type":"ListItem","position":1,"name":"Accueil","item":"https:\/\/www.safinel.fr\/"},{"@type":"ListItem","position":2,"name":"Boutique","item":"https:\/\/www.safinel.fr\/boutique\/"},{"@type":"ListItem","position":3,"name":"Huile de baobab 50ml"}]},{"@type":"WebSite","@id":"https:\/\/www.safinel.fr\/#website","url":"https:\/\/www.safinel.fr\/","name":"Safinel","description":"","publisher":{"@id":"https:\/\/www.safinel.fr\/#organization"},"potentialAction":[{"@type":"SearchAction","target":{"@type":"EntryPoint","urlTemplate":"https:\/\/www.safinel.fr\/?s={search_term_string}"},"query-input":{"@type":"PropertyValueSpecification","valueRequired":true,"valueName":"search_term_string"}}],"inLanguage":"pt-PT"},{"@type":"Organization","@id":"https:\/\/www.safinel.fr\/#organization","name":"Safinel","url":"https:\/\/www.safinel.fr\/","logo":{"@type":"ImageObject","inLanguage":"pt-PT","@id":"https:\/\/www.safinel.fr\/#\/schema\/logo\/image\/","url":"https:\/\/www.safinel.fr\/wp-content\/uploads\/2021\/05\/boutique-cosmetique.png","contentUrl":"https:\/\/www.safinel.fr\/wp-content\/uploads\/2021\/05\/boutique-cosmetique.png","width":800,"height":200,"caption":"Safinel"},"image":{"@id":"https:\/\/www.safinel.fr\/#\/schema\/logo\/image\/"}}]}},"_links":{"self":[{"href":"https:\/\/www.safinel.fr\/pt\/wp-json\/wp\/v2\/product\/4567","targetHints":{"allow":["GET"]}}],"collection":[{"href":"https:\/\/www.safinel.fr\/pt\/wp-json\/wp\/v2\/product"}],"about":[{"href":"https:\/\/www.safinel.fr\/pt\/wp-json\/wp\/v2\/types\/product"}],"wp:featuredmedia":[{"embeddable":true,"href":"https:\/\/www.safinel.fr\/pt\/wp-json\/wp\/v2\/media\/4568"}],"wp:attachment":[{"href":"https:\/\/www.safinel.fr\/pt\/wp-json\/wp\/v2\/media?parent=4567"}],"wp:term":[{"taxonomy":"product_brand","embeddable":true,"href":"https:\/\/www.safinel.fr\/pt\/wp-json\/wp\/v2\/product_brand?post=4567"},{"taxonomy":"product_cat","embeddable":true,"href":"https:\/\/www.safinel.fr\/pt\/wp-json\/wp\/v2\/product_cat?post=4567"},{"taxonomy":"product_tag","embeddable":true,"href":"https:\/\/www.safinel.fr\/pt\/wp-json\/wp\/v2\/product_tag?post=4567"}],"curies":[{"name":"wp","href":"https:\/\/api.w.org\/{rel}","templated":true}]}}