{"id":4562,"date":"2023-02-09T18:47:18","date_gmt":"2023-02-09T18:47:18","guid":{"rendered":"https:\/\/www.safinel.fr\/?post_type=product&#038;p=4562"},"modified":"2024-04-09T20:37:45","modified_gmt":"2024-04-09T20:37:45","slug":"sabonete-kojic","status":"publish","type":"product","link":"https:\/\/www.safinel.fr\/pt\/product-2\/sabonete-kojic\/","title":{"rendered":"Sabonete com \u00e1cido k\u00f3jico 100 g"},"content":{"rendered":"<p>Tem alguns problemas de pele e n\u00e3o sabe como resolv\u00ea-los? A sua loja de bem-estar pode ter a solu\u00e7\u00e3o que tanto esperava! Arranje um espa\u00e7o entre os seus produtos cosm\u00e9ticos para receber o\u00a0<strong>sabonete kojic\u00a0<\/strong>!<\/p>\n<h2><strong>Tudo o que precisa saber sobre o sabonete Kojic!<\/strong><\/h2>\n<p>O sabonete Kojic \u00e9 um produto de\u00a0<strong>cuidados com o corpo<\/strong>\u00a0natural e ecol\u00f3gico que cont\u00e9m \u00e1cido k\u00f3jico, um agente antibacteriano natural que pode<strong>\u00a0<a href=\"https:\/\/www.safinel.fr\/pt\/product-2\/sabonete-de-cenoura\/\">clarear a pele<\/a><\/strong>. \u00c9 geralmente usado para limpar a pele em profundidade e remover c\u00e9lulas mortas e maquilhagem. Tamb\u00e9m \u00e9 conhecido por combater acne, manchas escuras, cicatrizes de acne e manchas da idade.<\/p>\n<p>O sabonete Kojic \u00e9 muito suave e n\u00e3o causa irrita\u00e7\u00e3o, o que o torna um excelente produto para peles sens\u00edveis e com tend\u00eancia acneica. Al\u00e9m disso, cont\u00e9m antioxidantes que podem ajudar a retardar o processo de envelhecimento da pele e a manter a sua juventude e elasticidade.<\/p>\n<h2><strong>Queremos saber mais sobre o sabonete Kojic!\u00a0<\/strong><\/h2>\n<p>Est\u00e1 interessado e quer saber mais? \u00c9 normal! Este produto \u00e9 muito utilizado por algumas pessoas, pois possui in\u00fameras virtudes!<\/p>\n<p>De facto, o\u00a0<strong>sabonete Kojie San\u00a0<\/strong>\u00e9 muito suave e n\u00e3o causa irrita\u00e7\u00e3o, o que o torna um produto muito apreciado para peles sens\u00edveis e com tend\u00eancia acneica.,<\/p>\n<p>Composto por \u00e1cido k\u00f3jico, o seu pH \u00e9 adaptado \u00e0s necessidades espec\u00edficas da pele e pode ajudar a restabelecer o equil\u00edbrio e a<strong>\u00a0sa\u00fade da pele<\/strong>. Tamb\u00e9m pode ser usado para remover maquilhagem e impurezas, deixando a pele macia e hidratada. Agora que a sua curiosidade est\u00e1 no auge, vamos falar dos seus benef\u00edcios...<\/p>\n<h2><strong>Os benef\u00edcios do sabonete kojic\u00a0<\/strong><\/h2>\n<p>A apar\u00eancia pode, por vezes, tornar-se uma obsess\u00e3o, e os problemas de pele n\u00e3o ajudam! \u00c9 por isso que a nossa loja de bem-estar deseja apresentar-lhe um\u00a0<strong>produto cosm\u00e9tico<\/strong>\u00a0dos mais ben\u00e9ficos!<\/p>\n<p>Trata-se, na verdade, do sabonete kojic. Se voc\u00ea n\u00e3o conhecia esse produto antes deste artigo, ele se tornou, para alguns, um item indispens\u00e1vel na rotina de cuidados com a pele.<strong>\u00a0cuidados cosm\u00e9ticos<\/strong>.<\/p>\n<p>Muito ben\u00e9fico para a pele, \u00e9 conhecido por ser eficaz contra as espinhas. Mas tamb\u00e9m contra manchas escuras. Al\u00e9m disso, \u00e9 igualmente apreciado por clarear as partes escuras do corpo, como as axilas! Embora seja purificante, tamb\u00e9m limpa e hidrata a pele! Como pode ver, este tesouro cosm\u00e9tico poder\u00e1 rapidamente tornar-se um dos seus produtos indispens\u00e1veis!<\/p>\n<h3><strong>Como tirar partido deste cosm\u00e9tico?<\/strong><\/h3>\n<p>Este sabonete em barra com in\u00fameros benef\u00edcios convenceu-o e agora deseja saber mais sobre a sua utiliza\u00e7\u00e3o?<\/p>\n<p>Vamos l\u00e1, aqui v\u00e3o algumas dicas de cosm\u00e9ticos!<\/p>\n<p>Se quiser aproveitar os seus benef\u00edcios clareadores, primeiro deve humedecer o seu cosm\u00e9tico e n\u00e3o a \u00e1rea a ser tratada! Na verdade, embora a maioria humede\u00e7a a \u00e1rea antes de usar o sabonete, ele \u00e9 mais eficaz em \u00e1reas secas!<\/p>\n<p>Em seguida, aplique o seu<strong>\u00a0sabonete s\u00f3lido kojic<\/strong>\u00a0com movimentos circulares. Deixe repousar alguns minutos e enxague bem com \u00e1gua morna.<\/p>","protected":false},"excerpt":{"rendered":"<p>Tem alguns problemas de pele e n\u00e3o sabe como resolv\u00ea-los? A sua loja de bem-estar pode ter a solu\u00e7\u00e3o que tanto esperava! Arranje um espa\u00e7o entre os seus produtos cosm\u00e9ticos para receber o sabonete kojic! Saiba tudo sobre o sabonete Kojic! O sabonete Kojic \u00e9 um [\u2026]","protected":false},"featured_media":4563,"template":"","meta":[],"product_brand":[],"product_cat":[123],"product_tag":[],"class_list":{"0":"post-4562","1":"product","2":"type-product","3":"status-publish","4":"has-post-thumbnail","6":"product_cat-savon","8":"first","9":"outofstock","10":"shipping-taxable","11":"purchasable","12":"product-type-simple"},"yoast_head":"<!-- This site is optimized with the Yoast SEO plugin v26.6 - https:\/\/yoast.com\/wordpress\/plugins\/seo\/ -->\n<title>Savon Kojic I Savon \u00e0 l&#039;acide Kojic I Contenance 100g<\/title>\n<meta name=\"description\" content=\"Faites un peu de place au sein de vos produits cosm\u00e9tiques afin d&#039;accueillir le\u00a0savon kojic\u00a0! Id\u00e9al pour \u00e9claircir la peau !\" \/>\n<meta name=\"robots\" content=\"index, follow, max-snippet:-1, max-image-preview:large, max-video-preview:-1\" \/>\n<link rel=\"canonical\" href=\"https:\/\/www.safinel.fr\/pt\/product-2\/sabonete-kojic\/\" \/>\n<meta property=\"og:locale\" content=\"pt_PT\" \/>\n<meta property=\"og:type\" content=\"article\" \/>\n<meta property=\"og:title\" content=\"Savon Kojic I Savon \u00e0 l&#039;acide Kojic I Contenance 100g\" \/>\n<meta property=\"og:description\" content=\"Faites un peu de place au sein de vos produits cosm\u00e9tiques afin d&#039;accueillir le\u00a0savon kojic\u00a0! Id\u00e9al pour \u00e9claircir la peau !\" \/>\n<meta property=\"og:url\" content=\"https:\/\/www.safinel.fr\/pt\/product-2\/sabonete-kojic\/\" \/>\n<meta property=\"og:site_name\" content=\"Safinel\" \/>\n<meta property=\"article:modified_time\" content=\"2024-04-09T20:37:45+00:00\" \/>\n<meta property=\"og:image\" content=\"https:\/\/www.safinel.fr\/wp-content\/uploads\/2023\/02\/savon-Kojic.jpg\" \/>\n\t<meta property=\"og:image:width\" content=\"600\" \/>\n\t<meta property=\"og:image:height\" content=\"600\" \/>\n\t<meta property=\"og:image:type\" content=\"image\/jpeg\" \/>\n<meta name=\"twitter:card\" content=\"summary_large_image\" \/>\n<meta name=\"twitter:label1\" content=\"Tempo estimado de leitura\" \/>\n\t<meta name=\"twitter:data1\" content=\"3 minutos\" \/>\n<script type=\"application\/ld+json\" class=\"yoast-schema-graph\">{\"@context\":\"https:\/\/schema.org\",\"@graph\":[{\"@type\":\"WebPage\",\"@id\":\"https:\/\/www.safinel.fr\/produit\/savon-kojic\/\",\"url\":\"https:\/\/www.safinel.fr\/produit\/savon-kojic\/\",\"name\":\"Savon Kojic I Savon \u00e0 l'acide Kojic I Contenance 100g\",\"isPartOf\":{\"@id\":\"https:\/\/www.safinel.fr\/#website\"},\"primaryImageOfPage\":{\"@id\":\"https:\/\/www.safinel.fr\/produit\/savon-kojic\/#primaryimage\"},\"image\":{\"@id\":\"https:\/\/www.safinel.fr\/produit\/savon-kojic\/#primaryimage\"},\"thumbnailUrl\":\"https:\/\/www.safinel.fr\/wp-content\/uploads\/2023\/02\/savon-Kojic.jpg\",\"datePublished\":\"2023-02-09T18:47:18+00:00\",\"dateModified\":\"2024-04-09T20:37:45+00:00\",\"description\":\"Faites un peu de place au sein de vos produits cosm\u00e9tiques afin d'accueillir le\u00a0savon kojic\u00a0! Id\u00e9al pour \u00e9claircir la peau !\",\"breadcrumb\":{\"@id\":\"https:\/\/www.safinel.fr\/produit\/savon-kojic\/#breadcrumb\"},\"inLanguage\":\"pt-PT\",\"potentialAction\":[{\"@type\":\"ReadAction\",\"target\":[\"https:\/\/www.safinel.fr\/produit\/savon-kojic\/\"]}]},{\"@type\":\"ImageObject\",\"inLanguage\":\"pt-PT\",\"@id\":\"https:\/\/www.safinel.fr\/produit\/savon-kojic\/#primaryimage\",\"url\":\"https:\/\/www.safinel.fr\/wp-content\/uploads\/2023\/02\/savon-Kojic.jpg\",\"contentUrl\":\"https:\/\/www.safinel.fr\/wp-content\/uploads\/2023\/02\/savon-Kojic.jpg\",\"width\":600,\"height\":600,\"caption\":\"savon Kojic\"},{\"@type\":\"BreadcrumbList\",\"@id\":\"https:\/\/www.safinel.fr\/produit\/savon-kojic\/#breadcrumb\",\"itemListElement\":[{\"@type\":\"ListItem\",\"position\":1,\"name\":\"Accueil\",\"item\":\"https:\/\/www.safinel.fr\/\"},{\"@type\":\"ListItem\",\"position\":2,\"name\":\"Boutique\",\"item\":\"https:\/\/www.safinel.fr\/boutique\/\"},{\"@type\":\"ListItem\",\"position\":3,\"name\":\"Savon \u00e0 l&#8217;acide kojic 100g\"}]},{\"@type\":\"WebSite\",\"@id\":\"https:\/\/www.safinel.fr\/#website\",\"url\":\"https:\/\/www.safinel.fr\/\",\"name\":\"Safinel\",\"description\":\"\",\"publisher\":{\"@id\":\"https:\/\/www.safinel.fr\/#organization\"},\"potentialAction\":[{\"@type\":\"SearchAction\",\"target\":{\"@type\":\"EntryPoint\",\"urlTemplate\":\"https:\/\/www.safinel.fr\/?s={search_term_string}\"},\"query-input\":{\"@type\":\"PropertyValueSpecification\",\"valueRequired\":true,\"valueName\":\"search_term_string\"}}],\"inLanguage\":\"pt-PT\"},{\"@type\":\"Organization\",\"@id\":\"https:\/\/www.safinel.fr\/#organization\",\"name\":\"Safinel\",\"url\":\"https:\/\/www.safinel.fr\/\",\"logo\":{\"@type\":\"ImageObject\",\"inLanguage\":\"pt-PT\",\"@id\":\"https:\/\/www.safinel.fr\/#\/schema\/logo\/image\/\",\"url\":\"https:\/\/www.safinel.fr\/wp-content\/uploads\/2021\/05\/boutique-cosmetique.png\",\"contentUrl\":\"https:\/\/www.safinel.fr\/wp-content\/uploads\/2021\/05\/boutique-cosmetique.png\",\"width\":800,\"height\":200,\"caption\":\"Safinel\"},\"image\":{\"@id\":\"https:\/\/www.safinel.fr\/#\/schema\/logo\/image\/\"}}]}<\/script>\n<!-- \/ Yoast SEO plugin. -->","yoast_head_json":{"title":"Sabonete Kojic I Sabonete com \u00e1cido Kojic I Conte\u00fado 100 g","description":"Abra espa\u00e7o entre os seus produtos cosm\u00e9ticos para receber o sabonete kojic! Ideal para clarear a pele!","robots":{"index":"index","follow":"follow","max-snippet":"max-snippet:-1","max-image-preview":"max-image-preview:large","max-video-preview":"max-video-preview:-1"},"canonical":"https:\/\/www.safinel.fr\/pt\/product-2\/sabonete-kojic\/","og_locale":"pt_PT","og_type":"article","og_title":"Savon Kojic I Savon \u00e0 l'acide Kojic I Contenance 100g","og_description":"Faites un peu de place au sein de vos produits cosm\u00e9tiques afin d'accueillir le\u00a0savon kojic\u00a0! Id\u00e9al pour \u00e9claircir la peau !","og_url":"https:\/\/www.safinel.fr\/pt\/product-2\/sabonete-kojic\/","og_site_name":"Safinel","article_modified_time":"2024-04-09T20:37:45+00:00","og_image":[{"width":600,"height":600,"url":"https:\/\/www.safinel.fr\/wp-content\/uploads\/2023\/02\/savon-Kojic.jpg","type":"image\/jpeg"}],"twitter_card":"summary_large_image","twitter_misc":{"Tempo estimado de leitura":"3 minutos"},"schema":{"@context":"https:\/\/schema.org","@graph":[{"@type":"WebPage","@id":"https:\/\/www.safinel.fr\/produit\/savon-kojic\/","url":"https:\/\/www.safinel.fr\/produit\/savon-kojic\/","name":"Sabonete Kojic I Sabonete com \u00e1cido Kojic I Conte\u00fado 100 g","isPartOf":{"@id":"https:\/\/www.safinel.fr\/#website"},"primaryImageOfPage":{"@id":"https:\/\/www.safinel.fr\/produit\/savon-kojic\/#primaryimage"},"image":{"@id":"https:\/\/www.safinel.fr\/produit\/savon-kojic\/#primaryimage"},"thumbnailUrl":"https:\/\/www.safinel.fr\/wp-content\/uploads\/2023\/02\/savon-Kojic.jpg","datePublished":"2023-02-09T18:47:18+00:00","dateModified":"2024-04-09T20:37:45+00:00","description":"Abra espa\u00e7o entre os seus produtos cosm\u00e9ticos para receber o sabonete kojic! Ideal para clarear a pele!","breadcrumb":{"@id":"https:\/\/www.safinel.fr\/produit\/savon-kojic\/#breadcrumb"},"inLanguage":"pt-PT","potentialAction":[{"@type":"ReadAction","target":["https:\/\/www.safinel.fr\/produit\/savon-kojic\/"]}]},{"@type":"ImageObject","inLanguage":"pt-PT","@id":"https:\/\/www.safinel.fr\/produit\/savon-kojic\/#primaryimage","url":"https:\/\/www.safinel.fr\/wp-content\/uploads\/2023\/02\/savon-Kojic.jpg","contentUrl":"https:\/\/www.safinel.fr\/wp-content\/uploads\/2023\/02\/savon-Kojic.jpg","width":600,"height":600,"caption":"savon Kojic"},{"@type":"BreadcrumbList","@id":"https:\/\/www.safinel.fr\/produit\/savon-kojic\/#breadcrumb","itemListElement":[{"@type":"ListItem","position":1,"name":"Accueil","item":"https:\/\/www.safinel.fr\/"},{"@type":"ListItem","position":2,"name":"Boutique","item":"https:\/\/www.safinel.fr\/boutique\/"},{"@type":"ListItem","position":3,"name":"Savon \u00e0 l&#8217;acide kojic 100g"}]},{"@type":"WebSite","@id":"https:\/\/www.safinel.fr\/#website","url":"https:\/\/www.safinel.fr\/","name":"Safinel","description":"","publisher":{"@id":"https:\/\/www.safinel.fr\/#organization"},"potentialAction":[{"@type":"SearchAction","target":{"@type":"EntryPoint","urlTemplate":"https:\/\/www.safinel.fr\/?s={search_term_string}"},"query-input":{"@type":"PropertyValueSpecification","valueRequired":true,"valueName":"search_term_string"}}],"inLanguage":"pt-PT"},{"@type":"Organization","@id":"https:\/\/www.safinel.fr\/#organization","name":"Safinel","url":"https:\/\/www.safinel.fr\/","logo":{"@type":"ImageObject","inLanguage":"pt-PT","@id":"https:\/\/www.safinel.fr\/#\/schema\/logo\/image\/","url":"https:\/\/www.safinel.fr\/wp-content\/uploads\/2021\/05\/boutique-cosmetique.png","contentUrl":"https:\/\/www.safinel.fr\/wp-content\/uploads\/2021\/05\/boutique-cosmetique.png","width":800,"height":200,"caption":"Safinel"},"image":{"@id":"https:\/\/www.safinel.fr\/#\/schema\/logo\/image\/"}}]}},"_links":{"self":[{"href":"https:\/\/www.safinel.fr\/pt\/wp-json\/wp\/v2\/product\/4562","targetHints":{"allow":["GET"]}}],"collection":[{"href":"https:\/\/www.safinel.fr\/pt\/wp-json\/wp\/v2\/product"}],"about":[{"href":"https:\/\/www.safinel.fr\/pt\/wp-json\/wp\/v2\/types\/product"}],"wp:featuredmedia":[{"embeddable":true,"href":"https:\/\/www.safinel.fr\/pt\/wp-json\/wp\/v2\/media\/4563"}],"wp:attachment":[{"href":"https:\/\/www.safinel.fr\/pt\/wp-json\/wp\/v2\/media?parent=4562"}],"wp:term":[{"taxonomy":"product_brand","embeddable":true,"href":"https:\/\/www.safinel.fr\/pt\/wp-json\/wp\/v2\/product_brand?post=4562"},{"taxonomy":"product_cat","embeddable":true,"href":"https:\/\/www.safinel.fr\/pt\/wp-json\/wp\/v2\/product_cat?post=4562"},{"taxonomy":"product_tag","embeddable":true,"href":"https:\/\/www.safinel.fr\/pt\/wp-json\/wp\/v2\/product_tag?post=4562"}],"curies":[{"name":"wp","href":"https:\/\/api.w.org\/{rel}","templated":true}]}}