{"id":4493,"date":"2023-02-05T18:20:34","date_gmt":"2023-02-05T18:20:34","guid":{"rendered":"https:\/\/www.safinel.fr\/?post_type=product&#038;p=4493"},"modified":"2024-03-30T18:12:19","modified_gmt":"2024-03-30T18:12:19","slug":"oleo-de-feno-grego","status":"publish","type":"product","link":"https:\/\/www.safinel.fr\/pt\/product-2\/oleo-de-feno-grego\/","title":{"rendered":"\u00d3leo de feno-grego 50 ml"},"content":{"rendered":"<p>L<strong>\u2019\u00d3leo de feno-grego prensado a frio<\/strong>\u00a0\u00e9 obtida atrav\u00e9s da prensagem a frio das sementes da planta. \u00c9 rica em nutrientes e vitaminas e possui in\u00fameras propriedades ben\u00e9ficas. Este \u00f3leo \u00e9 tradicionalmente utilizado para estimular o apetite, promover a lacta\u00e7\u00e3o e o desenvolvimento do peito ou da massa muscular.<\/p>\n<h2><strong>\u00d3leo de feno-grego prensado a frio: queremos saber mais!<\/strong><\/h2>\n<p>\u00c9 tamb\u00e9m conhecida por ser um recurso natural para aumentar o volume dos gl\u00fateos, do peito ou das ancas. Pode tamb\u00e9m ser aplicada na pele para eliminar manchas escuras e outras imperfei\u00e7\u00f5es.<strong>\u00a0imperfei\u00e7\u00f5es<\/strong>.<\/p>\n<p>O \u00f3leo de feno-grego \u00e9 conhecido em algumas comunidades por ajudar a aumentar o volume e a firmeza dos gl\u00fateos e ancas.<\/p>\n<p>Para tentar obter melhores resultados, \u00e9 importante massajar bem as n\u00e1degas com \u00f3leo de feno-grego durante 10 a 15 minutos por dia, de manh\u00e3 e \u00e0 noite, para que o \u00f3leo penetre profundamente e, assim, fa\u00e7a as n\u00e1degas incharem.<\/p>\n<h2><strong>\u00d3leo de feno-grego prensado a frio: um suplemento alimentar de qualidade!<\/strong><\/h2>\n<p>Os desportistas consomem \u00f3leo de feno-grego prensado a frio devido \u00e0 sua a\u00e7\u00e3o no ganho muscular e no aumento de massa. Em desportistas, foi demonstrado que o extrato de feno-grego melhora a capacidade de resist\u00eancia. Alguns desportistas tamb\u00e9m o utilizam para aumentar os n\u00edveis de\u00a0<strong>gl\u00f3bulos vermelhos\u00a0<\/strong>e, assim, ajudar na oxigena\u00e7\u00e3o dos m\u00fasculos.<\/p>\n<p>O feno-grego \u00e9, de facto, um suplemento alimentar natural. \u00c9 rico em prote\u00ednas, fibras e minerais, e \u00e9 utilizado h\u00e1 mil\u00e9nios para regular a glicemia e para apoiar e equilibrar o metabolismo dos hidratos de carbono e dos l\u00edpidos. Pode ser tomado na forma de c\u00e1psulas ou em p\u00f3 e \u00e9 frequentemente consumido em associa\u00e7\u00e3o com uma\u00a0<strong>alimenta\u00e7\u00e3o equilibrada.<\/strong><\/p>\n<h3><strong>Os benef\u00edcios deste tesouro da natureza!<\/strong><\/h3>\n<p>O \u00f3leo de feno-grego prensado a frio \u00e9 conhecido pelos seus benef\u00edcios para a sa\u00fade e pela sua utiliza\u00e7\u00e3o na culin\u00e1ria. Na verdade, o\u00a0<strong>feno-grego\u00a0<\/strong>\u00e9 conhecido pelas suas propriedades aperitivas (abre o apetite), digestivas e tonificantes.<\/p>\n<p>A planta tamb\u00e9m \u00e9 rica em vitaminas A, B e C1, enxofre, c\u00e1lcio, magn\u00e9sio, f\u00f3sforo e antioxidantes. Os desportistas podem consumir feno-grego para promover o aumento da massa muscular!<\/p>\n<p>A nossa loja de bem-estar deseja oferecer-lhe este produto em diferentes formatos! 50, 100 ou 500 ml para os mais exigentes!<\/p>\n<h3><strong>Algumas dicas para consumir \u00f3leo de feno-grego prensado a frio!\u00a0<\/strong><\/h3>\n<ol>\n<li>Use-o como condimento culin\u00e1rio: O \u00f3leo de feno-grego prensado a frio pode ser usado como\u00a0<strong>condimento culin\u00e1rio<\/strong>. E isso para dar um sabor suave e subtil aos pratos. Pode ser adicionada a pratos salgados ou doces e \u00e9 frequentemente utilizada em molhos, sopas e marinadas.<\/li>\n<li>Fa\u00e7a misturas com outros \u00f3leos! Na verdade, ele pode ser misturado com outros \u00f3leos para criar misturas nutritivas. Que podem ser usadas para cozinhar alimentos ou para massagear o corpo.<\/li>\n<li>Use-o como suplemento alimentar! Este tesouro natural tamb\u00e9m pode ser consumido na forma de\u00a0<a href=\"https:\/\/www.safinel.fr\/pt\/product-2\/cartilagem-de-tubarao\/\"><strong>suplemento alimentar<\/strong><\/a>\u00a0para ajudar a manter um bom equil\u00edbrio nutricional. Pode tomar uma ou duas colheres de ch\u00e1 por dia com \u00e1gua antes de cada refei\u00e7\u00e3o.<\/li>\n<li>Na aromaterapia: Pode ser utilizada na aromaterapia pelas suas propriedades relaxantes e efeitos ben\u00e9ficos no sistema nervoso. Pode utiliz\u00e1-la num difusor ou num banho quente para desfrutar dos seus benef\u00edcios.<\/li>\n<li>Nos cuidados com a pele! Este \u00f3leo pode ser usado como um\u00a0<strong>hidratante natural\u00a0<\/strong>para a pele e pelas suas propriedades anti-inflamat\u00f3rias.<\/li>\n<\/ol>","protected":false},"excerpt":{"rendered":"<p>O \u00f3leo de feno-grego prensado a frio \u00e9 obtido atrav\u00e9s da prensagem a frio das sementes da planta. \u00c9 rico em nutrientes e vitaminas e possui in\u00fameras propriedades ben\u00e9ficas. Este \u00f3leo \u00e9 tradicionalmente utilizado para estimular o apetite, promover a lacta\u00e7\u00e3o e o desenvolvimento do peito ou da massa muscular. O \u00f3leo de feno-grego prensado [\u2026]","protected":false},"featured_media":4494,"template":"","meta":[],"product_brand":[],"product_cat":[122],"product_tag":[],"class_list":{"0":"post-4493","1":"product","2":"type-product","3":"status-publish","4":"has-post-thumbnail","6":"product_cat-huile-vegetale","8":"first","9":"instock","10":"shipping-taxable","11":"purchasable","12":"product-type-simple"},"yoast_head":"<!-- This site is optimized with the Yoast SEO plugin v26.6 - https:\/\/yoast.com\/wordpress\/plugins\/seo\/ -->\n<title>Huile de fenugrec I Id\u00e9al pour la poitrine et les cheveux I 50ml<\/title>\n<meta name=\"description\" content=\"L\u2019huile de fenugrec pression \u00e0 froid\u00a0est obtenue suite \u00e0 la pression \u00e0 froid des graines de la plante. Elle est riche en nutriments et vitamines.\" \/>\n<meta name=\"robots\" content=\"index, follow, max-snippet:-1, max-image-preview:large, max-video-preview:-1\" \/>\n<link rel=\"canonical\" href=\"https:\/\/www.safinel.fr\/pt\/product-2\/oleo-de-feno-grego\/\" \/>\n<meta property=\"og:locale\" content=\"pt_PT\" \/>\n<meta property=\"og:type\" content=\"article\" \/>\n<meta property=\"og:title\" content=\"Huile de fenugrec I Id\u00e9al pour la poitrine et les cheveux I 50ml\" \/>\n<meta property=\"og:description\" content=\"L\u2019huile de fenugrec pression \u00e0 froid\u00a0est obtenue suite \u00e0 la pression \u00e0 froid des graines de la plante. Elle est riche en nutriments et vitamines.\" \/>\n<meta property=\"og:url\" content=\"https:\/\/www.safinel.fr\/pt\/product-2\/oleo-de-feno-grego\/\" \/>\n<meta property=\"og:site_name\" content=\"Safinel\" \/>\n<meta property=\"article:modified_time\" content=\"2024-03-30T18:12:19+00:00\" \/>\n<meta property=\"og:image\" content=\"https:\/\/www.safinel.fr\/wp-content\/uploads\/2023\/02\/huile-de-fenugrec-1.jpg.webp\" \/>\n\t<meta property=\"og:image:width\" content=\"600\" \/>\n\t<meta property=\"og:image:height\" content=\"600\" \/>\n\t<meta property=\"og:image:type\" content=\"image\/webp\" \/>\n<meta name=\"twitter:card\" content=\"summary_large_image\" \/>\n<meta name=\"twitter:label1\" content=\"Tempo estimado de leitura\" \/>\n\t<meta name=\"twitter:data1\" content=\"3 minutos\" \/>\n<script type=\"application\/ld+json\" class=\"yoast-schema-graph\">{\"@context\":\"https:\/\/schema.org\",\"@graph\":[{\"@type\":\"WebPage\",\"@id\":\"https:\/\/www.safinel.fr\/produit\/huile-de-fenugrec\/\",\"url\":\"https:\/\/www.safinel.fr\/produit\/huile-de-fenugrec\/\",\"name\":\"Huile de fenugrec I Id\u00e9al pour la poitrine et les cheveux I 50ml\",\"isPartOf\":{\"@id\":\"https:\/\/www.safinel.fr\/#website\"},\"primaryImageOfPage\":{\"@id\":\"https:\/\/www.safinel.fr\/produit\/huile-de-fenugrec\/#primaryimage\"},\"image\":{\"@id\":\"https:\/\/www.safinel.fr\/produit\/huile-de-fenugrec\/#primaryimage\"},\"thumbnailUrl\":\"https:\/\/www.safinel.fr\/wp-content\/uploads\/2023\/02\/huile-de-fenugrec-1.jpg.webp\",\"datePublished\":\"2023-02-05T18:20:34+00:00\",\"dateModified\":\"2024-03-30T18:12:19+00:00\",\"description\":\"L\u2019huile de fenugrec pression \u00e0 froid\u00a0est obtenue suite \u00e0 la pression \u00e0 froid des graines de la plante. Elle est riche en nutriments et vitamines.\",\"breadcrumb\":{\"@id\":\"https:\/\/www.safinel.fr\/produit\/huile-de-fenugrec\/#breadcrumb\"},\"inLanguage\":\"pt-PT\",\"potentialAction\":[{\"@type\":\"ReadAction\",\"target\":[\"https:\/\/www.safinel.fr\/produit\/huile-de-fenugrec\/\"]}]},{\"@type\":\"ImageObject\",\"inLanguage\":\"pt-PT\",\"@id\":\"https:\/\/www.safinel.fr\/produit\/huile-de-fenugrec\/#primaryimage\",\"url\":\"https:\/\/www.safinel.fr\/wp-content\/uploads\/2023\/02\/huile-de-fenugrec-1.jpg.webp\",\"contentUrl\":\"https:\/\/www.safinel.fr\/wp-content\/uploads\/2023\/02\/huile-de-fenugrec-1.jpg.webp\",\"width\":600,\"height\":600,\"caption\":\"Huile de fenugrec 50ml\"},{\"@type\":\"BreadcrumbList\",\"@id\":\"https:\/\/www.safinel.fr\/produit\/huile-de-fenugrec\/#breadcrumb\",\"itemListElement\":[{\"@type\":\"ListItem\",\"position\":1,\"name\":\"Accueil\",\"item\":\"https:\/\/www.safinel.fr\/\"},{\"@type\":\"ListItem\",\"position\":2,\"name\":\"Boutique\",\"item\":\"https:\/\/www.safinel.fr\/boutique\/\"},{\"@type\":\"ListItem\",\"position\":3,\"name\":\"Huile de fenugrec 50ml\"}]},{\"@type\":\"WebSite\",\"@id\":\"https:\/\/www.safinel.fr\/#website\",\"url\":\"https:\/\/www.safinel.fr\/\",\"name\":\"Safinel\",\"description\":\"\",\"publisher\":{\"@id\":\"https:\/\/www.safinel.fr\/#organization\"},\"potentialAction\":[{\"@type\":\"SearchAction\",\"target\":{\"@type\":\"EntryPoint\",\"urlTemplate\":\"https:\/\/www.safinel.fr\/?s={search_term_string}\"},\"query-input\":{\"@type\":\"PropertyValueSpecification\",\"valueRequired\":true,\"valueName\":\"search_term_string\"}}],\"inLanguage\":\"pt-PT\"},{\"@type\":\"Organization\",\"@id\":\"https:\/\/www.safinel.fr\/#organization\",\"name\":\"Safinel\",\"url\":\"https:\/\/www.safinel.fr\/\",\"logo\":{\"@type\":\"ImageObject\",\"inLanguage\":\"pt-PT\",\"@id\":\"https:\/\/www.safinel.fr\/#\/schema\/logo\/image\/\",\"url\":\"https:\/\/www.safinel.fr\/wp-content\/uploads\/2021\/05\/boutique-cosmetique.png\",\"contentUrl\":\"https:\/\/www.safinel.fr\/wp-content\/uploads\/2021\/05\/boutique-cosmetique.png\",\"width\":800,\"height\":200,\"caption\":\"Safinel\"},\"image\":{\"@id\":\"https:\/\/www.safinel.fr\/#\/schema\/logo\/image\/\"}}]}<\/script>\n<!-- \/ Yoast SEO plugin. -->","yoast_head_json":{"title":"\u00d3leo de feno-grego I Ideal para o peito e o cabelo I 50 ml","description":"O \u00f3leo de feno-grego prensado a frio \u00e9 obtido atrav\u00e9s da prensagem a frio das sementes da planta. \u00c9 rico em nutrientes e vitaminas.","robots":{"index":"index","follow":"follow","max-snippet":"max-snippet:-1","max-image-preview":"max-image-preview:large","max-video-preview":"max-video-preview:-1"},"canonical":"https:\/\/www.safinel.fr\/pt\/product-2\/oleo-de-feno-grego\/","og_locale":"pt_PT","og_type":"article","og_title":"Huile de fenugrec I Id\u00e9al pour la poitrine et les cheveux I 50ml","og_description":"L\u2019huile de fenugrec pression \u00e0 froid\u00a0est obtenue suite \u00e0 la pression \u00e0 froid des graines de la plante. Elle est riche en nutriments et vitamines.","og_url":"https:\/\/www.safinel.fr\/pt\/product-2\/oleo-de-feno-grego\/","og_site_name":"Safinel","article_modified_time":"2024-03-30T18:12:19+00:00","og_image":[{"width":600,"height":600,"url":"https:\/\/www.safinel.fr\/wp-content\/uploads\/2023\/02\/huile-de-fenugrec-1.jpg.webp","type":"image\/webp"}],"twitter_card":"summary_large_image","twitter_misc":{"Tempo estimado de leitura":"3 minutos"},"schema":{"@context":"https:\/\/schema.org","@graph":[{"@type":"WebPage","@id":"https:\/\/www.safinel.fr\/produit\/huile-de-fenugrec\/","url":"https:\/\/www.safinel.fr\/produit\/huile-de-fenugrec\/","name":"\u00d3leo de feno-grego I Ideal para o peito e o cabelo I 50 ml","isPartOf":{"@id":"https:\/\/www.safinel.fr\/#website"},"primaryImageOfPage":{"@id":"https:\/\/www.safinel.fr\/produit\/huile-de-fenugrec\/#primaryimage"},"image":{"@id":"https:\/\/www.safinel.fr\/produit\/huile-de-fenugrec\/#primaryimage"},"thumbnailUrl":"https:\/\/www.safinel.fr\/wp-content\/uploads\/2023\/02\/huile-de-fenugrec-1.jpg.webp","datePublished":"2023-02-05T18:20:34+00:00","dateModified":"2024-03-30T18:12:19+00:00","description":"O \u00f3leo de feno-grego prensado a frio \u00e9 obtido atrav\u00e9s da prensagem a frio das sementes da planta. \u00c9 rico em nutrientes e vitaminas.","breadcrumb":{"@id":"https:\/\/www.safinel.fr\/produit\/huile-de-fenugrec\/#breadcrumb"},"inLanguage":"pt-PT","potentialAction":[{"@type":"ReadAction","target":["https:\/\/www.safinel.fr\/produit\/huile-de-fenugrec\/"]}]},{"@type":"ImageObject","inLanguage":"pt-PT","@id":"https:\/\/www.safinel.fr\/produit\/huile-de-fenugrec\/#primaryimage","url":"https:\/\/www.safinel.fr\/wp-content\/uploads\/2023\/02\/huile-de-fenugrec-1.jpg.webp","contentUrl":"https:\/\/www.safinel.fr\/wp-content\/uploads\/2023\/02\/huile-de-fenugrec-1.jpg.webp","width":600,"height":600,"caption":"Huile de fenugrec 50ml"},{"@type":"BreadcrumbList","@id":"https:\/\/www.safinel.fr\/produit\/huile-de-fenugrec\/#breadcrumb","itemListElement":[{"@type":"ListItem","position":1,"name":"Accueil","item":"https:\/\/www.safinel.fr\/"},{"@type":"ListItem","position":2,"name":"Boutique","item":"https:\/\/www.safinel.fr\/boutique\/"},{"@type":"ListItem","position":3,"name":"Huile de fenugrec 50ml"}]},{"@type":"WebSite","@id":"https:\/\/www.safinel.fr\/#website","url":"https:\/\/www.safinel.fr\/","name":"Safinel","description":"","publisher":{"@id":"https:\/\/www.safinel.fr\/#organization"},"potentialAction":[{"@type":"SearchAction","target":{"@type":"EntryPoint","urlTemplate":"https:\/\/www.safinel.fr\/?s={search_term_string}"},"query-input":{"@type":"PropertyValueSpecification","valueRequired":true,"valueName":"search_term_string"}}],"inLanguage":"pt-PT"},{"@type":"Organization","@id":"https:\/\/www.safinel.fr\/#organization","name":"Safinel","url":"https:\/\/www.safinel.fr\/","logo":{"@type":"ImageObject","inLanguage":"pt-PT","@id":"https:\/\/www.safinel.fr\/#\/schema\/logo\/image\/","url":"https:\/\/www.safinel.fr\/wp-content\/uploads\/2021\/05\/boutique-cosmetique.png","contentUrl":"https:\/\/www.safinel.fr\/wp-content\/uploads\/2021\/05\/boutique-cosmetique.png","width":800,"height":200,"caption":"Safinel"},"image":{"@id":"https:\/\/www.safinel.fr\/#\/schema\/logo\/image\/"}}]}},"_links":{"self":[{"href":"https:\/\/www.safinel.fr\/pt\/wp-json\/wp\/v2\/product\/4493","targetHints":{"allow":["GET"]}}],"collection":[{"href":"https:\/\/www.safinel.fr\/pt\/wp-json\/wp\/v2\/product"}],"about":[{"href":"https:\/\/www.safinel.fr\/pt\/wp-json\/wp\/v2\/types\/product"}],"wp:featuredmedia":[{"embeddable":true,"href":"https:\/\/www.safinel.fr\/pt\/wp-json\/wp\/v2\/media\/4494"}],"wp:attachment":[{"href":"https:\/\/www.safinel.fr\/pt\/wp-json\/wp\/v2\/media?parent=4493"}],"wp:term":[{"taxonomy":"product_brand","embeddable":true,"href":"https:\/\/www.safinel.fr\/pt\/wp-json\/wp\/v2\/product_brand?post=4493"},{"taxonomy":"product_cat","embeddable":true,"href":"https:\/\/www.safinel.fr\/pt\/wp-json\/wp\/v2\/product_cat?post=4493"},{"taxonomy":"product_tag","embeddable":true,"href":"https:\/\/www.safinel.fr\/pt\/wp-json\/wp\/v2\/product_tag?post=4493"}],"curies":[{"name":"wp","href":"https:\/\/api.w.org\/{rel}","templated":true}]}}