{"id":4483,"date":"2023-02-04T14:36:16","date_gmt":"2023-02-04T14:36:16","guid":{"rendered":"https:\/\/www.safinel.fr\/?post_type=product&#038;p=4483"},"modified":"2023-12-28T17:15:45","modified_gmt":"2023-12-28T17:15:45","slug":"oleo-de-carapate","status":"publish","type":"product","link":"https:\/\/www.safinel.fr\/pt\/product-2\/oleo-de-carapate\/","title":{"rendered":"\u00d3leo de carapate"},"content":{"rendered":"<p>O\u2019<strong>\u00f3leo de carapate\u00a0<\/strong>\u00e9 especialmente recomendado se tiver cabelos crespos, secos ou com pontas duplas. Para repar\u00e1-los e nutri-los profundamente, opte por um\u00a0<a href=\"https:\/\/www.safinel.fr\/pt\/product-category-2\/botox-capilar\/\"><strong>m\u00e1scara capilar<\/strong><\/a>\u00a0\u00e0 base deste \u00f3leo.<\/p>\n<p>Para hidratar e estimular o crescimento, aplique semanalmente \u00f3leo de carapate no cabelo ap\u00f3s o banho. Para obter benef\u00edcios para a pele, pode... N\u00e3o vamos revelar mais nada, descubra por si mesmo...<\/p>\n<h2><strong>Descubra o \u00f3leo de carapate na sua loja Safinel!<\/strong><\/h2>\n<p>O \u00f3leo de carapate \u00e9 extra\u00eddo das sementes secas do carapateiro, um pequeno arbusto selvagem origin\u00e1rio da \u00c1frica. \u00c9 muito semelhante ao \u00f3leo de\u2019<a href=\"https:\/\/www.everyday-weight-loss.com\/quels-sont-les-avantages-lies-a-lutilisation-de-lhuile-de-ricin-pour-les-cheveux\/\" target=\"_blank\" rel=\"noopener\"><strong>\u00f3leo de r\u00edcino<\/strong><\/a>, pois ambas s\u00e3o produzidas a partir das mesmas sementes secas.<\/p>\n<p>Este \u00f3leo \u00e9 muito rico em nutrientes, cont\u00e9m muitos \u00e1cidos gordos, vitaminas, nomeadamente vitamina E, \u00f3megas 6 e 9 e ricina.<\/p>\n<p>\u00c9 particularmente adequada para o tratamento de cabelos secos, crespos e cacheados e pode ser usada para estimular o crescimento e tonificar os cabelos. Al\u00e9m disso, pode ser usada na forma de\u00a0<strong>banho de \u00f3leo<\/strong>, m\u00e1scara capilar,<strong>\u00a0\u00f3leo de tratamento\u00a0<\/strong>di\u00e1ria ou s\u00e9rum.<\/p>\n<h2><strong>Os benef\u00edcios do \u00f3leo de carapate\u00a0<\/strong><\/h2>\n<p>O \u00f3leo de carapate \u00e9 conhecido pelos seus benef\u00edcios para o cabelo. Ele ajuda a restaurar a for\u00e7a e a flexibilidade do cabelo, al\u00e9m de estimular o crescimento, nutrindo-o. Este elixir \u00e9 rico em vitamina E, o que o torna um excelente aliado contra o envelhecimento da pele. \u00c9 antibacteriano e pode ser aplicado para combater infec\u00e7\u00f5es e doen\u00e7as cut\u00e2neas. Por fim, protege, nutre e repara ativamente o couro cabeludo.<\/p>\n<p>De facto, \u00e9 muito rica em nutrientes e princ\u00edpios ativos, o que a torna ideal para nutrir, proteger e reparar cabelos secos, crespos e cacheados. Tamb\u00e9m ajuda a tonificar o couro cabeludo e a combater infec\u00e7\u00f5es e doen\u00e7as do\u00a0<strong>pele gra\u00e7a\u00a0<\/strong>\u00e0s suas propriedades antibacterianas. Por fim, pode ajudar a estimular o crescimento do cabelo e a combater a propaga\u00e7\u00e3o das pontas duplas.<\/p>\n<h3><strong>Conselhos para a utiliza\u00e7\u00e3o do \u00f3leo de r\u00edcino preto:<\/strong><\/h3>\n<p>O \u00f3leo de carapate \u00e9 um \u00f3leo vegetal muito nutritivo que prov\u00e9m da carapate, uma \u00e1rvore origin\u00e1ria da \u00c1frica Ocidental. \u00c9 conhecido pelas suas propriedades hidratantes e nutritivas! E pode ser usado para tratar diferentes tipos de\u00a0<strong>pele e cabelo<\/strong>.<\/p>\n<p>Aqui est\u00e3o algumas dicas para usar o \u00f3leo de carapate:<\/p>\n<ol>\n<li>Aplique \u00f3leo de carapate na sua pele! O \u00f3leo de carapate \u00e9 conhecido pelas suas propriedades hidratantes e nutritivas. Isso torna-o um excelente produto para hidratar e proteger a pele. Pode ser aplicado no rosto e no corpo, e pode at\u00e9 servir como base para o seu\u00a0<strong>creme hidratante<\/strong>.<\/li>\n<li>Use-o no cabelo. O \u00f3leo de carapate tamb\u00e9m \u00e9 muito eficaz para hidratar o cabelo e dar-lhe brilho. Pode us\u00e1-lo misturando algumas gotas no seu\u00a0<strong>champ\u00f4\u00a0<\/strong>ou m\u00e1scara capilar para integrar na sua rotina capilar.<\/li>\n<li>Fa\u00e7a uma m\u00e1scara facial! Tamb\u00e9m pode criar um\u00a0<strong>m\u00e1scara facial\u00a0<\/strong>Misture uma colher de sopa de \u00f3leo de carapate com duas colheres de sopa de mel e algumas gotas de sumo de lim\u00e3o. Aplique a mistura no rosto 15 minutos antes de enxaguar com \u00e1gua morna.<\/li>\n<\/ol>","protected":false},"excerpt":{"rendered":"<p>L\u2019huile de carapate\u00a0est particuli\u00e8rement conseill\u00e9e si vous avez les cheveux cr\u00e9pus, secs ou fourchus. Pour les r\u00e9parer et les nourrir en profondeur, privil\u00e9giez un\u00a0masque capillaire\u00a0\u00e0 base de cette huile. Afin de les hydrater et favoriser la pousse, appliquez de mani\u00e8re hebdomadaire l\u2019huile de carapate sur vos cheveux apr\u00e8s le bain. Pour les bienfaits sur la [&#8230;]","protected":false},"featured_media":4487,"template":"","meta":[],"product_brand":[],"product_cat":[122],"product_tag":[],"class_list":{"0":"post-4483","1":"product","2":"type-product","3":"status-publish","4":"has-post-thumbnail","6":"product_cat-huile-vegetale","8":"first","9":"instock","10":"shipping-taxable","11":"purchasable","12":"product-type-variable"},"yoast_head":"<!-- This site is optimized with the Yoast SEO plugin v26.6 - https:\/\/yoast.com\/wordpress\/plugins\/seo\/ -->\n<title>Huile de carapate I Huile de ricin noir I Bienfaits nombreux<\/title>\n<meta name=\"description\" content=\"L\u2019huile de carapate\u00a0est particuli\u00e8rement conseill\u00e9e si vous avez les cheveux cr\u00e9pus, secs ou fourchus. D\u00e9couvrez-l\u00e0 sans plus attendre !\" \/>\n<meta name=\"robots\" content=\"index, follow, max-snippet:-1, max-image-preview:large, max-video-preview:-1\" \/>\n<link rel=\"canonical\" href=\"https:\/\/www.safinel.fr\/pt\/product-2\/oleo-de-carapate\/\" \/>\n<meta property=\"og:locale\" content=\"pt_PT\" \/>\n<meta property=\"og:type\" content=\"article\" \/>\n<meta property=\"og:title\" content=\"Huile de carapate I Huile de ricin noir I Bienfaits nombreux\" \/>\n<meta property=\"og:description\" content=\"L\u2019huile de carapate\u00a0est particuli\u00e8rement conseill\u00e9e si vous avez les cheveux cr\u00e9pus, secs ou fourchus. D\u00e9couvrez-l\u00e0 sans plus attendre !\" \/>\n<meta property=\"og:url\" content=\"https:\/\/www.safinel.fr\/pt\/product-2\/oleo-de-carapate\/\" \/>\n<meta property=\"og:site_name\" content=\"Safinel\" \/>\n<meta property=\"article:modified_time\" content=\"2023-12-28T17:15:45+00:00\" \/>\n<meta property=\"og:image\" content=\"https:\/\/www.safinel.fr\/wp-content\/uploads\/2023\/02\/huile-de-carapate.jpg.webp\" \/>\n\t<meta property=\"og:image:width\" content=\"600\" \/>\n\t<meta property=\"og:image:height\" content=\"600\" \/>\n\t<meta property=\"og:image:type\" content=\"image\/webp\" \/>\n<meta name=\"twitter:card\" content=\"summary_large_image\" \/>\n<meta name=\"twitter:label1\" content=\"Tempo estimado de leitura\" \/>\n\t<meta name=\"twitter:data1\" content=\"3 minutos\" \/>\n<script type=\"application\/ld+json\" class=\"yoast-schema-graph\">{\"@context\":\"https:\/\/schema.org\",\"@graph\":[{\"@type\":\"WebPage\",\"@id\":\"https:\/\/www.safinel.fr\/produit\/huile-de-carapate\/\",\"url\":\"https:\/\/www.safinel.fr\/produit\/huile-de-carapate\/\",\"name\":\"Huile de carapate I Huile de ricin noir I Bienfaits nombreux\",\"isPartOf\":{\"@id\":\"https:\/\/www.safinel.fr\/#website\"},\"primaryImageOfPage\":{\"@id\":\"https:\/\/www.safinel.fr\/produit\/huile-de-carapate\/#primaryimage\"},\"image\":{\"@id\":\"https:\/\/www.safinel.fr\/produit\/huile-de-carapate\/#primaryimage\"},\"thumbnailUrl\":\"https:\/\/www.safinel.fr\/wp-content\/uploads\/2023\/02\/huile-de-carapate.jpg.webp\",\"datePublished\":\"2023-02-04T14:36:16+00:00\",\"dateModified\":\"2023-12-28T17:15:45+00:00\",\"description\":\"L\u2019huile de carapate\u00a0est particuli\u00e8rement conseill\u00e9e si vous avez les cheveux cr\u00e9pus, secs ou fourchus. D\u00e9couvrez-l\u00e0 sans plus attendre !\",\"breadcrumb\":{\"@id\":\"https:\/\/www.safinel.fr\/produit\/huile-de-carapate\/#breadcrumb\"},\"inLanguage\":\"pt-PT\",\"potentialAction\":[{\"@type\":\"ReadAction\",\"target\":[\"https:\/\/www.safinel.fr\/produit\/huile-de-carapate\/\"]}]},{\"@type\":\"ImageObject\",\"inLanguage\":\"pt-PT\",\"@id\":\"https:\/\/www.safinel.fr\/produit\/huile-de-carapate\/#primaryimage\",\"url\":\"https:\/\/www.safinel.fr\/wp-content\/uploads\/2023\/02\/huile-de-carapate.jpg.webp\",\"contentUrl\":\"https:\/\/www.safinel.fr\/wp-content\/uploads\/2023\/02\/huile-de-carapate.jpg.webp\",\"width\":600,\"height\":600,\"caption\":\"Huile de carapate - huile de ricin noir\"},{\"@type\":\"BreadcrumbList\",\"@id\":\"https:\/\/www.safinel.fr\/produit\/huile-de-carapate\/#breadcrumb\",\"itemListElement\":[{\"@type\":\"ListItem\",\"position\":1,\"name\":\"Accueil\",\"item\":\"https:\/\/www.safinel.fr\/\"},{\"@type\":\"ListItem\",\"position\":2,\"name\":\"Boutique\",\"item\":\"https:\/\/www.safinel.fr\/boutique\/\"},{\"@type\":\"ListItem\",\"position\":3,\"name\":\"Huile de carapate\"}]},{\"@type\":\"WebSite\",\"@id\":\"https:\/\/www.safinel.fr\/#website\",\"url\":\"https:\/\/www.safinel.fr\/\",\"name\":\"Safinel\",\"description\":\"\",\"publisher\":{\"@id\":\"https:\/\/www.safinel.fr\/#organization\"},\"potentialAction\":[{\"@type\":\"SearchAction\",\"target\":{\"@type\":\"EntryPoint\",\"urlTemplate\":\"https:\/\/www.safinel.fr\/?s={search_term_string}\"},\"query-input\":{\"@type\":\"PropertyValueSpecification\",\"valueRequired\":true,\"valueName\":\"search_term_string\"}}],\"inLanguage\":\"pt-PT\"},{\"@type\":\"Organization\",\"@id\":\"https:\/\/www.safinel.fr\/#organization\",\"name\":\"Safinel\",\"url\":\"https:\/\/www.safinel.fr\/\",\"logo\":{\"@type\":\"ImageObject\",\"inLanguage\":\"pt-PT\",\"@id\":\"https:\/\/www.safinel.fr\/#\/schema\/logo\/image\/\",\"url\":\"https:\/\/www.safinel.fr\/wp-content\/uploads\/2021\/05\/boutique-cosmetique.png\",\"contentUrl\":\"https:\/\/www.safinel.fr\/wp-content\/uploads\/2021\/05\/boutique-cosmetique.png\",\"width\":800,\"height\":200,\"caption\":\"Safinel\"},\"image\":{\"@id\":\"https:\/\/www.safinel.fr\/#\/schema\/logo\/image\/\"}}]}<\/script>\n<!-- \/ Yoast SEO plugin. -->","yoast_head_json":{"title":"\u00d3leo de carapate I \u00d3leo de r\u00edcino preto I In\u00fameros benef\u00edcios","description":"O \u00f3leo de carapate \u00e9 especialmente recomendado se tiver cabelos crespos, secos ou com pontas duplas. Descubra-o sem mais demora!","robots":{"index":"index","follow":"follow","max-snippet":"max-snippet:-1","max-image-preview":"max-image-preview:large","max-video-preview":"max-video-preview:-1"},"canonical":"https:\/\/www.safinel.fr\/pt\/product-2\/oleo-de-carapate\/","og_locale":"pt_PT","og_type":"article","og_title":"Huile de carapate I Huile de ricin noir I Bienfaits nombreux","og_description":"L\u2019huile de carapate\u00a0est particuli\u00e8rement conseill\u00e9e si vous avez les cheveux cr\u00e9pus, secs ou fourchus. D\u00e9couvrez-l\u00e0 sans plus attendre !","og_url":"https:\/\/www.safinel.fr\/pt\/product-2\/oleo-de-carapate\/","og_site_name":"Safinel","article_modified_time":"2023-12-28T17:15:45+00:00","og_image":[{"width":600,"height":600,"url":"https:\/\/www.safinel.fr\/wp-content\/uploads\/2023\/02\/huile-de-carapate.jpg.webp","type":"image\/webp"}],"twitter_card":"summary_large_image","twitter_misc":{"Tempo estimado de leitura":"3 minutos"},"schema":{"@context":"https:\/\/schema.org","@graph":[{"@type":"WebPage","@id":"https:\/\/www.safinel.fr\/produit\/huile-de-carapate\/","url":"https:\/\/www.safinel.fr\/produit\/huile-de-carapate\/","name":"\u00d3leo de carapate I \u00d3leo de r\u00edcino preto I In\u00fameros benef\u00edcios","isPartOf":{"@id":"https:\/\/www.safinel.fr\/#website"},"primaryImageOfPage":{"@id":"https:\/\/www.safinel.fr\/produit\/huile-de-carapate\/#primaryimage"},"image":{"@id":"https:\/\/www.safinel.fr\/produit\/huile-de-carapate\/#primaryimage"},"thumbnailUrl":"https:\/\/www.safinel.fr\/wp-content\/uploads\/2023\/02\/huile-de-carapate.jpg.webp","datePublished":"2023-02-04T14:36:16+00:00","dateModified":"2023-12-28T17:15:45+00:00","description":"O \u00f3leo de carapate \u00e9 especialmente recomendado se tiver cabelos crespos, secos ou com pontas duplas. Descubra-o sem mais demora!","breadcrumb":{"@id":"https:\/\/www.safinel.fr\/produit\/huile-de-carapate\/#breadcrumb"},"inLanguage":"pt-PT","potentialAction":[{"@type":"ReadAction","target":["https:\/\/www.safinel.fr\/produit\/huile-de-carapate\/"]}]},{"@type":"ImageObject","inLanguage":"pt-PT","@id":"https:\/\/www.safinel.fr\/produit\/huile-de-carapate\/#primaryimage","url":"https:\/\/www.safinel.fr\/wp-content\/uploads\/2023\/02\/huile-de-carapate.jpg.webp","contentUrl":"https:\/\/www.safinel.fr\/wp-content\/uploads\/2023\/02\/huile-de-carapate.jpg.webp","width":600,"height":600,"caption":"Huile de carapate - huile de ricin noir"},{"@type":"BreadcrumbList","@id":"https:\/\/www.safinel.fr\/produit\/huile-de-carapate\/#breadcrumb","itemListElement":[{"@type":"ListItem","position":1,"name":"Accueil","item":"https:\/\/www.safinel.fr\/"},{"@type":"ListItem","position":2,"name":"Boutique","item":"https:\/\/www.safinel.fr\/boutique\/"},{"@type":"ListItem","position":3,"name":"Huile de carapate"}]},{"@type":"WebSite","@id":"https:\/\/www.safinel.fr\/#website","url":"https:\/\/www.safinel.fr\/","name":"Safinel","description":"","publisher":{"@id":"https:\/\/www.safinel.fr\/#organization"},"potentialAction":[{"@type":"SearchAction","target":{"@type":"EntryPoint","urlTemplate":"https:\/\/www.safinel.fr\/?s={search_term_string}"},"query-input":{"@type":"PropertyValueSpecification","valueRequired":true,"valueName":"search_term_string"}}],"inLanguage":"pt-PT"},{"@type":"Organization","@id":"https:\/\/www.safinel.fr\/#organization","name":"Safinel","url":"https:\/\/www.safinel.fr\/","logo":{"@type":"ImageObject","inLanguage":"pt-PT","@id":"https:\/\/www.safinel.fr\/#\/schema\/logo\/image\/","url":"https:\/\/www.safinel.fr\/wp-content\/uploads\/2021\/05\/boutique-cosmetique.png","contentUrl":"https:\/\/www.safinel.fr\/wp-content\/uploads\/2021\/05\/boutique-cosmetique.png","width":800,"height":200,"caption":"Safinel"},"image":{"@id":"https:\/\/www.safinel.fr\/#\/schema\/logo\/image\/"}}]}},"_links":{"self":[{"href":"https:\/\/www.safinel.fr\/pt\/wp-json\/wp\/v2\/product\/4483","targetHints":{"allow":["GET"]}}],"collection":[{"href":"https:\/\/www.safinel.fr\/pt\/wp-json\/wp\/v2\/product"}],"about":[{"href":"https:\/\/www.safinel.fr\/pt\/wp-json\/wp\/v2\/types\/product"}],"wp:featuredmedia":[{"embeddable":true,"href":"https:\/\/www.safinel.fr\/pt\/wp-json\/wp\/v2\/media\/4487"}],"wp:attachment":[{"href":"https:\/\/www.safinel.fr\/pt\/wp-json\/wp\/v2\/media?parent=4483"}],"wp:term":[{"taxonomy":"product_brand","embeddable":true,"href":"https:\/\/www.safinel.fr\/pt\/wp-json\/wp\/v2\/product_brand?post=4483"},{"taxonomy":"product_cat","embeddable":true,"href":"https:\/\/www.safinel.fr\/pt\/wp-json\/wp\/v2\/product_cat?post=4483"},{"taxonomy":"product_tag","embeddable":true,"href":"https:\/\/www.safinel.fr\/pt\/wp-json\/wp\/v2\/product_tag?post=4483"}],"curies":[{"name":"wp","href":"https:\/\/api.w.org\/{rel}","templated":true}]}}