{"id":4394,"date":"2023-01-30T14:08:24","date_gmt":"2023-01-30T14:08:24","guid":{"rendered":"https:\/\/www.safinel.fr\/?post_type=product&#038;p=4394"},"modified":"2023-12-28T17:15:43","modified_gmt":"2023-12-28T17:15:43","slug":"oleo-de-formiga","status":"publish","type":"product","link":"https:\/\/www.safinel.fr\/pt\/product-2\/oleo-de-formiga\/","title":{"rendered":"\u00d3leo de formiga 100 ml"},"content":{"rendered":"<p>O\u2019<strong>\u00f3leo de formiga<\/strong> \u00e9 um produto natural que oferece vantagens consider\u00e1veis e ben\u00e9ficas para a depila\u00e7\u00e3o e o barbear. Este ingrediente reapareceu recentemente no mundo da beleza e dos cosm\u00e9ticos, embora seja utilizado h\u00e1 muito tempo. As suas propriedades \u00fanicas tornam-no um produto muito apreciado pelos consumidores, e a sua popularidade n\u00e3o para de crescer.<\/p>\n<p>Descubra um produto verdadeiramente \u00fanico, com propriedades incr\u00edveis!<\/p>\n<h2><strong>Conhecendo o \u00f3leo de formiga<\/strong><\/h2>\n<p>O\u2019<strong>\u00f3leo de formiga<\/strong> \u00e9 um produto obtido a partir dos corpos das formigas. Estes s\u00e3o secos e prensados para obter uma <strong>\u00f3leo rico em nutrientes<\/strong>. \u00c9 considerada uma alternativa saud\u00e1vel aos produtos qu\u00edmicos normalmente utilizados em produtos para a pele e cabelo. \u00c9 rica em \u00f3mega 3 e antioxidantes, o que a torna um produto muito nutritivo.<\/p>\n<p>O\u2019<strong>\u00f3leo de formiga<\/strong> tamb\u00e9m \u00e9 rica em \u00e1cidos gordos, como o \u00e1cido oleico, o \u00e1cido linoleico e o \u00e1cido este\u00e1rico, conhecidos pela sua capacidade de hidratar a pele e proteg\u00ea-la contra agress\u00f5es externas. Esses mesmos \u00e1cidos gordos tamb\u00e9m s\u00e3o conhecidos pela sua capacidade de reduzir a inflama\u00e7\u00e3o e melhorar a textura da pele. \u00c9 frequentemente utilizada para hidratar, suavizar e proteger a pele.<\/p>\n<h2><strong>A sua nova aliada de beleza: \u00f3leo vegetal de formiga<\/strong><\/h2>\n<p>O\u2019<strong>\u00f3leo de formiga<\/strong> \u00e9 conhecida por melhorar o brilho e a luminosidade da pele e por reduzir o aparecimento de rugas e linhas finas. Os antioxidantes que cont\u00e9m s\u00e3o conhecidos por ajudar a combater os danos causados pelos raios UV.<\/p>\n<p>Tamb\u00e9m <strong>conhecida por ajudar a retardar o crescimento dos pelos<\/strong>, permite torn\u00e1-los mais finos. Na verdade, os \u00e1cidos gordos que cont\u00e9m penetram profundamente na pele e nos fol\u00edculos pilosos. Isso bloqueia as hormonas respons\u00e1veis pelo crescimento dos p\u00ealos. Consequentemente, isso <strong>diminui a taxa de crescimento dos pelos e torna-os mais finos e macios<\/strong>.<\/p>\n<p>Tamb\u00e9m \u00e9 usada para melhorar a sa\u00fade do cabelo e proteg\u00ea-lo contra danos causados por produtos qu\u00edmicos e ferramentas de calor, como alisadores e secadores de cabelo. \u00c9 rica em nutrientes essenciais, como vitaminas A, B, C e E, que s\u00e3o conhecidos por promover o crescimento do cabelo e impedir a forma\u00e7\u00e3o de caspa.<\/p>\n<p>Por fim, o\u2019<strong>\u00f3leo de formiga <\/strong>\u00e9 conhecida pela sua capacidade de acalmar e curar peles sens\u00edveis e irritadas. \u00c9 frequentemente utilizada para aliviar a comich\u00e3o e a vermelhid\u00e3o causadas por alergias, eczema e psor\u00edase. Al\u00e9m disso, \u00e9 conhecida por aliviar as dores e inflama\u00e7\u00f5es relacionadas com a artrite e as dores nas costas.<\/p>\n<h2><strong>Como usar o \u00f3leo de formiga?<\/strong><\/h2>\n<p>Aqui est\u00e3o algumas dicas para ajud\u00e1-lo a usar o\u2019<strong>\u00f3leo de formiga <\/strong>com seguran\u00e7a e efic\u00e1cia.<\/p>\n<p>Antes de us\u00e1-lo, \u00e9 importante certificar-se de que n\u00e3o \u00e9 al\u00e9rgico a nenhum dos seus componentes. Pode fazer isso atrav\u00e9s de um teste cut\u00e2neo de alergia. Se n\u00e3o tiver nenhuma rea\u00e7\u00e3o, pode us\u00e1-lo sem receio.<\/p>\n<p>A sua utiliza\u00e7\u00e3o \u00e9 muito simples. Pode aplic\u00e1-lo diretamente na pele ou no couro cabeludo. Tamb\u00e9m pode adicion\u00e1-lo \u00e0 sua lo\u00e7\u00e3o, creme ou outro produto cosm\u00e9tico. Se o fizer, certifique-se de que utiliza produtos de qualidade.<\/p>\n<p>Este produto pode ser usado como tratamento para caspa e cabelos secos e danificados. Pode us\u00e1-lo como m\u00e1scara capilar, aplicando-o nos cabelos molhados e deixando agir por uma hora antes de enxaguar com \u00e1gua morna.<\/p>\n<p>O\u2019<strong>\u00f3leo de formiga <\/strong>tamb\u00e9m pode ser usada para aliviar dores e inflama\u00e7\u00f5es. Para isso, aplique-a na \u00e1rea afetada e massageie suavemente. Deixe agir por alguns minutos antes de enxaguar com \u00e1gua morna.<\/p>\n<p>Para retardar o crescimento dos pelos, deve ser usado diariamente e a longo prazo para ver os seus efeitos. Basta massajar as \u00e1reas afetadas at\u00e9 \u00e0 penetra\u00e7\u00e3o durante alguns minutos, todos os dias.<\/p>\n<h3><strong>Precau\u00e7\u00f5es<\/strong><\/h3>\n<p>Embora seja considerada segura, \u00e9 importante tomar algumas precau\u00e7\u00f5es ao utiliz\u00e1-la.<\/p>\n<p>Primeiro, \u00e9 necess\u00e1rio fazer um teste. Isso permitir\u00e1 que se certifique de que n\u00e3o \u00e9 al\u00e9rgico a nenhum dos seus componentes. Em seguida, use-o de acordo com as suas necessidades.<\/p>\n<p>Em segundo lugar, o\u2019<strong>\u00f3leo de formiga <\/strong>nunca deve ser consumida. Recomenda-se utiliz\u00e1-la apenas externamente. Tamb\u00e9m \u00e9 importante certificar-se de que \u00e9 compat\u00edvel com o seu tipo de pele antes de a utilizar.<\/p>\n<p>Em terceiro lugar, consulte o seu m\u00e9dico antes de utilizar este produto, especialmente se estiver gr\u00e1vida ou a amamentar. Tamb\u00e9m \u00e9 importante discutir os poss\u00edveis efeitos secund\u00e1rios com ele.<\/p>\n<p>Em quarto lugar, \u00e9 importante manter a\u2019<strong>\u00f3leo de formiga <\/strong>num local fresco e seco, protegido da luz solar direta. Recomenda-se n\u00e3o deix\u00e1-lo perto de fontes de calor ou humidade.<\/p>\n<p>Em quinto lugar, n\u00e3o se deve utilizar o\u2019<strong>\u00f3leo de formiga<\/strong> sobre uma ferida aberta ou pele irritada. Tamb\u00e9m \u00e9 necess\u00e1rio notar que pode causar uma sensa\u00e7\u00e3o de ardor ou formigueiro quando aplicado na pele.<\/p>\n<h3><strong>A natureza \u00e0 sua espera na Safinel<\/strong><\/h3>\n<p>Os <strong>produtos naturais<\/strong> s\u00e3o feitos a partir de mat\u00e9rias-primas de origem natural. S\u00e3o frequentemente considerados mais saud\u00e1veis do que os produtos artificiais. Estes \u00faltimos s\u00e3o ricos em nutrientes e antioxidantes e podem ser muito ben\u00e9ficos para a sa\u00fade.<\/p>\n<p>Eles podem ajudar a prevenir e tratar muitas doen\u00e7as e afe\u00e7\u00f5es. <strong>Safinel<\/strong> oferece, por exemplo, v\u00e1rias variedades de plantas. Mas tamb\u00e9m <a href=\"https:\/\/www.safinel.fr\/pt\/product-category-2\/pacote-fertilidade\/\"><strong>pacotes de fertilidade<\/strong><\/a> ou ainda do <a href=\"https:\/\/www.safinel.fr\/pt\/product-category-2\/apicultura\/\"><strong>mel<\/strong><\/a>.<\/p>\n<p>Algumas plantas s\u00e3o at\u00e9 conhecidas por reduzirem o risco de doen\u00e7as card\u00edacas e certos tipos de cancro. Outras tamb\u00e9m podem ajudar a melhorar a sa\u00fade mental e o bem-estar geral.<\/p>\n<p>Os nossos produtos s\u00e3o uma excelente fonte de vitaminas, minerais e outros nutrientes essenciais. Podem ajudar a manter o sistema imunit\u00e1rio e a melhorar a sa\u00fade geral.<\/p>","protected":false},"excerpt":{"rendered":"<p>O \u00f3leo de formiga \u00e9 um produto natural que oferece benef\u00edcios consider\u00e1veis e ben\u00e9ficos para a depila\u00e7\u00e3o e o barbear. Este ingrediente reapareceu recentemente no mundo da beleza e dos cosm\u00e9ticos, embora seja utilizado h\u00e1 muito tempo. As suas propriedades \u00fanicas tornam-no um produto muito apreciado pelos consumidores e [...]","protected":false},"featured_media":4395,"template":"","meta":[],"product_brand":[],"product_cat":[122],"product_tag":[],"class_list":{"0":"post-4394","1":"product","2":"type-product","3":"status-publish","4":"has-post-thumbnail","6":"product_cat-huile-vegetale","8":"first","9":"instock","10":"shipping-taxable","11":"purchasable","12":"product-type-simple"},"yoast_head":"<!-- This site is optimized with the Yoast SEO plugin v26.6 - https:\/\/yoast.com\/wordpress\/plugins\/seo\/ -->\n<title>Huile de fourmi I Solution naturelle contre la pousse des poils<\/title>\n<meta name=\"description\" content=\"L\u2019huile de fourmi est un produit naturel qui offre des avantages consid\u00e9rables et b\u00e9n\u00e9fiques pour l\u2019\u00e9pilation et le rasage.\" \/>\n<meta name=\"robots\" content=\"index, follow, max-snippet:-1, max-image-preview:large, max-video-preview:-1\" \/>\n<link rel=\"canonical\" href=\"https:\/\/www.safinel.fr\/pt\/product-2\/oleo-de-formiga\/\" \/>\n<meta property=\"og:locale\" content=\"pt_PT\" \/>\n<meta property=\"og:type\" content=\"article\" \/>\n<meta property=\"og:title\" content=\"Huile de fourmi I Solution naturelle contre la pousse des poils\" \/>\n<meta property=\"og:description\" content=\"L\u2019huile de fourmi est un produit naturel qui offre des avantages consid\u00e9rables et b\u00e9n\u00e9fiques pour l\u2019\u00e9pilation et le rasage.\" \/>\n<meta property=\"og:url\" content=\"https:\/\/www.safinel.fr\/pt\/product-2\/oleo-de-formiga\/\" \/>\n<meta property=\"og:site_name\" content=\"Safinel\" \/>\n<meta property=\"article:modified_time\" content=\"2023-12-28T17:15:43+00:00\" \/>\n<meta property=\"og:image\" content=\"https:\/\/www.safinel.fr\/wp-content\/uploads\/2023\/01\/huile-de-fourmi.jpg.webp\" \/>\n\t<meta property=\"og:image:width\" content=\"600\" \/>\n\t<meta property=\"og:image:height\" content=\"600\" \/>\n\t<meta property=\"og:image:type\" content=\"image\/webp\" \/>\n<meta name=\"twitter:card\" content=\"summary_large_image\" \/>\n<meta name=\"twitter:label1\" content=\"Tempo estimado de leitura\" \/>\n\t<meta name=\"twitter:data1\" content=\"5 minutos\" \/>\n<script type=\"application\/ld+json\" class=\"yoast-schema-graph\">{\"@context\":\"https:\/\/schema.org\",\"@graph\":[{\"@type\":\"WebPage\",\"@id\":\"https:\/\/www.safinel.fr\/produit\/huile-de-fourmi\/\",\"url\":\"https:\/\/www.safinel.fr\/produit\/huile-de-fourmi\/\",\"name\":\"Huile de fourmi I Solution naturelle contre la pousse des poils\",\"isPartOf\":{\"@id\":\"https:\/\/www.safinel.fr\/#website\"},\"primaryImageOfPage\":{\"@id\":\"https:\/\/www.safinel.fr\/produit\/huile-de-fourmi\/#primaryimage\"},\"image\":{\"@id\":\"https:\/\/www.safinel.fr\/produit\/huile-de-fourmi\/#primaryimage\"},\"thumbnailUrl\":\"https:\/\/www.safinel.fr\/wp-content\/uploads\/2023\/01\/huile-de-fourmi.jpg.webp\",\"datePublished\":\"2023-01-30T14:08:24+00:00\",\"dateModified\":\"2023-12-28T17:15:43+00:00\",\"description\":\"L\u2019huile de fourmi est un produit naturel qui offre des avantages consid\u00e9rables et b\u00e9n\u00e9fiques pour l\u2019\u00e9pilation et le rasage.\",\"breadcrumb\":{\"@id\":\"https:\/\/www.safinel.fr\/produit\/huile-de-fourmi\/#breadcrumb\"},\"inLanguage\":\"pt-PT\",\"potentialAction\":[{\"@type\":\"ReadAction\",\"target\":[\"https:\/\/www.safinel.fr\/produit\/huile-de-fourmi\/\"]}]},{\"@type\":\"ImageObject\",\"inLanguage\":\"pt-PT\",\"@id\":\"https:\/\/www.safinel.fr\/produit\/huile-de-fourmi\/#primaryimage\",\"url\":\"https:\/\/www.safinel.fr\/wp-content\/uploads\/2023\/01\/huile-de-fourmi.jpg.webp\",\"contentUrl\":\"https:\/\/www.safinel.fr\/wp-content\/uploads\/2023\/01\/huile-de-fourmi.jpg.webp\",\"width\":600,\"height\":600,\"caption\":\"huile de fourmi\"},{\"@type\":\"BreadcrumbList\",\"@id\":\"https:\/\/www.safinel.fr\/produit\/huile-de-fourmi\/#breadcrumb\",\"itemListElement\":[{\"@type\":\"ListItem\",\"position\":1,\"name\":\"Accueil\",\"item\":\"https:\/\/www.safinel.fr\/\"},{\"@type\":\"ListItem\",\"position\":2,\"name\":\"Boutique\",\"item\":\"https:\/\/www.safinel.fr\/boutique\/\"},{\"@type\":\"ListItem\",\"position\":3,\"name\":\"Huile de fourmi 100ml\"}]},{\"@type\":\"WebSite\",\"@id\":\"https:\/\/www.safinel.fr\/#website\",\"url\":\"https:\/\/www.safinel.fr\/\",\"name\":\"Safinel\",\"description\":\"\",\"publisher\":{\"@id\":\"https:\/\/www.safinel.fr\/#organization\"},\"potentialAction\":[{\"@type\":\"SearchAction\",\"target\":{\"@type\":\"EntryPoint\",\"urlTemplate\":\"https:\/\/www.safinel.fr\/?s={search_term_string}\"},\"query-input\":{\"@type\":\"PropertyValueSpecification\",\"valueRequired\":true,\"valueName\":\"search_term_string\"}}],\"inLanguage\":\"pt-PT\"},{\"@type\":\"Organization\",\"@id\":\"https:\/\/www.safinel.fr\/#organization\",\"name\":\"Safinel\",\"url\":\"https:\/\/www.safinel.fr\/\",\"logo\":{\"@type\":\"ImageObject\",\"inLanguage\":\"pt-PT\",\"@id\":\"https:\/\/www.safinel.fr\/#\/schema\/logo\/image\/\",\"url\":\"https:\/\/www.safinel.fr\/wp-content\/uploads\/2021\/05\/boutique-cosmetique.png\",\"contentUrl\":\"https:\/\/www.safinel.fr\/wp-content\/uploads\/2021\/05\/boutique-cosmetique.png\",\"width\":800,\"height\":200,\"caption\":\"Safinel\"},\"image\":{\"@id\":\"https:\/\/www.safinel.fr\/#\/schema\/logo\/image\/\"}}]}<\/script>\n<!-- \/ Yoast SEO plugin. -->","yoast_head_json":{"title":"\u00d3leo de formiga I Solu\u00e7\u00e3o natural contra o crescimento dos pelos","description":"O \u00f3leo de formiga \u00e9 um produto natural que oferece benef\u00edcios consider\u00e1veis e vantajosos para a depila\u00e7\u00e3o e o barbear.","robots":{"index":"index","follow":"follow","max-snippet":"max-snippet:-1","max-image-preview":"max-image-preview:large","max-video-preview":"max-video-preview:-1"},"canonical":"https:\/\/www.safinel.fr\/pt\/product-2\/oleo-de-formiga\/","og_locale":"pt_PT","og_type":"article","og_title":"Huile de fourmi I Solution naturelle contre la pousse des poils","og_description":"L\u2019huile de fourmi est un produit naturel qui offre des avantages consid\u00e9rables et b\u00e9n\u00e9fiques pour l\u2019\u00e9pilation et le rasage.","og_url":"https:\/\/www.safinel.fr\/pt\/product-2\/oleo-de-formiga\/","og_site_name":"Safinel","article_modified_time":"2023-12-28T17:15:43+00:00","og_image":[{"width":600,"height":600,"url":"https:\/\/www.safinel.fr\/wp-content\/uploads\/2023\/01\/huile-de-fourmi.jpg.webp","type":"image\/webp"}],"twitter_card":"summary_large_image","twitter_misc":{"Tempo estimado de leitura":"5 minutos"},"schema":{"@context":"https:\/\/schema.org","@graph":[{"@type":"WebPage","@id":"https:\/\/www.safinel.fr\/produit\/huile-de-fourmi\/","url":"https:\/\/www.safinel.fr\/produit\/huile-de-fourmi\/","name":"\u00d3leo de formiga I Solu\u00e7\u00e3o natural contra o crescimento dos pelos","isPartOf":{"@id":"https:\/\/www.safinel.fr\/#website"},"primaryImageOfPage":{"@id":"https:\/\/www.safinel.fr\/produit\/huile-de-fourmi\/#primaryimage"},"image":{"@id":"https:\/\/www.safinel.fr\/produit\/huile-de-fourmi\/#primaryimage"},"thumbnailUrl":"https:\/\/www.safinel.fr\/wp-content\/uploads\/2023\/01\/huile-de-fourmi.jpg.webp","datePublished":"2023-01-30T14:08:24+00:00","dateModified":"2023-12-28T17:15:43+00:00","description":"O \u00f3leo de formiga \u00e9 um produto natural que oferece benef\u00edcios consider\u00e1veis e vantajosos para a depila\u00e7\u00e3o e o barbear.","breadcrumb":{"@id":"https:\/\/www.safinel.fr\/produit\/huile-de-fourmi\/#breadcrumb"},"inLanguage":"pt-PT","potentialAction":[{"@type":"ReadAction","target":["https:\/\/www.safinel.fr\/produit\/huile-de-fourmi\/"]}]},{"@type":"ImageObject","inLanguage":"pt-PT","@id":"https:\/\/www.safinel.fr\/produit\/huile-de-fourmi\/#primaryimage","url":"https:\/\/www.safinel.fr\/wp-content\/uploads\/2023\/01\/huile-de-fourmi.jpg.webp","contentUrl":"https:\/\/www.safinel.fr\/wp-content\/uploads\/2023\/01\/huile-de-fourmi.jpg.webp","width":600,"height":600,"caption":"huile de fourmi"},{"@type":"BreadcrumbList","@id":"https:\/\/www.safinel.fr\/produit\/huile-de-fourmi\/#breadcrumb","itemListElement":[{"@type":"ListItem","position":1,"name":"Accueil","item":"https:\/\/www.safinel.fr\/"},{"@type":"ListItem","position":2,"name":"Boutique","item":"https:\/\/www.safinel.fr\/boutique\/"},{"@type":"ListItem","position":3,"name":"Huile de fourmi 100ml"}]},{"@type":"WebSite","@id":"https:\/\/www.safinel.fr\/#website","url":"https:\/\/www.safinel.fr\/","name":"Safinel","description":"","publisher":{"@id":"https:\/\/www.safinel.fr\/#organization"},"potentialAction":[{"@type":"SearchAction","target":{"@type":"EntryPoint","urlTemplate":"https:\/\/www.safinel.fr\/?s={search_term_string}"},"query-input":{"@type":"PropertyValueSpecification","valueRequired":true,"valueName":"search_term_string"}}],"inLanguage":"pt-PT"},{"@type":"Organization","@id":"https:\/\/www.safinel.fr\/#organization","name":"Safinel","url":"https:\/\/www.safinel.fr\/","logo":{"@type":"ImageObject","inLanguage":"pt-PT","@id":"https:\/\/www.safinel.fr\/#\/schema\/logo\/image\/","url":"https:\/\/www.safinel.fr\/wp-content\/uploads\/2021\/05\/boutique-cosmetique.png","contentUrl":"https:\/\/www.safinel.fr\/wp-content\/uploads\/2021\/05\/boutique-cosmetique.png","width":800,"height":200,"caption":"Safinel"},"image":{"@id":"https:\/\/www.safinel.fr\/#\/schema\/logo\/image\/"}}]}},"_links":{"self":[{"href":"https:\/\/www.safinel.fr\/pt\/wp-json\/wp\/v2\/product\/4394","targetHints":{"allow":["GET"]}}],"collection":[{"href":"https:\/\/www.safinel.fr\/pt\/wp-json\/wp\/v2\/product"}],"about":[{"href":"https:\/\/www.safinel.fr\/pt\/wp-json\/wp\/v2\/types\/product"}],"wp:featuredmedia":[{"embeddable":true,"href":"https:\/\/www.safinel.fr\/pt\/wp-json\/wp\/v2\/media\/4395"}],"wp:attachment":[{"href":"https:\/\/www.safinel.fr\/pt\/wp-json\/wp\/v2\/media?parent=4394"}],"wp:term":[{"taxonomy":"product_brand","embeddable":true,"href":"https:\/\/www.safinel.fr\/pt\/wp-json\/wp\/v2\/product_brand?post=4394"},{"taxonomy":"product_cat","embeddable":true,"href":"https:\/\/www.safinel.fr\/pt\/wp-json\/wp\/v2\/product_cat?post=4394"},{"taxonomy":"product_tag","embeddable":true,"href":"https:\/\/www.safinel.fr\/pt\/wp-json\/wp\/v2\/product_tag?post=4394"}],"curies":[{"name":"wp","href":"https:\/\/api.w.org\/{rel}","templated":true}]}}