{"id":4372,"date":"2023-01-28T11:02:09","date_gmt":"2023-01-28T11:02:09","guid":{"rendered":"https:\/\/www.safinel.fr\/?post_type=product&#038;p=4372"},"modified":"2024-03-30T18:12:26","modified_gmt":"2024-03-30T18:12:26","slug":"oleo-de-tigela-organico","status":"publish","type":"product","link":"https:\/\/www.safinel.fr\/pt\/product-2\/oleo-de-tigela-organico\/","title":{"rendered":"\u00d3leo de tigela org\u00e2nico 50 ml"},"content":{"rendered":"<p>Os \u00f3leos vegetais s\u00e3o muito populares entre\u00a0<strong>Safinel<\/strong>. Tal como os produtos naturais em geral, ali\u00e1s. Entre eles, o nosso precioso\u00a0<strong>\u00f3leo de tigela<\/strong>, que se revela t\u00e3o ben\u00e9fico para a beleza do cabelo como para a pele. Um tesouro precioso da natureza que nos apressamos a apresentar-lhe sem mais demora!<\/p>\n<h2><strong>Zoom sobre o \u00f3leo de tigela, seu aliado de beleza<\/strong><\/h2>\n<p>O\u2019<strong>\u00f3leo de tigela\u00a0<\/strong>\u00e9 proveniente dos tub\u00e9rculos da planta herb\u00e1cea Cyperus esculentus. Tamb\u00e9m conhecida como \u00abChufa\u00bb na regi\u00e3o de Val\u00eancia, em Espanha. \u00c9 um produto natural obtido a partir dos seus tub\u00e9rculos, tamb\u00e9m chamados de am\u00eandoas da terra. Mas talvez os conhe\u00e7a pelo nome de\u00a0<strong>tigernut<\/strong>, ou ainda\u00a0<strong>noz tigrada<\/strong>. Esta planta \u00e9 rica em vitaminas, minerais e \u00e1cidos gordos essenciais.<\/p>\n<p>A sua origem remonta \u00e0 regi\u00e3o do Nilo Branco, no atual Sud\u00e3o, onde \u00e9 cultivada desde o quinto mil\u00e9nio a.C. Atualmente, \u00e9 cultivada em pequena escala em todo o mundo. Notavelmente em Espanha, Calif\u00f3rnia, bem como em \u00c1frica (Gana, Nig\u00e9ria, N\u00edger, Burquina Faso, Mali, Costa do Marfim...).<\/p>\n<h3><strong>Os in\u00fameros benef\u00edcios do \u00f3leo de souchet<\/strong><\/h3>\n<p>O\u2019<strong>\u00f3leo de tigela<\/strong>\u00a0\u00e9 conhecida pelos seus in\u00fameros benef\u00edcios para a sa\u00fade e o bem-estar. \u00c9 tamb\u00e9m muito apreciada pelas suas propriedades hidratantes e reparadoras. Saiba mais:<\/p>\n<ul>\n<li>Os seus componentes nutritivos, incluindo vitamina E, \u00e1cido linoleico e \u00e1cido oleico, ajudam a manter a pele e o cabelo saud\u00e1veis.<\/li>\n<li>Al\u00e9m dos seus benef\u00edcios para a pele e o cabelo, tamb\u00e9m pode ajudar a prevenir e tratar problemas digestivos. As sementes de tigela cont\u00eam fibras sol\u00faveis que ajudam a melhorar a sa\u00fade intestinal e a reduzir o risco de doen\u00e7as cr\u00f3nicas, como o cancro colorretal e a diabetes.<\/li>\n<li>Al\u00e9m disso, as sementes de tigela tamb\u00e9m s\u00e3o ricas em vitaminas B e K, que s\u00e3o importantes para a sa\u00fade dos ossos. Isso pode ajudar a prevenir a osteoporose e reduzir o risco de fraturas.<\/li>\n<li>Por fim, o\u2019<strong>\u00f3leo de tigela<\/strong>\u00a0\u00e9 conhecida pelas suas propriedades anti-inflamat\u00f3rias. Pode ajudar a reduzir o desconforto associado \u00e0 artrite e outras dores articulares e musculares.<\/li>\n<li>Al\u00e9m disso, possui propriedades que ajudam a reduzir o incha\u00e7o e a inflama\u00e7\u00e3o, bem como os sintomas da\u2019<a href=\"https:\/\/www.safinel.fr\/pt\/product-2\/gordura-de-camelo\/\"><strong>eczema<\/strong><\/a> e outras condi\u00e7\u00f5es inflamat\u00f3rias da pele.<\/li>\n<\/ul>\n<h3><strong>\u00d3leo de tigela, o seu aliado contra os p\u00ealos indesej\u00e1veis<\/strong><\/h3>\n<p>O \u00f3leo vegetal de tigela \u00e9 uma solu\u00e7\u00e3o natural para combater o crescimento dos pelos. \u00c9 rico em \u00e1cidos gordos monoinsaturados e antioxidantes que s\u00e3o ben\u00e9ficos para a pele e promovem a elimina\u00e7\u00e3o das c\u00e9lulas mortas.<\/p>\n<p>Al\u00e9m de ser nutritiva e hidratante, pode ajudar a reduzir a apar\u00eancia de p\u00ealos encravados e melhorar o brilho da pele. Al\u00e9m disso, ajuda a manter um pH saud\u00e1vel e a proteger contra os danos ambientais.<\/p>\n<p>Para obter melhores resultados, aplique o \u00f3leo na \u00e1rea afetada e massageie suavemente at\u00e9 que seja completamente absorvido. Use-o regularmente para obter melhores resultados e desfrute de uma pele macia e sem pelos! Um ingrediente que nos lembra muito o precioso\u00a0<strong><a href=\"https:\/\/manelya.com\/produit\/huile-de-fourmi\/\" target=\"_blank\" rel=\"noopener\">\u00f3leo de formiga<\/a>\u00a0<\/strong>!<\/p>\n<h2><strong>Como usar este elixir?<\/strong><\/h2>\n<p>Dependendo do uso que pretende dar ao produto, vamos dar-lhe algumas dicas. Na verdade, o\u2019<strong>\u00f3leo de tigela\u00a0<\/strong>pode ser utilizada de diferentes maneiras, de acordo com as suas expectativas e cuidados di\u00e1rios. \u00c9 igualmente ben\u00e9fica quando utilizada internamente e externamente, devido aos seus componentes.<\/p>\n<p>Esta\u00a0<strong>\u00f3leo vegetal<\/strong>\u00a0\u00e9 conhecida pela sua capacidade de retardar o crescimento dos p\u00ealos. Por isso, pode massajar as \u00e1reas afetadas de manh\u00e3 e \u00e0 noite, diariamente. Ap\u00f3s algumas semanas, notar\u00e1 os efeitos nos seus p\u00ealos. Estes crescer\u00e3o mais lentamente e ser\u00e3o mais finos.<\/p>\n<p>Al\u00e9m disso, pode matar dois coelhos com uma cajadada s\u00f3, pois \u00e9 ideal para peles secas. \u00c9 muito hidratante, deixa a pele macia e nutre profundamente. Ali\u00e1s, \u00e9 recomendada para peles com tend\u00eancia a eczema, ressecadas, fr\u00e1geis, maduras ou reativas.<\/p>\n<p>Al\u00e9m disso, este elixir tamb\u00e9m pode ser usado para nutrir cabelos secos. Basta aplic\u00e1-lo como m\u00e1scara e deixar agir por pelo menos 1 hora. Em seguida, basta lavar o cabelo com o seu shampoo habitual. A fibra capilar ser\u00e1 profundamente nutrida sem ficar pesada, embora o\u2019<strong>\u00f3leo de tigela<\/strong>\u00a0seja espessa.<\/p>\n<p>E, finalmente, \u00e9 poss\u00edvel utiliz\u00e1-lo na fabrica\u00e7\u00e3o de cosm\u00e9ticos caseiros. Especialmente combinando-o com outros ingredientes, como manteiga de karit\u00e9. \u00c9 poss\u00edvel, por exemplo, elaborar um \u00f3leo anticelulite adicionando algumas gotas de \u00f3leo essencial de toranja.<\/p>\n<h3><strong>Precau\u00e7\u00f5es<\/strong><\/h3>\n<p>Embora o\u2019<strong>\u00f3leo de tigela<\/strong>\u00a0mesmo sendo natural, existem algumas precau\u00e7\u00f5es de uso a serem consideradas. Na verdade, alguns produtos, mesmo naturais, devem ser usados com cuidado, pois muitas vezes s\u00e3o fr\u00e1geis. \u00c9 o caso dos \u00f3leos, que tendem a ficar ran\u00e7osos.<\/p>\n<p>Al\u00e9m disso, este produto \u00e9 bastante fr\u00e1gil e pode azedar rapidamente. Por isso, deve ser conservado ao abrigo da luz e do calor. Desta forma, preservar\u00e1 os seus benef\u00edcios e o seu sabor. Al\u00e9m disso, este \u00f3leo vegetal deve ser obtido atrav\u00e9s de uma primeira prensagem a frio.<\/p>\n<p>Por fim, \u00e9 poss\u00edvel utiliz\u00e1-la em cosm\u00e9ticos. Para isso, \u00e9 importante verificar se ela \u00e9 adequada ao seu tipo de pele e fibra capilar. Sabendo que ela pode ser adequada para qualquer tipo de cabelo. Por outro lado, \u00e9 preciso escolher bem os produtos com os quais ir\u00e1 combin\u00e1-la.<\/p>\n<p>Com um sabor que lembra nozes, este condimento dar\u00e1 originalidade e sabor aos seus pratos. Se o utilizar na sua alimenta\u00e7\u00e3o, tenha o cuidado de respeitar as quantidades recomendadas e n\u00e3o abusar. Na verdade, a sua composi\u00e7\u00e3o torna-o um alimento rico em calorias.<\/p>\n<p>Resumindo, o\u2019<strong>\u00f3leo de tigela\u00a0<\/strong>\u00c9 adequado para todos os tipos de pele e cabelo. Quer tenha pele seca, mista, madura ou propensa a eczema. Mas tamb\u00e9m o recomendamos se o seu cabelo for liso, encaracolado, crespo e seco. E, por fim, pode ser usado por mulheres gr\u00e1vidas ou a amamentar, e em qualquer idade.<\/p>","protected":false},"excerpt":{"rendered":"<p>Les huiles v\u00e9g\u00e9tales ont la cote chez\u00a0Safinel. Tout comme les produits naturels en g\u00e9n\u00e9ral, d\u2019ailleurs. Parmi eux, notre pr\u00e9cieuse\u00a0huile de souchet, qui se r\u00e9v\u00e8le \u00eatre aussi b\u00e9n\u00e9fique pour la beaut\u00e9 des cheveux que pour la peau. Un pr\u00e9cieux tr\u00e9sor de la nature que nous nous empressons de vous faire d\u00e9couvrir sans plus attendre ! Zoom [&#8230;]","protected":false},"featured_media":4373,"template":"","meta":[],"product_brand":[],"product_cat":[122],"product_tag":[],"class_list":{"0":"post-4372","1":"product","2":"type-product","3":"status-publish","4":"has-post-thumbnail","6":"product_cat-huile-vegetale","8":"first","9":"instock","10":"shipping-taxable","11":"purchasable","12":"product-type-simple"},"yoast_head":"<!-- This site is optimized with the Yoast SEO plugin v26.6 - https:\/\/yoast.com\/wordpress\/plugins\/seo\/ -->\n<title>Huile de souchet bio I Bienfaits nombreux I 50ml<\/title>\n<meta name=\"description\" content=\"Notre pr\u00e9cieuse\u00a0huile de souchet, qui se r\u00e9v\u00e8le \u00eatre aussi b\u00e9n\u00e9fique pour la beaut\u00e9 des cheveux que pour la peau. D\u00e9couvrez-l\u00e0 sans plus attendre !\" \/>\n<meta name=\"robots\" content=\"index, follow, max-snippet:-1, max-image-preview:large, max-video-preview:-1\" \/>\n<link rel=\"canonical\" href=\"https:\/\/www.safinel.fr\/pt\/product-2\/oleo-de-tigela-organico\/\" \/>\n<meta property=\"og:locale\" content=\"pt_PT\" \/>\n<meta property=\"og:type\" content=\"article\" \/>\n<meta property=\"og:title\" content=\"Huile de souchet bio I Bienfaits nombreux I 50ml\" \/>\n<meta property=\"og:description\" content=\"Notre pr\u00e9cieuse\u00a0huile de souchet, qui se r\u00e9v\u00e8le \u00eatre aussi b\u00e9n\u00e9fique pour la beaut\u00e9 des cheveux que pour la peau. D\u00e9couvrez-l\u00e0 sans plus attendre !\" \/>\n<meta property=\"og:url\" content=\"https:\/\/www.safinel.fr\/pt\/product-2\/oleo-de-tigela-organico\/\" \/>\n<meta property=\"og:site_name\" content=\"Safinel\" \/>\n<meta property=\"article:modified_time\" content=\"2024-03-30T18:12:26+00:00\" \/>\n<meta property=\"og:image\" content=\"https:\/\/www.safinel.fr\/wp-content\/uploads\/2023\/01\/huile-de-souchet.jpg.webp\" \/>\n\t<meta property=\"og:image:width\" content=\"600\" \/>\n\t<meta property=\"og:image:height\" content=\"600\" \/>\n\t<meta property=\"og:image:type\" content=\"image\/webp\" \/>\n<meta name=\"twitter:card\" content=\"summary_large_image\" \/>\n<meta name=\"twitter:label1\" content=\"Tempo estimado de leitura\" \/>\n\t<meta name=\"twitter:data1\" content=\"6 minutos\" \/>\n<script type=\"application\/ld+json\" class=\"yoast-schema-graph\">{\"@context\":\"https:\/\/schema.org\",\"@graph\":[{\"@type\":\"WebPage\",\"@id\":\"https:\/\/www.safinel.fr\/produit\/huile-de-souchet-bio\/\",\"url\":\"https:\/\/www.safinel.fr\/produit\/huile-de-souchet-bio\/\",\"name\":\"Huile de souchet bio I Bienfaits nombreux I 50ml\",\"isPartOf\":{\"@id\":\"https:\/\/www.safinel.fr\/#website\"},\"primaryImageOfPage\":{\"@id\":\"https:\/\/www.safinel.fr\/produit\/huile-de-souchet-bio\/#primaryimage\"},\"image\":{\"@id\":\"https:\/\/www.safinel.fr\/produit\/huile-de-souchet-bio\/#primaryimage\"},\"thumbnailUrl\":\"https:\/\/www.safinel.fr\/wp-content\/uploads\/2023\/01\/huile-de-souchet.jpg.webp\",\"datePublished\":\"2023-01-28T11:02:09+00:00\",\"dateModified\":\"2024-03-30T18:12:26+00:00\",\"description\":\"Notre pr\u00e9cieuse\u00a0huile de souchet, qui se r\u00e9v\u00e8le \u00eatre aussi b\u00e9n\u00e9fique pour la beaut\u00e9 des cheveux que pour la peau. D\u00e9couvrez-l\u00e0 sans plus attendre !\",\"breadcrumb\":{\"@id\":\"https:\/\/www.safinel.fr\/produit\/huile-de-souchet-bio\/#breadcrumb\"},\"inLanguage\":\"pt-PT\",\"potentialAction\":[{\"@type\":\"ReadAction\",\"target\":[\"https:\/\/www.safinel.fr\/produit\/huile-de-souchet-bio\/\"]}]},{\"@type\":\"ImageObject\",\"inLanguage\":\"pt-PT\",\"@id\":\"https:\/\/www.safinel.fr\/produit\/huile-de-souchet-bio\/#primaryimage\",\"url\":\"https:\/\/www.safinel.fr\/wp-content\/uploads\/2023\/01\/huile-de-souchet.jpg.webp\",\"contentUrl\":\"https:\/\/www.safinel.fr\/wp-content\/uploads\/2023\/01\/huile-de-souchet.jpg.webp\",\"width\":600,\"height\":600,\"caption\":\"Huile de souchet bio 50ml\"},{\"@type\":\"BreadcrumbList\",\"@id\":\"https:\/\/www.safinel.fr\/produit\/huile-de-souchet-bio\/#breadcrumb\",\"itemListElement\":[{\"@type\":\"ListItem\",\"position\":1,\"name\":\"Accueil\",\"item\":\"https:\/\/www.safinel.fr\/\"},{\"@type\":\"ListItem\",\"position\":2,\"name\":\"Boutique\",\"item\":\"https:\/\/www.safinel.fr\/boutique\/\"},{\"@type\":\"ListItem\",\"position\":3,\"name\":\"Huile de souchet bio 50ml\"}]},{\"@type\":\"WebSite\",\"@id\":\"https:\/\/www.safinel.fr\/#website\",\"url\":\"https:\/\/www.safinel.fr\/\",\"name\":\"Safinel\",\"description\":\"\",\"publisher\":{\"@id\":\"https:\/\/www.safinel.fr\/#organization\"},\"potentialAction\":[{\"@type\":\"SearchAction\",\"target\":{\"@type\":\"EntryPoint\",\"urlTemplate\":\"https:\/\/www.safinel.fr\/?s={search_term_string}\"},\"query-input\":{\"@type\":\"PropertyValueSpecification\",\"valueRequired\":true,\"valueName\":\"search_term_string\"}}],\"inLanguage\":\"pt-PT\"},{\"@type\":\"Organization\",\"@id\":\"https:\/\/www.safinel.fr\/#organization\",\"name\":\"Safinel\",\"url\":\"https:\/\/www.safinel.fr\/\",\"logo\":{\"@type\":\"ImageObject\",\"inLanguage\":\"pt-PT\",\"@id\":\"https:\/\/www.safinel.fr\/#\/schema\/logo\/image\/\",\"url\":\"https:\/\/www.safinel.fr\/wp-content\/uploads\/2021\/05\/boutique-cosmetique.png\",\"contentUrl\":\"https:\/\/www.safinel.fr\/wp-content\/uploads\/2021\/05\/boutique-cosmetique.png\",\"width\":800,\"height\":200,\"caption\":\"Safinel\"},\"image\":{\"@id\":\"https:\/\/www.safinel.fr\/#\/schema\/logo\/image\/\"}}]}<\/script>\n<!-- \/ Yoast SEO plugin. -->","yoast_head_json":{"title":"\u00d3leo de tigela org\u00e2nico I In\u00fameros benef\u00edcios I 50 ml","description":"O nosso precioso \u00f3leo de tigela, que se revela t\u00e3o ben\u00e9fico para a beleza do cabelo como para a pele. Descubra-o sem mais demora!","robots":{"index":"index","follow":"follow","max-snippet":"max-snippet:-1","max-image-preview":"max-image-preview:large","max-video-preview":"max-video-preview:-1"},"canonical":"https:\/\/www.safinel.fr\/pt\/product-2\/oleo-de-tigela-organico\/","og_locale":"pt_PT","og_type":"article","og_title":"Huile de souchet bio I Bienfaits nombreux I 50ml","og_description":"Notre pr\u00e9cieuse\u00a0huile de souchet, qui se r\u00e9v\u00e8le \u00eatre aussi b\u00e9n\u00e9fique pour la beaut\u00e9 des cheveux que pour la peau. D\u00e9couvrez-l\u00e0 sans plus attendre !","og_url":"https:\/\/www.safinel.fr\/pt\/product-2\/oleo-de-tigela-organico\/","og_site_name":"Safinel","article_modified_time":"2024-03-30T18:12:26+00:00","og_image":[{"width":600,"height":600,"url":"https:\/\/www.safinel.fr\/wp-content\/uploads\/2023\/01\/huile-de-souchet.jpg.webp","type":"image\/webp"}],"twitter_card":"summary_large_image","twitter_misc":{"Tempo estimado de leitura":"6 minutos"},"schema":{"@context":"https:\/\/schema.org","@graph":[{"@type":"WebPage","@id":"https:\/\/www.safinel.fr\/produit\/huile-de-souchet-bio\/","url":"https:\/\/www.safinel.fr\/produit\/huile-de-souchet-bio\/","name":"\u00d3leo de tigela org\u00e2nico I In\u00fameros benef\u00edcios I 50 ml","isPartOf":{"@id":"https:\/\/www.safinel.fr\/#website"},"primaryImageOfPage":{"@id":"https:\/\/www.safinel.fr\/produit\/huile-de-souchet-bio\/#primaryimage"},"image":{"@id":"https:\/\/www.safinel.fr\/produit\/huile-de-souchet-bio\/#primaryimage"},"thumbnailUrl":"https:\/\/www.safinel.fr\/wp-content\/uploads\/2023\/01\/huile-de-souchet.jpg.webp","datePublished":"2023-01-28T11:02:09+00:00","dateModified":"2024-03-30T18:12:26+00:00","description":"O nosso precioso \u00f3leo de tigela, que se revela t\u00e3o ben\u00e9fico para a beleza do cabelo como para a pele. Descubra-o sem mais demora!","breadcrumb":{"@id":"https:\/\/www.safinel.fr\/produit\/huile-de-souchet-bio\/#breadcrumb"},"inLanguage":"pt-PT","potentialAction":[{"@type":"ReadAction","target":["https:\/\/www.safinel.fr\/produit\/huile-de-souchet-bio\/"]}]},{"@type":"ImageObject","inLanguage":"pt-PT","@id":"https:\/\/www.safinel.fr\/produit\/huile-de-souchet-bio\/#primaryimage","url":"https:\/\/www.safinel.fr\/wp-content\/uploads\/2023\/01\/huile-de-souchet.jpg.webp","contentUrl":"https:\/\/www.safinel.fr\/wp-content\/uploads\/2023\/01\/huile-de-souchet.jpg.webp","width":600,"height":600,"caption":"Huile de souchet bio 50ml"},{"@type":"BreadcrumbList","@id":"https:\/\/www.safinel.fr\/produit\/huile-de-souchet-bio\/#breadcrumb","itemListElement":[{"@type":"ListItem","position":1,"name":"Accueil","item":"https:\/\/www.safinel.fr\/"},{"@type":"ListItem","position":2,"name":"Boutique","item":"https:\/\/www.safinel.fr\/boutique\/"},{"@type":"ListItem","position":3,"name":"Huile de souchet bio 50ml"}]},{"@type":"WebSite","@id":"https:\/\/www.safinel.fr\/#website","url":"https:\/\/www.safinel.fr\/","name":"Safinel","description":"","publisher":{"@id":"https:\/\/www.safinel.fr\/#organization"},"potentialAction":[{"@type":"SearchAction","target":{"@type":"EntryPoint","urlTemplate":"https:\/\/www.safinel.fr\/?s={search_term_string}"},"query-input":{"@type":"PropertyValueSpecification","valueRequired":true,"valueName":"search_term_string"}}],"inLanguage":"pt-PT"},{"@type":"Organization","@id":"https:\/\/www.safinel.fr\/#organization","name":"Safinel","url":"https:\/\/www.safinel.fr\/","logo":{"@type":"ImageObject","inLanguage":"pt-PT","@id":"https:\/\/www.safinel.fr\/#\/schema\/logo\/image\/","url":"https:\/\/www.safinel.fr\/wp-content\/uploads\/2021\/05\/boutique-cosmetique.png","contentUrl":"https:\/\/www.safinel.fr\/wp-content\/uploads\/2021\/05\/boutique-cosmetique.png","width":800,"height":200,"caption":"Safinel"},"image":{"@id":"https:\/\/www.safinel.fr\/#\/schema\/logo\/image\/"}}]}},"_links":{"self":[{"href":"https:\/\/www.safinel.fr\/pt\/wp-json\/wp\/v2\/product\/4372","targetHints":{"allow":["GET"]}}],"collection":[{"href":"https:\/\/www.safinel.fr\/pt\/wp-json\/wp\/v2\/product"}],"about":[{"href":"https:\/\/www.safinel.fr\/pt\/wp-json\/wp\/v2\/types\/product"}],"wp:featuredmedia":[{"embeddable":true,"href":"https:\/\/www.safinel.fr\/pt\/wp-json\/wp\/v2\/media\/4373"}],"wp:attachment":[{"href":"https:\/\/www.safinel.fr\/pt\/wp-json\/wp\/v2\/media?parent=4372"}],"wp:term":[{"taxonomy":"product_brand","embeddable":true,"href":"https:\/\/www.safinel.fr\/pt\/wp-json\/wp\/v2\/product_brand?post=4372"},{"taxonomy":"product_cat","embeddable":true,"href":"https:\/\/www.safinel.fr\/pt\/wp-json\/wp\/v2\/product_cat?post=4372"},{"taxonomy":"product_tag","embeddable":true,"href":"https:\/\/www.safinel.fr\/pt\/wp-json\/wp\/v2\/product_tag?post=4372"}],"curies":[{"name":"wp","href":"https:\/\/api.w.org\/{rel}","templated":true}]}}