{"id":4328,"date":"2023-01-24T15:12:47","date_gmt":"2023-01-24T15:12:47","guid":{"rendered":"https:\/\/www.safinel.fr\/?post_type=product&#038;p=4328"},"modified":"2023-12-30T12:16:42","modified_gmt":"2023-12-30T12:16:42","slug":"cartilagem-de-tubarao","status":"publish","type":"product","link":"https:\/\/www.safinel.fr\/pt\/product-2\/cartilagem-de-tubarao\/","title":{"rendered":"60 c\u00e1psulas de cartilagem de tubar\u00e3o"},"content":{"rendered":"<p>J\u00e1 ouviu falar do\u00a0<strong>cartilagem de tubar\u00e3o<\/strong>\u00a0Embora possa parecer estranho, \u00e9 uma excelente fonte de c\u00e1lcio e vitamina D! Vamos dar uma olhada neste aliado desconhecido das suas articula\u00e7\u00f5es e ossos!<\/p>\n<h2><strong>Cartilagem de tubar\u00e3o: que<\/strong>\u2019<strong>\u00e9 isso mesmo?<\/strong>\u2019<strong>\u00e9?<\/strong><\/h2>\n<p>A cartilagem de tubar\u00e3o, assim como a cartilagem humana, \u00e9 um tecido resistente, mas flex\u00edvel. N\u00e3o vascularizada, ela recobre a superf\u00edcie dos ossos nas articula\u00e7\u00f5es. Pode at\u00e9 mesmo ser a estrutura de certos \u00f3rg\u00e3os (a orelha, por exemplo!).<\/p>\n<p>\u00c9 principalmente uma fonte natural de prote\u00ednas colag\u00e9nicas. Mas tamb\u00e9m de c\u00e1lcio, condroitina e f\u00f3sforo.<\/p>\n<p>Ora, o c\u00e1lcio \u00e9 o mineral mais abundante no corpo humano. Na verdade, representa 1 a 1,5 kg. E 99% dele contribui para a solidez dos seus ossos e dentes.<\/p>\n<p>Al\u00e9m disso, o segundo mineral mais importante \u00e9 o f\u00f3sforo, um componente essencial das nossas c\u00e9lulas \u00f3sseas. Ali\u00e1s, 85% desse f\u00f3sforo est\u00e1 associado ao c\u00e1lcio dos ossos.<\/p>\n<p>Quanto \u00e0s prote\u00ednas colag\u00e9nicas e \u00e0 condroitina, trata-se de dois componentes essenciais da cartilagem.<\/p>\n<p>Como pode ver, a cartilagem de tubar\u00e3o \u00e9 um suporte importante para toda a estrutura \u00f3ssea! Ela ajuda a manter a ossatura e a denti\u00e7\u00e3o normais!<\/p>\n<p>A cartilagem utilizada prov\u00e9m de uma esp\u00e9cie de tubar\u00e3o n\u00e3o amea\u00e7ada e pescada para fins alimentares.<\/p>\n<h2><strong>Por que tomar cartilagem de tubar\u00e3o?<\/strong><\/h2>\n<p>Est\u00e3o em curso investiga\u00e7\u00f5es sobre o potencial anticancer\u00edgeno deste produto. Por enquanto, n\u00e3o h\u00e1 nada conclusivo sobre o assunto.<\/p>\n<p>Hoje vamos falar sobre a sa\u00fade das suas articula\u00e7\u00f5es! Osteoartrite, artrite, dores nas articula\u00e7\u00f5es: a cartilagem de tubar\u00e3o \u00e9 eficaz!<\/p>\n<p>Ele possui, de facto, in\u00fameras propriedades medicinais.<\/p>\n<p>Bem-estar articular: tem uma a\u00e7\u00e3o ben\u00e9fica nas articula\u00e7\u00f5es. A longo prazo, contribui para o al\u00edvio da artrite, osteoartrite e poliartrite reumatoide.<\/p>\n<p>Al\u00e9m disso, ajuda a melhorar a mobilidade geral.<\/p>\n<p>Participa na renova\u00e7\u00e3o da cartilagem. Em particular, gra\u00e7as \u00e0 glucosamina e \u00e0 condroitina que cont\u00e9m. Componentes acima mencionados.<\/p>\n<p>Mas tamb\u00e9m limita a sua degrada\u00e7\u00e3o e permite remineralizar as articula\u00e7\u00f5es.<\/p>\n<p>Al\u00e9m disso, tem efic\u00e1cia comprovada no tratamento de dist\u00farbios inflamat\u00f3rios. Nomeadamente hemorr\u00f3idas e retocolite. Mas tamb\u00e9m psor\u00edase e alergias cut\u00e2neas agudas.<\/p>\n<h3><strong>Cartilagem de tubar\u00e3o: precau\u00e7\u00f5es<\/strong>\u2019<strong>utiliza\u00e7\u00e3o<\/strong><\/h3>\n<p>Devido \u00e0 sua a\u00e7\u00e3o antiangiog\u00e9nica, deve ser absolutamente evitado:<\/p>\n<ul>\n<li>em mulheres gr\u00e1vidas e lactantes<\/li>\n<li>assim como nas crian\u00e7as<\/li>\n<li>bem como em pessoas que sofrem de feridas (resultantes de les\u00f5es ou cirurgias).<\/li>\n<\/ul>\n<p>N\u00e3o utilize este produto se for al\u00e9rgico a peixes, crust\u00e1ceos e\/ou moluscos.<\/p>\n<h3><strong>Safinel, a loja de produtos naturais e africanos!<\/strong><\/h3>\n<p>Descubra a nossa loja online: o com\u00e9rcio eletr\u00f3nico que quer o seu bem!<\/p>\n<p>De facto, oferecemos apenas cosm\u00e9ticos naturais, cuidadosamente selecionados especialmente para si!<\/p>\n<p>Encontrar\u00e1 v\u00e1rios itens,<\/p>\n<p>E a mulher est\u00e1 em destaque! Descubra, nomeadamente:<\/p>\n<ul>\n<li>ajudas naturais \u00e0 fertilidade, e obviamente reconhecidas! Tais como as\u00a0<strong>c\u00e1psulas de p\u00f3len de palmeira<\/strong>\u00a0ou ainda a<strong>\u00a0rosa de Jeric\u00f3<\/strong>\u00a0;<\/li>\n<li>plantas que ajudam a apertar a vagina, como a\u00a0<strong>p\u00f3 de nep-nep<\/strong>\u00a0;<\/li>\n<li>ou aliviar as menstrua\u00e7\u00f5es dolorosas, tais como a\u00a0<strong>fruta de 4 lados<\/strong>\u00a0;<\/li>\n<li>Mas tamb\u00e9m o\u00a0<a href=\"https:\/\/www.safinel.fr\/pt\/product-2\/raizes-de-vetiver\/\"><strong>khamar\u00e9<\/strong><\/a>, para usar no p\u00f3s-parto. Ou em caso, por exemplo, de secura vaginal!<\/li>\n<\/ul>\n<p>E isso n\u00e3o \u00e9 tudo! Descubra tamb\u00e9m infus\u00f5es e plantas em p\u00f3 que ir\u00e3o impulsionar a sua\u00a0<strong>fertilidade<\/strong>, mas tamb\u00e9m\u00a0<strong>plantas afrodis\u00edacas<\/strong>.<\/p>\n<p>Noutro registo, propomos-lhe plantas para tratar toda a fam\u00edlia de forma natural (<strong>eucalipto<\/strong>,\u00a0<strong>folhas de tulsi<\/strong>\u2026)<\/p>\n<p>Ou simplesmente cuidar de si, da ponta dos p\u00e9s at\u00e9 a raiz do cabelo! Com destaque para o\u00a0<strong>manteiga de karit\u00e9<\/strong>, o\u00a0<strong>Bhringaraj<\/strong>, e at\u00e9 mesmo<strong>\u00a0<a href=\"https:\/\/www.safinel.fr\/pt\/product-category-2\/botox-capilar\/\">Botox capilar<\/a><\/strong>\u00a0!<\/p>","protected":false},"excerpt":{"rendered":"<p>Avez-vous d\u00e9j\u00e0 entendu parler du\u00a0cartilage de requin\u00a0? Bien que cela puisse vous para\u00eetre \u00e9trange, c\u2019est une excellente source de calcium et de vitamine D ! Zoom sur cet alli\u00e9 m\u00e9connu de votre capital articulaire et osseux ! Le cartilage de requin : qu\u2019est-ce que c\u2019est ? Le cartilage de requin, tout comme le cartilage humain, [&#8230;]","protected":false},"featured_media":4331,"template":"","meta":[],"product_brand":[],"product_cat":[15],"product_tag":[],"class_list":{"0":"post-4328","1":"product","2":"type-product","3":"status-publish","4":"has-post-thumbnail","6":"product_cat-fertilite","8":"first","9":"outofstock","10":"shipping-taxable","11":"purchasable","12":"product-type-simple"},"yoast_head":"<!-- This site is optimized with the Yoast SEO plugin v26.6 - https:\/\/yoast.com\/wordpress\/plugins\/seo\/ -->\n<title>Cartilage de requin I 60 g\u00e9lules I Bienfaits nombreux<\/title>\n<meta name=\"description\" content=\"Avez-vous d\u00e9j\u00e0 entendu parler du\u00a0cartilage de requin\u00a0? Bien que cela puisse vous para\u00eetre \u00e9trange, c\u2019est une excellente source de calcium et de vitamine D !\" \/>\n<meta name=\"robots\" content=\"index, follow, max-snippet:-1, max-image-preview:large, max-video-preview:-1\" \/>\n<link rel=\"canonical\" href=\"https:\/\/www.safinel.fr\/pt\/product-2\/cartilagem-de-tubarao\/\" \/>\n<meta property=\"og:locale\" content=\"pt_PT\" \/>\n<meta property=\"og:type\" content=\"article\" \/>\n<meta property=\"og:title\" content=\"Cartilage de requin I 60 g\u00e9lules I Bienfaits nombreux\" \/>\n<meta property=\"og:description\" content=\"Avez-vous d\u00e9j\u00e0 entendu parler du\u00a0cartilage de requin\u00a0? Bien que cela puisse vous para\u00eetre \u00e9trange, c\u2019est une excellente source de calcium et de vitamine D !\" \/>\n<meta property=\"og:url\" content=\"https:\/\/www.safinel.fr\/pt\/product-2\/cartilagem-de-tubarao\/\" \/>\n<meta property=\"og:site_name\" content=\"Safinel\" \/>\n<meta property=\"article:modified_time\" content=\"2023-12-30T12:16:42+00:00\" \/>\n<meta property=\"og:image\" content=\"https:\/\/www.safinel.fr\/wp-content\/uploads\/2023\/01\/gelules-de-cartilage-de-requin.jpg\" \/>\n\t<meta property=\"og:image:width\" content=\"600\" \/>\n\t<meta property=\"og:image:height\" content=\"600\" \/>\n\t<meta property=\"og:image:type\" content=\"image\/jpeg\" \/>\n<meta name=\"twitter:card\" content=\"summary_large_image\" \/>\n<meta name=\"twitter:label1\" content=\"Tempo estimado de leitura\" \/>\n\t<meta name=\"twitter:data1\" content=\"3 minutos\" \/>\n<script type=\"application\/ld+json\" class=\"yoast-schema-graph\">{\"@context\":\"https:\/\/schema.org\",\"@graph\":[{\"@type\":\"WebPage\",\"@id\":\"https:\/\/www.safinel.fr\/produit\/cartilage-de-requin\/\",\"url\":\"https:\/\/www.safinel.fr\/produit\/cartilage-de-requin\/\",\"name\":\"Cartilage de requin I 60 g\u00e9lules I Bienfaits nombreux\",\"isPartOf\":{\"@id\":\"https:\/\/www.safinel.fr\/#website\"},\"primaryImageOfPage\":{\"@id\":\"https:\/\/www.safinel.fr\/produit\/cartilage-de-requin\/#primaryimage\"},\"image\":{\"@id\":\"https:\/\/www.safinel.fr\/produit\/cartilage-de-requin\/#primaryimage\"},\"thumbnailUrl\":\"https:\/\/www.safinel.fr\/wp-content\/uploads\/2023\/01\/gelules-de-cartilage-de-requin.jpg\",\"datePublished\":\"2023-01-24T15:12:47+00:00\",\"dateModified\":\"2023-12-30T12:16:42+00:00\",\"description\":\"Avez-vous d\u00e9j\u00e0 entendu parler du\u00a0cartilage de requin\u00a0? Bien que cela puisse vous para\u00eetre \u00e9trange, c\u2019est une excellente source de calcium et de vitamine D !\",\"breadcrumb\":{\"@id\":\"https:\/\/www.safinel.fr\/produit\/cartilage-de-requin\/#breadcrumb\"},\"inLanguage\":\"pt-PT\",\"potentialAction\":[{\"@type\":\"ReadAction\",\"target\":[\"https:\/\/www.safinel.fr\/produit\/cartilage-de-requin\/\"]}]},{\"@type\":\"ImageObject\",\"inLanguage\":\"pt-PT\",\"@id\":\"https:\/\/www.safinel.fr\/produit\/cartilage-de-requin\/#primaryimage\",\"url\":\"https:\/\/www.safinel.fr\/wp-content\/uploads\/2023\/01\/gelules-de-cartilage-de-requin.jpg\",\"contentUrl\":\"https:\/\/www.safinel.fr\/wp-content\/uploads\/2023\/01\/gelules-de-cartilage-de-requin.jpg\",\"width\":600,\"height\":600,\"caption\":\"60 g\u00e9lules de cartilage de requin\"},{\"@type\":\"BreadcrumbList\",\"@id\":\"https:\/\/www.safinel.fr\/produit\/cartilage-de-requin\/#breadcrumb\",\"itemListElement\":[{\"@type\":\"ListItem\",\"position\":1,\"name\":\"Accueil\",\"item\":\"https:\/\/www.safinel.fr\/\"},{\"@type\":\"ListItem\",\"position\":2,\"name\":\"Boutique\",\"item\":\"https:\/\/www.safinel.fr\/boutique\/\"},{\"@type\":\"ListItem\",\"position\":3,\"name\":\"60 g\u00e9lules de cartilage de requin\"}]},{\"@type\":\"WebSite\",\"@id\":\"https:\/\/www.safinel.fr\/#website\",\"url\":\"https:\/\/www.safinel.fr\/\",\"name\":\"Safinel\",\"description\":\"\",\"publisher\":{\"@id\":\"https:\/\/www.safinel.fr\/#organization\"},\"potentialAction\":[{\"@type\":\"SearchAction\",\"target\":{\"@type\":\"EntryPoint\",\"urlTemplate\":\"https:\/\/www.safinel.fr\/?s={search_term_string}\"},\"query-input\":{\"@type\":\"PropertyValueSpecification\",\"valueRequired\":true,\"valueName\":\"search_term_string\"}}],\"inLanguage\":\"pt-PT\"},{\"@type\":\"Organization\",\"@id\":\"https:\/\/www.safinel.fr\/#organization\",\"name\":\"Safinel\",\"url\":\"https:\/\/www.safinel.fr\/\",\"logo\":{\"@type\":\"ImageObject\",\"inLanguage\":\"pt-PT\",\"@id\":\"https:\/\/www.safinel.fr\/#\/schema\/logo\/image\/\",\"url\":\"https:\/\/www.safinel.fr\/wp-content\/uploads\/2021\/05\/boutique-cosmetique.png\",\"contentUrl\":\"https:\/\/www.safinel.fr\/wp-content\/uploads\/2021\/05\/boutique-cosmetique.png\",\"width\":800,\"height\":200,\"caption\":\"Safinel\"},\"image\":{\"@id\":\"https:\/\/www.safinel.fr\/#\/schema\/logo\/image\/\"}}]}<\/script>\n<!-- \/ Yoast SEO plugin. -->","yoast_head_json":{"title":"Cartilagem de tubar\u00e3o I 60 c\u00e1psulas I In\u00fameros benef\u00edcios","description":"J\u00e1 ouviu falar da cartilagem de tubar\u00e3o? Embora possa parecer estranho, \u00e9 uma excelente fonte de c\u00e1lcio e vitamina D!","robots":{"index":"index","follow":"follow","max-snippet":"max-snippet:-1","max-image-preview":"max-image-preview:large","max-video-preview":"max-video-preview:-1"},"canonical":"https:\/\/www.safinel.fr\/pt\/product-2\/cartilagem-de-tubarao\/","og_locale":"pt_PT","og_type":"article","og_title":"Cartilage de requin I 60 g\u00e9lules I Bienfaits nombreux","og_description":"Avez-vous d\u00e9j\u00e0 entendu parler du\u00a0cartilage de requin\u00a0? Bien que cela puisse vous para\u00eetre \u00e9trange, c\u2019est une excellente source de calcium et de vitamine D !","og_url":"https:\/\/www.safinel.fr\/pt\/product-2\/cartilagem-de-tubarao\/","og_site_name":"Safinel","article_modified_time":"2023-12-30T12:16:42+00:00","og_image":[{"width":600,"height":600,"url":"https:\/\/www.safinel.fr\/wp-content\/uploads\/2023\/01\/gelules-de-cartilage-de-requin.jpg","type":"image\/jpeg"}],"twitter_card":"summary_large_image","twitter_misc":{"Tempo estimado de leitura":"3 minutos"},"schema":{"@context":"https:\/\/schema.org","@graph":[{"@type":"WebPage","@id":"https:\/\/www.safinel.fr\/produit\/cartilage-de-requin\/","url":"https:\/\/www.safinel.fr\/produit\/cartilage-de-requin\/","name":"Cartilagem de tubar\u00e3o I 60 c\u00e1psulas I In\u00fameros benef\u00edcios","isPartOf":{"@id":"https:\/\/www.safinel.fr\/#website"},"primaryImageOfPage":{"@id":"https:\/\/www.safinel.fr\/produit\/cartilage-de-requin\/#primaryimage"},"image":{"@id":"https:\/\/www.safinel.fr\/produit\/cartilage-de-requin\/#primaryimage"},"thumbnailUrl":"https:\/\/www.safinel.fr\/wp-content\/uploads\/2023\/01\/gelules-de-cartilage-de-requin.jpg","datePublished":"2023-01-24T15:12:47+00:00","dateModified":"2023-12-30T12:16:42+00:00","description":"J\u00e1 ouviu falar da cartilagem de tubar\u00e3o? Embora possa parecer estranho, \u00e9 uma excelente fonte de c\u00e1lcio e vitamina D!","breadcrumb":{"@id":"https:\/\/www.safinel.fr\/produit\/cartilage-de-requin\/#breadcrumb"},"inLanguage":"pt-PT","potentialAction":[{"@type":"ReadAction","target":["https:\/\/www.safinel.fr\/produit\/cartilage-de-requin\/"]}]},{"@type":"ImageObject","inLanguage":"pt-PT","@id":"https:\/\/www.safinel.fr\/produit\/cartilage-de-requin\/#primaryimage","url":"https:\/\/www.safinel.fr\/wp-content\/uploads\/2023\/01\/gelules-de-cartilage-de-requin.jpg","contentUrl":"https:\/\/www.safinel.fr\/wp-content\/uploads\/2023\/01\/gelules-de-cartilage-de-requin.jpg","width":600,"height":600,"caption":"60 g\u00e9lules de cartilage de requin"},{"@type":"BreadcrumbList","@id":"https:\/\/www.safinel.fr\/produit\/cartilage-de-requin\/#breadcrumb","itemListElement":[{"@type":"ListItem","position":1,"name":"Accueil","item":"https:\/\/www.safinel.fr\/"},{"@type":"ListItem","position":2,"name":"Boutique","item":"https:\/\/www.safinel.fr\/boutique\/"},{"@type":"ListItem","position":3,"name":"60 g\u00e9lules de cartilage de requin"}]},{"@type":"WebSite","@id":"https:\/\/www.safinel.fr\/#website","url":"https:\/\/www.safinel.fr\/","name":"Safinel","description":"","publisher":{"@id":"https:\/\/www.safinel.fr\/#organization"},"potentialAction":[{"@type":"SearchAction","target":{"@type":"EntryPoint","urlTemplate":"https:\/\/www.safinel.fr\/?s={search_term_string}"},"query-input":{"@type":"PropertyValueSpecification","valueRequired":true,"valueName":"search_term_string"}}],"inLanguage":"pt-PT"},{"@type":"Organization","@id":"https:\/\/www.safinel.fr\/#organization","name":"Safinel","url":"https:\/\/www.safinel.fr\/","logo":{"@type":"ImageObject","inLanguage":"pt-PT","@id":"https:\/\/www.safinel.fr\/#\/schema\/logo\/image\/","url":"https:\/\/www.safinel.fr\/wp-content\/uploads\/2021\/05\/boutique-cosmetique.png","contentUrl":"https:\/\/www.safinel.fr\/wp-content\/uploads\/2021\/05\/boutique-cosmetique.png","width":800,"height":200,"caption":"Safinel"},"image":{"@id":"https:\/\/www.safinel.fr\/#\/schema\/logo\/image\/"}}]}},"_links":{"self":[{"href":"https:\/\/www.safinel.fr\/pt\/wp-json\/wp\/v2\/product\/4328","targetHints":{"allow":["GET"]}}],"collection":[{"href":"https:\/\/www.safinel.fr\/pt\/wp-json\/wp\/v2\/product"}],"about":[{"href":"https:\/\/www.safinel.fr\/pt\/wp-json\/wp\/v2\/types\/product"}],"wp:featuredmedia":[{"embeddable":true,"href":"https:\/\/www.safinel.fr\/pt\/wp-json\/wp\/v2\/media\/4331"}],"wp:attachment":[{"href":"https:\/\/www.safinel.fr\/pt\/wp-json\/wp\/v2\/media?parent=4328"}],"wp:term":[{"taxonomy":"product_brand","embeddable":true,"href":"https:\/\/www.safinel.fr\/pt\/wp-json\/wp\/v2\/product_brand?post=4328"},{"taxonomy":"product_cat","embeddable":true,"href":"https:\/\/www.safinel.fr\/pt\/wp-json\/wp\/v2\/product_cat?post=4328"},{"taxonomy":"product_tag","embeddable":true,"href":"https:\/\/www.safinel.fr\/pt\/wp-json\/wp\/v2\/product_tag?post=4328"}],"curies":[{"name":"wp","href":"https:\/\/api.w.org\/{rel}","templated":true}]}}