{"id":4301,"date":"2023-01-22T17:33:41","date_gmt":"2023-01-22T17:33:41","guid":{"rendered":"https:\/\/www.safinel.fr\/?post_type=product&#038;p=4301"},"modified":"2024-08-08T11:13:13","modified_gmt":"2024-08-08T11:13:13","slug":"gordura-de-camelo","status":"publish","type":"product","link":"https:\/\/www.safinel.fr\/pt\/product-2\/gordura-de-camelo\/","title":{"rendered":"Gordura de camelo 45 g"},"content":{"rendered":"<p><strong>A gordura de camelo.\u00a0<\/strong>Se ainda n\u00e3o ouviu falar desse termo, saiba que por tr\u00e1s dessa express\u00e3o se esconde\u00a0<strong>um produto repleto de benef\u00edcios.<\/strong>\u00a0Zoom sobre a gordura de camelo, uma novidade na nossa loja que<strong>\u00a0Voc\u00ea n\u00e3o pode perder!<\/strong><\/p>\n<h2><strong>A gordura de camelo, uma p\u00e9rola desconhecida<\/strong><\/h2>\n<p>Na verdade, \u00e9 um<strong>\u00a0produto bastante raro e desconhecido<\/strong>\u00a0sobre o qual estamos a falar aqui. Em\u00a0<a href=\"https:\/\/www.campings.ma\" target=\"_blank\" rel=\"noopener\"><strong>proveniente diretamente de Marrocos<\/strong><\/a>, esta pequena p\u00e9rola\u00a0<strong>tamb\u00e9m \u00e9 conhecido como daroua<\/strong>. A lenda que diz que as corcovas dos camelos cont\u00eam \u00e1gua foi definitivamente abolida! Pois \u00e9 gordura, e n\u00e3o qualquer gordura, que as suas corcovas cont\u00eam.<\/p>\n<p>Esta\u00a0<strong>oferece-nos um produto de alta qualidade que alivia muitas dores nas articula\u00e7\u00f5es e na pele, nomeadamente<\/strong>. Vejamos em detalhes os benef\u00edcios que ela traz.<\/p>\n<h2><strong>Os benef\u00edcios da gordura da corcunda do camelo\u00a0<\/strong><\/h2>\n<p><strong>Os benef\u00edcios da gordura de camelo do Marrocos<\/strong>, observam-se em primeiro lugar\u00a0<strong>em caso de problemas de articula\u00e7\u00e3o<\/strong>. De facto, se voc\u00ea \u00e9 propenso a<strong>\u00a0problemas de artrite, osteoartrite ou reumatismo<\/strong>\u00a0este produto \u00e9 ideal para si! Da mesma forma, a gordura ser\u00e1 eficaz para os seus\u00a0<strong>dores musculares, dores nas costas<\/strong>\u00a0bem como para\u00a0<strong>aliviar o nervo ci\u00e1tico.\u00a0<\/strong><\/p>\n<p>Tamb\u00e9m se deve destacar a efic\u00e1cia da gordura de camelo no tratamento de doen\u00e7as de pele, tais como<strong>\u00a0eczema e psor\u00edase.<\/strong>\u00a0Tamb\u00e9m<strong>\u00a0aliviar a pele seca com fissuras<\/strong>. E ser\u00e1 igualmente uma grande ajuda no contexto\u00a0<strong>doen\u00e7as respirat\u00f3rias, nomeadamente asma<\/strong>.  Finalmente, aproveitar os benef\u00edcios desta p\u00e9rola do deserto para<strong>\u00a0aliviar as dores das hemorr\u00f3idas<\/strong>. Explicamos-lhe agora mesmo como utiliz\u00e1-la.<\/p>\n<h2><strong>O uso da gordura da corcunda do camelo<\/strong><\/h2>\n<p>Dependendo do que pretende tratar, eis como aplicar a gordura de camelo do Marrocos na sua pele. Assim, se pretende aliviar dores,<strong>\u00a0massajar diretamente a \u00e1rea de forma direcionada com a gordura<\/strong>. Em seguida, se desejar livrar-se de problemas espec\u00edficos da pele,\u00a0<a href=\"https:\/\/www.safinel.fr\/pt\/product-2\/serum-anti-acne-com-nigela\/\"><strong>pode mistur\u00e1-la com \u00f3leo de nigela<\/strong><\/a>\u00a0por exemplo. Ent\u00e3o\u00a0<strong>Massaje localmente a \u00e1rea da pele que pretende tratar.<\/strong>\u00a0e n\u00e3o hesite em repetir a opera\u00e7\u00e3o.<\/p>\n<p>Por fim, no que diz respeito a problemas respirat\u00f3rios, aplique gordura de camelo.\u00a0<strong>massajando diretamente sobre o t\u00f3rax.<\/strong>\u00a0Assim como\u00a0<strong>a parte superior das costas.<\/strong>\u00a0Por fim, saiba que\u00a0<strong>A gordura de camelo tamb\u00e9m pode ser consumida sozinha ou misturada com mel.<\/strong>\u00a0O que, no caso de problemas respirat\u00f3rios, se revela particularmente eficaz.<\/p>\n<p>Como j\u00e1 dissemos, trata-se de uma verdadeira joia. Claramente indispens\u00e1vel na sua farm\u00e1cia natural, vamos ver, para terminar, como deve conserv\u00e1-la para preservar da melhor forma a sua total efic\u00e1cia.<\/p>\n<h3><strong>Conselho de conserva\u00e7\u00e3o\u00a0<\/strong><\/h3>\n<p>Para conservar da melhor forma a sua gordura de camelo e todas as suas propriedades,\u00a0<strong>Recomendamos que o armazene num local fresco e, de prefer\u00eancia, seco.<\/strong>. Assim como em\u00a0<strong>ao abrigo da luz.<\/strong>\u00a0Por fim, para concluir, observe que\u00a0<strong>N\u00e3o deixe a sua gordura de camelo entrar em contacto com \u00e1gua.\u00a0<\/strong><\/p>","protected":false},"excerpt":{"rendered":"<p>La graisse de chameau.\u00a0Si vous n&rsquo;avez pas encore entendu ce terme, sachez que se cache derri\u00e8re ce libell\u00e9\u00a0un produit rempli de bienfaits.\u00a0Zoom sur la graisse de chameau, une nouveaut\u00e9 sur notre boutique que\u00a0vous ne devez absolument pas manquer ! La graisse de chameau, une perle m\u00e9connue En effet, c&rsquo;est un\u00a0produit plut\u00f4t rare et m\u00e9connu\u00a0dont nous [&#8230;]","protected":false},"featured_media":4302,"template":"","meta":[],"product_brand":[],"product_cat":[41],"product_tag":[],"class_list":{"0":"post-4301","1":"product","2":"type-product","3":"status-publish","4":"has-post-thumbnail","6":"product_cat-produits-naturels-divers","8":"first","9":"instock","10":"shipping-taxable","11":"purchasable","12":"product-type-simple"},"yoast_head":"<!-- This site is optimized with the Yoast SEO plugin v26.6 - https:\/\/yoast.com\/wordpress\/plugins\/seo\/ -->\n<title>Graisse de chameau I Bienfaits nombreux I Originaire du Maroc<\/title>\n<meta name=\"description\" content=\"La graisse de chameau.\u00a0Si vous n&#039;avez pas encore entendu ce terme, sachez que se cache derri\u00e8re ce libell\u00e9\u00a0un produit rempli de bienfaits.\" \/>\n<meta name=\"robots\" content=\"index, follow, max-snippet:-1, max-image-preview:large, max-video-preview:-1\" \/>\n<link rel=\"canonical\" href=\"https:\/\/www.safinel.fr\/pt\/product-2\/gordura-de-camelo\/\" \/>\n<meta property=\"og:locale\" content=\"pt_PT\" \/>\n<meta property=\"og:type\" content=\"article\" \/>\n<meta property=\"og:title\" content=\"Graisse de chameau I Bienfaits nombreux I Originaire du Maroc\" \/>\n<meta property=\"og:description\" content=\"La graisse de chameau.\u00a0Si vous n&#039;avez pas encore entendu ce terme, sachez que se cache derri\u00e8re ce libell\u00e9\u00a0un produit rempli de bienfaits.\" \/>\n<meta property=\"og:url\" content=\"https:\/\/www.safinel.fr\/pt\/product-2\/gordura-de-camelo\/\" \/>\n<meta property=\"og:site_name\" content=\"Safinel\" \/>\n<meta property=\"article:modified_time\" content=\"2024-08-08T11:13:13+00:00\" \/>\n<meta property=\"og:image\" content=\"https:\/\/www.safinel.fr\/wp-content\/uploads\/2023\/01\/graisse-de-chameau.jpg\" \/>\n\t<meta property=\"og:image:width\" content=\"600\" \/>\n\t<meta property=\"og:image:height\" content=\"600\" \/>\n\t<meta property=\"og:image:type\" content=\"image\/jpeg\" \/>\n<meta name=\"twitter:card\" content=\"summary_large_image\" \/>\n<meta name=\"twitter:label1\" content=\"Tempo estimado de leitura\" \/>\n\t<meta name=\"twitter:data1\" content=\"3 minutos\" \/>\n<script type=\"application\/ld+json\" class=\"yoast-schema-graph\">{\"@context\":\"https:\/\/schema.org\",\"@graph\":[{\"@type\":\"WebPage\",\"@id\":\"https:\/\/www.safinel.fr\/produit\/graisse-de-chameau\/\",\"url\":\"https:\/\/www.safinel.fr\/produit\/graisse-de-chameau\/\",\"name\":\"Graisse de chameau I Bienfaits nombreux I Originaire du Maroc\",\"isPartOf\":{\"@id\":\"https:\/\/www.safinel.fr\/#website\"},\"primaryImageOfPage\":{\"@id\":\"https:\/\/www.safinel.fr\/produit\/graisse-de-chameau\/#primaryimage\"},\"image\":{\"@id\":\"https:\/\/www.safinel.fr\/produit\/graisse-de-chameau\/#primaryimage\"},\"thumbnailUrl\":\"https:\/\/www.safinel.fr\/wp-content\/uploads\/2023\/01\/graisse-de-chameau.jpg\",\"datePublished\":\"2023-01-22T17:33:41+00:00\",\"dateModified\":\"2024-08-08T11:13:13+00:00\",\"description\":\"La graisse de chameau.\u00a0Si vous n'avez pas encore entendu ce terme, sachez que se cache derri\u00e8re ce libell\u00e9\u00a0un produit rempli de bienfaits.\",\"breadcrumb\":{\"@id\":\"https:\/\/www.safinel.fr\/produit\/graisse-de-chameau\/#breadcrumb\"},\"inLanguage\":\"pt-PT\",\"potentialAction\":[{\"@type\":\"ReadAction\",\"target\":[\"https:\/\/www.safinel.fr\/produit\/graisse-de-chameau\/\"]}]},{\"@type\":\"ImageObject\",\"inLanguage\":\"pt-PT\",\"@id\":\"https:\/\/www.safinel.fr\/produit\/graisse-de-chameau\/#primaryimage\",\"url\":\"https:\/\/www.safinel.fr\/wp-content\/uploads\/2023\/01\/graisse-de-chameau.jpg\",\"contentUrl\":\"https:\/\/www.safinel.fr\/wp-content\/uploads\/2023\/01\/graisse-de-chameau.jpg\",\"width\":600,\"height\":600,\"caption\":\"Graisse de chameau\"},{\"@type\":\"BreadcrumbList\",\"@id\":\"https:\/\/www.safinel.fr\/produit\/graisse-de-chameau\/#breadcrumb\",\"itemListElement\":[{\"@type\":\"ListItem\",\"position\":1,\"name\":\"Accueil\",\"item\":\"https:\/\/www.safinel.fr\/\"},{\"@type\":\"ListItem\",\"position\":2,\"name\":\"Boutique\",\"item\":\"https:\/\/www.safinel.fr\/boutique\/\"},{\"@type\":\"ListItem\",\"position\":3,\"name\":\"Graisse de chameau 45g\"}]},{\"@type\":\"WebSite\",\"@id\":\"https:\/\/www.safinel.fr\/#website\",\"url\":\"https:\/\/www.safinel.fr\/\",\"name\":\"Safinel\",\"description\":\"\",\"publisher\":{\"@id\":\"https:\/\/www.safinel.fr\/#organization\"},\"potentialAction\":[{\"@type\":\"SearchAction\",\"target\":{\"@type\":\"EntryPoint\",\"urlTemplate\":\"https:\/\/www.safinel.fr\/?s={search_term_string}\"},\"query-input\":{\"@type\":\"PropertyValueSpecification\",\"valueRequired\":true,\"valueName\":\"search_term_string\"}}],\"inLanguage\":\"pt-PT\"},{\"@type\":\"Organization\",\"@id\":\"https:\/\/www.safinel.fr\/#organization\",\"name\":\"Safinel\",\"url\":\"https:\/\/www.safinel.fr\/\",\"logo\":{\"@type\":\"ImageObject\",\"inLanguage\":\"pt-PT\",\"@id\":\"https:\/\/www.safinel.fr\/#\/schema\/logo\/image\/\",\"url\":\"https:\/\/www.safinel.fr\/wp-content\/uploads\/2021\/05\/boutique-cosmetique.png\",\"contentUrl\":\"https:\/\/www.safinel.fr\/wp-content\/uploads\/2021\/05\/boutique-cosmetique.png\",\"width\":800,\"height\":200,\"caption\":\"Safinel\"},\"image\":{\"@id\":\"https:\/\/www.safinel.fr\/#\/schema\/logo\/image\/\"}}]}<\/script>\n<!-- \/ Yoast SEO plugin. -->","yoast_head_json":{"title":"Gordura de camelo I In\u00fameros benef\u00edcios I Origin\u00e1ria de Marrocos","description":"Gordura de camelo. Se ainda n\u00e3o ouviu falar desse termo, saiba que por tr\u00e1s dessa denomina\u00e7\u00e3o se esconde um produto repleto de benef\u00edcios.","robots":{"index":"index","follow":"follow","max-snippet":"max-snippet:-1","max-image-preview":"max-image-preview:large","max-video-preview":"max-video-preview:-1"},"canonical":"https:\/\/www.safinel.fr\/pt\/product-2\/gordura-de-camelo\/","og_locale":"pt_PT","og_type":"article","og_title":"Graisse de chameau I Bienfaits nombreux I Originaire du Maroc","og_description":"La graisse de chameau.\u00a0Si vous n'avez pas encore entendu ce terme, sachez que se cache derri\u00e8re ce libell\u00e9\u00a0un produit rempli de bienfaits.","og_url":"https:\/\/www.safinel.fr\/pt\/product-2\/gordura-de-camelo\/","og_site_name":"Safinel","article_modified_time":"2024-08-08T11:13:13+00:00","og_image":[{"width":600,"height":600,"url":"https:\/\/www.safinel.fr\/wp-content\/uploads\/2023\/01\/graisse-de-chameau.jpg","type":"image\/jpeg"}],"twitter_card":"summary_large_image","twitter_misc":{"Tempo estimado de leitura":"3 minutos"},"schema":{"@context":"https:\/\/schema.org","@graph":[{"@type":"WebPage","@id":"https:\/\/www.safinel.fr\/produit\/graisse-de-chameau\/","url":"https:\/\/www.safinel.fr\/produit\/graisse-de-chameau\/","name":"Gordura de camelo I In\u00fameros benef\u00edcios I Origin\u00e1ria de Marrocos","isPartOf":{"@id":"https:\/\/www.safinel.fr\/#website"},"primaryImageOfPage":{"@id":"https:\/\/www.safinel.fr\/produit\/graisse-de-chameau\/#primaryimage"},"image":{"@id":"https:\/\/www.safinel.fr\/produit\/graisse-de-chameau\/#primaryimage"},"thumbnailUrl":"https:\/\/www.safinel.fr\/wp-content\/uploads\/2023\/01\/graisse-de-chameau.jpg","datePublished":"2023-01-22T17:33:41+00:00","dateModified":"2024-08-08T11:13:13+00:00","description":"Gordura de camelo. Se ainda n\u00e3o ouviu falar desse termo, saiba que por tr\u00e1s dessa denomina\u00e7\u00e3o se esconde um produto repleto de benef\u00edcios.","breadcrumb":{"@id":"https:\/\/www.safinel.fr\/produit\/graisse-de-chameau\/#breadcrumb"},"inLanguage":"pt-PT","potentialAction":[{"@type":"ReadAction","target":["https:\/\/www.safinel.fr\/produit\/graisse-de-chameau\/"]}]},{"@type":"ImageObject","inLanguage":"pt-PT","@id":"https:\/\/www.safinel.fr\/produit\/graisse-de-chameau\/#primaryimage","url":"https:\/\/www.safinel.fr\/wp-content\/uploads\/2023\/01\/graisse-de-chameau.jpg","contentUrl":"https:\/\/www.safinel.fr\/wp-content\/uploads\/2023\/01\/graisse-de-chameau.jpg","width":600,"height":600,"caption":"Graisse de chameau"},{"@type":"BreadcrumbList","@id":"https:\/\/www.safinel.fr\/produit\/graisse-de-chameau\/#breadcrumb","itemListElement":[{"@type":"ListItem","position":1,"name":"Accueil","item":"https:\/\/www.safinel.fr\/"},{"@type":"ListItem","position":2,"name":"Boutique","item":"https:\/\/www.safinel.fr\/boutique\/"},{"@type":"ListItem","position":3,"name":"Graisse de chameau 45g"}]},{"@type":"WebSite","@id":"https:\/\/www.safinel.fr\/#website","url":"https:\/\/www.safinel.fr\/","name":"Safinel","description":"","publisher":{"@id":"https:\/\/www.safinel.fr\/#organization"},"potentialAction":[{"@type":"SearchAction","target":{"@type":"EntryPoint","urlTemplate":"https:\/\/www.safinel.fr\/?s={search_term_string}"},"query-input":{"@type":"PropertyValueSpecification","valueRequired":true,"valueName":"search_term_string"}}],"inLanguage":"pt-PT"},{"@type":"Organization","@id":"https:\/\/www.safinel.fr\/#organization","name":"Safinel","url":"https:\/\/www.safinel.fr\/","logo":{"@type":"ImageObject","inLanguage":"pt-PT","@id":"https:\/\/www.safinel.fr\/#\/schema\/logo\/image\/","url":"https:\/\/www.safinel.fr\/wp-content\/uploads\/2021\/05\/boutique-cosmetique.png","contentUrl":"https:\/\/www.safinel.fr\/wp-content\/uploads\/2021\/05\/boutique-cosmetique.png","width":800,"height":200,"caption":"Safinel"},"image":{"@id":"https:\/\/www.safinel.fr\/#\/schema\/logo\/image\/"}}]}},"_links":{"self":[{"href":"https:\/\/www.safinel.fr\/pt\/wp-json\/wp\/v2\/product\/4301","targetHints":{"allow":["GET"]}}],"collection":[{"href":"https:\/\/www.safinel.fr\/pt\/wp-json\/wp\/v2\/product"}],"about":[{"href":"https:\/\/www.safinel.fr\/pt\/wp-json\/wp\/v2\/types\/product"}],"wp:featuredmedia":[{"embeddable":true,"href":"https:\/\/www.safinel.fr\/pt\/wp-json\/wp\/v2\/media\/4302"}],"wp:attachment":[{"href":"https:\/\/www.safinel.fr\/pt\/wp-json\/wp\/v2\/media?parent=4301"}],"wp:term":[{"taxonomy":"product_brand","embeddable":true,"href":"https:\/\/www.safinel.fr\/pt\/wp-json\/wp\/v2\/product_brand?post=4301"},{"taxonomy":"product_cat","embeddable":true,"href":"https:\/\/www.safinel.fr\/pt\/wp-json\/wp\/v2\/product_cat?post=4301"},{"taxonomy":"product_tag","embeddable":true,"href":"https:\/\/www.safinel.fr\/pt\/wp-json\/wp\/v2\/product_tag?post=4301"}],"curies":[{"name":"wp","href":"https:\/\/api.w.org\/{rel}","templated":true}]}}