{"id":4232,"date":"2023-01-15T16:46:56","date_gmt":"2023-01-15T16:46:56","guid":{"rendered":"https:\/\/www.safinel.fr\/?post_type=product&#038;p=4232"},"modified":"2023-12-28T17:15:43","modified_gmt":"2023-12-28T17:15:43","slug":"oleo-de-hiltite","status":"publish","type":"product","link":"https:\/\/www.safinel.fr\/pt\/product-2\/oleo-de-hiltite\/","title":{"rendered":"\u00d3leo de hiltite 30 ml \u2013 Hemani"},"content":{"rendered":"<p>O\u2019<strong>\u00f3leo de hiltite<\/strong>\u00a0ou ainda\u00a0<strong>assaf\u00e9tida<\/strong>\u00a0\u00e9 um \u00f3leo vegetal conhecido pelos seus benef\u00edcios. Origin\u00e1ria do M\u00e9dio Oriente, esta planta \u00e9 uma esp\u00e9cie de funcho gigante. Para tal, descubra mais detalhes sobre este produto.<\/p>\n<h2><strong>De onde vem o \u00f3leo de hiltite?\u00a0<\/strong><\/h2>\n<p>Esta\u00a0<strong>\u00f3leo vegetal<\/strong>\u00a0\u00e9 extra\u00edda da planta asafoetida, tamb\u00e9m conhecida como ase f\u00e9tide ou hantite. \u00c9 obtida atrav\u00e9s da incis\u00e3o das ra\u00edzes da planta.<\/p>\n<p>Este \u00f3leo tem um odor muito forte, por vezes desagrad\u00e1vel para algumas pessoas. Na verdade, \u00e9 frequentemente comparado \u00e0 arruda, uma planta com um odor particular. Al\u00e9m disso,\u00a0<strong><a href=\"https:\/\/www.safinel.fr\/pt\/product-2\/oleo-de-rua\/\">a Rua<\/a>\u00a0<\/strong>est\u00e1 dispon\u00edvel na nossa loja Safinel.<\/p>\n<h2><strong>Os benef\u00edcios do \u00f3leo de hiltite\u00a0<\/strong><\/h2>\n<p>Descubra os<strong>\u00a0muitas virtudes<\/strong>\u00a0deste produto:<\/p>\n<ul>\n<li>Planta que facilita a digest\u00e3o e alivia a flatul\u00eancia; ;<\/li>\n<li>Utilizada na medicina ayurv\u00e9dica pelas suas propriedades antiespasm\u00f3dicas; ;<\/li>\n<li>\u00datil contra constipa\u00e7\u00f5es e gripes; ;<\/li>\n<li>Laxante natural; ;<\/li>\n<li>Facilita a respira\u00e7\u00e3o; ;<\/li>\n<li>Promove a boa sa\u00fade cardiovascular; ;<\/li>\n<\/ul>\n<h3><strong>Como usar este \u00f3leo vegetal?<\/strong><\/h3>\n<p>Pode utilizar esta<strong>\u00a0\u00f3leo interno\u00a0<\/strong>ou\u00a0<strong>externamente.\u00a0<\/strong>Por exemplo, como creme nas \u00e1reas onde sente dor. Engolindo uma colher pela manh\u00e3, em jejum. Para lavar as partes \u00edntimas. E muitas outras utiliza\u00e7\u00f5es.<\/p>\n<p>No entanto, certifique-se de n\u00e3o exceder as doses indicadas.<\/p>\n<h3><strong>Descubra tamb\u00e9m o enxofre em p\u00f3\u00a0<\/strong><\/h3>\n<p>Tamb\u00e9m dispon\u00edvel na nossa loja, oferecemos-lhe\u00a0<strong>enxofre em p\u00f3<\/strong>. Este \u00faltimo possui in\u00fameros benef\u00edcios para a sa\u00fade e o seu uso \u00e9 comum. De facto, entre os seus benef\u00edcios, este \u00e9 \u00fatil contra certas doen\u00e7as otorrinolaringol\u00f3gicas. Da mesma forma, este produto \u00e9 conhecido por ajudar a aliviar certos problemas respirat\u00f3rios.<\/p>\n<p>Para isso, n\u00e3o hesite em visitar a nossa loja online para descobrir este produto.<\/p>\n<p>Al\u00e9m disso, tamb\u00e9m oferecemos diferentes<strong>\u00a0<a href=\"https:\/\/www.safinel.fr\/pt\/product-category-2\/apicultura\/\">mel de todos os cantos do mundo<\/a><\/strong>, Venha dar uma volta! N\u00e3o ficar\u00e1 desapontado.<\/p>","protected":false},"excerpt":{"rendered":"<p>L\u2019huile de hiltite\u00a0ou encore\u00a0asafoetida\u00a0est une huile v\u00e9g\u00e9tale reconnue pour ses bienfaits. Originaire du Moyen-Orient, cette plante est une sorte de fenouil g\u00e9ant. Pour ce faire, d\u00e9couvrez plus en d\u00e9tail ce produit. D\u2019o\u00f9 provient l\u2019huile de hiltite ?\u00a0 Cette\u00a0huile v\u00e9g\u00e9tale\u00a0est extraite de la plante asafoetida, nomm\u00e9e aussi ase f\u00e9tide, ou encore hantite. Celle-ci est obtenue en [&#8230;]","protected":false},"featured_media":4233,"template":"","meta":[],"product_brand":[],"product_cat":[122],"product_tag":[],"class_list":{"0":"post-4232","1":"product","2":"type-product","3":"status-publish","4":"has-post-thumbnail","6":"product_cat-huile-vegetale","8":"first","9":"instock","10":"shipping-taxable","11":"purchasable","12":"product-type-simple"},"yoast_head":"<!-- This site is optimized with the Yoast SEO plugin v26.6 - https:\/\/yoast.com\/wordpress\/plugins\/seo\/ -->\n<title>Huile de hiltite I Huile de asafoetida I Bienfaits nombreux<\/title>\n<meta name=\"description\" content=\"L\u2019huile de hiltite\u00a0ou encore\u00a0asafoetida\u00a0est une huile v\u00e9g\u00e9tale reconnue pour ses bienfaits. Adoptez-l\u00e0 sans en quelques clics !\" \/>\n<meta name=\"robots\" content=\"index, follow, max-snippet:-1, max-image-preview:large, max-video-preview:-1\" \/>\n<link rel=\"canonical\" href=\"https:\/\/www.safinel.fr\/pt\/product-2\/oleo-de-hiltite\/\" \/>\n<meta property=\"og:locale\" content=\"pt_PT\" \/>\n<meta property=\"og:type\" content=\"article\" \/>\n<meta property=\"og:title\" content=\"Huile de hiltite I Huile de asafoetida I Bienfaits nombreux\" \/>\n<meta property=\"og:description\" content=\"L\u2019huile de hiltite\u00a0ou encore\u00a0asafoetida\u00a0est une huile v\u00e9g\u00e9tale reconnue pour ses bienfaits. Adoptez-l\u00e0 sans en quelques clics !\" \/>\n<meta property=\"og:url\" content=\"https:\/\/www.safinel.fr\/pt\/product-2\/oleo-de-hiltite\/\" \/>\n<meta property=\"og:site_name\" content=\"Safinel\" \/>\n<meta property=\"article:modified_time\" content=\"2023-12-28T17:15:43+00:00\" \/>\n<meta property=\"og:image\" content=\"https:\/\/www.safinel.fr\/wp-content\/uploads\/2023\/01\/huile-de-hiltyte-hemani.jpg\" \/>\n\t<meta property=\"og:image:width\" content=\"600\" \/>\n\t<meta property=\"og:image:height\" content=\"600\" \/>\n\t<meta property=\"og:image:type\" content=\"image\/jpeg\" \/>\n<meta name=\"twitter:card\" content=\"summary_large_image\" \/>\n<meta name=\"twitter:label1\" content=\"Tempo estimado de leitura\" \/>\n\t<meta name=\"twitter:data1\" content=\"2 minutos\" \/>\n<script type=\"application\/ld+json\" class=\"yoast-schema-graph\">{\"@context\":\"https:\/\/schema.org\",\"@graph\":[{\"@type\":\"WebPage\",\"@id\":\"https:\/\/www.safinel.fr\/produit\/huile-de-hiltite\/\",\"url\":\"https:\/\/www.safinel.fr\/produit\/huile-de-hiltite\/\",\"name\":\"Huile de hiltite I Huile de asafoetida I Bienfaits nombreux\",\"isPartOf\":{\"@id\":\"https:\/\/www.safinel.fr\/#website\"},\"primaryImageOfPage\":{\"@id\":\"https:\/\/www.safinel.fr\/produit\/huile-de-hiltite\/#primaryimage\"},\"image\":{\"@id\":\"https:\/\/www.safinel.fr\/produit\/huile-de-hiltite\/#primaryimage\"},\"thumbnailUrl\":\"https:\/\/www.safinel.fr\/wp-content\/uploads\/2023\/01\/huile-de-hiltyte-hemani.jpg\",\"datePublished\":\"2023-01-15T16:46:56+00:00\",\"dateModified\":\"2023-12-28T17:15:43+00:00\",\"description\":\"L\u2019huile de hiltite\u00a0ou encore\u00a0asafoetida\u00a0est une huile v\u00e9g\u00e9tale reconnue pour ses bienfaits. Adoptez-l\u00e0 sans en quelques clics !\",\"breadcrumb\":{\"@id\":\"https:\/\/www.safinel.fr\/produit\/huile-de-hiltite\/#breadcrumb\"},\"inLanguage\":\"pt-PT\",\"potentialAction\":[{\"@type\":\"ReadAction\",\"target\":[\"https:\/\/www.safinel.fr\/produit\/huile-de-hiltite\/\"]}]},{\"@type\":\"ImageObject\",\"inLanguage\":\"pt-PT\",\"@id\":\"https:\/\/www.safinel.fr\/produit\/huile-de-hiltite\/#primaryimage\",\"url\":\"https:\/\/www.safinel.fr\/wp-content\/uploads\/2023\/01\/huile-de-hiltyte-hemani.jpg\",\"contentUrl\":\"https:\/\/www.safinel.fr\/wp-content\/uploads\/2023\/01\/huile-de-hiltyte-hemani.jpg\",\"width\":600,\"height\":600,\"caption\":\"Huile de hiltite 30ml - Hemani\"},{\"@type\":\"BreadcrumbList\",\"@id\":\"https:\/\/www.safinel.fr\/produit\/huile-de-hiltite\/#breadcrumb\",\"itemListElement\":[{\"@type\":\"ListItem\",\"position\":1,\"name\":\"Accueil\",\"item\":\"https:\/\/www.safinel.fr\/\"},{\"@type\":\"ListItem\",\"position\":2,\"name\":\"Boutique\",\"item\":\"https:\/\/www.safinel.fr\/boutique\/\"},{\"@type\":\"ListItem\",\"position\":3,\"name\":\"Huile de hiltite 30ml &#8211; Hemani\"}]},{\"@type\":\"WebSite\",\"@id\":\"https:\/\/www.safinel.fr\/#website\",\"url\":\"https:\/\/www.safinel.fr\/\",\"name\":\"Safinel\",\"description\":\"\",\"publisher\":{\"@id\":\"https:\/\/www.safinel.fr\/#organization\"},\"potentialAction\":[{\"@type\":\"SearchAction\",\"target\":{\"@type\":\"EntryPoint\",\"urlTemplate\":\"https:\/\/www.safinel.fr\/?s={search_term_string}\"},\"query-input\":{\"@type\":\"PropertyValueSpecification\",\"valueRequired\":true,\"valueName\":\"search_term_string\"}}],\"inLanguage\":\"pt-PT\"},{\"@type\":\"Organization\",\"@id\":\"https:\/\/www.safinel.fr\/#organization\",\"name\":\"Safinel\",\"url\":\"https:\/\/www.safinel.fr\/\",\"logo\":{\"@type\":\"ImageObject\",\"inLanguage\":\"pt-PT\",\"@id\":\"https:\/\/www.safinel.fr\/#\/schema\/logo\/image\/\",\"url\":\"https:\/\/www.safinel.fr\/wp-content\/uploads\/2021\/05\/boutique-cosmetique.png\",\"contentUrl\":\"https:\/\/www.safinel.fr\/wp-content\/uploads\/2021\/05\/boutique-cosmetique.png\",\"width\":800,\"height\":200,\"caption\":\"Safinel\"},\"image\":{\"@id\":\"https:\/\/www.safinel.fr\/#\/schema\/logo\/image\/\"}}]}<\/script>\n<!-- \/ Yoast SEO plugin. -->","yoast_head_json":{"title":"\u00d3leo de hiltite I \u00d3leo de assa-f\u00e9tida I In\u00fameros benef\u00edcios","description":"O \u00f3leo de hiltite, tamb\u00e9m conhecido como assa-f\u00e9tida, \u00e9 um \u00f3leo vegetal reconhecido pelos seus benef\u00edcios. Adquira-o com apenas alguns cliques!","robots":{"index":"index","follow":"follow","max-snippet":"max-snippet:-1","max-image-preview":"max-image-preview:large","max-video-preview":"max-video-preview:-1"},"canonical":"https:\/\/www.safinel.fr\/pt\/product-2\/oleo-de-hiltite\/","og_locale":"pt_PT","og_type":"article","og_title":"Huile de hiltite I Huile de asafoetida I Bienfaits nombreux","og_description":"L\u2019huile de hiltite\u00a0ou encore\u00a0asafoetida\u00a0est une huile v\u00e9g\u00e9tale reconnue pour ses bienfaits. Adoptez-l\u00e0 sans en quelques clics !","og_url":"https:\/\/www.safinel.fr\/pt\/product-2\/oleo-de-hiltite\/","og_site_name":"Safinel","article_modified_time":"2023-12-28T17:15:43+00:00","og_image":[{"width":600,"height":600,"url":"https:\/\/www.safinel.fr\/wp-content\/uploads\/2023\/01\/huile-de-hiltyte-hemani.jpg","type":"image\/jpeg"}],"twitter_card":"summary_large_image","twitter_misc":{"Tempo estimado de leitura":"2 minutos"},"schema":{"@context":"https:\/\/schema.org","@graph":[{"@type":"WebPage","@id":"https:\/\/www.safinel.fr\/produit\/huile-de-hiltite\/","url":"https:\/\/www.safinel.fr\/produit\/huile-de-hiltite\/","name":"\u00d3leo de hiltite I \u00d3leo de assa-f\u00e9tida I In\u00fameros benef\u00edcios","isPartOf":{"@id":"https:\/\/www.safinel.fr\/#website"},"primaryImageOfPage":{"@id":"https:\/\/www.safinel.fr\/produit\/huile-de-hiltite\/#primaryimage"},"image":{"@id":"https:\/\/www.safinel.fr\/produit\/huile-de-hiltite\/#primaryimage"},"thumbnailUrl":"https:\/\/www.safinel.fr\/wp-content\/uploads\/2023\/01\/huile-de-hiltyte-hemani.jpg","datePublished":"2023-01-15T16:46:56+00:00","dateModified":"2023-12-28T17:15:43+00:00","description":"O \u00f3leo de hiltite, tamb\u00e9m conhecido como assa-f\u00e9tida, \u00e9 um \u00f3leo vegetal reconhecido pelos seus benef\u00edcios. Adquira-o com apenas alguns cliques!","breadcrumb":{"@id":"https:\/\/www.safinel.fr\/produit\/huile-de-hiltite\/#breadcrumb"},"inLanguage":"pt-PT","potentialAction":[{"@type":"ReadAction","target":["https:\/\/www.safinel.fr\/produit\/huile-de-hiltite\/"]}]},{"@type":"ImageObject","inLanguage":"pt-PT","@id":"https:\/\/www.safinel.fr\/produit\/huile-de-hiltite\/#primaryimage","url":"https:\/\/www.safinel.fr\/wp-content\/uploads\/2023\/01\/huile-de-hiltyte-hemani.jpg","contentUrl":"https:\/\/www.safinel.fr\/wp-content\/uploads\/2023\/01\/huile-de-hiltyte-hemani.jpg","width":600,"height":600,"caption":"Huile de hiltite 30ml - Hemani"},{"@type":"BreadcrumbList","@id":"https:\/\/www.safinel.fr\/produit\/huile-de-hiltite\/#breadcrumb","itemListElement":[{"@type":"ListItem","position":1,"name":"Accueil","item":"https:\/\/www.safinel.fr\/"},{"@type":"ListItem","position":2,"name":"Boutique","item":"https:\/\/www.safinel.fr\/boutique\/"},{"@type":"ListItem","position":3,"name":"Huile de hiltite 30ml &#8211; Hemani"}]},{"@type":"WebSite","@id":"https:\/\/www.safinel.fr\/#website","url":"https:\/\/www.safinel.fr\/","name":"Safinel","description":"","publisher":{"@id":"https:\/\/www.safinel.fr\/#organization"},"potentialAction":[{"@type":"SearchAction","target":{"@type":"EntryPoint","urlTemplate":"https:\/\/www.safinel.fr\/?s={search_term_string}"},"query-input":{"@type":"PropertyValueSpecification","valueRequired":true,"valueName":"search_term_string"}}],"inLanguage":"pt-PT"},{"@type":"Organization","@id":"https:\/\/www.safinel.fr\/#organization","name":"Safinel","url":"https:\/\/www.safinel.fr\/","logo":{"@type":"ImageObject","inLanguage":"pt-PT","@id":"https:\/\/www.safinel.fr\/#\/schema\/logo\/image\/","url":"https:\/\/www.safinel.fr\/wp-content\/uploads\/2021\/05\/boutique-cosmetique.png","contentUrl":"https:\/\/www.safinel.fr\/wp-content\/uploads\/2021\/05\/boutique-cosmetique.png","width":800,"height":200,"caption":"Safinel"},"image":{"@id":"https:\/\/www.safinel.fr\/#\/schema\/logo\/image\/"}}]}},"_links":{"self":[{"href":"https:\/\/www.safinel.fr\/pt\/wp-json\/wp\/v2\/product\/4232","targetHints":{"allow":["GET"]}}],"collection":[{"href":"https:\/\/www.safinel.fr\/pt\/wp-json\/wp\/v2\/product"}],"about":[{"href":"https:\/\/www.safinel.fr\/pt\/wp-json\/wp\/v2\/types\/product"}],"wp:featuredmedia":[{"embeddable":true,"href":"https:\/\/www.safinel.fr\/pt\/wp-json\/wp\/v2\/media\/4233"}],"wp:attachment":[{"href":"https:\/\/www.safinel.fr\/pt\/wp-json\/wp\/v2\/media?parent=4232"}],"wp:term":[{"taxonomy":"product_brand","embeddable":true,"href":"https:\/\/www.safinel.fr\/pt\/wp-json\/wp\/v2\/product_brand?post=4232"},{"taxonomy":"product_cat","embeddable":true,"href":"https:\/\/www.safinel.fr\/pt\/wp-json\/wp\/v2\/product_cat?post=4232"},{"taxonomy":"product_tag","embeddable":true,"href":"https:\/\/www.safinel.fr\/pt\/wp-json\/wp\/v2\/product_tag?post=4232"}],"curies":[{"name":"wp","href":"https:\/\/api.w.org\/{rel}","templated":true}]}}