{"id":4220,"date":"2023-01-14T14:52:32","date_gmt":"2023-01-14T14:52:32","guid":{"rendered":"https:\/\/www.safinel.fr\/?post_type=product&#038;p=4220"},"modified":"2023-12-30T12:16:51","modified_gmt":"2023-12-30T12:16:51","slug":"folhas-de-sene","status":"publish","type":"product","link":"https:\/\/www.safinel.fr\/pt\/product-2\/folhas-de-sene\/","title":{"rendered":"Folhas de sen (100 g)"},"content":{"rendered":"<p>Conhece os\u00a0<strong>folhas de sen?<\/strong>\u00a0Estas \u00faltimas s\u00e3o conhecidas pelos seus efeitos laxantes muito eficazes. Para tal, descubra esta planta tamb\u00e9m conhecida como Cassia Angustifolia.<\/p>\n<h2><strong>Folhas de sen: o que s\u00e3o?<\/strong><\/h2>\n<p>O<strong>\u00a0s\u00e9n\u00e9\u00a0<\/strong>\u00e9 origin\u00e1rio da \u00cdndia e da \u00c1frica Subsaariana, mas tamb\u00e9m \u00e9 cultivado no Norte de \u00c1frica. \u00c9 tamb\u00e9m conhecido como senna de <a href=\"https:\/\/locadomtom.com\/mayotte-une-destination-de-choix\/\" target=\"_blank\" rel=\"noopener\"><strong>Meca<\/strong><\/a> ou sana makki, pois este se encontra na regi\u00e3o do Hijaz.<\/p>\n<p>Os<strong>\u00a0\u00c1rabes<\/strong>\u00a0foram os primeiros a descobrir os benef\u00edcios desta planta. Posteriormente, introduziram-na na Europa, onde se tornou um rem\u00e9dio eficaz.<\/p>\n<p>Desde ent\u00e3o, o sen\u00e9 nunca deixou de despertar interesse e o seu uso est\u00e1 disseminado em todo o mundo.<\/p>\n<h2><strong>Folhas de senna: uma planta que lhe faz bem\u00a0<\/strong><\/h2>\n<p>Estas \u00faltimas t\u00eam\u00a0<strong>muitos benef\u00edcios\u00a0<\/strong>para a sa\u00fade:<\/p>\n<ul>\n<li>Agem <a href=\"https:\/\/www.safinel.fr\/pt\/product-2\/moringa\/\"><strong>contra a obstipa\u00e7\u00e3o ocasional<\/strong><\/a> ;<\/li>\n<li>Podem ter efeito laxante quando consumidos em grandes quantidades; ;<\/li>\n<li>Pode ser usado como um laxante; ;<\/li>\n<li>Da mesma forma, esta planta \u00e9 recomendada em caso de hemorr\u00f3idas. Assim, com este laxante natural, poder\u00e1 evitar hemorragias.<\/li>\n<\/ul>\n<h2><strong>Como usar as folhas de sen?\u00a0<\/strong><\/h2>\n<p>Esta planta pode ser utilizada interna e externamente:<\/p>\n<ul>\n<li><strong>Internamente:\u00a0<\/strong><\/li>\n<\/ul>\n<p>Para usar as folhas internamente, nada melhor do que uma boa infus\u00e3o. Para isso, aque\u00e7a \u00e1gua sem deixar ferver e desligue o fogo. Por fim, deixe as folhas em infus\u00e3o na \u00e1gua morna por 10 minutos.<\/p>\n<p>Assim, deve-se beber uma ch\u00e1vena pela manh\u00e3, em jejum. E uma ch\u00e1vena \u00e0 noite, se necess\u00e1rio.<\/p>\n<ul>\n<li><strong>Externamente:\u00a0<\/strong><\/li>\n<\/ul>\n<p>Use a infus\u00e3o de sana makki como \u00e1gua de enx\u00e1gue para o cabelo. Assim, poder\u00e1 aproveitar todos os benef\u00edcios desta planta para ter um cabelo bonito.<\/p>\n<h3><strong>Precau\u00e7\u00f5es a tomar com o sana makki<\/strong><\/h3>\n<p>N\u00e3o exceda as doses indicadas.<\/p>\n<p>O uso desta planta \u00e9 desaconselhado para mulheres gr\u00e1vidas e lactantes.<\/p>","protected":false},"excerpt":{"rendered":"<p>Connaissez-vous les\u00a0feuilles de s\u00e9n\u00e9 ?\u00a0Ces derni\u00e8res sont connues pour leurs effets laxatifs tr\u00e8s efficaces. Pour ce faire, partez \u00e0 la d\u00e9couverte de cette plante \u00e9galement appel\u00e9e Cassia Angustifolia. Les feuilles de s\u00e9n\u00e9 : qu\u2019est-ce que c\u2019est ? Le\u00a0s\u00e9n\u00e9\u00a0est originaire d\u2019Inde et d\u2019Afrique subsaharienne, mais est aussi cultiv\u00e9 en Afrique du Nord. On l\u2019appelle \u00e9galement s\u00e9n\u00e9 [&#8230;]","protected":false},"featured_media":4221,"template":"","meta":[],"product_brand":[],"product_cat":[27],"product_tag":[],"class_list":{"0":"post-4220","1":"product","2":"type-product","3":"status-publish","4":"has-post-thumbnail","6":"product_cat-plantes-medicinales","8":"first","9":"instock","10":"shipping-taxable","11":"purchasable","12":"product-type-simple"},"yoast_head":"<!-- This site is optimized with the Yoast SEO plugin v26.6 - https:\/\/yoast.com\/wordpress\/plugins\/seo\/ -->\n<title>Feuilles de s\u00e9n\u00e9 I Sana Makki I Bienfaits nombreux<\/title>\n<meta name=\"description\" content=\"Connaissez-vous les\u00a0feuilles de s\u00e9n\u00e9 (Sana Makki) ?\u00a0Ces derni\u00e8res sont connues pour leurs effets laxatifs tr\u00e8s efficaces.\" \/>\n<meta name=\"robots\" content=\"index, follow, max-snippet:-1, max-image-preview:large, max-video-preview:-1\" \/>\n<link rel=\"canonical\" href=\"https:\/\/www.safinel.fr\/pt\/product-2\/folhas-de-sene\/\" \/>\n<meta property=\"og:locale\" content=\"pt_PT\" \/>\n<meta property=\"og:type\" content=\"article\" \/>\n<meta property=\"og:title\" content=\"Feuilles de s\u00e9n\u00e9 I Sana Makki I Bienfaits nombreux\" \/>\n<meta property=\"og:description\" content=\"Connaissez-vous les\u00a0feuilles de s\u00e9n\u00e9 (Sana Makki) ?\u00a0Ces derni\u00e8res sont connues pour leurs effets laxatifs tr\u00e8s efficaces.\" \/>\n<meta property=\"og:url\" content=\"https:\/\/www.safinel.fr\/pt\/product-2\/folhas-de-sene\/\" \/>\n<meta property=\"og:site_name\" content=\"Safinel\" \/>\n<meta property=\"article:modified_time\" content=\"2023-12-30T12:16:51+00:00\" \/>\n<meta property=\"og:image\" content=\"https:\/\/www.safinel.fr\/wp-content\/uploads\/2023\/01\/feuilles-de-sene-makki.jpg\" \/>\n\t<meta property=\"og:image:width\" content=\"600\" \/>\n\t<meta property=\"og:image:height\" content=\"600\" \/>\n\t<meta property=\"og:image:type\" content=\"image\/jpeg\" \/>\n<meta name=\"twitter:card\" content=\"summary_large_image\" \/>\n<meta name=\"twitter:label1\" content=\"Tempo estimado de leitura\" \/>\n\t<meta name=\"twitter:data1\" content=\"2 minutos\" \/>\n<script type=\"application\/ld+json\" class=\"yoast-schema-graph\">{\"@context\":\"https:\/\/schema.org\",\"@graph\":[{\"@type\":\"WebPage\",\"@id\":\"https:\/\/www.safinel.fr\/produit\/feuilles-de-sene\/\",\"url\":\"https:\/\/www.safinel.fr\/produit\/feuilles-de-sene\/\",\"name\":\"Feuilles de s\u00e9n\u00e9 I Sana Makki I Bienfaits nombreux\",\"isPartOf\":{\"@id\":\"https:\/\/www.safinel.fr\/#website\"},\"primaryImageOfPage\":{\"@id\":\"https:\/\/www.safinel.fr\/produit\/feuilles-de-sene\/#primaryimage\"},\"image\":{\"@id\":\"https:\/\/www.safinel.fr\/produit\/feuilles-de-sene\/#primaryimage\"},\"thumbnailUrl\":\"https:\/\/www.safinel.fr\/wp-content\/uploads\/2023\/01\/feuilles-de-sene-makki.jpg\",\"datePublished\":\"2023-01-14T14:52:32+00:00\",\"dateModified\":\"2023-12-30T12:16:51+00:00\",\"description\":\"Connaissez-vous les\u00a0feuilles de s\u00e9n\u00e9 (Sana Makki) ?\u00a0Ces derni\u00e8res sont connues pour leurs effets laxatifs tr\u00e8s efficaces.\",\"breadcrumb\":{\"@id\":\"https:\/\/www.safinel.fr\/produit\/feuilles-de-sene\/#breadcrumb\"},\"inLanguage\":\"pt-PT\",\"potentialAction\":[{\"@type\":\"ReadAction\",\"target\":[\"https:\/\/www.safinel.fr\/produit\/feuilles-de-sene\/\"]}]},{\"@type\":\"ImageObject\",\"inLanguage\":\"pt-PT\",\"@id\":\"https:\/\/www.safinel.fr\/produit\/feuilles-de-sene\/#primaryimage\",\"url\":\"https:\/\/www.safinel.fr\/wp-content\/uploads\/2023\/01\/feuilles-de-sene-makki.jpg\",\"contentUrl\":\"https:\/\/www.safinel.fr\/wp-content\/uploads\/2023\/01\/feuilles-de-sene-makki.jpg\",\"width\":600,\"height\":600,\"caption\":\"Feuilles de s\u00e9n\u00e9 (100g)\"},{\"@type\":\"BreadcrumbList\",\"@id\":\"https:\/\/www.safinel.fr\/produit\/feuilles-de-sene\/#breadcrumb\",\"itemListElement\":[{\"@type\":\"ListItem\",\"position\":1,\"name\":\"Accueil\",\"item\":\"https:\/\/www.safinel.fr\/\"},{\"@type\":\"ListItem\",\"position\":2,\"name\":\"Boutique\",\"item\":\"https:\/\/www.safinel.fr\/boutique\/\"},{\"@type\":\"ListItem\",\"position\":3,\"name\":\"Feuilles de s\u00e9n\u00e9 (100g)\"}]},{\"@type\":\"WebSite\",\"@id\":\"https:\/\/www.safinel.fr\/#website\",\"url\":\"https:\/\/www.safinel.fr\/\",\"name\":\"Safinel\",\"description\":\"\",\"publisher\":{\"@id\":\"https:\/\/www.safinel.fr\/#organization\"},\"potentialAction\":[{\"@type\":\"SearchAction\",\"target\":{\"@type\":\"EntryPoint\",\"urlTemplate\":\"https:\/\/www.safinel.fr\/?s={search_term_string}\"},\"query-input\":{\"@type\":\"PropertyValueSpecification\",\"valueRequired\":true,\"valueName\":\"search_term_string\"}}],\"inLanguage\":\"pt-PT\"},{\"@type\":\"Organization\",\"@id\":\"https:\/\/www.safinel.fr\/#organization\",\"name\":\"Safinel\",\"url\":\"https:\/\/www.safinel.fr\/\",\"logo\":{\"@type\":\"ImageObject\",\"inLanguage\":\"pt-PT\",\"@id\":\"https:\/\/www.safinel.fr\/#\/schema\/logo\/image\/\",\"url\":\"https:\/\/www.safinel.fr\/wp-content\/uploads\/2021\/05\/boutique-cosmetique.png\",\"contentUrl\":\"https:\/\/www.safinel.fr\/wp-content\/uploads\/2021\/05\/boutique-cosmetique.png\",\"width\":800,\"height\":200,\"caption\":\"Safinel\"},\"image\":{\"@id\":\"https:\/\/www.safinel.fr\/#\/schema\/logo\/image\/\"}}]}<\/script>\n<!-- \/ Yoast SEO plugin. -->","yoast_head_json":{"title":"Folhas de sen I Sana Makki I In\u00fameros benef\u00edcios","description":"Conhece as folhas de sen (Sana Makki)? Elas s\u00e3o conhecidas pelos seus efeitos laxantes muito eficazes.","robots":{"index":"index","follow":"follow","max-snippet":"max-snippet:-1","max-image-preview":"max-image-preview:large","max-video-preview":"max-video-preview:-1"},"canonical":"https:\/\/www.safinel.fr\/pt\/product-2\/folhas-de-sene\/","og_locale":"pt_PT","og_type":"article","og_title":"Feuilles de s\u00e9n\u00e9 I Sana Makki I Bienfaits nombreux","og_description":"Connaissez-vous les\u00a0feuilles de s\u00e9n\u00e9 (Sana Makki) ?\u00a0Ces derni\u00e8res sont connues pour leurs effets laxatifs tr\u00e8s efficaces.","og_url":"https:\/\/www.safinel.fr\/pt\/product-2\/folhas-de-sene\/","og_site_name":"Safinel","article_modified_time":"2023-12-30T12:16:51+00:00","og_image":[{"width":600,"height":600,"url":"https:\/\/www.safinel.fr\/wp-content\/uploads\/2023\/01\/feuilles-de-sene-makki.jpg","type":"image\/jpeg"}],"twitter_card":"summary_large_image","twitter_misc":{"Tempo estimado de leitura":"2 minutos"},"schema":{"@context":"https:\/\/schema.org","@graph":[{"@type":"WebPage","@id":"https:\/\/www.safinel.fr\/produit\/feuilles-de-sene\/","url":"https:\/\/www.safinel.fr\/produit\/feuilles-de-sene\/","name":"Folhas de sen I Sana Makki I In\u00fameros benef\u00edcios","isPartOf":{"@id":"https:\/\/www.safinel.fr\/#website"},"primaryImageOfPage":{"@id":"https:\/\/www.safinel.fr\/produit\/feuilles-de-sene\/#primaryimage"},"image":{"@id":"https:\/\/www.safinel.fr\/produit\/feuilles-de-sene\/#primaryimage"},"thumbnailUrl":"https:\/\/www.safinel.fr\/wp-content\/uploads\/2023\/01\/feuilles-de-sene-makki.jpg","datePublished":"2023-01-14T14:52:32+00:00","dateModified":"2023-12-30T12:16:51+00:00","description":"Conhece as folhas de sen (Sana Makki)? Elas s\u00e3o conhecidas pelos seus efeitos laxantes muito eficazes.","breadcrumb":{"@id":"https:\/\/www.safinel.fr\/produit\/feuilles-de-sene\/#breadcrumb"},"inLanguage":"pt-PT","potentialAction":[{"@type":"ReadAction","target":["https:\/\/www.safinel.fr\/produit\/feuilles-de-sene\/"]}]},{"@type":"ImageObject","inLanguage":"pt-PT","@id":"https:\/\/www.safinel.fr\/produit\/feuilles-de-sene\/#primaryimage","url":"https:\/\/www.safinel.fr\/wp-content\/uploads\/2023\/01\/feuilles-de-sene-makki.jpg","contentUrl":"https:\/\/www.safinel.fr\/wp-content\/uploads\/2023\/01\/feuilles-de-sene-makki.jpg","width":600,"height":600,"caption":"Feuilles de s\u00e9n\u00e9 (100g)"},{"@type":"BreadcrumbList","@id":"https:\/\/www.safinel.fr\/produit\/feuilles-de-sene\/#breadcrumb","itemListElement":[{"@type":"ListItem","position":1,"name":"Accueil","item":"https:\/\/www.safinel.fr\/"},{"@type":"ListItem","position":2,"name":"Boutique","item":"https:\/\/www.safinel.fr\/boutique\/"},{"@type":"ListItem","position":3,"name":"Feuilles de s\u00e9n\u00e9 (100g)"}]},{"@type":"WebSite","@id":"https:\/\/www.safinel.fr\/#website","url":"https:\/\/www.safinel.fr\/","name":"Safinel","description":"","publisher":{"@id":"https:\/\/www.safinel.fr\/#organization"},"potentialAction":[{"@type":"SearchAction","target":{"@type":"EntryPoint","urlTemplate":"https:\/\/www.safinel.fr\/?s={search_term_string}"},"query-input":{"@type":"PropertyValueSpecification","valueRequired":true,"valueName":"search_term_string"}}],"inLanguage":"pt-PT"},{"@type":"Organization","@id":"https:\/\/www.safinel.fr\/#organization","name":"Safinel","url":"https:\/\/www.safinel.fr\/","logo":{"@type":"ImageObject","inLanguage":"pt-PT","@id":"https:\/\/www.safinel.fr\/#\/schema\/logo\/image\/","url":"https:\/\/www.safinel.fr\/wp-content\/uploads\/2021\/05\/boutique-cosmetique.png","contentUrl":"https:\/\/www.safinel.fr\/wp-content\/uploads\/2021\/05\/boutique-cosmetique.png","width":800,"height":200,"caption":"Safinel"},"image":{"@id":"https:\/\/www.safinel.fr\/#\/schema\/logo\/image\/"}}]}},"_links":{"self":[{"href":"https:\/\/www.safinel.fr\/pt\/wp-json\/wp\/v2\/product\/4220","targetHints":{"allow":["GET"]}}],"collection":[{"href":"https:\/\/www.safinel.fr\/pt\/wp-json\/wp\/v2\/product"}],"about":[{"href":"https:\/\/www.safinel.fr\/pt\/wp-json\/wp\/v2\/types\/product"}],"wp:featuredmedia":[{"embeddable":true,"href":"https:\/\/www.safinel.fr\/pt\/wp-json\/wp\/v2\/media\/4221"}],"wp:attachment":[{"href":"https:\/\/www.safinel.fr\/pt\/wp-json\/wp\/v2\/media?parent=4220"}],"wp:term":[{"taxonomy":"product_brand","embeddable":true,"href":"https:\/\/www.safinel.fr\/pt\/wp-json\/wp\/v2\/product_brand?post=4220"},{"taxonomy":"product_cat","embeddable":true,"href":"https:\/\/www.safinel.fr\/pt\/wp-json\/wp\/v2\/product_cat?post=4220"},{"taxonomy":"product_tag","embeddable":true,"href":"https:\/\/www.safinel.fr\/pt\/wp-json\/wp\/v2\/product_tag?post=4220"}],"curies":[{"name":"wp","href":"https:\/\/api.w.org\/{rel}","templated":true}]}}