{"id":4203,"date":"2023-01-12T18:44:47","date_gmt":"2023-01-12T18:44:47","guid":{"rendered":"https:\/\/www.safinel.fr\/?post_type=product&#038;p=4203"},"modified":"2024-04-14T12:46:26","modified_gmt":"2024-04-14T12:46:26","slug":"dong-quai","status":"publish","type":"product","link":"https:\/\/www.safinel.fr\/pt\/product-2\/dong-quai\/","title":{"rendered":"Dong Quai (\u5f53\u5f52 \/ \u7576\u6b78) 100 g"},"content":{"rendered":"<p>O\u00a0<strong>dong quai\u00a0<\/strong>\u00e9 conhecido e utilizado na\u00a0<strong>medicina tradicional chinesa<\/strong>\u00a0por suas in\u00fameras virtudes. Ent\u00e3o, parta para a\u00a0<strong>descoberta<\/strong>\u00a0deste produto dispon\u00edvel na nossa loja online.<\/p>\n<h2><strong>O dong quai: o que \u00e9?\u00a0<\/strong><\/h2>\n<p>Tamb\u00e9m conhecida como\u2019<strong>ang\u00e9lica<\/strong>, o dong quai \u00e9 uma erva arom\u00e1tica que cresce na China, na Coreia e no Jap\u00e3o. A sua reputa\u00e7\u00e3o coloca-o atr\u00e1s do ginseng e \u00e9 at\u00e9 considerado a planta t\u00f4nica mais importante para as mulheres. Ali\u00e1s, \u00e9 apelidado de \u201c<strong>ginseng feminino<\/strong>\u201d.<\/p>\n<p>Este \u00faltimo \u00e9 utilizado em praticamente todas as afe\u00e7\u00f5es ginecol\u00f3gicas. Desde a regula\u00e7\u00e3o do ciclo menstrual at\u00e9 ao tratamento dos sintomas da menopausa causados por altera\u00e7\u00f5es hormonais.<\/p>\n<p><strong>Sabia disso?\u00a0<\/strong>No final do s\u00e9culo XIX, um extrato de Dong Quai conhecido como Eumenol tornou-se popular na Europa como um t\u00f3nico para mulheres. \u00c9 assim que \u00e9 considerado no Ocidente.<\/p>\n<h2><strong>Os benef\u00edcios do Dong Quai\u00a0<\/strong><\/h2>\n<p>O\u00a0<strong>dong quai<\/strong>\u00a0\u00e9 muito apreciada pelas suas diversas propriedades, nomeadamente no tratamento dos sintomas da menopausa. Esta planta atua como um regulador do sistema hormonal, permitindo equilibrar as quantidades de estrog\u00e9nio e progesterona no organismo feminino.<\/p>\n<p>Al\u00e9m disso, este \u00faltimo \u00e9<strong>\u00a0excelente\u00a0<\/strong>para combater as ondas de calor. Tamb\u00e9m \u00e9 muito \u00fatil para atenuar a s\u00edndrome pr\u00e9-menstrual que antecede a <a href=\"https:\/\/www.safinel.fr\/pt\/product-2\/cha-regulador-do-ciclo-menstrual\/\"><strong>menstrua\u00e7\u00e3o<\/strong><\/a>.<\/p>\n<p>Este produto tamb\u00e9m apresenta propriedades imunoestimulantes. Na verdade, ele promove a produ\u00e7\u00e3o de interfer\u00e3o pelo organismo. E \u00e9 usado com vantagem em todos os casos de falta de resist\u00eancia a infe\u00e7\u00f5es. Da mesma forma, esta planta pode ser usada em todos os problemas em que h\u00e1 inflama\u00e7\u00e3o.<\/p>\n<p>Utilizada como\u00a0<strong>medicamento \u00e0 base de plantas<\/strong>, esta planta \u00e9 utilizada para:<\/p>\n<ul>\n<li>Fortalecer a sa\u00fade do sangue; ;<\/li>\n<li>Estimular ou ativar a circula\u00e7\u00e3o sangu\u00ednea; ;<\/li>\n<li>Ajudar a tratar defici\u00eancias sangu\u00edneas; ;<\/li>\n<li>Regular o sistema imunit\u00e1rio; ;<\/li>\n<li>Aliviar a dor; ;<\/li>\n<li>Relaxar os intestinos.<\/li>\n<\/ul>\n<h2><strong>Como usar a raiz de dong quai?\u00a0<\/strong><\/h2>\n<p>Apenas a<strong>\u00a0variedade chinesa<\/strong>\u00a0ou japonesa \u00e9 eficaz no tratamento de dist\u00farbios ginecol\u00f3gicos. Para isso, em casos de s\u00edndrome pr\u00e9-menstrual, irregularidades ou dores menstruais e ondas de calor, tome 600 mg por dia.<\/p>\n<p>Voc\u00ea tamb\u00e9m pode combinar esta planta com gattilier, alca\u00e7uz ou ginseng.<\/p>\n<h3><strong>Precau\u00e7\u00f5es de utiliza\u00e7\u00e3o\u00a0<\/strong><\/h3>\n<p>Esta planta apresenta efeitos secund\u00e1rios que n\u00e3o devem ser ignorados, tais como:<\/p>\n<ul>\n<li>Dificuldades respirat\u00f3rias; ;<\/li>\n<li>Queda da press\u00e3o arterial; ;<\/li>\n<li>Sonol\u00eancia; ;<\/li>\n<li>Etc.<\/li>\n<\/ul>\n<p>Assim, pessoas al\u00e9rgicas a plantas da fam\u00edlia da cenoura n\u00e3o devem tomar esta planta.<\/p>\n<p>\u00c9 tamb\u00e9m aconselh\u00e1vel consultar o seu m\u00e9dico antes de utilizar este produto. Na verdade, esta planta \u00e9 mais um rem\u00e9dio terap\u00eautico e n\u00e3o deve ser utilizada como tratamento de primeira linha.<\/p>\n<h3><strong>Os produtos Safinel\u00a0<\/strong><\/h3>\n<p>A nossa loja oferece produtos\u00a0<strong>100 % naturais<\/strong>\u00a0para sua maior felicidade. De facto, colocamos \u00e0 sua disposi\u00e7\u00e3o toda uma s\u00e9rie de plantas medicinais provenientes dos quatro cantos do mundo.<\/p>\n<p>Assim, poder\u00e1 viajar pelo mundo com os nossos\u00a0<strong>cosm\u00e9ticos.<\/strong>\u00a0Al\u00e9m disso, os nossos produtos s\u00e3o naturais. Por isso, pode encomendar com toda a confian\u00e7a.<\/p>\n<p>N\u00e3o hesite mais em fazer o seu pedido.<\/p>","protected":false},"excerpt":{"rendered":"<p>O dong quai \u00e9 conhecido e utilizado na medicina tradicional chinesa pelas suas in\u00fameras virtudes. Descubra este produto dispon\u00edvel na nossa loja online. O que \u00e9 o dong quai?  Tamb\u00e9m conhecido como angelica sinensis, o dong quai \u00e9 uma erva arom\u00e1tica que cresce na China, na Coreia e no Jap\u00e3o. A sua reputa\u00e7\u00e3o [...]","protected":false},"featured_media":4204,"template":"","meta":[],"product_brand":[],"product_cat":[108],"product_tag":[],"class_list":{"0":"post-4203","1":"product","2":"type-product","3":"status-publish","4":"has-post-thumbnail","6":"product_cat-plantes-asiatiques","8":"first","9":"outofstock","10":"shipping-taxable","11":"purchasable","12":"product-type-simple"},"yoast_head":"<!-- This site is optimized with the Yoast SEO plugin v26.6 - https:\/\/yoast.com\/wordpress\/plugins\/seo\/ -->\n<title>Dong Quai I Ginseng f\u00e9minin I Bienfaits nombreux<\/title>\n<meta name=\"description\" content=\"Le\u00a0dong quai\u00a0est connu et utilis\u00e9 dans la\u00a0m\u00e9decine traditionnelle chinoise\u00a0pour ses nombreuses vertus. Adoptez-le sans plus attendre !\" \/>\n<meta name=\"robots\" content=\"index, follow, max-snippet:-1, max-image-preview:large, max-video-preview:-1\" \/>\n<link rel=\"canonical\" href=\"https:\/\/www.safinel.fr\/pt\/product-2\/dong-quai\/\" \/>\n<meta property=\"og:locale\" content=\"pt_PT\" \/>\n<meta property=\"og:type\" content=\"article\" \/>\n<meta property=\"og:title\" content=\"Dong Quai I Ginseng f\u00e9minin I Bienfaits nombreux\" \/>\n<meta property=\"og:description\" content=\"Le\u00a0dong quai\u00a0est connu et utilis\u00e9 dans la\u00a0m\u00e9decine traditionnelle chinoise\u00a0pour ses nombreuses vertus. Adoptez-le sans plus attendre !\" \/>\n<meta property=\"og:url\" content=\"https:\/\/www.safinel.fr\/pt\/product-2\/dong-quai\/\" \/>\n<meta property=\"og:site_name\" content=\"Safinel\" \/>\n<meta property=\"article:modified_time\" content=\"2024-04-14T12:46:26+00:00\" \/>\n<meta property=\"og:image\" content=\"https:\/\/www.safinel.fr\/wp-content\/uploads\/2023\/01\/Dong-Quai.jpg\" \/>\n\t<meta property=\"og:image:width\" content=\"600\" \/>\n\t<meta property=\"og:image:height\" content=\"600\" \/>\n\t<meta property=\"og:image:type\" content=\"image\/jpeg\" \/>\n<meta name=\"twitter:card\" content=\"summary_large_image\" \/>\n<meta name=\"twitter:label1\" content=\"Tempo estimado de leitura\" \/>\n\t<meta name=\"twitter:data1\" content=\"3 minutos\" \/>\n<script type=\"application\/ld+json\" class=\"yoast-schema-graph\">{\"@context\":\"https:\/\/schema.org\",\"@graph\":[{\"@type\":\"WebPage\",\"@id\":\"https:\/\/www.safinel.fr\/produit\/dong-quai\/\",\"url\":\"https:\/\/www.safinel.fr\/produit\/dong-quai\/\",\"name\":\"Dong Quai I Ginseng f\u00e9minin I Bienfaits nombreux\",\"isPartOf\":{\"@id\":\"https:\/\/www.safinel.fr\/#website\"},\"primaryImageOfPage\":{\"@id\":\"https:\/\/www.safinel.fr\/produit\/dong-quai\/#primaryimage\"},\"image\":{\"@id\":\"https:\/\/www.safinel.fr\/produit\/dong-quai\/#primaryimage\"},\"thumbnailUrl\":\"https:\/\/www.safinel.fr\/wp-content\/uploads\/2023\/01\/Dong-Quai.jpg\",\"datePublished\":\"2023-01-12T18:44:47+00:00\",\"dateModified\":\"2024-04-14T12:46:26+00:00\",\"description\":\"Le\u00a0dong quai\u00a0est connu et utilis\u00e9 dans la\u00a0m\u00e9decine traditionnelle chinoise\u00a0pour ses nombreuses vertus. Adoptez-le sans plus attendre !\",\"breadcrumb\":{\"@id\":\"https:\/\/www.safinel.fr\/produit\/dong-quai\/#breadcrumb\"},\"inLanguage\":\"pt-PT\",\"potentialAction\":[{\"@type\":\"ReadAction\",\"target\":[\"https:\/\/www.safinel.fr\/produit\/dong-quai\/\"]}]},{\"@type\":\"ImageObject\",\"inLanguage\":\"pt-PT\",\"@id\":\"https:\/\/www.safinel.fr\/produit\/dong-quai\/#primaryimage\",\"url\":\"https:\/\/www.safinel.fr\/wp-content\/uploads\/2023\/01\/Dong-Quai.jpg\",\"contentUrl\":\"https:\/\/www.safinel.fr\/wp-content\/uploads\/2023\/01\/Dong-Quai.jpg\",\"width\":600,\"height\":600,\"caption\":\"Dong Quai (\u5f53\u5f52 \/ \u7576\u6b78) 100g\"},{\"@type\":\"BreadcrumbList\",\"@id\":\"https:\/\/www.safinel.fr\/produit\/dong-quai\/#breadcrumb\",\"itemListElement\":[{\"@type\":\"ListItem\",\"position\":1,\"name\":\"Accueil\",\"item\":\"https:\/\/www.safinel.fr\/\"},{\"@type\":\"ListItem\",\"position\":2,\"name\":\"Boutique\",\"item\":\"https:\/\/www.safinel.fr\/boutique\/\"},{\"@type\":\"ListItem\",\"position\":3,\"name\":\"Dong Quai (\u5f53\u5f52 \/ \u7576\u6b78) 100g\"}]},{\"@type\":\"WebSite\",\"@id\":\"https:\/\/www.safinel.fr\/#website\",\"url\":\"https:\/\/www.safinel.fr\/\",\"name\":\"Safinel\",\"description\":\"\",\"publisher\":{\"@id\":\"https:\/\/www.safinel.fr\/#organization\"},\"potentialAction\":[{\"@type\":\"SearchAction\",\"target\":{\"@type\":\"EntryPoint\",\"urlTemplate\":\"https:\/\/www.safinel.fr\/?s={search_term_string}\"},\"query-input\":{\"@type\":\"PropertyValueSpecification\",\"valueRequired\":true,\"valueName\":\"search_term_string\"}}],\"inLanguage\":\"pt-PT\"},{\"@type\":\"Organization\",\"@id\":\"https:\/\/www.safinel.fr\/#organization\",\"name\":\"Safinel\",\"url\":\"https:\/\/www.safinel.fr\/\",\"logo\":{\"@type\":\"ImageObject\",\"inLanguage\":\"pt-PT\",\"@id\":\"https:\/\/www.safinel.fr\/#\/schema\/logo\/image\/\",\"url\":\"https:\/\/www.safinel.fr\/wp-content\/uploads\/2021\/05\/boutique-cosmetique.png\",\"contentUrl\":\"https:\/\/www.safinel.fr\/wp-content\/uploads\/2021\/05\/boutique-cosmetique.png\",\"width\":800,\"height\":200,\"caption\":\"Safinel\"},\"image\":{\"@id\":\"https:\/\/www.safinel.fr\/#\/schema\/logo\/image\/\"}}]}<\/script>\n<!-- \/ Yoast SEO plugin. -->","yoast_head_json":{"title":"Dong Quai I Ginseng feminino I In\u00fameros benef\u00edcios","description":"O dong quai \u00e9 conhecido e utilizado na medicina tradicional chinesa pelas suas in\u00fameras virtudes. Adote-o sem mais demora!","robots":{"index":"index","follow":"follow","max-snippet":"max-snippet:-1","max-image-preview":"max-image-preview:large","max-video-preview":"max-video-preview:-1"},"canonical":"https:\/\/www.safinel.fr\/pt\/product-2\/dong-quai\/","og_locale":"pt_PT","og_type":"article","og_title":"Dong Quai I Ginseng f\u00e9minin I Bienfaits nombreux","og_description":"Le\u00a0dong quai\u00a0est connu et utilis\u00e9 dans la\u00a0m\u00e9decine traditionnelle chinoise\u00a0pour ses nombreuses vertus. Adoptez-le sans plus attendre !","og_url":"https:\/\/www.safinel.fr\/pt\/product-2\/dong-quai\/","og_site_name":"Safinel","article_modified_time":"2024-04-14T12:46:26+00:00","og_image":[{"width":600,"height":600,"url":"https:\/\/www.safinel.fr\/wp-content\/uploads\/2023\/01\/Dong-Quai.jpg","type":"image\/jpeg"}],"twitter_card":"summary_large_image","twitter_misc":{"Tempo estimado de leitura":"3 minutos"},"schema":{"@context":"https:\/\/schema.org","@graph":[{"@type":"WebPage","@id":"https:\/\/www.safinel.fr\/produit\/dong-quai\/","url":"https:\/\/www.safinel.fr\/produit\/dong-quai\/","name":"Dong Quai I Ginseng feminino I In\u00fameros benef\u00edcios","isPartOf":{"@id":"https:\/\/www.safinel.fr\/#website"},"primaryImageOfPage":{"@id":"https:\/\/www.safinel.fr\/produit\/dong-quai\/#primaryimage"},"image":{"@id":"https:\/\/www.safinel.fr\/produit\/dong-quai\/#primaryimage"},"thumbnailUrl":"https:\/\/www.safinel.fr\/wp-content\/uploads\/2023\/01\/Dong-Quai.jpg","datePublished":"2023-01-12T18:44:47+00:00","dateModified":"2024-04-14T12:46:26+00:00","description":"O dong quai \u00e9 conhecido e utilizado na medicina tradicional chinesa pelas suas in\u00fameras virtudes. Adote-o sem mais demora!","breadcrumb":{"@id":"https:\/\/www.safinel.fr\/produit\/dong-quai\/#breadcrumb"},"inLanguage":"pt-PT","potentialAction":[{"@type":"ReadAction","target":["https:\/\/www.safinel.fr\/produit\/dong-quai\/"]}]},{"@type":"ImageObject","inLanguage":"pt-PT","@id":"https:\/\/www.safinel.fr\/produit\/dong-quai\/#primaryimage","url":"https:\/\/www.safinel.fr\/wp-content\/uploads\/2023\/01\/Dong-Quai.jpg","contentUrl":"https:\/\/www.safinel.fr\/wp-content\/uploads\/2023\/01\/Dong-Quai.jpg","width":600,"height":600,"caption":"Dong Quai (\u5f53\u5f52 \/ \u7576\u6b78) 100g"},{"@type":"BreadcrumbList","@id":"https:\/\/www.safinel.fr\/produit\/dong-quai\/#breadcrumb","itemListElement":[{"@type":"ListItem","position":1,"name":"Accueil","item":"https:\/\/www.safinel.fr\/"},{"@type":"ListItem","position":2,"name":"Boutique","item":"https:\/\/www.safinel.fr\/boutique\/"},{"@type":"ListItem","position":3,"name":"Dong Quai (\u5f53\u5f52 \/ \u7576\u6b78) 100g"}]},{"@type":"WebSite","@id":"https:\/\/www.safinel.fr\/#website","url":"https:\/\/www.safinel.fr\/","name":"Safinel","description":"","publisher":{"@id":"https:\/\/www.safinel.fr\/#organization"},"potentialAction":[{"@type":"SearchAction","target":{"@type":"EntryPoint","urlTemplate":"https:\/\/www.safinel.fr\/?s={search_term_string}"},"query-input":{"@type":"PropertyValueSpecification","valueRequired":true,"valueName":"search_term_string"}}],"inLanguage":"pt-PT"},{"@type":"Organization","@id":"https:\/\/www.safinel.fr\/#organization","name":"Safinel","url":"https:\/\/www.safinel.fr\/","logo":{"@type":"ImageObject","inLanguage":"pt-PT","@id":"https:\/\/www.safinel.fr\/#\/schema\/logo\/image\/","url":"https:\/\/www.safinel.fr\/wp-content\/uploads\/2021\/05\/boutique-cosmetique.png","contentUrl":"https:\/\/www.safinel.fr\/wp-content\/uploads\/2021\/05\/boutique-cosmetique.png","width":800,"height":200,"caption":"Safinel"},"image":{"@id":"https:\/\/www.safinel.fr\/#\/schema\/logo\/image\/"}}]}},"_links":{"self":[{"href":"https:\/\/www.safinel.fr\/pt\/wp-json\/wp\/v2\/product\/4203","targetHints":{"allow":["GET"]}}],"collection":[{"href":"https:\/\/www.safinel.fr\/pt\/wp-json\/wp\/v2\/product"}],"about":[{"href":"https:\/\/www.safinel.fr\/pt\/wp-json\/wp\/v2\/types\/product"}],"wp:featuredmedia":[{"embeddable":true,"href":"https:\/\/www.safinel.fr\/pt\/wp-json\/wp\/v2\/media\/4204"}],"wp:attachment":[{"href":"https:\/\/www.safinel.fr\/pt\/wp-json\/wp\/v2\/media?parent=4203"}],"wp:term":[{"taxonomy":"product_brand","embeddable":true,"href":"https:\/\/www.safinel.fr\/pt\/wp-json\/wp\/v2\/product_brand?post=4203"},{"taxonomy":"product_cat","embeddable":true,"href":"https:\/\/www.safinel.fr\/pt\/wp-json\/wp\/v2\/product_cat?post=4203"},{"taxonomy":"product_tag","embeddable":true,"href":"https:\/\/www.safinel.fr\/pt\/wp-json\/wp\/v2\/product_tag?post=4203"}],"curies":[{"name":"wp","href":"https:\/\/api.w.org\/{rel}","templated":true}]}}