{"id":4125,"date":"2023-01-06T19:06:51","date_gmt":"2023-01-06T19:06:51","guid":{"rendered":"https:\/\/www.safinel.fr\/?post_type=product&#038;p=4125"},"modified":"2026-02-04T09:37:21","modified_gmt":"2026-02-04T09:37:21","slug":"suco-de-atote","status":"publish","type":"product","link":"https:\/\/www.safinel.fr\/pt\/product-2\/suco-de-atote\/","title":{"rendered":"Suco de Attote 500 ml"},"content":{"rendered":"<p>O atote jus \u00e9 uma bebida energ\u00e9tica. \u00c9 consumida pelos homens para\u00a0<strong>aumentar o seu desejo <\/strong>e o seu desempenho sexual. Nas mulheres, \u00e9 garantido um despertar da libido. Com este produto, ir\u00e1 recuperar\u00a0<strong>a harmonia no seu casamento<\/strong>. Contamos-lhe tudo.<\/p>\n<h2><strong>O sumo de attote: Um novo impulso de energia di\u00e1rio<\/strong><\/h2>\n<p>Esta bebida \u00e9\u00a0<strong>100% natural<\/strong>\u00a0e\u00a0<strong>sem \u00e1lcool<\/strong>. A receita deste elixir \u00e9 inspirada na do attot\u00e9, um poderoso afrodis\u00edaco da Costa do Marfim. \u00c0 base de\u00a0<strong>cola<\/strong>,\u00a0<a href=\"https:\/\/www.safinel.fr\/pt\/product-2\/cola-pequena\/\"><strong>cola pequena<\/strong><\/a>,\u00a0<strong>gengibre<\/strong>\u00a0e\u00a0<strong>flores de hibisco<\/strong>, \u00e9 o impulso que precisa. Todos estes ingredientes s\u00e3o conhecidos pelas suas\u00a0<strong>virtudes afrodis\u00edacas<\/strong>,\u00a0<strong>estimulantes<\/strong>\u00a0e\u00a0<strong>revigorantes<\/strong>.<\/p>\n<h3><strong>A flor de hibisco: para uma sexualidade feminina plena<\/strong><\/h3>\n<p>\u00c9 utilizada aqui pelos seus efeitos sobre o\u00a0<strong>desejo feminino<\/strong>. A libido da mulher ser\u00e1 reavivada. Gra\u00e7as a isso, ela ficar\u00e1\u00a0<strong>libertada<\/strong>\u00a0de todos os seus\u00a0<strong>bloqueios<\/strong>. E ir\u00e1 reencontrar ou descobrir uma\u00a0<strong>harmonia na sua sexualidade<\/strong>. Para aumentar o desejo durante os preliminares, saboreiem juntos os\u00a0<strong><a href=\"https:\/\/www.safinel.fr\/pt\/product-2\/doce-afrodisiaco-lump-sugar\/\">doces afrodis\u00edacos com a\u00e7\u00facar em peda\u00e7os<\/a>.<\/strong><\/p>\n<h3><strong>A noz de cola e o gengibre: os aliados do homem<\/strong><\/h3>\n<p>A cola \u00e9 utilizada para\u00a0<strong>estimular a libido<\/strong>\u00a0nos homens. Mas tamb\u00e9m pelas suas\u00a0<strong>propriedades tonificantes e estimulantes<\/strong>. \u00c9 o caso, tamb\u00e9m, do gengibre que, gra\u00e7as \u00e0s suas qualidades vasodilatadoras, trata a impot\u00eancia. E lhe d\u00e1 uma vitalidade e um desempenho incompar\u00e1veis.<\/p>\n<h2><strong>O sumo de atote: uma bebida que cumpre as normas sanit\u00e1rias<\/strong><\/h2>\n<p>Existem muitos rem\u00e9dios africanos energizantes. Infelizmente, h\u00e1 muitas falsifica\u00e7\u00f5es. O attote jus\u00a0<strong>cumpre as normas sanit\u00e1rias<\/strong>. Foi analisado por laborat\u00f3rios certificados. O resultado \u00e9 que \u00e9 pr\u00f3prio para consumo e isento de qualquer risco para a sua sa\u00fade.<\/p>\n<h3><strong>O despertar das sensa\u00e7\u00f5es<\/strong><\/h3>\n<p>Os problemas de impot\u00eancia ou disfun\u00e7\u00e3o sexual s\u00e3o muito mais frequentes do que se pensa. E, infelizmente, os tabus relacionados com a falta de desempenho n\u00e3o ajudam em nada todos esses homens. Com esta bebida, essas preocupa\u00e7\u00f5es ficar\u00e3o para tr\u00e1s. Recuperar\u00e1 as suas sensa\u00e7\u00f5es e elas ser\u00e3o ainda mais intensas. Tudo isto para o seu prazer e o da sua parceira. Esta mistura de sementes, plantas e flores ir\u00e1\u00a0<strong>despertar de forma duradoura<\/strong>.<\/p>\n<h3><strong>Para um melhor desempenho<\/strong><\/h3>\n<p>Voc\u00ea tamb\u00e9m pode tomar este produto para prolongar suas rela\u00e7\u00f5es sexuais. \u00c9 o caso de muitos homens que n\u00e3o t\u00eam problemas espec\u00edficos. Assim, eles ter\u00e3o uma ere\u00e7\u00e3o mais duradoura. Hoje conhecido mundialmente, n\u00e3o s\u00e3o mais apenas os africanos que atestam a sua efic\u00e1cia, mas homens de todas as origens.<\/p>\n<h3><strong>A promo\u00e7\u00e3o dos produtos naturais africanos<\/strong><\/h3>\n<p>Mais do que uma bebida, o sumo de attote representa o reconhecimento das receitas energ\u00e9ticas naturais africanas. De facto, aclamadas pelos ind\u00edgenas h\u00e1 muito tempo, elas seduzem cada vez mais o p\u00fablico em geral. Experimente tamb\u00e9m o\u00a0<a href=\"https:\/\/www.safinel.fr\/pt\/product-2\/kognon-mousso\/\"><strong>Kognon Mousso<\/strong><\/a>\u00a0conhecido por estimular o desejo e aumentar o desempenho sexual.<\/p>\n<h3><strong>Como tomar o sumo de atote?<\/strong><\/h3>\n<p>Para recuperar uma vitalidade duradoura, beba um copo por dia.<\/p>\n<p>O sabor da cola \u00e9 muito amargo. Por isso, pode adicionar sumo de fruta para suavizar o sabor. Al\u00e9m disso, as bebidas energ\u00e9ticas devem ser consumidas com\u00a0<strong>modera\u00e7\u00e3o<\/strong>. Al\u00e9m disso, elas s\u00e3o\u00a0<strong>n\u00e3o recomendadas para mulheres gr\u00e1vidas<\/strong>\u00a0e \u00e0s pessoas que t\u00eam uma\u00a0<strong>fragilidade card\u00edaca<\/strong>.<\/p>\n<p>Garrafa de 500 ml<\/p>","protected":false},"excerpt":{"rendered":"<p><img decoding=\"async\" class=\"size-full wp-image-5091 aligncenter\" src=\"https:\/\/www.safinel.fr\/wp-content\/uploads\/2021\/06\/BANNIERE-ICONE-SAFINEL.webp\" alt=\"resseguro satinado\" width=\"800\" height=\"200\" srcset=\"https:\/\/www.safinel.fr\/wp-content\/uploads\/2021\/06\/BANNIERE-ICONE-SAFINEL.webp 800w, https:\/\/www.safinel.fr\/wp-content\/uploads\/2021\/06\/BANNIERE-ICONE-SAFINEL-600x150.webp 600w, https:\/\/www.safinel.fr\/wp-content\/uploads\/2021\/06\/BANNIERE-ICONE-SAFINEL-768x192.webp 768w\" sizes=\"(max-width: 800px) 100vw, 800px\" \/><\/p>","protected":false},"featured_media":4126,"template":"","meta":[],"product_brand":[],"product_cat":[91],"product_tag":[],"class_list":{"0":"post-4125","1":"product","2":"type-product","3":"status-publish","4":"has-post-thumbnail","6":"product_cat-boisson-aphrodisiaque-africaine","8":"first","9":"instock","10":"shipping-taxable","11":"purchasable","12":"product-type-simple"},"yoast_head":"<!-- This site is optimized with the Yoast SEO plugin v26.6 - https:\/\/yoast.com\/wordpress\/plugins\/seo\/ -->\n<title>Attote jus I Boisson aphrodisiaque africaine par excellence<\/title>\n<meta name=\"description\" content=\"L\u2019attote jus est une boisson \u00e9nergisante. Elle est utilis\u00e9e par les hommes pour\u00a0augmenter leur d\u00e9sire et leurs performances sexuelles.\" \/>\n<meta name=\"robots\" content=\"index, follow, max-snippet:-1, max-image-preview:large, max-video-preview:-1\" \/>\n<link rel=\"canonical\" href=\"https:\/\/www.safinel.fr\/pt\/product-2\/suco-de-atote\/\" \/>\n<meta property=\"og:locale\" content=\"pt_PT\" \/>\n<meta property=\"og:type\" content=\"article\" \/>\n<meta property=\"og:title\" content=\"Attote jus I Boisson aphrodisiaque africaine par excellence\" \/>\n<meta property=\"og:description\" content=\"L\u2019attote jus est une boisson \u00e9nergisante. Elle est utilis\u00e9e par les hommes pour\u00a0augmenter leur d\u00e9sire et leurs performances sexuelles.\" \/>\n<meta property=\"og:url\" content=\"https:\/\/www.safinel.fr\/pt\/product-2\/suco-de-atote\/\" \/>\n<meta property=\"og:site_name\" content=\"Safinel\" \/>\n<meta property=\"article:modified_time\" content=\"2026-02-04T09:37:21+00:00\" \/>\n<meta property=\"og:image\" content=\"https:\/\/www.safinel.fr\/wp-content\/uploads\/2023\/01\/attote.jpeg\" \/>\n\t<meta property=\"og:image:width\" content=\"600\" \/>\n\t<meta property=\"og:image:height\" content=\"600\" \/>\n\t<meta property=\"og:image:type\" content=\"image\/jpeg\" \/>\n<meta name=\"twitter:card\" content=\"summary_large_image\" \/>\n<meta name=\"twitter:label1\" content=\"Tempo estimado de leitura\" \/>\n\t<meta name=\"twitter:data1\" content=\"3 minutos\" \/>\n<script type=\"application\/ld+json\" class=\"yoast-schema-graph\">{\"@context\":\"https:\/\/schema.org\",\"@graph\":[{\"@type\":\"WebPage\",\"@id\":\"https:\/\/www.safinel.fr\/produit\/jus-attote\/\",\"url\":\"https:\/\/www.safinel.fr\/produit\/jus-attote\/\",\"name\":\"Attote jus I Boisson aphrodisiaque africaine par excellence\",\"isPartOf\":{\"@id\":\"https:\/\/www.safinel.fr\/#website\"},\"primaryImageOfPage\":{\"@id\":\"https:\/\/www.safinel.fr\/produit\/jus-attote\/#primaryimage\"},\"image\":{\"@id\":\"https:\/\/www.safinel.fr\/produit\/jus-attote\/#primaryimage\"},\"thumbnailUrl\":\"https:\/\/www.safinel.fr\/wp-content\/uploads\/2023\/01\/attote.jpeg\",\"datePublished\":\"2023-01-06T19:06:51+00:00\",\"dateModified\":\"2026-02-04T09:37:21+00:00\",\"description\":\"L\u2019attote jus est une boisson \u00e9nergisante. Elle est utilis\u00e9e par les hommes pour\u00a0augmenter leur d\u00e9sire et leurs performances sexuelles.\",\"breadcrumb\":{\"@id\":\"https:\/\/www.safinel.fr\/produit\/jus-attote\/#breadcrumb\"},\"inLanguage\":\"pt-PT\",\"potentialAction\":[{\"@type\":\"ReadAction\",\"target\":[\"https:\/\/www.safinel.fr\/produit\/jus-attote\/\"]}]},{\"@type\":\"ImageObject\",\"inLanguage\":\"pt-PT\",\"@id\":\"https:\/\/www.safinel.fr\/produit\/jus-attote\/#primaryimage\",\"url\":\"https:\/\/www.safinel.fr\/wp-content\/uploads\/2023\/01\/attote.jpeg\",\"contentUrl\":\"https:\/\/www.safinel.fr\/wp-content\/uploads\/2023\/01\/attote.jpeg\",\"width\":600,\"height\":600,\"caption\":\"Jus d'Attote\"},{\"@type\":\"BreadcrumbList\",\"@id\":\"https:\/\/www.safinel.fr\/produit\/jus-attote\/#breadcrumb\",\"itemListElement\":[{\"@type\":\"ListItem\",\"position\":1,\"name\":\"Accueil\",\"item\":\"https:\/\/www.safinel.fr\/\"},{\"@type\":\"ListItem\",\"position\":2,\"name\":\"Boutique\",\"item\":\"https:\/\/www.safinel.fr\/boutique\/\"},{\"@type\":\"ListItem\",\"position\":3,\"name\":\"Jus d&rsquo;Attote 500ml\"}]},{\"@type\":\"WebSite\",\"@id\":\"https:\/\/www.safinel.fr\/#website\",\"url\":\"https:\/\/www.safinel.fr\/\",\"name\":\"Safinel\",\"description\":\"\",\"publisher\":{\"@id\":\"https:\/\/www.safinel.fr\/#organization\"},\"potentialAction\":[{\"@type\":\"SearchAction\",\"target\":{\"@type\":\"EntryPoint\",\"urlTemplate\":\"https:\/\/www.safinel.fr\/?s={search_term_string}\"},\"query-input\":{\"@type\":\"PropertyValueSpecification\",\"valueRequired\":true,\"valueName\":\"search_term_string\"}}],\"inLanguage\":\"pt-PT\"},{\"@type\":\"Organization\",\"@id\":\"https:\/\/www.safinel.fr\/#organization\",\"name\":\"Safinel\",\"url\":\"https:\/\/www.safinel.fr\/\",\"logo\":{\"@type\":\"ImageObject\",\"inLanguage\":\"pt-PT\",\"@id\":\"https:\/\/www.safinel.fr\/#\/schema\/logo\/image\/\",\"url\":\"https:\/\/www.safinel.fr\/wp-content\/uploads\/2021\/05\/boutique-cosmetique.png\",\"contentUrl\":\"https:\/\/www.safinel.fr\/wp-content\/uploads\/2021\/05\/boutique-cosmetique.png\",\"width\":800,\"height\":200,\"caption\":\"Safinel\"},\"image\":{\"@id\":\"https:\/\/www.safinel.fr\/#\/schema\/logo\/image\/\"}}]}<\/script>\n<!-- \/ Yoast SEO plugin. -->","yoast_head_json":{"title":"Attote jus I Bebida afrodis\u00edaca africana por excel\u00eancia","description":"O atote jus \u00e9 uma bebida energ\u00e9tica. \u00c9 utilizado pelos homens para aumentar o desejo e o desempenho sexual.","robots":{"index":"index","follow":"follow","max-snippet":"max-snippet:-1","max-image-preview":"max-image-preview:large","max-video-preview":"max-video-preview:-1"},"canonical":"https:\/\/www.safinel.fr\/pt\/product-2\/suco-de-atote\/","og_locale":"pt_PT","og_type":"article","og_title":"Attote jus I Boisson aphrodisiaque africaine par excellence","og_description":"L\u2019attote jus est une boisson \u00e9nergisante. Elle est utilis\u00e9e par les hommes pour\u00a0augmenter leur d\u00e9sire et leurs performances sexuelles.","og_url":"https:\/\/www.safinel.fr\/pt\/product-2\/suco-de-atote\/","og_site_name":"Safinel","article_modified_time":"2026-02-04T09:37:21+00:00","og_image":[{"width":600,"height":600,"url":"https:\/\/www.safinel.fr\/wp-content\/uploads\/2023\/01\/attote.jpeg","type":"image\/jpeg"}],"twitter_card":"summary_large_image","twitter_misc":{"Tempo estimado de leitura":"3 minutos"},"schema":{"@context":"https:\/\/schema.org","@graph":[{"@type":"WebPage","@id":"https:\/\/www.safinel.fr\/produit\/jus-attote\/","url":"https:\/\/www.safinel.fr\/produit\/jus-attote\/","name":"Attote jus I Bebida afrodis\u00edaca africana por excel\u00eancia","isPartOf":{"@id":"https:\/\/www.safinel.fr\/#website"},"primaryImageOfPage":{"@id":"https:\/\/www.safinel.fr\/produit\/jus-attote\/#primaryimage"},"image":{"@id":"https:\/\/www.safinel.fr\/produit\/jus-attote\/#primaryimage"},"thumbnailUrl":"https:\/\/www.safinel.fr\/wp-content\/uploads\/2023\/01\/attote.jpeg","datePublished":"2023-01-06T19:06:51+00:00","dateModified":"2026-02-04T09:37:21+00:00","description":"O atote jus \u00e9 uma bebida energ\u00e9tica. \u00c9 utilizado pelos homens para aumentar o desejo e o desempenho sexual.","breadcrumb":{"@id":"https:\/\/www.safinel.fr\/produit\/jus-attote\/#breadcrumb"},"inLanguage":"pt-PT","potentialAction":[{"@type":"ReadAction","target":["https:\/\/www.safinel.fr\/produit\/jus-attote\/"]}]},{"@type":"ImageObject","inLanguage":"pt-PT","@id":"https:\/\/www.safinel.fr\/produit\/jus-attote\/#primaryimage","url":"https:\/\/www.safinel.fr\/wp-content\/uploads\/2023\/01\/attote.jpeg","contentUrl":"https:\/\/www.safinel.fr\/wp-content\/uploads\/2023\/01\/attote.jpeg","width":600,"height":600,"caption":"Jus d'Attote"},{"@type":"BreadcrumbList","@id":"https:\/\/www.safinel.fr\/produit\/jus-attote\/#breadcrumb","itemListElement":[{"@type":"ListItem","position":1,"name":"Accueil","item":"https:\/\/www.safinel.fr\/"},{"@type":"ListItem","position":2,"name":"Boutique","item":"https:\/\/www.safinel.fr\/boutique\/"},{"@type":"ListItem","position":3,"name":"Jus d&rsquo;Attote 500ml"}]},{"@type":"WebSite","@id":"https:\/\/www.safinel.fr\/#website","url":"https:\/\/www.safinel.fr\/","name":"Safinel","description":"","publisher":{"@id":"https:\/\/www.safinel.fr\/#organization"},"potentialAction":[{"@type":"SearchAction","target":{"@type":"EntryPoint","urlTemplate":"https:\/\/www.safinel.fr\/?s={search_term_string}"},"query-input":{"@type":"PropertyValueSpecification","valueRequired":true,"valueName":"search_term_string"}}],"inLanguage":"pt-PT"},{"@type":"Organization","@id":"https:\/\/www.safinel.fr\/#organization","name":"Safinel","url":"https:\/\/www.safinel.fr\/","logo":{"@type":"ImageObject","inLanguage":"pt-PT","@id":"https:\/\/www.safinel.fr\/#\/schema\/logo\/image\/","url":"https:\/\/www.safinel.fr\/wp-content\/uploads\/2021\/05\/boutique-cosmetique.png","contentUrl":"https:\/\/www.safinel.fr\/wp-content\/uploads\/2021\/05\/boutique-cosmetique.png","width":800,"height":200,"caption":"Safinel"},"image":{"@id":"https:\/\/www.safinel.fr\/#\/schema\/logo\/image\/"}}]}},"_links":{"self":[{"href":"https:\/\/www.safinel.fr\/pt\/wp-json\/wp\/v2\/product\/4125","targetHints":{"allow":["GET"]}}],"collection":[{"href":"https:\/\/www.safinel.fr\/pt\/wp-json\/wp\/v2\/product"}],"about":[{"href":"https:\/\/www.safinel.fr\/pt\/wp-json\/wp\/v2\/types\/product"}],"wp:featuredmedia":[{"embeddable":true,"href":"https:\/\/www.safinel.fr\/pt\/wp-json\/wp\/v2\/media\/4126"}],"wp:attachment":[{"href":"https:\/\/www.safinel.fr\/pt\/wp-json\/wp\/v2\/media?parent=4125"}],"wp:term":[{"taxonomy":"product_brand","embeddable":true,"href":"https:\/\/www.safinel.fr\/pt\/wp-json\/wp\/v2\/product_brand?post=4125"},{"taxonomy":"product_cat","embeddable":true,"href":"https:\/\/www.safinel.fr\/pt\/wp-json\/wp\/v2\/product_cat?post=4125"},{"taxonomy":"product_tag","embeddable":true,"href":"https:\/\/www.safinel.fr\/pt\/wp-json\/wp\/v2\/product_tag?post=4125"}],"curies":[{"name":"wp","href":"https:\/\/api.w.org\/{rel}","templated":true}]}}