{"id":4001,"date":"2022-12-29T16:50:43","date_gmt":"2022-12-29T16:50:43","guid":{"rendered":"https:\/\/www.safinel.fr\/?post_type=product&#038;p=4001"},"modified":"2023-12-28T17:15:40","modified_gmt":"2023-12-28T17:15:40","slug":"olibano-louban-dakar","status":"publish","type":"product","link":"https:\/\/www.safinel.fr\/pt\/product-2\/olibano-louban-dakar\/","title":{"rendered":"Ol\u00edbano (Louban dakar) 100 g"},"content":{"rendered":"<p>Est\u00e1 pronto para conhecer um tesouro da natureza? Descubra-o sem mais demora com L'Oliban (<strong>Louban Dakar)\u00a0<\/strong>\u00c9 verdade que possui um aroma suave e amadeirado que lembra baunilha e madeira... \u00c9 um perfume popular entre homens, mulheres e crian\u00e7as, e \u00e9 frequentemente utilizado em perfumes de marcas de luxo.<\/p>\n<p>Al\u00e9m disso, ele tamb\u00e9m possui muitas qualidades que podem surpreend\u00ea-lo...<\/p>\n<h2><strong>A hist\u00f3ria do Louban Dakar com a sua loja Safinel!<\/strong><\/h2>\n<p>O louban, ou ol\u00edbano, \u00e9 uma resina derivada da \u00e1rvore de incenso chamada\u00a0<strong>Boswellia<\/strong>. \u00c9 uma das resinas arom\u00e1ticas mais conhecidas do mundo e \u00e9 <a href=\"https:\/\/www.fragrance-imperiale.com\" target=\"_blank\" rel=\"noopener\"><strong>frequentemente utilizada em fragr\u00e2ncias<\/strong><\/a> e os cosm\u00e9ticos.<\/p>\n<p>O Louban seria origin\u00e1rio da regi\u00e3o hoje conhecida como Rep\u00fablica do Senegal. Os gregos e romanos da Antiguidade apreciavam-no pelas suas propriedades terap\u00eauticas, e era at\u00e9 utilizado como medicamento pelos eg\u00edpcios.<\/p>\n<h2><strong>Os in\u00fameros benef\u00edcios do ol\u00edbano<\/strong><\/h2>\n<p>Sabemos a import\u00e2ncia que d\u00e1 ao\u00a0<strong>produtos naturais<\/strong>\u00a0com muitas riquezas. \u00c9 por isso que, na ordem do dia, a sua loja Safinel deseja apresentar-lhe o famoso Louban Dakar! Se este \u00faltimo era anteriormente muito utilizado em certas pr\u00e1ticas de natureza m\u00e9dica, qual \u00e9 a sua situa\u00e7\u00e3o atual?<\/p>\n<p>Embora os tempos mudem, certas \u00e1reas permanecem inalteradas, especialmente quando a sua efic\u00e1cia j\u00e1 foi comprovada. Tomemos como exemplo o famoso louban...<\/p>\n<p>Hoje em dia, o louban continua a ser utilizado para tratar v\u00e1rias doen\u00e7as, nomeadamente ansiedade, depress\u00e3o e stress. Tamb\u00e9m \u00e9 utilizado para tratar problemas respirat\u00f3rios e para melhorar o humor e a concentra\u00e7\u00e3o.<\/p>\n<h3><strong>O ol\u00edbano de Dakar, um aroma muito procurado...<\/strong><\/h3>\n<p>Se voc\u00ea tamb\u00e9m faz parte daqueles que gostam de<strong>\u00a0produtos perfumados<\/strong>, ent\u00e3o o louban Dakar pode ser ideal para si. E se fosse altura de lhe contar mais sobre esta resina arom\u00e1tica natural?<\/p>\n<p>Na verdade, o louban \u00e9 talvez mais conhecido pelo seu perfume \u2013 tem um aroma forte e adocicado, frequentemente descrito como \u00abpicante\u00bb. \u00c9 utilizado, nomeadamente, em produtos como velas, lo\u00e7\u00f5es corporais e perfumes. Por ser t\u00e3o raro e valioso, o louban \u00e9 frequentemente dif\u00edcil de encontrar fora de lojas especializadas. Se quiser experiment\u00e1-lo, n\u00e3o hesite em consultar a sua loja Safinel, que vende muitos produtos naturais cuja utiliza\u00e7\u00e3o \u00e9 segura.<\/p>\n<h3><strong>Produtos de bem-estar na sua loja Safinel!<\/strong><\/h3>\n<p>Tem uma queda por\u00a0<strong>plantas medicinais<\/strong>\u00a0Isso \u00e9 \u00f3timo, porque a sua loja Safinel provavelmente tem o que voc\u00ea precisa! Voc\u00ea conhece os saquinhos de <a href=\"https:\/\/www.safinel.fr\/pt\/product-2\/hissopo\/\"><strong>folhas de hissopo<\/strong><\/a> Se n\u00e3o for o caso, n\u00e3o se preocupe, vamos explicar-lhe em poucas palavras!<\/p>\n<p>Origin\u00e1ria da \u00c1sia e da Am\u00e9rica, \u00e9 especialmente apreciada pelos seus in\u00fameros benef\u00edcios. Na verdade, pode ajudar a regular a press\u00e3o arterial e a congest\u00e3o pulmonar! Pode encontrar o artigo correspondente aqui!<\/p>\n<p>Al\u00e9m disso, tamb\u00e9m tem a possibilidade de conhecer as folhas de Damiana! Muito pouco conhecida, esta planta medicinal poder\u00e1 surpreend\u00ea-lo! Como pode ver, n\u00e3o faltam op\u00e7\u00f5es na nossa loja online de bem-estar!<\/p>","protected":false},"excerpt":{"rendered":"<p>Est\u00e1 pronto para conhecer o tesouro da natureza? Descubra-o agora com L'Oliban (Louban Dakar)! \u00c9 verdade que tem uma fragr\u00e2ncia doce e amadeirada que lembra a baunilha e a madeira... \u00c9 um perfume popular para homens, mulheres e crian\u00e7as, e \u00e9 [...].","protected":false},"featured_media":4008,"template":"","meta":[],"product_brand":[],"product_cat":[28],"product_tag":[],"class_list":{"0":"post-4001","1":"product","2":"type-product","3":"status-publish","4":"has-post-thumbnail","6":"product_cat-divers","8":"first","9":"outofstock","10":"shipping-taxable","11":"purchasable","12":"product-type-simple"},"yoast_head":"<!-- This site is optimized with the Yoast SEO plugin v26.6 - https:\/\/yoast.com\/wordpress\/plugins\/seo\/ -->\n<title>Oliban r\u00e9sine I Louban dakar I Bienfaits nombreux<\/title>\n<meta name=\"description\" content=\"\u00cates-vous pr\u00eat \u00e0 faire la rencontre avec un tr\u00e9sor de la nature ? Faites la d\u00e9couverte sans plus attendre avec L&#039;Oliban (Louban Dakar)\u00a0!\" \/>\n<meta name=\"robots\" content=\"index, follow, max-snippet:-1, max-image-preview:large, max-video-preview:-1\" \/>\n<link rel=\"canonical\" href=\"https:\/\/www.safinel.fr\/pt\/product-2\/olibano-louban-dakar\/\" \/>\n<meta property=\"og:locale\" content=\"pt_PT\" \/>\n<meta property=\"og:type\" content=\"article\" \/>\n<meta property=\"og:title\" content=\"Oliban r\u00e9sine I Louban dakar I Bienfaits nombreux\" \/>\n<meta property=\"og:description\" content=\"\u00cates-vous pr\u00eat \u00e0 faire la rencontre avec un tr\u00e9sor de la nature ? Faites la d\u00e9couverte sans plus attendre avec L&#039;Oliban (Louban Dakar)\u00a0!\" \/>\n<meta property=\"og:url\" content=\"https:\/\/www.safinel.fr\/pt\/product-2\/olibano-louban-dakar\/\" \/>\n<meta property=\"og:site_name\" content=\"Safinel\" \/>\n<meta property=\"article:modified_time\" content=\"2023-12-28T17:15:40+00:00\" \/>\n<meta property=\"og:image\" content=\"https:\/\/www.safinel.fr\/wp-content\/uploads\/2022\/12\/louban-dakar.jpg\" \/>\n\t<meta property=\"og:image:width\" content=\"600\" \/>\n\t<meta property=\"og:image:height\" content=\"600\" \/>\n\t<meta property=\"og:image:type\" content=\"image\/jpeg\" \/>\n<meta name=\"twitter:card\" content=\"summary_large_image\" \/>\n<meta name=\"twitter:label1\" content=\"Tempo estimado de leitura\" \/>\n\t<meta name=\"twitter:data1\" content=\"3 minutos\" \/>\n<script type=\"application\/ld+json\" class=\"yoast-schema-graph\">{\"@context\":\"https:\/\/schema.org\",\"@graph\":[{\"@type\":\"WebPage\",\"@id\":\"https:\/\/www.safinel.fr\/produit\/oliban-louban-dakar\/\",\"url\":\"https:\/\/www.safinel.fr\/produit\/oliban-louban-dakar\/\",\"name\":\"Oliban r\u00e9sine I Louban dakar I Bienfaits nombreux\",\"isPartOf\":{\"@id\":\"https:\/\/www.safinel.fr\/#website\"},\"primaryImageOfPage\":{\"@id\":\"https:\/\/www.safinel.fr\/produit\/oliban-louban-dakar\/#primaryimage\"},\"image\":{\"@id\":\"https:\/\/www.safinel.fr\/produit\/oliban-louban-dakar\/#primaryimage\"},\"thumbnailUrl\":\"https:\/\/www.safinel.fr\/wp-content\/uploads\/2022\/12\/louban-dakar.jpg\",\"datePublished\":\"2022-12-29T16:50:43+00:00\",\"dateModified\":\"2023-12-28T17:15:40+00:00\",\"description\":\"\u00cates-vous pr\u00eat \u00e0 faire la rencontre avec un tr\u00e9sor de la nature ? Faites la d\u00e9couverte sans plus attendre avec L'Oliban (Louban Dakar)\u00a0!\",\"breadcrumb\":{\"@id\":\"https:\/\/www.safinel.fr\/produit\/oliban-louban-dakar\/#breadcrumb\"},\"inLanguage\":\"pt-PT\",\"potentialAction\":[{\"@type\":\"ReadAction\",\"target\":[\"https:\/\/www.safinel.fr\/produit\/oliban-louban-dakar\/\"]}]},{\"@type\":\"ImageObject\",\"inLanguage\":\"pt-PT\",\"@id\":\"https:\/\/www.safinel.fr\/produit\/oliban-louban-dakar\/#primaryimage\",\"url\":\"https:\/\/www.safinel.fr\/wp-content\/uploads\/2022\/12\/louban-dakar.jpg\",\"contentUrl\":\"https:\/\/www.safinel.fr\/wp-content\/uploads\/2022\/12\/louban-dakar.jpg\",\"width\":600,\"height\":600,\"caption\":\"Oliban (Louban dakar) 100g\"},{\"@type\":\"BreadcrumbList\",\"@id\":\"https:\/\/www.safinel.fr\/produit\/oliban-louban-dakar\/#breadcrumb\",\"itemListElement\":[{\"@type\":\"ListItem\",\"position\":1,\"name\":\"Accueil\",\"item\":\"https:\/\/www.safinel.fr\/\"},{\"@type\":\"ListItem\",\"position\":2,\"name\":\"Boutique\",\"item\":\"https:\/\/www.safinel.fr\/boutique\/\"},{\"@type\":\"ListItem\",\"position\":3,\"name\":\"Oliban (Louban dakar) 100g\"}]},{\"@type\":\"WebSite\",\"@id\":\"https:\/\/www.safinel.fr\/#website\",\"url\":\"https:\/\/www.safinel.fr\/\",\"name\":\"Safinel\",\"description\":\"\",\"publisher\":{\"@id\":\"https:\/\/www.safinel.fr\/#organization\"},\"potentialAction\":[{\"@type\":\"SearchAction\",\"target\":{\"@type\":\"EntryPoint\",\"urlTemplate\":\"https:\/\/www.safinel.fr\/?s={search_term_string}\"},\"query-input\":{\"@type\":\"PropertyValueSpecification\",\"valueRequired\":true,\"valueName\":\"search_term_string\"}}],\"inLanguage\":\"pt-PT\"},{\"@type\":\"Organization\",\"@id\":\"https:\/\/www.safinel.fr\/#organization\",\"name\":\"Safinel\",\"url\":\"https:\/\/www.safinel.fr\/\",\"logo\":{\"@type\":\"ImageObject\",\"inLanguage\":\"pt-PT\",\"@id\":\"https:\/\/www.safinel.fr\/#\/schema\/logo\/image\/\",\"url\":\"https:\/\/www.safinel.fr\/wp-content\/uploads\/2021\/05\/boutique-cosmetique.png\",\"contentUrl\":\"https:\/\/www.safinel.fr\/wp-content\/uploads\/2021\/05\/boutique-cosmetique.png\",\"width\":800,\"height\":200,\"caption\":\"Safinel\"},\"image\":{\"@id\":\"https:\/\/www.safinel.fr\/#\/schema\/logo\/image\/\"}}]}<\/script>\n<!-- \/ Yoast SEO plugin. -->","yoast_head_json":{"title":"Resina de ol\u00edbano I Louban dakar I In\u00fameros benef\u00edcios","description":"Est\u00e1 pronto para conhecer um tesouro da natureza? Descubra sem mais demora com L'Oliban (Louban Dakar)!","robots":{"index":"index","follow":"follow","max-snippet":"max-snippet:-1","max-image-preview":"max-image-preview:large","max-video-preview":"max-video-preview:-1"},"canonical":"https:\/\/www.safinel.fr\/pt\/product-2\/olibano-louban-dakar\/","og_locale":"pt_PT","og_type":"article","og_title":"Oliban r\u00e9sine I Louban dakar I Bienfaits nombreux","og_description":"\u00cates-vous pr\u00eat \u00e0 faire la rencontre avec un tr\u00e9sor de la nature ? Faites la d\u00e9couverte sans plus attendre avec L'Oliban (Louban Dakar)\u00a0!","og_url":"https:\/\/www.safinel.fr\/pt\/product-2\/olibano-louban-dakar\/","og_site_name":"Safinel","article_modified_time":"2023-12-28T17:15:40+00:00","og_image":[{"width":600,"height":600,"url":"https:\/\/www.safinel.fr\/wp-content\/uploads\/2022\/12\/louban-dakar.jpg","type":"image\/jpeg"}],"twitter_card":"summary_large_image","twitter_misc":{"Tempo estimado de leitura":"3 minutos"},"schema":{"@context":"https:\/\/schema.org","@graph":[{"@type":"WebPage","@id":"https:\/\/www.safinel.fr\/produit\/oliban-louban-dakar\/","url":"https:\/\/www.safinel.fr\/produit\/oliban-louban-dakar\/","name":"Resina de ol\u00edbano I Louban dakar I In\u00fameros benef\u00edcios","isPartOf":{"@id":"https:\/\/www.safinel.fr\/#website"},"primaryImageOfPage":{"@id":"https:\/\/www.safinel.fr\/produit\/oliban-louban-dakar\/#primaryimage"},"image":{"@id":"https:\/\/www.safinel.fr\/produit\/oliban-louban-dakar\/#primaryimage"},"thumbnailUrl":"https:\/\/www.safinel.fr\/wp-content\/uploads\/2022\/12\/louban-dakar.jpg","datePublished":"2022-12-29T16:50:43+00:00","dateModified":"2023-12-28T17:15:40+00:00","description":"Est\u00e1 pronto para conhecer um tesouro da natureza? Descubra sem mais demora com L'Oliban (Louban Dakar)!","breadcrumb":{"@id":"https:\/\/www.safinel.fr\/produit\/oliban-louban-dakar\/#breadcrumb"},"inLanguage":"pt-PT","potentialAction":[{"@type":"ReadAction","target":["https:\/\/www.safinel.fr\/produit\/oliban-louban-dakar\/"]}]},{"@type":"ImageObject","inLanguage":"pt-PT","@id":"https:\/\/www.safinel.fr\/produit\/oliban-louban-dakar\/#primaryimage","url":"https:\/\/www.safinel.fr\/wp-content\/uploads\/2022\/12\/louban-dakar.jpg","contentUrl":"https:\/\/www.safinel.fr\/wp-content\/uploads\/2022\/12\/louban-dakar.jpg","width":600,"height":600,"caption":"Oliban (Louban dakar) 100g"},{"@type":"BreadcrumbList","@id":"https:\/\/www.safinel.fr\/produit\/oliban-louban-dakar\/#breadcrumb","itemListElement":[{"@type":"ListItem","position":1,"name":"Accueil","item":"https:\/\/www.safinel.fr\/"},{"@type":"ListItem","position":2,"name":"Boutique","item":"https:\/\/www.safinel.fr\/boutique\/"},{"@type":"ListItem","position":3,"name":"Oliban (Louban dakar) 100g"}]},{"@type":"WebSite","@id":"https:\/\/www.safinel.fr\/#website","url":"https:\/\/www.safinel.fr\/","name":"Safinel","description":"","publisher":{"@id":"https:\/\/www.safinel.fr\/#organization"},"potentialAction":[{"@type":"SearchAction","target":{"@type":"EntryPoint","urlTemplate":"https:\/\/www.safinel.fr\/?s={search_term_string}"},"query-input":{"@type":"PropertyValueSpecification","valueRequired":true,"valueName":"search_term_string"}}],"inLanguage":"pt-PT"},{"@type":"Organization","@id":"https:\/\/www.safinel.fr\/#organization","name":"Safinel","url":"https:\/\/www.safinel.fr\/","logo":{"@type":"ImageObject","inLanguage":"pt-PT","@id":"https:\/\/www.safinel.fr\/#\/schema\/logo\/image\/","url":"https:\/\/www.safinel.fr\/wp-content\/uploads\/2021\/05\/boutique-cosmetique.png","contentUrl":"https:\/\/www.safinel.fr\/wp-content\/uploads\/2021\/05\/boutique-cosmetique.png","width":800,"height":200,"caption":"Safinel"},"image":{"@id":"https:\/\/www.safinel.fr\/#\/schema\/logo\/image\/"}}]}},"_links":{"self":[{"href":"https:\/\/www.safinel.fr\/pt\/wp-json\/wp\/v2\/product\/4001","targetHints":{"allow":["GET"]}}],"collection":[{"href":"https:\/\/www.safinel.fr\/pt\/wp-json\/wp\/v2\/product"}],"about":[{"href":"https:\/\/www.safinel.fr\/pt\/wp-json\/wp\/v2\/types\/product"}],"wp:featuredmedia":[{"embeddable":true,"href":"https:\/\/www.safinel.fr\/pt\/wp-json\/wp\/v2\/media\/4008"}],"wp:attachment":[{"href":"https:\/\/www.safinel.fr\/pt\/wp-json\/wp\/v2\/media?parent=4001"}],"wp:term":[{"taxonomy":"product_brand","embeddable":true,"href":"https:\/\/www.safinel.fr\/pt\/wp-json\/wp\/v2\/product_brand?post=4001"},{"taxonomy":"product_cat","embeddable":true,"href":"https:\/\/www.safinel.fr\/pt\/wp-json\/wp\/v2\/product_cat?post=4001"},{"taxonomy":"product_tag","embeddable":true,"href":"https:\/\/www.safinel.fr\/pt\/wp-json\/wp\/v2\/product_tag?post=4001"}],"curies":[{"name":"wp","href":"https:\/\/api.w.org\/{rel}","templated":true}]}}