{"id":3932,"date":"2022-12-22T12:11:53","date_gmt":"2022-12-22T12:11:53","guid":{"rendered":"https:\/\/www.safinel.fr\/?post_type=product&#038;p=3932"},"modified":"2024-04-19T13:34:52","modified_gmt":"2024-04-19T13:34:52","slug":"san-qi-hua","status":"publish","type":"product","link":"https:\/\/www.safinel.fr\/pt\/product-2\/san-qi-hua\/","title":{"rendered":"San qi hua (Flores de Notoginseng \u4e09\u4e03\u82b1) 100 g"},"content":{"rendered":"<p>O\u00a0<strong>san qi hua<\/strong>\u00a0ou ainda as flores de notoginseng s\u00e3o cultivadas principalmente no sul e no centro da China. Ent\u00e3o, parta \u00e0 descoberta desta\u00a0<strong>planta asi\u00e1tica.\u00a0<\/strong><\/p>\n<h2><strong>San qi hua: o que \u00e9 isso?\u00a0<\/strong><\/h2>\n<p>O\u00a0<strong>san qi hua<\/strong>\u00a0\u00e9 uma esp\u00e9cie de primo distante do ginseng. Descrita como sendo \u201cmais valiosa do que o ouro\u201d, a sua raiz \u00e9 classificada entre as ervas que regulam o sangue pela medicina chinesa.<\/p>\n<p>Al\u00e9m disso, na\u00a0<strong>farmacopeia chinesa<\/strong>, As flores de notoginseng s\u00e3o conhecidas por acalmar hemorragias, revigorar o sangue e transformar estases. \u00c9 importante saber que tamb\u00e9m s\u00e3o tradicionalmente utilizadas para estimular a circula\u00e7\u00e3o sangu\u00ednea e aliviar incha\u00e7os.<\/p>\n<h2><strong>Como usar o san qi hua?\u00a0<\/strong><\/h2>\n<p>Para utilizar esta\u00a0<strong>planta asi\u00e1tica<\/strong>\u00a0Para preparar uma infus\u00e3o, adicione 10 g de ra\u00edzes a 500 ml de \u00e1gua. Em seguida, leve ao lume at\u00e9 ferver e deixe cozinhar em lume brando durante cerca de dez minutos antes de servir.<\/p>\n<p>Para usar na forma de p\u00f3, pode diluir a dose de p\u00f3 numa ch\u00e1vena pequena de \u00e1gua a ferver. Em seguida, misture bem e beba.<\/p>\n<p>N\u00e3o hesite em fazer a sua encomenda de plantas asi\u00e1ticas em<strong>\u00a0m\u00faltiplos benef\u00edcios.\u00a0<\/strong><\/p>\n<h3><strong>Precau\u00e7\u00f5es<\/strong><\/h3>\n<ul>\n<li>Manter fora do alcance das crian\u00e7as.<\/li>\n<li>\u00c9 adequado apenas para adultos e crian\u00e7as com mais de 12 anos.<\/li>\n<li>N\u00e3o substitui uma alimenta\u00e7\u00e3o diversificada e um estilo de vida saud\u00e1vel.<\/li>\n<li>Por fim, consulte o seu m\u00e9dico ou farmac\u00eautico antes de utilizar.<\/li>\n<\/ul>\n<h3><strong>Descubra tamb\u00e9m as folhas de l\u00f3tus\u00a0<\/strong><\/h3>\n<p>O\u00a0<strong>l\u00f3tus<\/strong>\u00a0\u00e9 uma planta aqu\u00e1tica emblem\u00e1tica da regi\u00e3o da \u00c1sia Oriental. As suas folhas, chamadas \u201c<a href=\"https:\/\/www.safinel.fr\/pt\/product-2\/folha-de-lotus\/\"><strong>Ei, voc\u00ea!<\/strong><\/a>\u201d em chin\u00eas e utilizadas na medicina tradicional, possuem a propriedade de promover a perda de peso.<\/p>\n<p>Para isso, venha descobrir as propriedades desta planta e fa\u00e7a dela a sua nova aliada natural para emagrecer.<\/p>\n<p>Venha fazer as suas compras na nossa\u00a0<strong>site Safinel<\/strong>, a loja natural de refer\u00eancia.<\/p>","protected":false},"excerpt":{"rendered":"<p>O san qi hua, tamb\u00e9m conhecido como flor de notoginseng, \u00e9 cultivado principalmente no sul e no centro da China. Venha descobrir esta planta asi\u00e1tica.\u00a0 San qi hua: o que \u00e9 isso?  O san qi hua \u00e9 uma esp\u00e9cie de primo distante do ginseng. Descrita como sendo \u201cmais preciosa do que o ouro\u201d, a sua raiz \u00e9 [\u2026]","protected":false},"featured_media":3933,"template":"","meta":[],"product_brand":[],"product_cat":[108],"product_tag":[],"class_list":{"0":"post-3932","1":"product","2":"type-product","3":"status-publish","4":"has-post-thumbnail","6":"product_cat-plantes-asiatiques","8":"first","9":"outofstock","10":"shipping-taxable","11":"purchasable","12":"product-type-simple"},"yoast_head":"<!-- This site is optimized with the Yoast SEO plugin v26.6 - https:\/\/yoast.com\/wordpress\/plugins\/seo\/ -->\n<title>San qi hua I Fleurs de Notoginseng I Bienfaits nombreux<\/title>\n<meta name=\"description\" content=\"Le\u00a0san qi hua\u00a0ou encore les fleurs de notoginseng sont cultiv\u00e9s particuli\u00e8rement dans le Sud et dans le centre de la Chine.\" \/>\n<meta name=\"robots\" content=\"index, follow, max-snippet:-1, max-image-preview:large, max-video-preview:-1\" \/>\n<link rel=\"canonical\" href=\"https:\/\/www.safinel.fr\/pt\/product-2\/san-qi-hua\/\" \/>\n<meta property=\"og:locale\" content=\"pt_PT\" \/>\n<meta property=\"og:type\" content=\"article\" \/>\n<meta property=\"og:title\" content=\"San qi hua I Fleurs de Notoginseng I Bienfaits nombreux\" \/>\n<meta property=\"og:description\" content=\"Le\u00a0san qi hua\u00a0ou encore les fleurs de notoginseng sont cultiv\u00e9s particuli\u00e8rement dans le Sud et dans le centre de la Chine.\" \/>\n<meta property=\"og:url\" content=\"https:\/\/www.safinel.fr\/pt\/product-2\/san-qi-hua\/\" \/>\n<meta property=\"og:site_name\" content=\"Safinel\" \/>\n<meta property=\"article:modified_time\" content=\"2024-04-19T13:34:52+00:00\" \/>\n<meta property=\"og:image\" content=\"https:\/\/www.safinel.fr\/wp-content\/uploads\/2022\/12\/San-qi-hua-Fleurs-de-Notoginseng-\u4e09\u4e03\u82b1-.jpg\" \/>\n\t<meta property=\"og:image:width\" content=\"600\" \/>\n\t<meta property=\"og:image:height\" content=\"600\" \/>\n\t<meta property=\"og:image:type\" content=\"image\/jpeg\" \/>\n<meta name=\"twitter:card\" content=\"summary_large_image\" \/>\n<meta name=\"twitter:label1\" content=\"Tempo estimado de leitura\" \/>\n\t<meta name=\"twitter:data1\" content=\"2 minutos\" \/>\n<script type=\"application\/ld+json\" class=\"yoast-schema-graph\">{\"@context\":\"https:\/\/schema.org\",\"@graph\":[{\"@type\":\"WebPage\",\"@id\":\"https:\/\/www.safinel.fr\/produit\/san-qi-hua\/\",\"url\":\"https:\/\/www.safinel.fr\/produit\/san-qi-hua\/\",\"name\":\"San qi hua I Fleurs de Notoginseng I Bienfaits nombreux\",\"isPartOf\":{\"@id\":\"https:\/\/www.safinel.fr\/#website\"},\"primaryImageOfPage\":{\"@id\":\"https:\/\/www.safinel.fr\/produit\/san-qi-hua\/#primaryimage\"},\"image\":{\"@id\":\"https:\/\/www.safinel.fr\/produit\/san-qi-hua\/#primaryimage\"},\"thumbnailUrl\":\"https:\/\/www.safinel.fr\/wp-content\/uploads\/2022\/12\/San-qi-hua-Fleurs-de-Notoginseng-\u4e09\u4e03\u82b1-.jpg\",\"datePublished\":\"2022-12-22T12:11:53+00:00\",\"dateModified\":\"2024-04-19T13:34:52+00:00\",\"description\":\"Le\u00a0san qi hua\u00a0ou encore les fleurs de notoginseng sont cultiv\u00e9s particuli\u00e8rement dans le Sud et dans le centre de la Chine.\",\"breadcrumb\":{\"@id\":\"https:\/\/www.safinel.fr\/produit\/san-qi-hua\/#breadcrumb\"},\"inLanguage\":\"pt-PT\",\"potentialAction\":[{\"@type\":\"ReadAction\",\"target\":[\"https:\/\/www.safinel.fr\/produit\/san-qi-hua\/\"]}]},{\"@type\":\"ImageObject\",\"inLanguage\":\"pt-PT\",\"@id\":\"https:\/\/www.safinel.fr\/produit\/san-qi-hua\/#primaryimage\",\"url\":\"https:\/\/www.safinel.fr\/wp-content\/uploads\/2022\/12\/San-qi-hua-Fleurs-de-Notoginseng-\u4e09\u4e03\u82b1-.jpg\",\"contentUrl\":\"https:\/\/www.safinel.fr\/wp-content\/uploads\/2022\/12\/San-qi-hua-Fleurs-de-Notoginseng-\u4e09\u4e03\u82b1-.jpg\",\"width\":600,\"height\":600,\"caption\":\"San qi hua (Fleurs de Notoginseng \u4e09\u4e03\u82b1) 100g\"},{\"@type\":\"BreadcrumbList\",\"@id\":\"https:\/\/www.safinel.fr\/produit\/san-qi-hua\/#breadcrumb\",\"itemListElement\":[{\"@type\":\"ListItem\",\"position\":1,\"name\":\"Accueil\",\"item\":\"https:\/\/www.safinel.fr\/\"},{\"@type\":\"ListItem\",\"position\":2,\"name\":\"Boutique\",\"item\":\"https:\/\/www.safinel.fr\/boutique\/\"},{\"@type\":\"ListItem\",\"position\":3,\"name\":\"San qi hua (Fleurs de Notoginseng \u4e09\u4e03\u82b1) 100g\"}]},{\"@type\":\"WebSite\",\"@id\":\"https:\/\/www.safinel.fr\/#website\",\"url\":\"https:\/\/www.safinel.fr\/\",\"name\":\"Safinel\",\"description\":\"\",\"publisher\":{\"@id\":\"https:\/\/www.safinel.fr\/#organization\"},\"potentialAction\":[{\"@type\":\"SearchAction\",\"target\":{\"@type\":\"EntryPoint\",\"urlTemplate\":\"https:\/\/www.safinel.fr\/?s={search_term_string}\"},\"query-input\":{\"@type\":\"PropertyValueSpecification\",\"valueRequired\":true,\"valueName\":\"search_term_string\"}}],\"inLanguage\":\"pt-PT\"},{\"@type\":\"Organization\",\"@id\":\"https:\/\/www.safinel.fr\/#organization\",\"name\":\"Safinel\",\"url\":\"https:\/\/www.safinel.fr\/\",\"logo\":{\"@type\":\"ImageObject\",\"inLanguage\":\"pt-PT\",\"@id\":\"https:\/\/www.safinel.fr\/#\/schema\/logo\/image\/\",\"url\":\"https:\/\/www.safinel.fr\/wp-content\/uploads\/2021\/05\/boutique-cosmetique.png\",\"contentUrl\":\"https:\/\/www.safinel.fr\/wp-content\/uploads\/2021\/05\/boutique-cosmetique.png\",\"width\":800,\"height\":200,\"caption\":\"Safinel\"},\"image\":{\"@id\":\"https:\/\/www.safinel.fr\/#\/schema\/logo\/image\/\"}}]}<\/script>\n<!-- \/ Yoast SEO plugin. -->","yoast_head_json":{"title":"San qi hua I Flores de Notoginseng I In\u00fameros benef\u00edcios","description":"O san qi hua, tamb\u00e9m conhecido como flor de notoginseng, \u00e9 cultivado principalmente no sul e no centro da China.","robots":{"index":"index","follow":"follow","max-snippet":"max-snippet:-1","max-image-preview":"max-image-preview:large","max-video-preview":"max-video-preview:-1"},"canonical":"https:\/\/www.safinel.fr\/pt\/product-2\/san-qi-hua\/","og_locale":"pt_PT","og_type":"article","og_title":"San qi hua I Fleurs de Notoginseng I Bienfaits nombreux","og_description":"Le\u00a0san qi hua\u00a0ou encore les fleurs de notoginseng sont cultiv\u00e9s particuli\u00e8rement dans le Sud et dans le centre de la Chine.","og_url":"https:\/\/www.safinel.fr\/pt\/product-2\/san-qi-hua\/","og_site_name":"Safinel","article_modified_time":"2024-04-19T13:34:52+00:00","og_image":[{"width":600,"height":600,"url":"https:\/\/www.safinel.fr\/wp-content\/uploads\/2022\/12\/San-qi-hua-Fleurs-de-Notoginseng-\u4e09\u4e03\u82b1-.jpg","type":"image\/jpeg"}],"twitter_card":"summary_large_image","twitter_misc":{"Tempo estimado de leitura":"2 minutos"},"schema":{"@context":"https:\/\/schema.org","@graph":[{"@type":"WebPage","@id":"https:\/\/www.safinel.fr\/produit\/san-qi-hua\/","url":"https:\/\/www.safinel.fr\/produit\/san-qi-hua\/","name":"San qi hua I Flores de Notoginseng I In\u00fameros benef\u00edcios","isPartOf":{"@id":"https:\/\/www.safinel.fr\/#website"},"primaryImageOfPage":{"@id":"https:\/\/www.safinel.fr\/produit\/san-qi-hua\/#primaryimage"},"image":{"@id":"https:\/\/www.safinel.fr\/produit\/san-qi-hua\/#primaryimage"},"thumbnailUrl":"https:\/\/www.safinel.fr\/wp-content\/uploads\/2022\/12\/San-qi-hua-Fleurs-de-Notoginseng-\u4e09\u4e03\u82b1-.jpg","datePublished":"2022-12-22T12:11:53+00:00","dateModified":"2024-04-19T13:34:52+00:00","description":"O san qi hua, tamb\u00e9m conhecido como flor de notoginseng, \u00e9 cultivado principalmente no sul e no centro da China.","breadcrumb":{"@id":"https:\/\/www.safinel.fr\/produit\/san-qi-hua\/#breadcrumb"},"inLanguage":"pt-PT","potentialAction":[{"@type":"ReadAction","target":["https:\/\/www.safinel.fr\/produit\/san-qi-hua\/"]}]},{"@type":"ImageObject","inLanguage":"pt-PT","@id":"https:\/\/www.safinel.fr\/produit\/san-qi-hua\/#primaryimage","url":"https:\/\/www.safinel.fr\/wp-content\/uploads\/2022\/12\/San-qi-hua-Fleurs-de-Notoginseng-\u4e09\u4e03\u82b1-.jpg","contentUrl":"https:\/\/www.safinel.fr\/wp-content\/uploads\/2022\/12\/San-qi-hua-Fleurs-de-Notoginseng-\u4e09\u4e03\u82b1-.jpg","width":600,"height":600,"caption":"San qi hua (Fleurs de Notoginseng \u4e09\u4e03\u82b1) 100g"},{"@type":"BreadcrumbList","@id":"https:\/\/www.safinel.fr\/produit\/san-qi-hua\/#breadcrumb","itemListElement":[{"@type":"ListItem","position":1,"name":"Accueil","item":"https:\/\/www.safinel.fr\/"},{"@type":"ListItem","position":2,"name":"Boutique","item":"https:\/\/www.safinel.fr\/boutique\/"},{"@type":"ListItem","position":3,"name":"San qi hua (Fleurs de Notoginseng \u4e09\u4e03\u82b1) 100g"}]},{"@type":"WebSite","@id":"https:\/\/www.safinel.fr\/#website","url":"https:\/\/www.safinel.fr\/","name":"Safinel","description":"","publisher":{"@id":"https:\/\/www.safinel.fr\/#organization"},"potentialAction":[{"@type":"SearchAction","target":{"@type":"EntryPoint","urlTemplate":"https:\/\/www.safinel.fr\/?s={search_term_string}"},"query-input":{"@type":"PropertyValueSpecification","valueRequired":true,"valueName":"search_term_string"}}],"inLanguage":"pt-PT"},{"@type":"Organization","@id":"https:\/\/www.safinel.fr\/#organization","name":"Safinel","url":"https:\/\/www.safinel.fr\/","logo":{"@type":"ImageObject","inLanguage":"pt-PT","@id":"https:\/\/www.safinel.fr\/#\/schema\/logo\/image\/","url":"https:\/\/www.safinel.fr\/wp-content\/uploads\/2021\/05\/boutique-cosmetique.png","contentUrl":"https:\/\/www.safinel.fr\/wp-content\/uploads\/2021\/05\/boutique-cosmetique.png","width":800,"height":200,"caption":"Safinel"},"image":{"@id":"https:\/\/www.safinel.fr\/#\/schema\/logo\/image\/"}}]}},"_links":{"self":[{"href":"https:\/\/www.safinel.fr\/pt\/wp-json\/wp\/v2\/product\/3932","targetHints":{"allow":["GET"]}}],"collection":[{"href":"https:\/\/www.safinel.fr\/pt\/wp-json\/wp\/v2\/product"}],"about":[{"href":"https:\/\/www.safinel.fr\/pt\/wp-json\/wp\/v2\/types\/product"}],"wp:featuredmedia":[{"embeddable":true,"href":"https:\/\/www.safinel.fr\/pt\/wp-json\/wp\/v2\/media\/3933"}],"wp:attachment":[{"href":"https:\/\/www.safinel.fr\/pt\/wp-json\/wp\/v2\/media?parent=3932"}],"wp:term":[{"taxonomy":"product_brand","embeddable":true,"href":"https:\/\/www.safinel.fr\/pt\/wp-json\/wp\/v2\/product_brand?post=3932"},{"taxonomy":"product_cat","embeddable":true,"href":"https:\/\/www.safinel.fr\/pt\/wp-json\/wp\/v2\/product_cat?post=3932"},{"taxonomy":"product_tag","embeddable":true,"href":"https:\/\/www.safinel.fr\/pt\/wp-json\/wp\/v2\/product_tag?post=3932"}],"curies":[{"name":"wp","href":"https:\/\/api.w.org\/{rel}","templated":true}]}}