{"id":3764,"date":"2022-12-07T17:01:17","date_gmt":"2022-12-07T17:01:17","guid":{"rendered":"https:\/\/www.safinel.fr\/?post_type=product&#038;p=3764"},"modified":"2025-01-21T08:51:31","modified_gmt":"2025-01-21T08:51:31","slug":"supositorios-yokebe","status":"publish","type":"product","link":"https:\/\/www.safinel.fr\/pt\/product-2\/supositorios-yokebe\/","title":{"rendered":"Suposit\u00f3rios Yokebe"},"content":{"rendered":"<p>Ter um\u00a0<strong>bumbum bonito<\/strong>\u00a0n\u00e3o \u00e9 dado a todos. De facto, h\u00e1 uma grande parte de gen\u00e9tica nisso, mas tamb\u00e9m muito desporto e uma alimenta\u00e7\u00e3o adequada. Os\u00a0<strong>suposit\u00f3rios Yokebe\u00a0<\/strong>foram formulados com o objetivo de obter n\u00e1degas mais volumosas e uma silhueta irresist\u00edvel.<\/p>\n<p>Descubra-os agora mesmo na sua<strong>\u00a0loja de bem-estar<\/strong>\u00a0Safinel.<\/p>\n<h2><strong>O que s\u00e3o os suposit\u00f3rios Yokebe para rabos grandes?\u00a0<\/strong><\/h2>\n<p>Este\u00a0<strong>cosm\u00e9tico<\/strong>\u00a0O 100% tailand\u00eas \u00e9 reservado para adultos que desejam ter n\u00e1degas mais bonitas. Estes suposit\u00f3rios permitem aumentar o volume das ancas e do rabo, sem necessidade de fazer desporto ou seguir uma dieta especial.<\/p>\n<p>Este produto cont\u00e9m:<\/p>\n<ul>\n<li>Um extrato de plantas naturais e \u00f3leos essenciais<\/li>\n<li>Misturas de v\u00e1rias ervas naturais<\/li>\n<\/ul>\n<p>Cont\u00e9m 15 suposit\u00f3rios, sem tratamento qu\u00edmico.<\/p>\n<h2><strong>Como usar os suposit\u00f3rios Yokebe?<\/strong><\/h2>\n<p>\u00c9 aconselh\u00e1vel tomar este\u00a0<strong>dispositivo Yokebe\u00a0<\/strong>em tratamento de um m\u00eas para obter um resultado ideal. Para isso, use um suposit\u00f3rio de manh\u00e3 e \u00e0 noite por via retal, retirando previamente a aba de pl\u00e1stico.<\/p>\n<p>Por fim, lave as m\u00e3os antes e depois da utiliza\u00e7\u00e3o.<\/p>\n<p>Al\u00e9m disso, recomendamos que utilize tamb\u00e9m\u00a0<a href=\"https:\/\/www.safinel.fr\/pt\/product-2\/yokebe\/\"><strong>o \u00f3leo Yokebe<\/strong><\/a>\u00a0da mesma gama, a fim de obter melhores resultados.<\/p>\n<p>Por fim, como o desporto \u00e9 um trunfo consider\u00e1vel, recomendamos que pratique muscula\u00e7\u00e3o. Fortalecer as pernas e os gl\u00fateos, por exemplo, fazendo agachamentos, \u00e9 uma boa maneira de obter resultados satisfat\u00f3rios.<\/p>\n<p>Descubra tamb\u00e9m: a\u00a0<a href=\"https:\/\/www.safinel.fr\/pt\/product-2\/creme-para-aumentar-os-seios-e-os-gluteos\/\"><strong>creme para aumentar os seios e os gl\u00fateos<\/strong><\/a>. Uma mistura equilibrada de v\u00e1rios \u00f3leos e manteigas vegetais, que pode ser utilizada como creme de massagem.<\/p>\n<p>Certifique-se de seguir cuidadosamente as instru\u00e7\u00f5es de utiliza\u00e7\u00e3o inclu\u00eddas na embalagem do produto.<\/p>\n<h3><strong>Precau\u00e7\u00f5es\u00a0<\/strong><\/h3>\n<p>Este produto n\u00e3o \u00e9 um dispositivo m\u00e9dico. Consulte o seu m\u00e9dico antes de iniciar qualquer tratamento.<\/p>\n<p>Conservar no frigor\u00edfico.<\/p>\n<p>Reservado a adultos.<\/p>\n<p>N\u00e3o recomendado para mulheres gr\u00e1vidas e lactantes.<\/p>","protected":false},"excerpt":{"rendered":"<p>Avoir un\u00a0beau fessier\u00a0n\u2019est pas donn\u00e9 \u00e0 tout le monde. Il y en, en effet, une grosse part de g\u00e9n\u00e9tique la dedans, mais \u00e9galement beaucoup de sport et une alimentation adapt\u00e9e. Les\u00a0suppositoires Yokebe\u00a0ont \u00e9t\u00e9 formul\u00e9s dans l\u2019objectif d\u2019obtenir des fesses plus volumineuses et une silhouette irr\u00e9sistible. D\u00e9couvrez-les sans plus attendre dans votre\u00a0boutique bien-\u00eatre\u00a0Safinel. Qu\u2019est ce que [&#8230;]","protected":false},"featured_media":3765,"template":"","meta":[],"product_brand":[],"product_cat":[28,23],"product_tag":[],"class_list":{"0":"post-3764","1":"product","2":"type-product","3":"status-publish","4":"has-post-thumbnail","6":"product_cat-divers","7":"product_cat-hygiene-feminine","9":"first","10":"outofstock","11":"shipping-taxable","12":"purchasable","13":"product-type-simple"},"yoast_head":"<!-- This site is optimized with the Yoast SEO plugin v26.6 - https:\/\/yoast.com\/wordpress\/plugins\/seo\/ -->\n<title>Suppositoires Yokebe I Id\u00e9al pour faire grossir les fesses<\/title>\n<meta name=\"description\" content=\"Les\u00a0suppositoires Yokebe\u00a0ont \u00e9t\u00e9 formul\u00e9s dans l\u2019objectif d\u2019obtenir des fesses plus volumineuses et une silhouette irr\u00e9sistible.\" \/>\n<meta name=\"robots\" content=\"index, follow, max-snippet:-1, max-image-preview:large, max-video-preview:-1\" \/>\n<link rel=\"canonical\" href=\"https:\/\/www.safinel.fr\/pt\/product-2\/supositorios-yokebe\/\" \/>\n<meta property=\"og:locale\" content=\"pt_PT\" \/>\n<meta property=\"og:type\" content=\"article\" \/>\n<meta property=\"og:title\" content=\"Suppositoires Yokebe I Id\u00e9al pour faire grossir les fesses\" \/>\n<meta property=\"og:description\" content=\"Les\u00a0suppositoires Yokebe\u00a0ont \u00e9t\u00e9 formul\u00e9s dans l\u2019objectif d\u2019obtenir des fesses plus volumineuses et une silhouette irr\u00e9sistible.\" \/>\n<meta property=\"og:url\" content=\"https:\/\/www.safinel.fr\/pt\/product-2\/supositorios-yokebe\/\" \/>\n<meta property=\"og:site_name\" content=\"Safinel\" \/>\n<meta property=\"article:modified_time\" content=\"2025-01-21T08:51:31+00:00\" \/>\n<meta property=\"og:image\" content=\"https:\/\/www.safinel.fr\/wp-content\/uploads\/2022\/12\/yokobe-supo.jpg\" \/>\n\t<meta property=\"og:image:width\" content=\"479\" \/>\n\t<meta property=\"og:image:height\" content=\"600\" \/>\n\t<meta property=\"og:image:type\" content=\"image\/jpeg\" \/>\n<meta name=\"twitter:card\" content=\"summary_large_image\" \/>\n<meta name=\"twitter:label1\" content=\"Tempo estimado de leitura\" \/>\n\t<meta name=\"twitter:data1\" content=\"2 minutos\" \/>\n<script type=\"application\/ld+json\" class=\"yoast-schema-graph\">{\"@context\":\"https:\/\/schema.org\",\"@graph\":[{\"@type\":\"WebPage\",\"@id\":\"https:\/\/www.safinel.fr\/produit\/suppositoires-yokebe\/\",\"url\":\"https:\/\/www.safinel.fr\/produit\/suppositoires-yokebe\/\",\"name\":\"Suppositoires Yokebe I Id\u00e9al pour faire grossir les fesses\",\"isPartOf\":{\"@id\":\"https:\/\/www.safinel.fr\/#website\"},\"primaryImageOfPage\":{\"@id\":\"https:\/\/www.safinel.fr\/produit\/suppositoires-yokebe\/#primaryimage\"},\"image\":{\"@id\":\"https:\/\/www.safinel.fr\/produit\/suppositoires-yokebe\/#primaryimage\"},\"thumbnailUrl\":\"https:\/\/www.safinel.fr\/wp-content\/uploads\/2022\/12\/yokobe-supo.jpg\",\"datePublished\":\"2022-12-07T17:01:17+00:00\",\"dateModified\":\"2025-01-21T08:51:31+00:00\",\"description\":\"Les\u00a0suppositoires Yokebe\u00a0ont \u00e9t\u00e9 formul\u00e9s dans l\u2019objectif d\u2019obtenir des fesses plus volumineuses et une silhouette irr\u00e9sistible.\",\"breadcrumb\":{\"@id\":\"https:\/\/www.safinel.fr\/produit\/suppositoires-yokebe\/#breadcrumb\"},\"inLanguage\":\"pt-PT\",\"potentialAction\":[{\"@type\":\"ReadAction\",\"target\":[\"https:\/\/www.safinel.fr\/produit\/suppositoires-yokebe\/\"]}]},{\"@type\":\"ImageObject\",\"inLanguage\":\"pt-PT\",\"@id\":\"https:\/\/www.safinel.fr\/produit\/suppositoires-yokebe\/#primaryimage\",\"url\":\"https:\/\/www.safinel.fr\/wp-content\/uploads\/2022\/12\/yokobe-supo.jpg\",\"contentUrl\":\"https:\/\/www.safinel.fr\/wp-content\/uploads\/2022\/12\/yokobe-supo.jpg\",\"width\":479,\"height\":600,\"caption\":\"Suppositoires Yokebe par 12\"},{\"@type\":\"BreadcrumbList\",\"@id\":\"https:\/\/www.safinel.fr\/produit\/suppositoires-yokebe\/#breadcrumb\",\"itemListElement\":[{\"@type\":\"ListItem\",\"position\":1,\"name\":\"Accueil\",\"item\":\"https:\/\/www.safinel.fr\/\"},{\"@type\":\"ListItem\",\"position\":2,\"name\":\"Boutique\",\"item\":\"https:\/\/www.safinel.fr\/boutique\/\"},{\"@type\":\"ListItem\",\"position\":3,\"name\":\"Suppositoires Yokebe\"}]},{\"@type\":\"WebSite\",\"@id\":\"https:\/\/www.safinel.fr\/#website\",\"url\":\"https:\/\/www.safinel.fr\/\",\"name\":\"Safinel\",\"description\":\"\",\"publisher\":{\"@id\":\"https:\/\/www.safinel.fr\/#organization\"},\"potentialAction\":[{\"@type\":\"SearchAction\",\"target\":{\"@type\":\"EntryPoint\",\"urlTemplate\":\"https:\/\/www.safinel.fr\/?s={search_term_string}\"},\"query-input\":{\"@type\":\"PropertyValueSpecification\",\"valueRequired\":true,\"valueName\":\"search_term_string\"}}],\"inLanguage\":\"pt-PT\"},{\"@type\":\"Organization\",\"@id\":\"https:\/\/www.safinel.fr\/#organization\",\"name\":\"Safinel\",\"url\":\"https:\/\/www.safinel.fr\/\",\"logo\":{\"@type\":\"ImageObject\",\"inLanguage\":\"pt-PT\",\"@id\":\"https:\/\/www.safinel.fr\/#\/schema\/logo\/image\/\",\"url\":\"https:\/\/www.safinel.fr\/wp-content\/uploads\/2021\/05\/boutique-cosmetique.png\",\"contentUrl\":\"https:\/\/www.safinel.fr\/wp-content\/uploads\/2021\/05\/boutique-cosmetique.png\",\"width\":800,\"height\":200,\"caption\":\"Safinel\"},\"image\":{\"@id\":\"https:\/\/www.safinel.fr\/#\/schema\/logo\/image\/\"}}]}<\/script>\n<!-- \/ Yoast SEO plugin. -->","yoast_head_json":{"title":"Suposit\u00f3rios Yokebe I Ideal para aumentar os gl\u00fateos","description":"Os suposit\u00f3rios Yokebe foram formulados com o objetivo de obter n\u00e1degas mais volumosas e uma silhueta irresist\u00edvel.","robots":{"index":"index","follow":"follow","max-snippet":"max-snippet:-1","max-image-preview":"max-image-preview:large","max-video-preview":"max-video-preview:-1"},"canonical":"https:\/\/www.safinel.fr\/pt\/product-2\/supositorios-yokebe\/","og_locale":"pt_PT","og_type":"article","og_title":"Suppositoires Yokebe I Id\u00e9al pour faire grossir les fesses","og_description":"Les\u00a0suppositoires Yokebe\u00a0ont \u00e9t\u00e9 formul\u00e9s dans l\u2019objectif d\u2019obtenir des fesses plus volumineuses et une silhouette irr\u00e9sistible.","og_url":"https:\/\/www.safinel.fr\/pt\/product-2\/supositorios-yokebe\/","og_site_name":"Safinel","article_modified_time":"2025-01-21T08:51:31+00:00","og_image":[{"width":479,"height":600,"url":"https:\/\/www.safinel.fr\/wp-content\/uploads\/2022\/12\/yokobe-supo.jpg","type":"image\/jpeg"}],"twitter_card":"summary_large_image","twitter_misc":{"Tempo estimado de leitura":"2 minutos"},"schema":{"@context":"https:\/\/schema.org","@graph":[{"@type":"WebPage","@id":"https:\/\/www.safinel.fr\/produit\/suppositoires-yokebe\/","url":"https:\/\/www.safinel.fr\/produit\/suppositoires-yokebe\/","name":"Suposit\u00f3rios Yokebe I Ideal para aumentar os gl\u00fateos","isPartOf":{"@id":"https:\/\/www.safinel.fr\/#website"},"primaryImageOfPage":{"@id":"https:\/\/www.safinel.fr\/produit\/suppositoires-yokebe\/#primaryimage"},"image":{"@id":"https:\/\/www.safinel.fr\/produit\/suppositoires-yokebe\/#primaryimage"},"thumbnailUrl":"https:\/\/www.safinel.fr\/wp-content\/uploads\/2022\/12\/yokobe-supo.jpg","datePublished":"2022-12-07T17:01:17+00:00","dateModified":"2025-01-21T08:51:31+00:00","description":"Os suposit\u00f3rios Yokebe foram formulados com o objetivo de obter n\u00e1degas mais volumosas e uma silhueta irresist\u00edvel.","breadcrumb":{"@id":"https:\/\/www.safinel.fr\/produit\/suppositoires-yokebe\/#breadcrumb"},"inLanguage":"pt-PT","potentialAction":[{"@type":"ReadAction","target":["https:\/\/www.safinel.fr\/produit\/suppositoires-yokebe\/"]}]},{"@type":"ImageObject","inLanguage":"pt-PT","@id":"https:\/\/www.safinel.fr\/produit\/suppositoires-yokebe\/#primaryimage","url":"https:\/\/www.safinel.fr\/wp-content\/uploads\/2022\/12\/yokobe-supo.jpg","contentUrl":"https:\/\/www.safinel.fr\/wp-content\/uploads\/2022\/12\/yokobe-supo.jpg","width":479,"height":600,"caption":"Suppositoires Yokebe par 12"},{"@type":"BreadcrumbList","@id":"https:\/\/www.safinel.fr\/produit\/suppositoires-yokebe\/#breadcrumb","itemListElement":[{"@type":"ListItem","position":1,"name":"Accueil","item":"https:\/\/www.safinel.fr\/"},{"@type":"ListItem","position":2,"name":"Boutique","item":"https:\/\/www.safinel.fr\/boutique\/"},{"@type":"ListItem","position":3,"name":"Suppositoires Yokebe"}]},{"@type":"WebSite","@id":"https:\/\/www.safinel.fr\/#website","url":"https:\/\/www.safinel.fr\/","name":"Safinel","description":"","publisher":{"@id":"https:\/\/www.safinel.fr\/#organization"},"potentialAction":[{"@type":"SearchAction","target":{"@type":"EntryPoint","urlTemplate":"https:\/\/www.safinel.fr\/?s={search_term_string}"},"query-input":{"@type":"PropertyValueSpecification","valueRequired":true,"valueName":"search_term_string"}}],"inLanguage":"pt-PT"},{"@type":"Organization","@id":"https:\/\/www.safinel.fr\/#organization","name":"Safinel","url":"https:\/\/www.safinel.fr\/","logo":{"@type":"ImageObject","inLanguage":"pt-PT","@id":"https:\/\/www.safinel.fr\/#\/schema\/logo\/image\/","url":"https:\/\/www.safinel.fr\/wp-content\/uploads\/2021\/05\/boutique-cosmetique.png","contentUrl":"https:\/\/www.safinel.fr\/wp-content\/uploads\/2021\/05\/boutique-cosmetique.png","width":800,"height":200,"caption":"Safinel"},"image":{"@id":"https:\/\/www.safinel.fr\/#\/schema\/logo\/image\/"}}]}},"_links":{"self":[{"href":"https:\/\/www.safinel.fr\/pt\/wp-json\/wp\/v2\/product\/3764","targetHints":{"allow":["GET"]}}],"collection":[{"href":"https:\/\/www.safinel.fr\/pt\/wp-json\/wp\/v2\/product"}],"about":[{"href":"https:\/\/www.safinel.fr\/pt\/wp-json\/wp\/v2\/types\/product"}],"wp:featuredmedia":[{"embeddable":true,"href":"https:\/\/www.safinel.fr\/pt\/wp-json\/wp\/v2\/media\/3765"}],"wp:attachment":[{"href":"https:\/\/www.safinel.fr\/pt\/wp-json\/wp\/v2\/media?parent=3764"}],"wp:term":[{"taxonomy":"product_brand","embeddable":true,"href":"https:\/\/www.safinel.fr\/pt\/wp-json\/wp\/v2\/product_brand?post=3764"},{"taxonomy":"product_cat","embeddable":true,"href":"https:\/\/www.safinel.fr\/pt\/wp-json\/wp\/v2\/product_cat?post=3764"},{"taxonomy":"product_tag","embeddable":true,"href":"https:\/\/www.safinel.fr\/pt\/wp-json\/wp\/v2\/product_tag?post=3764"}],"curies":[{"name":"wp","href":"https:\/\/api.w.org\/{rel}","templated":true}]}}