{"id":3627,"date":"2022-11-25T20:56:10","date_gmt":"2022-11-25T20:56:10","guid":{"rendered":"https:\/\/www.safinel.fr\/?post_type=product&#038;p=3627"},"modified":"2023-12-28T17:15:41","modified_gmt":"2023-12-28T17:15:41","slug":"tongkat-ali","status":"publish","type":"product","link":"https:\/\/www.safinel.fr\/pt\/product-2\/tongkat-ali\/","title":{"rendered":"Tongkat ali"},"content":{"rendered":"<p>A \u00c1sia \u00e9 um continente com paisagens diversas e variadas. As altas montanhas, preservadas da polui\u00e7\u00e3o e outros agentes nocivos, d\u00e3o lugar a certas plantas, como o\u00a0<strong>Tongkat ali\u00a0<\/strong>!<\/p>\n<p>De facto, proveniente de um dos continentes mais ricos em tesouros naturais, este \u00faltimo n\u00e3o \u00e9 exce\u00e7\u00e3o, muito pelo contr\u00e1rio.<\/p>\n<h2><strong>\u00c0 descoberta do Tongkat ali\u00a0<\/strong><\/h2>\n<p>Vamos partir para uma visita guiada pela \u00c1sia... Mais especificamente pela Mal\u00e1sia e Indon\u00e9sia, onde se pode encontrar uma planta chamada Tongkat ali! O seu nome bot\u00e2nico \u00e9 Eurycoma longifolia, mas \u00e9 mais conhecida como Tongkat ali.\u00a0<strong>Simaroubaceae<\/strong>, \u00e9 reconhec\u00edvel pelas suas folhas, mas tamb\u00e9m pelo seu arbusto delgado, que pode atingir os 10 metros de altura.  Se este \u00faltimo pode ser encontrado em pa\u00edses como o Laos ou a Tail\u00e2ndia, \u00e9 gra\u00e7as ao clima favor\u00e1vel que a\u00ed se encontra.<\/p>\n<p>No entanto, dependendo da parte do mundo em que se encontra, poder\u00e1 v\u00ea-lo associado a v\u00e1rias denomina\u00e7\u00f5es diferentes.<strong>\u00a0Rem\u00e9dio amargo<\/strong>, bedara putih, bidara laut e muitos outros! Dito isto, a defini\u00e7\u00e3o que se destaca entre essas denomina\u00e7\u00f5es \u00e9 a de\u00a0<strong>medicamento amargo<\/strong>, pelo seu sabor bastante acentuado.<\/p>\n<h2><strong>A Safinel oferece finalmente o Tongkat ali com entrega em Fran\u00e7a.<\/strong><\/h2>\n<p>A sua loja natural tem o prazer de lev\u00e1-lo numa viagem com produtos de todo o mundo! Hoje, em destaque, o Tongkat ali Fran\u00e7a! Pouco conhecido pela maioria, ele pode, no entanto, ser um elemento essencial do seu dia a dia. Para isso, voc\u00ea pode encontr\u00e1-lo na loja em duas formas diferentes.<\/p>\n<ul>\n<li>Em p\u00f3, em embalagem de 100 g<\/li>\n<li>Em c\u00e1psulas<\/li>\n<\/ul>\n<p>Se preferir a dissolu\u00e7\u00e3o, ent\u00e3o o p\u00f3 provavelmente ser\u00e1 o mais adequado para si. Dito isto, para aqueles que preferem c\u00e1psulas, o segundo formato \u00e9 mais adequado.<\/p>\n<h2><strong>Os surpreendentes benef\u00edcios do Tongkat ali\u00a0<\/strong><\/h2>\n<p>Esta planta possui v\u00e1rias virtudes. De facto, um estudo realizado em 2010 demonstrou que este famoso\u00a0<strong>tesouro da natureza\u00a0<\/strong>foi utilizado contra v\u00e1rias doen\u00e7as. Por exemplo, como antimal\u00e1rico, antipir\u00e9tico, antidiab\u00e9tico, mas tamb\u00e9m como afrodis\u00edaco.<\/p>\n<p>\u00c9 verdade que esta planta surpreendente possui propriedades que estimulam a libido. O seu uso frequente pode muito bem devolver-lhe o desejo esquecido.<\/p>\n<p>Se tamb\u00e9m deseja recuperar o desejo, ent\u00e3o o Tongkat ali pode ser o seu aliado. N\u00e3o hesite mais e junte-se \u00e0queles que ousam confiar nos\u00a0<strong>produtos naturais<\/strong>.<\/p>\n<h3><strong>A loja Safinel tem bom gosto e voc\u00ea tamb\u00e9m...<\/strong><\/h3>\n<p>Sabemos a import\u00e2ncia que d\u00e1 aos produtos de qualidade, por isso a sua loja especializada em\u00a0<strong>produtos naturais<\/strong>, seleciona cuidadosamente produtos que possam satisfazer as suas necessidades.<\/p>\n<p>Al\u00e9m disso, sabemos o que representa a est\u00e9tica na sociedade... \u00c9 por isso que, se deseja saber como ter um rabo grande,<\/p>\n<p>Descubra os<strong>\u00a0<a href=\"https:\/\/www.safinel.fr\/pt\/product-2\/supositorios-yokebe\/\">suposit\u00f3rios Yokebe<\/a><\/strong>\u00a0! Reservados para adultos, eles s\u00e3o \u00fateis para o aspecto de bumbum grande. 100% natural, eles podem muito bem se tornar o seu produto natural favorito! Al\u00e9m disso, voc\u00ea tamb\u00e9m pode encontr\u00e1-los em<strong>\u00a0comprimidos<\/strong>.<\/p>\n<p>Agora que j\u00e1 sabe mais sobre o assunto, conhe\u00e7a o yokebe e recupere a sua autoconfian\u00e7a!<\/p>","protected":false},"excerpt":{"rendered":"<p><img decoding=\"async\" class=\"size-full wp-image-5091 aligncenter\" src=\"https:\/\/www.safinel.fr\/wp-content\/uploads\/2021\/06\/BANNIERE-ICONE-SAFINEL.webp\" alt=\"resseguro satinado\" width=\"800\" height=\"200\" srcset=\"https:\/\/www.safinel.fr\/wp-content\/uploads\/2021\/06\/BANNIERE-ICONE-SAFINEL.webp 800w, https:\/\/www.safinel.fr\/wp-content\/uploads\/2021\/06\/BANNIERE-ICONE-SAFINEL-600x150.webp 600w, https:\/\/www.safinel.fr\/wp-content\/uploads\/2021\/06\/BANNIERE-ICONE-SAFINEL-768x192.webp 768w\" sizes=\"(max-width: 800px) 100vw, 800px\" \/><\/p>","protected":false},"featured_media":3630,"template":"","meta":[],"product_brand":[],"product_cat":[27],"product_tag":[],"class_list":{"0":"post-3627","1":"product","2":"type-product","3":"status-publish","4":"has-post-thumbnail","6":"product_cat-plantes-medicinales","8":"first","9":"instock","10":"shipping-taxable","11":"purchasable","12":"product-type-variable"},"yoast_head":"<!-- This site is optimized with the Yoast SEO plugin v26.6 - https:\/\/yoast.com\/wordpress\/plugins\/seo\/ -->\n<title>Tongkat ali Simaroubaceae I Poudres &amp; G\u00e9lules I Achat en France<\/title>\n<meta name=\"description\" content=\"C\u2019est parti pour une visite guid\u00e9e de l\u2019Asie\u2026 Plus particuli\u00e8rement de la Malaisie et de l\u2019Indon\u00e9sie o\u00f9 l\u2019on peut trouver une plante nomm\u00e9e Tongkat ali !\" \/>\n<meta name=\"robots\" content=\"index, follow, max-snippet:-1, max-image-preview:large, max-video-preview:-1\" \/>\n<link rel=\"canonical\" href=\"https:\/\/www.safinel.fr\/pt\/product-2\/tongkat-ali\/\" \/>\n<meta property=\"og:locale\" content=\"pt_PT\" \/>\n<meta property=\"og:type\" content=\"article\" \/>\n<meta property=\"og:title\" content=\"Tongkat ali Simaroubaceae I Poudres &amp; G\u00e9lules I Achat en France\" \/>\n<meta property=\"og:description\" content=\"C\u2019est parti pour une visite guid\u00e9e de l\u2019Asie\u2026 Plus particuli\u00e8rement de la Malaisie et de l\u2019Indon\u00e9sie o\u00f9 l\u2019on peut trouver une plante nomm\u00e9e Tongkat ali !\" \/>\n<meta property=\"og:url\" content=\"https:\/\/www.safinel.fr\/pt\/product-2\/tongkat-ali\/\" \/>\n<meta property=\"og:site_name\" content=\"Safinel\" \/>\n<meta property=\"article:modified_time\" content=\"2023-12-28T17:15:41+00:00\" \/>\n<meta property=\"og:image\" content=\"https:\/\/www.safinel.fr\/wp-content\/uploads\/2022\/11\/tongkat-ali-en-poudres.jpg\" \/>\n\t<meta property=\"og:image:width\" content=\"600\" \/>\n\t<meta property=\"og:image:height\" content=\"600\" \/>\n\t<meta property=\"og:image:type\" content=\"image\/jpeg\" \/>\n<meta name=\"twitter:card\" content=\"summary_large_image\" \/>\n<meta name=\"twitter:label1\" content=\"Tempo estimado de leitura\" \/>\n\t<meta name=\"twitter:data1\" content=\"3 minutos\" \/>\n<script type=\"application\/ld+json\" class=\"yoast-schema-graph\">{\"@context\":\"https:\/\/schema.org\",\"@graph\":[{\"@type\":\"WebPage\",\"@id\":\"https:\/\/www.safinel.fr\/produit\/tongkat-ali\/\",\"url\":\"https:\/\/www.safinel.fr\/produit\/tongkat-ali\/\",\"name\":\"Tongkat ali Simaroubaceae I Poudres & G\u00e9lules I Achat en France\",\"isPartOf\":{\"@id\":\"https:\/\/www.safinel.fr\/#website\"},\"primaryImageOfPage\":{\"@id\":\"https:\/\/www.safinel.fr\/produit\/tongkat-ali\/#primaryimage\"},\"image\":{\"@id\":\"https:\/\/www.safinel.fr\/produit\/tongkat-ali\/#primaryimage\"},\"thumbnailUrl\":\"https:\/\/www.safinel.fr\/wp-content\/uploads\/2022\/11\/tongkat-ali-en-poudres.jpg\",\"datePublished\":\"2022-11-25T20:56:10+00:00\",\"dateModified\":\"2023-12-28T17:15:41+00:00\",\"description\":\"C\u2019est parti pour une visite guid\u00e9e de l\u2019Asie\u2026 Plus particuli\u00e8rement de la Malaisie et de l\u2019Indon\u00e9sie o\u00f9 l\u2019on peut trouver une plante nomm\u00e9e Tongkat ali !\",\"breadcrumb\":{\"@id\":\"https:\/\/www.safinel.fr\/produit\/tongkat-ali\/#breadcrumb\"},\"inLanguage\":\"pt-PT\",\"potentialAction\":[{\"@type\":\"ReadAction\",\"target\":[\"https:\/\/www.safinel.fr\/produit\/tongkat-ali\/\"]}]},{\"@type\":\"ImageObject\",\"inLanguage\":\"pt-PT\",\"@id\":\"https:\/\/www.safinel.fr\/produit\/tongkat-ali\/#primaryimage\",\"url\":\"https:\/\/www.safinel.fr\/wp-content\/uploads\/2022\/11\/tongkat-ali-en-poudres.jpg\",\"contentUrl\":\"https:\/\/www.safinel.fr\/wp-content\/uploads\/2022\/11\/tongkat-ali-en-poudres.jpg\",\"width\":600,\"height\":600,\"caption\":\"tongkat ali en poudres\"},{\"@type\":\"BreadcrumbList\",\"@id\":\"https:\/\/www.safinel.fr\/produit\/tongkat-ali\/#breadcrumb\",\"itemListElement\":[{\"@type\":\"ListItem\",\"position\":1,\"name\":\"Accueil\",\"item\":\"https:\/\/www.safinel.fr\/\"},{\"@type\":\"ListItem\",\"position\":2,\"name\":\"Boutique\",\"item\":\"https:\/\/www.safinel.fr\/boutique\/\"},{\"@type\":\"ListItem\",\"position\":3,\"name\":\"Tongkat ali\"}]},{\"@type\":\"WebSite\",\"@id\":\"https:\/\/www.safinel.fr\/#website\",\"url\":\"https:\/\/www.safinel.fr\/\",\"name\":\"Safinel\",\"description\":\"\",\"publisher\":{\"@id\":\"https:\/\/www.safinel.fr\/#organization\"},\"potentialAction\":[{\"@type\":\"SearchAction\",\"target\":{\"@type\":\"EntryPoint\",\"urlTemplate\":\"https:\/\/www.safinel.fr\/?s={search_term_string}\"},\"query-input\":{\"@type\":\"PropertyValueSpecification\",\"valueRequired\":true,\"valueName\":\"search_term_string\"}}],\"inLanguage\":\"pt-PT\"},{\"@type\":\"Organization\",\"@id\":\"https:\/\/www.safinel.fr\/#organization\",\"name\":\"Safinel\",\"url\":\"https:\/\/www.safinel.fr\/\",\"logo\":{\"@type\":\"ImageObject\",\"inLanguage\":\"pt-PT\",\"@id\":\"https:\/\/www.safinel.fr\/#\/schema\/logo\/image\/\",\"url\":\"https:\/\/www.safinel.fr\/wp-content\/uploads\/2021\/05\/boutique-cosmetique.png\",\"contentUrl\":\"https:\/\/www.safinel.fr\/wp-content\/uploads\/2021\/05\/boutique-cosmetique.png\",\"width\":800,\"height\":200,\"caption\":\"Safinel\"},\"image\":{\"@id\":\"https:\/\/www.safinel.fr\/#\/schema\/logo\/image\/\"}}]}<\/script>\n<!-- \/ Yoast SEO plugin. -->","yoast_head_json":{"title":"Tongkat ali Simaroubaceae I P\u00f3s e c\u00e1psulas I Compra em Fran\u00e7a","description":"Vamos partir para uma visita guiada pela \u00c1sia... Mais especificamente pela Mal\u00e1sia e Indon\u00e9sia, onde se pode encontrar uma planta chamada Tongkat ali!","robots":{"index":"index","follow":"follow","max-snippet":"max-snippet:-1","max-image-preview":"max-image-preview:large","max-video-preview":"max-video-preview:-1"},"canonical":"https:\/\/www.safinel.fr\/pt\/product-2\/tongkat-ali\/","og_locale":"pt_PT","og_type":"article","og_title":"Tongkat ali Simaroubaceae I Poudres & G\u00e9lules I Achat en France","og_description":"C\u2019est parti pour une visite guid\u00e9e de l\u2019Asie\u2026 Plus particuli\u00e8rement de la Malaisie et de l\u2019Indon\u00e9sie o\u00f9 l\u2019on peut trouver une plante nomm\u00e9e Tongkat ali !","og_url":"https:\/\/www.safinel.fr\/pt\/product-2\/tongkat-ali\/","og_site_name":"Safinel","article_modified_time":"2023-12-28T17:15:41+00:00","og_image":[{"width":600,"height":600,"url":"https:\/\/www.safinel.fr\/wp-content\/uploads\/2022\/11\/tongkat-ali-en-poudres.jpg","type":"image\/jpeg"}],"twitter_card":"summary_large_image","twitter_misc":{"Tempo estimado de leitura":"3 minutos"},"schema":{"@context":"https:\/\/schema.org","@graph":[{"@type":"WebPage","@id":"https:\/\/www.safinel.fr\/produit\/tongkat-ali\/","url":"https:\/\/www.safinel.fr\/produit\/tongkat-ali\/","name":"Tongkat ali Simaroubaceae I P\u00f3s e c\u00e1psulas I Compra em Fran\u00e7a","isPartOf":{"@id":"https:\/\/www.safinel.fr\/#website"},"primaryImageOfPage":{"@id":"https:\/\/www.safinel.fr\/produit\/tongkat-ali\/#primaryimage"},"image":{"@id":"https:\/\/www.safinel.fr\/produit\/tongkat-ali\/#primaryimage"},"thumbnailUrl":"https:\/\/www.safinel.fr\/wp-content\/uploads\/2022\/11\/tongkat-ali-en-poudres.jpg","datePublished":"2022-11-25T20:56:10+00:00","dateModified":"2023-12-28T17:15:41+00:00","description":"Vamos partir para uma visita guiada pela \u00c1sia... Mais especificamente pela Mal\u00e1sia e Indon\u00e9sia, onde se pode encontrar uma planta chamada Tongkat ali!","breadcrumb":{"@id":"https:\/\/www.safinel.fr\/produit\/tongkat-ali\/#breadcrumb"},"inLanguage":"pt-PT","potentialAction":[{"@type":"ReadAction","target":["https:\/\/www.safinel.fr\/produit\/tongkat-ali\/"]}]},{"@type":"ImageObject","inLanguage":"pt-PT","@id":"https:\/\/www.safinel.fr\/produit\/tongkat-ali\/#primaryimage","url":"https:\/\/www.safinel.fr\/wp-content\/uploads\/2022\/11\/tongkat-ali-en-poudres.jpg","contentUrl":"https:\/\/www.safinel.fr\/wp-content\/uploads\/2022\/11\/tongkat-ali-en-poudres.jpg","width":600,"height":600,"caption":"tongkat ali en poudres"},{"@type":"BreadcrumbList","@id":"https:\/\/www.safinel.fr\/produit\/tongkat-ali\/#breadcrumb","itemListElement":[{"@type":"ListItem","position":1,"name":"Accueil","item":"https:\/\/www.safinel.fr\/"},{"@type":"ListItem","position":2,"name":"Boutique","item":"https:\/\/www.safinel.fr\/boutique\/"},{"@type":"ListItem","position":3,"name":"Tongkat ali"}]},{"@type":"WebSite","@id":"https:\/\/www.safinel.fr\/#website","url":"https:\/\/www.safinel.fr\/","name":"Safinel","description":"","publisher":{"@id":"https:\/\/www.safinel.fr\/#organization"},"potentialAction":[{"@type":"SearchAction","target":{"@type":"EntryPoint","urlTemplate":"https:\/\/www.safinel.fr\/?s={search_term_string}"},"query-input":{"@type":"PropertyValueSpecification","valueRequired":true,"valueName":"search_term_string"}}],"inLanguage":"pt-PT"},{"@type":"Organization","@id":"https:\/\/www.safinel.fr\/#organization","name":"Safinel","url":"https:\/\/www.safinel.fr\/","logo":{"@type":"ImageObject","inLanguage":"pt-PT","@id":"https:\/\/www.safinel.fr\/#\/schema\/logo\/image\/","url":"https:\/\/www.safinel.fr\/wp-content\/uploads\/2021\/05\/boutique-cosmetique.png","contentUrl":"https:\/\/www.safinel.fr\/wp-content\/uploads\/2021\/05\/boutique-cosmetique.png","width":800,"height":200,"caption":"Safinel"},"image":{"@id":"https:\/\/www.safinel.fr\/#\/schema\/logo\/image\/"}}]}},"_links":{"self":[{"href":"https:\/\/www.safinel.fr\/pt\/wp-json\/wp\/v2\/product\/3627","targetHints":{"allow":["GET"]}}],"collection":[{"href":"https:\/\/www.safinel.fr\/pt\/wp-json\/wp\/v2\/product"}],"about":[{"href":"https:\/\/www.safinel.fr\/pt\/wp-json\/wp\/v2\/types\/product"}],"wp:featuredmedia":[{"embeddable":true,"href":"https:\/\/www.safinel.fr\/pt\/wp-json\/wp\/v2\/media\/3630"}],"wp:attachment":[{"href":"https:\/\/www.safinel.fr\/pt\/wp-json\/wp\/v2\/media?parent=3627"}],"wp:term":[{"taxonomy":"product_brand","embeddable":true,"href":"https:\/\/www.safinel.fr\/pt\/wp-json\/wp\/v2\/product_brand?post=3627"},{"taxonomy":"product_cat","embeddable":true,"href":"https:\/\/www.safinel.fr\/pt\/wp-json\/wp\/v2\/product_cat?post=3627"},{"taxonomy":"product_tag","embeddable":true,"href":"https:\/\/www.safinel.fr\/pt\/wp-json\/wp\/v2\/product_tag?post=3627"}],"curies":[{"name":"wp","href":"https:\/\/api.w.org\/{rel}","templated":true}]}}