{"id":3537,"date":"2021-11-17T11:01:33","date_gmt":"2021-11-17T11:01:33","guid":{"rendered":"https:\/\/www.safinel.fr\/?post_type=product&#038;p=3537"},"modified":"2023-12-30T13:31:13","modified_gmt":"2023-12-30T13:31:13","slug":"raiz-de-buplevre","status":"publish","type":"product","link":"https:\/\/www.safinel.fr\/pt\/product-2\/raiz-de-buplevre\/","title":{"rendered":"Raiz de bupl\u00e8vre"},"content":{"rendered":"<p>A bupl\u00e8vre \u00e9 uma raiz utilizada na fitoterapia para tratar principalmente\u00a0<strong>s\u00edndromes hep\u00e1ticas<\/strong>. Assim, ser\u00e1 um excelente t\u00f4nico para dar uma segunda juventude a um\u00a0<strong>f\u00edgado enfraquecido\u00a0<\/strong>por hepatites ou intoxica\u00e7\u00f5es medicamentosas. Mas tamb\u00e9m \u00e9 um excelente anti-inflamat\u00f3rio. \u00c9 a planta que o tratar\u00e1 de forma natural e eficaz.<\/p>\n<h2><strong>O que \u00e9 a raiz de bupl\u00e8vre?<\/strong><\/h2>\n<p>Esta raiz que nos vem de\u00a0<strong>China<\/strong>\u00a0\u00e9 conhecida principalmente por suas\u00a0<strong>efeitos de limpeza<\/strong>\u00a0e\u00a0<strong>t\u00f3nicos<\/strong>\u00a0sobre o\u00a0<strong>f\u00edgado<\/strong>. \u00c9 uma planta grande que \u00e9 muito\u00a0<strong>refrescante<\/strong>. Tem um sabor ligeiramente\u00a0<strong>picante e amargo<\/strong>. Utilizada na medicina tradicional chinesa h\u00e1 s\u00e9culos, \u00e9 pouco conhecida no resto do mundo.<\/p>\n<h2><strong>Por que \u00e9 t\u00e3o importante cuidar do seu f\u00edgado?<\/strong><\/h2>\n<p>O f\u00edgado \u00e9 um \u00f3rg\u00e3o essencial para o bom funcionamento do seu organismo. Sem ele, n\u00e3o \u00e9 poss\u00edvel viver. Na verdade, ele desempenha um papel auxiliar na\u00a0<strong>digest\u00e3o<\/strong>. \u00c9 isso que vai permitir transformar o que voc\u00ea come em energia. Como uma m\u00e3e que cuida dos seus filhos, ele vai garantir que o seu corpo n\u00e3o sinta falta de nada.<\/p>\n<p>Al\u00e9m disso, ele vai agir como um\u00a0<strong>filtro\u00a0<\/strong>para as toxinas que ingerimos. \u00c9 f\u00e1cil compreender que \u00e9 necess\u00e1rio cuidar delas.<\/p>\n<h2><strong>A raiz de bupl\u00e8vre: devolve a vitalidade ao seu f\u00edgado\u00a0<\/strong><\/h2>\n<p>Se o seu f\u00edgado estiver fraco, \u00e9 imperativo agir rapidamente. A raiz de Bupl\u00e8vre ir\u00e1 ajud\u00e1-lo a<strong>\u00a0limpar naturalmente<\/strong>. Assim, ele se livrar\u00e1 das toxinas e recuperar\u00e1 o seu\u00a0<strong>energia e vitalidade<\/strong>.<\/p>\n<h3><strong>Amiga da ves\u00edcula biliar<\/strong><\/h3>\n<p>Esta pequena gl\u00e2ndula tem um impacto direto na digest\u00e3o. De facto, a b\u00edlis que produz ajuda a destruir as gorduras. A planta vai\u00a0<strong>estimular a sua a\u00e7\u00e3o<\/strong>\u00a0e desintoxic\u00e1-la. \u00c9 tamb\u00e9m o caso de\u00a0<strong><a href=\"https:\/\/www.safinel.fr\/pt\/product-2\/raiz-de-dente-de-leao\/\">a raiz de dente-de-le\u00e3o<\/a>,\u00a0<\/strong>que recomendamos.<\/p>\n<h3><strong>Um poderoso anti-inflamat\u00f3rio<\/strong><\/h3>\n<p>A sua propriedade refrescante permite-lhe\u00a0<strong>aliviar as inflama\u00e7\u00f5es<\/strong>. Assim, a frescura permitir\u00e1\u00a0<strong>diminuir o incha\u00e7o\u00a0<\/strong>da inflama\u00e7\u00e3o. Al\u00e9m disso, a raiz tamb\u00e9m ter\u00e1 um efeito\u00a0<strong>analg\u00e9sico<\/strong>\u00a0que ir\u00e1 diminuir a sua dor. Por fim, tamb\u00e9m atuar\u00e1 sobre a\u00a0<strong>febre<\/strong>\u00a0que frequentemente acompanha essas irrita\u00e7\u00f5es.<\/p>\n<h2><strong>A raiz de bupl\u00e8vre: uma ajuda para emagrecer<\/strong><\/h2>\n<p>A sua a\u00e7\u00e3o no f\u00edgado ter\u00e1 um efeito\u00a0<strong>consequ\u00eancia direta na perda de peso<\/strong>. Na verdade, como explic\u00e1mos, \u00e9 este \u00f3rg\u00e3o que digere as gorduras e as transforma em energia. No entanto, quando se est\u00e1 acima do peso, ele fica frequentemente cansado. Isto deve-se ao facto de ter armazenado muito mais gorduras do que aquilo que era capaz. A limpeza estimulada por esta raiz permitir\u00e1 uma\u00a0<strong>melhor elimina\u00e7\u00e3o de gorduras<\/strong>. Assim, ser\u00e1 mais f\u00e1cil perder os quilos a mais! E, para uma elimina\u00e7\u00e3o profunda, experimente o\u00a0<strong>Triphala<\/strong>.<\/p>\n<h3><strong>Como tomar a raiz de bupl\u00e8vre?<\/strong><\/h3>\n<p>A dose recomendada \u00e9 de 3 a 10 gramas. Tomar diariamente em decoc\u00e7\u00e3o. Tenha cuidado com as quantidades. De facto, a sobredosagem provoca sintomas como v\u00f3mitos e n\u00e1useas.<\/p>\n<p>Esta planta \u00e9 desaconselhada para mulheres gr\u00e1vidas ou a amamentar e para pessoas com hiperatividade hep\u00e1tica.<\/p>","protected":false},"excerpt":{"rendered":"<p>O espinheiro \u00e9 uma raiz utilizada em fitoterapia principalmente para tratar as s\u00edndromes hep\u00e1ticas. \u00c9 um excelente t\u00f3nico para dar uma segunda vida a um f\u00edgado enfraquecido por uma hepatite ou por uma intoxica\u00e7\u00e3o medicamentosa. Mas \u00e9 tamb\u00e9m um excelente anti-inflamat\u00f3rio. Esta \u00e9 a planta que o vai tratar de forma natural e eficaz. A raiz da [...]","protected":false},"featured_media":4094,"template":"","meta":[],"product_brand":[],"product_cat":[27],"product_tag":[],"class_list":{"0":"post-3537","1":"product","2":"type-product","3":"status-publish","4":"has-post-thumbnail","6":"product_cat-plantes-medicinales","8":"first","9":"outofstock","10":"shipping-taxable","11":"purchasable","12":"product-type-simple"},"yoast_head":"<!-- This site is optimized with the Yoast SEO plugin v26.6 - https:\/\/yoast.com\/wordpress\/plugins\/seo\/ -->\n<title>Racine de bupl\u00e8vre I Bienfaits nombreux pour le foie<\/title>\n<meta name=\"description\" content=\"La bupl\u00e8vre est une racine utilis\u00e9e en phytoth\u00e9rapie pour soigner en premier lieu les\u00a0syndromes du foie. D\u00e9couvrez-l\u00e0 sans plus attendre !\" \/>\n<meta name=\"robots\" content=\"index, follow, max-snippet:-1, max-image-preview:large, max-video-preview:-1\" \/>\n<link rel=\"canonical\" href=\"https:\/\/www.safinel.fr\/pt\/product-2\/raiz-de-buplevre\/\" \/>\n<meta property=\"og:locale\" content=\"pt_PT\" \/>\n<meta property=\"og:type\" content=\"article\" \/>\n<meta property=\"og:title\" content=\"Racine de bupl\u00e8vre I Bienfaits nombreux pour le foie\" \/>\n<meta property=\"og:description\" content=\"La bupl\u00e8vre est une racine utilis\u00e9e en phytoth\u00e9rapie pour soigner en premier lieu les\u00a0syndromes du foie. D\u00e9couvrez-l\u00e0 sans plus attendre !\" \/>\n<meta property=\"og:url\" content=\"https:\/\/www.safinel.fr\/pt\/product-2\/raiz-de-buplevre\/\" \/>\n<meta property=\"og:site_name\" content=\"Safinel\" \/>\n<meta property=\"article:modified_time\" content=\"2023-12-30T13:31:13+00:00\" \/>\n<meta property=\"og:image\" content=\"https:\/\/www.safinel.fr\/wp-content\/uploads\/2021\/11\/Chai-Hu.jpg\" \/>\n\t<meta property=\"og:image:width\" content=\"600\" \/>\n\t<meta property=\"og:image:height\" content=\"600\" \/>\n\t<meta property=\"og:image:type\" content=\"image\/jpeg\" \/>\n<meta name=\"twitter:card\" content=\"summary_large_image\" \/>\n<meta name=\"twitter:label1\" content=\"Tempo estimado de leitura\" \/>\n\t<meta name=\"twitter:data1\" content=\"3 minutos\" \/>\n<script type=\"application\/ld+json\" class=\"yoast-schema-graph\">{\"@context\":\"https:\/\/schema.org\",\"@graph\":[{\"@type\":\"WebPage\",\"@id\":\"https:\/\/www.safinel.fr\/produit\/racine-de-buplevre\/\",\"url\":\"https:\/\/www.safinel.fr\/produit\/racine-de-buplevre\/\",\"name\":\"Racine de bupl\u00e8vre I Bienfaits nombreux pour le foie\",\"isPartOf\":{\"@id\":\"https:\/\/www.safinel.fr\/#website\"},\"primaryImageOfPage\":{\"@id\":\"https:\/\/www.safinel.fr\/produit\/racine-de-buplevre\/#primaryimage\"},\"image\":{\"@id\":\"https:\/\/www.safinel.fr\/produit\/racine-de-buplevre\/#primaryimage\"},\"thumbnailUrl\":\"https:\/\/www.safinel.fr\/wp-content\/uploads\/2021\/11\/Chai-Hu.jpg\",\"datePublished\":\"2021-11-17T11:01:33+00:00\",\"dateModified\":\"2023-12-30T13:31:13+00:00\",\"description\":\"La bupl\u00e8vre est une racine utilis\u00e9e en phytoth\u00e9rapie pour soigner en premier lieu les\u00a0syndromes du foie. D\u00e9couvrez-l\u00e0 sans plus attendre !\",\"breadcrumb\":{\"@id\":\"https:\/\/www.safinel.fr\/produit\/racine-de-buplevre\/#breadcrumb\"},\"inLanguage\":\"pt-PT\",\"potentialAction\":[{\"@type\":\"ReadAction\",\"target\":[\"https:\/\/www.safinel.fr\/produit\/racine-de-buplevre\/\"]}]},{\"@type\":\"ImageObject\",\"inLanguage\":\"pt-PT\",\"@id\":\"https:\/\/www.safinel.fr\/produit\/racine-de-buplevre\/#primaryimage\",\"url\":\"https:\/\/www.safinel.fr\/wp-content\/uploads\/2021\/11\/Chai-Hu.jpg\",\"contentUrl\":\"https:\/\/www.safinel.fr\/wp-content\/uploads\/2021\/11\/Chai-Hu.jpg\",\"width\":600,\"height\":600},{\"@type\":\"BreadcrumbList\",\"@id\":\"https:\/\/www.safinel.fr\/produit\/racine-de-buplevre\/#breadcrumb\",\"itemListElement\":[{\"@type\":\"ListItem\",\"position\":1,\"name\":\"Accueil\",\"item\":\"https:\/\/www.safinel.fr\/\"},{\"@type\":\"ListItem\",\"position\":2,\"name\":\"Boutique\",\"item\":\"https:\/\/www.safinel.fr\/boutique\/\"},{\"@type\":\"ListItem\",\"position\":3,\"name\":\"Racine de bupl\u00e8vre\"}]},{\"@type\":\"WebSite\",\"@id\":\"https:\/\/www.safinel.fr\/#website\",\"url\":\"https:\/\/www.safinel.fr\/\",\"name\":\"Safinel\",\"description\":\"\",\"publisher\":{\"@id\":\"https:\/\/www.safinel.fr\/#organization\"},\"potentialAction\":[{\"@type\":\"SearchAction\",\"target\":{\"@type\":\"EntryPoint\",\"urlTemplate\":\"https:\/\/www.safinel.fr\/?s={search_term_string}\"},\"query-input\":{\"@type\":\"PropertyValueSpecification\",\"valueRequired\":true,\"valueName\":\"search_term_string\"}}],\"inLanguage\":\"pt-PT\"},{\"@type\":\"Organization\",\"@id\":\"https:\/\/www.safinel.fr\/#organization\",\"name\":\"Safinel\",\"url\":\"https:\/\/www.safinel.fr\/\",\"logo\":{\"@type\":\"ImageObject\",\"inLanguage\":\"pt-PT\",\"@id\":\"https:\/\/www.safinel.fr\/#\/schema\/logo\/image\/\",\"url\":\"https:\/\/www.safinel.fr\/wp-content\/uploads\/2021\/05\/boutique-cosmetique.png\",\"contentUrl\":\"https:\/\/www.safinel.fr\/wp-content\/uploads\/2021\/05\/boutique-cosmetique.png\",\"width\":800,\"height\":200,\"caption\":\"Safinel\"},\"image\":{\"@id\":\"https:\/\/www.safinel.fr\/#\/schema\/logo\/image\/\"}}]}<\/script>\n<!-- \/ Yoast SEO plugin. -->","yoast_head_json":{"title":"Raiz de bupl\u00e8vre I In\u00fameros benef\u00edcios para o f\u00edgado","description":"A bupl\u00e8vre \u00e9 uma raiz utilizada na fitoterapia para tratar principalmente s\u00edndromes hep\u00e1ticas. Descubra-a sem mais demora!","robots":{"index":"index","follow":"follow","max-snippet":"max-snippet:-1","max-image-preview":"max-image-preview:large","max-video-preview":"max-video-preview:-1"},"canonical":"https:\/\/www.safinel.fr\/pt\/product-2\/raiz-de-buplevre\/","og_locale":"pt_PT","og_type":"article","og_title":"Racine de bupl\u00e8vre I Bienfaits nombreux pour le foie","og_description":"La bupl\u00e8vre est une racine utilis\u00e9e en phytoth\u00e9rapie pour soigner en premier lieu les\u00a0syndromes du foie. D\u00e9couvrez-l\u00e0 sans plus attendre !","og_url":"https:\/\/www.safinel.fr\/pt\/product-2\/raiz-de-buplevre\/","og_site_name":"Safinel","article_modified_time":"2023-12-30T13:31:13+00:00","og_image":[{"width":600,"height":600,"url":"https:\/\/www.safinel.fr\/wp-content\/uploads\/2021\/11\/Chai-Hu.jpg","type":"image\/jpeg"}],"twitter_card":"summary_large_image","twitter_misc":{"Tempo estimado de leitura":"3 minutos"},"schema":{"@context":"https:\/\/schema.org","@graph":[{"@type":"WebPage","@id":"https:\/\/www.safinel.fr\/produit\/racine-de-buplevre\/","url":"https:\/\/www.safinel.fr\/produit\/racine-de-buplevre\/","name":"Raiz de bupl\u00e8vre I In\u00fameros benef\u00edcios para o f\u00edgado","isPartOf":{"@id":"https:\/\/www.safinel.fr\/#website"},"primaryImageOfPage":{"@id":"https:\/\/www.safinel.fr\/produit\/racine-de-buplevre\/#primaryimage"},"image":{"@id":"https:\/\/www.safinel.fr\/produit\/racine-de-buplevre\/#primaryimage"},"thumbnailUrl":"https:\/\/www.safinel.fr\/wp-content\/uploads\/2021\/11\/Chai-Hu.jpg","datePublished":"2021-11-17T11:01:33+00:00","dateModified":"2023-12-30T13:31:13+00:00","description":"A bupl\u00e8vre \u00e9 uma raiz utilizada na fitoterapia para tratar principalmente s\u00edndromes hep\u00e1ticas. Descubra-a sem mais demora!","breadcrumb":{"@id":"https:\/\/www.safinel.fr\/produit\/racine-de-buplevre\/#breadcrumb"},"inLanguage":"pt-PT","potentialAction":[{"@type":"ReadAction","target":["https:\/\/www.safinel.fr\/produit\/racine-de-buplevre\/"]}]},{"@type":"ImageObject","inLanguage":"pt-PT","@id":"https:\/\/www.safinel.fr\/produit\/racine-de-buplevre\/#primaryimage","url":"https:\/\/www.safinel.fr\/wp-content\/uploads\/2021\/11\/Chai-Hu.jpg","contentUrl":"https:\/\/www.safinel.fr\/wp-content\/uploads\/2021\/11\/Chai-Hu.jpg","width":600,"height":600},{"@type":"BreadcrumbList","@id":"https:\/\/www.safinel.fr\/produit\/racine-de-buplevre\/#breadcrumb","itemListElement":[{"@type":"ListItem","position":1,"name":"Accueil","item":"https:\/\/www.safinel.fr\/"},{"@type":"ListItem","position":2,"name":"Boutique","item":"https:\/\/www.safinel.fr\/boutique\/"},{"@type":"ListItem","position":3,"name":"Racine de bupl\u00e8vre"}]},{"@type":"WebSite","@id":"https:\/\/www.safinel.fr\/#website","url":"https:\/\/www.safinel.fr\/","name":"Safinel","description":"","publisher":{"@id":"https:\/\/www.safinel.fr\/#organization"},"potentialAction":[{"@type":"SearchAction","target":{"@type":"EntryPoint","urlTemplate":"https:\/\/www.safinel.fr\/?s={search_term_string}"},"query-input":{"@type":"PropertyValueSpecification","valueRequired":true,"valueName":"search_term_string"}}],"inLanguage":"pt-PT"},{"@type":"Organization","@id":"https:\/\/www.safinel.fr\/#organization","name":"Safinel","url":"https:\/\/www.safinel.fr\/","logo":{"@type":"ImageObject","inLanguage":"pt-PT","@id":"https:\/\/www.safinel.fr\/#\/schema\/logo\/image\/","url":"https:\/\/www.safinel.fr\/wp-content\/uploads\/2021\/05\/boutique-cosmetique.png","contentUrl":"https:\/\/www.safinel.fr\/wp-content\/uploads\/2021\/05\/boutique-cosmetique.png","width":800,"height":200,"caption":"Safinel"},"image":{"@id":"https:\/\/www.safinel.fr\/#\/schema\/logo\/image\/"}}]}},"_links":{"self":[{"href":"https:\/\/www.safinel.fr\/pt\/wp-json\/wp\/v2\/product\/3537","targetHints":{"allow":["GET"]}}],"collection":[{"href":"https:\/\/www.safinel.fr\/pt\/wp-json\/wp\/v2\/product"}],"about":[{"href":"https:\/\/www.safinel.fr\/pt\/wp-json\/wp\/v2\/types\/product"}],"wp:featuredmedia":[{"embeddable":true,"href":"https:\/\/www.safinel.fr\/pt\/wp-json\/wp\/v2\/media\/4094"}],"wp:attachment":[{"href":"https:\/\/www.safinel.fr\/pt\/wp-json\/wp\/v2\/media?parent=3537"}],"wp:term":[{"taxonomy":"product_brand","embeddable":true,"href":"https:\/\/www.safinel.fr\/pt\/wp-json\/wp\/v2\/product_brand?post=3537"},{"taxonomy":"product_cat","embeddable":true,"href":"https:\/\/www.safinel.fr\/pt\/wp-json\/wp\/v2\/product_cat?post=3537"},{"taxonomy":"product_tag","embeddable":true,"href":"https:\/\/www.safinel.fr\/pt\/wp-json\/wp\/v2\/product_tag?post=3537"}],"curies":[{"name":"wp","href":"https:\/\/api.w.org\/{rel}","templated":true}]}}