{"id":3524,"date":"2021-11-15T12:22:12","date_gmt":"2021-11-15T12:22:12","guid":{"rendered":"https:\/\/www.safinel.fr\/?post_type=product&#038;p=3524"},"modified":"2024-10-16T17:39:16","modified_gmt":"2024-10-16T17:39:16","slug":"oleo-de-touloucouna","status":"publish","type":"product","link":"https:\/\/www.safinel.fr\/pt\/product-2\/oleo-de-touloucouna\/","title":{"rendered":"\u00d3leo de touloucouna 100 g"},"content":{"rendered":"<p><strong>O \u00f3leo de touloucouna\u00a0<\/strong>tamb\u00e9m \u00e9 conhecida como\u2019<strong>\u00f3leo de Carapa<\/strong>, ou ainda\u00a0<strong>Crabwood<\/strong>. Se o nome n\u00e3o lhe diz nada, deixe-nos contar-lhe mais sobre ele. As suas propriedades s\u00e3o tais que merecem toda a aten\u00e7\u00e3o!<\/p>\n<h2><strong>\u00d3leo de touloucouna: quando \u00c1frica nos oferece o melhor\u00a0<\/strong><\/h2>\n<p>Mais uma vez, o continente africano surpreende-nos com uma planta verdadeiramente \u00fanica. Tal como o\u00a0<a href=\"https:\/\/www.safinel.fr\/pt\/product-2\/manteiga-vegetal-de-karite-crua-certificada-como-organica-100-ml\/\"><strong>karit\u00e9<\/strong><\/a>, o nosso precioso \u00f3leo de touloucouna prov\u00e9m de uma noz, ela pr\u00f3pria proveniente da Carapa Procera. O seu nome vem do mandinga, pois \u00e9 encontrada principalmente no Senegal.<\/p>\n<p>Considerada como uma\u00a0<strong>\u00f3leo vegetal raro<\/strong>, \u00e9 muito importante para a popula\u00e7\u00e3o local. \u00c9 utilizada principalmente pelas suas propriedades medicinais e cosm\u00e9ticas.<\/p>\n<h2><strong>As propriedades do \u00f3leo de touloucouna\u00a0<\/strong><\/h2>\n<p>Este \u00f3leo de Carapa possui in\u00fameras propriedades:<\/p>\n<p><strong>Para a pele\u00a0<\/strong><\/p>\n<ul>\n<li>Acalma o desconforto cut\u00e2neo (comich\u00e3o, secura...)<\/li>\n<li>Propriedades regeneradoras e reparadoras<\/li>\n<li>Muito nutritivo<\/li>\n<li>Atualiza o aspecto da celulite<\/li>\n<li>Previne o envelhecimento precoce<\/li>\n<\/ul>\n<p><strong>Os seus benef\u00edcios para o cabelo\u00a0<\/strong><\/p>\n<ul>\n<li>Contra a caspa<\/li>\n<li>Recomendado para cabelos secos e danificados<\/li>\n<li>D\u00e1 brilho ao cabelo<\/li>\n<li>Acalma o couro cabeludo sens\u00edvel<\/li>\n<\/ul>\n<p><strong>Para a sa\u00fade\u00a0<\/strong><\/p>\n<p>Benef\u00edcio como \u00f3leo de massagem contra dores musculares ou articulares<\/p>\n<h2><strong>Como usar este ingrediente cosm\u00e9tico?\u00a0<\/strong><\/h2>\n<p>\u00c9 poss\u00edvel utiliz\u00e1-lo num banho de \u00f3leo, misturado, por exemplo, com\u00a0<strong>ricina<\/strong>\u00a0ou de\u00a0<strong>\u00f3leo de baob\u00e1,<\/strong>\u00a0por exemplo.<\/p>\n<p>Al\u00e9m disso, como produto para a pele, pode ser um ingrediente a integrar numa prepara\u00e7\u00e3o caseira. Como num creme nutritivo ou num sabonete s\u00f3lido!<\/p>\n<p>Tamb\u00e9m pode ser usado puro na pele, em massagens para aliviar uma zona dolorida. Como o seu perfume \u00e9 bastante neutro, \u00e9 poss\u00edvel usar uma fragr\u00e2ncia natural ou mesmo um \u00f3leo essencial, se tiver permiss\u00e3o para isso!<\/p>\n<h3><strong>Precau\u00e7\u00f5es\u00a0<\/strong><\/h3>\n<p>Apenas para uso externo.<\/p>\n<p>Al\u00e9m disso, n\u00e3o \u00e9 recomendada para o cuidado dos l\u00e1bios devido ao seu sabor muito amargo.<\/p>","protected":false},"excerpt":{"rendered":"<p>L\u2019huile de touloucouna\u00a0est \u00e9galement connue sous le nom d\u2019huile de Carapa, ou encore\u00a0Crabwood. Si son nom ne vous dit rien, laissez-nous vous en dire davantage \u00e0 son sujet. Ses propri\u00e9t\u00e9s sont telles qu\u2019elle m\u00e9rite largement que l\u2019on y pr\u00eate attention ! Huile de touloucouna : quand l\u2019Afrique nous offre le meilleur\u00a0 Une fois de plus, [&#8230;]","protected":false},"featured_media":4355,"template":"","meta":[],"product_brand":[],"product_cat":[122,41],"product_tag":[],"class_list":{"0":"post-3524","1":"product","2":"type-product","3":"status-publish","4":"has-post-thumbnail","6":"product_cat-huile-vegetale","7":"product_cat-produits-naturels-divers","9":"first","10":"instock","11":"shipping-taxable","12":"purchasable","13":"product-type-simple"},"yoast_head":"<!-- This site is optimized with the Yoast SEO plugin v26.6 - https:\/\/yoast.com\/wordpress\/plugins\/seo\/ -->\n<title>Huile de touloucouna I Huile de Carapa I Bienfaits nombreux<\/title>\n<meta name=\"description\" content=\"L\u2019huile de touloucouna\u00a0est \u00e9galement connue sous le nom d\u2019huile de Carapa, ou encore\u00a0Crabwood. Adoptez-l\u00e0 sans plus attendre !\" \/>\n<meta name=\"robots\" content=\"index, follow, max-snippet:-1, max-image-preview:large, max-video-preview:-1\" \/>\n<link rel=\"canonical\" href=\"https:\/\/www.safinel.fr\/pt\/product-2\/oleo-de-touloucouna\/\" \/>\n<meta property=\"og:locale\" content=\"pt_PT\" \/>\n<meta property=\"og:type\" content=\"article\" \/>\n<meta property=\"og:title\" content=\"Huile de touloucouna I Huile de Carapa I Bienfaits nombreux\" \/>\n<meta property=\"og:description\" content=\"L\u2019huile de touloucouna\u00a0est \u00e9galement connue sous le nom d\u2019huile de Carapa, ou encore\u00a0Crabwood. Adoptez-l\u00e0 sans plus attendre !\" \/>\n<meta property=\"og:url\" content=\"https:\/\/www.safinel.fr\/pt\/product-2\/oleo-de-touloucouna\/\" \/>\n<meta property=\"og:site_name\" content=\"Safinel\" \/>\n<meta property=\"article:modified_time\" content=\"2024-10-16T17:39:16+00:00\" \/>\n<meta property=\"og:image\" content=\"https:\/\/www.safinel.fr\/wp-content\/uploads\/2021\/11\/huile-de-touloucouna.jpg\" \/>\n\t<meta property=\"og:image:width\" content=\"600\" \/>\n\t<meta property=\"og:image:height\" content=\"600\" \/>\n\t<meta property=\"og:image:type\" content=\"image\/jpeg\" \/>\n<meta name=\"twitter:card\" content=\"summary_large_image\" \/>\n<meta name=\"twitter:label1\" content=\"Tempo estimado de leitura\" \/>\n\t<meta name=\"twitter:data1\" content=\"2 minutos\" \/>\n<script type=\"application\/ld+json\" class=\"yoast-schema-graph\">{\"@context\":\"https:\/\/schema.org\",\"@graph\":[{\"@type\":\"WebPage\",\"@id\":\"https:\/\/www.safinel.fr\/produit\/huile-de-touloucouna\/\",\"url\":\"https:\/\/www.safinel.fr\/produit\/huile-de-touloucouna\/\",\"name\":\"Huile de touloucouna I Huile de Carapa I Bienfaits nombreux\",\"isPartOf\":{\"@id\":\"https:\/\/www.safinel.fr\/#website\"},\"primaryImageOfPage\":{\"@id\":\"https:\/\/www.safinel.fr\/produit\/huile-de-touloucouna\/#primaryimage\"},\"image\":{\"@id\":\"https:\/\/www.safinel.fr\/produit\/huile-de-touloucouna\/#primaryimage\"},\"thumbnailUrl\":\"https:\/\/www.safinel.fr\/wp-content\/uploads\/2021\/11\/huile-de-touloucouna.jpg\",\"datePublished\":\"2021-11-15T12:22:12+00:00\",\"dateModified\":\"2024-10-16T17:39:16+00:00\",\"description\":\"L\u2019huile de touloucouna\u00a0est \u00e9galement connue sous le nom d\u2019huile de Carapa, ou encore\u00a0Crabwood. Adoptez-l\u00e0 sans plus attendre !\",\"breadcrumb\":{\"@id\":\"https:\/\/www.safinel.fr\/produit\/huile-de-touloucouna\/#breadcrumb\"},\"inLanguage\":\"pt-PT\",\"potentialAction\":[{\"@type\":\"ReadAction\",\"target\":[\"https:\/\/www.safinel.fr\/produit\/huile-de-touloucouna\/\"]}]},{\"@type\":\"ImageObject\",\"inLanguage\":\"pt-PT\",\"@id\":\"https:\/\/www.safinel.fr\/produit\/huile-de-touloucouna\/#primaryimage\",\"url\":\"https:\/\/www.safinel.fr\/wp-content\/uploads\/2021\/11\/huile-de-touloucouna.jpg\",\"contentUrl\":\"https:\/\/www.safinel.fr\/wp-content\/uploads\/2021\/11\/huile-de-touloucouna.jpg\",\"width\":600,\"height\":600,\"caption\":\"Huile de touloucouna 100g\"},{\"@type\":\"BreadcrumbList\",\"@id\":\"https:\/\/www.safinel.fr\/produit\/huile-de-touloucouna\/#breadcrumb\",\"itemListElement\":[{\"@type\":\"ListItem\",\"position\":1,\"name\":\"Accueil\",\"item\":\"https:\/\/www.safinel.fr\/\"},{\"@type\":\"ListItem\",\"position\":2,\"name\":\"Boutique\",\"item\":\"https:\/\/www.safinel.fr\/boutique\/\"},{\"@type\":\"ListItem\",\"position\":3,\"name\":\"Huile de touloucouna 100g\"}]},{\"@type\":\"WebSite\",\"@id\":\"https:\/\/www.safinel.fr\/#website\",\"url\":\"https:\/\/www.safinel.fr\/\",\"name\":\"Safinel\",\"description\":\"\",\"publisher\":{\"@id\":\"https:\/\/www.safinel.fr\/#organization\"},\"potentialAction\":[{\"@type\":\"SearchAction\",\"target\":{\"@type\":\"EntryPoint\",\"urlTemplate\":\"https:\/\/www.safinel.fr\/?s={search_term_string}\"},\"query-input\":{\"@type\":\"PropertyValueSpecification\",\"valueRequired\":true,\"valueName\":\"search_term_string\"}}],\"inLanguage\":\"pt-PT\"},{\"@type\":\"Organization\",\"@id\":\"https:\/\/www.safinel.fr\/#organization\",\"name\":\"Safinel\",\"url\":\"https:\/\/www.safinel.fr\/\",\"logo\":{\"@type\":\"ImageObject\",\"inLanguage\":\"pt-PT\",\"@id\":\"https:\/\/www.safinel.fr\/#\/schema\/logo\/image\/\",\"url\":\"https:\/\/www.safinel.fr\/wp-content\/uploads\/2021\/05\/boutique-cosmetique.png\",\"contentUrl\":\"https:\/\/www.safinel.fr\/wp-content\/uploads\/2021\/05\/boutique-cosmetique.png\",\"width\":800,\"height\":200,\"caption\":\"Safinel\"},\"image\":{\"@id\":\"https:\/\/www.safinel.fr\/#\/schema\/logo\/image\/\"}}]}<\/script>\n<!-- \/ Yoast SEO plugin. -->","yoast_head_json":{"title":"\u00d3leo de touloucouna I \u00d3leo de Carapa I In\u00fameros benef\u00edcios","description":"O \u00f3leo de touloucouna tamb\u00e9m \u00e9 conhecido como \u00f3leo de Carapa ou Crabwood. Adote-o sem mais demora!","robots":{"index":"index","follow":"follow","max-snippet":"max-snippet:-1","max-image-preview":"max-image-preview:large","max-video-preview":"max-video-preview:-1"},"canonical":"https:\/\/www.safinel.fr\/pt\/product-2\/oleo-de-touloucouna\/","og_locale":"pt_PT","og_type":"article","og_title":"Huile de touloucouna I Huile de Carapa I Bienfaits nombreux","og_description":"L\u2019huile de touloucouna\u00a0est \u00e9galement connue sous le nom d\u2019huile de Carapa, ou encore\u00a0Crabwood. Adoptez-l\u00e0 sans plus attendre !","og_url":"https:\/\/www.safinel.fr\/pt\/product-2\/oleo-de-touloucouna\/","og_site_name":"Safinel","article_modified_time":"2024-10-16T17:39:16+00:00","og_image":[{"width":600,"height":600,"url":"https:\/\/www.safinel.fr\/wp-content\/uploads\/2021\/11\/huile-de-touloucouna.jpg","type":"image\/jpeg"}],"twitter_card":"summary_large_image","twitter_misc":{"Tempo estimado de leitura":"2 minutos"},"schema":{"@context":"https:\/\/schema.org","@graph":[{"@type":"WebPage","@id":"https:\/\/www.safinel.fr\/produit\/huile-de-touloucouna\/","url":"https:\/\/www.safinel.fr\/produit\/huile-de-touloucouna\/","name":"\u00d3leo de touloucouna I \u00d3leo de Carapa I In\u00fameros benef\u00edcios","isPartOf":{"@id":"https:\/\/www.safinel.fr\/#website"},"primaryImageOfPage":{"@id":"https:\/\/www.safinel.fr\/produit\/huile-de-touloucouna\/#primaryimage"},"image":{"@id":"https:\/\/www.safinel.fr\/produit\/huile-de-touloucouna\/#primaryimage"},"thumbnailUrl":"https:\/\/www.safinel.fr\/wp-content\/uploads\/2021\/11\/huile-de-touloucouna.jpg","datePublished":"2021-11-15T12:22:12+00:00","dateModified":"2024-10-16T17:39:16+00:00","description":"O \u00f3leo de touloucouna tamb\u00e9m \u00e9 conhecido como \u00f3leo de Carapa ou Crabwood. Adote-o sem mais demora!","breadcrumb":{"@id":"https:\/\/www.safinel.fr\/produit\/huile-de-touloucouna\/#breadcrumb"},"inLanguage":"pt-PT","potentialAction":[{"@type":"ReadAction","target":["https:\/\/www.safinel.fr\/produit\/huile-de-touloucouna\/"]}]},{"@type":"ImageObject","inLanguage":"pt-PT","@id":"https:\/\/www.safinel.fr\/produit\/huile-de-touloucouna\/#primaryimage","url":"https:\/\/www.safinel.fr\/wp-content\/uploads\/2021\/11\/huile-de-touloucouna.jpg","contentUrl":"https:\/\/www.safinel.fr\/wp-content\/uploads\/2021\/11\/huile-de-touloucouna.jpg","width":600,"height":600,"caption":"Huile de touloucouna 100g"},{"@type":"BreadcrumbList","@id":"https:\/\/www.safinel.fr\/produit\/huile-de-touloucouna\/#breadcrumb","itemListElement":[{"@type":"ListItem","position":1,"name":"Accueil","item":"https:\/\/www.safinel.fr\/"},{"@type":"ListItem","position":2,"name":"Boutique","item":"https:\/\/www.safinel.fr\/boutique\/"},{"@type":"ListItem","position":3,"name":"Huile de touloucouna 100g"}]},{"@type":"WebSite","@id":"https:\/\/www.safinel.fr\/#website","url":"https:\/\/www.safinel.fr\/","name":"Safinel","description":"","publisher":{"@id":"https:\/\/www.safinel.fr\/#organization"},"potentialAction":[{"@type":"SearchAction","target":{"@type":"EntryPoint","urlTemplate":"https:\/\/www.safinel.fr\/?s={search_term_string}"},"query-input":{"@type":"PropertyValueSpecification","valueRequired":true,"valueName":"search_term_string"}}],"inLanguage":"pt-PT"},{"@type":"Organization","@id":"https:\/\/www.safinel.fr\/#organization","name":"Safinel","url":"https:\/\/www.safinel.fr\/","logo":{"@type":"ImageObject","inLanguage":"pt-PT","@id":"https:\/\/www.safinel.fr\/#\/schema\/logo\/image\/","url":"https:\/\/www.safinel.fr\/wp-content\/uploads\/2021\/05\/boutique-cosmetique.png","contentUrl":"https:\/\/www.safinel.fr\/wp-content\/uploads\/2021\/05\/boutique-cosmetique.png","width":800,"height":200,"caption":"Safinel"},"image":{"@id":"https:\/\/www.safinel.fr\/#\/schema\/logo\/image\/"}}]}},"_links":{"self":[{"href":"https:\/\/www.safinel.fr\/pt\/wp-json\/wp\/v2\/product\/3524","targetHints":{"allow":["GET"]}}],"collection":[{"href":"https:\/\/www.safinel.fr\/pt\/wp-json\/wp\/v2\/product"}],"about":[{"href":"https:\/\/www.safinel.fr\/pt\/wp-json\/wp\/v2\/types\/product"}],"wp:featuredmedia":[{"embeddable":true,"href":"https:\/\/www.safinel.fr\/pt\/wp-json\/wp\/v2\/media\/4355"}],"wp:attachment":[{"href":"https:\/\/www.safinel.fr\/pt\/wp-json\/wp\/v2\/media?parent=3524"}],"wp:term":[{"taxonomy":"product_brand","embeddable":true,"href":"https:\/\/www.safinel.fr\/pt\/wp-json\/wp\/v2\/product_brand?post=3524"},{"taxonomy":"product_cat","embeddable":true,"href":"https:\/\/www.safinel.fr\/pt\/wp-json\/wp\/v2\/product_cat?post=3524"},{"taxonomy":"product_tag","embeddable":true,"href":"https:\/\/www.safinel.fr\/pt\/wp-json\/wp\/v2\/product_tag?post=3524"}],"curies":[{"name":"wp","href":"https:\/\/api.w.org\/{rel}","templated":true}]}}