{"id":3468,"date":"2022-11-09T18:38:40","date_gmt":"2022-11-09T18:38:40","guid":{"rendered":"https:\/\/www.safinel.fr\/?post_type=product&#038;p=3468"},"modified":"2024-11-25T20:46:37","modified_gmt":"2024-11-25T20:46:37","slug":"folha-de-lotus","status":"publish","type":"product","link":"https:\/\/www.safinel.fr\/pt\/product-2\/folha-de-lotus\/","title":{"rendered":"Folhas de l\u00f3tus (He Ye \u8377\u53f6)"},"content":{"rendered":"<p>Conhece a\u00a0<strong>folha de l\u00f3tus (He ye)<\/strong>\u00a0? Muito comum na \u00c1sia Oriental, o l\u00f3tus \u00e9 uma planta aqu\u00e1tica emblem\u00e1tica desta regi\u00e3o do mundo. As suas folhas, chamadas \u201cHe ye\u201d em chin\u00eas e utilizadas na medicina tradicional, t\u00eam a propriedade de promover a perda de peso. Descubra o seu novo\u00a0<strong>aliado natural para emagrecer\u00a0<\/strong>Sem mais demoras, visite Safinel!<\/p>\n<h2><strong>Descubra a folha de l\u00f3tus (He ye), um parceiro ancestral para emagrecer!<\/strong><\/h2>\n<p>A flor de l\u00f3tus \u00e9 cultivada pelo homem h\u00e1 mais de 2000 anos.<\/p>\n<p>Atualmente presente em quase todo o mundo, \u00e9 acima de tudo a planta emblem\u00e1tica da \u00c1sia. Na verdade, \u00e9 a flor nacional do Vietname, mas tamb\u00e9m da \u00cdndia. No entanto, o seu principal produtor continua a ser a China.<\/p>\n<p>Todas as partes da planta s\u00e3o utilizadas: as folhas, obviamente, mas tamb\u00e9m as sementes, as flores e os rizomas.<\/p>\n<p>Al\u00e9m disso, a folha de l\u00f3tus \u00e9 uma planta essencial na medicina tradicional chinesa.<\/p>\n<p>ATEN\u00c7\u00c3O: A Safinel repudia qualquer cren\u00e7a relacionada com a flor de l\u00f3tus, nomeadamente o seu car\u00e1ter \u00abm\u00e1gico\u00bb e o ocultismo que lhe est\u00e1 associado. A Safinel comercializa as suas folhas exclusivamente pelo seu interesse terap\u00eautico.<\/p>\n<p>As suas virtudes s\u00e3o in\u00fameras. No entanto, \u00e9 no que diz respeito \u00e0 \u201cemagrecimento\u201d que mais provou a sua efic\u00e1cia. Com efeito, regula\u00e7\u00e3o da glicemia, dos l\u00edpidos sangu\u00edneos, do tr\u00e2nsito intestinal... Esta planta ancestral ajuda-o a perder peso naturalmente!<\/p>\n<h2><strong>Quais s\u00e3o os benef\u00edcios da folha de l\u00f3tus (He ye)?<\/strong><\/h2>\n<ul>\n<li>Facilitam a digest\u00e3o: principalmente gra\u00e7as \u00e0s fibras e aos hidratos de carbono complexos que cont\u00eam.<\/li>\n<li>Al\u00e9m disso, elas ajudam a eliminar as toxinas do organismo. Na verdade, as folhas e as sementes t\u00eam efeitos reconhecidos na medicina tradicional chinesa no fortalecimento e desintoxica\u00e7\u00e3o do organismo.<\/li>\n<li>Al\u00e9m disso, o l\u00f3tus fortalece o sistema imunol\u00f3gico e melhora o t\u00f4nus muscular. As suas propriedades ben\u00e9ficas devem-se principalmente \u00e0 vitamina C que cont\u00e9m, bem como ao cobre, f\u00f3sforo e pot\u00e1ssio. Mas tamb\u00e9m \u00e0s fibras e \u00e0 vitamina B6.<\/li>\n<li>Al\u00e9m disso, ajudam a diminuir a lipidemia e a glicemia (respetivamente, os n\u00edveis de l\u00edpidos e de a\u00e7\u00facar no sangue). De facto, estudos confirmaram que as folhas de l\u00f3tus diminuem a absor\u00e7\u00e3o destes dois macronutrientes pelo organismo. Isto tem como consequ\u00eancia positiva a diminui\u00e7\u00e3o do aumento de peso, ou mesmo a perda de peso, nos indiv\u00edduos estudados.<\/li>\n<li>Por fim, elas drenam o organismo gra\u00e7as \u00e0 regula\u00e7\u00e3o do tr\u00e2nsito intestinal, mas tamb\u00e9m ao promover a elimina\u00e7\u00e3o renal.<\/li>\n<\/ul>\n<p>Por todas estas raz\u00f5es, \u00e9 uma solu\u00e7\u00e3o ideal se deseja perder peso!<\/p>\n<h2><strong>Como utilizar a minha Folha de L\u00f3tus (He ye)?<\/strong><\/h2>\n<p>Os\u00a0<strong>folhas de He ye<\/strong>\u00a0podem ser consumidos de diferentes maneiras, nomeadamente em infus\u00e3o, em p\u00f3 ou em c\u00e1psulas.<\/p>\n<ul>\n<li>Se voc\u00ea preparar uma infus\u00e3o: ap\u00f3s limpar as folhas, adicione 10 g de plantas a 500 mL de \u00e1gua e leve ao fogo at\u00e9 ferver. Abaixe o fogo e deixe ferver por 10 minutos. Coe e consuma ao longo do dia.<\/li>\n<li>Voc\u00ea tamb\u00e9m pode reduzir as folhas em p\u00f3 (ou compr\u00e1-las diretamente mo\u00eddas). Nesse caso, consuma cerca de 3 g pela manh\u00e3 e \u00e0 noite, fora das refei\u00e7\u00f5es.<\/li>\n<li>Para isso, misture bem a sua dose numa ch\u00e1vena pequena de \u00e1gua a ferver e beba a mistura.<\/li>\n<li>Em c\u00e1psulas: tomar tr\u00eas c\u00e1psulas de manh\u00e3 e \u00e0 noite com um copo grande de \u00e1gua, sempre fora das refei\u00e7\u00f5es.<\/li>\n<\/ul>\n<p>Al\u00e9m disso, se estiver a fazer dieta, recomendamos que a combine com os nossos\u00a0<a href=\"https:\/\/www.safinel.fr\/pt\/product-2\/caules-de-cerejas\/\"><strong>caules de cereja<\/strong><\/a>, para obter um efeito drenante m\u00e1ximo!<\/p>\n<h3><strong>Precau\u00e7\u00f5es de utiliza\u00e7\u00e3o<\/strong><\/h3>\n<p>Armazene o seu\u00a0<strong>planta chinesa<\/strong>\u00a0ao abrigo da luz e de qualquer fonte de calor, a fim de preservar as suas propriedades.<\/p>\n<ul>\n<li>A folha de l\u00f3tus \u00e9 um suplemento alimentar reservado para adultos e crian\u00e7as com mais de 12 anos. No entanto, n\u00e3o substitui uma alimenta\u00e7\u00e3o diversificada e um estilo de vida saud\u00e1vel.<\/li>\n<li>N\u00e3o exceda a dose di\u00e1ria recomendada.<\/li>\n<li>N\u00e3o recomendado para mulheres gr\u00e1vidas e lactantes.<\/li>\n<li>Manter fora do alcance das crian\u00e7as.<\/li>\n<\/ul>\n<p>Aten\u00e7\u00e3o: Consulte o seu m\u00e9dico em caso de tratamento concomitante com anticoagulantes.<\/p>","protected":false},"excerpt":{"rendered":"<p>Conhece a folha de l\u00f3tus (He ye)? Muito comum na \u00c1sia Oriental, a l\u00f3tus \u00e9 uma planta aqu\u00e1tica emblem\u00e1tica desta regi\u00e3o do mundo. As suas folhas, chamadas \u201cHe ye\u201d em chin\u00eas e utilizadas na medicina tradicional, t\u00eam a propriedade de promover a perda de peso. Descubra j\u00e1 o seu novo aliado natural para emagrecer na Safinel! Descubra [\u2026]","protected":false},"featured_media":3475,"template":"","meta":[],"product_brand":[],"product_cat":[108],"product_tag":[],"class_list":{"0":"post-3468","1":"product","2":"type-product","3":"status-publish","4":"has-post-thumbnail","6":"product_cat-plantes-asiatiques","8":"first","9":"outofstock","10":"shipping-taxable","11":"purchasable","12":"product-type-variable"},"yoast_head":"<!-- This site is optimized with the Yoast SEO plugin v26.6 - https:\/\/yoast.com\/wordpress\/plugins\/seo\/ -->\n<title>Feuille de lotus I Nelumbo nucifera I Bienfaits nombreux<\/title>\n<meta name=\"description\" content=\"Connaissez-vous la\u00a0feuille de lotus (He ye)\u00a0? Largement r\u00e9pandue en Asie orientale, le lotus est une plante aquatique embl\u00e9matique de cette r\u00e9gion du monde.\" \/>\n<meta name=\"robots\" content=\"index, follow, max-snippet:-1, max-image-preview:large, max-video-preview:-1\" \/>\n<link rel=\"canonical\" href=\"https:\/\/www.safinel.fr\/pt\/product-2\/folha-de-lotus\/\" \/>\n<meta property=\"og:locale\" content=\"pt_PT\" \/>\n<meta property=\"og:type\" content=\"article\" \/>\n<meta property=\"og:title\" content=\"Feuille de lotus I Nelumbo nucifera I Bienfaits nombreux\" \/>\n<meta property=\"og:description\" content=\"Connaissez-vous la\u00a0feuille de lotus (He ye)\u00a0? Largement r\u00e9pandue en Asie orientale, le lotus est une plante aquatique embl\u00e9matique de cette r\u00e9gion du monde.\" \/>\n<meta property=\"og:url\" content=\"https:\/\/www.safinel.fr\/pt\/product-2\/folha-de-lotus\/\" \/>\n<meta property=\"og:site_name\" content=\"Safinel\" \/>\n<meta property=\"article:modified_time\" content=\"2024-11-25T20:46:37+00:00\" \/>\n<meta property=\"og:image\" content=\"https:\/\/www.safinel.fr\/wp-content\/uploads\/2022\/11\/Feuilles-de-lotus-He-Ye-\u8377\u53f6.jpg\" \/>\n\t<meta property=\"og:image:width\" content=\"600\" \/>\n\t<meta property=\"og:image:height\" content=\"600\" \/>\n\t<meta property=\"og:image:type\" content=\"image\/jpeg\" \/>\n<meta name=\"twitter:card\" content=\"summary_large_image\" \/>\n<meta name=\"twitter:label1\" content=\"Tempo estimado de leitura\" \/>\n\t<meta name=\"twitter:data1\" content=\"4 minutos\" \/>\n<script type=\"application\/ld+json\" class=\"yoast-schema-graph\">{\"@context\":\"https:\/\/schema.org\",\"@graph\":[{\"@type\":\"WebPage\",\"@id\":\"https:\/\/www.safinel.fr\/produit\/feuille-de-lotus\/\",\"url\":\"https:\/\/www.safinel.fr\/produit\/feuille-de-lotus\/\",\"name\":\"Feuille de lotus I Nelumbo nucifera I Bienfaits nombreux\",\"isPartOf\":{\"@id\":\"https:\/\/www.safinel.fr\/#website\"},\"primaryImageOfPage\":{\"@id\":\"https:\/\/www.safinel.fr\/produit\/feuille-de-lotus\/#primaryimage\"},\"image\":{\"@id\":\"https:\/\/www.safinel.fr\/produit\/feuille-de-lotus\/#primaryimage\"},\"thumbnailUrl\":\"https:\/\/www.safinel.fr\/wp-content\/uploads\/2022\/11\/Feuilles-de-lotus-He-Ye-\u8377\u53f6.jpg\",\"datePublished\":\"2022-11-09T18:38:40+00:00\",\"dateModified\":\"2024-11-25T20:46:37+00:00\",\"description\":\"Connaissez-vous la\u00a0feuille de lotus (He ye)\u00a0? Largement r\u00e9pandue en Asie orientale, le lotus est une plante aquatique embl\u00e9matique de cette r\u00e9gion du monde.\",\"breadcrumb\":{\"@id\":\"https:\/\/www.safinel.fr\/produit\/feuille-de-lotus\/#breadcrumb\"},\"inLanguage\":\"pt-PT\",\"potentialAction\":[{\"@type\":\"ReadAction\",\"target\":[\"https:\/\/www.safinel.fr\/produit\/feuille-de-lotus\/\"]}]},{\"@type\":\"ImageObject\",\"inLanguage\":\"pt-PT\",\"@id\":\"https:\/\/www.safinel.fr\/produit\/feuille-de-lotus\/#primaryimage\",\"url\":\"https:\/\/www.safinel.fr\/wp-content\/uploads\/2022\/11\/Feuilles-de-lotus-He-Ye-\u8377\u53f6.jpg\",\"contentUrl\":\"https:\/\/www.safinel.fr\/wp-content\/uploads\/2022\/11\/Feuilles-de-lotus-He-Ye-\u8377\u53f6.jpg\",\"width\":600,\"height\":600,\"caption\":\"Feuilles de lotus (He Ye \u8377\u53f6)\"},{\"@type\":\"BreadcrumbList\",\"@id\":\"https:\/\/www.safinel.fr\/produit\/feuille-de-lotus\/#breadcrumb\",\"itemListElement\":[{\"@type\":\"ListItem\",\"position\":1,\"name\":\"Accueil\",\"item\":\"https:\/\/www.safinel.fr\/\"},{\"@type\":\"ListItem\",\"position\":2,\"name\":\"Boutique\",\"item\":\"https:\/\/www.safinel.fr\/boutique\/\"},{\"@type\":\"ListItem\",\"position\":3,\"name\":\"Feuilles de lotus (He Ye \u8377\u53f6)\"}]},{\"@type\":\"WebSite\",\"@id\":\"https:\/\/www.safinel.fr\/#website\",\"url\":\"https:\/\/www.safinel.fr\/\",\"name\":\"Safinel\",\"description\":\"\",\"publisher\":{\"@id\":\"https:\/\/www.safinel.fr\/#organization\"},\"potentialAction\":[{\"@type\":\"SearchAction\",\"target\":{\"@type\":\"EntryPoint\",\"urlTemplate\":\"https:\/\/www.safinel.fr\/?s={search_term_string}\"},\"query-input\":{\"@type\":\"PropertyValueSpecification\",\"valueRequired\":true,\"valueName\":\"search_term_string\"}}],\"inLanguage\":\"pt-PT\"},{\"@type\":\"Organization\",\"@id\":\"https:\/\/www.safinel.fr\/#organization\",\"name\":\"Safinel\",\"url\":\"https:\/\/www.safinel.fr\/\",\"logo\":{\"@type\":\"ImageObject\",\"inLanguage\":\"pt-PT\",\"@id\":\"https:\/\/www.safinel.fr\/#\/schema\/logo\/image\/\",\"url\":\"https:\/\/www.safinel.fr\/wp-content\/uploads\/2021\/05\/boutique-cosmetique.png\",\"contentUrl\":\"https:\/\/www.safinel.fr\/wp-content\/uploads\/2021\/05\/boutique-cosmetique.png\",\"width\":800,\"height\":200,\"caption\":\"Safinel\"},\"image\":{\"@id\":\"https:\/\/www.safinel.fr\/#\/schema\/logo\/image\/\"}}]}<\/script>\n<!-- \/ Yoast SEO plugin. -->","yoast_head_json":{"title":"Folha de l\u00f3tus I Nelumbo nucifera I In\u00fameros benef\u00edcios","description":"Conhece a folha de l\u00f3tus (He ye)? Muito comum na \u00c1sia Oriental, a l\u00f3tus \u00e9 uma planta aqu\u00e1tica emblem\u00e1tica dessa regi\u00e3o do mundo.","robots":{"index":"index","follow":"follow","max-snippet":"max-snippet:-1","max-image-preview":"max-image-preview:large","max-video-preview":"max-video-preview:-1"},"canonical":"https:\/\/www.safinel.fr\/pt\/product-2\/folha-de-lotus\/","og_locale":"pt_PT","og_type":"article","og_title":"Feuille de lotus I Nelumbo nucifera I Bienfaits nombreux","og_description":"Connaissez-vous la\u00a0feuille de lotus (He ye)\u00a0? Largement r\u00e9pandue en Asie orientale, le lotus est une plante aquatique embl\u00e9matique de cette r\u00e9gion du monde.","og_url":"https:\/\/www.safinel.fr\/pt\/product-2\/folha-de-lotus\/","og_site_name":"Safinel","article_modified_time":"2024-11-25T20:46:37+00:00","og_image":[{"width":600,"height":600,"url":"https:\/\/www.safinel.fr\/wp-content\/uploads\/2022\/11\/Feuilles-de-lotus-He-Ye-\u8377\u53f6.jpg","type":"image\/jpeg"}],"twitter_card":"summary_large_image","twitter_misc":{"Tempo estimado de leitura":"4 minutos"},"schema":{"@context":"https:\/\/schema.org","@graph":[{"@type":"WebPage","@id":"https:\/\/www.safinel.fr\/produit\/feuille-de-lotus\/","url":"https:\/\/www.safinel.fr\/produit\/feuille-de-lotus\/","name":"Folha de l\u00f3tus I Nelumbo nucifera I In\u00fameros benef\u00edcios","isPartOf":{"@id":"https:\/\/www.safinel.fr\/#website"},"primaryImageOfPage":{"@id":"https:\/\/www.safinel.fr\/produit\/feuille-de-lotus\/#primaryimage"},"image":{"@id":"https:\/\/www.safinel.fr\/produit\/feuille-de-lotus\/#primaryimage"},"thumbnailUrl":"https:\/\/www.safinel.fr\/wp-content\/uploads\/2022\/11\/Feuilles-de-lotus-He-Ye-\u8377\u53f6.jpg","datePublished":"2022-11-09T18:38:40+00:00","dateModified":"2024-11-25T20:46:37+00:00","description":"Conhece a folha de l\u00f3tus (He ye)? Muito comum na \u00c1sia Oriental, a l\u00f3tus \u00e9 uma planta aqu\u00e1tica emblem\u00e1tica dessa regi\u00e3o do mundo.","breadcrumb":{"@id":"https:\/\/www.safinel.fr\/produit\/feuille-de-lotus\/#breadcrumb"},"inLanguage":"pt-PT","potentialAction":[{"@type":"ReadAction","target":["https:\/\/www.safinel.fr\/produit\/feuille-de-lotus\/"]}]},{"@type":"ImageObject","inLanguage":"pt-PT","@id":"https:\/\/www.safinel.fr\/produit\/feuille-de-lotus\/#primaryimage","url":"https:\/\/www.safinel.fr\/wp-content\/uploads\/2022\/11\/Feuilles-de-lotus-He-Ye-\u8377\u53f6.jpg","contentUrl":"https:\/\/www.safinel.fr\/wp-content\/uploads\/2022\/11\/Feuilles-de-lotus-He-Ye-\u8377\u53f6.jpg","width":600,"height":600,"caption":"Feuilles de lotus (He Ye \u8377\u53f6)"},{"@type":"BreadcrumbList","@id":"https:\/\/www.safinel.fr\/produit\/feuille-de-lotus\/#breadcrumb","itemListElement":[{"@type":"ListItem","position":1,"name":"Accueil","item":"https:\/\/www.safinel.fr\/"},{"@type":"ListItem","position":2,"name":"Boutique","item":"https:\/\/www.safinel.fr\/boutique\/"},{"@type":"ListItem","position":3,"name":"Feuilles de lotus (He Ye \u8377\u53f6)"}]},{"@type":"WebSite","@id":"https:\/\/www.safinel.fr\/#website","url":"https:\/\/www.safinel.fr\/","name":"Safinel","description":"","publisher":{"@id":"https:\/\/www.safinel.fr\/#organization"},"potentialAction":[{"@type":"SearchAction","target":{"@type":"EntryPoint","urlTemplate":"https:\/\/www.safinel.fr\/?s={search_term_string}"},"query-input":{"@type":"PropertyValueSpecification","valueRequired":true,"valueName":"search_term_string"}}],"inLanguage":"pt-PT"},{"@type":"Organization","@id":"https:\/\/www.safinel.fr\/#organization","name":"Safinel","url":"https:\/\/www.safinel.fr\/","logo":{"@type":"ImageObject","inLanguage":"pt-PT","@id":"https:\/\/www.safinel.fr\/#\/schema\/logo\/image\/","url":"https:\/\/www.safinel.fr\/wp-content\/uploads\/2021\/05\/boutique-cosmetique.png","contentUrl":"https:\/\/www.safinel.fr\/wp-content\/uploads\/2021\/05\/boutique-cosmetique.png","width":800,"height":200,"caption":"Safinel"},"image":{"@id":"https:\/\/www.safinel.fr\/#\/schema\/logo\/image\/"}}]}},"_links":{"self":[{"href":"https:\/\/www.safinel.fr\/pt\/wp-json\/wp\/v2\/product\/3468","targetHints":{"allow":["GET"]}}],"collection":[{"href":"https:\/\/www.safinel.fr\/pt\/wp-json\/wp\/v2\/product"}],"about":[{"href":"https:\/\/www.safinel.fr\/pt\/wp-json\/wp\/v2\/types\/product"}],"wp:featuredmedia":[{"embeddable":true,"href":"https:\/\/www.safinel.fr\/pt\/wp-json\/wp\/v2\/media\/3475"}],"wp:attachment":[{"href":"https:\/\/www.safinel.fr\/pt\/wp-json\/wp\/v2\/media?parent=3468"}],"wp:term":[{"taxonomy":"product_brand","embeddable":true,"href":"https:\/\/www.safinel.fr\/pt\/wp-json\/wp\/v2\/product_brand?post=3468"},{"taxonomy":"product_cat","embeddable":true,"href":"https:\/\/www.safinel.fr\/pt\/wp-json\/wp\/v2\/product_cat?post=3468"},{"taxonomy":"product_tag","embeddable":true,"href":"https:\/\/www.safinel.fr\/pt\/wp-json\/wp\/v2\/product_tag?post=3468"}],"curies":[{"name":"wp","href":"https:\/\/api.w.org\/{rel}","templated":true}]}}