{"id":3466,"date":"2022-11-09T17:31:49","date_gmt":"2022-11-09T17:31:49","guid":{"rendered":"https:\/\/www.safinel.fr\/?post_type=product&#038;p=3466"},"modified":"2024-11-26T18:34:41","modified_gmt":"2024-11-26T18:34:41","slug":"lagrima-de-jo","status":"publish","type":"product","link":"https:\/\/www.safinel.fr\/pt\/product-2\/lagrima-de-jo\/","title":{"rendered":"L\u00e1grimas de J\u00f3 (Yi yi ren \u858f\u82e1\u4ec1) 100 g"},"content":{"rendered":"<p>A planta chamada \u00ab\u00a0<strong>l\u00e1grima de J\u00f3<\/strong>\u201d na Europa ou<strong>\u00a0yi yi ren<\/strong>\u00a0na China \u00e9 realmente impressionante! Originalmente, era usada principalmente como planta alimentar e na medicina ancestral do Sudeste Asi\u00e1tico. Posteriormente, foi introduzida e cultivada na Europa para a fabrica\u00e7\u00e3o de ros\u00e1rios. Hoje em dia, usamo-la como suplemento alimentar pelas suas in\u00fameras virtudes.<\/p>\n<h2><strong>Saiba mais sobre yi yi rien, ou as l\u00e1grimas de J\u00f3 (coix lacryma-jobi)\u2026<\/strong><\/h2>\n<p>Do seu nome latino \u201c<strong>coix lacryma-jobi<\/strong>\u201d, esta planta tamb\u00e9m \u00e9 conhecida por v\u00e1rios nomes. Na verdade, tamb\u00e9m \u00e9 chamada de \u201c<strong>erva-de-ros\u00e1rio<\/strong>\u201d, \u201c<strong>larmille<\/strong>\u201d ou ainda \u201c<strong>planta de p\u00e9rolas<\/strong>\u201d devido \u00e0 sua semente. Faz parte da fam\u00edlia das gram\u00edneas e pode atingir 3 metros de altura.<\/p>\n<p>\u00c9 uma\u00a0<strong>planta alimentar<\/strong>\u00a0planta perene com v\u00e1rias propriedades. Foi usada durante muito tempo como cereal no Sudeste Asi\u00e1tico. Depois de cozida, a semente assemelha-se um pouco a uma concha cauri. Antigamente, as mulheres chinesas faziam colares com elas para se enfeitar. Mas, acima de tudo, fazem parte da medicina tradicional.<\/p>\n<p>Mais tarde, o\u00a0<strong>yi yi ren<\/strong>\u00a0foi introduzida e cultivada na Europa, mas para fazer ros\u00e1rios. \u00c9 a \u00fanica planta existente cujas sementes s\u00e3o atravessadas pelo seu caule no seu eixo, como p\u00e9rolas enfiadas. Al\u00e9m disso, o seu nome vem da forma das suas sementes, que se assemelham a l\u00e1grimas.<\/p>\n<h2><strong>Os benef\u00edcios da l\u00e1grima de J\u00f3<\/strong><\/h2>\n<p>Nas zonas tropicais, o\u00a0<strong>coix lacryma-jobi\u00a0<\/strong>sempre foi usado como rem\u00e9dio natural para tratar v\u00e1rias doen\u00e7as. As suas sementes cont\u00eam muitos princ\u00edpios ativos, incluindo glic\u00e9ridos de \u00e1cido palm\u00edtico. Mas tamb\u00e9m minerais como c\u00e1lcio, f\u00f3sforo, ferro, magn\u00e9sio, s\u00f3dio e pot\u00e1ssio. E, por fim, cont\u00e9m v\u00e1rias vitaminas dos grupos A, B (B1, B2, B6, B12) e C.<\/p>\n<p>Os\u00a0<strong>l\u00e1grimas de J\u00f3<\/strong>\u00a0s\u00e3o tradicionalmente utilizadas para aliviar uma s\u00e9rie de problemas de sa\u00fade. No entanto, foram realizadas pesquisas s\u00e9rias que revelaram ainda mais propriedades ben\u00e9ficas! Entre as doen\u00e7as que ela alivia, podemos citar: alergias, edema pulmonar e intestinal, dores de dentes, intoxica\u00e7\u00e3o alimentar, reten\u00e7\u00e3o de l\u00edquidos, diarreia, reumatismo, colesterol ruim, verrugas, problemas de pele...<\/p>\n<h3><strong>Propriedades do coix lacryma-jobi<\/strong><\/h3>\n<ul>\n<li><strong><a href=\"https:\/\/www.safinel.fr\/pt\/product-2\/caules-de-cerejas\/\">Diur\u00e9tico<\/a> :\u00a0<\/strong>Aumenta a secre\u00e7\u00e3o urin\u00e1ria. O que o torna um tratamento eficaz contra a reten\u00e7\u00e3o de l\u00edquidos, hipertens\u00e3o arterial, edemas e insufici\u00eancia card\u00edaca.<\/li>\n<li><strong>Analg\u00e9sico:\u00a0<\/strong>Acalma a dor. Na verdade, o\u00a0<strong>yi yi ren<\/strong>\u00a0\u00e9 tradicionalmente utilizado para aliviar dores de dentes, entre outras coisas.<\/li>\n<li><strong>Regula as hormonas:<\/strong>\u00a0Capacidade de diminuir certas hormonas, como a progesterona e a testosterona. Al\u00e9m disso, verificou-se uma diminui\u00e7\u00e3o dr\u00e1stica das dores menstruais.<\/li>\n<li><strong>T\u00f3nico geral do sistema imunit\u00e1rio e nervoso:<\/strong>\u00a0Devido \u00e0s suas propriedades, o\u00a0<strong>coix lacryma-jobi<\/strong>\u00a0acalma os estados nervosos e estimula o sistema imunit\u00e1rio em geral.<\/li>\n<li><strong>Anti-colesterol:<\/strong>\u00a0Um estudo realizado em ratos demonstrou um efeito na redu\u00e7\u00e3o do colesterol mau (alimentando-os com\u00a0<strong>l\u00e1grima de J\u00f3)<\/strong>.<\/li>\n<li><strong>Anticancro:\u00a0<\/strong>Na China, estudos demonstraram um efeito positivo no tratamento de cancros do p\u00e2ncreas, c\u00f3lon, f\u00edgado, pulm\u00e3o, mama, bem como da leucemia.<\/li>\n<\/ul>","protected":false},"excerpt":{"rendered":"<p>A planta chamada \u00abl\u00e1grima de J\u00f3\u201d na Europa ou yi yi ren na China \u00e9 realmente impressionante! Originalmente, era usada principalmente como planta alimentar e na medicina ancestral no Sudeste Asi\u00e1tico. Posteriormente, foi introduzida e cultivada na Europa para a fabrica\u00e7\u00e3o de ros\u00e1rios. Hoje em dia, usamo-la como [...]","protected":false},"featured_media":3467,"template":"","meta":[],"product_brand":[],"product_cat":[108],"product_tag":[],"class_list":{"0":"post-3466","1":"product","2":"type-product","3":"status-publish","4":"has-post-thumbnail","6":"product_cat-plantes-asiatiques","8":"first","9":"outofstock","10":"shipping-taxable","11":"purchasable","12":"product-type-simple"},"yoast_head":"<!-- This site is optimized with the Yoast SEO plugin v26.6 - https:\/\/yoast.com\/wordpress\/plugins\/seo\/ -->\n<title>Larme de Job I Yi Yi Ren I Plante aux bienfaits nombreux<\/title>\n<meta name=\"description\" content=\"La plante appel\u00e9e &quot;larme de Job\u201d en Europe ou\u00a0yi yi ren\u00a0en Chine est vraiment impressionnante ! D\u00e9couvrez-l\u00e0 sans plus attendre !\" \/>\n<meta name=\"robots\" content=\"index, follow, max-snippet:-1, max-image-preview:large, max-video-preview:-1\" \/>\n<link rel=\"canonical\" href=\"https:\/\/www.safinel.fr\/pt\/product-2\/lagrima-de-jo\/\" \/>\n<meta property=\"og:locale\" content=\"pt_PT\" \/>\n<meta property=\"og:type\" content=\"article\" \/>\n<meta property=\"og:title\" content=\"Larme de Job I Yi Yi Ren I Plante aux bienfaits nombreux\" \/>\n<meta property=\"og:description\" content=\"La plante appel\u00e9e &quot;larme de Job\u201d en Europe ou\u00a0yi yi ren\u00a0en Chine est vraiment impressionnante ! D\u00e9couvrez-l\u00e0 sans plus attendre !\" \/>\n<meta property=\"og:url\" content=\"https:\/\/www.safinel.fr\/pt\/product-2\/lagrima-de-jo\/\" \/>\n<meta property=\"og:site_name\" content=\"Safinel\" \/>\n<meta property=\"article:modified_time\" content=\"2024-11-26T18:34:41+00:00\" \/>\n<meta property=\"og:image\" content=\"https:\/\/www.safinel.fr\/wp-content\/uploads\/2022\/11\/larme-de-job-Yi-yi-ren.jpg\" \/>\n\t<meta property=\"og:image:width\" content=\"600\" \/>\n\t<meta property=\"og:image:height\" content=\"600\" \/>\n\t<meta property=\"og:image:type\" content=\"image\/jpeg\" \/>\n<meta name=\"twitter:card\" content=\"summary_large_image\" \/>\n<meta name=\"twitter:label1\" content=\"Tempo estimado de leitura\" \/>\n\t<meta name=\"twitter:data1\" content=\"3 minutos\" \/>\n<script type=\"application\/ld+json\" class=\"yoast-schema-graph\">{\"@context\":\"https:\/\/schema.org\",\"@graph\":[{\"@type\":\"WebPage\",\"@id\":\"https:\/\/www.safinel.fr\/produit\/larme-de-job\/\",\"url\":\"https:\/\/www.safinel.fr\/produit\/larme-de-job\/\",\"name\":\"Larme de Job I Yi Yi Ren I Plante aux bienfaits nombreux\",\"isPartOf\":{\"@id\":\"https:\/\/www.safinel.fr\/#website\"},\"primaryImageOfPage\":{\"@id\":\"https:\/\/www.safinel.fr\/produit\/larme-de-job\/#primaryimage\"},\"image\":{\"@id\":\"https:\/\/www.safinel.fr\/produit\/larme-de-job\/#primaryimage\"},\"thumbnailUrl\":\"https:\/\/www.safinel.fr\/wp-content\/uploads\/2022\/11\/larme-de-job-Yi-yi-ren.jpg\",\"datePublished\":\"2022-11-09T17:31:49+00:00\",\"dateModified\":\"2024-11-26T18:34:41+00:00\",\"description\":\"La plante appel\u00e9e \\\"larme de Job\u201d en Europe ou\u00a0yi yi ren\u00a0en Chine est vraiment impressionnante ! D\u00e9couvrez-l\u00e0 sans plus attendre !\",\"breadcrumb\":{\"@id\":\"https:\/\/www.safinel.fr\/produit\/larme-de-job\/#breadcrumb\"},\"inLanguage\":\"pt-PT\",\"potentialAction\":[{\"@type\":\"ReadAction\",\"target\":[\"https:\/\/www.safinel.fr\/produit\/larme-de-job\/\"]}]},{\"@type\":\"ImageObject\",\"inLanguage\":\"pt-PT\",\"@id\":\"https:\/\/www.safinel.fr\/produit\/larme-de-job\/#primaryimage\",\"url\":\"https:\/\/www.safinel.fr\/wp-content\/uploads\/2022\/11\/larme-de-job-Yi-yi-ren.jpg\",\"contentUrl\":\"https:\/\/www.safinel.fr\/wp-content\/uploads\/2022\/11\/larme-de-job-Yi-yi-ren.jpg\",\"width\":600,\"height\":600,\"caption\":\"Larmes de Job (Yi yi ren \u858f\u82e1\u4ec1) 100g\"},{\"@type\":\"BreadcrumbList\",\"@id\":\"https:\/\/www.safinel.fr\/produit\/larme-de-job\/#breadcrumb\",\"itemListElement\":[{\"@type\":\"ListItem\",\"position\":1,\"name\":\"Accueil\",\"item\":\"https:\/\/www.safinel.fr\/\"},{\"@type\":\"ListItem\",\"position\":2,\"name\":\"Boutique\",\"item\":\"https:\/\/www.safinel.fr\/boutique\/\"},{\"@type\":\"ListItem\",\"position\":3,\"name\":\"Larmes de Job (Yi yi ren \u858f\u82e1\u4ec1) 100g\"}]},{\"@type\":\"WebSite\",\"@id\":\"https:\/\/www.safinel.fr\/#website\",\"url\":\"https:\/\/www.safinel.fr\/\",\"name\":\"Safinel\",\"description\":\"\",\"publisher\":{\"@id\":\"https:\/\/www.safinel.fr\/#organization\"},\"potentialAction\":[{\"@type\":\"SearchAction\",\"target\":{\"@type\":\"EntryPoint\",\"urlTemplate\":\"https:\/\/www.safinel.fr\/?s={search_term_string}\"},\"query-input\":{\"@type\":\"PropertyValueSpecification\",\"valueRequired\":true,\"valueName\":\"search_term_string\"}}],\"inLanguage\":\"pt-PT\"},{\"@type\":\"Organization\",\"@id\":\"https:\/\/www.safinel.fr\/#organization\",\"name\":\"Safinel\",\"url\":\"https:\/\/www.safinel.fr\/\",\"logo\":{\"@type\":\"ImageObject\",\"inLanguage\":\"pt-PT\",\"@id\":\"https:\/\/www.safinel.fr\/#\/schema\/logo\/image\/\",\"url\":\"https:\/\/www.safinel.fr\/wp-content\/uploads\/2021\/05\/boutique-cosmetique.png\",\"contentUrl\":\"https:\/\/www.safinel.fr\/wp-content\/uploads\/2021\/05\/boutique-cosmetique.png\",\"width\":800,\"height\":200,\"caption\":\"Safinel\"},\"image\":{\"@id\":\"https:\/\/www.safinel.fr\/#\/schema\/logo\/image\/\"}}]}<\/script>\n<!-- \/ Yoast SEO plugin. -->","yoast_head_json":{"title":"L\u00e1grima de Job I Yi Yi Ren I Planta com in\u00fameros benef\u00edcios","description":"A planta chamada \"l\u00e1grima de J\u00f3\u201d na Europa ou yi yi ren na China \u00e9 realmente impressionante! Descubra-a sem mais demora!","robots":{"index":"index","follow":"follow","max-snippet":"max-snippet:-1","max-image-preview":"max-image-preview:large","max-video-preview":"max-video-preview:-1"},"canonical":"https:\/\/www.safinel.fr\/pt\/product-2\/lagrima-de-jo\/","og_locale":"pt_PT","og_type":"article","og_title":"Larme de Job I Yi Yi Ren I Plante aux bienfaits nombreux","og_description":"La plante appel\u00e9e \"larme de Job\u201d en Europe ou\u00a0yi yi ren\u00a0en Chine est vraiment impressionnante ! D\u00e9couvrez-l\u00e0 sans plus attendre !","og_url":"https:\/\/www.safinel.fr\/pt\/product-2\/lagrima-de-jo\/","og_site_name":"Safinel","article_modified_time":"2024-11-26T18:34:41+00:00","og_image":[{"width":600,"height":600,"url":"https:\/\/www.safinel.fr\/wp-content\/uploads\/2022\/11\/larme-de-job-Yi-yi-ren.jpg","type":"image\/jpeg"}],"twitter_card":"summary_large_image","twitter_misc":{"Tempo estimado de leitura":"3 minutos"},"schema":{"@context":"https:\/\/schema.org","@graph":[{"@type":"WebPage","@id":"https:\/\/www.safinel.fr\/produit\/larme-de-job\/","url":"https:\/\/www.safinel.fr\/produit\/larme-de-job\/","name":"L\u00e1grima de Job I Yi Yi Ren I Planta com in\u00fameros benef\u00edcios","isPartOf":{"@id":"https:\/\/www.safinel.fr\/#website"},"primaryImageOfPage":{"@id":"https:\/\/www.safinel.fr\/produit\/larme-de-job\/#primaryimage"},"image":{"@id":"https:\/\/www.safinel.fr\/produit\/larme-de-job\/#primaryimage"},"thumbnailUrl":"https:\/\/www.safinel.fr\/wp-content\/uploads\/2022\/11\/larme-de-job-Yi-yi-ren.jpg","datePublished":"2022-11-09T17:31:49+00:00","dateModified":"2024-11-26T18:34:41+00:00","description":"A planta chamada \"l\u00e1grima de J\u00f3\u201d na Europa ou yi yi ren na China \u00e9 realmente impressionante! Descubra-a sem mais demora!","breadcrumb":{"@id":"https:\/\/www.safinel.fr\/produit\/larme-de-job\/#breadcrumb"},"inLanguage":"pt-PT","potentialAction":[{"@type":"ReadAction","target":["https:\/\/www.safinel.fr\/produit\/larme-de-job\/"]}]},{"@type":"ImageObject","inLanguage":"pt-PT","@id":"https:\/\/www.safinel.fr\/produit\/larme-de-job\/#primaryimage","url":"https:\/\/www.safinel.fr\/wp-content\/uploads\/2022\/11\/larme-de-job-Yi-yi-ren.jpg","contentUrl":"https:\/\/www.safinel.fr\/wp-content\/uploads\/2022\/11\/larme-de-job-Yi-yi-ren.jpg","width":600,"height":600,"caption":"Larmes de Job (Yi yi ren \u858f\u82e1\u4ec1) 100g"},{"@type":"BreadcrumbList","@id":"https:\/\/www.safinel.fr\/produit\/larme-de-job\/#breadcrumb","itemListElement":[{"@type":"ListItem","position":1,"name":"Accueil","item":"https:\/\/www.safinel.fr\/"},{"@type":"ListItem","position":2,"name":"Boutique","item":"https:\/\/www.safinel.fr\/boutique\/"},{"@type":"ListItem","position":3,"name":"Larmes de Job (Yi yi ren \u858f\u82e1\u4ec1) 100g"}]},{"@type":"WebSite","@id":"https:\/\/www.safinel.fr\/#website","url":"https:\/\/www.safinel.fr\/","name":"Safinel","description":"","publisher":{"@id":"https:\/\/www.safinel.fr\/#organization"},"potentialAction":[{"@type":"SearchAction","target":{"@type":"EntryPoint","urlTemplate":"https:\/\/www.safinel.fr\/?s={search_term_string}"},"query-input":{"@type":"PropertyValueSpecification","valueRequired":true,"valueName":"search_term_string"}}],"inLanguage":"pt-PT"},{"@type":"Organization","@id":"https:\/\/www.safinel.fr\/#organization","name":"Safinel","url":"https:\/\/www.safinel.fr\/","logo":{"@type":"ImageObject","inLanguage":"pt-PT","@id":"https:\/\/www.safinel.fr\/#\/schema\/logo\/image\/","url":"https:\/\/www.safinel.fr\/wp-content\/uploads\/2021\/05\/boutique-cosmetique.png","contentUrl":"https:\/\/www.safinel.fr\/wp-content\/uploads\/2021\/05\/boutique-cosmetique.png","width":800,"height":200,"caption":"Safinel"},"image":{"@id":"https:\/\/www.safinel.fr\/#\/schema\/logo\/image\/"}}]}},"_links":{"self":[{"href":"https:\/\/www.safinel.fr\/pt\/wp-json\/wp\/v2\/product\/3466","targetHints":{"allow":["GET"]}}],"collection":[{"href":"https:\/\/www.safinel.fr\/pt\/wp-json\/wp\/v2\/product"}],"about":[{"href":"https:\/\/www.safinel.fr\/pt\/wp-json\/wp\/v2\/types\/product"}],"wp:featuredmedia":[{"embeddable":true,"href":"https:\/\/www.safinel.fr\/pt\/wp-json\/wp\/v2\/media\/3467"}],"wp:attachment":[{"href":"https:\/\/www.safinel.fr\/pt\/wp-json\/wp\/v2\/media?parent=3466"}],"wp:term":[{"taxonomy":"product_brand","embeddable":true,"href":"https:\/\/www.safinel.fr\/pt\/wp-json\/wp\/v2\/product_brand?post=3466"},{"taxonomy":"product_cat","embeddable":true,"href":"https:\/\/www.safinel.fr\/pt\/wp-json\/wp\/v2\/product_cat?post=3466"},{"taxonomy":"product_tag","embeddable":true,"href":"https:\/\/www.safinel.fr\/pt\/wp-json\/wp\/v2\/product_tag?post=3466"}],"curies":[{"name":"wp","href":"https:\/\/api.w.org\/{rel}","templated":true}]}}