{"id":3324,"date":"2022-10-28T09:43:04","date_gmt":"2022-10-28T09:43:04","guid":{"rendered":"https:\/\/www.safinel.fr\/?post_type=product&#038;p=3324"},"modified":"2023-12-30T12:25:42","modified_gmt":"2023-12-30T12:25:42","slug":"do-zhong-eucommia-ulmoides","status":"publish","type":"product","link":"https:\/\/www.safinel.fr\/pt\/product-2\/do-zhong-eucommia-ulmoides\/","title":{"rendered":"Du zhong (casca de Eucomine) 100 g"},"content":{"rendered":"<p>A casca de Eucomine Du Zhong \u00e9 utilizada pelos seus efeitos tonificantes no\u00a0<strong>f\u00edgado<\/strong>, o\u00a0<strong>rim<\/strong>, os\u00a0<strong>tend\u00f5es<\/strong>\u00a0e os\u00a0<strong>ossos<\/strong>. Este medicamento natural faz parte da medicina natural chinesa. Desconhecido no Ocidente durante s\u00e9culos, tem vindo a ganhar notoriedade nos \u00faltimos anos. Assim, \u00e9 frequentemente utilizado em tratamentos fitoter\u00e1picos.\u00a0<strong>F\u00e1cil de preparar<\/strong>, poder\u00e1 recuperar as energias naturalmente em casa.<\/p>\n<h2><strong>O que \u00e9 a casca de Eucomine Du Zhong?<\/strong><\/h2>\n<p>Esta \u00e1rvore \u00e9 origin\u00e1ria da China, mas pode crescer em todos os solos h\u00famidos. Para que a sua casca tenha propriedades tonificantes, o tronco deve ter pelo menos 15 anos de idade.<\/p>\n<p>A lenda chinesa conta que um homem chamado\u00a0<strong>Du Zhong<\/strong>\u00a0costumava consumir a casca dessa \u00e1rvore todos os dias. Foi assim que ele melhorou consideravelmente o seu desempenho intelectual e a sua esperan\u00e7a de vida at\u00e9 aos 100 anos.<\/p>\n<p>A casca recebeu o nome desse homem. Hoje, se voc\u00ea estiver procurando por esse rem\u00e9dio natural, ser\u00e1 mais f\u00e1cil encontr\u00e1-lo com esse nome.<\/p>\n<h2><strong>Eucommia ulmoides (\u675c\u4ef2): um estimulante renal e hep\u00e1tico<\/strong><\/h2>\n<p>Os princ\u00edpios ativos atuam sobre\u00a0<strong>o f\u00edgado e os rins<\/strong>. O f\u00edgado vai assim\u00a0<strong>aumentar a sua vitalidade<\/strong>. Por isso, vai ser muito\u00a0<strong>mais eficiente<\/strong>\u00a0para armazenar e redistribuir as energias ao seu organismo. \u00c9 uma condi\u00e7\u00e3o sine qua non para que se sinta\u00a0<strong>em forma<\/strong>. O rim, por sua vez, ser\u00e1 livrado do excesso de toxinas e poder\u00e1 assim continuar a eliminar os res\u00edduos org\u00e2nicos para o equil\u00edbrio do seu corpo.<\/p>\n<h3><strong>Um regulador da press\u00e3o arterial<\/strong><\/h3>\n<p>Aqui, conhecemos a \u00e1rvore, sobretudo, pela sua a\u00e7\u00e3o sobre a\u2019<strong>hipertens\u00e3o<\/strong>. De facto, estudos comprovaram que a sua a\u00e7\u00e3o permite baixar a tens\u00e3o arterial. Por isso, \u00e9 utilizado para prevenir, mas tamb\u00e9m\u00a0<strong>curar doen\u00e7as cardiovasculares\u00a0<\/strong>uma vez que a hipertens\u00e3o \u00e9 uma das suas principais causas. Para uma boa regula\u00e7\u00e3o, tente tamb\u00e9m\u00a0<a href=\"https:\/\/www.safinel.fr\/pt\/product-2\/folhas-de-fumbwa\/\"><strong>as folhas de Fumbwa<\/strong><\/a>\u00a0comer como vegetais<\/p>\n<h2><strong>Fortalecer os tend\u00f5es e os ossos com Du Zhong<\/strong><\/h2>\n<p>Os chineses conhecem-no como um rem\u00e9dio que\u00a0<strong>alivia as dores musculares<\/strong>, mas tamb\u00e9m os\u00a0<strong>fraqueza \u00f3ssea e ligamentar<\/strong>. O seu consumo regular cura as\u00a0<strong>dores lombares<\/strong>\u00a0e inflama\u00e7\u00f5es, nomeadamente a\u2019<strong>artrite<\/strong>. Tamb\u00e9m \u00e9 recomendada para\u00a0<strong>aliviar a osteoartrite<\/strong>.<\/p>\n<h3><strong>O amigo dos diab\u00e9ticos<\/strong><\/h3>\n<p>A ingest\u00e3o de Du Zhong\u00a0<strong>(\u675c\u4ef2)<\/strong>, como\u00a0<a href=\"https:\/\/www.safinel.fr\/pt\/product-2\/moringa\/\"><strong>o p\u00f3 de<\/strong>\u00a0<strong>Moringa<\/strong><\/a>, vai ajudar a\u00a0<strong>reduzir o n\u00edvel de a\u00e7\u00facar<\/strong>\u00a0quando este aumenta demasiado. \u00c9 o tratamento natural indispens\u00e1vel para diab\u00e9ticos, como a\u00a0<a href=\"https:\/\/www.safinel.fr\/pt\/product-2\/raiz-de-rehmannia\/\"><strong>raiz de Rehmannia<\/strong><\/a>. No entanto, como qualquer medicamento natural, ser\u00e1 necess\u00e1rio esperar semanas para ver resultados conclusivos.<\/p>\n<h3><strong>O Du Zhong pode ser administrado a todas as pessoas?<\/strong><\/h3>\n<p>\u00c9 contraindicado para pessoas que tomam medicamentos para tratar diabetes, hipertens\u00e3o e todos os problemas relacionados com a coagula\u00e7\u00e3o sangu\u00ednea.<\/p>\n<h3><strong>Como preparar Eucommia ulmoides (\u675c\u4ef2)?<\/strong><\/h3>\n<ul>\n<li>A dose di\u00e1ria recomendada \u00e9 de 15 gramas, a preparar em decoc\u00e7\u00e3o.<\/li>\n<li>Lave e corte em peda\u00e7os a quantidade desejada.<\/li>\n<li>Deixe ferver por um quarto de hora e coe antes de beber.<\/li>\n<\/ul>\n<p>Lembramos que, ao contr\u00e1rio dos medicamentos qu\u00edmicos, os tratamentos naturais precisam ser tomados regularmente e por um per\u00edodo mais ou menos longo para terem um efeito duradouro. Espere de 3 a 5 semanas para ver resultados conclusivos.<\/p>","protected":false},"excerpt":{"rendered":"<p>A casca de Eucomine Du Zhong \u00e9 utilizada pelos seus efeitos tonificantes no f\u00edgado, rins, tend\u00f5es e ossos. Este medicamento natural faz parte da medicina natural chinesa. Desconhecido no Ocidente durante s\u00e9culos, tem vindo a ganhar notoriedade nos \u00faltimos anos. Assim, \u00e9 frequentemente utilizado no tratamento fitoter\u00e1pico. F\u00e1cil de preparar, poder\u00e1 [\u2026]","protected":false},"featured_media":3325,"template":"","meta":[],"product_brand":[],"product_cat":[15],"product_tag":[],"class_list":{"0":"post-3324","1":"product","2":"type-product","3":"status-publish","4":"has-post-thumbnail","6":"product_cat-fertilite","8":"first","9":"instock","10":"shipping-taxable","11":"purchasable","12":"product-type-simple"},"yoast_head":"<!-- This site is optimized with the Yoast SEO plugin v26.6 - https:\/\/yoast.com\/wordpress\/plugins\/seo\/ -->\n<title>Du zhong I Eucommia ulmoides (\u675c\u4ef2) I Contenance 100g<\/title>\n<meta name=\"description\" content=\"L\u2019\u00e9corce d\u2019Eucomine Du Zhong est utilis\u00e9e pour ses effets tonifiants sur le\u00a0foie, le\u00a0rein, les\u00a0tendons\u00a0et les\u00a0os. D\u00e9couvrez-l\u00e0 sans plus attendre !\" \/>\n<meta name=\"robots\" content=\"index, follow, max-snippet:-1, max-image-preview:large, max-video-preview:-1\" \/>\n<link rel=\"canonical\" href=\"https:\/\/www.safinel.fr\/pt\/product-2\/do-zhong-eucommia-ulmoides\/\" \/>\n<meta property=\"og:locale\" content=\"pt_PT\" \/>\n<meta property=\"og:type\" content=\"article\" \/>\n<meta property=\"og:title\" content=\"Du zhong I Eucommia ulmoides (\u675c\u4ef2) I Contenance 100g\" \/>\n<meta property=\"og:description\" content=\"L\u2019\u00e9corce d\u2019Eucomine Du Zhong est utilis\u00e9e pour ses effets tonifiants sur le\u00a0foie, le\u00a0rein, les\u00a0tendons\u00a0et les\u00a0os. D\u00e9couvrez-l\u00e0 sans plus attendre !\" \/>\n<meta property=\"og:url\" content=\"https:\/\/www.safinel.fr\/pt\/product-2\/do-zhong-eucommia-ulmoides\/\" \/>\n<meta property=\"og:site_name\" content=\"Safinel\" \/>\n<meta property=\"article:modified_time\" content=\"2023-12-30T12:25:42+00:00\" \/>\n<meta property=\"og:image\" content=\"https:\/\/www.safinel.fr\/wp-content\/uploads\/2022\/10\/ecorce-dEucomine.jpg\" \/>\n\t<meta property=\"og:image:width\" content=\"600\" \/>\n\t<meta property=\"og:image:height\" content=\"600\" \/>\n\t<meta property=\"og:image:type\" content=\"image\/jpeg\" \/>\n<meta name=\"twitter:card\" content=\"summary_large_image\" \/>\n<meta name=\"twitter:label1\" content=\"Tempo estimado de leitura\" \/>\n\t<meta name=\"twitter:data1\" content=\"3 minutos\" \/>\n<script type=\"application\/ld+json\" class=\"yoast-schema-graph\">{\"@context\":\"https:\/\/schema.org\",\"@graph\":[{\"@type\":\"WebPage\",\"@id\":\"https:\/\/www.safinel.fr\/produit\/du-zhong-eucommia-ulmoides\/\",\"url\":\"https:\/\/www.safinel.fr\/produit\/du-zhong-eucommia-ulmoides\/\",\"name\":\"Du zhong I Eucommia ulmoides (\u675c\u4ef2) I Contenance 100g\",\"isPartOf\":{\"@id\":\"https:\/\/www.safinel.fr\/#website\"},\"primaryImageOfPage\":{\"@id\":\"https:\/\/www.safinel.fr\/produit\/du-zhong-eucommia-ulmoides\/#primaryimage\"},\"image\":{\"@id\":\"https:\/\/www.safinel.fr\/produit\/du-zhong-eucommia-ulmoides\/#primaryimage\"},\"thumbnailUrl\":\"https:\/\/www.safinel.fr\/wp-content\/uploads\/2022\/10\/ecorce-dEucomine.jpg\",\"datePublished\":\"2022-10-28T09:43:04+00:00\",\"dateModified\":\"2023-12-30T12:25:42+00:00\",\"description\":\"L\u2019\u00e9corce d\u2019Eucomine Du Zhong est utilis\u00e9e pour ses effets tonifiants sur le\u00a0foie, le\u00a0rein, les\u00a0tendons\u00a0et les\u00a0os. D\u00e9couvrez-l\u00e0 sans plus attendre !\",\"breadcrumb\":{\"@id\":\"https:\/\/www.safinel.fr\/produit\/du-zhong-eucommia-ulmoides\/#breadcrumb\"},\"inLanguage\":\"pt-PT\",\"potentialAction\":[{\"@type\":\"ReadAction\",\"target\":[\"https:\/\/www.safinel.fr\/produit\/du-zhong-eucommia-ulmoides\/\"]}]},{\"@type\":\"ImageObject\",\"inLanguage\":\"pt-PT\",\"@id\":\"https:\/\/www.safinel.fr\/produit\/du-zhong-eucommia-ulmoides\/#primaryimage\",\"url\":\"https:\/\/www.safinel.fr\/wp-content\/uploads\/2022\/10\/ecorce-dEucomine.jpg\",\"contentUrl\":\"https:\/\/www.safinel.fr\/wp-content\/uploads\/2022\/10\/ecorce-dEucomine.jpg\",\"width\":600,\"height\":600,\"caption\":\"Du zhong (\u00c9corce d\u2019Eucomine) 100g\"},{\"@type\":\"BreadcrumbList\",\"@id\":\"https:\/\/www.safinel.fr\/produit\/du-zhong-eucommia-ulmoides\/#breadcrumb\",\"itemListElement\":[{\"@type\":\"ListItem\",\"position\":1,\"name\":\"Accueil\",\"item\":\"https:\/\/www.safinel.fr\/\"},{\"@type\":\"ListItem\",\"position\":2,\"name\":\"Boutique\",\"item\":\"https:\/\/www.safinel.fr\/boutique\/\"},{\"@type\":\"ListItem\",\"position\":3,\"name\":\"Du zhong (\u00c9corce d&#8217;Eucomine) 100g\"}]},{\"@type\":\"WebSite\",\"@id\":\"https:\/\/www.safinel.fr\/#website\",\"url\":\"https:\/\/www.safinel.fr\/\",\"name\":\"Safinel\",\"description\":\"\",\"publisher\":{\"@id\":\"https:\/\/www.safinel.fr\/#organization\"},\"potentialAction\":[{\"@type\":\"SearchAction\",\"target\":{\"@type\":\"EntryPoint\",\"urlTemplate\":\"https:\/\/www.safinel.fr\/?s={search_term_string}\"},\"query-input\":{\"@type\":\"PropertyValueSpecification\",\"valueRequired\":true,\"valueName\":\"search_term_string\"}}],\"inLanguage\":\"pt-PT\"},{\"@type\":\"Organization\",\"@id\":\"https:\/\/www.safinel.fr\/#organization\",\"name\":\"Safinel\",\"url\":\"https:\/\/www.safinel.fr\/\",\"logo\":{\"@type\":\"ImageObject\",\"inLanguage\":\"pt-PT\",\"@id\":\"https:\/\/www.safinel.fr\/#\/schema\/logo\/image\/\",\"url\":\"https:\/\/www.safinel.fr\/wp-content\/uploads\/2021\/05\/boutique-cosmetique.png\",\"contentUrl\":\"https:\/\/www.safinel.fr\/wp-content\/uploads\/2021\/05\/boutique-cosmetique.png\",\"width\":800,\"height\":200,\"caption\":\"Safinel\"},\"image\":{\"@id\":\"https:\/\/www.safinel.fr\/#\/schema\/logo\/image\/\"}}]}<\/script>\n<!-- \/ Yoast SEO plugin. -->","yoast_head_json":{"title":"Du zhong I Eucommia ulmoides (\u675c\u4ef2) I Conte\u00fado 100 g","description":"A casca de Eucomine Du Zhong \u00e9 utilizada pelos seus efeitos tonificantes no f\u00edgado, rins, tend\u00f5es e ossos. Descubra-a sem mais demora!","robots":{"index":"index","follow":"follow","max-snippet":"max-snippet:-1","max-image-preview":"max-image-preview:large","max-video-preview":"max-video-preview:-1"},"canonical":"https:\/\/www.safinel.fr\/pt\/product-2\/do-zhong-eucommia-ulmoides\/","og_locale":"pt_PT","og_type":"article","og_title":"Du zhong I Eucommia ulmoides (\u675c\u4ef2) I Contenance 100g","og_description":"L\u2019\u00e9corce d\u2019Eucomine Du Zhong est utilis\u00e9e pour ses effets tonifiants sur le\u00a0foie, le\u00a0rein, les\u00a0tendons\u00a0et les\u00a0os. D\u00e9couvrez-l\u00e0 sans plus attendre !","og_url":"https:\/\/www.safinel.fr\/pt\/product-2\/do-zhong-eucommia-ulmoides\/","og_site_name":"Safinel","article_modified_time":"2023-12-30T12:25:42+00:00","og_image":[{"width":600,"height":600,"url":"https:\/\/www.safinel.fr\/wp-content\/uploads\/2022\/10\/ecorce-dEucomine.jpg","type":"image\/jpeg"}],"twitter_card":"summary_large_image","twitter_misc":{"Tempo estimado de leitura":"3 minutos"},"schema":{"@context":"https:\/\/schema.org","@graph":[{"@type":"WebPage","@id":"https:\/\/www.safinel.fr\/produit\/du-zhong-eucommia-ulmoides\/","url":"https:\/\/www.safinel.fr\/produit\/du-zhong-eucommia-ulmoides\/","name":"Du zhong I Eucommia ulmoides (\u675c\u4ef2) I Conte\u00fado 100 g","isPartOf":{"@id":"https:\/\/www.safinel.fr\/#website"},"primaryImageOfPage":{"@id":"https:\/\/www.safinel.fr\/produit\/du-zhong-eucommia-ulmoides\/#primaryimage"},"image":{"@id":"https:\/\/www.safinel.fr\/produit\/du-zhong-eucommia-ulmoides\/#primaryimage"},"thumbnailUrl":"https:\/\/www.safinel.fr\/wp-content\/uploads\/2022\/10\/ecorce-dEucomine.jpg","datePublished":"2022-10-28T09:43:04+00:00","dateModified":"2023-12-30T12:25:42+00:00","description":"A casca de Eucomine Du Zhong \u00e9 utilizada pelos seus efeitos tonificantes no f\u00edgado, rins, tend\u00f5es e ossos. Descubra-a sem mais demora!","breadcrumb":{"@id":"https:\/\/www.safinel.fr\/produit\/du-zhong-eucommia-ulmoides\/#breadcrumb"},"inLanguage":"pt-PT","potentialAction":[{"@type":"ReadAction","target":["https:\/\/www.safinel.fr\/produit\/du-zhong-eucommia-ulmoides\/"]}]},{"@type":"ImageObject","inLanguage":"pt-PT","@id":"https:\/\/www.safinel.fr\/produit\/du-zhong-eucommia-ulmoides\/#primaryimage","url":"https:\/\/www.safinel.fr\/wp-content\/uploads\/2022\/10\/ecorce-dEucomine.jpg","contentUrl":"https:\/\/www.safinel.fr\/wp-content\/uploads\/2022\/10\/ecorce-dEucomine.jpg","width":600,"height":600,"caption":"Du zhong (\u00c9corce d\u2019Eucomine) 100g"},{"@type":"BreadcrumbList","@id":"https:\/\/www.safinel.fr\/produit\/du-zhong-eucommia-ulmoides\/#breadcrumb","itemListElement":[{"@type":"ListItem","position":1,"name":"Accueil","item":"https:\/\/www.safinel.fr\/"},{"@type":"ListItem","position":2,"name":"Boutique","item":"https:\/\/www.safinel.fr\/boutique\/"},{"@type":"ListItem","position":3,"name":"Du zhong (\u00c9corce d&#8217;Eucomine) 100g"}]},{"@type":"WebSite","@id":"https:\/\/www.safinel.fr\/#website","url":"https:\/\/www.safinel.fr\/","name":"Safinel","description":"","publisher":{"@id":"https:\/\/www.safinel.fr\/#organization"},"potentialAction":[{"@type":"SearchAction","target":{"@type":"EntryPoint","urlTemplate":"https:\/\/www.safinel.fr\/?s={search_term_string}"},"query-input":{"@type":"PropertyValueSpecification","valueRequired":true,"valueName":"search_term_string"}}],"inLanguage":"pt-PT"},{"@type":"Organization","@id":"https:\/\/www.safinel.fr\/#organization","name":"Safinel","url":"https:\/\/www.safinel.fr\/","logo":{"@type":"ImageObject","inLanguage":"pt-PT","@id":"https:\/\/www.safinel.fr\/#\/schema\/logo\/image\/","url":"https:\/\/www.safinel.fr\/wp-content\/uploads\/2021\/05\/boutique-cosmetique.png","contentUrl":"https:\/\/www.safinel.fr\/wp-content\/uploads\/2021\/05\/boutique-cosmetique.png","width":800,"height":200,"caption":"Safinel"},"image":{"@id":"https:\/\/www.safinel.fr\/#\/schema\/logo\/image\/"}}]}},"_links":{"self":[{"href":"https:\/\/www.safinel.fr\/pt\/wp-json\/wp\/v2\/product\/3324","targetHints":{"allow":["GET"]}}],"collection":[{"href":"https:\/\/www.safinel.fr\/pt\/wp-json\/wp\/v2\/product"}],"about":[{"href":"https:\/\/www.safinel.fr\/pt\/wp-json\/wp\/v2\/types\/product"}],"wp:featuredmedia":[{"embeddable":true,"href":"https:\/\/www.safinel.fr\/pt\/wp-json\/wp\/v2\/media\/3325"}],"wp:attachment":[{"href":"https:\/\/www.safinel.fr\/pt\/wp-json\/wp\/v2\/media?parent=3324"}],"wp:term":[{"taxonomy":"product_brand","embeddable":true,"href":"https:\/\/www.safinel.fr\/pt\/wp-json\/wp\/v2\/product_brand?post=3324"},{"taxonomy":"product_cat","embeddable":true,"href":"https:\/\/www.safinel.fr\/pt\/wp-json\/wp\/v2\/product_cat?post=3324"},{"taxonomy":"product_tag","embeddable":true,"href":"https:\/\/www.safinel.fr\/pt\/wp-json\/wp\/v2\/product_tag?post=3324"}],"curies":[{"name":"wp","href":"https:\/\/api.w.org\/{rel}","templated":true}]}}