{"id":3317,"date":"2021-10-27T09:52:03","date_gmt":"2021-10-27T09:52:03","guid":{"rendered":"https:\/\/www.safinel.fr\/?post_type=product&#038;p=3317"},"modified":"2024-01-22T16:40:07","modified_gmt":"2024-01-22T16:40:07","slug":"cha-para-cabelos","status":"publish","type":"product","link":"https:\/\/www.safinel.fr\/pt\/product-2\/cha-para-cabelos\/","title":{"rendered":"Ch\u00e1 para o cabelo"},"content":{"rendered":"<p>A sua loja online Safinel tem uma surpresa para si! Descubra j\u00e1 um\u00a0<strong>cosm\u00e9ticos capilares naturais\u00a0<\/strong>que rapidamente o seduzir\u00e1. D\u00ea lugar \u00e0<strong>\u00a0ch\u00e1 para cabelos<\/strong>\u00a0!<\/p>\n<h2><strong>Apresenta\u00e7\u00f5es da infus\u00e3o para cabelos\u00a0<\/strong><\/h2>\n<p>Baob\u00e1, nim, moringa e hibisco: eis uma mistura habilmente concebida para um\u00a0<strong><a href=\"https:\/\/www.safinel.fr\/pt\/product-category-2\/botox-capilar\/\">cuidados com os cabelos<\/a>\u00a0<\/strong>que promete! Na verdade, a sua loja Safinel deseja apresentar-lhe a<strong>\u00a0ch\u00e1 para cabelos<\/strong>\u00a0Muito conhecida em alguns pa\u00edses africanos, esta infus\u00e3o \u00e9 uma composi\u00e7\u00e3o de ingredientes muito \u00fateis, nomeadamente para o\u00a0<strong>tratamento capilar<\/strong>.<\/p>\n<p>Al\u00e9m disso, considerada um produto 3 em 1, m\u00e1scara, champ\u00f4 e creme, pode muito bem tornar-se indispens\u00e1vel na sua casa de banho! O seu frasco de 100 g \u00e9 uma verdadeira vantagem para quem deseja desfrutar de cuidados capilares duradouros.<\/p>\n<h2><strong>Como usar a infus\u00e3o para cabelos\u00a0<\/strong><\/h2>\n<p>Agora que est\u00e1 convencido disso<strong>\u00a0cuidados com os cabelos<\/strong>, \u00e9 hora de entrar no assunto e falar sobre a pr\u00e1tica!<\/p>\n<ul>\n<li>Primeiro, pegue um recipiente grande.<\/li>\n<li>Em seguida, adicione cerca de 1 colher e meia de<strong>\u00a0ch\u00e1 para cabelos<\/strong>.<\/li>\n<li>Ao mesmo tempo, ferva cerca de 2 litros de \u00e1gua.<\/li>\n<li>Depois de ferver, despeje no recipiente que cont\u00e9m as folhas de ch\u00e1.<\/li>\n<li>Cubra e deixe repousar. Deite fora as folhas de ch\u00e1.<\/li>\n<li>E agora aproveite esta infus\u00e3o como deve ser, aplicando diretamente no seu cabelo!<\/li>\n<\/ul>\n<h3><strong>A sua loja Safinel tem novidades para si!\u00a0<\/strong><\/h3>\n<p>Para terminar, se tamb\u00e9m gosta de surpresas, pode ter a certeza de que vai ficar satisfeito! Na verdade, a sua loja online especializada em\u00a0<strong>produtos de bem-estar<\/strong>\u00a0gostaria de lhe apresentar algumas novidades.<\/p>\n<p>Primeiro, vamos come\u00e7ar com um produto para mulheres! J\u00e1 ouviu falar do<a href=\"https:\/\/www.safinel.fr\/pt\/product-2\/yokebe\/\">\u2019<strong>\u00f3leo de yokobe<\/strong><\/a>\u00a0Esta \u00faltima \u00e9 conhecida por dar volume ao traseiro. Senhoras, preparem-se para causar inveja...<\/p>\n<p>Em seguida, descubra o\u00a0<a href=\"https:\/\/www.safinel.fr\/pt\/product-2\/turkesterona-em-po\/\"><strong>Turkesterona<\/strong><\/a>\u00a0Um produto que parece ser ben\u00e9fico para os desportistas e, sobretudo, para ganhar massa muscular.<\/p>","protected":false},"excerpt":{"rendered":"<p>A sua loja online Safinel tem uma surpresa para si! Descubra j\u00e1 um cosm\u00e9tico capilar natural que rapidamente o vai conquistar. D\u00ea as boas-vindas \u00e0 infus\u00e3o para cabelos! Apresentamos a infus\u00e3o para cabelos Baob\u00e1, nim, moringa e hibisco: uma mistura cuidadosamente concebida para um tratamento capilar promissor! Na verdade, a sua loja [\u2026]","protected":false},"featured_media":4093,"template":"","meta":[],"product_brand":[],"product_cat":[19],"product_tag":[],"class_list":{"0":"post-3317","1":"product","2":"type-product","3":"status-publish","4":"has-post-thumbnail","6":"product_cat-thes-tisanes","8":"first","9":"outofstock","10":"shipping-taxable","11":"purchasable","12":"product-type-simple"},"yoast_head":"<!-- This site is optimized with the Yoast SEO plugin v26.6 - https:\/\/yoast.com\/wordpress\/plugins\/seo\/ -->\n<title>Tisane pour cheveux I Cosm\u00e9tique capillaire I Soin cheveux<\/title>\n<meta name=\"description\" content=\"D\u00e9couvrez sans plus attendre un\u00a0cosm\u00e9tique capillaire naturel\u00a0qui risque de rapidement vous s\u00e9duire. Place \u00e0 la\u00a0tisane pour cheveux\u00a0!\" \/>\n<meta name=\"robots\" content=\"index, follow, max-snippet:-1, max-image-preview:large, max-video-preview:-1\" \/>\n<link rel=\"canonical\" href=\"https:\/\/www.safinel.fr\/pt\/product-2\/cha-para-cabelos\/\" \/>\n<meta property=\"og:locale\" content=\"pt_PT\" \/>\n<meta property=\"og:type\" content=\"article\" \/>\n<meta property=\"og:title\" content=\"Tisane pour cheveux I Cosm\u00e9tique capillaire I Soin cheveux\" \/>\n<meta property=\"og:description\" content=\"D\u00e9couvrez sans plus attendre un\u00a0cosm\u00e9tique capillaire naturel\u00a0qui risque de rapidement vous s\u00e9duire. Place \u00e0 la\u00a0tisane pour cheveux\u00a0!\" \/>\n<meta property=\"og:url\" content=\"https:\/\/www.safinel.fr\/pt\/product-2\/cha-para-cabelos\/\" \/>\n<meta property=\"og:site_name\" content=\"Safinel\" \/>\n<meta property=\"article:modified_time\" content=\"2024-01-22T16:40:07+00:00\" \/>\n<meta property=\"og:image\" content=\"https:\/\/www.safinel.fr\/wp-content\/uploads\/2021\/10\/tisane-cheveux.jpg\" \/>\n\t<meta property=\"og:image:width\" content=\"586\" \/>\n\t<meta property=\"og:image:height\" content=\"600\" \/>\n\t<meta property=\"og:image:type\" content=\"image\/jpeg\" \/>\n<meta name=\"twitter:card\" content=\"summary_large_image\" \/>\n<meta name=\"twitter:label1\" content=\"Tempo estimado de leitura\" \/>\n\t<meta name=\"twitter:data1\" content=\"2 minutos\" \/>\n<script type=\"application\/ld+json\" class=\"yoast-schema-graph\">{\"@context\":\"https:\/\/schema.org\",\"@graph\":[{\"@type\":\"WebPage\",\"@id\":\"https:\/\/www.safinel.fr\/produit\/tisane-pour-cheveux\/\",\"url\":\"https:\/\/www.safinel.fr\/produit\/tisane-pour-cheveux\/\",\"name\":\"Tisane pour cheveux I Cosm\u00e9tique capillaire I Soin cheveux\",\"isPartOf\":{\"@id\":\"https:\/\/www.safinel.fr\/#website\"},\"primaryImageOfPage\":{\"@id\":\"https:\/\/www.safinel.fr\/produit\/tisane-pour-cheveux\/#primaryimage\"},\"image\":{\"@id\":\"https:\/\/www.safinel.fr\/produit\/tisane-pour-cheveux\/#primaryimage\"},\"thumbnailUrl\":\"https:\/\/www.safinel.fr\/wp-content\/uploads\/2021\/10\/tisane-cheveux.jpg\",\"datePublished\":\"2021-10-27T09:52:03+00:00\",\"dateModified\":\"2024-01-22T16:40:07+00:00\",\"description\":\"D\u00e9couvrez sans plus attendre un\u00a0cosm\u00e9tique capillaire naturel\u00a0qui risque de rapidement vous s\u00e9duire. Place \u00e0 la\u00a0tisane pour cheveux\u00a0!\",\"breadcrumb\":{\"@id\":\"https:\/\/www.safinel.fr\/produit\/tisane-pour-cheveux\/#breadcrumb\"},\"inLanguage\":\"pt-PT\",\"potentialAction\":[{\"@type\":\"ReadAction\",\"target\":[\"https:\/\/www.safinel.fr\/produit\/tisane-pour-cheveux\/\"]}]},{\"@type\":\"ImageObject\",\"inLanguage\":\"pt-PT\",\"@id\":\"https:\/\/www.safinel.fr\/produit\/tisane-pour-cheveux\/#primaryimage\",\"url\":\"https:\/\/www.safinel.fr\/wp-content\/uploads\/2021\/10\/tisane-cheveux.jpg\",\"contentUrl\":\"https:\/\/www.safinel.fr\/wp-content\/uploads\/2021\/10\/tisane-cheveux.jpg\",\"width\":586,\"height\":600},{\"@type\":\"BreadcrumbList\",\"@id\":\"https:\/\/www.safinel.fr\/produit\/tisane-pour-cheveux\/#breadcrumb\",\"itemListElement\":[{\"@type\":\"ListItem\",\"position\":1,\"name\":\"Accueil\",\"item\":\"https:\/\/www.safinel.fr\/\"},{\"@type\":\"ListItem\",\"position\":2,\"name\":\"Boutique\",\"item\":\"https:\/\/www.safinel.fr\/boutique\/\"},{\"@type\":\"ListItem\",\"position\":3,\"name\":\"Tisane pour les cheveux\"}]},{\"@type\":\"WebSite\",\"@id\":\"https:\/\/www.safinel.fr\/#website\",\"url\":\"https:\/\/www.safinel.fr\/\",\"name\":\"Safinel\",\"description\":\"\",\"publisher\":{\"@id\":\"https:\/\/www.safinel.fr\/#organization\"},\"potentialAction\":[{\"@type\":\"SearchAction\",\"target\":{\"@type\":\"EntryPoint\",\"urlTemplate\":\"https:\/\/www.safinel.fr\/?s={search_term_string}\"},\"query-input\":{\"@type\":\"PropertyValueSpecification\",\"valueRequired\":true,\"valueName\":\"search_term_string\"}}],\"inLanguage\":\"pt-PT\"},{\"@type\":\"Organization\",\"@id\":\"https:\/\/www.safinel.fr\/#organization\",\"name\":\"Safinel\",\"url\":\"https:\/\/www.safinel.fr\/\",\"logo\":{\"@type\":\"ImageObject\",\"inLanguage\":\"pt-PT\",\"@id\":\"https:\/\/www.safinel.fr\/#\/schema\/logo\/image\/\",\"url\":\"https:\/\/www.safinel.fr\/wp-content\/uploads\/2021\/05\/boutique-cosmetique.png\",\"contentUrl\":\"https:\/\/www.safinel.fr\/wp-content\/uploads\/2021\/05\/boutique-cosmetique.png\",\"width\":800,\"height\":200,\"caption\":\"Safinel\"},\"image\":{\"@id\":\"https:\/\/www.safinel.fr\/#\/schema\/logo\/image\/\"}}]}<\/script>\n<!-- \/ Yoast SEO plugin. -->","yoast_head_json":{"title":"Ch\u00e1 para cabelos I Cosm\u00e9ticos capilares I Cuidados com os cabelos","description":"Descubra sem demora um cosm\u00e9tico capilar natural que rapidamente ir\u00e1 conquist\u00e1-lo. D\u00ea lugar \u00e0 infus\u00e3o para cabelos!","robots":{"index":"index","follow":"follow","max-snippet":"max-snippet:-1","max-image-preview":"max-image-preview:large","max-video-preview":"max-video-preview:-1"},"canonical":"https:\/\/www.safinel.fr\/pt\/product-2\/cha-para-cabelos\/","og_locale":"pt_PT","og_type":"article","og_title":"Tisane pour cheveux I Cosm\u00e9tique capillaire I Soin cheveux","og_description":"D\u00e9couvrez sans plus attendre un\u00a0cosm\u00e9tique capillaire naturel\u00a0qui risque de rapidement vous s\u00e9duire. Place \u00e0 la\u00a0tisane pour cheveux\u00a0!","og_url":"https:\/\/www.safinel.fr\/pt\/product-2\/cha-para-cabelos\/","og_site_name":"Safinel","article_modified_time":"2024-01-22T16:40:07+00:00","og_image":[{"width":586,"height":600,"url":"https:\/\/www.safinel.fr\/wp-content\/uploads\/2021\/10\/tisane-cheveux.jpg","type":"image\/jpeg"}],"twitter_card":"summary_large_image","twitter_misc":{"Tempo estimado de leitura":"2 minutos"},"schema":{"@context":"https:\/\/schema.org","@graph":[{"@type":"WebPage","@id":"https:\/\/www.safinel.fr\/produit\/tisane-pour-cheveux\/","url":"https:\/\/www.safinel.fr\/produit\/tisane-pour-cheveux\/","name":"Ch\u00e1 para cabelos I Cosm\u00e9ticos capilares I Cuidados com os cabelos","isPartOf":{"@id":"https:\/\/www.safinel.fr\/#website"},"primaryImageOfPage":{"@id":"https:\/\/www.safinel.fr\/produit\/tisane-pour-cheveux\/#primaryimage"},"image":{"@id":"https:\/\/www.safinel.fr\/produit\/tisane-pour-cheveux\/#primaryimage"},"thumbnailUrl":"https:\/\/www.safinel.fr\/wp-content\/uploads\/2021\/10\/tisane-cheveux.jpg","datePublished":"2021-10-27T09:52:03+00:00","dateModified":"2024-01-22T16:40:07+00:00","description":"Descubra sem demora um cosm\u00e9tico capilar natural que rapidamente ir\u00e1 conquist\u00e1-lo. D\u00ea lugar \u00e0 infus\u00e3o para cabelos!","breadcrumb":{"@id":"https:\/\/www.safinel.fr\/produit\/tisane-pour-cheveux\/#breadcrumb"},"inLanguage":"pt-PT","potentialAction":[{"@type":"ReadAction","target":["https:\/\/www.safinel.fr\/produit\/tisane-pour-cheveux\/"]}]},{"@type":"ImageObject","inLanguage":"pt-PT","@id":"https:\/\/www.safinel.fr\/produit\/tisane-pour-cheveux\/#primaryimage","url":"https:\/\/www.safinel.fr\/wp-content\/uploads\/2021\/10\/tisane-cheveux.jpg","contentUrl":"https:\/\/www.safinel.fr\/wp-content\/uploads\/2021\/10\/tisane-cheveux.jpg","width":586,"height":600},{"@type":"BreadcrumbList","@id":"https:\/\/www.safinel.fr\/produit\/tisane-pour-cheveux\/#breadcrumb","itemListElement":[{"@type":"ListItem","position":1,"name":"Accueil","item":"https:\/\/www.safinel.fr\/"},{"@type":"ListItem","position":2,"name":"Boutique","item":"https:\/\/www.safinel.fr\/boutique\/"},{"@type":"ListItem","position":3,"name":"Tisane pour les cheveux"}]},{"@type":"WebSite","@id":"https:\/\/www.safinel.fr\/#website","url":"https:\/\/www.safinel.fr\/","name":"Safinel","description":"","publisher":{"@id":"https:\/\/www.safinel.fr\/#organization"},"potentialAction":[{"@type":"SearchAction","target":{"@type":"EntryPoint","urlTemplate":"https:\/\/www.safinel.fr\/?s={search_term_string}"},"query-input":{"@type":"PropertyValueSpecification","valueRequired":true,"valueName":"search_term_string"}}],"inLanguage":"pt-PT"},{"@type":"Organization","@id":"https:\/\/www.safinel.fr\/#organization","name":"Safinel","url":"https:\/\/www.safinel.fr\/","logo":{"@type":"ImageObject","inLanguage":"pt-PT","@id":"https:\/\/www.safinel.fr\/#\/schema\/logo\/image\/","url":"https:\/\/www.safinel.fr\/wp-content\/uploads\/2021\/05\/boutique-cosmetique.png","contentUrl":"https:\/\/www.safinel.fr\/wp-content\/uploads\/2021\/05\/boutique-cosmetique.png","width":800,"height":200,"caption":"Safinel"},"image":{"@id":"https:\/\/www.safinel.fr\/#\/schema\/logo\/image\/"}}]}},"_links":{"self":[{"href":"https:\/\/www.safinel.fr\/pt\/wp-json\/wp\/v2\/product\/3317","targetHints":{"allow":["GET"]}}],"collection":[{"href":"https:\/\/www.safinel.fr\/pt\/wp-json\/wp\/v2\/product"}],"about":[{"href":"https:\/\/www.safinel.fr\/pt\/wp-json\/wp\/v2\/types\/product"}],"wp:featuredmedia":[{"embeddable":true,"href":"https:\/\/www.safinel.fr\/pt\/wp-json\/wp\/v2\/media\/4093"}],"wp:attachment":[{"href":"https:\/\/www.safinel.fr\/pt\/wp-json\/wp\/v2\/media?parent=3317"}],"wp:term":[{"taxonomy":"product_brand","embeddable":true,"href":"https:\/\/www.safinel.fr\/pt\/wp-json\/wp\/v2\/product_brand?post=3317"},{"taxonomy":"product_cat","embeddable":true,"href":"https:\/\/www.safinel.fr\/pt\/wp-json\/wp\/v2\/product_cat?post=3317"},{"taxonomy":"product_tag","embeddable":true,"href":"https:\/\/www.safinel.fr\/pt\/wp-json\/wp\/v2\/product_tag?post=3317"}],"curies":[{"name":"wp","href":"https:\/\/api.w.org\/{rel}","templated":true}]}}