{"id":3292,"date":"2022-10-25T17:02:39","date_gmt":"2022-10-25T17:02:39","guid":{"rendered":"https:\/\/www.safinel.fr\/?post_type=product&#038;p=3292"},"modified":"2023-12-28T17:15:41","modified_gmt":"2023-12-28T17:15:41","slug":"kudzu","status":"publish","type":"product","link":"https:\/\/www.safinel.fr\/pt\/product-2\/kudzu\/","title":{"rendered":"Kudzu"},"content":{"rendered":"<p>O\u00a0<strong>kudzu<\/strong>\u00a0\u00e9 uma planta origin\u00e1ria da \u00c1sia. O nome n\u00e3o lhe diz nada? No entanto, ela pode ser muito \u00fatil para si!<\/p>\n<p>\u00c9 utilizada na medicina tradicional chinesa. A parte ativa da planta \u00e9 a raiz, pois cont\u00e9m subst\u00e2ncias que atuam sobre os neurotransmissores. Na verdade, \u00e9 um m\u00e9todo natural conhecido por ajudar a acalmar v\u00edcios de todos os tipos.<\/p>\n<h2><strong>O que \u00e9 kudzu?<\/strong><\/h2>\n<p>O kudzu, chamado \u00bbpueraria lobata\u00bb em bot\u00e2nica, faz parte da fam\u00edlia das fabaceae. \u00c9 uma planta trepadeira origin\u00e1ria da China. \u00c9 utilizada na medicina tradicional chinesa, mas tamb\u00e9m na culin\u00e1ria. Na verdade, esta planta tamb\u00e9m faz parte das leguminosas e \u00e9 utilizada como alimento rico em amido ou como espessante.<\/p>\n<p>Tamb\u00e9m conhecida como \u201cvideira japonesa\u201d, esta trepadeira fixa-se em \u00e1rvores que podem atingir v\u00e1rias dezenas de metros de altura. \u00c9 uma planta invasora que se encontra em florestas, campos ou mesmo \u00e0 beira da estrada. Tal como o hera, tamb\u00e9m se fixa nas casas.<\/p>\n<p>Na medicina tradicional chinesa, o kudzu era usado para tratar febre, diarreia, v\u00f3mitos, n\u00e1useas, etc. Mas hoje em dia, com as descobertas cient\u00edficas, \u00e9 usado principalmente para diminuir depend\u00eancias ou compuls\u00f5es de qualquer tipo. Os estudos incidem sobre o alcoolismo e o tabagismo.<\/p>\n<p>Os estudos cient\u00edficos incidem sobre o alcoolismo e o tabagismo, mas os seus efeitos tamb\u00e9m s\u00e3o ben\u00e9ficos para os dist\u00farbios alimentares. Assim como para as doen\u00e7as cardiovasculares, patologias metab\u00f3licas como a hipercolesterolemia, diabetes, resist\u00eancia \u00e0 insulina...<\/p>\n<h2><strong>Divulga\u00e7\u00e3o da sua a\u00e7\u00e3o<\/strong><\/h2>\n<p>Entre todas as virtudes do kudzu, o seu maior benef\u00edcio \u00e9 a sua efic\u00e1cia reconhecida no combate a v\u00e1rios tipos de depend\u00eancia. Na verdade, essa propriedade deve-se \u00e0s numerosas mol\u00e9culas de isoflavonas presentes na planta. Esses componentes s\u00e3o, portanto, a origem das suas virtudes anti-depend\u00eancia.<\/p>\n<p>\u00c9 importante saber que a dopamina \u00e9 respons\u00e1vel pelas sensa\u00e7\u00f5es de bem-estar resultantes do consumo de drogas. O kudzu substitui a dopamina pela serotonina, pois ambas agem da mesma forma. Assim, a sensa\u00e7\u00e3o de depend\u00eancia desaparece sem deixar efeitos secund\u00e1rios.<\/p>\n<p><strong>As isoflavonas: <\/strong>As isoflavonas s\u00e3o uma categoria de flavonoides e fazem parte da fam\u00edlia dos fitoestrog\u00e9nios. S\u00e3o subst\u00e2ncias vegetais semelhantes \u00e0s hormonas femininas: os estrog\u00e9nios.<\/p>\n<p><strong>A dopamina: <\/strong>A dopamina \u00e9 uma mol\u00e9cula presente no c\u00e9rebro. Ela atua como neurotransmissor. \u00c9 ela que proporciona a sensa\u00e7\u00e3o de prazer no c\u00e9rebro. Ela faz parte do que chamamos de circuito de recompensa. O seu papel \u00e9 importante, pois \u00e9 ela que ajuda a dar motiva\u00e7\u00e3o.<\/p>\n<p><strong>A serotonina: <\/strong>A serotonina \u00e9 um neurotransmissor do sistema nervoso que ajuda a regular o humor e evita que fique deprimido ou se sinta mal. \u00c9 poss\u00edvel aumentar os n\u00edveis de serotonina atrav\u00e9s de m\u00e9todos qu\u00edmicos, mas tamb\u00e9m atrav\u00e9s de processos naturais.<\/p>\n<h2><strong>A composi\u00e7\u00e3o e os efeitos do kudzu<\/strong><\/h2>\n<p>Entre os princ\u00edpios ativos que contribuem para a sua popularidade est\u00e3o as isoflavonas. Trata-se de uma subcategoria de uma das grandes categorias de polifen\u00f3is, denominada flavon\u00f3ides. A sua particularidade \u00e9 que atuam de forma positiva sobre os estrog\u00e9nios, como explic\u00e1mos anteriormente.<\/p>\n<p>Note-se que a isoflavona mais interessante e com propriedades anti-depend\u00eancia \u00e9 a puerarina. Trata-se de um isoflavonoide extra\u00eddo das ra\u00edzes da pueraria lobata. \u00c9 o seu principal componente e possui in\u00fameras propriedades medicinais, tais como a sua riqueza em fitoestrog\u00e9nios.<\/p>\n<p>A puerarina tamb\u00e9m tem propriedades hipotensoras. Estudos demonstraram que o kudzu melhora a qualidade de vida e diminui os sintomas associados \u00e0 hipertens\u00e3o. Por ser semelhante ao estrog\u00e9nio, pode ajudar as mulheres na menopausa a lidar melhor com esse per\u00edodo. De facto, durante a menopausa, o n\u00edvel de estrog\u00e9nio diminui.<\/p>\n<h2><strong>O kudzu e os v\u00edcios<\/strong><\/h2>\n<h3><strong>Kudzu e tabaco<\/strong><\/h3>\n<p>Esta planta tem a capacidade de ajudar a deixar o tabaco. Na verdade, as subst\u00e2ncias que a comp\u00f5em atuam nos neurotransmissores para interagir com os recetores de nicotina.<\/p>\n<p>O kudzu ajuda na desmame, mas sem os efeitos secund\u00e1rios normalmente observados, como agita\u00e7\u00e3o ou irritabilidade. As opini\u00f5es sobre o kudzu mostram que o sabor do tabaco muda e se torna desagrad\u00e1vel para os fumadores.<\/p>\n<h3><strong>Kudzu e \u00e1lcool<\/strong><\/h3>\n<p>Um estudo demonstrou a sua capacidade de desintoxicar o corpo ap\u00f3s o consumo excessivo de \u00e1lcool, bem como a sua efic\u00e1cia contra o alcoolismo. Observou-se que ajuda a recuperar melhor ap\u00f3s um consumo elevado.<\/p>\n<p>Este anti-v\u00edcio reduz a vontade de beber, bem como a quantidade de \u00e1lcool. E isso \u00e9 o resultado de um estudo realizado com grandes bebedores durante uma semana. Os seus efeitos foram, portanto, conclusivos e demonstraram a sua efic\u00e1cia.<\/p>\n<h2><strong>O kudzu e os seus benef\u00edcios\u00a0<\/strong><\/h2>\n<p>O kudzu \u00e9 um rem\u00e9dio natural que pode ajudar a tratar v\u00e1rias doen\u00e7as.<\/p>\n<p>Na verdade, ele \u00e9:<\/p>\n<ul>\n<li>Hepatoprotetor, o kudzu protege o f\u00edgado.<\/li>\n<li>Antioxidante, previne o envelhecimento celular e o stress oxidativo.<\/li>\n<li>Anti-dependente, inibe eficazmente os efeitos de qualquer tipo de depend\u00eancia (\u00e1lcool, cigarro, a\u00e7\u00facar...).<\/li>\n<li>Semelhante ao estrog\u00e9nio, imita os estrog\u00e9nios no corpo.<\/li>\n<li>Cardio-protetor, este rem\u00e9dio natural previne, nomeadamente, o enfarte do mioc\u00e1rdio.<\/li>\n<li>Hipotensor, o kudzu \u00e9 eficaz no tratamento da hipotens\u00e3o.<\/li>\n<li>Promove a aprendizagem e melhora a mem\u00f3ria. De facto, est\u00e3o em curso estudos para o tratamento da doen\u00e7a de Alzheimer.<\/li>\n<li>Imunoestimulante: estimula o sistema imunol\u00f3gico<\/li>\n<li>Antidiab\u00e9tico, ajuda a diminuir o n\u00edvel de glicose no sangue e, ao mesmo tempo, aumentar a insulina.<\/li>\n<\/ul>\n<h3><strong>Contraindica\u00e7\u00e3o<\/strong><\/h3>\n<ul>\n<li>N\u00e3o \u00e9 recomend\u00e1vel usar kudzu em casos de cancro da mama ou predisposi\u00e7\u00e3o para o cancro da mama.<\/li>\n<li>Portanto, deve ser evitado em casos de hiperestrogenismo. Este manifesta-se atrav\u00e9s de quistos ovarianos ou <a href=\"https:\/\/www.safinel.fr\/pt\/product-2\/creme-para-aumentar-os-seios-e-os-gluteos\/\"><strong>ao n\u00edvel do peito<\/strong><\/a>, pela s\u00edndrome pr\u00e9-menstrual...<\/li>\n<li>Al\u00e9m disso, esta planta apresenta muito pouca toxicidade, o que foi comprovado por estudos, tanto em animais como em seres humanos.<\/li>\n<li>Apesar de tudo, \u00e9 necess\u00e1rio respeitar as doses di\u00e1rias recomendadas, que s\u00e3o, em m\u00e9dia, 2 gramas por dia.<\/li>\n<\/ul>","protected":false},"excerpt":{"rendered":"<p>Le\u00a0kudzu\u00a0est une plante originaire d\u2019Asie. Son nom ne vous dit rien ? Pourtant, elle pourrait vous \u00eatre tr\u00e8s utile ! Elle est utilis\u00e9e dans la m\u00e9decine traditionnelle chinoise. La partie de la plante active est la racine, car elle contient des substances qui agissent sur les neurotransmetteurs. En effet, c\u2019est une m\u00e9thode naturelle connue pour [&#8230;]","protected":false},"featured_media":3295,"template":"","meta":[],"product_brand":[],"product_cat":[108],"product_tag":[],"class_list":{"0":"post-3292","1":"product","2":"type-product","3":"status-publish","4":"has-post-thumbnail","6":"product_cat-plantes-asiatiques","8":"first","9":"instock","10":"shipping-taxable","11":"purchasable","12":"product-type-variable"},"yoast_head":"<!-- This site is optimized with the Yoast SEO plugin v26.6 - https:\/\/yoast.com\/wordpress\/plugins\/seo\/ -->\n<title>Kudzu plante asiatique I Bienfaits nombreux I Achat en ligne<\/title>\n<meta name=\"description\" content=\"Le\u00a0kudzu\u00a0est une plante originaire d\u2019Asie. Son nom ne vous dit rien ? Pourtant, elle pourrait vous \u00eatre tr\u00e8s utile ! D\u00e9couvrez-l\u00e0 chez Safinel !\" \/>\n<meta name=\"robots\" content=\"index, follow, max-snippet:-1, max-image-preview:large, max-video-preview:-1\" \/>\n<link rel=\"canonical\" href=\"https:\/\/www.safinel.fr\/pt\/product-2\/kudzu\/\" \/>\n<meta property=\"og:locale\" content=\"pt_PT\" \/>\n<meta property=\"og:type\" content=\"article\" \/>\n<meta property=\"og:title\" content=\"Kudzu plante asiatique I Bienfaits nombreux I Achat en ligne\" \/>\n<meta property=\"og:description\" content=\"Le\u00a0kudzu\u00a0est une plante originaire d\u2019Asie. Son nom ne vous dit rien ? Pourtant, elle pourrait vous \u00eatre tr\u00e8s utile ! D\u00e9couvrez-l\u00e0 chez Safinel !\" \/>\n<meta property=\"og:url\" content=\"https:\/\/www.safinel.fr\/pt\/product-2\/kudzu\/\" \/>\n<meta property=\"og:site_name\" content=\"Safinel\" \/>\n<meta property=\"article:modified_time\" content=\"2023-12-28T17:15:41+00:00\" \/>\n<meta property=\"og:image\" content=\"https:\/\/www.safinel.fr\/wp-content\/uploads\/2022\/10\/gelules-de-kuzdu.jpg\" \/>\n\t<meta property=\"og:image:width\" content=\"600\" \/>\n\t<meta property=\"og:image:height\" content=\"600\" \/>\n\t<meta property=\"og:image:type\" content=\"image\/jpeg\" \/>\n<meta name=\"twitter:card\" content=\"summary_large_image\" \/>\n<meta name=\"twitter:label1\" content=\"Tempo estimado de leitura\" \/>\n\t<meta name=\"twitter:data1\" content=\"6 minutos\" \/>\n<script type=\"application\/ld+json\" class=\"yoast-schema-graph\">{\"@context\":\"https:\/\/schema.org\",\"@graph\":[{\"@type\":\"WebPage\",\"@id\":\"https:\/\/www.safinel.fr\/produit\/kudzu\/\",\"url\":\"https:\/\/www.safinel.fr\/produit\/kudzu\/\",\"name\":\"Kudzu plante asiatique I Bienfaits nombreux I Achat en ligne\",\"isPartOf\":{\"@id\":\"https:\/\/www.safinel.fr\/#website\"},\"primaryImageOfPage\":{\"@id\":\"https:\/\/www.safinel.fr\/produit\/kudzu\/#primaryimage\"},\"image\":{\"@id\":\"https:\/\/www.safinel.fr\/produit\/kudzu\/#primaryimage\"},\"thumbnailUrl\":\"https:\/\/www.safinel.fr\/wp-content\/uploads\/2022\/10\/gelules-de-kuzdu.jpg\",\"datePublished\":\"2022-10-25T17:02:39+00:00\",\"dateModified\":\"2023-12-28T17:15:41+00:00\",\"description\":\"Le\u00a0kudzu\u00a0est une plante originaire d\u2019Asie. Son nom ne vous dit rien ? Pourtant, elle pourrait vous \u00eatre tr\u00e8s utile ! D\u00e9couvrez-l\u00e0 chez Safinel !\",\"breadcrumb\":{\"@id\":\"https:\/\/www.safinel.fr\/produit\/kudzu\/#breadcrumb\"},\"inLanguage\":\"pt-PT\",\"potentialAction\":[{\"@type\":\"ReadAction\",\"target\":[\"https:\/\/www.safinel.fr\/produit\/kudzu\/\"]}]},{\"@type\":\"ImageObject\",\"inLanguage\":\"pt-PT\",\"@id\":\"https:\/\/www.safinel.fr\/produit\/kudzu\/#primaryimage\",\"url\":\"https:\/\/www.safinel.fr\/wp-content\/uploads\/2022\/10\/gelules-de-kuzdu.jpg\",\"contentUrl\":\"https:\/\/www.safinel.fr\/wp-content\/uploads\/2022\/10\/gelules-de-kuzdu.jpg\",\"width\":600,\"height\":600,\"caption\":\"gelules de kuzdu\"},{\"@type\":\"BreadcrumbList\",\"@id\":\"https:\/\/www.safinel.fr\/produit\/kudzu\/#breadcrumb\",\"itemListElement\":[{\"@type\":\"ListItem\",\"position\":1,\"name\":\"Accueil\",\"item\":\"https:\/\/www.safinel.fr\/\"},{\"@type\":\"ListItem\",\"position\":2,\"name\":\"Boutique\",\"item\":\"https:\/\/www.safinel.fr\/boutique\/\"},{\"@type\":\"ListItem\",\"position\":3,\"name\":\"Kudzu\"}]},{\"@type\":\"WebSite\",\"@id\":\"https:\/\/www.safinel.fr\/#website\",\"url\":\"https:\/\/www.safinel.fr\/\",\"name\":\"Safinel\",\"description\":\"\",\"publisher\":{\"@id\":\"https:\/\/www.safinel.fr\/#organization\"},\"potentialAction\":[{\"@type\":\"SearchAction\",\"target\":{\"@type\":\"EntryPoint\",\"urlTemplate\":\"https:\/\/www.safinel.fr\/?s={search_term_string}\"},\"query-input\":{\"@type\":\"PropertyValueSpecification\",\"valueRequired\":true,\"valueName\":\"search_term_string\"}}],\"inLanguage\":\"pt-PT\"},{\"@type\":\"Organization\",\"@id\":\"https:\/\/www.safinel.fr\/#organization\",\"name\":\"Safinel\",\"url\":\"https:\/\/www.safinel.fr\/\",\"logo\":{\"@type\":\"ImageObject\",\"inLanguage\":\"pt-PT\",\"@id\":\"https:\/\/www.safinel.fr\/#\/schema\/logo\/image\/\",\"url\":\"https:\/\/www.safinel.fr\/wp-content\/uploads\/2021\/05\/boutique-cosmetique.png\",\"contentUrl\":\"https:\/\/www.safinel.fr\/wp-content\/uploads\/2021\/05\/boutique-cosmetique.png\",\"width\":800,\"height\":200,\"caption\":\"Safinel\"},\"image\":{\"@id\":\"https:\/\/www.safinel.fr\/#\/schema\/logo\/image\/\"}}]}<\/script>\n<!-- \/ Yoast SEO plugin. -->","yoast_head_json":{"title":"Planta asi\u00e1tica Kudzu I In\u00fameros benef\u00edcios I Compra online","description":"O kudzu \u00e9 uma planta origin\u00e1ria da \u00c1sia. O nome n\u00e3o lhe diz nada? No entanto, pode ser muito \u00fatil para si! Descubra-a na Safinel!","robots":{"index":"index","follow":"follow","max-snippet":"max-snippet:-1","max-image-preview":"max-image-preview:large","max-video-preview":"max-video-preview:-1"},"canonical":"https:\/\/www.safinel.fr\/pt\/product-2\/kudzu\/","og_locale":"pt_PT","og_type":"article","og_title":"Kudzu plante asiatique I Bienfaits nombreux I Achat en ligne","og_description":"Le\u00a0kudzu\u00a0est une plante originaire d\u2019Asie. Son nom ne vous dit rien ? Pourtant, elle pourrait vous \u00eatre tr\u00e8s utile ! D\u00e9couvrez-l\u00e0 chez Safinel !","og_url":"https:\/\/www.safinel.fr\/pt\/product-2\/kudzu\/","og_site_name":"Safinel","article_modified_time":"2023-12-28T17:15:41+00:00","og_image":[{"width":600,"height":600,"url":"https:\/\/www.safinel.fr\/wp-content\/uploads\/2022\/10\/gelules-de-kuzdu.jpg","type":"image\/jpeg"}],"twitter_card":"summary_large_image","twitter_misc":{"Tempo estimado de leitura":"6 minutos"},"schema":{"@context":"https:\/\/schema.org","@graph":[{"@type":"WebPage","@id":"https:\/\/www.safinel.fr\/produit\/kudzu\/","url":"https:\/\/www.safinel.fr\/produit\/kudzu\/","name":"Planta asi\u00e1tica Kudzu I In\u00fameros benef\u00edcios I Compra online","isPartOf":{"@id":"https:\/\/www.safinel.fr\/#website"},"primaryImageOfPage":{"@id":"https:\/\/www.safinel.fr\/produit\/kudzu\/#primaryimage"},"image":{"@id":"https:\/\/www.safinel.fr\/produit\/kudzu\/#primaryimage"},"thumbnailUrl":"https:\/\/www.safinel.fr\/wp-content\/uploads\/2022\/10\/gelules-de-kuzdu.jpg","datePublished":"2022-10-25T17:02:39+00:00","dateModified":"2023-12-28T17:15:41+00:00","description":"O kudzu \u00e9 uma planta origin\u00e1ria da \u00c1sia. O nome n\u00e3o lhe diz nada? No entanto, pode ser muito \u00fatil para si! Descubra-a na Safinel!","breadcrumb":{"@id":"https:\/\/www.safinel.fr\/produit\/kudzu\/#breadcrumb"},"inLanguage":"pt-PT","potentialAction":[{"@type":"ReadAction","target":["https:\/\/www.safinel.fr\/produit\/kudzu\/"]}]},{"@type":"ImageObject","inLanguage":"pt-PT","@id":"https:\/\/www.safinel.fr\/produit\/kudzu\/#primaryimage","url":"https:\/\/www.safinel.fr\/wp-content\/uploads\/2022\/10\/gelules-de-kuzdu.jpg","contentUrl":"https:\/\/www.safinel.fr\/wp-content\/uploads\/2022\/10\/gelules-de-kuzdu.jpg","width":600,"height":600,"caption":"gelules de kuzdu"},{"@type":"BreadcrumbList","@id":"https:\/\/www.safinel.fr\/produit\/kudzu\/#breadcrumb","itemListElement":[{"@type":"ListItem","position":1,"name":"Accueil","item":"https:\/\/www.safinel.fr\/"},{"@type":"ListItem","position":2,"name":"Boutique","item":"https:\/\/www.safinel.fr\/boutique\/"},{"@type":"ListItem","position":3,"name":"Kudzu"}]},{"@type":"WebSite","@id":"https:\/\/www.safinel.fr\/#website","url":"https:\/\/www.safinel.fr\/","name":"Safinel","description":"","publisher":{"@id":"https:\/\/www.safinel.fr\/#organization"},"potentialAction":[{"@type":"SearchAction","target":{"@type":"EntryPoint","urlTemplate":"https:\/\/www.safinel.fr\/?s={search_term_string}"},"query-input":{"@type":"PropertyValueSpecification","valueRequired":true,"valueName":"search_term_string"}}],"inLanguage":"pt-PT"},{"@type":"Organization","@id":"https:\/\/www.safinel.fr\/#organization","name":"Safinel","url":"https:\/\/www.safinel.fr\/","logo":{"@type":"ImageObject","inLanguage":"pt-PT","@id":"https:\/\/www.safinel.fr\/#\/schema\/logo\/image\/","url":"https:\/\/www.safinel.fr\/wp-content\/uploads\/2021\/05\/boutique-cosmetique.png","contentUrl":"https:\/\/www.safinel.fr\/wp-content\/uploads\/2021\/05\/boutique-cosmetique.png","width":800,"height":200,"caption":"Safinel"},"image":{"@id":"https:\/\/www.safinel.fr\/#\/schema\/logo\/image\/"}}]}},"_links":{"self":[{"href":"https:\/\/www.safinel.fr\/pt\/wp-json\/wp\/v2\/product\/3292","targetHints":{"allow":["GET"]}}],"collection":[{"href":"https:\/\/www.safinel.fr\/pt\/wp-json\/wp\/v2\/product"}],"about":[{"href":"https:\/\/www.safinel.fr\/pt\/wp-json\/wp\/v2\/types\/product"}],"wp:featuredmedia":[{"embeddable":true,"href":"https:\/\/www.safinel.fr\/pt\/wp-json\/wp\/v2\/media\/3295"}],"wp:attachment":[{"href":"https:\/\/www.safinel.fr\/pt\/wp-json\/wp\/v2\/media?parent=3292"}],"wp:term":[{"taxonomy":"product_brand","embeddable":true,"href":"https:\/\/www.safinel.fr\/pt\/wp-json\/wp\/v2\/product_brand?post=3292"},{"taxonomy":"product_cat","embeddable":true,"href":"https:\/\/www.safinel.fr\/pt\/wp-json\/wp\/v2\/product_cat?post=3292"},{"taxonomy":"product_tag","embeddable":true,"href":"https:\/\/www.safinel.fr\/pt\/wp-json\/wp\/v2\/product_tag?post=3292"}],"curies":[{"name":"wp","href":"https:\/\/api.w.org\/{rel}","templated":true}]}}