{"id":314,"date":"2021-07-24T18:59:49","date_gmt":"2021-07-24T18:59:49","guid":{"rendered":"https:\/\/www.safinel.fr\/?post_type=product&#038;p=314"},"modified":"2024-07-22T14:30:35","modified_gmt":"2024-07-22T14:30:35","slug":"pasta-de-dentes-natural-com-mentol-em-po-de-siwak-30-g","status":"publish","type":"product","link":"https:\/\/www.safinel.fr\/pt\/product-2\/pasta-de-dentes-natural-com-mentol-em-po-de-siwak-30-g\/","title":{"rendered":"Pasta de dentes natural com mentol em p\u00f3 de siwak 30 g"},"content":{"rendered":"<p>A pasta de dentes com p\u00f3 de Siwak mentolado \u00e9 um produto natural e eficaz.<\/p>\n<p>E \u00e9 tamb\u00e9m um produto indispens\u00e1vel que ir\u00e1 satisfazer o cora\u00e7\u00e3o daqueles que t\u00eam a alma de proteger o planeta. Uma vez que n\u00e3o cont\u00e9m tensioativos ou outras subst\u00e2ncias cancer\u00edgenas, como o Triclosan ou o Fl\u00faor.<\/p>\n<p>N\u00e3o cont\u00e9m corantes, conservantes, produtos sint\u00e9ticos nem perfumes, o que o torna um produto natural e vegano. .<\/p>\n<p>Na verdade, este creme dental \u00e9 suave para os dentes, mas tamb\u00e9m para as gengivas (hipersens\u00edveis), que fortalece com delicadeza. Ele ser\u00e1 seu aliado contra a gengivite. \u00c9 igualmente eficaz contra a placa bacteriana e o mau h\u00e1lito.<\/p>\n<h3>Virtudes da pasta de dentes em p\u00f3 siwak com mentol:<\/h3>\n<p>A pasta de dentes Siwak \u00e9 composta por argila branca, um verdadeiro benef\u00edcio para as gengivas e os dentes. Ideal para cosm\u00e9ticos e cuidados pessoais, \u00e9 perfeita para tratar pequenas feridas e irrita\u00e7\u00f5es.<\/p>\n<p>\u00c9 tamb\u00e9m composto por ramos de Salvadora, conhecida pelas suas propriedades higienizantes e purificantes. Mas \u00e9 sobretudo reconhecida unanimemente pelas suas a\u00e7\u00f5es branqueadoras.<\/p>\n<p>Este dent\u00edfrico tamb\u00e9m cont\u00e9m carbonato de c\u00e1lcio e as suas propriedades abrasivas, que permitem uma limpeza impec\u00e1vel dos dentes. O carbonato de c\u00e1lcio tamb\u00e9m \u00e9 conhecido pelas suas a\u00e7\u00f5es remineralizantes, que ajudam a cuidar do esmalte dent\u00e1rio.<\/p>\n<p>No entanto, a adi\u00e7\u00e3o de cristais de menta ao creme dental em p\u00f3 Siwak permite esquecer completamente os seus pequenos problemas! Concentrado de \u00f3leo essencial de menta, eles revelam toda a sua frescura e prometem um h\u00e1lito que n\u00e3o o deixar\u00e1 mais envergonhado!<\/p>\n<h3><strong>Conselhos de utiliza\u00e7\u00e3o do dent\u00edfrico em p\u00f3 siwak com mentol:<\/strong><\/h3>\n<p>A sua composi\u00e7\u00e3o natural e simples \u00e9 concebida em p\u00f3 para facilitar a utiliza\u00e7\u00e3o por todos:<\/p>\n<ul>\n<li>Um pouco de p\u00f3 de siwak mentolado na sua escova de dentes<\/li>\n<li>Humede\u00e7a o p\u00f3 e, por fim, poder\u00e1 realizar a sua escovagem habitual.<\/li>\n<\/ul>","protected":false},"excerpt":{"rendered":"<p>A pasta de dentes com p\u00f3 de Siwak mentolado \u00e9 um produto natural eficaz. E \u00e9 tamb\u00e9m um produto obrigat\u00f3rio para qualquer pessoa que tenha a alma de proteger o planeta. N\u00e3o cont\u00e9m tensioactivos ou outras subst\u00e2ncias cancer\u00edgenas como o Triclosan ou o Fl\u00faor. N\u00e3o cont\u00e9m [...]","protected":false},"featured_media":332,"template":"","meta":[],"product_brand":[],"product_cat":[34,40,35],"product_tag":[],"class_list":{"0":"post-314","1":"product","2":"type-product","3":"status-publish","4":"has-post-thumbnail","6":"product_cat-hygiene","7":"product_cat-kb-cosmetique","8":"product_cat-soins-dentaires","10":"first","11":"outofstock","12":"shipping-taxable","13":"purchasable","14":"product-type-simple"},"yoast_head":"<!-- This site is optimized with the Yoast SEO plugin v26.6 - https:\/\/yoast.com\/wordpress\/plugins\/seo\/ -->\n<title>Dentifrice naturel menthol\u00e9 en poudre de siwak 30g - Safinel<\/title>\n<meta name=\"robots\" content=\"index, follow, max-snippet:-1, max-image-preview:large, max-video-preview:-1\" \/>\n<link rel=\"canonical\" href=\"https:\/\/www.safinel.fr\/pt\/product-2\/pasta-de-dentes-natural-com-mentol-em-po-de-siwak-30-g\/\" \/>\n<meta property=\"og:locale\" content=\"pt_PT\" \/>\n<meta property=\"og:type\" content=\"article\" \/>\n<meta property=\"og:title\" content=\"Dentifrice naturel menthol\u00e9 en poudre de siwak 30g - Safinel\" \/>\n<meta property=\"og:description\" content=\"Le dentifrice \u00e0 la poudre de Siwak menthol\u00e9 est un produit naturel aussi bien qu&rsquo;efficace. Et c&rsquo;est \u00e9galement un in\u00e9luctable qui sera combl\u00e9e le c\u0153ur de ceux qui ont l&rsquo;\u00e2me de prot\u00e9ger la plan\u00e8te . Puisqu&rsquo;il n\u2019est constitu\u00e9 d\u2019aucun tensioactif, ou autres substances canc\u00e9rog\u00e8nes telles que le Triclosan ou le Fluor. Il ne contient aucun [...]\" \/>\n<meta property=\"og:url\" content=\"https:\/\/www.safinel.fr\/pt\/product-2\/pasta-de-dentes-natural-com-mentol-em-po-de-siwak-30-g\/\" \/>\n<meta property=\"og:site_name\" content=\"Safinel\" \/>\n<meta property=\"article:modified_time\" content=\"2024-07-22T14:30:35+00:00\" \/>\n<meta property=\"og:image\" content=\"https:\/\/www.safinel.fr\/wp-content\/uploads\/2021\/07\/dentifrice-naturel-menthole-en-poudre-au-siwak-kb-cosmetique-1.jpg\" \/>\n\t<meta property=\"og:image:width\" content=\"1000\" \/>\n\t<meta property=\"og:image:height\" content=\"1300\" \/>\n\t<meta property=\"og:image:type\" content=\"image\/jpeg\" \/>\n<meta name=\"twitter:card\" content=\"summary_large_image\" \/>\n<meta name=\"twitter:label1\" content=\"Tempo estimado de leitura\" \/>\n\t<meta name=\"twitter:data1\" content=\"2 minutos\" \/>\n<script type=\"application\/ld+json\" class=\"yoast-schema-graph\">{\"@context\":\"https:\/\/schema.org\",\"@graph\":[{\"@type\":\"WebPage\",\"@id\":\"https:\/\/www.safinel.fr\/produit\/dentifrice-naturel-menthole-en-poudre-de-siwak-30g\/\",\"url\":\"https:\/\/www.safinel.fr\/produit\/dentifrice-naturel-menthole-en-poudre-de-siwak-30g\/\",\"name\":\"Dentifrice naturel menthol\u00e9 en poudre de siwak 30g - Safinel\",\"isPartOf\":{\"@id\":\"https:\/\/www.safinel.fr\/#website\"},\"primaryImageOfPage\":{\"@id\":\"https:\/\/www.safinel.fr\/produit\/dentifrice-naturel-menthole-en-poudre-de-siwak-30g\/#primaryimage\"},\"image\":{\"@id\":\"https:\/\/www.safinel.fr\/produit\/dentifrice-naturel-menthole-en-poudre-de-siwak-30g\/#primaryimage\"},\"thumbnailUrl\":\"https:\/\/www.safinel.fr\/wp-content\/uploads\/2021\/07\/dentifrice-naturel-menthole-en-poudre-au-siwak-kb-cosmetique-1.jpg\",\"datePublished\":\"2021-07-24T18:59:49+00:00\",\"dateModified\":\"2024-07-22T14:30:35+00:00\",\"breadcrumb\":{\"@id\":\"https:\/\/www.safinel.fr\/produit\/dentifrice-naturel-menthole-en-poudre-de-siwak-30g\/#breadcrumb\"},\"inLanguage\":\"pt-PT\",\"potentialAction\":[{\"@type\":\"ReadAction\",\"target\":[\"https:\/\/www.safinel.fr\/produit\/dentifrice-naturel-menthole-en-poudre-de-siwak-30g\/\"]}]},{\"@type\":\"ImageObject\",\"inLanguage\":\"pt-PT\",\"@id\":\"https:\/\/www.safinel.fr\/produit\/dentifrice-naturel-menthole-en-poudre-de-siwak-30g\/#primaryimage\",\"url\":\"https:\/\/www.safinel.fr\/wp-content\/uploads\/2021\/07\/dentifrice-naturel-menthole-en-poudre-au-siwak-kb-cosmetique-1.jpg\",\"contentUrl\":\"https:\/\/www.safinel.fr\/wp-content\/uploads\/2021\/07\/dentifrice-naturel-menthole-en-poudre-au-siwak-kb-cosmetique-1.jpg\",\"width\":1000,\"height\":1300},{\"@type\":\"BreadcrumbList\",\"@id\":\"https:\/\/www.safinel.fr\/produit\/dentifrice-naturel-menthole-en-poudre-de-siwak-30g\/#breadcrumb\",\"itemListElement\":[{\"@type\":\"ListItem\",\"position\":1,\"name\":\"Accueil\",\"item\":\"https:\/\/www.safinel.fr\/\"},{\"@type\":\"ListItem\",\"position\":2,\"name\":\"Boutique\",\"item\":\"https:\/\/www.safinel.fr\/boutique\/\"},{\"@type\":\"ListItem\",\"position\":3,\"name\":\"Dentifrice naturel menthol\u00e9 en poudre de siwak 30g\"}]},{\"@type\":\"WebSite\",\"@id\":\"https:\/\/www.safinel.fr\/#website\",\"url\":\"https:\/\/www.safinel.fr\/\",\"name\":\"Safinel\",\"description\":\"\",\"publisher\":{\"@id\":\"https:\/\/www.safinel.fr\/#organization\"},\"potentialAction\":[{\"@type\":\"SearchAction\",\"target\":{\"@type\":\"EntryPoint\",\"urlTemplate\":\"https:\/\/www.safinel.fr\/?s={search_term_string}\"},\"query-input\":{\"@type\":\"PropertyValueSpecification\",\"valueRequired\":true,\"valueName\":\"search_term_string\"}}],\"inLanguage\":\"pt-PT\"},{\"@type\":\"Organization\",\"@id\":\"https:\/\/www.safinel.fr\/#organization\",\"name\":\"Safinel\",\"url\":\"https:\/\/www.safinel.fr\/\",\"logo\":{\"@type\":\"ImageObject\",\"inLanguage\":\"pt-PT\",\"@id\":\"https:\/\/www.safinel.fr\/#\/schema\/logo\/image\/\",\"url\":\"https:\/\/www.safinel.fr\/wp-content\/uploads\/2021\/05\/boutique-cosmetique.png\",\"contentUrl\":\"https:\/\/www.safinel.fr\/wp-content\/uploads\/2021\/05\/boutique-cosmetique.png\",\"width\":800,\"height\":200,\"caption\":\"Safinel\"},\"image\":{\"@id\":\"https:\/\/www.safinel.fr\/#\/schema\/logo\/image\/\"}}]}<\/script>\n<!-- \/ Yoast SEO plugin. -->","yoast_head_json":{"title":"Pasta de dentes natural com mentol em p\u00f3 de siwak 30 g - Safinel","robots":{"index":"index","follow":"follow","max-snippet":"max-snippet:-1","max-image-preview":"max-image-preview:large","max-video-preview":"max-video-preview:-1"},"canonical":"https:\/\/www.safinel.fr\/pt\/product-2\/pasta-de-dentes-natural-com-mentol-em-po-de-siwak-30-g\/","og_locale":"pt_PT","og_type":"article","og_title":"Dentifrice naturel menthol\u00e9 en poudre de siwak 30g - Safinel","og_description":"Le dentifrice \u00e0 la poudre de Siwak menthol\u00e9 est un produit naturel aussi bien qu&rsquo;efficace. Et c&rsquo;est \u00e9galement un in\u00e9luctable qui sera combl\u00e9e le c\u0153ur de ceux qui ont l&rsquo;\u00e2me de prot\u00e9ger la plan\u00e8te . Puisqu&rsquo;il n\u2019est constitu\u00e9 d\u2019aucun tensioactif, ou autres substances canc\u00e9rog\u00e8nes telles que le Triclosan ou le Fluor. Il ne contient aucun [...]","og_url":"https:\/\/www.safinel.fr\/pt\/product-2\/pasta-de-dentes-natural-com-mentol-em-po-de-siwak-30-g\/","og_site_name":"Safinel","article_modified_time":"2024-07-22T14:30:35+00:00","og_image":[{"width":1000,"height":1300,"url":"https:\/\/www.safinel.fr\/wp-content\/uploads\/2021\/07\/dentifrice-naturel-menthole-en-poudre-au-siwak-kb-cosmetique-1.jpg","type":"image\/jpeg"}],"twitter_card":"summary_large_image","twitter_misc":{"Tempo estimado de leitura":"2 minutos"},"schema":{"@context":"https:\/\/schema.org","@graph":[{"@type":"WebPage","@id":"https:\/\/www.safinel.fr\/produit\/dentifrice-naturel-menthole-en-poudre-de-siwak-30g\/","url":"https:\/\/www.safinel.fr\/produit\/dentifrice-naturel-menthole-en-poudre-de-siwak-30g\/","name":"Pasta de dentes natural com mentol em p\u00f3 de siwak 30 g - Safinel","isPartOf":{"@id":"https:\/\/www.safinel.fr\/#website"},"primaryImageOfPage":{"@id":"https:\/\/www.safinel.fr\/produit\/dentifrice-naturel-menthole-en-poudre-de-siwak-30g\/#primaryimage"},"image":{"@id":"https:\/\/www.safinel.fr\/produit\/dentifrice-naturel-menthole-en-poudre-de-siwak-30g\/#primaryimage"},"thumbnailUrl":"https:\/\/www.safinel.fr\/wp-content\/uploads\/2021\/07\/dentifrice-naturel-menthole-en-poudre-au-siwak-kb-cosmetique-1.jpg","datePublished":"2021-07-24T18:59:49+00:00","dateModified":"2024-07-22T14:30:35+00:00","breadcrumb":{"@id":"https:\/\/www.safinel.fr\/produit\/dentifrice-naturel-menthole-en-poudre-de-siwak-30g\/#breadcrumb"},"inLanguage":"pt-PT","potentialAction":[{"@type":"ReadAction","target":["https:\/\/www.safinel.fr\/produit\/dentifrice-naturel-menthole-en-poudre-de-siwak-30g\/"]}]},{"@type":"ImageObject","inLanguage":"pt-PT","@id":"https:\/\/www.safinel.fr\/produit\/dentifrice-naturel-menthole-en-poudre-de-siwak-30g\/#primaryimage","url":"https:\/\/www.safinel.fr\/wp-content\/uploads\/2021\/07\/dentifrice-naturel-menthole-en-poudre-au-siwak-kb-cosmetique-1.jpg","contentUrl":"https:\/\/www.safinel.fr\/wp-content\/uploads\/2021\/07\/dentifrice-naturel-menthole-en-poudre-au-siwak-kb-cosmetique-1.jpg","width":1000,"height":1300},{"@type":"BreadcrumbList","@id":"https:\/\/www.safinel.fr\/produit\/dentifrice-naturel-menthole-en-poudre-de-siwak-30g\/#breadcrumb","itemListElement":[{"@type":"ListItem","position":1,"name":"Accueil","item":"https:\/\/www.safinel.fr\/"},{"@type":"ListItem","position":2,"name":"Boutique","item":"https:\/\/www.safinel.fr\/boutique\/"},{"@type":"ListItem","position":3,"name":"Dentifrice naturel menthol\u00e9 en poudre de siwak 30g"}]},{"@type":"WebSite","@id":"https:\/\/www.safinel.fr\/#website","url":"https:\/\/www.safinel.fr\/","name":"Safinel","description":"","publisher":{"@id":"https:\/\/www.safinel.fr\/#organization"},"potentialAction":[{"@type":"SearchAction","target":{"@type":"EntryPoint","urlTemplate":"https:\/\/www.safinel.fr\/?s={search_term_string}"},"query-input":{"@type":"PropertyValueSpecification","valueRequired":true,"valueName":"search_term_string"}}],"inLanguage":"pt-PT"},{"@type":"Organization","@id":"https:\/\/www.safinel.fr\/#organization","name":"Safinel","url":"https:\/\/www.safinel.fr\/","logo":{"@type":"ImageObject","inLanguage":"pt-PT","@id":"https:\/\/www.safinel.fr\/#\/schema\/logo\/image\/","url":"https:\/\/www.safinel.fr\/wp-content\/uploads\/2021\/05\/boutique-cosmetique.png","contentUrl":"https:\/\/www.safinel.fr\/wp-content\/uploads\/2021\/05\/boutique-cosmetique.png","width":800,"height":200,"caption":"Safinel"},"image":{"@id":"https:\/\/www.safinel.fr\/#\/schema\/logo\/image\/"}}]}},"_links":{"self":[{"href":"https:\/\/www.safinel.fr\/pt\/wp-json\/wp\/v2\/product\/314","targetHints":{"allow":["GET"]}}],"collection":[{"href":"https:\/\/www.safinel.fr\/pt\/wp-json\/wp\/v2\/product"}],"about":[{"href":"https:\/\/www.safinel.fr\/pt\/wp-json\/wp\/v2\/types\/product"}],"wp:featuredmedia":[{"embeddable":true,"href":"https:\/\/www.safinel.fr\/pt\/wp-json\/wp\/v2\/media\/332"}],"wp:attachment":[{"href":"https:\/\/www.safinel.fr\/pt\/wp-json\/wp\/v2\/media?parent=314"}],"wp:term":[{"taxonomy":"product_brand","embeddable":true,"href":"https:\/\/www.safinel.fr\/pt\/wp-json\/wp\/v2\/product_brand?post=314"},{"taxonomy":"product_cat","embeddable":true,"href":"https:\/\/www.safinel.fr\/pt\/wp-json\/wp\/v2\/product_cat?post=314"},{"taxonomy":"product_tag","embeddable":true,"href":"https:\/\/www.safinel.fr\/pt\/wp-json\/wp\/v2\/product_tag?post=314"}],"curies":[{"name":"wp","href":"https:\/\/api.w.org\/{rel}","templated":true}]}}