{"id":3009,"date":"2022-10-03T18:13:05","date_gmt":"2022-10-03T18:13:05","guid":{"rendered":"https:\/\/www.safinel.fr\/?post_type=product&#038;p=3009"},"modified":"2023-12-28T17:15:37","modified_gmt":"2023-12-28T17:15:37","slug":"sabonete-de-cenoura","status":"publish","type":"product","link":"https:\/\/www.safinel.fr\/pt\/product-2\/sabonete-de-cenoura\/","title":{"rendered":"Sabonete de cenoura 80 g"},"content":{"rendered":"<p>O bem-estar e a beleza da sua pele s\u00e3o essenciais, seja voc\u00ea homem ou mulher. Na verdade, se ela estiver seca, ficar\u00e1 sem brilho e sujeita a inflama\u00e7\u00f5es e irrita\u00e7\u00f5es. Cuidando bem dela, ela permanecer\u00e1\u00a0<strong>lisa, el\u00e1stica e luminosa<\/strong>. Com o sabonete de cenoura, voc\u00ea vai cuidar dela diariamente e oferecer as solu\u00e7\u00f5es para eliminar todos os seus pequenos problemas. Uma pele bonita e um rosto radiante: com certeza, a vida vai sorrir para voc\u00ea!<\/p>\n<h2><strong>O sabonete de cenoura: uma infinidade de benef\u00edcios<\/strong><\/h2>\n<p>Uma apar\u00eancia ruim ou espinhas podem afetar a sua alegria de viver. Com este produto de limpeza, voc\u00ea vai combater suavemente esses pequenos problemas.<\/p>\n<p>A cenoura \u00e9 utilizada h\u00e1 mil\u00e9nios para ajudar todo o organismo. Na verdade, ela ajuda a combater doen\u00e7as, v\u00edrus, danos e inflama\u00e7\u00f5es. Para a sua pele, \u00e9 uma verdadeira mina de ouro. As suas\u00a0<strong>antioxidantes<\/strong>\u00a0e os seus minerais, nomeadamente o pot\u00e1ssio, v\u00e3o\u00a0<strong>estimular a regenera\u00e7\u00e3o<\/strong>\u00a0das suas c\u00e9lulas, bem como a\u00a0<strong>vitamina A<\/strong>, reequilibrar o pH da sua pele e\u00a0<strong>hidratar profundamente<\/strong>.<\/p>\n<p>As vitaminas\u00a0<strong>B1<\/strong>\u00a0e\u00a0<strong>C<\/strong>\u00a0tamb\u00e9m contribuem para combater o envelhecimento das c\u00e9lulas, mas tamb\u00e9m os\u00a0<strong>manchas castanhas<\/strong>. Voc\u00ea ter\u00e1 uma tez radiante e uniforme! Finalmente, a\u00a0<strong>vitamina K<\/strong>\u00a0ajudar\u00e1 na cicatriza\u00e7\u00e3o, especialmente a da\u2019<strong>acne<\/strong>\u00a0como o\u00a0<strong>sabonete de curcuma<\/strong>. Como j\u00e1 deve ter percebido, este \u00e9 o produto de beleza e bem-estar indispens\u00e1vel para real\u00e7ar a sua beleza.<\/p>\n<h2><strong>Sabonete de cenoura: para uma pele luminosa<\/strong><\/h2>\n<p>Os seus princ\u00edpios ativos atuam na sua pele e combatem a secura. Na verdade, a sua f\u00f3rmula org\u00e2nica limpa e ajuda a hidratar ao mesmo tempo. Ao contr\u00e1rio dos produtos de limpeza qu\u00edmicos, que ressecam consideravelmente a pele. Aqui, ela ser\u00e1 bem nutrida e manter\u00e1 a sua\u00a0<strong>elasticidade<\/strong>\u00a0e o seu\u00a0<strong>tonicidade<\/strong>. Al\u00e9m disso, todo o seu corpo ir\u00e1 beneficiar dos efeitos dos antioxidantes e das vitaminas.<\/p>\n<p>Ter\u00e1 uma pele suave e ver\u00e1 as suas borbulhas cicatrizarem mais rapidamente e as suas marcas desaparecerem gradualmente. No rosto, descobrir\u00e1 uma\u00a0<strong>brilho \u00fanico<\/strong>\u00a0que ir\u00e1 encant\u00e1-lo. Todos os membros da fam\u00edlia ir\u00e3o torn\u00e1-lo o seu produto de higiene pessoal favorito. E, para uma hidrata\u00e7\u00e3o ex\u00f3tica, experimente o\u00a0<strong>sabonete de papaia<\/strong>\u00a0que tem as mesmas propriedades hidratantes.<\/p>\n<h3><strong>Uma rotina de bem-estar a adotar para a sua pele<\/strong><\/h3>\n<p>No dia a dia, deve pensar em beber bastante \u00e1gua, pois isso ter\u00e1 um efeito imediato na sua pele. E, caso se tenha esquecido: lembre-se de que uma pele bonita requer, em primeiro lugar, uma\u00a0<strong>hidrata\u00e7\u00e3o intensa<\/strong>. \u00c9 por isso que as suas c\u00e9lulas precisam de \u00e1gua (1,5 litros por dia seria o ideal). Ao tomar banho, remova as c\u00e9lulas mortas do corpo, exceto do rosto, com um\u00a0<strong>luva esfoliante de sisal<\/strong>\u00a0que estimular\u00e1 a circula\u00e7\u00e3o sangu\u00ednea e a elimina\u00e7\u00e3o de toxinas. Por fim, enx\u00e1gue com \u00e1gua.\u00a0<strong>fria<\/strong>.<\/p>\n<p>Isso ter\u00e1 o efeito de firmar e tonificar a sua pele. Em seguida, nutra o seu corpo com um creme hidratante como o\u00a0<strong>manteiga<\/strong>\u00a0ou a\u00a0<a href=\"https:\/\/www.safinel.fr\/pt\/product-2\/chantilly-de-karite\/\"><strong>chantilly de karit\u00e9<\/strong><\/a>. Para o rosto, se tiver pele sens\u00edvel ou acneica, aplique algumas gotas do\u00a0<a href=\"https:\/\/www.safinel.fr\/pt\/product-2\/serum-anti-acne-com-nigela\/\"><strong>s\u00e9rum anti-acne com nigela<\/strong><\/a>.<\/p>","protected":false},"excerpt":{"rendered":"<p>Le bien-\u00eatre et la beaut\u00e9 de votre peau sont essentiels que vous soyez un homme ou une femme. En effet, si elle est s\u00e8che elle se ternit et sera sujette aux inflammations et aux irritations. En prenant soin elle restera\u00a0lisse, \u00e9lastique et lumineuse. Avec le savon carotte, vous la chouchouterez au quotidien et lui apporterez [&#8230;]","protected":false},"featured_media":3010,"template":"","meta":[],"product_brand":[],"product_cat":[41,123],"product_tag":[],"class_list":{"0":"post-3009","1":"product","2":"type-product","3":"status-publish","4":"has-post-thumbnail","6":"product_cat-produits-naturels-divers","7":"product_cat-savon","9":"first","10":"instock","11":"shipping-taxable","12":"purchasable","13":"product-type-simple"},"yoast_head":"<!-- This site is optimized with the Yoast SEO plugin v26.6 - https:\/\/yoast.com\/wordpress\/plugins\/seo\/ -->\n<title>Savon carotte I Pour un teint lumineux I Savon bio<\/title>\n<meta name=\"description\" content=\"Avec le savon carotte, vous chouchouterez au quotidien votre peau et lui apporterez les solutions pour \u00e9radiquer tous ses petits soucis.\" \/>\n<meta name=\"robots\" content=\"index, follow, max-snippet:-1, max-image-preview:large, max-video-preview:-1\" \/>\n<link rel=\"canonical\" href=\"https:\/\/www.safinel.fr\/pt\/product-2\/sabonete-de-cenoura\/\" \/>\n<meta property=\"og:locale\" content=\"pt_PT\" \/>\n<meta property=\"og:type\" content=\"article\" \/>\n<meta property=\"og:title\" content=\"Savon carotte I Pour un teint lumineux I Savon bio\" \/>\n<meta property=\"og:description\" content=\"Avec le savon carotte, vous chouchouterez au quotidien votre peau et lui apporterez les solutions pour \u00e9radiquer tous ses petits soucis.\" \/>\n<meta property=\"og:url\" content=\"https:\/\/www.safinel.fr\/pt\/product-2\/sabonete-de-cenoura\/\" \/>\n<meta property=\"og:site_name\" content=\"Safinel\" \/>\n<meta property=\"article:modified_time\" content=\"2023-12-28T17:15:37+00:00\" \/>\n<meta property=\"og:image\" content=\"https:\/\/www.safinel.fr\/wp-content\/uploads\/2022\/10\/savon-carotte.jpg\" \/>\n\t<meta property=\"og:image:width\" content=\"600\" \/>\n\t<meta property=\"og:image:height\" content=\"600\" \/>\n\t<meta property=\"og:image:type\" content=\"image\/jpeg\" \/>\n<meta name=\"twitter:card\" content=\"summary_large_image\" \/>\n<meta name=\"twitter:label1\" content=\"Tempo estimado de leitura\" \/>\n\t<meta name=\"twitter:data1\" content=\"3 minutos\" \/>\n<script type=\"application\/ld+json\" class=\"yoast-schema-graph\">{\"@context\":\"https:\/\/schema.org\",\"@graph\":[{\"@type\":\"WebPage\",\"@id\":\"https:\/\/www.safinel.fr\/produit\/savon-carotte\/\",\"url\":\"https:\/\/www.safinel.fr\/produit\/savon-carotte\/\",\"name\":\"Savon carotte I Pour un teint lumineux I Savon bio\",\"isPartOf\":{\"@id\":\"https:\/\/www.safinel.fr\/#website\"},\"primaryImageOfPage\":{\"@id\":\"https:\/\/www.safinel.fr\/produit\/savon-carotte\/#primaryimage\"},\"image\":{\"@id\":\"https:\/\/www.safinel.fr\/produit\/savon-carotte\/#primaryimage\"},\"thumbnailUrl\":\"https:\/\/www.safinel.fr\/wp-content\/uploads\/2022\/10\/savon-carotte.jpg\",\"datePublished\":\"2022-10-03T18:13:05+00:00\",\"dateModified\":\"2023-12-28T17:15:37+00:00\",\"description\":\"Avec le savon carotte, vous chouchouterez au quotidien votre peau et lui apporterez les solutions pour \u00e9radiquer tous ses petits soucis.\",\"breadcrumb\":{\"@id\":\"https:\/\/www.safinel.fr\/produit\/savon-carotte\/#breadcrumb\"},\"inLanguage\":\"pt-PT\",\"potentialAction\":[{\"@type\":\"ReadAction\",\"target\":[\"https:\/\/www.safinel.fr\/produit\/savon-carotte\/\"]}]},{\"@type\":\"ImageObject\",\"inLanguage\":\"pt-PT\",\"@id\":\"https:\/\/www.safinel.fr\/produit\/savon-carotte\/#primaryimage\",\"url\":\"https:\/\/www.safinel.fr\/wp-content\/uploads\/2022\/10\/savon-carotte.jpg\",\"contentUrl\":\"https:\/\/www.safinel.fr\/wp-content\/uploads\/2022\/10\/savon-carotte.jpg\",\"width\":600,\"height\":600,\"caption\":\"Savon carotte\"},{\"@type\":\"BreadcrumbList\",\"@id\":\"https:\/\/www.safinel.fr\/produit\/savon-carotte\/#breadcrumb\",\"itemListElement\":[{\"@type\":\"ListItem\",\"position\":1,\"name\":\"Accueil\",\"item\":\"https:\/\/www.safinel.fr\/\"},{\"@type\":\"ListItem\",\"position\":2,\"name\":\"Boutique\",\"item\":\"https:\/\/www.safinel.fr\/boutique\/\"},{\"@type\":\"ListItem\",\"position\":3,\"name\":\"Savon carotte 80g\"}]},{\"@type\":\"WebSite\",\"@id\":\"https:\/\/www.safinel.fr\/#website\",\"url\":\"https:\/\/www.safinel.fr\/\",\"name\":\"Safinel\",\"description\":\"\",\"publisher\":{\"@id\":\"https:\/\/www.safinel.fr\/#organization\"},\"potentialAction\":[{\"@type\":\"SearchAction\",\"target\":{\"@type\":\"EntryPoint\",\"urlTemplate\":\"https:\/\/www.safinel.fr\/?s={search_term_string}\"},\"query-input\":{\"@type\":\"PropertyValueSpecification\",\"valueRequired\":true,\"valueName\":\"search_term_string\"}}],\"inLanguage\":\"pt-PT\"},{\"@type\":\"Organization\",\"@id\":\"https:\/\/www.safinel.fr\/#organization\",\"name\":\"Safinel\",\"url\":\"https:\/\/www.safinel.fr\/\",\"logo\":{\"@type\":\"ImageObject\",\"inLanguage\":\"pt-PT\",\"@id\":\"https:\/\/www.safinel.fr\/#\/schema\/logo\/image\/\",\"url\":\"https:\/\/www.safinel.fr\/wp-content\/uploads\/2021\/05\/boutique-cosmetique.png\",\"contentUrl\":\"https:\/\/www.safinel.fr\/wp-content\/uploads\/2021\/05\/boutique-cosmetique.png\",\"width\":800,\"height\":200,\"caption\":\"Safinel\"},\"image\":{\"@id\":\"https:\/\/www.safinel.fr\/#\/schema\/logo\/image\/\"}}]}<\/script>\n<!-- \/ Yoast SEO plugin. -->","yoast_head_json":{"title":"Sabonete de cenoura I Para uma tez luminosa I Sabonete org\u00e2nico","description":"Com o sabonete de cenoura, voc\u00ea cuidar\u00e1 da sua pele diariamente e lhe proporcionar\u00e1 as solu\u00e7\u00f5es para eliminar todos os seus pequenos problemas.","robots":{"index":"index","follow":"follow","max-snippet":"max-snippet:-1","max-image-preview":"max-image-preview:large","max-video-preview":"max-video-preview:-1"},"canonical":"https:\/\/www.safinel.fr\/pt\/product-2\/sabonete-de-cenoura\/","og_locale":"pt_PT","og_type":"article","og_title":"Savon carotte I Pour un teint lumineux I Savon bio","og_description":"Avec le savon carotte, vous chouchouterez au quotidien votre peau et lui apporterez les solutions pour \u00e9radiquer tous ses petits soucis.","og_url":"https:\/\/www.safinel.fr\/pt\/product-2\/sabonete-de-cenoura\/","og_site_name":"Safinel","article_modified_time":"2023-12-28T17:15:37+00:00","og_image":[{"width":600,"height":600,"url":"https:\/\/www.safinel.fr\/wp-content\/uploads\/2022\/10\/savon-carotte.jpg","type":"image\/jpeg"}],"twitter_card":"summary_large_image","twitter_misc":{"Tempo estimado de leitura":"3 minutos"},"schema":{"@context":"https:\/\/schema.org","@graph":[{"@type":"WebPage","@id":"https:\/\/www.safinel.fr\/produit\/savon-carotte\/","url":"https:\/\/www.safinel.fr\/produit\/savon-carotte\/","name":"Sabonete de cenoura I Para uma tez luminosa I Sabonete org\u00e2nico","isPartOf":{"@id":"https:\/\/www.safinel.fr\/#website"},"primaryImageOfPage":{"@id":"https:\/\/www.safinel.fr\/produit\/savon-carotte\/#primaryimage"},"image":{"@id":"https:\/\/www.safinel.fr\/produit\/savon-carotte\/#primaryimage"},"thumbnailUrl":"https:\/\/www.safinel.fr\/wp-content\/uploads\/2022\/10\/savon-carotte.jpg","datePublished":"2022-10-03T18:13:05+00:00","dateModified":"2023-12-28T17:15:37+00:00","description":"Com o sabonete de cenoura, voc\u00ea cuidar\u00e1 da sua pele diariamente e lhe proporcionar\u00e1 as solu\u00e7\u00f5es para eliminar todos os seus pequenos problemas.","breadcrumb":{"@id":"https:\/\/www.safinel.fr\/produit\/savon-carotte\/#breadcrumb"},"inLanguage":"pt-PT","potentialAction":[{"@type":"ReadAction","target":["https:\/\/www.safinel.fr\/produit\/savon-carotte\/"]}]},{"@type":"ImageObject","inLanguage":"pt-PT","@id":"https:\/\/www.safinel.fr\/produit\/savon-carotte\/#primaryimage","url":"https:\/\/www.safinel.fr\/wp-content\/uploads\/2022\/10\/savon-carotte.jpg","contentUrl":"https:\/\/www.safinel.fr\/wp-content\/uploads\/2022\/10\/savon-carotte.jpg","width":600,"height":600,"caption":"Savon carotte"},{"@type":"BreadcrumbList","@id":"https:\/\/www.safinel.fr\/produit\/savon-carotte\/#breadcrumb","itemListElement":[{"@type":"ListItem","position":1,"name":"Accueil","item":"https:\/\/www.safinel.fr\/"},{"@type":"ListItem","position":2,"name":"Boutique","item":"https:\/\/www.safinel.fr\/boutique\/"},{"@type":"ListItem","position":3,"name":"Savon carotte 80g"}]},{"@type":"WebSite","@id":"https:\/\/www.safinel.fr\/#website","url":"https:\/\/www.safinel.fr\/","name":"Safinel","description":"","publisher":{"@id":"https:\/\/www.safinel.fr\/#organization"},"potentialAction":[{"@type":"SearchAction","target":{"@type":"EntryPoint","urlTemplate":"https:\/\/www.safinel.fr\/?s={search_term_string}"},"query-input":{"@type":"PropertyValueSpecification","valueRequired":true,"valueName":"search_term_string"}}],"inLanguage":"pt-PT"},{"@type":"Organization","@id":"https:\/\/www.safinel.fr\/#organization","name":"Safinel","url":"https:\/\/www.safinel.fr\/","logo":{"@type":"ImageObject","inLanguage":"pt-PT","@id":"https:\/\/www.safinel.fr\/#\/schema\/logo\/image\/","url":"https:\/\/www.safinel.fr\/wp-content\/uploads\/2021\/05\/boutique-cosmetique.png","contentUrl":"https:\/\/www.safinel.fr\/wp-content\/uploads\/2021\/05\/boutique-cosmetique.png","width":800,"height":200,"caption":"Safinel"},"image":{"@id":"https:\/\/www.safinel.fr\/#\/schema\/logo\/image\/"}}]}},"_links":{"self":[{"href":"https:\/\/www.safinel.fr\/pt\/wp-json\/wp\/v2\/product\/3009","targetHints":{"allow":["GET"]}}],"collection":[{"href":"https:\/\/www.safinel.fr\/pt\/wp-json\/wp\/v2\/product"}],"about":[{"href":"https:\/\/www.safinel.fr\/pt\/wp-json\/wp\/v2\/types\/product"}],"wp:featuredmedia":[{"embeddable":true,"href":"https:\/\/www.safinel.fr\/pt\/wp-json\/wp\/v2\/media\/3010"}],"wp:attachment":[{"href":"https:\/\/www.safinel.fr\/pt\/wp-json\/wp\/v2\/media?parent=3009"}],"wp:term":[{"taxonomy":"product_brand","embeddable":true,"href":"https:\/\/www.safinel.fr\/pt\/wp-json\/wp\/v2\/product_brand?post=3009"},{"taxonomy":"product_cat","embeddable":true,"href":"https:\/\/www.safinel.fr\/pt\/wp-json\/wp\/v2\/product_cat?post=3009"},{"taxonomy":"product_tag","embeddable":true,"href":"https:\/\/www.safinel.fr\/pt\/wp-json\/wp\/v2\/product_tag?post=3009"}],"curies":[{"name":"wp","href":"https:\/\/api.w.org\/{rel}","templated":true}]}}