{"id":2948,"date":"2022-09-29T10:02:03","date_gmt":"2022-09-29T10:02:03","guid":{"rendered":"https:\/\/www.safinel.fr\/?post_type=product&#038;p=2948"},"modified":"2023-12-30T12:26:18","modified_gmt":"2023-12-30T12:26:18","slug":"pimenta-cubeba-pimenta-com-cauda","status":"publish","type":"product","link":"https:\/\/www.safinel.fr\/pt\/product-2\/pimenta-cubeba-pimenta-com-cauda\/","title":{"rendered":"Pimenta cubeba (pimenta com cauda)"},"content":{"rendered":"<p>A pimenta cubeba \u00e9 uma especiaria rara proveniente da Indon\u00e9sia, mais precisamente da ilha de Java. \u00c9 ideal para\u00a0<strong>saladas<\/strong>, os\u00a0<strong>carnes brancas<\/strong>\u00a0e o\u00a0<strong>peixe.<\/strong>\u00a0Na verdade, ele tem a particularidade de ser melhor cru do que cozido. Tamb\u00e9m \u00e9 usado em receitas de sobremesas. Convidamo-lo a descobrir este condimento especial.<\/p>\n<h2><strong>Pimenta cubeba: um sabor original<\/strong><\/h2>\n<p>Todos conhecem a pimenta preta ou branca, mas a pimenta cubeba, ou pimenta-de-cauda, \u00e9 pouco conhecida. Tem notas maravilhosas que far\u00e3o viajar as suas papilas gustativas.\u00a0\u00a0Os seus sabores s\u00e3o naturalmente muito mentolados, com notas de eucalipto e cravo-da-\u00edndia. Mas, acima de tudo, tem a particularidade de n\u00e3o picar ou picar muito pouco. Gra\u00e7as a ela, poder\u00e1 criar uma cozinha criativa que ser\u00e1, para quem a provar, uma explos\u00e3o de sabores intensos.<\/p>\n<h2><strong>Um condimento cultivado naturalmente<\/strong><\/h2>\n<p>Na era da produ\u00e7\u00e3o em massa, na ilha de Java, ele cresce de forma selvagem em uma liana. Por esse motivo, os locais onde \u00e9 colhido s\u00e3o mantidos em segredo. Os colhedores recolhem-na das lianas, que crescem a mais de 15 metros de altura. \u00c9 uma colheita perigosa, pois \u00e9 necess\u00e1rio subir muito alto para recolher as bagas. Estas s\u00e3o, em seguida, deixadas ao sol durante cerca de 5 dias. Depois disso, escurecem: \u00e9 a pimenta cubeba tal como a compramos.<\/p>\n<h3><strong>O aliado dos pratos frios<\/strong><\/h3>\n<p>Utilizado principalmente na\u00a0<strong>cozinha asi\u00e1tica<\/strong>, ficar\u00e1 delicioso servido na sua salada. Tamb\u00e9m pode ser usado em peixes e carnes brancas. Mas \u00e9 preciso ter cuidado para adicion\u00e1-lo no \u00faltimo momento. Se cozinhar demais, ele ficar\u00e1 extremamente amargo e alterar\u00e1 o sabor requintado da sua refei\u00e7\u00e3o. Descubra tamb\u00e9m a pimenta \u00e1cida<strong>\u00a0<\/strong>de<strong>\u00a0Sichuan\u00a0<\/strong>ou o de<strong>\u00a0Timut\u00a0<\/strong>com notas c\u00edtricas.<\/p>\n<h2><strong>Pimenta cubeba: o ingrediente original das sobremesas<\/strong><\/h2>\n<p>Ele dar\u00e1 um toque de originalidade \u00e0s suas sobremesas. Especialmente aquelas \u00e0 base de chocolate. Voc\u00ea sentir\u00e1 um frescor prolongado na boca. No entanto, tenha cuidado com a dosagem, que deve ser leve para evitar um sabor amargo excessivo.<\/p>\n<p>A nossa ideia de sobremesa fresca: corte 300 g de morangos em fatias. Polvilhe com 2 colheres de ch\u00e1 de a\u00e7\u00facar e meia colher de pimenta cubeba em p\u00f3. Adicione um pouco de sumo de lim\u00e3o e mexa. Deixe no frigor\u00edfico durante uma hora e meia. A degusta\u00e7\u00e3o ser\u00e1 uma verdadeira del\u00edcia!<\/p>\n<p>Para sobremesas de chocolate, adicione 3 gr\u00e3os mo\u00eddos ao chocolate derretido.<\/p>\n<h3><strong>Que tal uma infus\u00e3o de pimenta-malagueta?<\/strong><\/h3>\n<p>Na Indon\u00e9sia, \u00e9 usado em infus\u00e3o para ajudar na digest\u00e3o. E tamb\u00e9m para combater a febre. \u00c9 uma especiaria com m\u00faltiplas virtudes!<\/p>\n<h2><strong>Como usar a pimenta cubeba?<\/strong><\/h2>\n<p>Pode infundi-lo na sua prepara\u00e7\u00e3o culin\u00e1ria. Ou ent\u00e3o, triture-o com um pil\u00e3o e polvilhe o seu prato no \u00faltimo momento.<\/p>\n<h3><strong>Descubra outros condimentos com sabores ex\u00f3ticos<\/strong><\/h3>\n<p>Para sabores picantes e apimentados, tempere os seus pratos com a\u00a0<a href=\"https:\/\/www.safinel.fr\/pt\/product-2\/pimenta-cavalo-da-india\/\"><strong>Manigueta<\/strong><\/a><strong>\u00a0<\/strong>da \u00c1frica Ocidental. E, se quiser um toque de originalidade, experimente\u00a0<a href=\"https:\/\/www.safinel.fr\/pt\/product-2\/alho-preto\/\"><strong>alho preto<\/strong><\/a>\u00a0com notas doces e de alca\u00e7uz.<\/p>","protected":false},"excerpt":{"rendered":"<p>Le poivre cub\u00e8be est un aromate rare qui vient d\u2019Indon\u00e9sie et plus pr\u00e9cis\u00e9ment de l\u2019\u00eele de Java. Il est id\u00e9al pour les\u00a0salades, les\u00a0viandes blanches\u00a0et le\u00a0poisson.\u00a0En effet, il a la particularit\u00e9 d\u2019\u00eatre meilleur cru que lorsqu\u2019il est cuit. Il est, aussi, utilis\u00e9 dans les recettes de desserts. Nous vous invitons \u00e0 la d\u00e9couverte de ce condiment [&#8230;]","protected":false},"featured_media":2951,"template":"","meta":[],"product_brand":[],"product_cat":[44],"product_tag":[],"class_list":{"0":"post-2948","1":"product","2":"type-product","3":"status-publish","4":"has-post-thumbnail","6":"product_cat-epices","8":"first","9":"instock","10":"shipping-taxable","11":"purchasable","12":"product-type-variable"},"yoast_head":"<!-- This site is optimized with the Yoast SEO plugin v26.6 - https:\/\/yoast.com\/wordpress\/plugins\/seo\/ -->\n<title>Poivre de cub\u00e8be | Poivre \u00e0 queue | Achat rapide et s\u00e9curis\u00e9<\/title>\n<meta name=\"description\" content=\"Le poivre cub\u00e8be est un aromate qui vient d\u2019Indon\u00e9sie de l\u2019\u00eele de Java. Il est id\u00e9al pour les\u00a0salades, les\u00a0viandes blanches\u00a0et le\u00a0poisson.\" \/>\n<meta name=\"robots\" content=\"index, follow, max-snippet:-1, max-image-preview:large, max-video-preview:-1\" \/>\n<link rel=\"canonical\" href=\"https:\/\/www.safinel.fr\/pt\/product-2\/pimenta-cubeba-pimenta-com-cauda\/\" \/>\n<meta property=\"og:locale\" content=\"pt_PT\" \/>\n<meta property=\"og:type\" content=\"article\" \/>\n<meta property=\"og:title\" content=\"Poivre de cub\u00e8be | Poivre \u00e0 queue | Achat rapide et s\u00e9curis\u00e9\" \/>\n<meta property=\"og:description\" content=\"Le poivre cub\u00e8be est un aromate qui vient d\u2019Indon\u00e9sie de l\u2019\u00eele de Java. Il est id\u00e9al pour les\u00a0salades, les\u00a0viandes blanches\u00a0et le\u00a0poisson.\" \/>\n<meta property=\"og:url\" content=\"https:\/\/www.safinel.fr\/pt\/product-2\/pimenta-cubeba-pimenta-com-cauda\/\" \/>\n<meta property=\"og:site_name\" content=\"Safinel\" \/>\n<meta property=\"article:modified_time\" content=\"2023-12-30T12:26:18+00:00\" \/>\n<meta property=\"og:image\" content=\"https:\/\/www.safinel.fr\/wp-content\/uploads\/2022\/09\/poivre-de-cubebe.jpg\" \/>\n\t<meta property=\"og:image:width\" content=\"600\" \/>\n\t<meta property=\"og:image:height\" content=\"600\" \/>\n\t<meta property=\"og:image:type\" content=\"image\/jpeg\" \/>\n<meta name=\"twitter:card\" content=\"summary_large_image\" \/>\n<meta name=\"twitter:label1\" content=\"Tempo estimado de leitura\" \/>\n\t<meta name=\"twitter:data1\" content=\"3 minutos\" \/>\n<script type=\"application\/ld+json\" class=\"yoast-schema-graph\">{\"@context\":\"https:\/\/schema.org\",\"@graph\":[{\"@type\":\"WebPage\",\"@id\":\"https:\/\/www.safinel.fr\/produit\/poivre-de-cubebe-poivre-a-queue\/\",\"url\":\"https:\/\/www.safinel.fr\/produit\/poivre-de-cubebe-poivre-a-queue\/\",\"name\":\"Poivre de cub\u00e8be | Poivre \u00e0 queue | Achat rapide et s\u00e9curis\u00e9\",\"isPartOf\":{\"@id\":\"https:\/\/www.safinel.fr\/#website\"},\"primaryImageOfPage\":{\"@id\":\"https:\/\/www.safinel.fr\/produit\/poivre-de-cubebe-poivre-a-queue\/#primaryimage\"},\"image\":{\"@id\":\"https:\/\/www.safinel.fr\/produit\/poivre-de-cubebe-poivre-a-queue\/#primaryimage\"},\"thumbnailUrl\":\"https:\/\/www.safinel.fr\/wp-content\/uploads\/2022\/09\/poivre-de-cubebe.jpg\",\"datePublished\":\"2022-09-29T10:02:03+00:00\",\"dateModified\":\"2023-12-30T12:26:18+00:00\",\"description\":\"Le poivre cub\u00e8be est un aromate qui vient d\u2019Indon\u00e9sie de l\u2019\u00eele de Java. Il est id\u00e9al pour les\u00a0salades, les\u00a0viandes blanches\u00a0et le\u00a0poisson.\",\"breadcrumb\":{\"@id\":\"https:\/\/www.safinel.fr\/produit\/poivre-de-cubebe-poivre-a-queue\/#breadcrumb\"},\"inLanguage\":\"pt-PT\",\"potentialAction\":[{\"@type\":\"ReadAction\",\"target\":[\"https:\/\/www.safinel.fr\/produit\/poivre-de-cubebe-poivre-a-queue\/\"]}]},{\"@type\":\"ImageObject\",\"inLanguage\":\"pt-PT\",\"@id\":\"https:\/\/www.safinel.fr\/produit\/poivre-de-cubebe-poivre-a-queue\/#primaryimage\",\"url\":\"https:\/\/www.safinel.fr\/wp-content\/uploads\/2022\/09\/poivre-de-cubebe.jpg\",\"contentUrl\":\"https:\/\/www.safinel.fr\/wp-content\/uploads\/2022\/09\/poivre-de-cubebe.jpg\",\"width\":600,\"height\":600,\"caption\":\"Poivre de cub\u00e8be\"},{\"@type\":\"BreadcrumbList\",\"@id\":\"https:\/\/www.safinel.fr\/produit\/poivre-de-cubebe-poivre-a-queue\/#breadcrumb\",\"itemListElement\":[{\"@type\":\"ListItem\",\"position\":1,\"name\":\"Accueil\",\"item\":\"https:\/\/www.safinel.fr\/\"},{\"@type\":\"ListItem\",\"position\":2,\"name\":\"Boutique\",\"item\":\"https:\/\/www.safinel.fr\/boutique\/\"},{\"@type\":\"ListItem\",\"position\":3,\"name\":\"Poivre de cub\u00e8be (Poivre \u00e0 queue)\"}]},{\"@type\":\"WebSite\",\"@id\":\"https:\/\/www.safinel.fr\/#website\",\"url\":\"https:\/\/www.safinel.fr\/\",\"name\":\"Safinel\",\"description\":\"\",\"publisher\":{\"@id\":\"https:\/\/www.safinel.fr\/#organization\"},\"potentialAction\":[{\"@type\":\"SearchAction\",\"target\":{\"@type\":\"EntryPoint\",\"urlTemplate\":\"https:\/\/www.safinel.fr\/?s={search_term_string}\"},\"query-input\":{\"@type\":\"PropertyValueSpecification\",\"valueRequired\":true,\"valueName\":\"search_term_string\"}}],\"inLanguage\":\"pt-PT\"},{\"@type\":\"Organization\",\"@id\":\"https:\/\/www.safinel.fr\/#organization\",\"name\":\"Safinel\",\"url\":\"https:\/\/www.safinel.fr\/\",\"logo\":{\"@type\":\"ImageObject\",\"inLanguage\":\"pt-PT\",\"@id\":\"https:\/\/www.safinel.fr\/#\/schema\/logo\/image\/\",\"url\":\"https:\/\/www.safinel.fr\/wp-content\/uploads\/2021\/05\/boutique-cosmetique.png\",\"contentUrl\":\"https:\/\/www.safinel.fr\/wp-content\/uploads\/2021\/05\/boutique-cosmetique.png\",\"width\":800,\"height\":200,\"caption\":\"Safinel\"},\"image\":{\"@id\":\"https:\/\/www.safinel.fr\/#\/schema\/logo\/image\/\"}}]}<\/script>\n<!-- \/ Yoast SEO plugin. -->","yoast_head_json":{"title":"Pimenta cubeba | Pimenta com cauda | Compra r\u00e1pida e segura","description":"A pimenta cubeba \u00e9 um tempero origin\u00e1rio da Indon\u00e9sia, da ilha de Java. \u00c9 ideal para saladas, carnes brancas e peixes.","robots":{"index":"index","follow":"follow","max-snippet":"max-snippet:-1","max-image-preview":"max-image-preview:large","max-video-preview":"max-video-preview:-1"},"canonical":"https:\/\/www.safinel.fr\/pt\/product-2\/pimenta-cubeba-pimenta-com-cauda\/","og_locale":"pt_PT","og_type":"article","og_title":"Poivre de cub\u00e8be | Poivre \u00e0 queue | Achat rapide et s\u00e9curis\u00e9","og_description":"Le poivre cub\u00e8be est un aromate qui vient d\u2019Indon\u00e9sie de l\u2019\u00eele de Java. Il est id\u00e9al pour les\u00a0salades, les\u00a0viandes blanches\u00a0et le\u00a0poisson.","og_url":"https:\/\/www.safinel.fr\/pt\/product-2\/pimenta-cubeba-pimenta-com-cauda\/","og_site_name":"Safinel","article_modified_time":"2023-12-30T12:26:18+00:00","og_image":[{"width":600,"height":600,"url":"https:\/\/www.safinel.fr\/wp-content\/uploads\/2022\/09\/poivre-de-cubebe.jpg","type":"image\/jpeg"}],"twitter_card":"summary_large_image","twitter_misc":{"Tempo estimado de leitura":"3 minutos"},"schema":{"@context":"https:\/\/schema.org","@graph":[{"@type":"WebPage","@id":"https:\/\/www.safinel.fr\/produit\/poivre-de-cubebe-poivre-a-queue\/","url":"https:\/\/www.safinel.fr\/produit\/poivre-de-cubebe-poivre-a-queue\/","name":"Pimenta cubeba | Pimenta com cauda | Compra r\u00e1pida e segura","isPartOf":{"@id":"https:\/\/www.safinel.fr\/#website"},"primaryImageOfPage":{"@id":"https:\/\/www.safinel.fr\/produit\/poivre-de-cubebe-poivre-a-queue\/#primaryimage"},"image":{"@id":"https:\/\/www.safinel.fr\/produit\/poivre-de-cubebe-poivre-a-queue\/#primaryimage"},"thumbnailUrl":"https:\/\/www.safinel.fr\/wp-content\/uploads\/2022\/09\/poivre-de-cubebe.jpg","datePublished":"2022-09-29T10:02:03+00:00","dateModified":"2023-12-30T12:26:18+00:00","description":"A pimenta cubeba \u00e9 um tempero origin\u00e1rio da Indon\u00e9sia, da ilha de Java. \u00c9 ideal para saladas, carnes brancas e peixes.","breadcrumb":{"@id":"https:\/\/www.safinel.fr\/produit\/poivre-de-cubebe-poivre-a-queue\/#breadcrumb"},"inLanguage":"pt-PT","potentialAction":[{"@type":"ReadAction","target":["https:\/\/www.safinel.fr\/produit\/poivre-de-cubebe-poivre-a-queue\/"]}]},{"@type":"ImageObject","inLanguage":"pt-PT","@id":"https:\/\/www.safinel.fr\/produit\/poivre-de-cubebe-poivre-a-queue\/#primaryimage","url":"https:\/\/www.safinel.fr\/wp-content\/uploads\/2022\/09\/poivre-de-cubebe.jpg","contentUrl":"https:\/\/www.safinel.fr\/wp-content\/uploads\/2022\/09\/poivre-de-cubebe.jpg","width":600,"height":600,"caption":"Poivre de cub\u00e8be"},{"@type":"BreadcrumbList","@id":"https:\/\/www.safinel.fr\/produit\/poivre-de-cubebe-poivre-a-queue\/#breadcrumb","itemListElement":[{"@type":"ListItem","position":1,"name":"Accueil","item":"https:\/\/www.safinel.fr\/"},{"@type":"ListItem","position":2,"name":"Boutique","item":"https:\/\/www.safinel.fr\/boutique\/"},{"@type":"ListItem","position":3,"name":"Poivre de cub\u00e8be (Poivre \u00e0 queue)"}]},{"@type":"WebSite","@id":"https:\/\/www.safinel.fr\/#website","url":"https:\/\/www.safinel.fr\/","name":"Safinel","description":"","publisher":{"@id":"https:\/\/www.safinel.fr\/#organization"},"potentialAction":[{"@type":"SearchAction","target":{"@type":"EntryPoint","urlTemplate":"https:\/\/www.safinel.fr\/?s={search_term_string}"},"query-input":{"@type":"PropertyValueSpecification","valueRequired":true,"valueName":"search_term_string"}}],"inLanguage":"pt-PT"},{"@type":"Organization","@id":"https:\/\/www.safinel.fr\/#organization","name":"Safinel","url":"https:\/\/www.safinel.fr\/","logo":{"@type":"ImageObject","inLanguage":"pt-PT","@id":"https:\/\/www.safinel.fr\/#\/schema\/logo\/image\/","url":"https:\/\/www.safinel.fr\/wp-content\/uploads\/2021\/05\/boutique-cosmetique.png","contentUrl":"https:\/\/www.safinel.fr\/wp-content\/uploads\/2021\/05\/boutique-cosmetique.png","width":800,"height":200,"caption":"Safinel"},"image":{"@id":"https:\/\/www.safinel.fr\/#\/schema\/logo\/image\/"}}]}},"_links":{"self":[{"href":"https:\/\/www.safinel.fr\/pt\/wp-json\/wp\/v2\/product\/2948","targetHints":{"allow":["GET"]}}],"collection":[{"href":"https:\/\/www.safinel.fr\/pt\/wp-json\/wp\/v2\/product"}],"about":[{"href":"https:\/\/www.safinel.fr\/pt\/wp-json\/wp\/v2\/types\/product"}],"wp:featuredmedia":[{"embeddable":true,"href":"https:\/\/www.safinel.fr\/pt\/wp-json\/wp\/v2\/media\/2951"}],"wp:attachment":[{"href":"https:\/\/www.safinel.fr\/pt\/wp-json\/wp\/v2\/media?parent=2948"}],"wp:term":[{"taxonomy":"product_brand","embeddable":true,"href":"https:\/\/www.safinel.fr\/pt\/wp-json\/wp\/v2\/product_brand?post=2948"},{"taxonomy":"product_cat","embeddable":true,"href":"https:\/\/www.safinel.fr\/pt\/wp-json\/wp\/v2\/product_cat?post=2948"},{"taxonomy":"product_tag","embeddable":true,"href":"https:\/\/www.safinel.fr\/pt\/wp-json\/wp\/v2\/product_tag?post=2948"}],"curies":[{"name":"wp","href":"https:\/\/api.w.org\/{rel}","templated":true}]}}