{"id":290,"date":"2021-07-24T18:59:25","date_gmt":"2021-07-24T18:59:25","guid":{"rendered":"https:\/\/www.safinel.fr\/?post_type=product&#038;p=290"},"modified":"2023-12-30T13:54:43","modified_gmt":"2023-12-30T13:54:43","slug":"champo-solido-para-cabelos-secos-e-danificados-com-oleo-de-monoi-80-g","status":"publish","type":"product","link":"https:\/\/www.safinel.fr\/pt\/product-2\/champo-solido-para-cabelos-secos-e-danificados-com-oleo-de-monoi-80-g\/","title":{"rendered":"Champ\u00f4 s\u00f3lido para cabelos secos e danificados com Mono\u00ef 80 g"},"content":{"rendered":"<p>Para come\u00e7ar, este champ\u00f4 s\u00f3lido com \u00f3leo de monoi \u00e9 essencial para os cuidados de beleza do seu cabelo... Para todos os tipos de cabelo. .<\/p>\n<p>Deixe-se levar numa viagem direta \u00e0 Polin\u00e9sia. Este champ\u00f4 de \u00f3leo de monoi transformar\u00e1 cada um dos seus banhos numa viagem ensolarada. Inspirado nos segredos polin\u00e9sios, ele devolver\u00e1 a flexibilidade, a for\u00e7a, o brilho e toda a nutri\u00e7\u00e3o necess\u00e1ria.<\/p>\n<p>Em primeiro lugar, este champ\u00f4 com \u00f3leo de monoi \u00e9 um verdadeiro tratamento nutritivo. Proporciona uma hidrata\u00e7\u00e3o intensa indiscut\u00edvel gra\u00e7as aos seus componentes inigual\u00e1veis para a nutri\u00e7\u00e3o do cabelo.<\/p>\n<p>Na verdade, \u00e9 composto por \u00f3leo de mono\u00ef, karit\u00e9 e macad\u00e2mia, bem como por fitoqueratina, uma prote\u00edna naturalmente presente no cabelo. Os seus 4 ingredientes tornam esta receita uma combina\u00e7\u00e3o perfeita para o equil\u00edbrio e bem-estar do seu cabelo.<\/p>\n<h3><strong>A composi\u00e7\u00e3o ideal:<\/strong><\/h3>\n<p>Este champ\u00f4 \u00e9 composto por 4 ingredientes:<\/p>\n<ul>\n<li>\u00d3leo de monoi conhecido pelo seu aroma suave e pelas suas intensas propriedades nutritivas. Fecha eficazmente as escamas do cabelo.<\/li>\n<li>A macad\u00e2mia \u00e9 rica em \u00f3mega 7. \u00c9 perfeita para substituir a falta de \u00e1cido palmitoleico e fortalecer o cabelo.<\/li>\n<li>O karit\u00e9 repara profundamente a fibra capilar danificada.<\/li>\n<li>A fitoqueratina proporciona for\u00e7a, vigor, volume e brilho.<\/li>\n<\/ul>\n<p>Em conclus\u00e3o, todos estes elementos fazem deste champ\u00f4 a combina\u00e7\u00e3o perfeita para um cabelo saud\u00e1vel e bem cuidado. Recupere o cabelo dos seus sonhos...<\/p>\n<h3><strong>Abordagem zero res\u00edduos:<\/strong><\/h3>\n<p>Em primeiro lugar, este champ\u00f4 de 80 g permite realizar 110 lavagens, o que equivale a 4 frascos de champ\u00f4 cl\u00e1ssico.<\/p>\n<p>Em segundo lugar, o champ\u00f4 s\u00f3lido \u00e9 mais econ\u00f3mico do que um champ\u00f4 cl\u00e1ssico vendido em grandes superf\u00edcies e dura mais tempo. Tamb\u00e9m pode permitir-lhe dispensar o condicionador.<\/p>\n<p>Em terceiro lugar, \u00e9 muito ecol\u00f3gico, gra\u00e7as ao seu formato, que n\u00e3o requer embalagem pl\u00e1stica.<\/p>\n<p>E, para finalizar, este champ\u00f4 s\u00f3lido \u00e9 extremamente pr\u00e1tico. Pode ser transportado para qualquer lugar sem o inconveniente de derramar o frasco na sua bagagem.<\/p>\n<h3><strong>Pequena dica de utiliza\u00e7\u00e3o:<\/strong><\/h3>\n<ul>\n<li>Humede\u00e7a e esfregue o seu champ\u00f4 s\u00f3lido nas m\u00e3os.<\/li>\n<li>Bata at\u00e9 obter uma espuma bastante espessa.<\/li>\n<li>Aplique a espuma no cabelo e lave-o.<\/li>\n<li>Enxague abundantemente.<\/li>\n<li>Deixe o seu champ\u00f4 secar<\/li>\n<\/ul>\n<h3><strong>Composi\u00e7\u00e3o:<\/strong><\/h3>\n<p>S\u00d3DIO COCOIL ISETIONATO, MANTEIGA DE BUTYROSPERMUM PARKII, \u00d3LEO DE COCOS NUCIFERA, PERFUME, FLOR DE GARDENIA TAHITENSIS, TOCOFEROL, \u00d3LEO DE SEMENTES DE MACAD\u00c2MIA INTEGRIFOLIA,<\/p>","protected":false},"excerpt":{"rendered":"<p>Para come\u00e7ar, este champ\u00f4 s\u00f3lido com \u00f3leo de mono\u00ef \u00e9 indispens\u00e1vel para os cuidados de beleza do seu cabelo... Para todos os tipos de cabelo. Deixe-se levar numa viagem direta \u00e0 Polin\u00e9sia. Na verdade, este champ\u00f4 com \u00f3leo de mono\u00ef transformar\u00e1 cada um dos seus banhos numa viagem ensolarada. Inspirado nos segredos polin\u00e9sios, ele devolver\u00e1 a flexibilidade, a for\u00e7a, o brilho e [...]","protected":false},"featured_media":323,"template":"","meta":[],"product_brand":[],"product_cat":[32,36],"product_tag":[],"class_list":{"0":"post-290","1":"product","2":"type-product","3":"status-publish","4":"has-post-thumbnail","6":"product_cat-curae","7":"product_cat-shampoing-solide","9":"first","10":"instock","11":"shipping-taxable","12":"purchasable","13":"product-type-simple"},"yoast_head":"<!-- This site is optimized with the Yoast SEO plugin v26.6 - https:\/\/yoast.com\/wordpress\/plugins\/seo\/ -->\n<title>shampoing solide cheveux sec et abim\u00e9s au Mono\u00ef 80g - Safinel<\/title>\n<meta name=\"robots\" content=\"index, follow, max-snippet:-1, max-image-preview:large, max-video-preview:-1\" \/>\n<link rel=\"canonical\" href=\"https:\/\/www.safinel.fr\/pt\/product-2\/champo-solido-para-cabelos-secos-e-danificados-com-oleo-de-monoi-80-g\/\" \/>\n<meta property=\"og:locale\" content=\"pt_PT\" \/>\n<meta property=\"og:type\" content=\"article\" \/>\n<meta property=\"og:title\" content=\"shampoing solide cheveux sec et abim\u00e9s au Mono\u00ef 80g - Safinel\" \/>\n<meta property=\"og:description\" content=\"Pour commencer , ce shampoing solide au mono\u00ef est l&rsquo;incontournable des soins beaut\u00e9 pour vos cheveux&#8230; Pour tous types de cheveux . Laissez-vous voyager tout droit en Polyn\u00e9sie. En effet, ce shampoing monoi fera de chacune de vos douches un pur voyage ensoleill\u00e9. Tout droit tir\u00e9 des secrets polyn\u00e9siens il redonnera souplesse force brillance et [...]\" \/>\n<meta property=\"og:url\" content=\"https:\/\/www.safinel.fr\/pt\/product-2\/champo-solido-para-cabelos-secos-e-danificados-com-oleo-de-monoi-80-g\/\" \/>\n<meta property=\"og:site_name\" content=\"Safinel\" \/>\n<meta property=\"article:modified_time\" content=\"2023-12-30T13:54:43+00:00\" \/>\n<meta property=\"og:image\" content=\"https:\/\/www.safinel.fr\/wp-content\/uploads\/2021\/07\/shampoing-solide-au-monoi.jpg\" \/>\n\t<meta property=\"og:image:width\" content=\"800\" \/>\n\t<meta property=\"og:image:height\" content=\"800\" \/>\n\t<meta property=\"og:image:type\" content=\"image\/jpeg\" \/>\n<meta name=\"twitter:card\" content=\"summary_large_image\" \/>\n<meta name=\"twitter:label1\" content=\"Tempo estimado de leitura\" \/>\n\t<meta name=\"twitter:data1\" content=\"2 minutos\" \/>\n<script type=\"application\/ld+json\" class=\"yoast-schema-graph\">{\"@context\":\"https:\/\/schema.org\",\"@graph\":[{\"@type\":\"WebPage\",\"@id\":\"https:\/\/www.safinel.fr\/produit\/shampoing-solide-cheveux-sec-et-abimes-au-monoi-80g\/\",\"url\":\"https:\/\/www.safinel.fr\/produit\/shampoing-solide-cheveux-sec-et-abimes-au-monoi-80g\/\",\"name\":\"shampoing solide cheveux sec et abim\u00e9s au Mono\u00ef 80g - Safinel\",\"isPartOf\":{\"@id\":\"https:\/\/www.safinel.fr\/#website\"},\"primaryImageOfPage\":{\"@id\":\"https:\/\/www.safinel.fr\/produit\/shampoing-solide-cheveux-sec-et-abimes-au-monoi-80g\/#primaryimage\"},\"image\":{\"@id\":\"https:\/\/www.safinel.fr\/produit\/shampoing-solide-cheveux-sec-et-abimes-au-monoi-80g\/#primaryimage\"},\"thumbnailUrl\":\"https:\/\/www.safinel.fr\/wp-content\/uploads\/2021\/07\/shampoing-solide-au-monoi.jpg\",\"datePublished\":\"2021-07-24T18:59:25+00:00\",\"dateModified\":\"2023-12-30T13:54:43+00:00\",\"breadcrumb\":{\"@id\":\"https:\/\/www.safinel.fr\/produit\/shampoing-solide-cheveux-sec-et-abimes-au-monoi-80g\/#breadcrumb\"},\"inLanguage\":\"pt-PT\",\"potentialAction\":[{\"@type\":\"ReadAction\",\"target\":[\"https:\/\/www.safinel.fr\/produit\/shampoing-solide-cheveux-sec-et-abimes-au-monoi-80g\/\"]}]},{\"@type\":\"ImageObject\",\"inLanguage\":\"pt-PT\",\"@id\":\"https:\/\/www.safinel.fr\/produit\/shampoing-solide-cheveux-sec-et-abimes-au-monoi-80g\/#primaryimage\",\"url\":\"https:\/\/www.safinel.fr\/wp-content\/uploads\/2021\/07\/shampoing-solide-au-monoi.jpg\",\"contentUrl\":\"https:\/\/www.safinel.fr\/wp-content\/uploads\/2021\/07\/shampoing-solide-au-monoi.jpg\",\"width\":800,\"height\":800},{\"@type\":\"BreadcrumbList\",\"@id\":\"https:\/\/www.safinel.fr\/produit\/shampoing-solide-cheveux-sec-et-abimes-au-monoi-80g\/#breadcrumb\",\"itemListElement\":[{\"@type\":\"ListItem\",\"position\":1,\"name\":\"Accueil\",\"item\":\"https:\/\/www.safinel.fr\/\"},{\"@type\":\"ListItem\",\"position\":2,\"name\":\"Boutique\",\"item\":\"https:\/\/www.safinel.fr\/boutique\/\"},{\"@type\":\"ListItem\",\"position\":3,\"name\":\"shampoing solide cheveux sec et abim\u00e9s au Mono\u00ef 80g\"}]},{\"@type\":\"WebSite\",\"@id\":\"https:\/\/www.safinel.fr\/#website\",\"url\":\"https:\/\/www.safinel.fr\/\",\"name\":\"Safinel\",\"description\":\"\",\"publisher\":{\"@id\":\"https:\/\/www.safinel.fr\/#organization\"},\"potentialAction\":[{\"@type\":\"SearchAction\",\"target\":{\"@type\":\"EntryPoint\",\"urlTemplate\":\"https:\/\/www.safinel.fr\/?s={search_term_string}\"},\"query-input\":{\"@type\":\"PropertyValueSpecification\",\"valueRequired\":true,\"valueName\":\"search_term_string\"}}],\"inLanguage\":\"pt-PT\"},{\"@type\":\"Organization\",\"@id\":\"https:\/\/www.safinel.fr\/#organization\",\"name\":\"Safinel\",\"url\":\"https:\/\/www.safinel.fr\/\",\"logo\":{\"@type\":\"ImageObject\",\"inLanguage\":\"pt-PT\",\"@id\":\"https:\/\/www.safinel.fr\/#\/schema\/logo\/image\/\",\"url\":\"https:\/\/www.safinel.fr\/wp-content\/uploads\/2021\/05\/boutique-cosmetique.png\",\"contentUrl\":\"https:\/\/www.safinel.fr\/wp-content\/uploads\/2021\/05\/boutique-cosmetique.png\",\"width\":800,\"height\":200,\"caption\":\"Safinel\"},\"image\":{\"@id\":\"https:\/\/www.safinel.fr\/#\/schema\/logo\/image\/\"}}]}<\/script>\n<!-- \/ Yoast SEO plugin. -->","yoast_head_json":{"title":"Champ\u00f4 s\u00f3lido para cabelos secos e danificados com Mono\u00ef 80 g - Safinel","robots":{"index":"index","follow":"follow","max-snippet":"max-snippet:-1","max-image-preview":"max-image-preview:large","max-video-preview":"max-video-preview:-1"},"canonical":"https:\/\/www.safinel.fr\/pt\/product-2\/champo-solido-para-cabelos-secos-e-danificados-com-oleo-de-monoi-80-g\/","og_locale":"pt_PT","og_type":"article","og_title":"shampoing solide cheveux sec et abim\u00e9s au Mono\u00ef 80g - Safinel","og_description":"Pour commencer , ce shampoing solide au mono\u00ef est l&rsquo;incontournable des soins beaut\u00e9 pour vos cheveux&#8230; Pour tous types de cheveux . Laissez-vous voyager tout droit en Polyn\u00e9sie. En effet, ce shampoing monoi fera de chacune de vos douches un pur voyage ensoleill\u00e9. Tout droit tir\u00e9 des secrets polyn\u00e9siens il redonnera souplesse force brillance et [...]","og_url":"https:\/\/www.safinel.fr\/pt\/product-2\/champo-solido-para-cabelos-secos-e-danificados-com-oleo-de-monoi-80-g\/","og_site_name":"Safinel","article_modified_time":"2023-12-30T13:54:43+00:00","og_image":[{"width":800,"height":800,"url":"https:\/\/www.safinel.fr\/wp-content\/uploads\/2021\/07\/shampoing-solide-au-monoi.jpg","type":"image\/jpeg"}],"twitter_card":"summary_large_image","twitter_misc":{"Tempo estimado de leitura":"2 minutos"},"schema":{"@context":"https:\/\/schema.org","@graph":[{"@type":"WebPage","@id":"https:\/\/www.safinel.fr\/produit\/shampoing-solide-cheveux-sec-et-abimes-au-monoi-80g\/","url":"https:\/\/www.safinel.fr\/produit\/shampoing-solide-cheveux-sec-et-abimes-au-monoi-80g\/","name":"Champ\u00f4 s\u00f3lido para cabelos secos e danificados com Mono\u00ef 80 g - Safinel","isPartOf":{"@id":"https:\/\/www.safinel.fr\/#website"},"primaryImageOfPage":{"@id":"https:\/\/www.safinel.fr\/produit\/shampoing-solide-cheveux-sec-et-abimes-au-monoi-80g\/#primaryimage"},"image":{"@id":"https:\/\/www.safinel.fr\/produit\/shampoing-solide-cheveux-sec-et-abimes-au-monoi-80g\/#primaryimage"},"thumbnailUrl":"https:\/\/www.safinel.fr\/wp-content\/uploads\/2021\/07\/shampoing-solide-au-monoi.jpg","datePublished":"2021-07-24T18:59:25+00:00","dateModified":"2023-12-30T13:54:43+00:00","breadcrumb":{"@id":"https:\/\/www.safinel.fr\/produit\/shampoing-solide-cheveux-sec-et-abimes-au-monoi-80g\/#breadcrumb"},"inLanguage":"pt-PT","potentialAction":[{"@type":"ReadAction","target":["https:\/\/www.safinel.fr\/produit\/shampoing-solide-cheveux-sec-et-abimes-au-monoi-80g\/"]}]},{"@type":"ImageObject","inLanguage":"pt-PT","@id":"https:\/\/www.safinel.fr\/produit\/shampoing-solide-cheveux-sec-et-abimes-au-monoi-80g\/#primaryimage","url":"https:\/\/www.safinel.fr\/wp-content\/uploads\/2021\/07\/shampoing-solide-au-monoi.jpg","contentUrl":"https:\/\/www.safinel.fr\/wp-content\/uploads\/2021\/07\/shampoing-solide-au-monoi.jpg","width":800,"height":800},{"@type":"BreadcrumbList","@id":"https:\/\/www.safinel.fr\/produit\/shampoing-solide-cheveux-sec-et-abimes-au-monoi-80g\/#breadcrumb","itemListElement":[{"@type":"ListItem","position":1,"name":"Accueil","item":"https:\/\/www.safinel.fr\/"},{"@type":"ListItem","position":2,"name":"Boutique","item":"https:\/\/www.safinel.fr\/boutique\/"},{"@type":"ListItem","position":3,"name":"shampoing solide cheveux sec et abim\u00e9s au Mono\u00ef 80g"}]},{"@type":"WebSite","@id":"https:\/\/www.safinel.fr\/#website","url":"https:\/\/www.safinel.fr\/","name":"Safinel","description":"","publisher":{"@id":"https:\/\/www.safinel.fr\/#organization"},"potentialAction":[{"@type":"SearchAction","target":{"@type":"EntryPoint","urlTemplate":"https:\/\/www.safinel.fr\/?s={search_term_string}"},"query-input":{"@type":"PropertyValueSpecification","valueRequired":true,"valueName":"search_term_string"}}],"inLanguage":"pt-PT"},{"@type":"Organization","@id":"https:\/\/www.safinel.fr\/#organization","name":"Safinel","url":"https:\/\/www.safinel.fr\/","logo":{"@type":"ImageObject","inLanguage":"pt-PT","@id":"https:\/\/www.safinel.fr\/#\/schema\/logo\/image\/","url":"https:\/\/www.safinel.fr\/wp-content\/uploads\/2021\/05\/boutique-cosmetique.png","contentUrl":"https:\/\/www.safinel.fr\/wp-content\/uploads\/2021\/05\/boutique-cosmetique.png","width":800,"height":200,"caption":"Safinel"},"image":{"@id":"https:\/\/www.safinel.fr\/#\/schema\/logo\/image\/"}}]}},"_links":{"self":[{"href":"https:\/\/www.safinel.fr\/pt\/wp-json\/wp\/v2\/product\/290","targetHints":{"allow":["GET"]}}],"collection":[{"href":"https:\/\/www.safinel.fr\/pt\/wp-json\/wp\/v2\/product"}],"about":[{"href":"https:\/\/www.safinel.fr\/pt\/wp-json\/wp\/v2\/types\/product"}],"wp:featuredmedia":[{"embeddable":true,"href":"https:\/\/www.safinel.fr\/pt\/wp-json\/wp\/v2\/media\/323"}],"wp:attachment":[{"href":"https:\/\/www.safinel.fr\/pt\/wp-json\/wp\/v2\/media?parent=290"}],"wp:term":[{"taxonomy":"product_brand","embeddable":true,"href":"https:\/\/www.safinel.fr\/pt\/wp-json\/wp\/v2\/product_brand?post=290"},{"taxonomy":"product_cat","embeddable":true,"href":"https:\/\/www.safinel.fr\/pt\/wp-json\/wp\/v2\/product_cat?post=290"},{"taxonomy":"product_tag","embeddable":true,"href":"https:\/\/www.safinel.fr\/pt\/wp-json\/wp\/v2\/product_tag?post=290"}],"curies":[{"name":"wp","href":"https:\/\/api.w.org\/{rel}","templated":true}]}}