{"id":2892,"date":"2022-09-25T16:25:03","date_gmt":"2022-09-25T16:25:03","guid":{"rendered":"https:\/\/www.safinel.fr\/?post_type=product&#038;p=2892"},"modified":"2024-12-27T22:43:07","modified_gmt":"2024-12-27T22:43:07","slug":"doce-afrodisiaco-lump-sugar","status":"publish","type":"product","link":"https:\/\/www.safinel.fr\/pt\/product-2\/doce-afrodisiaco-lump-sugar\/","title":{"rendered":"Doces afrodis\u00edacos de a\u00e7\u00facar granulado"},"content":{"rendered":"<p>E se o\u00a0<strong>doce afrodis\u00edaco Lump Sugar<\/strong>\u00a0era a escolha perfeita para apimentar os seus momentos \u00edntimos? Fabricados a partir de ingredientes naturais cuidadosamente selecionados, estes doces s\u00e3o especialmente concebidos para estimular o seu desejo e despertar os seus sentidos...<\/p>\n<h2><strong>O doce afrodis\u00edaco Lump Sugar: o que \u00e9 isso?<\/strong><\/h2>\n<p>Os rebu\u00e7ados Lump Sugar cont\u00eam ingredientes naturais conhecidos pelas suas propriedades afrodis\u00edacas. Cada rebu\u00e7ado \u00e9 infundido com extratos de plantas e ervas conhecidas pela sua capacidade de aumentar a libido e\u00a0<a href=\"https:\/\/www.safinel.fr\/pt\/product-2\/mel-king-kong-mel-afrodisiaco\/\"><strong>melhorar o desempenho sexual<\/strong><\/a>.<\/p>\n<p>Os rebu\u00e7ados Lump Sugar s\u00e3o especialmente concebidos para agir de forma r\u00e1pida e eficaz. Gra\u00e7as \u00e0 sua f\u00f3rmula \u00fanica, estes rebu\u00e7ados estimulam a circula\u00e7\u00e3o sangu\u00ednea. Isto favorece uma melhor ere\u00e7\u00e3o nos homens e uma maior sensibilidade nas mulheres.<\/p>\n<h2><strong>Doce afrodis\u00edaco Lump Sugar: Uma experi\u00eancia gustativa excecional<\/strong><\/h2>\n<p>Al\u00e9m dos seus efeitos afrodis\u00edacos, os rebu\u00e7ados Lump Sugar tamb\u00e9m proporcionam uma experi\u00eancia gustativa excecional. Dispon\u00edveis numa variedade de sabores deliciosos, estes rebu\u00e7ados doces v\u00e3o deliciar o seu paladar. E tudo isto enquanto lhe proporcionam uma dose extra de prazer.<\/p>\n<p>Estes\u00a0<strong>doces afrodis\u00edacos<\/strong>\u00a0s\u00e3o pr\u00e1ticos e f\u00e1ceis de usar. Quer esteja em casa, em viagem ou numa festa, estes doces discretos podem ser consumidos discretamente para uma experi\u00eancia afrodis\u00edaca instant\u00e2nea. Basta saborear um doce e aguardar os efeitos.<\/p>\n<h3><strong>Delicie-se com os seus doces afrodis\u00edacos!<\/strong><\/h3>\n<p>A seguran\u00e7a e a qualidade s\u00e3o as nossas prioridades absolutas. Os rebu\u00e7ados Lump Sugar s\u00e3o fabricados em instala\u00e7\u00f5es certificadas, respeitando as normas de higiene e seguran\u00e7a mais rigorosas.<\/p>\n<p>Como voc\u00ea j\u00e1 percebeu, se voc\u00ea est\u00e1 procurando uma maneira deliciosa de apimentar sua vida sexual, esses doces afrodis\u00edacos s\u00e3o ideais. Na verdade, sua combina\u00e7\u00e3o de ingredientes naturais e efeitos estimulantes os torna uma op\u00e7\u00e3o atraente para aqueles que desejam intensificar seu prazer.<\/p>\n<p>N\u00e3o hesite mais e venha experimentar os<strong>\u00a0doces de a\u00e7\u00facar em peda\u00e7os<\/strong>\u00a0agora mesmo e descubra uma nova dimens\u00e3o de prazer sensual.<\/p>","protected":false},"excerpt":{"rendered":"<p><img decoding=\"async\" class=\"size-full wp-image-5091 aligncenter\" src=\"https:\/\/www.safinel.fr\/wp-content\/uploads\/2021\/06\/BANNIERE-ICONE-SAFINEL.webp\" alt=\"resseguro satinado\" width=\"800\" height=\"200\" srcset=\"https:\/\/www.safinel.fr\/wp-content\/uploads\/2021\/06\/BANNIERE-ICONE-SAFINEL.webp 800w, https:\/\/www.safinel.fr\/wp-content\/uploads\/2021\/06\/BANNIERE-ICONE-SAFINEL-600x150.webp 600w, https:\/\/www.safinel.fr\/wp-content\/uploads\/2021\/06\/BANNIERE-ICONE-SAFINEL-768x192.webp 768w\" sizes=\"(max-width: 800px) 100vw, 800px\" \/><\/p>","protected":false},"featured_media":2894,"template":"","meta":[],"product_brand":[],"product_cat":[102],"product_tag":[],"class_list":{"0":"post-2892","1":"product","2":"type-product","3":"status-publish","4":"has-post-thumbnail","6":"product_cat-bonbon-aphrodisiaque","8":"first","9":"outofstock","10":"shipping-taxable","11":"purchasable","12":"product-type-simple"},"yoast_head":"<!-- This site is optimized with the Yoast SEO plugin v26.6 - https:\/\/yoast.com\/wordpress\/plugins\/seo\/ -->\n<title>Bonbon aphrodisiaque lump sugar | Pimenter vos moments intimes<\/title>\n<meta name=\"description\" content=\"Et si le\u00a0bonbon aphrodisiaque Lump Sugar\u00a0\u00e9tait le choix parfait pour pimenter vos moments intimes\u00a0? Adoptez-le sans plus attendre !\" \/>\n<meta name=\"robots\" content=\"index, follow, max-snippet:-1, max-image-preview:large, max-video-preview:-1\" \/>\n<link rel=\"canonical\" href=\"https:\/\/www.safinel.fr\/pt\/product-2\/doce-afrodisiaco-lump-sugar\/\" \/>\n<meta property=\"og:locale\" content=\"pt_PT\" \/>\n<meta property=\"og:type\" content=\"article\" \/>\n<meta property=\"og:title\" content=\"Bonbon aphrodisiaque lump sugar | Pimenter vos moments intimes\" \/>\n<meta property=\"og:description\" content=\"Et si le\u00a0bonbon aphrodisiaque Lump Sugar\u00a0\u00e9tait le choix parfait pour pimenter vos moments intimes\u00a0? Adoptez-le sans plus attendre !\" \/>\n<meta property=\"og:url\" content=\"https:\/\/www.safinel.fr\/pt\/product-2\/doce-afrodisiaco-lump-sugar\/\" \/>\n<meta property=\"og:site_name\" content=\"Safinel\" \/>\n<meta property=\"article:modified_time\" content=\"2024-12-27T22:43:07+00:00\" \/>\n<meta property=\"og:image\" content=\"https:\/\/www.safinel.fr\/wp-content\/uploads\/2022\/09\/bonbon-aphrodisiaque-lump-sugar.jpg\" \/>\n\t<meta property=\"og:image:width\" content=\"600\" \/>\n\t<meta property=\"og:image:height\" content=\"600\" \/>\n\t<meta property=\"og:image:type\" content=\"image\/jpeg\" \/>\n<meta name=\"twitter:card\" content=\"summary_large_image\" \/>\n<meta name=\"twitter:label1\" content=\"Tempo estimado de leitura\" \/>\n\t<meta name=\"twitter:data1\" content=\"2 minutos\" \/>\n<script type=\"application\/ld+json\" class=\"yoast-schema-graph\">{\"@context\":\"https:\/\/schema.org\",\"@graph\":[{\"@type\":\"WebPage\",\"@id\":\"https:\/\/www.safinel.fr\/produit\/bonbon-aphrodisiaque-lump-sugar\/\",\"url\":\"https:\/\/www.safinel.fr\/produit\/bonbon-aphrodisiaque-lump-sugar\/\",\"name\":\"Bonbon aphrodisiaque lump sugar | Pimenter vos moments intimes\",\"isPartOf\":{\"@id\":\"https:\/\/www.safinel.fr\/#website\"},\"primaryImageOfPage\":{\"@id\":\"https:\/\/www.safinel.fr\/produit\/bonbon-aphrodisiaque-lump-sugar\/#primaryimage\"},\"image\":{\"@id\":\"https:\/\/www.safinel.fr\/produit\/bonbon-aphrodisiaque-lump-sugar\/#primaryimage\"},\"thumbnailUrl\":\"https:\/\/www.safinel.fr\/wp-content\/uploads\/2022\/09\/bonbon-aphrodisiaque-lump-sugar.jpg\",\"datePublished\":\"2022-09-25T16:25:03+00:00\",\"dateModified\":\"2024-12-27T22:43:07+00:00\",\"description\":\"Et si le\u00a0bonbon aphrodisiaque Lump Sugar\u00a0\u00e9tait le choix parfait pour pimenter vos moments intimes\u00a0? Adoptez-le sans plus attendre !\",\"breadcrumb\":{\"@id\":\"https:\/\/www.safinel.fr\/produit\/bonbon-aphrodisiaque-lump-sugar\/#breadcrumb\"},\"inLanguage\":\"pt-PT\",\"potentialAction\":[{\"@type\":\"ReadAction\",\"target\":[\"https:\/\/www.safinel.fr\/produit\/bonbon-aphrodisiaque-lump-sugar\/\"]}]},{\"@type\":\"ImageObject\",\"inLanguage\":\"pt-PT\",\"@id\":\"https:\/\/www.safinel.fr\/produit\/bonbon-aphrodisiaque-lump-sugar\/#primaryimage\",\"url\":\"https:\/\/www.safinel.fr\/wp-content\/uploads\/2022\/09\/bonbon-aphrodisiaque-lump-sugar.jpg\",\"contentUrl\":\"https:\/\/www.safinel.fr\/wp-content\/uploads\/2022\/09\/bonbon-aphrodisiaque-lump-sugar.jpg\",\"width\":600,\"height\":600,\"caption\":\"Bonbon aphrodisiaque lump sugar\"},{\"@type\":\"BreadcrumbList\",\"@id\":\"https:\/\/www.safinel.fr\/produit\/bonbon-aphrodisiaque-lump-sugar\/#breadcrumb\",\"itemListElement\":[{\"@type\":\"ListItem\",\"position\":1,\"name\":\"Accueil\",\"item\":\"https:\/\/www.safinel.fr\/\"},{\"@type\":\"ListItem\",\"position\":2,\"name\":\"Boutique\",\"item\":\"https:\/\/www.safinel.fr\/boutique\/\"},{\"@type\":\"ListItem\",\"position\":3,\"name\":\"Bonbon aphrodisiaque lump sugar\"}]},{\"@type\":\"WebSite\",\"@id\":\"https:\/\/www.safinel.fr\/#website\",\"url\":\"https:\/\/www.safinel.fr\/\",\"name\":\"Safinel\",\"description\":\"\",\"publisher\":{\"@id\":\"https:\/\/www.safinel.fr\/#organization\"},\"potentialAction\":[{\"@type\":\"SearchAction\",\"target\":{\"@type\":\"EntryPoint\",\"urlTemplate\":\"https:\/\/www.safinel.fr\/?s={search_term_string}\"},\"query-input\":{\"@type\":\"PropertyValueSpecification\",\"valueRequired\":true,\"valueName\":\"search_term_string\"}}],\"inLanguage\":\"pt-PT\"},{\"@type\":\"Organization\",\"@id\":\"https:\/\/www.safinel.fr\/#organization\",\"name\":\"Safinel\",\"url\":\"https:\/\/www.safinel.fr\/\",\"logo\":{\"@type\":\"ImageObject\",\"inLanguage\":\"pt-PT\",\"@id\":\"https:\/\/www.safinel.fr\/#\/schema\/logo\/image\/\",\"url\":\"https:\/\/www.safinel.fr\/wp-content\/uploads\/2021\/05\/boutique-cosmetique.png\",\"contentUrl\":\"https:\/\/www.safinel.fr\/wp-content\/uploads\/2021\/05\/boutique-cosmetique.png\",\"width\":800,\"height\":200,\"caption\":\"Safinel\"},\"image\":{\"@id\":\"https:\/\/www.safinel.fr\/#\/schema\/logo\/image\/\"}}]}<\/script>\n<!-- \/ Yoast SEO plugin. -->","yoast_head_json":{"title":"Doces afrodis\u00edacos com a\u00e7\u00facar em peda\u00e7os | Apimente os seus momentos \u00edntimos","description":"E se o doce afrodis\u00edaco Lump Sugar fosse a escolha perfeita para apimentar os seus momentos \u00edntimos? Adote-o sem mais demora!","robots":{"index":"index","follow":"follow","max-snippet":"max-snippet:-1","max-image-preview":"max-image-preview:large","max-video-preview":"max-video-preview:-1"},"canonical":"https:\/\/www.safinel.fr\/pt\/product-2\/doce-afrodisiaco-lump-sugar\/","og_locale":"pt_PT","og_type":"article","og_title":"Bonbon aphrodisiaque lump sugar | Pimenter vos moments intimes","og_description":"Et si le\u00a0bonbon aphrodisiaque Lump Sugar\u00a0\u00e9tait le choix parfait pour pimenter vos moments intimes\u00a0? Adoptez-le sans plus attendre !","og_url":"https:\/\/www.safinel.fr\/pt\/product-2\/doce-afrodisiaco-lump-sugar\/","og_site_name":"Safinel","article_modified_time":"2024-12-27T22:43:07+00:00","og_image":[{"width":600,"height":600,"url":"https:\/\/www.safinel.fr\/wp-content\/uploads\/2022\/09\/bonbon-aphrodisiaque-lump-sugar.jpg","type":"image\/jpeg"}],"twitter_card":"summary_large_image","twitter_misc":{"Tempo estimado de leitura":"2 minutos"},"schema":{"@context":"https:\/\/schema.org","@graph":[{"@type":"WebPage","@id":"https:\/\/www.safinel.fr\/produit\/bonbon-aphrodisiaque-lump-sugar\/","url":"https:\/\/www.safinel.fr\/produit\/bonbon-aphrodisiaque-lump-sugar\/","name":"Doces afrodis\u00edacos com a\u00e7\u00facar em peda\u00e7os | Apimente os seus momentos \u00edntimos","isPartOf":{"@id":"https:\/\/www.safinel.fr\/#website"},"primaryImageOfPage":{"@id":"https:\/\/www.safinel.fr\/produit\/bonbon-aphrodisiaque-lump-sugar\/#primaryimage"},"image":{"@id":"https:\/\/www.safinel.fr\/produit\/bonbon-aphrodisiaque-lump-sugar\/#primaryimage"},"thumbnailUrl":"https:\/\/www.safinel.fr\/wp-content\/uploads\/2022\/09\/bonbon-aphrodisiaque-lump-sugar.jpg","datePublished":"2022-09-25T16:25:03+00:00","dateModified":"2024-12-27T22:43:07+00:00","description":"E se o doce afrodis\u00edaco Lump Sugar fosse a escolha perfeita para apimentar os seus momentos \u00edntimos? Adote-o sem mais demora!","breadcrumb":{"@id":"https:\/\/www.safinel.fr\/produit\/bonbon-aphrodisiaque-lump-sugar\/#breadcrumb"},"inLanguage":"pt-PT","potentialAction":[{"@type":"ReadAction","target":["https:\/\/www.safinel.fr\/produit\/bonbon-aphrodisiaque-lump-sugar\/"]}]},{"@type":"ImageObject","inLanguage":"pt-PT","@id":"https:\/\/www.safinel.fr\/produit\/bonbon-aphrodisiaque-lump-sugar\/#primaryimage","url":"https:\/\/www.safinel.fr\/wp-content\/uploads\/2022\/09\/bonbon-aphrodisiaque-lump-sugar.jpg","contentUrl":"https:\/\/www.safinel.fr\/wp-content\/uploads\/2022\/09\/bonbon-aphrodisiaque-lump-sugar.jpg","width":600,"height":600,"caption":"Bonbon aphrodisiaque lump sugar"},{"@type":"BreadcrumbList","@id":"https:\/\/www.safinel.fr\/produit\/bonbon-aphrodisiaque-lump-sugar\/#breadcrumb","itemListElement":[{"@type":"ListItem","position":1,"name":"Accueil","item":"https:\/\/www.safinel.fr\/"},{"@type":"ListItem","position":2,"name":"Boutique","item":"https:\/\/www.safinel.fr\/boutique\/"},{"@type":"ListItem","position":3,"name":"Bonbon aphrodisiaque lump sugar"}]},{"@type":"WebSite","@id":"https:\/\/www.safinel.fr\/#website","url":"https:\/\/www.safinel.fr\/","name":"Safinel","description":"","publisher":{"@id":"https:\/\/www.safinel.fr\/#organization"},"potentialAction":[{"@type":"SearchAction","target":{"@type":"EntryPoint","urlTemplate":"https:\/\/www.safinel.fr\/?s={search_term_string}"},"query-input":{"@type":"PropertyValueSpecification","valueRequired":true,"valueName":"search_term_string"}}],"inLanguage":"pt-PT"},{"@type":"Organization","@id":"https:\/\/www.safinel.fr\/#organization","name":"Safinel","url":"https:\/\/www.safinel.fr\/","logo":{"@type":"ImageObject","inLanguage":"pt-PT","@id":"https:\/\/www.safinel.fr\/#\/schema\/logo\/image\/","url":"https:\/\/www.safinel.fr\/wp-content\/uploads\/2021\/05\/boutique-cosmetique.png","contentUrl":"https:\/\/www.safinel.fr\/wp-content\/uploads\/2021\/05\/boutique-cosmetique.png","width":800,"height":200,"caption":"Safinel"},"image":{"@id":"https:\/\/www.safinel.fr\/#\/schema\/logo\/image\/"}}]}},"_links":{"self":[{"href":"https:\/\/www.safinel.fr\/pt\/wp-json\/wp\/v2\/product\/2892","targetHints":{"allow":["GET"]}}],"collection":[{"href":"https:\/\/www.safinel.fr\/pt\/wp-json\/wp\/v2\/product"}],"about":[{"href":"https:\/\/www.safinel.fr\/pt\/wp-json\/wp\/v2\/types\/product"}],"wp:featuredmedia":[{"embeddable":true,"href":"https:\/\/www.safinel.fr\/pt\/wp-json\/wp\/v2\/media\/2894"}],"wp:attachment":[{"href":"https:\/\/www.safinel.fr\/pt\/wp-json\/wp\/v2\/media?parent=2892"}],"wp:term":[{"taxonomy":"product_brand","embeddable":true,"href":"https:\/\/www.safinel.fr\/pt\/wp-json\/wp\/v2\/product_brand?post=2892"},{"taxonomy":"product_cat","embeddable":true,"href":"https:\/\/www.safinel.fr\/pt\/wp-json\/wp\/v2\/product_cat?post=2892"},{"taxonomy":"product_tag","embeddable":true,"href":"https:\/\/www.safinel.fr\/pt\/wp-json\/wp\/v2\/product_tag?post=2892"}],"curies":[{"name":"wp","href":"https:\/\/api.w.org\/{rel}","templated":true}]}}