{"id":2890,"date":"2022-09-25T15:46:04","date_gmt":"2022-09-25T15:46:04","guid":{"rendered":"https:\/\/www.safinel.fr\/?post_type=product&#038;p=2890"},"modified":"2026-02-08T18:25:14","modified_gmt":"2026-02-08T18:25:14","slug":"farinha-de-digname","status":"publish","type":"product","link":"https:\/\/www.safinel.fr\/pt\/product-2\/farinha-de-digname\/","title":{"rendered":"Farinha de inhame 1 kg"},"content":{"rendered":"<p>Provavelmente j\u00e1 ouviu falar do\u00a0<strong>maldito<\/strong>\u2026 \u00c0s vezes tamb\u00e9m chamado de\u00a0<strong>foufou<\/strong>, este prato origin\u00e1rio da \u00c1frica \u00e9 conhecido pelo seu sabor, mas tamb\u00e9m pelo seu valor nutritivo. \u00c9 por isso que o seu<strong>\u00a0loja de bem-estar Safinel<\/strong>\u00a0deseja apresentar-lhe a\u00a0<strong>farinha de inhame.<\/strong><\/p>\n<h2><strong>Zoom sobre a farinha de inhame!\u00a0<\/strong><\/h2>\n<p>O inhame, por vezes confundido com a mandioca, \u00e9 uma planta pertencente \u00e0 fam\u00edlia das Dioscoreaceae. \u00c9 cultivado em regi\u00f5es tropicais. Conhecido por ser um\u00a0<strong>planta<\/strong>\u00a0trepadeira, possui tub\u00e9rculos ricos em amido.<\/p>\n<p><strong>O inhame<\/strong>\u00a0\u00e9 uma planta apreciada em todo o mundo. Muito cultivada em climas tropicais, \u00e9 apreciada pelo seu sabor, mas tamb\u00e9m pelo seu valor nutritivo.<\/p>\n<p>Sim, se voc\u00ea tamb\u00e9m faz parte daqueles que gostam de\u00a0<strong>condimentos<\/strong>\u00a0ricos em benef\u00edcios,\u00a0<strong>o inhame<\/strong>\u00a0pode muito bem seduzi-lo.<\/p>\n<h2><strong>Porqu\u00ea farinha de inhame?\u00a0<\/strong><\/h2>\n<p>Primeiro, conhece realmente o inhame? Na verdade, embora n\u00e3o seja necessariamente conhecido pela maioria dos franceses, \u00e9 um\u00a0<strong>vegetal<\/strong>\u00a0Saboroso e agrad\u00e1vel ao paladar. Embora alguns ainda o comparem \u00e0 mandioca ou \u00e0 batata-doce, o inhame tem um sabor pr\u00f3prio. Derretendo na boca e muito agrad\u00e1vel ao paladar, o inhame \u00e9 encantador.<\/p>\n<p>Essa \u00e9 uma das raz\u00f5es pelas quais  o seu<strong>\u00a0loja de bem-estar<\/strong>\u00a0deseja destacar a farinha de inhame. Embora possa ser consumida como uma farinha tradicional, ela possui in\u00fameras virtudes.<\/p>\n<p>\u00c9 verdade que, normalmente, esta farinha \u00e9 associada a quem deseja controlar o peso. Sim, muito rica em nutrientes, mas com poucas calorias, esta farinha pode surpreend\u00ea-lo.<\/p>\n<h2><strong>Como usar a farinha de inhame?\u00a0<\/strong><\/h2>\n<p>Voc\u00ea quer finalmente aproveitar a farinha de inhame e suas in\u00fameras qualidades, e isso \u00e9 compreens\u00edvel! Seja para equilibrar o seu peso ou pelo seu sabor agrad\u00e1vel, a farinha de inhame agrada a todos.<\/p>\n<p>Essa \u00e9 uma das raz\u00f5es pelas quais a sua loja de bem-estar deseja que voc\u00ea descubra este magn\u00edfico produto da natureza.<\/p>\n<p>Para os seus bolos ou outras prepara\u00e7\u00f5es, esta\u00a0<strong>farinha de tub\u00e9rculo\u00a0<\/strong>pode acompanh\u00e1-lo. De facto, utiliz\u00e1vel como os mais cl\u00e1ssicos, este amido de inhame \u00e9 uma mais-valia n\u00e3o negligenci\u00e1vel para a sua cozinha.<\/p>\n<p>Ent\u00e3o n\u00e3o hesite mais e deixe-se encantar por este produto da natureza t\u00e3o agrad\u00e1vel.<\/p>\n<h3><strong>A diferen\u00e7a entre inhame e mandioca\u00a0<\/strong><\/h3>\n<p>Como os<strong>\u00a0<a href=\"https:\/\/www.safinel.fr\/pt\/product-2\/folhas-de-djeka\/\">folhas de Djeka<\/a><\/strong>\u00a0com os\u00a0<strong><a href=\"https:\/\/www.safinel.fr\/pt\/product-2\/folhas-de-framboesa\/\">folhas de framboesa<\/a>,<\/strong>\u00a0o inhame e o\u00a0<a href=\"https:\/\/www.safinel.fr\/pt\/mandioca\/\"><strong>mandioca<\/strong><\/a>\u00a0podem ser confundidos! No entanto, para os analistas experientes, a diferen\u00e7a \u00e9 simples! Embora a sua forma possa parecer bastante semelhante \u00e0 primeira vista, se olharmos mais de perto, podemos ver que a casca do inhame \u00e9 mais suave! Sim, a mandioca tem uma casca com pequenos pelos.<\/p>\n<p>Al\u00e9m disso, quando cortado, este \u00faltimo tem uma cor mais clara do que o seu concorrente. Para terminar, vamos falar sobre o sabor! Se puderem prepar\u00e1-los da mesma forma, provavelmente ficar\u00e3o surpreendidos com a diferen\u00e7a de sabor! A mandioca tem um sabor mais neutro, enquanto o inhame \u00e9 mais doce.<\/p>\n<p>Como voc\u00ea j\u00e1 percebeu, se ambos podem agregar valor \u00e0 sua organiza\u00e7\u00e3o, n\u00e3o hesite mais e aproveite a farinha de inhame oferecida na loja.<\/p>","protected":false},"excerpt":{"rendered":"<p>Provavelmente j\u00e1 ouviu falar do foutu... Tamb\u00e9m conhecido como foufou, este prato origin\u00e1rio de \u00c1frica \u00e9 famoso pelo seu sabor, mas tamb\u00e9m pelo seu valor nutricional. \u00c9 por isso que a sua loja de bem-estar Safinel deseja apresentar-lhe a farinha de inhame. Zoom sobre a farinha de inhame! O inhame, por vezes confundido com a mandioca, \u00e9 uma planta que faz parte [...]","protected":false},"featured_media":2891,"template":"","meta":[],"product_brand":[],"product_cat":[28,150],"product_tag":[],"class_list":{"0":"post-2890","1":"product","2":"type-product","3":"status-publish","4":"has-post-thumbnail","6":"product_cat-divers","7":"product_cat-legume-africain","9":"first","10":"outofstock","11":"shipping-taxable","12":"purchasable","13":"product-type-simple"},"yoast_head":"<!-- This site is optimized with the Yoast SEO plugin v26.6 - https:\/\/yoast.com\/wordpress\/plugins\/seo\/ -->\n<title>Farine d\u2019igname | Achat en ligne | Conseils d&#039;utilisation<\/title>\n<meta name=\"description\" content=\"Votre\u00a0boutique de bien-\u00eatre Safinel\u00a0souhaite vous faire d\u00e9couvrir la\u00a0farine d\u2019igname. Adoptez-l\u00e0 sans plus attendre en quelques clics !\" \/>\n<meta name=\"robots\" content=\"index, follow, max-snippet:-1, max-image-preview:large, max-video-preview:-1\" \/>\n<link rel=\"canonical\" href=\"https:\/\/www.safinel.fr\/pt\/product-2\/farinha-de-digname\/\" \/>\n<meta property=\"og:locale\" content=\"pt_PT\" \/>\n<meta property=\"og:type\" content=\"article\" \/>\n<meta property=\"og:title\" content=\"Farine d\u2019igname | Achat en ligne | Conseils d&#039;utilisation\" \/>\n<meta property=\"og:description\" content=\"Votre\u00a0boutique de bien-\u00eatre Safinel\u00a0souhaite vous faire d\u00e9couvrir la\u00a0farine d\u2019igname. Adoptez-l\u00e0 sans plus attendre en quelques clics !\" \/>\n<meta property=\"og:url\" content=\"https:\/\/www.safinel.fr\/pt\/product-2\/farinha-de-digname\/\" \/>\n<meta property=\"og:site_name\" content=\"Safinel\" \/>\n<meta property=\"article:modified_time\" content=\"2026-02-08T18:25:14+00:00\" \/>\n<meta property=\"og:image\" content=\"https:\/\/www.safinel.fr\/wp-content\/uploads\/2022\/09\/farine-d-igname.jpg\" \/>\n\t<meta property=\"og:image:width\" content=\"600\" \/>\n\t<meta property=\"og:image:height\" content=\"600\" \/>\n\t<meta property=\"og:image:type\" content=\"image\/jpeg\" \/>\n<meta name=\"twitter:card\" content=\"summary_large_image\" \/>\n<meta name=\"twitter:label1\" content=\"Tempo estimado de leitura\" \/>\n\t<meta name=\"twitter:data1\" content=\"3 minutos\" \/>\n<script type=\"application\/ld+json\" class=\"yoast-schema-graph\">{\"@context\":\"https:\/\/schema.org\",\"@graph\":[{\"@type\":\"WebPage\",\"@id\":\"https:\/\/www.safinel.fr\/produit\/farine-digname\/\",\"url\":\"https:\/\/www.safinel.fr\/produit\/farine-digname\/\",\"name\":\"Farine d\u2019igname | Achat en ligne | Conseils d'utilisation\",\"isPartOf\":{\"@id\":\"https:\/\/www.safinel.fr\/#website\"},\"primaryImageOfPage\":{\"@id\":\"https:\/\/www.safinel.fr\/produit\/farine-digname\/#primaryimage\"},\"image\":{\"@id\":\"https:\/\/www.safinel.fr\/produit\/farine-digname\/#primaryimage\"},\"thumbnailUrl\":\"https:\/\/www.safinel.fr\/wp-content\/uploads\/2022\/09\/farine-d-igname.jpg\",\"datePublished\":\"2022-09-25T15:46:04+00:00\",\"dateModified\":\"2026-02-08T18:25:14+00:00\",\"description\":\"Votre\u00a0boutique de bien-\u00eatre Safinel\u00a0souhaite vous faire d\u00e9couvrir la\u00a0farine d\u2019igname. Adoptez-l\u00e0 sans plus attendre en quelques clics !\",\"breadcrumb\":{\"@id\":\"https:\/\/www.safinel.fr\/produit\/farine-digname\/#breadcrumb\"},\"inLanguage\":\"pt-PT\",\"potentialAction\":[{\"@type\":\"ReadAction\",\"target\":[\"https:\/\/www.safinel.fr\/produit\/farine-digname\/\"]}]},{\"@type\":\"ImageObject\",\"inLanguage\":\"pt-PT\",\"@id\":\"https:\/\/www.safinel.fr\/produit\/farine-digname\/#primaryimage\",\"url\":\"https:\/\/www.safinel.fr\/wp-content\/uploads\/2022\/09\/farine-d-igname.jpg\",\"contentUrl\":\"https:\/\/www.safinel.fr\/wp-content\/uploads\/2022\/09\/farine-d-igname.jpg\",\"width\":600,\"height\":600,\"caption\":\"Farine d\u2019igname\"},{\"@type\":\"BreadcrumbList\",\"@id\":\"https:\/\/www.safinel.fr\/produit\/farine-digname\/#breadcrumb\",\"itemListElement\":[{\"@type\":\"ListItem\",\"position\":1,\"name\":\"Accueil\",\"item\":\"https:\/\/www.safinel.fr\/\"},{\"@type\":\"ListItem\",\"position\":2,\"name\":\"Boutique\",\"item\":\"https:\/\/www.safinel.fr\/boutique\/\"},{\"@type\":\"ListItem\",\"position\":3,\"name\":\"Farine d&#8217;igname 1kg\"}]},{\"@type\":\"WebSite\",\"@id\":\"https:\/\/www.safinel.fr\/#website\",\"url\":\"https:\/\/www.safinel.fr\/\",\"name\":\"Safinel\",\"description\":\"\",\"publisher\":{\"@id\":\"https:\/\/www.safinel.fr\/#organization\"},\"potentialAction\":[{\"@type\":\"SearchAction\",\"target\":{\"@type\":\"EntryPoint\",\"urlTemplate\":\"https:\/\/www.safinel.fr\/?s={search_term_string}\"},\"query-input\":{\"@type\":\"PropertyValueSpecification\",\"valueRequired\":true,\"valueName\":\"search_term_string\"}}],\"inLanguage\":\"pt-PT\"},{\"@type\":\"Organization\",\"@id\":\"https:\/\/www.safinel.fr\/#organization\",\"name\":\"Safinel\",\"url\":\"https:\/\/www.safinel.fr\/\",\"logo\":{\"@type\":\"ImageObject\",\"inLanguage\":\"pt-PT\",\"@id\":\"https:\/\/www.safinel.fr\/#\/schema\/logo\/image\/\",\"url\":\"https:\/\/www.safinel.fr\/wp-content\/uploads\/2021\/05\/boutique-cosmetique.png\",\"contentUrl\":\"https:\/\/www.safinel.fr\/wp-content\/uploads\/2021\/05\/boutique-cosmetique.png\",\"width\":800,\"height\":200,\"caption\":\"Safinel\"},\"image\":{\"@id\":\"https:\/\/www.safinel.fr\/#\/schema\/logo\/image\/\"}}]}<\/script>\n<!-- \/ Yoast SEO plugin. -->","yoast_head_json":{"title":"Farinha de inhame | Compra online | Conselhos de utiliza\u00e7\u00e3o","description":"A sua loja de bem-estar Safinel deseja apresentar-lhe a farinha de inhame. Adquira-a agora mesmo com apenas alguns cliques!","robots":{"index":"index","follow":"follow","max-snippet":"max-snippet:-1","max-image-preview":"max-image-preview:large","max-video-preview":"max-video-preview:-1"},"canonical":"https:\/\/www.safinel.fr\/pt\/product-2\/farinha-de-digname\/","og_locale":"pt_PT","og_type":"article","og_title":"Farine d\u2019igname | Achat en ligne | Conseils d'utilisation","og_description":"Votre\u00a0boutique de bien-\u00eatre Safinel\u00a0souhaite vous faire d\u00e9couvrir la\u00a0farine d\u2019igname. Adoptez-l\u00e0 sans plus attendre en quelques clics !","og_url":"https:\/\/www.safinel.fr\/pt\/product-2\/farinha-de-digname\/","og_site_name":"Safinel","article_modified_time":"2026-02-08T18:25:14+00:00","og_image":[{"width":600,"height":600,"url":"https:\/\/www.safinel.fr\/wp-content\/uploads\/2022\/09\/farine-d-igname.jpg","type":"image\/jpeg"}],"twitter_card":"summary_large_image","twitter_misc":{"Tempo estimado de leitura":"3 minutos"},"schema":{"@context":"https:\/\/schema.org","@graph":[{"@type":"WebPage","@id":"https:\/\/www.safinel.fr\/produit\/farine-digname\/","url":"https:\/\/www.safinel.fr\/produit\/farine-digname\/","name":"Farinha de inhame | Compra online | Conselhos de utiliza\u00e7\u00e3o","isPartOf":{"@id":"https:\/\/www.safinel.fr\/#website"},"primaryImageOfPage":{"@id":"https:\/\/www.safinel.fr\/produit\/farine-digname\/#primaryimage"},"image":{"@id":"https:\/\/www.safinel.fr\/produit\/farine-digname\/#primaryimage"},"thumbnailUrl":"https:\/\/www.safinel.fr\/wp-content\/uploads\/2022\/09\/farine-d-igname.jpg","datePublished":"2022-09-25T15:46:04+00:00","dateModified":"2026-02-08T18:25:14+00:00","description":"A sua loja de bem-estar Safinel deseja apresentar-lhe a farinha de inhame. Adquira-a agora mesmo com apenas alguns cliques!","breadcrumb":{"@id":"https:\/\/www.safinel.fr\/produit\/farine-digname\/#breadcrumb"},"inLanguage":"pt-PT","potentialAction":[{"@type":"ReadAction","target":["https:\/\/www.safinel.fr\/produit\/farine-digname\/"]}]},{"@type":"ImageObject","inLanguage":"pt-PT","@id":"https:\/\/www.safinel.fr\/produit\/farine-digname\/#primaryimage","url":"https:\/\/www.safinel.fr\/wp-content\/uploads\/2022\/09\/farine-d-igname.jpg","contentUrl":"https:\/\/www.safinel.fr\/wp-content\/uploads\/2022\/09\/farine-d-igname.jpg","width":600,"height":600,"caption":"Farine d\u2019igname"},{"@type":"BreadcrumbList","@id":"https:\/\/www.safinel.fr\/produit\/farine-digname\/#breadcrumb","itemListElement":[{"@type":"ListItem","position":1,"name":"Accueil","item":"https:\/\/www.safinel.fr\/"},{"@type":"ListItem","position":2,"name":"Boutique","item":"https:\/\/www.safinel.fr\/boutique\/"},{"@type":"ListItem","position":3,"name":"Farine d&#8217;igname 1kg"}]},{"@type":"WebSite","@id":"https:\/\/www.safinel.fr\/#website","url":"https:\/\/www.safinel.fr\/","name":"Safinel","description":"","publisher":{"@id":"https:\/\/www.safinel.fr\/#organization"},"potentialAction":[{"@type":"SearchAction","target":{"@type":"EntryPoint","urlTemplate":"https:\/\/www.safinel.fr\/?s={search_term_string}"},"query-input":{"@type":"PropertyValueSpecification","valueRequired":true,"valueName":"search_term_string"}}],"inLanguage":"pt-PT"},{"@type":"Organization","@id":"https:\/\/www.safinel.fr\/#organization","name":"Safinel","url":"https:\/\/www.safinel.fr\/","logo":{"@type":"ImageObject","inLanguage":"pt-PT","@id":"https:\/\/www.safinel.fr\/#\/schema\/logo\/image\/","url":"https:\/\/www.safinel.fr\/wp-content\/uploads\/2021\/05\/boutique-cosmetique.png","contentUrl":"https:\/\/www.safinel.fr\/wp-content\/uploads\/2021\/05\/boutique-cosmetique.png","width":800,"height":200,"caption":"Safinel"},"image":{"@id":"https:\/\/www.safinel.fr\/#\/schema\/logo\/image\/"}}]}},"_links":{"self":[{"href":"https:\/\/www.safinel.fr\/pt\/wp-json\/wp\/v2\/product\/2890","targetHints":{"allow":["GET"]}}],"collection":[{"href":"https:\/\/www.safinel.fr\/pt\/wp-json\/wp\/v2\/product"}],"about":[{"href":"https:\/\/www.safinel.fr\/pt\/wp-json\/wp\/v2\/types\/product"}],"wp:featuredmedia":[{"embeddable":true,"href":"https:\/\/www.safinel.fr\/pt\/wp-json\/wp\/v2\/media\/2891"}],"wp:attachment":[{"href":"https:\/\/www.safinel.fr\/pt\/wp-json\/wp\/v2\/media?parent=2890"}],"wp:term":[{"taxonomy":"product_brand","embeddable":true,"href":"https:\/\/www.safinel.fr\/pt\/wp-json\/wp\/v2\/product_brand?post=2890"},{"taxonomy":"product_cat","embeddable":true,"href":"https:\/\/www.safinel.fr\/pt\/wp-json\/wp\/v2\/product_cat?post=2890"},{"taxonomy":"product_tag","embeddable":true,"href":"https:\/\/www.safinel.fr\/pt\/wp-json\/wp\/v2\/product_tag?post=2890"}],"curies":[{"name":"wp","href":"https:\/\/api.w.org\/{rel}","templated":true}]}}