{"id":289,"date":"2021-07-24T18:59:25","date_gmt":"2021-07-24T18:59:25","guid":{"rendered":"https:\/\/www.safinel.fr\/?post_type=product&#038;p=289"},"modified":"2023-12-28T17:15:05","modified_gmt":"2023-12-28T17:15:05","slug":"champo-solido-para-cabelos-oleosos-com-argila-rosa-80-g","status":"publish","type":"product","link":"https:\/\/www.safinel.fr\/pt\/product-2\/champo-solido-para-cabelos-oleosos-com-argila-rosa-80-g\/","title":{"rendered":"Champ\u00f4 s\u00f3lido para cabelos com ra\u00edzes oleosas com argila rosa 80 g"},"content":{"rendered":"<p>O champ\u00f4 s\u00f3lido org\u00e2nico com argila rosa \u00e9 indispens\u00e1vel para cabelos oleosos e danificados... Depois de experimentar, n\u00e3o vai conseguir passar sem ele, pode ter a certeza.<\/p>\n<p>Em primeiro lugar, \u00e9 importante referir que este champ\u00f4 s\u00f3lido \u00e9 uma mistura subtil de argila branca e argila vermelha. Por outro lado, ser\u00e1 certamente o cuidado ideal para o seu cabelo oleoso, seco e danificado.<\/p>\n<p>Apesar de tudo, a argila rosa aproveita todos os benef\u00edcios deste champ\u00f4 suave. Reconhecida pelas suas propriedades absorventes contra impurezas e excesso de sebo, continua a ser tonificante e suave. Gra\u00e7as a todos os seus benef\u00edcios, torna-se o aliado perfeito para o seu cabelo seco e danificado.<\/p>\n<p>Em conclus\u00e3o, este champ\u00f4 s\u00f3lido com argila tornar-se-\u00e1, em todos os aspetos, o melhor amigo do seu cabelo. Al\u00e9m de ser amigo do ambiente, este champ\u00f4 \u00e9 feito de forma artesanal e 100% mo\u00eddo \u00e0 m\u00e3o.<\/p>\n<h3><strong>Os benef\u00edcios do champ\u00f4 s\u00f3lido com argila rosa:<\/strong><\/h3>\n<ul>\n<li>Nutre em profundidade<\/li>\n<li>Cuidado genu\u00edno<\/li>\n<li>absorvente (do excesso de sebo)<\/li>\n<li>combate \u00e0s impurezas<\/li>\n<li>suave para o seu cabelo +<\/li>\n<\/ul>\n<h3><strong>Uma solu\u00e7\u00e3o ecol\u00f3gica e biol\u00f3gica indiscut\u00edvel:<\/strong><\/h3>\n<p>Em primeiro lugar, o champ\u00f4 s\u00f3lido \u00e9 mais econ\u00f3mico do que um champ\u00f4 cl\u00e1ssico vendido em grandes superf\u00edcies e dura mais tempo. Tamb\u00e9m pode permitir-lhe dispensar o condicionador.<\/p>\n<p>Em segundo lugar, este champ\u00f4 de 80 g permite realizar 110 lavagens, o que equivale a 4 frascos de champ\u00f4 cl\u00e1ssico.<\/p>\n<p>Em terceiro lugar, \u00e9 muito ecol\u00f3gico, gra\u00e7as ao seu formato, que n\u00e3o requer embalagem pl\u00e1stica.<\/p>\n<p>E, para finalizar, este champ\u00f4 s\u00f3lido \u00e9 extremamente pr\u00e1tico. Pode ser transportado para qualquer lugar sem o inconveniente de derramar o frasco na sua bagagem.<\/p>\n<h3><strong>Ingrediente:<\/strong><\/h3>\n<h6>MANTEIGA DE BUTYROSPERMUM PARKII, ISETIONATO DE COCOIL DE S\u00d3DIO, \u00d3LEO DE SEMENTES DE MACAD\u00c2MIA TERNIFOLIA, \u00d3LEO DE GLICINA SOJA, ARGILA ROSA, \u00d3LEO VEGETAL DE SOJA (\u00d3LEO DE GLICINA SOJA (SOJA)), \u00d3LEO VEGETAL DE JOJOBA (\u00d3LEO DE SEMENTES DE SIMMONDSIA CHINENSIS (JOJOBA)), \u00d3LEO ESSENCIAL DE BERGAMOTA (\u00d3LEO DE FRUTOS DE CITRUS AURANTIUM BERGAMIA (BERGAMOTA)), \u00d3LEO ESSENCIAL DE GER\u00c2NIO ROSADO (PELARGONIUM ASPERUM (OU GRAVEOLENS) OIL), \u00d3LEO ESSENCIAL DE MANDARINA PRENSADO A FRIO (CITRUS RETICULATA BLANCO), \u00d3LEO ESSENCIAL DE NEROLI (CITRUS AURANTIUM VAR. AMARA).<\/h6>\n<h3><strong>Conselhos de utiliza\u00e7\u00e3o:<\/strong><\/h3>\n<ul>\n<li>Humede\u00e7a e esfregue o seu champ\u00f4 s\u00f3lido nas m\u00e3os.<\/li>\n<li>Bata at\u00e9 obter uma espuma bastante espessa.<\/li>\n<li>Aplique a espuma no cabelo e lave-o.<\/li>\n<li>Enxague abundantemente.<\/li>\n<li>Deixe o seu champ\u00f4 secar<\/li>\n<\/ul>","protected":false},"excerpt":{"rendered":"<p>O champ\u00f4 s\u00f3lido org\u00e2nico com argila rosa \u00e9 um must-have para cabelos oleosos e danificados... Depois de o experimentar, n\u00e3o vai querer passar sem ele. Em primeiro lugar, este champ\u00f4 s\u00f3lido \u00e9 uma mistura subtil de argila branca e argila vermelha. Por outro lado, vai certamente tornar-se o [...]","protected":false},"featured_media":322,"template":"","meta":[],"product_brand":[],"product_cat":[32,36],"product_tag":[],"class_list":{"0":"post-289","1":"product","2":"type-product","3":"status-publish","4":"has-post-thumbnail","6":"product_cat-curae","7":"product_cat-shampoing-solide","9":"first","10":"instock","11":"shipping-taxable","12":"purchasable","13":"product-type-simple"},"yoast_head":"<!-- This site is optimized with the Yoast SEO plugin v26.6 - https:\/\/yoast.com\/wordpress\/plugins\/seo\/ -->\n<title>shampoing solide racine grasse a l&#039;Argile Rose 80g - Safinel<\/title>\n<meta name=\"robots\" content=\"index, follow, max-snippet:-1, max-image-preview:large, max-video-preview:-1\" \/>\n<link rel=\"canonical\" href=\"https:\/\/www.safinel.fr\/pt\/product-2\/champo-solido-para-cabelos-oleosos-com-argila-rosa-80-g\/\" \/>\n<meta property=\"og:locale\" content=\"pt_PT\" \/>\n<meta property=\"og:type\" content=\"article\" \/>\n<meta property=\"og:title\" content=\"shampoing solide racine grasse a l&#039;Argile Rose 80g - Safinel\" \/>\n<meta property=\"og:description\" content=\"Le shampoing solide bio \u00e0 l&rsquo;argile rose le must have pour les cheveux gras et abim\u00e9s&#8230; Une fois essay\u00e9 vous ne pourrez plus vous en passer soyez en s\u00fbr. Tout d&rsquo;abord il faut dire que ce shampoing solide est un subtil m\u00e9lange d\u2019argile blanche et d\u2019argile rouge. En revanche, il deviendra \u00e0 coup s\u00fbr le [...]\" \/>\n<meta property=\"og:url\" content=\"https:\/\/www.safinel.fr\/pt\/product-2\/champo-solido-para-cabelos-oleosos-com-argila-rosa-80-g\/\" \/>\n<meta property=\"og:site_name\" content=\"Safinel\" \/>\n<meta property=\"article:modified_time\" content=\"2023-12-28T17:15:05+00:00\" \/>\n<meta property=\"og:image\" content=\"https:\/\/www.safinel.fr\/wp-content\/uploads\/2021\/07\/shampoing-solide-racine-grasse-argille-rose-2.jpg\" \/>\n\t<meta property=\"og:image:width\" content=\"1136\" \/>\n\t<meta property=\"og:image:height\" content=\"1125\" \/>\n\t<meta property=\"og:image:type\" content=\"image\/jpeg\" \/>\n<meta name=\"twitter:card\" content=\"summary_large_image\" \/>\n<meta name=\"twitter:label1\" content=\"Tempo estimado de leitura\" \/>\n\t<meta name=\"twitter:data1\" content=\"2 minutos\" \/>\n<script type=\"application\/ld+json\" class=\"yoast-schema-graph\">{\"@context\":\"https:\/\/schema.org\",\"@graph\":[{\"@type\":\"WebPage\",\"@id\":\"https:\/\/www.safinel.fr\/produit\/shampoing-solide-racine-grasse-a-largile-rose-80g\/\",\"url\":\"https:\/\/www.safinel.fr\/produit\/shampoing-solide-racine-grasse-a-largile-rose-80g\/\",\"name\":\"shampoing solide racine grasse a l'Argile Rose 80g - Safinel\",\"isPartOf\":{\"@id\":\"https:\/\/www.safinel.fr\/#website\"},\"primaryImageOfPage\":{\"@id\":\"https:\/\/www.safinel.fr\/produit\/shampoing-solide-racine-grasse-a-largile-rose-80g\/#primaryimage\"},\"image\":{\"@id\":\"https:\/\/www.safinel.fr\/produit\/shampoing-solide-racine-grasse-a-largile-rose-80g\/#primaryimage\"},\"thumbnailUrl\":\"https:\/\/www.safinel.fr\/wp-content\/uploads\/2021\/07\/shampoing-solide-racine-grasse-argille-rose-2.jpg\",\"datePublished\":\"2021-07-24T18:59:25+00:00\",\"dateModified\":\"2023-12-28T17:15:05+00:00\",\"breadcrumb\":{\"@id\":\"https:\/\/www.safinel.fr\/produit\/shampoing-solide-racine-grasse-a-largile-rose-80g\/#breadcrumb\"},\"inLanguage\":\"pt-PT\",\"potentialAction\":[{\"@type\":\"ReadAction\",\"target\":[\"https:\/\/www.safinel.fr\/produit\/shampoing-solide-racine-grasse-a-largile-rose-80g\/\"]}]},{\"@type\":\"ImageObject\",\"inLanguage\":\"pt-PT\",\"@id\":\"https:\/\/www.safinel.fr\/produit\/shampoing-solide-racine-grasse-a-largile-rose-80g\/#primaryimage\",\"url\":\"https:\/\/www.safinel.fr\/wp-content\/uploads\/2021\/07\/shampoing-solide-racine-grasse-argille-rose-2.jpg\",\"contentUrl\":\"https:\/\/www.safinel.fr\/wp-content\/uploads\/2021\/07\/shampoing-solide-racine-grasse-argille-rose-2.jpg\",\"width\":1136,\"height\":1125},{\"@type\":\"BreadcrumbList\",\"@id\":\"https:\/\/www.safinel.fr\/produit\/shampoing-solide-racine-grasse-a-largile-rose-80g\/#breadcrumb\",\"itemListElement\":[{\"@type\":\"ListItem\",\"position\":1,\"name\":\"Accueil\",\"item\":\"https:\/\/www.safinel.fr\/\"},{\"@type\":\"ListItem\",\"position\":2,\"name\":\"Boutique\",\"item\":\"https:\/\/www.safinel.fr\/boutique\/\"},{\"@type\":\"ListItem\",\"position\":3,\"name\":\"shampoing solide racine grasse a l&rsquo;Argile Rose 80g\"}]},{\"@type\":\"WebSite\",\"@id\":\"https:\/\/www.safinel.fr\/#website\",\"url\":\"https:\/\/www.safinel.fr\/\",\"name\":\"Safinel\",\"description\":\"\",\"publisher\":{\"@id\":\"https:\/\/www.safinel.fr\/#organization\"},\"potentialAction\":[{\"@type\":\"SearchAction\",\"target\":{\"@type\":\"EntryPoint\",\"urlTemplate\":\"https:\/\/www.safinel.fr\/?s={search_term_string}\"},\"query-input\":{\"@type\":\"PropertyValueSpecification\",\"valueRequired\":true,\"valueName\":\"search_term_string\"}}],\"inLanguage\":\"pt-PT\"},{\"@type\":\"Organization\",\"@id\":\"https:\/\/www.safinel.fr\/#organization\",\"name\":\"Safinel\",\"url\":\"https:\/\/www.safinel.fr\/\",\"logo\":{\"@type\":\"ImageObject\",\"inLanguage\":\"pt-PT\",\"@id\":\"https:\/\/www.safinel.fr\/#\/schema\/logo\/image\/\",\"url\":\"https:\/\/www.safinel.fr\/wp-content\/uploads\/2021\/05\/boutique-cosmetique.png\",\"contentUrl\":\"https:\/\/www.safinel.fr\/wp-content\/uploads\/2021\/05\/boutique-cosmetique.png\",\"width\":800,\"height\":200,\"caption\":\"Safinel\"},\"image\":{\"@id\":\"https:\/\/www.safinel.fr\/#\/schema\/logo\/image\/\"}}]}<\/script>\n<!-- \/ Yoast SEO plugin. -->","yoast_head_json":{"title":"Champ\u00f4 s\u00f3lido para ra\u00edzes oleosas com argila rosa 80 g - Safinel","robots":{"index":"index","follow":"follow","max-snippet":"max-snippet:-1","max-image-preview":"max-image-preview:large","max-video-preview":"max-video-preview:-1"},"canonical":"https:\/\/www.safinel.fr\/pt\/product-2\/champo-solido-para-cabelos-oleosos-com-argila-rosa-80-g\/","og_locale":"pt_PT","og_type":"article","og_title":"shampoing solide racine grasse a l'Argile Rose 80g - Safinel","og_description":"Le shampoing solide bio \u00e0 l&rsquo;argile rose le must have pour les cheveux gras et abim\u00e9s&#8230; Une fois essay\u00e9 vous ne pourrez plus vous en passer soyez en s\u00fbr. Tout d&rsquo;abord il faut dire que ce shampoing solide est un subtil m\u00e9lange d\u2019argile blanche et d\u2019argile rouge. En revanche, il deviendra \u00e0 coup s\u00fbr le [...]","og_url":"https:\/\/www.safinel.fr\/pt\/product-2\/champo-solido-para-cabelos-oleosos-com-argila-rosa-80-g\/","og_site_name":"Safinel","article_modified_time":"2023-12-28T17:15:05+00:00","og_image":[{"width":1136,"height":1125,"url":"https:\/\/www.safinel.fr\/wp-content\/uploads\/2021\/07\/shampoing-solide-racine-grasse-argille-rose-2.jpg","type":"image\/jpeg"}],"twitter_card":"summary_large_image","twitter_misc":{"Tempo estimado de leitura":"2 minutos"},"schema":{"@context":"https:\/\/schema.org","@graph":[{"@type":"WebPage","@id":"https:\/\/www.safinel.fr\/produit\/shampoing-solide-racine-grasse-a-largile-rose-80g\/","url":"https:\/\/www.safinel.fr\/produit\/shampoing-solide-racine-grasse-a-largile-rose-80g\/","name":"Champ\u00f4 s\u00f3lido para ra\u00edzes oleosas com argila rosa 80 g - Safinel","isPartOf":{"@id":"https:\/\/www.safinel.fr\/#website"},"primaryImageOfPage":{"@id":"https:\/\/www.safinel.fr\/produit\/shampoing-solide-racine-grasse-a-largile-rose-80g\/#primaryimage"},"image":{"@id":"https:\/\/www.safinel.fr\/produit\/shampoing-solide-racine-grasse-a-largile-rose-80g\/#primaryimage"},"thumbnailUrl":"https:\/\/www.safinel.fr\/wp-content\/uploads\/2021\/07\/shampoing-solide-racine-grasse-argille-rose-2.jpg","datePublished":"2021-07-24T18:59:25+00:00","dateModified":"2023-12-28T17:15:05+00:00","breadcrumb":{"@id":"https:\/\/www.safinel.fr\/produit\/shampoing-solide-racine-grasse-a-largile-rose-80g\/#breadcrumb"},"inLanguage":"pt-PT","potentialAction":[{"@type":"ReadAction","target":["https:\/\/www.safinel.fr\/produit\/shampoing-solide-racine-grasse-a-largile-rose-80g\/"]}]},{"@type":"ImageObject","inLanguage":"pt-PT","@id":"https:\/\/www.safinel.fr\/produit\/shampoing-solide-racine-grasse-a-largile-rose-80g\/#primaryimage","url":"https:\/\/www.safinel.fr\/wp-content\/uploads\/2021\/07\/shampoing-solide-racine-grasse-argille-rose-2.jpg","contentUrl":"https:\/\/www.safinel.fr\/wp-content\/uploads\/2021\/07\/shampoing-solide-racine-grasse-argille-rose-2.jpg","width":1136,"height":1125},{"@type":"BreadcrumbList","@id":"https:\/\/www.safinel.fr\/produit\/shampoing-solide-racine-grasse-a-largile-rose-80g\/#breadcrumb","itemListElement":[{"@type":"ListItem","position":1,"name":"Accueil","item":"https:\/\/www.safinel.fr\/"},{"@type":"ListItem","position":2,"name":"Boutique","item":"https:\/\/www.safinel.fr\/boutique\/"},{"@type":"ListItem","position":3,"name":"shampoing solide racine grasse a l&rsquo;Argile Rose 80g"}]},{"@type":"WebSite","@id":"https:\/\/www.safinel.fr\/#website","url":"https:\/\/www.safinel.fr\/","name":"Safinel","description":"","publisher":{"@id":"https:\/\/www.safinel.fr\/#organization"},"potentialAction":[{"@type":"SearchAction","target":{"@type":"EntryPoint","urlTemplate":"https:\/\/www.safinel.fr\/?s={search_term_string}"},"query-input":{"@type":"PropertyValueSpecification","valueRequired":true,"valueName":"search_term_string"}}],"inLanguage":"pt-PT"},{"@type":"Organization","@id":"https:\/\/www.safinel.fr\/#organization","name":"Safinel","url":"https:\/\/www.safinel.fr\/","logo":{"@type":"ImageObject","inLanguage":"pt-PT","@id":"https:\/\/www.safinel.fr\/#\/schema\/logo\/image\/","url":"https:\/\/www.safinel.fr\/wp-content\/uploads\/2021\/05\/boutique-cosmetique.png","contentUrl":"https:\/\/www.safinel.fr\/wp-content\/uploads\/2021\/05\/boutique-cosmetique.png","width":800,"height":200,"caption":"Safinel"},"image":{"@id":"https:\/\/www.safinel.fr\/#\/schema\/logo\/image\/"}}]}},"_links":{"self":[{"href":"https:\/\/www.safinel.fr\/pt\/wp-json\/wp\/v2\/product\/289","targetHints":{"allow":["GET"]}}],"collection":[{"href":"https:\/\/www.safinel.fr\/pt\/wp-json\/wp\/v2\/product"}],"about":[{"href":"https:\/\/www.safinel.fr\/pt\/wp-json\/wp\/v2\/types\/product"}],"wp:featuredmedia":[{"embeddable":true,"href":"https:\/\/www.safinel.fr\/pt\/wp-json\/wp\/v2\/media\/322"}],"wp:attachment":[{"href":"https:\/\/www.safinel.fr\/pt\/wp-json\/wp\/v2\/media?parent=289"}],"wp:term":[{"taxonomy":"product_brand","embeddable":true,"href":"https:\/\/www.safinel.fr\/pt\/wp-json\/wp\/v2\/product_brand?post=289"},{"taxonomy":"product_cat","embeddable":true,"href":"https:\/\/www.safinel.fr\/pt\/wp-json\/wp\/v2\/product_cat?post=289"},{"taxonomy":"product_tag","embeddable":true,"href":"https:\/\/www.safinel.fr\/pt\/wp-json\/wp\/v2\/product_tag?post=289"}],"curies":[{"name":"wp","href":"https:\/\/api.w.org\/{rel}","templated":true}]}}