{"id":2881,"date":"2022-09-24T19:01:28","date_gmt":"2022-09-24T19:01:28","guid":{"rendered":"https:\/\/www.safinel.fr\/?post_type=product&#038;p=2881"},"modified":"2023-12-30T16:49:09","modified_gmt":"2023-12-30T16:49:09","slug":"propolis-pura-em-po","status":"publish","type":"product","link":"https:\/\/www.safinel.fr\/pt\/product-2\/propolis-pura-em-po\/","title":{"rendered":"Pr\u00f3polis pura em p\u00f3"},"content":{"rendered":"<p>A pr\u00f3polis, subst\u00e2ncia natural produzida pelas abelhas, \u00e9 muito apreciada pelas suas in\u00fameras propriedades ben\u00e9ficas para a sa\u00fade. Descubra tudo o que precisa saber sobre esta maravilhosa descoberta da apicultura e, mais especificamente, sobre a pr\u00f3polis em p\u00f3: a sua utiliza\u00e7\u00e3o, os seus benef\u00edcios e as\u00a0<strong>informa\u00e7\u00f5es adicionais<\/strong>\u00a0para compreender melhor este recurso.<\/p>\n<h2><strong>O que \u00e9 a pr\u00f3polis?<\/strong><\/h2>\n<p>Em primeiro lugar, \u00e9 essencial conhecer a defini\u00e7\u00e3o de pr\u00f3polis antes de analisar a vers\u00e3o em p\u00f3. A pr\u00f3polis \u00e9 uma resina vegetal recolhida pelas abelhas em certas \u00e1rvores e arbustos quando estes produzem <a href=\"https:\/\/www.safinel.fr\/pt\/product-category-2\/apicultura\/\"><strong>mel<\/strong><\/a>. Esta resina \u00e9 ent\u00e3o misturada com as secre\u00e7\u00f5es salivares das abelhas para ser transformada numa mat\u00e9ria cerosa que constitui essencialmente um dos materiais de constru\u00e7\u00e3o da colmeia.<\/p>\n<p>Usada como um \u00abcimento\u00bb para refor\u00e7ar a estrutura da colmeia, a pr\u00f3polis tamb\u00e9m tem propriedades antibacterianas e antif\u00fangicas que protegem as abelhas contra infe\u00e7\u00f5es e doen\u00e7as. H\u00e1 milhares de anos, os seres humanos reconhecem essas qualidades e utilizam a pr\u00f3polis para diversos fins medicinais.<\/p>\n<h2><strong>P\u00f3 de pr\u00f3polis: caracter\u00edsticas e benef\u00edcios<\/strong><\/h2>\n<p>Agora que j\u00e1 tem uma ideia do que \u00e9 a pr\u00f3polis, vamos passar \u00e0 sua forma em p\u00f3. A\u00a0<strong>pr\u00f3polis em p\u00f3<\/strong>\u00a0\u00e9 obtida ap\u00f3s um processo de secagem e tritura\u00e7\u00e3o da resina bruta. Este m\u00e9todo permite conservar todas as propriedades ben\u00e9ficas da pr\u00f3polis, facilitando simultaneamente a sua manipula\u00e7\u00e3o e utiliza\u00e7\u00e3o.<\/p>\n<p>Algumas vantagens em destaque:<\/p>\n<ul>\n<li><strong>Grande concentra\u00e7\u00e3o de princ\u00edpios ativos:<\/strong> Este p\u00f3 \u00e9 muito concentrado em flavon\u00f3ides e outras mol\u00e9culas bioativas, respons\u00e1veis pelos efeitos ben\u00e9ficos desta subst\u00e2ncia na nossa sa\u00fade.<\/li>\n<li><strong>Facilidade de utiliza\u00e7\u00e3o:<\/strong> Ao contr\u00e1rio da forma bruta ou l\u00edquida, o p\u00f3 dissolve-se facilmente em v\u00e1rias prepara\u00e7\u00f5es e permite uma ingest\u00e3o r\u00e1pida.<\/li>\n<li><strong>Diversidade de emprego:<\/strong>\u00a0A pr\u00f3polis em p\u00f3 pode ser incorporada em diferentes suportes, tais como c\u00e1psulas, comprimidos, xaropes, <a href=\"https:\/\/www.safinel.fr\/pt\/product-category-2\/cremes-clareadores\/\"><strong>cremes<\/strong><\/a>, etc., permitindo assim uma utiliza\u00e7\u00e3o personalizada de acordo com as suas necessidades.<\/li>\n<\/ul>\n<h2><strong>Por que escolher a pr\u00f3polis em p\u00f3?<\/strong><\/h2>\n<h3><strong>Qualidades nutricionais<\/strong><\/h3>\n<p>A pr\u00f3polis em p\u00f3 \u00e9 rica em nutrientes essenciais, como vitaminas, minerais e oligoelementos. Cont\u00e9m, nomeadamente, vitamina E, ferro, mangan\u00eas, sel\u00e9nio e zinco, que s\u00e3o necess\u00e1rios para o bom funcionamento do organismo. Al\u00e9m disso, alguns destes minerais, como o zinco e o sel\u00e9nio, est\u00e3o presentes em quantidades superiores \u00e0s da pr\u00f3polis bruta.<\/p>\n<h3><strong>Excelente biodisponibilidade<\/strong><\/h3>\n<p>A forma em p\u00f3 permite uma melhor assimila\u00e7\u00e3o dos nutrientes pelo organismo, pois os princ\u00edpios ativos s\u00e3o absorvidos mais rapidamente do que em outras apresenta\u00e7\u00f5es da pr\u00f3polis. De fato, a r\u00e1pida dissolu\u00e7\u00e3o do produto favorece uma passagem mais eficaz e completa de suas in\u00fameras propriedades medicinais para as c\u00e9lulas.<\/p>\n<h3><strong>Diversidade de aplica\u00e7\u00f5es terap\u00eauticas<\/strong><\/h3>\n<p>Os benef\u00edcios para a sa\u00fade da pr\u00f3polis em p\u00f3 s\u00e3o consider\u00e1veis. Ela possui propriedades:<\/p>\n<ul>\n<li><strong>Antioxidantes:<\/strong> Os flavon\u00f3ides ajudam a neutralizar os radicais livres respons\u00e1veis pelo envelhecimento precoce e por v\u00e1rias doen\u00e7as.<\/li>\n<li><strong>Anti-inflamat\u00f3rios:<\/strong> reduz a inflama\u00e7\u00e3o de forma natural, inibindo as enzimas pr\u00f3-inflamat\u00f3rias e aumentando os n\u00edveis de oxig\u00e9nio nos tecidos.<\/li>\n<li><strong>Imunoestimulantes:<\/strong> O consumo regular deste p\u00f3 puro fortalece o nosso sistema imunol\u00f3gico, tornando-nos menos suscet\u00edveis a infec\u00e7\u00f5es.<\/li>\n<li><strong>Antivirais:<\/strong> \u00c9 tamb\u00e9m uma arma poderosa contra os v\u00edrus, especialmente os respons\u00e1veis pela constipa\u00e7\u00e3o e pela gripe.<\/li>\n<\/ul>\n<h3><strong>Como usar este p\u00f3?<\/strong><\/h3>\n<p>Existem v\u00e1rias maneiras de usar a prop\u00f3lis em p\u00f3 de forma eficaz:<\/p>\n<ol>\n<li>Como suplemento alimentar: misture meia colher de ch\u00e1 de p\u00f3 com \u00e1gua, sumo de fruta ou mel e consuma esta prepara\u00e7\u00e3o uma a duas vezes por dia para refor\u00e7ar o seu sistema imunit\u00e1rio.<\/li>\n<li>Como gargarejo: dilua uma colher de ch\u00e1 de pr\u00f3polis em p\u00f3 num copo de \u00e1gua morna e gargareje durante alguns minutos. Este m\u00e9todo \u00e9 excelente para aliviar dores de garganta e afec\u00e7\u00f5es bucais.<\/li>\n<li>Aplica\u00e7\u00e3o local: pode misturar este p\u00f3 com um creme neutro e aplicar essa mistura diretamente sobre feridas, acne e outros problemas cut\u00e2neos para ajudar na sua cicatriza\u00e7\u00e3o.<\/li>\n<li>Por inala\u00e7\u00e3o: infunda uma colher de ch\u00e1 de p\u00f3 numa tigela com \u00e1gua quente e inale os vapores para aliviar sinusites e outras afe\u00e7\u00f5es respirat\u00f3rias.<\/li>\n<\/ol>\n<p>Para beneficiar plenamente dos efeitos terap\u00eauticos da pr\u00f3polis em p\u00f3, \u00e9 necess\u00e1rio seguir atentamente as recomenda\u00e7\u00f5es posol\u00f3gicas e consultar um profissional de sa\u00fade antes de iniciar um tratamento, especialmente em caso de gravidez, amamenta\u00e7\u00e3o ou alergias a produtos ap\u00edcolas.<\/p>","protected":false},"excerpt":{"rendered":"<p><img decoding=\"async\" class=\"size-full wp-image-5091 aligncenter\" src=\"https:\/\/www.safinel.fr\/wp-content\/uploads\/2021\/06\/BANNIERE-ICONE-SAFINEL.webp\" alt=\"resseguro satinado\" width=\"800\" height=\"200\" srcset=\"https:\/\/www.safinel.fr\/wp-content\/uploads\/2021\/06\/BANNIERE-ICONE-SAFINEL.webp 800w, https:\/\/www.safinel.fr\/wp-content\/uploads\/2021\/06\/BANNIERE-ICONE-SAFINEL-600x150.webp 600w, https:\/\/www.safinel.fr\/wp-content\/uploads\/2021\/06\/BANNIERE-ICONE-SAFINEL-768x192.webp 768w\" sizes=\"(max-width: 800px) 100vw, 800px\" \/><\/p>","protected":false},"featured_media":2882,"template":"","meta":[],"product_brand":[],"product_cat":[24,41],"product_tag":[],"class_list":{"0":"post-2881","1":"product","2":"type-product","3":"status-publish","4":"has-post-thumbnail","6":"product_cat-apiculture","7":"product_cat-produits-naturels-divers","9":"first","10":"instock","11":"shipping-taxable","12":"purchasable","13":"product-type-variable"},"yoast_head":"<!-- This site is optimized with the Yoast SEO plugin v26.6 - https:\/\/yoast.com\/wordpress\/plugins\/seo\/ -->\n<title>Propolis pure en poudre | Bienfaits nombreux | Achat en France<\/title>\n<meta name=\"description\" content=\"La propolis pure en poudre, substance naturelle produite par les abeilles, est tr\u00e8s pris\u00e9e pour ses nombreuses vertus sur notre sant\u00e9.\" \/>\n<meta name=\"robots\" content=\"index, follow, max-snippet:-1, max-image-preview:large, max-video-preview:-1\" \/>\n<link rel=\"canonical\" href=\"https:\/\/www.safinel.fr\/pt\/product-2\/propolis-pura-em-po\/\" \/>\n<meta property=\"og:locale\" content=\"pt_PT\" \/>\n<meta property=\"og:type\" content=\"article\" \/>\n<meta property=\"og:title\" content=\"Propolis pure en poudre | Bienfaits nombreux | Achat en France\" \/>\n<meta property=\"og:description\" content=\"La propolis pure en poudre, substance naturelle produite par les abeilles, est tr\u00e8s pris\u00e9e pour ses nombreuses vertus sur notre sant\u00e9.\" \/>\n<meta property=\"og:url\" content=\"https:\/\/www.safinel.fr\/pt\/product-2\/propolis-pura-em-po\/\" \/>\n<meta property=\"og:site_name\" content=\"Safinel\" \/>\n<meta property=\"article:modified_time\" content=\"2023-12-30T16:49:09+00:00\" \/>\n<meta property=\"og:image\" content=\"https:\/\/www.safinel.fr\/wp-content\/uploads\/2022\/09\/propolis-poudre-50gr-site.jpg\" \/>\n\t<meta property=\"og:image:width\" content=\"600\" \/>\n\t<meta property=\"og:image:height\" content=\"518\" \/>\n\t<meta property=\"og:image:type\" content=\"image\/jpeg\" \/>\n<meta name=\"twitter:card\" content=\"summary_large_image\" \/>\n<meta name=\"twitter:label1\" content=\"Tempo estimado de leitura\" \/>\n\t<meta name=\"twitter:data1\" content=\"4 minutos\" \/>\n<script type=\"application\/ld+json\" class=\"yoast-schema-graph\">{\"@context\":\"https:\/\/schema.org\",\"@graph\":[{\"@type\":\"WebPage\",\"@id\":\"https:\/\/www.safinel.fr\/produit\/propolis-pure-en-poudre\/\",\"url\":\"https:\/\/www.safinel.fr\/produit\/propolis-pure-en-poudre\/\",\"name\":\"Propolis pure en poudre | Bienfaits nombreux | Achat en France\",\"isPartOf\":{\"@id\":\"https:\/\/www.safinel.fr\/#website\"},\"primaryImageOfPage\":{\"@id\":\"https:\/\/www.safinel.fr\/produit\/propolis-pure-en-poudre\/#primaryimage\"},\"image\":{\"@id\":\"https:\/\/www.safinel.fr\/produit\/propolis-pure-en-poudre\/#primaryimage\"},\"thumbnailUrl\":\"https:\/\/www.safinel.fr\/wp-content\/uploads\/2022\/09\/propolis-poudre-50gr-site.jpg\",\"datePublished\":\"2022-09-24T19:01:28+00:00\",\"dateModified\":\"2023-12-30T16:49:09+00:00\",\"description\":\"La propolis pure en poudre, substance naturelle produite par les abeilles, est tr\u00e8s pris\u00e9e pour ses nombreuses vertus sur notre sant\u00e9.\",\"breadcrumb\":{\"@id\":\"https:\/\/www.safinel.fr\/produit\/propolis-pure-en-poudre\/#breadcrumb\"},\"inLanguage\":\"pt-PT\",\"potentialAction\":[{\"@type\":\"ReadAction\",\"target\":[\"https:\/\/www.safinel.fr\/produit\/propolis-pure-en-poudre\/\"]}]},{\"@type\":\"ImageObject\",\"inLanguage\":\"pt-PT\",\"@id\":\"https:\/\/www.safinel.fr\/produit\/propolis-pure-en-poudre\/#primaryimage\",\"url\":\"https:\/\/www.safinel.fr\/wp-content\/uploads\/2022\/09\/propolis-poudre-50gr-site.jpg\",\"contentUrl\":\"https:\/\/www.safinel.fr\/wp-content\/uploads\/2022\/09\/propolis-poudre-50gr-site.jpg\",\"width\":600,\"height\":518,\"caption\":\"Propolis pure en poudre\"},{\"@type\":\"BreadcrumbList\",\"@id\":\"https:\/\/www.safinel.fr\/produit\/propolis-pure-en-poudre\/#breadcrumb\",\"itemListElement\":[{\"@type\":\"ListItem\",\"position\":1,\"name\":\"Accueil\",\"item\":\"https:\/\/www.safinel.fr\/\"},{\"@type\":\"ListItem\",\"position\":2,\"name\":\"Boutique\",\"item\":\"https:\/\/www.safinel.fr\/boutique\/\"},{\"@type\":\"ListItem\",\"position\":3,\"name\":\"Propolis pure en poudre\"}]},{\"@type\":\"WebSite\",\"@id\":\"https:\/\/www.safinel.fr\/#website\",\"url\":\"https:\/\/www.safinel.fr\/\",\"name\":\"Safinel\",\"description\":\"\",\"publisher\":{\"@id\":\"https:\/\/www.safinel.fr\/#organization\"},\"potentialAction\":[{\"@type\":\"SearchAction\",\"target\":{\"@type\":\"EntryPoint\",\"urlTemplate\":\"https:\/\/www.safinel.fr\/?s={search_term_string}\"},\"query-input\":{\"@type\":\"PropertyValueSpecification\",\"valueRequired\":true,\"valueName\":\"search_term_string\"}}],\"inLanguage\":\"pt-PT\"},{\"@type\":\"Organization\",\"@id\":\"https:\/\/www.safinel.fr\/#organization\",\"name\":\"Safinel\",\"url\":\"https:\/\/www.safinel.fr\/\",\"logo\":{\"@type\":\"ImageObject\",\"inLanguage\":\"pt-PT\",\"@id\":\"https:\/\/www.safinel.fr\/#\/schema\/logo\/image\/\",\"url\":\"https:\/\/www.safinel.fr\/wp-content\/uploads\/2021\/05\/boutique-cosmetique.png\",\"contentUrl\":\"https:\/\/www.safinel.fr\/wp-content\/uploads\/2021\/05\/boutique-cosmetique.png\",\"width\":800,\"height\":200,\"caption\":\"Safinel\"},\"image\":{\"@id\":\"https:\/\/www.safinel.fr\/#\/schema\/logo\/image\/\"}}]}<\/script>\n<!-- \/ Yoast SEO plugin. -->","yoast_head_json":{"title":"Pr\u00f3polis pura em p\u00f3 | In\u00fameros benef\u00edcios | Compra em Fran\u00e7a","description":"A pr\u00f3polis pura em p\u00f3, subst\u00e2ncia natural produzida pelas abelhas, \u00e9 muito apreciada pelas suas in\u00fameras propriedades ben\u00e9ficas para a sa\u00fade.","robots":{"index":"index","follow":"follow","max-snippet":"max-snippet:-1","max-image-preview":"max-image-preview:large","max-video-preview":"max-video-preview:-1"},"canonical":"https:\/\/www.safinel.fr\/pt\/product-2\/propolis-pura-em-po\/","og_locale":"pt_PT","og_type":"article","og_title":"Propolis pure en poudre | Bienfaits nombreux | Achat en France","og_description":"La propolis pure en poudre, substance naturelle produite par les abeilles, est tr\u00e8s pris\u00e9e pour ses nombreuses vertus sur notre sant\u00e9.","og_url":"https:\/\/www.safinel.fr\/pt\/product-2\/propolis-pura-em-po\/","og_site_name":"Safinel","article_modified_time":"2023-12-30T16:49:09+00:00","og_image":[{"width":600,"height":518,"url":"https:\/\/www.safinel.fr\/wp-content\/uploads\/2022\/09\/propolis-poudre-50gr-site.jpg","type":"image\/jpeg"}],"twitter_card":"summary_large_image","twitter_misc":{"Tempo estimado de leitura":"4 minutos"},"schema":{"@context":"https:\/\/schema.org","@graph":[{"@type":"WebPage","@id":"https:\/\/www.safinel.fr\/produit\/propolis-pure-en-poudre\/","url":"https:\/\/www.safinel.fr\/produit\/propolis-pure-en-poudre\/","name":"Pr\u00f3polis pura em p\u00f3 | In\u00fameros benef\u00edcios | Compra em Fran\u00e7a","isPartOf":{"@id":"https:\/\/www.safinel.fr\/#website"},"primaryImageOfPage":{"@id":"https:\/\/www.safinel.fr\/produit\/propolis-pure-en-poudre\/#primaryimage"},"image":{"@id":"https:\/\/www.safinel.fr\/produit\/propolis-pure-en-poudre\/#primaryimage"},"thumbnailUrl":"https:\/\/www.safinel.fr\/wp-content\/uploads\/2022\/09\/propolis-poudre-50gr-site.jpg","datePublished":"2022-09-24T19:01:28+00:00","dateModified":"2023-12-30T16:49:09+00:00","description":"A pr\u00f3polis pura em p\u00f3, subst\u00e2ncia natural produzida pelas abelhas, \u00e9 muito apreciada pelas suas in\u00fameras propriedades ben\u00e9ficas para a sa\u00fade.","breadcrumb":{"@id":"https:\/\/www.safinel.fr\/produit\/propolis-pure-en-poudre\/#breadcrumb"},"inLanguage":"pt-PT","potentialAction":[{"@type":"ReadAction","target":["https:\/\/www.safinel.fr\/produit\/propolis-pure-en-poudre\/"]}]},{"@type":"ImageObject","inLanguage":"pt-PT","@id":"https:\/\/www.safinel.fr\/produit\/propolis-pure-en-poudre\/#primaryimage","url":"https:\/\/www.safinel.fr\/wp-content\/uploads\/2022\/09\/propolis-poudre-50gr-site.jpg","contentUrl":"https:\/\/www.safinel.fr\/wp-content\/uploads\/2022\/09\/propolis-poudre-50gr-site.jpg","width":600,"height":518,"caption":"Propolis pure en poudre"},{"@type":"BreadcrumbList","@id":"https:\/\/www.safinel.fr\/produit\/propolis-pure-en-poudre\/#breadcrumb","itemListElement":[{"@type":"ListItem","position":1,"name":"Accueil","item":"https:\/\/www.safinel.fr\/"},{"@type":"ListItem","position":2,"name":"Boutique","item":"https:\/\/www.safinel.fr\/boutique\/"},{"@type":"ListItem","position":3,"name":"Propolis pure en poudre"}]},{"@type":"WebSite","@id":"https:\/\/www.safinel.fr\/#website","url":"https:\/\/www.safinel.fr\/","name":"Safinel","description":"","publisher":{"@id":"https:\/\/www.safinel.fr\/#organization"},"potentialAction":[{"@type":"SearchAction","target":{"@type":"EntryPoint","urlTemplate":"https:\/\/www.safinel.fr\/?s={search_term_string}"},"query-input":{"@type":"PropertyValueSpecification","valueRequired":true,"valueName":"search_term_string"}}],"inLanguage":"pt-PT"},{"@type":"Organization","@id":"https:\/\/www.safinel.fr\/#organization","name":"Safinel","url":"https:\/\/www.safinel.fr\/","logo":{"@type":"ImageObject","inLanguage":"pt-PT","@id":"https:\/\/www.safinel.fr\/#\/schema\/logo\/image\/","url":"https:\/\/www.safinel.fr\/wp-content\/uploads\/2021\/05\/boutique-cosmetique.png","contentUrl":"https:\/\/www.safinel.fr\/wp-content\/uploads\/2021\/05\/boutique-cosmetique.png","width":800,"height":200,"caption":"Safinel"},"image":{"@id":"https:\/\/www.safinel.fr\/#\/schema\/logo\/image\/"}}]}},"_links":{"self":[{"href":"https:\/\/www.safinel.fr\/pt\/wp-json\/wp\/v2\/product\/2881","targetHints":{"allow":["GET"]}}],"collection":[{"href":"https:\/\/www.safinel.fr\/pt\/wp-json\/wp\/v2\/product"}],"about":[{"href":"https:\/\/www.safinel.fr\/pt\/wp-json\/wp\/v2\/types\/product"}],"wp:featuredmedia":[{"embeddable":true,"href":"https:\/\/www.safinel.fr\/pt\/wp-json\/wp\/v2\/media\/2882"}],"wp:attachment":[{"href":"https:\/\/www.safinel.fr\/pt\/wp-json\/wp\/v2\/media?parent=2881"}],"wp:term":[{"taxonomy":"product_brand","embeddable":true,"href":"https:\/\/www.safinel.fr\/pt\/wp-json\/wp\/v2\/product_brand?post=2881"},{"taxonomy":"product_cat","embeddable":true,"href":"https:\/\/www.safinel.fr\/pt\/wp-json\/wp\/v2\/product_cat?post=2881"},{"taxonomy":"product_tag","embeddable":true,"href":"https:\/\/www.safinel.fr\/pt\/wp-json\/wp\/v2\/product_tag?post=2881"}],"curies":[{"name":"wp","href":"https:\/\/api.w.org\/{rel}","templated":true}]}}