{"id":2850,"date":"2022-09-21T18:39:46","date_gmt":"2022-09-21T18:39:46","guid":{"rendered":"https:\/\/www.safinel.fr\/?post_type=product&#038;p=2850"},"modified":"2023-12-28T17:15:36","modified_gmt":"2023-12-28T17:15:36","slug":"sabonete-nila","status":"publish","type":"product","link":"https:\/\/www.safinel.fr\/pt\/product-2\/sabonete-nila\/","title":{"rendered":"Sabonete nila 70 g"},"content":{"rendered":"<p>Tem imperfei\u00e7\u00f5es na pele e quer livrar-se delas? Tem manchas escuras em algumas partes do corpo? Descubra agora o sabonete Nila. \u00c9 formulado \u00e0 base de p\u00f3 de Nila, um mineral 100% natural de cor azul real, origin\u00e1rio das montanhas Rochosas do Saara marroquino. Vamos ver as vantagens e o modo de utiliza\u00e7\u00e3o deste sabonete extraordin\u00e1rio!<\/p>\n<h2><strong>Quais s\u00e3o os benef\u00edcios do Sabonete Nila Azul Royal?<\/strong><\/h2>\n<p>Segredo de beleza milenar das mulheres saharauis, o <a href=\"https:\/\/www.safinel.fr\/pt\/product-2\/po-de-nila\/\"><strong>Nila<\/strong><\/a> repleta de propriedades excepcionais muito procuradas pelos laborat\u00f3rios cosm\u00e9ticos:<\/p>\n<ul>\n<li>Clareador, ilumina a tez e contribui para atenuar as manchas escuras.<\/li>\n<li>Hidratante, este produto natural transforma \u00e1reas \u00e1speras como cotovelos, joelhos ou p\u00e9s. Deixa a pele macia e sedosa.<\/li>\n<li>Com propriedades antienvelhecimento, retarda os sinais de envelhecimento, como rugas e linhas finas. A pele fica revitalizada e rejuvenescida.<\/li>\n<\/ul>\n<p>Este sabonete artesanal de 100 g \u00e9 elaborado a partir de:<\/p>\n<ul>\n<li>Glicerina: com efeito protetor, refor\u00e7a a barreira cut\u00e2nea contra agress\u00f5es externas. Suaviza e contribui para a hidrata\u00e7\u00e3o da pele.<\/li>\n<li>\u00d3leo de arg\u00e3o: tratamento antirrugas rico em vitamina E e antioxidantes. Tem propriedades regeneradoras.<\/li>\n<li>Manteiga de karit\u00e9: gordura extra\u00edda dos frutos do karit\u00e9, com alto teor de vitamina A. Tem a\u00e7\u00e3o protetora, hidratante e cicatrizante.<\/li>\n<li>Agente de limpeza: a sua espuma purifica em profundidade e elimina as impurezas incrustadas na pele.<\/li>\n<\/ul>\n<p>O sabonete Nila Royal n\u00e3o cont\u00e9m \u00f3leos essenciais.<\/p>\n<h2><strong>Como usar o Sabonete Nila azul?<\/strong><\/h2>\n<p>Tal como com um sabonete tradicional, comece por:<\/p>\n<ol>\n<li>Humede\u00e7a a parte do corpo desejada com \u00e1gua morna.<\/li>\n<li>Espumar o sab\u00e3o entre as m\u00e3os<\/li>\n<li>Aplique a espuma com movimentos circulares<\/li>\n<li>Enxaguar abundantemente a parte tratada com \u00e1gua limpa.<\/li>\n<\/ol>\n<h2><strong>Quais s\u00e3o as contraindica\u00e7\u00f5es?<\/strong><\/h2>\n<p>Este produto de higiene pessoal destina-se apenas a uso externo.<\/p>\n<p>Evite cuidadosamente a \u00e1rea ao redor dos olhos.<\/p>\n<h3><strong>Composi\u00e7\u00e3o:<\/strong><\/h3>\n<ul>\n<li>propilenoglicol (estabilizador);<\/li>\n<li>glicerina (protetora); ;<\/li>\n<li>estearato de s\u00f3dio (detergente); ;<\/li>\n<li>cooamidopropil betceno (derivado do \u00f3leo de coco); ;<\/li>\n<li>sorbitol;<\/li>\n<li>p\u00f3 de \u00edndigo sufruticosa (p\u00f3 mineral de Nila); ;<\/li>\n<li>manteiga de butyrospermum parkii (shea) (manteiga de karit\u00e9); ;<\/li>\n<li>\u00f3leo de semente de argania spinosa (\u00f3leo de arg\u00e3o).<\/li>\n<\/ul>","protected":false},"excerpt":{"rendered":"<p><img decoding=\"async\" class=\"size-full wp-image-5091 aligncenter\" src=\"https:\/\/www.safinel.fr\/wp-content\/uploads\/2021\/06\/BANNIERE-ICONE-SAFINEL.webp\" alt=\"resseguro satinado\" width=\"800\" height=\"200\" srcset=\"https:\/\/www.safinel.fr\/wp-content\/uploads\/2021\/06\/BANNIERE-ICONE-SAFINEL.webp 800w, https:\/\/www.safinel.fr\/wp-content\/uploads\/2021\/06\/BANNIERE-ICONE-SAFINEL-600x150.webp 600w, https:\/\/www.safinel.fr\/wp-content\/uploads\/2021\/06\/BANNIERE-ICONE-SAFINEL-768x192.webp 768w\" sizes=\"(max-width: 800px) 100vw, 800px\" \/><\/p>","protected":false},"featured_media":2851,"template":"","meta":[],"product_brand":[],"product_cat":[28,164,123],"product_tag":[],"class_list":{"0":"post-2850","1":"product","2":"type-product","3":"status-publish","4":"has-post-thumbnail","6":"product_cat-divers","7":"product_cat-nila","8":"product_cat-savon","10":"first","11":"instock","12":"shipping-taxable","13":"purchasable","14":"product-type-simple"},"yoast_head":"<!-- This site is optimized with the Yoast SEO plugin v26.6 - https:\/\/yoast.com\/wordpress\/plugins\/seo\/ -->\n<title>Savon Nila bleu I Savon \u00e9claircissant I Bienfaits nombreux<\/title>\n<meta name=\"description\" content=\"D\u00e9couvrez d\u00e8s maintenant le savon Nila bleu. Il est formul\u00e9 \u00e0 base de poudre de Nila, un min\u00e9ral 100\u00a0% naturel. Achat rapide et s\u00e9curis\u00e9 !\" \/>\n<meta name=\"robots\" content=\"index, follow, max-snippet:-1, max-image-preview:large, max-video-preview:-1\" \/>\n<link rel=\"canonical\" href=\"https:\/\/www.safinel.fr\/pt\/product-2\/sabonete-nila\/\" \/>\n<meta property=\"og:locale\" content=\"pt_PT\" \/>\n<meta property=\"og:type\" content=\"article\" \/>\n<meta property=\"og:title\" content=\"Savon Nila bleu I Savon \u00e9claircissant I Bienfaits nombreux\" \/>\n<meta property=\"og:description\" content=\"D\u00e9couvrez d\u00e8s maintenant le savon Nila bleu. Il est formul\u00e9 \u00e0 base de poudre de Nila, un min\u00e9ral 100\u00a0% naturel. Achat rapide et s\u00e9curis\u00e9 !\" \/>\n<meta property=\"og:url\" content=\"https:\/\/www.safinel.fr\/pt\/product-2\/sabonete-nila\/\" \/>\n<meta property=\"og:site_name\" content=\"Safinel\" \/>\n<meta property=\"article:modified_time\" content=\"2023-12-28T17:15:36+00:00\" \/>\n<meta property=\"og:image\" content=\"https:\/\/www.safinel.fr\/wp-content\/uploads\/2022\/09\/savon-nila.jpg\" \/>\n\t<meta property=\"og:image:width\" content=\"600\" \/>\n\t<meta property=\"og:image:height\" content=\"600\" \/>\n\t<meta property=\"og:image:type\" content=\"image\/jpeg\" \/>\n<meta name=\"twitter:card\" content=\"summary_large_image\" \/>\n<meta name=\"twitter:label1\" content=\"Tempo estimado de leitura\" \/>\n\t<meta name=\"twitter:data1\" content=\"2 minutos\" \/>\n<script type=\"application\/ld+json\" class=\"yoast-schema-graph\">{\"@context\":\"https:\/\/schema.org\",\"@graph\":[{\"@type\":\"WebPage\",\"@id\":\"https:\/\/www.safinel.fr\/produit\/savon-nila\/\",\"url\":\"https:\/\/www.safinel.fr\/produit\/savon-nila\/\",\"name\":\"Savon Nila bleu I Savon \u00e9claircissant I Bienfaits nombreux\",\"isPartOf\":{\"@id\":\"https:\/\/www.safinel.fr\/#website\"},\"primaryImageOfPage\":{\"@id\":\"https:\/\/www.safinel.fr\/produit\/savon-nila\/#primaryimage\"},\"image\":{\"@id\":\"https:\/\/www.safinel.fr\/produit\/savon-nila\/#primaryimage\"},\"thumbnailUrl\":\"https:\/\/www.safinel.fr\/wp-content\/uploads\/2022\/09\/savon-nila.jpg\",\"datePublished\":\"2022-09-21T18:39:46+00:00\",\"dateModified\":\"2023-12-28T17:15:36+00:00\",\"description\":\"D\u00e9couvrez d\u00e8s maintenant le savon Nila bleu. Il est formul\u00e9 \u00e0 base de poudre de Nila, un min\u00e9ral 100\u00a0% naturel. Achat rapide et s\u00e9curis\u00e9 !\",\"breadcrumb\":{\"@id\":\"https:\/\/www.safinel.fr\/produit\/savon-nila\/#breadcrumb\"},\"inLanguage\":\"pt-PT\",\"potentialAction\":[{\"@type\":\"ReadAction\",\"target\":[\"https:\/\/www.safinel.fr\/produit\/savon-nila\/\"]}]},{\"@type\":\"ImageObject\",\"inLanguage\":\"pt-PT\",\"@id\":\"https:\/\/www.safinel.fr\/produit\/savon-nila\/#primaryimage\",\"url\":\"https:\/\/www.safinel.fr\/wp-content\/uploads\/2022\/09\/savon-nila.jpg\",\"contentUrl\":\"https:\/\/www.safinel.fr\/wp-content\/uploads\/2022\/09\/savon-nila.jpg\",\"width\":600,\"height\":600,\"caption\":\"savon nila\"},{\"@type\":\"BreadcrumbList\",\"@id\":\"https:\/\/www.safinel.fr\/produit\/savon-nila\/#breadcrumb\",\"itemListElement\":[{\"@type\":\"ListItem\",\"position\":1,\"name\":\"Accueil\",\"item\":\"https:\/\/www.safinel.fr\/\"},{\"@type\":\"ListItem\",\"position\":2,\"name\":\"Boutique\",\"item\":\"https:\/\/www.safinel.fr\/boutique\/\"},{\"@type\":\"ListItem\",\"position\":3,\"name\":\"Savon nila 70g\"}]},{\"@type\":\"WebSite\",\"@id\":\"https:\/\/www.safinel.fr\/#website\",\"url\":\"https:\/\/www.safinel.fr\/\",\"name\":\"Safinel\",\"description\":\"\",\"publisher\":{\"@id\":\"https:\/\/www.safinel.fr\/#organization\"},\"potentialAction\":[{\"@type\":\"SearchAction\",\"target\":{\"@type\":\"EntryPoint\",\"urlTemplate\":\"https:\/\/www.safinel.fr\/?s={search_term_string}\"},\"query-input\":{\"@type\":\"PropertyValueSpecification\",\"valueRequired\":true,\"valueName\":\"search_term_string\"}}],\"inLanguage\":\"pt-PT\"},{\"@type\":\"Organization\",\"@id\":\"https:\/\/www.safinel.fr\/#organization\",\"name\":\"Safinel\",\"url\":\"https:\/\/www.safinel.fr\/\",\"logo\":{\"@type\":\"ImageObject\",\"inLanguage\":\"pt-PT\",\"@id\":\"https:\/\/www.safinel.fr\/#\/schema\/logo\/image\/\",\"url\":\"https:\/\/www.safinel.fr\/wp-content\/uploads\/2021\/05\/boutique-cosmetique.png\",\"contentUrl\":\"https:\/\/www.safinel.fr\/wp-content\/uploads\/2021\/05\/boutique-cosmetique.png\",\"width\":800,\"height\":200,\"caption\":\"Safinel\"},\"image\":{\"@id\":\"https:\/\/www.safinel.fr\/#\/schema\/logo\/image\/\"}}]}<\/script>\n<!-- \/ Yoast SEO plugin. -->","yoast_head_json":{"title":"Sabonete Nila azul I Sabonete clareador I In\u00fameros benef\u00edcios","description":"Descubra agora mesmo o sabonete Nila azul. \u00c9 formulado \u00e0 base de p\u00f3 de Nila, um mineral 100% natural. Compra r\u00e1pida e segura!","robots":{"index":"index","follow":"follow","max-snippet":"max-snippet:-1","max-image-preview":"max-image-preview:large","max-video-preview":"max-video-preview:-1"},"canonical":"https:\/\/www.safinel.fr\/pt\/product-2\/sabonete-nila\/","og_locale":"pt_PT","og_type":"article","og_title":"Savon Nila bleu I Savon \u00e9claircissant I Bienfaits nombreux","og_description":"D\u00e9couvrez d\u00e8s maintenant le savon Nila bleu. Il est formul\u00e9 \u00e0 base de poudre de Nila, un min\u00e9ral 100\u00a0% naturel. Achat rapide et s\u00e9curis\u00e9 !","og_url":"https:\/\/www.safinel.fr\/pt\/product-2\/sabonete-nila\/","og_site_name":"Safinel","article_modified_time":"2023-12-28T17:15:36+00:00","og_image":[{"width":600,"height":600,"url":"https:\/\/www.safinel.fr\/wp-content\/uploads\/2022\/09\/savon-nila.jpg","type":"image\/jpeg"}],"twitter_card":"summary_large_image","twitter_misc":{"Tempo estimado de leitura":"2 minutos"},"schema":{"@context":"https:\/\/schema.org","@graph":[{"@type":"WebPage","@id":"https:\/\/www.safinel.fr\/produit\/savon-nila\/","url":"https:\/\/www.safinel.fr\/produit\/savon-nila\/","name":"Sabonete Nila azul I Sabonete clareador I In\u00fameros benef\u00edcios","isPartOf":{"@id":"https:\/\/www.safinel.fr\/#website"},"primaryImageOfPage":{"@id":"https:\/\/www.safinel.fr\/produit\/savon-nila\/#primaryimage"},"image":{"@id":"https:\/\/www.safinel.fr\/produit\/savon-nila\/#primaryimage"},"thumbnailUrl":"https:\/\/www.safinel.fr\/wp-content\/uploads\/2022\/09\/savon-nila.jpg","datePublished":"2022-09-21T18:39:46+00:00","dateModified":"2023-12-28T17:15:36+00:00","description":"Descubra agora mesmo o sabonete Nila azul. \u00c9 formulado \u00e0 base de p\u00f3 de Nila, um mineral 100% natural. Compra r\u00e1pida e segura!","breadcrumb":{"@id":"https:\/\/www.safinel.fr\/produit\/savon-nila\/#breadcrumb"},"inLanguage":"pt-PT","potentialAction":[{"@type":"ReadAction","target":["https:\/\/www.safinel.fr\/produit\/savon-nila\/"]}]},{"@type":"ImageObject","inLanguage":"pt-PT","@id":"https:\/\/www.safinel.fr\/produit\/savon-nila\/#primaryimage","url":"https:\/\/www.safinel.fr\/wp-content\/uploads\/2022\/09\/savon-nila.jpg","contentUrl":"https:\/\/www.safinel.fr\/wp-content\/uploads\/2022\/09\/savon-nila.jpg","width":600,"height":600,"caption":"savon nila"},{"@type":"BreadcrumbList","@id":"https:\/\/www.safinel.fr\/produit\/savon-nila\/#breadcrumb","itemListElement":[{"@type":"ListItem","position":1,"name":"Accueil","item":"https:\/\/www.safinel.fr\/"},{"@type":"ListItem","position":2,"name":"Boutique","item":"https:\/\/www.safinel.fr\/boutique\/"},{"@type":"ListItem","position":3,"name":"Savon nila 70g"}]},{"@type":"WebSite","@id":"https:\/\/www.safinel.fr\/#website","url":"https:\/\/www.safinel.fr\/","name":"Safinel","description":"","publisher":{"@id":"https:\/\/www.safinel.fr\/#organization"},"potentialAction":[{"@type":"SearchAction","target":{"@type":"EntryPoint","urlTemplate":"https:\/\/www.safinel.fr\/?s={search_term_string}"},"query-input":{"@type":"PropertyValueSpecification","valueRequired":true,"valueName":"search_term_string"}}],"inLanguage":"pt-PT"},{"@type":"Organization","@id":"https:\/\/www.safinel.fr\/#organization","name":"Safinel","url":"https:\/\/www.safinel.fr\/","logo":{"@type":"ImageObject","inLanguage":"pt-PT","@id":"https:\/\/www.safinel.fr\/#\/schema\/logo\/image\/","url":"https:\/\/www.safinel.fr\/wp-content\/uploads\/2021\/05\/boutique-cosmetique.png","contentUrl":"https:\/\/www.safinel.fr\/wp-content\/uploads\/2021\/05\/boutique-cosmetique.png","width":800,"height":200,"caption":"Safinel"},"image":{"@id":"https:\/\/www.safinel.fr\/#\/schema\/logo\/image\/"}}]}},"_links":{"self":[{"href":"https:\/\/www.safinel.fr\/pt\/wp-json\/wp\/v2\/product\/2850","targetHints":{"allow":["GET"]}}],"collection":[{"href":"https:\/\/www.safinel.fr\/pt\/wp-json\/wp\/v2\/product"}],"about":[{"href":"https:\/\/www.safinel.fr\/pt\/wp-json\/wp\/v2\/types\/product"}],"wp:featuredmedia":[{"embeddable":true,"href":"https:\/\/www.safinel.fr\/pt\/wp-json\/wp\/v2\/media\/2851"}],"wp:attachment":[{"href":"https:\/\/www.safinel.fr\/pt\/wp-json\/wp\/v2\/media?parent=2850"}],"wp:term":[{"taxonomy":"product_brand","embeddable":true,"href":"https:\/\/www.safinel.fr\/pt\/wp-json\/wp\/v2\/product_brand?post=2850"},{"taxonomy":"product_cat","embeddable":true,"href":"https:\/\/www.safinel.fr\/pt\/wp-json\/wp\/v2\/product_cat?post=2850"},{"taxonomy":"product_tag","embeddable":true,"href":"https:\/\/www.safinel.fr\/pt\/wp-json\/wp\/v2\/product_tag?post=2850"}],"curies":[{"name":"wp","href":"https:\/\/api.w.org\/{rel}","templated":true}]}}