{"id":270,"date":"2021-07-24T18:58:59","date_gmt":"2021-07-24T18:58:59","guid":{"rendered":"https:\/\/www.safinel.fr\/?post_type=product&#038;p=270"},"modified":"2023-12-30T13:53:20","modified_gmt":"2023-12-30T13:53:20","slug":"champo-solido-com-cafe-e-manteiga-de-cacau-65-g-volume-brilho","status":"publish","type":"product","link":"https:\/\/www.safinel.fr\/pt\/product-2\/champo-solido-com-cafe-e-manteiga-de-cacau-65-g-volume-brilho\/","title":{"rendered":"Champ\u00f4 s\u00f3lido com caf\u00e9 e manteiga de cacau 65 g (Volume e Brilho)"},"content":{"rendered":"<p>Porque as morenas n\u00e3o s\u00e3o menos importantes, temos o champ\u00f4 ideal para si! Na D\u00e9odorant Naturel, a nossa categoria de <b>champ\u00f4s s\u00f3lidos <\/b>\u00e9 muito diversificada.<span class=\"Apple-converted-space\">\u00a0<\/span>Venha conhecer o <b>champ\u00f4 s\u00f3lido com caf\u00e9 e manteiga de cacau<\/b>. O aliado dos cabelos escuros, para um brilho como nunca viu antes!<span class=\"Apple-converted-space\">\u00a0<\/span><\/p>\n<h3><b>O champ\u00f4 s\u00f3lido com caf\u00e9 e manteiga de cacau: uma composi\u00e7\u00e3o deliciosa e engenhosa<span class=\"Apple-converted-space\">\u00a0<\/span><\/b><\/h3>\n<p>Este champ\u00f4 s\u00f3lido apresenta-se sob a forma de uma barra de sab\u00e3o duro, nem mais, nem menos. Os seus ingredientes foram cuidadosamente selecionados e s\u00e3o, obviamente, todos naturais! Porque gostamos de saber o que colocamos no nosso cabelo, este champ\u00f4 garante-lhe uma composi\u00e7\u00e3o saud\u00e1vel!<span class=\"Apple-converted-space\">\u00a0<\/span><\/p>\n<p>Por que escolher o nosso champ\u00f4 s\u00f3lido com caf\u00e9 e manteiga de cacau? A resposta \u00e9 muito longa para caber neste artigo. Ent\u00e3o, em poucas palavras... porque \u00e9 fant\u00e1stico, claro!<span class=\"Apple-converted-space\">\u00a0<\/span><\/p>\n<p>Em primeiro lugar, \u00e9 muito econ\u00f3mico. Um <b>p\u00e3o duro<\/b> deste tamanho equivale a cerca de 80 a 100 lavagens. Ou seja, 3 frascos de 250 g de champ\u00f4 l\u00edquido! Al\u00e9m disso, \u00e9 ecol\u00f3gico e saud\u00e1vel para si e para o ambiente. Uma abordagem zero res\u00edduos que faz bem!<span class=\"Apple-converted-space\">\u00a0<\/span><\/p>\n<h3><b>Todos os benef\u00edcios do seu champ\u00f4 s\u00f3lido com caf\u00e9 e manteiga de cacau<span class=\"Apple-converted-space\">\u00a0<\/span><\/b><\/h3>\n<p>Este sabonete s\u00f3lido foi concebido especificamente para cabelos castanhos a escuros:<span class=\"Apple-converted-space\">\u00a0<\/span><\/p>\n<ul>\n<li>Ele dar\u00e1 volume aos cabelos finos e lisos; ;<span class=\"Apple-converted-space\">\u00a0<\/span><\/li>\n<li>Este champ\u00f4 s\u00f3lido deixa o cabelo macio e brilhante; ;<span class=\"Apple-converted-space\">\u00a0<\/span><\/li>\n<li>Ele limpa o couro cabeludo; ;<span class=\"Apple-converted-space\">\u00a0<\/span><\/li>\n<li>\u00c9 um verdadeiro tratamento capilar que d\u00e1 vida aos cabelos sem brilho.<span class=\"Apple-converted-space\">\u00a0<\/span><\/li>\n<\/ul>\n<p>Tudo isso, aproveitando, \u00e9 claro, o delicioso aroma gourmet deste cosm\u00e9tico natural 100%!<span class=\"Apple-converted-space\">\u00a0<\/span><\/p>\n<h3><b>Como usar este champ\u00f4 natural s\u00f3lido?<span class=\"Apple-converted-space\">\u00a0<\/span><\/b><\/h3>\n<p>Nada mais simples! Basta ensaboar o champ\u00f4 nas m\u00e3os com \u00e1gua. Em seguida, use a espuma para limpar o cabelo, da raiz \u00e0s pontas. Por fim, enxague com \u00e1gua morna.<span class=\"Apple-converted-space\">\u00a0<\/span><\/p>\n<p>Para variar de vez em quando, tamb\u00e9m pode optar pelo delicioso <b><a href=\"https:\/\/www.deodorant-naturel.com\/produit\/shampoing-solide-noix-de-coco-nourrissant-cheveux-sec-abime-65g\/\">shampoo s\u00f3lido de coco<\/a> !<span class=\"Apple-converted-space\">\u00a0<\/span><\/b><\/p>\n<h3><b>Conserva\u00e7\u00e3o<span class=\"Apple-converted-space\">\u00a0<\/span><\/b><\/h3>\n<p>Certifique-se de deixar o seu champ\u00f4 natural zero res\u00edduos secar bem entre cada utiliza\u00e7\u00e3o.<\/p>","protected":false},"excerpt":{"rendered":"<p>D\u00e1 volume e brilho ao seu cabelo e purifica o couro cabeludo.<\/p>\n<p>\u26a0\ufe0f <strong>Efeitos apenas em cabelos castanhos<\/strong>\u00a0\u26a0\ufe0f<\/p>","protected":false},"featured_media":305,"template":"","meta":[],"product_brand":[],"product_cat":[34,36],"product_tag":[],"class_list":{"0":"post-270","1":"product","2":"type-product","3":"status-publish","4":"has-post-thumbnail","6":"product_cat-hygiene","7":"product_cat-shampoing-solide","9":"first","10":"outofstock","11":"shipping-taxable","12":"purchasable","13":"product-type-simple"},"yoast_head":"<!-- This site is optimized with the Yoast SEO plugin v26.6 - https:\/\/yoast.com\/wordpress\/plugins\/seo\/ -->\n<title>Shampoing solide au caf\u00e9 et beurre de cacao 65g (Volume &amp; Brillance) - Safinel<\/title>\n<meta name=\"robots\" content=\"index, follow, max-snippet:-1, max-image-preview:large, max-video-preview:-1\" \/>\n<link rel=\"canonical\" href=\"https:\/\/www.safinel.fr\/pt\/product-2\/champo-solido-com-cafe-e-manteiga-de-cacau-65-g-volume-brilho\/\" \/>\n<meta property=\"og:locale\" content=\"pt_PT\" \/>\n<meta property=\"og:type\" content=\"article\" \/>\n<meta property=\"og:title\" content=\"Shampoing solide au caf\u00e9 et beurre de cacao 65g (Volume &amp; Brillance) - Safinel\" \/>\n<meta property=\"og:description\" content=\"Donne du volume et de la brillance \u00e0 vos cheveux, et assainit le cuir chevelu.  \u26a0\ufe0f Effets uniquement sur les cheveux bruns\u00a0\u26a0\ufe0f\" \/>\n<meta property=\"og:url\" content=\"https:\/\/www.safinel.fr\/pt\/product-2\/champo-solido-com-cafe-e-manteiga-de-cacau-65-g-volume-brilho\/\" \/>\n<meta property=\"og:site_name\" content=\"Safinel\" \/>\n<meta property=\"article:modified_time\" content=\"2023-12-30T13:53:20+00:00\" \/>\n<meta property=\"og:image\" content=\"https:\/\/www.safinel.fr\/wp-content\/uploads\/2021\/07\/barre-de-shampooing-eclaircissante-au-ca_description-3pt.jpg\" \/>\n\t<meta property=\"og:image:width\" content=\"653\" \/>\n\t<meta property=\"og:image:height\" content=\"591\" \/>\n\t<meta property=\"og:image:type\" content=\"image\/jpeg\" \/>\n<meta name=\"twitter:card\" content=\"summary_large_image\" \/>\n<meta name=\"twitter:label1\" content=\"Tempo estimado de leitura\" \/>\n\t<meta name=\"twitter:data1\" content=\"2 minutos\" \/>\n<script type=\"application\/ld+json\" class=\"yoast-schema-graph\">{\"@context\":\"https:\/\/schema.org\",\"@graph\":[{\"@type\":\"WebPage\",\"@id\":\"https:\/\/www.safinel.fr\/produit\/shampoing-solide-au-cafe-et-beurre-de-cacao-65g-volume-brillance\/\",\"url\":\"https:\/\/www.safinel.fr\/produit\/shampoing-solide-au-cafe-et-beurre-de-cacao-65g-volume-brillance\/\",\"name\":\"Shampoing solide au caf\u00e9 et beurre de cacao 65g (Volume & Brillance) - Safinel\",\"isPartOf\":{\"@id\":\"https:\/\/www.safinel.fr\/#website\"},\"primaryImageOfPage\":{\"@id\":\"https:\/\/www.safinel.fr\/produit\/shampoing-solide-au-cafe-et-beurre-de-cacao-65g-volume-brillance\/#primaryimage\"},\"image\":{\"@id\":\"https:\/\/www.safinel.fr\/produit\/shampoing-solide-au-cafe-et-beurre-de-cacao-65g-volume-brillance\/#primaryimage\"},\"thumbnailUrl\":\"https:\/\/www.safinel.fr\/wp-content\/uploads\/2021\/07\/barre-de-shampooing-eclaircissante-au-ca_description-3pt.jpg\",\"datePublished\":\"2021-07-24T18:58:59+00:00\",\"dateModified\":\"2023-12-30T13:53:20+00:00\",\"breadcrumb\":{\"@id\":\"https:\/\/www.safinel.fr\/produit\/shampoing-solide-au-cafe-et-beurre-de-cacao-65g-volume-brillance\/#breadcrumb\"},\"inLanguage\":\"pt-PT\",\"potentialAction\":[{\"@type\":\"ReadAction\",\"target\":[\"https:\/\/www.safinel.fr\/produit\/shampoing-solide-au-cafe-et-beurre-de-cacao-65g-volume-brillance\/\"]}]},{\"@type\":\"ImageObject\",\"inLanguage\":\"pt-PT\",\"@id\":\"https:\/\/www.safinel.fr\/produit\/shampoing-solide-au-cafe-et-beurre-de-cacao-65g-volume-brillance\/#primaryimage\",\"url\":\"https:\/\/www.safinel.fr\/wp-content\/uploads\/2021\/07\/barre-de-shampooing-eclaircissante-au-ca_description-3pt.jpg\",\"contentUrl\":\"https:\/\/www.safinel.fr\/wp-content\/uploads\/2021\/07\/barre-de-shampooing-eclaircissante-au-ca_description-3pt.jpg\",\"width\":653,\"height\":591},{\"@type\":\"BreadcrumbList\",\"@id\":\"https:\/\/www.safinel.fr\/produit\/shampoing-solide-au-cafe-et-beurre-de-cacao-65g-volume-brillance\/#breadcrumb\",\"itemListElement\":[{\"@type\":\"ListItem\",\"position\":1,\"name\":\"Accueil\",\"item\":\"https:\/\/www.safinel.fr\/\"},{\"@type\":\"ListItem\",\"position\":2,\"name\":\"Boutique\",\"item\":\"https:\/\/www.safinel.fr\/boutique\/\"},{\"@type\":\"ListItem\",\"position\":3,\"name\":\"Shampoing solide au caf\u00e9 et beurre de cacao 65g (Volume &#038; Brillance)\"}]},{\"@type\":\"WebSite\",\"@id\":\"https:\/\/www.safinel.fr\/#website\",\"url\":\"https:\/\/www.safinel.fr\/\",\"name\":\"Safinel\",\"description\":\"\",\"publisher\":{\"@id\":\"https:\/\/www.safinel.fr\/#organization\"},\"potentialAction\":[{\"@type\":\"SearchAction\",\"target\":{\"@type\":\"EntryPoint\",\"urlTemplate\":\"https:\/\/www.safinel.fr\/?s={search_term_string}\"},\"query-input\":{\"@type\":\"PropertyValueSpecification\",\"valueRequired\":true,\"valueName\":\"search_term_string\"}}],\"inLanguage\":\"pt-PT\"},{\"@type\":\"Organization\",\"@id\":\"https:\/\/www.safinel.fr\/#organization\",\"name\":\"Safinel\",\"url\":\"https:\/\/www.safinel.fr\/\",\"logo\":{\"@type\":\"ImageObject\",\"inLanguage\":\"pt-PT\",\"@id\":\"https:\/\/www.safinel.fr\/#\/schema\/logo\/image\/\",\"url\":\"https:\/\/www.safinel.fr\/wp-content\/uploads\/2021\/05\/boutique-cosmetique.png\",\"contentUrl\":\"https:\/\/www.safinel.fr\/wp-content\/uploads\/2021\/05\/boutique-cosmetique.png\",\"width\":800,\"height\":200,\"caption\":\"Safinel\"},\"image\":{\"@id\":\"https:\/\/www.safinel.fr\/#\/schema\/logo\/image\/\"}}]}<\/script>\n<!-- \/ Yoast SEO plugin. -->","yoast_head_json":{"title":"Champ\u00f4 s\u00f3lido com caf\u00e9 e manteiga de cacau 65 g (Volume e Brilho) - Safinel","robots":{"index":"index","follow":"follow","max-snippet":"max-snippet:-1","max-image-preview":"max-image-preview:large","max-video-preview":"max-video-preview:-1"},"canonical":"https:\/\/www.safinel.fr\/pt\/product-2\/champo-solido-com-cafe-e-manteiga-de-cacau-65-g-volume-brilho\/","og_locale":"pt_PT","og_type":"article","og_title":"Shampoing solide au caf\u00e9 et beurre de cacao 65g (Volume & Brillance) - Safinel","og_description":"Donne du volume et de la brillance \u00e0 vos cheveux, et assainit le cuir chevelu.  \u26a0\ufe0f Effets uniquement sur les cheveux bruns\u00a0\u26a0\ufe0f","og_url":"https:\/\/www.safinel.fr\/pt\/product-2\/champo-solido-com-cafe-e-manteiga-de-cacau-65-g-volume-brilho\/","og_site_name":"Safinel","article_modified_time":"2023-12-30T13:53:20+00:00","og_image":[{"width":653,"height":591,"url":"https:\/\/www.safinel.fr\/wp-content\/uploads\/2021\/07\/barre-de-shampooing-eclaircissante-au-ca_description-3pt.jpg","type":"image\/jpeg"}],"twitter_card":"summary_large_image","twitter_misc":{"Tempo estimado de leitura":"2 minutos"},"schema":{"@context":"https:\/\/schema.org","@graph":[{"@type":"WebPage","@id":"https:\/\/www.safinel.fr\/produit\/shampoing-solide-au-cafe-et-beurre-de-cacao-65g-volume-brillance\/","url":"https:\/\/www.safinel.fr\/produit\/shampoing-solide-au-cafe-et-beurre-de-cacao-65g-volume-brillance\/","name":"Champ\u00f4 s\u00f3lido com caf\u00e9 e manteiga de cacau 65 g (Volume e Brilho) - Safinel","isPartOf":{"@id":"https:\/\/www.safinel.fr\/#website"},"primaryImageOfPage":{"@id":"https:\/\/www.safinel.fr\/produit\/shampoing-solide-au-cafe-et-beurre-de-cacao-65g-volume-brillance\/#primaryimage"},"image":{"@id":"https:\/\/www.safinel.fr\/produit\/shampoing-solide-au-cafe-et-beurre-de-cacao-65g-volume-brillance\/#primaryimage"},"thumbnailUrl":"https:\/\/www.safinel.fr\/wp-content\/uploads\/2021\/07\/barre-de-shampooing-eclaircissante-au-ca_description-3pt.jpg","datePublished":"2021-07-24T18:58:59+00:00","dateModified":"2023-12-30T13:53:20+00:00","breadcrumb":{"@id":"https:\/\/www.safinel.fr\/produit\/shampoing-solide-au-cafe-et-beurre-de-cacao-65g-volume-brillance\/#breadcrumb"},"inLanguage":"pt-PT","potentialAction":[{"@type":"ReadAction","target":["https:\/\/www.safinel.fr\/produit\/shampoing-solide-au-cafe-et-beurre-de-cacao-65g-volume-brillance\/"]}]},{"@type":"ImageObject","inLanguage":"pt-PT","@id":"https:\/\/www.safinel.fr\/produit\/shampoing-solide-au-cafe-et-beurre-de-cacao-65g-volume-brillance\/#primaryimage","url":"https:\/\/www.safinel.fr\/wp-content\/uploads\/2021\/07\/barre-de-shampooing-eclaircissante-au-ca_description-3pt.jpg","contentUrl":"https:\/\/www.safinel.fr\/wp-content\/uploads\/2021\/07\/barre-de-shampooing-eclaircissante-au-ca_description-3pt.jpg","width":653,"height":591},{"@type":"BreadcrumbList","@id":"https:\/\/www.safinel.fr\/produit\/shampoing-solide-au-cafe-et-beurre-de-cacao-65g-volume-brillance\/#breadcrumb","itemListElement":[{"@type":"ListItem","position":1,"name":"Accueil","item":"https:\/\/www.safinel.fr\/"},{"@type":"ListItem","position":2,"name":"Boutique","item":"https:\/\/www.safinel.fr\/boutique\/"},{"@type":"ListItem","position":3,"name":"Shampoing solide au caf\u00e9 et beurre de cacao 65g (Volume &#038; Brillance)"}]},{"@type":"WebSite","@id":"https:\/\/www.safinel.fr\/#website","url":"https:\/\/www.safinel.fr\/","name":"Safinel","description":"","publisher":{"@id":"https:\/\/www.safinel.fr\/#organization"},"potentialAction":[{"@type":"SearchAction","target":{"@type":"EntryPoint","urlTemplate":"https:\/\/www.safinel.fr\/?s={search_term_string}"},"query-input":{"@type":"PropertyValueSpecification","valueRequired":true,"valueName":"search_term_string"}}],"inLanguage":"pt-PT"},{"@type":"Organization","@id":"https:\/\/www.safinel.fr\/#organization","name":"Safinel","url":"https:\/\/www.safinel.fr\/","logo":{"@type":"ImageObject","inLanguage":"pt-PT","@id":"https:\/\/www.safinel.fr\/#\/schema\/logo\/image\/","url":"https:\/\/www.safinel.fr\/wp-content\/uploads\/2021\/05\/boutique-cosmetique.png","contentUrl":"https:\/\/www.safinel.fr\/wp-content\/uploads\/2021\/05\/boutique-cosmetique.png","width":800,"height":200,"caption":"Safinel"},"image":{"@id":"https:\/\/www.safinel.fr\/#\/schema\/logo\/image\/"}}]}},"_links":{"self":[{"href":"https:\/\/www.safinel.fr\/pt\/wp-json\/wp\/v2\/product\/270","targetHints":{"allow":["GET"]}}],"collection":[{"href":"https:\/\/www.safinel.fr\/pt\/wp-json\/wp\/v2\/product"}],"about":[{"href":"https:\/\/www.safinel.fr\/pt\/wp-json\/wp\/v2\/types\/product"}],"wp:featuredmedia":[{"embeddable":true,"href":"https:\/\/www.safinel.fr\/pt\/wp-json\/wp\/v2\/media\/305"}],"wp:attachment":[{"href":"https:\/\/www.safinel.fr\/pt\/wp-json\/wp\/v2\/media?parent=270"}],"wp:term":[{"taxonomy":"product_brand","embeddable":true,"href":"https:\/\/www.safinel.fr\/pt\/wp-json\/wp\/v2\/product_brand?post=270"},{"taxonomy":"product_cat","embeddable":true,"href":"https:\/\/www.safinel.fr\/pt\/wp-json\/wp\/v2\/product_cat?post=270"},{"taxonomy":"product_tag","embeddable":true,"href":"https:\/\/www.safinel.fr\/pt\/wp-json\/wp\/v2\/product_tag?post=270"}],"curies":[{"name":"wp","href":"https:\/\/api.w.org\/{rel}","templated":true}]}}