{"id":269,"date":"2021-07-24T18:58:59","date_gmt":"2021-07-24T18:58:59","guid":{"rendered":"https:\/\/www.safinel.fr\/?post_type=product&#038;p=269"},"modified":"2024-01-01T18:13:41","modified_gmt":"2024-01-01T18:13:41","slug":"champo-solido-nutritivo-com-oleo-de-argao-e-oleo-de-canhamo-65-g","status":"publish","type":"product","link":"https:\/\/www.safinel.fr\/pt\/product-2\/champo-solido-nutritivo-com-oleo-de-argao-e-oleo-de-canhamo-65-g\/","title":{"rendered":"Champ\u00f4 s\u00f3lido nutritivo com \u00f3leo de arg\u00e3o e \u00f3leo de c\u00e2nhamo 65 g"},"content":{"rendered":"<p>Esta pequena pedra \u00e9 um verdadeiro must have para o cuidado do seu cabelo. No entanto, muitos de voc\u00eas ainda n\u00e3o conhecem a sua exist\u00eancia! N\u00e3o se deixe enganar pelo seu tamanho reduzido, o <b>champ\u00f4 natural s\u00f3lido<\/b> tem muito mais vantagens do que imagina. Concentre-se no seu novo aliado de beleza, o <b>champ\u00f4 s\u00f3lido natural nutritivo com<\/b>\u2019<b>\u00f3leo de<\/b>\u2019<b>arg\u00e3o e a<\/b>\u2019<b>\u00f3leo de c\u00e2nhamo.<\/b><\/p>\n<h3><b>O champ\u00f4 natural nutritivo: o poder dos \u00f3leos hidratantes<\/b><\/h3>\n<p>Depois de optar pelo <b>shampoo s\u00f3lido<\/b>, imposs\u00edvel n\u00e3o se apegar! O champ\u00f4 s\u00f3lido nutritivo com \u00f3leo de arg\u00e3o e \u00f3leo de c\u00e2nhamo vai conquistar muitos. <b>L<\/b>\u2019<b>\u00f3leo de<\/b>\u2019<b>arg\u00e3o<\/b> vai nutrir profundamente o seu cabelo. Quanto ao <b>l<\/b>\u2019<b>\u00f3leo de c\u00e2nhamo, <\/b>\u00c9 conhecida por conferir flexibilidade e elasticidade \u00e0 fibra capilar. Uma combina\u00e7\u00e3o que proporcionar\u00e1 suavidade e brilho ao seu cabelo.<span class=\"Apple-converted-space\">\u00a0<\/span><\/p>\n<p>Este champ\u00f4 s\u00f3lido \u00e9 um verdadeiro produto milagroso!<span class=\"Apple-converted-space\">\u00a0<\/span><\/p>\n<p><b>Ingredientes:<\/b> <i>s\u00f3dio coco sulfato, manteiga de cacau org\u00e2nica natural, <\/i><a href=\"https:\/\/www.amlou.fr\/produit\/huile-dolive-bio\/\" target=\"_blank\" rel=\"noopener\"><b><i>azeite extra virgem<\/i><\/b><\/a><i>, \u00f3leo de<\/i>\u2019<i>arg\u00e3o biol\u00f3gico, \u00f3leo de sementes de c\u00e2nhamo biol\u00f3gico, mica<\/i><\/p>\n<h3><b>Quais s\u00e3o as vantagens do champ\u00f4 s\u00f3lido nutritivo com \u00f3leo de arg\u00e3o?<\/b><\/h3>\n<p>Um sabonete t\u00e3o pequeno, com tantas propriedades, \u00e9 poss\u00edvel? Sim, \u00e9 poss\u00edvel. <b>cosm\u00e9ticos capilares naturais nutritivos<\/b> vai deixar-te boquiaberto. Al\u00e9m de fortalecer o cabelo, este champ\u00f4 natural tem muitas vantagens:<span class=\"Apple-converted-space\">\u00a0<\/span><\/p>\n<ul>\n<li>\u00c9 muito <b>econ\u00f3mico<\/b> ! O champ\u00f4 s\u00f3lido pode equivaler, dependendo da marca, a tr\u00eas frascos de champ\u00f4 l\u00edquido; ;<\/li>\n<li><b>Ecol\u00f3gico<\/b> Sem desperd\u00edcio de \u00e1gua, sem embalagens e, portanto, sem res\u00edduos; ;<\/li>\n<li>\u00c9 <b>fabricado com produtos naturais<\/b> ;<\/li>\n<li>Gra\u00e7as ao seu tamanho e formato compacto, \u00e9 <b>facilmente transport\u00e1vel<\/b>. Acima de tudo, n\u00e3o h\u00e1 qualquer risco de ele escorrer.<\/li>\n<\/ul>\n<p><b>Como <\/b><b>Como usar o champ\u00f4 s\u00f3lido de \u00f3leo de arg\u00e3o e c\u00e2nhamo?<\/b><\/p>\n<p>N\u00e3o est\u00e1 habituado a este formato e n\u00e3o sabe como aplicar um champ\u00f4 s\u00f3lido? N\u00f3s explicamos-lhe tudo!<\/p>\n<p>Utiliza-se como um sabonete tradicional: basta ensaboar nas m\u00e3os e aplicar a espuma no cabelo. Enxague tudo e aprecie!<span class=\"Apple-converted-space\">\u00a0Descubra tamb\u00e9m o <a href=\"https:\/\/www.deodorant-naturel.com\/produit\/shampoing-solide-nourrissant-a-la-rose-75g\/\"><strong>champ\u00f4 s\u00f3lido com \u00e1gua de rosas<\/strong><\/a>.\u00a0<\/span><\/p>\n<h3><b>Precau\u00e7\u00f5es e conserva\u00e7\u00e3o<\/b><\/h3>\n<p>Ap\u00f3s cada utiliza\u00e7\u00e3o, deixe o sabonete secar e guarde-o numa pequena caixa.<\/p>\n<p>Em caso de contacto com os olhos, lave com \u00e1gua limpa.<\/p>","protected":false},"excerpt":{"rendered":"<p>Esta pequena pedra \u00e9 um verdadeiro must-have quando se trata de cuidar do seu cabelo. E, no entanto, muitos de v\u00f3s ainda n\u00e3o sabem da sua exist\u00eancia! N\u00e3o se deixe enganar pelo seu pequeno tamanho, o champ\u00f4 s\u00f3lido natural tem muito mais benef\u00edcios do que possa pensar. Concentre-se no seu novo aliado de beleza, o champ\u00f4 s\u00f3lido.","protected":false},"featured_media":304,"template":"","meta":[],"product_brand":[],"product_cat":[34,36],"product_tag":[],"class_list":{"0":"post-269","1":"product","2":"type-product","3":"status-publish","4":"has-post-thumbnail","6":"product_cat-hygiene","7":"product_cat-shampoing-solide","9":"first","10":"instock","11":"shipping-taxable","12":"purchasable","13":"product-type-simple"},"yoast_head":"<!-- This site is optimized with the Yoast SEO plugin v26.6 - https:\/\/yoast.com\/wordpress\/plugins\/seo\/ -->\n<title>Shampoing solide nourrissant \u00e0 l&#039;huile d&#039;argan et \u00e0 l&#039;huile de chanvre 65g - Safinel<\/title>\n<meta name=\"robots\" content=\"index, follow, max-snippet:-1, max-image-preview:large, max-video-preview:-1\" \/>\n<link rel=\"canonical\" href=\"https:\/\/www.safinel.fr\/pt\/product-2\/champo-solido-nutritivo-com-oleo-de-argao-e-oleo-de-canhamo-65-g\/\" \/>\n<meta property=\"og:locale\" content=\"pt_PT\" \/>\n<meta property=\"og:type\" content=\"article\" \/>\n<meta property=\"og:title\" content=\"Shampoing solide nourrissant \u00e0 l&#039;huile d&#039;argan et \u00e0 l&#039;huile de chanvre 65g - Safinel\" \/>\n<meta property=\"og:description\" content=\"Ce petit galet est un v\u00e9ritable must have pour le soin de vos cheveux. Et pourtant, nombreux d\u2019entre vous ne connaissent pas encore son existence !\u00a0Ne vous fiez pas \u00e0 sa petite taille, le shampoing naturel solide poss\u00e8de bien plus d\u2019avantages que vous ne le pensez.\u00a0Focus sur votre nouvel alli\u00e9 de beaut\u00e9, le shampoing solide [...]\" \/>\n<meta property=\"og:url\" content=\"https:\/\/www.safinel.fr\/pt\/product-2\/champo-solido-nutritivo-com-oleo-de-argao-e-oleo-de-canhamo-65-g\/\" \/>\n<meta property=\"og:site_name\" content=\"Safinel\" \/>\n<meta property=\"article:modified_time\" content=\"2024-01-01T18:13:41+00:00\" \/>\n<meta property=\"og:image\" content=\"https:\/\/www.safinel.fr\/wp-content\/uploads\/2021\/07\/barre-de-shampooing-eclaircissante-au-ca_description-3pt-600x591-copie.jpg\" \/>\n\t<meta property=\"og:image:width\" content=\"600\" \/>\n\t<meta property=\"og:image:height\" content=\"591\" \/>\n\t<meta property=\"og:image:type\" content=\"image\/jpeg\" \/>\n<meta name=\"twitter:card\" content=\"summary_large_image\" \/>\n<meta name=\"twitter:label1\" content=\"Tempo estimado de leitura\" \/>\n\t<meta name=\"twitter:data1\" content=\"2 minutos\" \/>\n<script type=\"application\/ld+json\" class=\"yoast-schema-graph\">{\"@context\":\"https:\/\/schema.org\",\"@graph\":[{\"@type\":\"WebPage\",\"@id\":\"https:\/\/www.safinel.fr\/produit\/shampoing-solide-nourrissant-a-lhuile-dargan-et-a-lhuile-de-chanvre-65g\/\",\"url\":\"https:\/\/www.safinel.fr\/produit\/shampoing-solide-nourrissant-a-lhuile-dargan-et-a-lhuile-de-chanvre-65g\/\",\"name\":\"Shampoing solide nourrissant \u00e0 l'huile d'argan et \u00e0 l'huile de chanvre 65g - Safinel\",\"isPartOf\":{\"@id\":\"https:\/\/www.safinel.fr\/#website\"},\"primaryImageOfPage\":{\"@id\":\"https:\/\/www.safinel.fr\/produit\/shampoing-solide-nourrissant-a-lhuile-dargan-et-a-lhuile-de-chanvre-65g\/#primaryimage\"},\"image\":{\"@id\":\"https:\/\/www.safinel.fr\/produit\/shampoing-solide-nourrissant-a-lhuile-dargan-et-a-lhuile-de-chanvre-65g\/#primaryimage\"},\"thumbnailUrl\":\"https:\/\/www.safinel.fr\/wp-content\/uploads\/2021\/07\/barre-de-shampooing-eclaircissante-au-ca_description-3pt-600x591-copie.jpg\",\"datePublished\":\"2021-07-24T18:58:59+00:00\",\"dateModified\":\"2024-01-01T18:13:41+00:00\",\"breadcrumb\":{\"@id\":\"https:\/\/www.safinel.fr\/produit\/shampoing-solide-nourrissant-a-lhuile-dargan-et-a-lhuile-de-chanvre-65g\/#breadcrumb\"},\"inLanguage\":\"pt-PT\",\"potentialAction\":[{\"@type\":\"ReadAction\",\"target\":[\"https:\/\/www.safinel.fr\/produit\/shampoing-solide-nourrissant-a-lhuile-dargan-et-a-lhuile-de-chanvre-65g\/\"]}]},{\"@type\":\"ImageObject\",\"inLanguage\":\"pt-PT\",\"@id\":\"https:\/\/www.safinel.fr\/produit\/shampoing-solide-nourrissant-a-lhuile-dargan-et-a-lhuile-de-chanvre-65g\/#primaryimage\",\"url\":\"https:\/\/www.safinel.fr\/wp-content\/uploads\/2021\/07\/barre-de-shampooing-eclaircissante-au-ca_description-3pt-600x591-copie.jpg\",\"contentUrl\":\"https:\/\/www.safinel.fr\/wp-content\/uploads\/2021\/07\/barre-de-shampooing-eclaircissante-au-ca_description-3pt-600x591-copie.jpg\",\"width\":600,\"height\":591},{\"@type\":\"BreadcrumbList\",\"@id\":\"https:\/\/www.safinel.fr\/produit\/shampoing-solide-nourrissant-a-lhuile-dargan-et-a-lhuile-de-chanvre-65g\/#breadcrumb\",\"itemListElement\":[{\"@type\":\"ListItem\",\"position\":1,\"name\":\"Accueil\",\"item\":\"https:\/\/www.safinel.fr\/\"},{\"@type\":\"ListItem\",\"position\":2,\"name\":\"Boutique\",\"item\":\"https:\/\/www.safinel.fr\/boutique\/\"},{\"@type\":\"ListItem\",\"position\":3,\"name\":\"Shampoing solide nourrissant \u00e0 l&#8217;huile d&#8217;argan et \u00e0 l&#8217;huile de chanvre 65g\"}]},{\"@type\":\"WebSite\",\"@id\":\"https:\/\/www.safinel.fr\/#website\",\"url\":\"https:\/\/www.safinel.fr\/\",\"name\":\"Safinel\",\"description\":\"\",\"publisher\":{\"@id\":\"https:\/\/www.safinel.fr\/#organization\"},\"potentialAction\":[{\"@type\":\"SearchAction\",\"target\":{\"@type\":\"EntryPoint\",\"urlTemplate\":\"https:\/\/www.safinel.fr\/?s={search_term_string}\"},\"query-input\":{\"@type\":\"PropertyValueSpecification\",\"valueRequired\":true,\"valueName\":\"search_term_string\"}}],\"inLanguage\":\"pt-PT\"},{\"@type\":\"Organization\",\"@id\":\"https:\/\/www.safinel.fr\/#organization\",\"name\":\"Safinel\",\"url\":\"https:\/\/www.safinel.fr\/\",\"logo\":{\"@type\":\"ImageObject\",\"inLanguage\":\"pt-PT\",\"@id\":\"https:\/\/www.safinel.fr\/#\/schema\/logo\/image\/\",\"url\":\"https:\/\/www.safinel.fr\/wp-content\/uploads\/2021\/05\/boutique-cosmetique.png\",\"contentUrl\":\"https:\/\/www.safinel.fr\/wp-content\/uploads\/2021\/05\/boutique-cosmetique.png\",\"width\":800,\"height\":200,\"caption\":\"Safinel\"},\"image\":{\"@id\":\"https:\/\/www.safinel.fr\/#\/schema\/logo\/image\/\"}}]}<\/script>\n<!-- \/ Yoast SEO plugin. -->","yoast_head_json":{"title":"Champ\u00f4 s\u00f3lido nutritivo com \u00f3leo de arg\u00e3o e \u00f3leo de c\u00e2nhamo 65 g - Safinel","robots":{"index":"index","follow":"follow","max-snippet":"max-snippet:-1","max-image-preview":"max-image-preview:large","max-video-preview":"max-video-preview:-1"},"canonical":"https:\/\/www.safinel.fr\/pt\/product-2\/champo-solido-nutritivo-com-oleo-de-argao-e-oleo-de-canhamo-65-g\/","og_locale":"pt_PT","og_type":"article","og_title":"Shampoing solide nourrissant \u00e0 l'huile d'argan et \u00e0 l'huile de chanvre 65g - Safinel","og_description":"Ce petit galet est un v\u00e9ritable must have pour le soin de vos cheveux. Et pourtant, nombreux d\u2019entre vous ne connaissent pas encore son existence !\u00a0Ne vous fiez pas \u00e0 sa petite taille, le shampoing naturel solide poss\u00e8de bien plus d\u2019avantages que vous ne le pensez.\u00a0Focus sur votre nouvel alli\u00e9 de beaut\u00e9, le shampoing solide [...]","og_url":"https:\/\/www.safinel.fr\/pt\/product-2\/champo-solido-nutritivo-com-oleo-de-argao-e-oleo-de-canhamo-65-g\/","og_site_name":"Safinel","article_modified_time":"2024-01-01T18:13:41+00:00","og_image":[{"width":600,"height":591,"url":"https:\/\/www.safinel.fr\/wp-content\/uploads\/2021\/07\/barre-de-shampooing-eclaircissante-au-ca_description-3pt-600x591-copie.jpg","type":"image\/jpeg"}],"twitter_card":"summary_large_image","twitter_misc":{"Tempo estimado de leitura":"2 minutos"},"schema":{"@context":"https:\/\/schema.org","@graph":[{"@type":"WebPage","@id":"https:\/\/www.safinel.fr\/produit\/shampoing-solide-nourrissant-a-lhuile-dargan-et-a-lhuile-de-chanvre-65g\/","url":"https:\/\/www.safinel.fr\/produit\/shampoing-solide-nourrissant-a-lhuile-dargan-et-a-lhuile-de-chanvre-65g\/","name":"Champ\u00f4 s\u00f3lido nutritivo com \u00f3leo de arg\u00e3o e \u00f3leo de c\u00e2nhamo 65 g - Safinel","isPartOf":{"@id":"https:\/\/www.safinel.fr\/#website"},"primaryImageOfPage":{"@id":"https:\/\/www.safinel.fr\/produit\/shampoing-solide-nourrissant-a-lhuile-dargan-et-a-lhuile-de-chanvre-65g\/#primaryimage"},"image":{"@id":"https:\/\/www.safinel.fr\/produit\/shampoing-solide-nourrissant-a-lhuile-dargan-et-a-lhuile-de-chanvre-65g\/#primaryimage"},"thumbnailUrl":"https:\/\/www.safinel.fr\/wp-content\/uploads\/2021\/07\/barre-de-shampooing-eclaircissante-au-ca_description-3pt-600x591-copie.jpg","datePublished":"2021-07-24T18:58:59+00:00","dateModified":"2024-01-01T18:13:41+00:00","breadcrumb":{"@id":"https:\/\/www.safinel.fr\/produit\/shampoing-solide-nourrissant-a-lhuile-dargan-et-a-lhuile-de-chanvre-65g\/#breadcrumb"},"inLanguage":"pt-PT","potentialAction":[{"@type":"ReadAction","target":["https:\/\/www.safinel.fr\/produit\/shampoing-solide-nourrissant-a-lhuile-dargan-et-a-lhuile-de-chanvre-65g\/"]}]},{"@type":"ImageObject","inLanguage":"pt-PT","@id":"https:\/\/www.safinel.fr\/produit\/shampoing-solide-nourrissant-a-lhuile-dargan-et-a-lhuile-de-chanvre-65g\/#primaryimage","url":"https:\/\/www.safinel.fr\/wp-content\/uploads\/2021\/07\/barre-de-shampooing-eclaircissante-au-ca_description-3pt-600x591-copie.jpg","contentUrl":"https:\/\/www.safinel.fr\/wp-content\/uploads\/2021\/07\/barre-de-shampooing-eclaircissante-au-ca_description-3pt-600x591-copie.jpg","width":600,"height":591},{"@type":"BreadcrumbList","@id":"https:\/\/www.safinel.fr\/produit\/shampoing-solide-nourrissant-a-lhuile-dargan-et-a-lhuile-de-chanvre-65g\/#breadcrumb","itemListElement":[{"@type":"ListItem","position":1,"name":"Accueil","item":"https:\/\/www.safinel.fr\/"},{"@type":"ListItem","position":2,"name":"Boutique","item":"https:\/\/www.safinel.fr\/boutique\/"},{"@type":"ListItem","position":3,"name":"Shampoing solide nourrissant \u00e0 l&#8217;huile d&#8217;argan et \u00e0 l&#8217;huile de chanvre 65g"}]},{"@type":"WebSite","@id":"https:\/\/www.safinel.fr\/#website","url":"https:\/\/www.safinel.fr\/","name":"Safinel","description":"","publisher":{"@id":"https:\/\/www.safinel.fr\/#organization"},"potentialAction":[{"@type":"SearchAction","target":{"@type":"EntryPoint","urlTemplate":"https:\/\/www.safinel.fr\/?s={search_term_string}"},"query-input":{"@type":"PropertyValueSpecification","valueRequired":true,"valueName":"search_term_string"}}],"inLanguage":"pt-PT"},{"@type":"Organization","@id":"https:\/\/www.safinel.fr\/#organization","name":"Safinel","url":"https:\/\/www.safinel.fr\/","logo":{"@type":"ImageObject","inLanguage":"pt-PT","@id":"https:\/\/www.safinel.fr\/#\/schema\/logo\/image\/","url":"https:\/\/www.safinel.fr\/wp-content\/uploads\/2021\/05\/boutique-cosmetique.png","contentUrl":"https:\/\/www.safinel.fr\/wp-content\/uploads\/2021\/05\/boutique-cosmetique.png","width":800,"height":200,"caption":"Safinel"},"image":{"@id":"https:\/\/www.safinel.fr\/#\/schema\/logo\/image\/"}}]}},"_links":{"self":[{"href":"https:\/\/www.safinel.fr\/pt\/wp-json\/wp\/v2\/product\/269","targetHints":{"allow":["GET"]}}],"collection":[{"href":"https:\/\/www.safinel.fr\/pt\/wp-json\/wp\/v2\/product"}],"about":[{"href":"https:\/\/www.safinel.fr\/pt\/wp-json\/wp\/v2\/types\/product"}],"wp:featuredmedia":[{"embeddable":true,"href":"https:\/\/www.safinel.fr\/pt\/wp-json\/wp\/v2\/media\/304"}],"wp:attachment":[{"href":"https:\/\/www.safinel.fr\/pt\/wp-json\/wp\/v2\/media?parent=269"}],"wp:term":[{"taxonomy":"product_brand","embeddable":true,"href":"https:\/\/www.safinel.fr\/pt\/wp-json\/wp\/v2\/product_brand?post=269"},{"taxonomy":"product_cat","embeddable":true,"href":"https:\/\/www.safinel.fr\/pt\/wp-json\/wp\/v2\/product_cat?post=269"},{"taxonomy":"product_tag","embeddable":true,"href":"https:\/\/www.safinel.fr\/pt\/wp-json\/wp\/v2\/product_tag?post=269"}],"curies":[{"name":"wp","href":"https:\/\/api.w.org\/{rel}","templated":true}]}}