{"id":2688,"date":"2022-09-11T10:29:45","date_gmt":"2022-09-11T10:29:45","guid":{"rendered":"https:\/\/www.safinel.fr\/?post_type=product&#038;p=2688"},"modified":"2024-03-19T09:57:03","modified_gmt":"2024-03-19T09:57:03","slug":"oleo-para-aumentar-os-seios","status":"publish","type":"product","link":"https:\/\/www.safinel.fr\/pt\/product-2\/oleo-para-aumentar-os-seios\/","title":{"rendered":"\u00d3leo para aumentar os seios 100 ml"},"content":{"rendered":"<p>Os seios representam um trunfo muito importante no qual muitas mulheres se baseiam para afirmar a sua feminilidade. A loja Safinel compreendeu isso e oferece uma mistura de \u00f3leos muito interessante que faz os seios crescerem. Aqui est\u00e3o os diferentes componentes deste \u00f3leo.<\/p>\n<h2><strong>Os diferentes \u00f3leos que comp\u00f5em o \u00f3leo para aumentar os seios<\/strong><\/h2>\n<p>O \u00f3leo forma pulposa 50 ml \u00e9 uma mistura de tr\u00eas \u00f3leos diferentes conhecidos por aumentar os seios. Trata-se do \u00f3leo de feno-grego, \u00f3leo de akpi e \u00f3leo de kigelia.<\/p>\n<h3><strong>\u00d3leo de feno-grego<\/strong><\/h3>\n<p>Extra\u00eddo das sementes do feno-grego, o \u00f3leo de feno-grego mant\u00e9m as propriedades desta planta natural. \u00c9 rico em fitoestrog\u00e9nios, uma hormona vegetal que lhe confere a propriedade de aumentar e firmar os seios. Al\u00e9m desta hormona, o \u00f3leo de feno-grego \u00e9 rico em prote\u00ednas e vitamina C.<\/p>\n<h3><strong>O \u00f3leo de akpi<\/strong><\/h3>\n<div>Trata-se do \u00f3leo extra\u00eddo das sementes de akpi. O akpi \u00e9 um ingrediente utilizado na culin\u00e1ria para engrossar molhos e dar um aroma agrad\u00e1vel devido ao seu forte perfume. \u00c9 muito utilizado em cosm\u00e9ticos para firmar os seios, gra\u00e7as \u00e0s suas in\u00fameras propriedades. \u00c9 um poderoso antioxidante que, misturado com <a href=\"https:\/\/www.safinel.fr\/pt\/product-2\/manteiga-vegetal-de-karite-crua-certificada-como-organica-100-ml\/\"><strong>manteiga de karit\u00e9<\/strong><\/a>, aumenta os seios, mas tamb\u00e9m torna a pele mais suave.<\/div>\n<h3><strong>\u00d3leo de kigelia<\/strong><\/h3>\n<div>Este \u00f3leo \u00e9 fabricado a partir da planta kigelia. Trata-se de uma \u00e1rvore cujos frutos s\u00e3o ricos em princ\u00edpios ativos que lhe conferem propriedades tonificantes para os seios. Entre outros princ\u00edpios ativos, este fruto cont\u00e9m flavonoides, fitoester\u00f3is, ester\u00f3ides e saponinas.<\/div>\n<h3><strong>Outros ingredientes do \u00f3leo para aumentar os seios<\/strong><\/h3>\n<p>Sendo uma mistura de \u00f3leos, Safinel, para manter todas as propriedades dos diferentes \u00f3leos da sua composi\u00e7\u00e3o, adiciona um conservante e uma vitamina. Trata-se do cosgard e da vitamina E. O cosgard \u00e9 um conservante muito utilizado em cosm\u00e9ticos. \u00c9 antif\u00fangico e antibacteriano e garante a conserva\u00e7\u00e3o das prepara\u00e7\u00f5es cosm\u00e9ticas, protegendo-as contra bact\u00e9rias ou o desenvolvimento de bolores. A vitamina E \u00e9 um antioxidante que impede a oxida\u00e7\u00e3o do \u00f3leo.<\/p>","protected":false},"excerpt":{"rendered":"<div class=\"product-short-description\">\n<p><strong>\u00d3leo para aumentar os seios e as ancas<\/strong><\/p>\n<p><strong>Ingredientes:<\/strong><\/p>\n<p>Manteiga de karit\u00e9 + \u00f3leo de akpi + \u00f3leo de kigelia + \u00f3leo de feno-grego<\/p>\n<\/div>","protected":false},"featured_media":2689,"template":"","meta":[],"product_brand":[],"product_cat":[122,23],"product_tag":[],"class_list":{"0":"post-2688","1":"product","2":"type-product","3":"status-publish","4":"has-post-thumbnail","6":"product_cat-huile-vegetale","7":"product_cat-hygiene-feminine","9":"first","10":"instock","11":"shipping-taxable","12":"purchasable","13":"product-type-simple"},"yoast_head":"<!-- This site is optimized with the Yoast SEO plugin v26.6 - https:\/\/yoast.com\/wordpress\/plugins\/seo\/ -->\n<title>Huile pour grossir des seins I Huile 100% naturelle<\/title>\n<meta name=\"description\" content=\"Les seins repr\u00e9sentent un atout tr\u00e8s important sur lequel les femmes se basent pour affirmer leur f\u00e9minit\u00e9. D\u00e9couvrez l&#039;huile pour grossir des seins.\" \/>\n<meta name=\"robots\" content=\"index, follow, max-snippet:-1, max-image-preview:large, max-video-preview:-1\" \/>\n<link rel=\"canonical\" href=\"https:\/\/www.safinel.fr\/pt\/product-2\/oleo-para-aumentar-os-seios\/\" \/>\n<meta property=\"og:locale\" content=\"pt_PT\" \/>\n<meta property=\"og:type\" content=\"article\" \/>\n<meta property=\"og:title\" content=\"Huile pour grossir des seins I Huile 100% naturelle\" \/>\n<meta property=\"og:description\" content=\"Les seins repr\u00e9sentent un atout tr\u00e8s important sur lequel les femmes se basent pour affirmer leur f\u00e9minit\u00e9. D\u00e9couvrez l&#039;huile pour grossir des seins.\" \/>\n<meta property=\"og:url\" content=\"https:\/\/www.safinel.fr\/pt\/product-2\/oleo-para-aumentar-os-seios\/\" \/>\n<meta property=\"og:site_name\" content=\"Safinel\" \/>\n<meta property=\"article:modified_time\" content=\"2024-03-19T09:57:03+00:00\" \/>\n<meta property=\"og:image\" content=\"https:\/\/www.safinel.fr\/wp-content\/uploads\/2022\/09\/huile-pour-grossir-des-seins.jpg\" \/>\n\t<meta property=\"og:image:width\" content=\"600\" \/>\n\t<meta property=\"og:image:height\" content=\"600\" \/>\n\t<meta property=\"og:image:type\" content=\"image\/jpeg\" \/>\n<meta name=\"twitter:card\" content=\"summary_large_image\" \/>\n<meta name=\"twitter:label1\" content=\"Tempo estimado de leitura\" \/>\n\t<meta name=\"twitter:data1\" content=\"2 minutos\" \/>\n<script type=\"application\/ld+json\" class=\"yoast-schema-graph\">{\"@context\":\"https:\/\/schema.org\",\"@graph\":[{\"@type\":\"WebPage\",\"@id\":\"https:\/\/www.safinel.fr\/produit\/huile-pour-grossir-des-seins\/\",\"url\":\"https:\/\/www.safinel.fr\/produit\/huile-pour-grossir-des-seins\/\",\"name\":\"Huile pour grossir des seins I Huile 100% naturelle\",\"isPartOf\":{\"@id\":\"https:\/\/www.safinel.fr\/#website\"},\"primaryImageOfPage\":{\"@id\":\"https:\/\/www.safinel.fr\/produit\/huile-pour-grossir-des-seins\/#primaryimage\"},\"image\":{\"@id\":\"https:\/\/www.safinel.fr\/produit\/huile-pour-grossir-des-seins\/#primaryimage\"},\"thumbnailUrl\":\"https:\/\/www.safinel.fr\/wp-content\/uploads\/2022\/09\/huile-pour-grossir-des-seins.jpg\",\"datePublished\":\"2022-09-11T10:29:45+00:00\",\"dateModified\":\"2024-03-19T09:57:03+00:00\",\"description\":\"Les seins repr\u00e9sentent un atout tr\u00e8s important sur lequel les femmes se basent pour affirmer leur f\u00e9minit\u00e9. D\u00e9couvrez l'huile pour grossir des seins.\",\"breadcrumb\":{\"@id\":\"https:\/\/www.safinel.fr\/produit\/huile-pour-grossir-des-seins\/#breadcrumb\"},\"inLanguage\":\"pt-PT\",\"potentialAction\":[{\"@type\":\"ReadAction\",\"target\":[\"https:\/\/www.safinel.fr\/produit\/huile-pour-grossir-des-seins\/\"]}]},{\"@type\":\"ImageObject\",\"inLanguage\":\"pt-PT\",\"@id\":\"https:\/\/www.safinel.fr\/produit\/huile-pour-grossir-des-seins\/#primaryimage\",\"url\":\"https:\/\/www.safinel.fr\/wp-content\/uploads\/2022\/09\/huile-pour-grossir-des-seins.jpg\",\"contentUrl\":\"https:\/\/www.safinel.fr\/wp-content\/uploads\/2022\/09\/huile-pour-grossir-des-seins.jpg\",\"width\":600,\"height\":600,\"caption\":\"Huile pour grossir des seins\"},{\"@type\":\"BreadcrumbList\",\"@id\":\"https:\/\/www.safinel.fr\/produit\/huile-pour-grossir-des-seins\/#breadcrumb\",\"itemListElement\":[{\"@type\":\"ListItem\",\"position\":1,\"name\":\"Accueil\",\"item\":\"https:\/\/www.safinel.fr\/\"},{\"@type\":\"ListItem\",\"position\":2,\"name\":\"Boutique\",\"item\":\"https:\/\/www.safinel.fr\/boutique\/\"},{\"@type\":\"ListItem\",\"position\":3,\"name\":\"Huile pour grossir des seins 100ml\"}]},{\"@type\":\"WebSite\",\"@id\":\"https:\/\/www.safinel.fr\/#website\",\"url\":\"https:\/\/www.safinel.fr\/\",\"name\":\"Safinel\",\"description\":\"\",\"publisher\":{\"@id\":\"https:\/\/www.safinel.fr\/#organization\"},\"potentialAction\":[{\"@type\":\"SearchAction\",\"target\":{\"@type\":\"EntryPoint\",\"urlTemplate\":\"https:\/\/www.safinel.fr\/?s={search_term_string}\"},\"query-input\":{\"@type\":\"PropertyValueSpecification\",\"valueRequired\":true,\"valueName\":\"search_term_string\"}}],\"inLanguage\":\"pt-PT\"},{\"@type\":\"Organization\",\"@id\":\"https:\/\/www.safinel.fr\/#organization\",\"name\":\"Safinel\",\"url\":\"https:\/\/www.safinel.fr\/\",\"logo\":{\"@type\":\"ImageObject\",\"inLanguage\":\"pt-PT\",\"@id\":\"https:\/\/www.safinel.fr\/#\/schema\/logo\/image\/\",\"url\":\"https:\/\/www.safinel.fr\/wp-content\/uploads\/2021\/05\/boutique-cosmetique.png\",\"contentUrl\":\"https:\/\/www.safinel.fr\/wp-content\/uploads\/2021\/05\/boutique-cosmetique.png\",\"width\":800,\"height\":200,\"caption\":\"Safinel\"},\"image\":{\"@id\":\"https:\/\/www.safinel.fr\/#\/schema\/logo\/image\/\"}}]}<\/script>\n<!-- \/ Yoast SEO plugin. -->","yoast_head_json":{"title":"\u00d3leo para aumentar os seios I \u00d3leo natural 100%","description":"Os seios representam um trunfo muito importante no qual as mulheres se baseiam para afirmar a sua feminilidade. Descubra o \u00f3leo para aumentar os seios.","robots":{"index":"index","follow":"follow","max-snippet":"max-snippet:-1","max-image-preview":"max-image-preview:large","max-video-preview":"max-video-preview:-1"},"canonical":"https:\/\/www.safinel.fr\/pt\/product-2\/oleo-para-aumentar-os-seios\/","og_locale":"pt_PT","og_type":"article","og_title":"Huile pour grossir des seins I Huile 100% naturelle","og_description":"Les seins repr\u00e9sentent un atout tr\u00e8s important sur lequel les femmes se basent pour affirmer leur f\u00e9minit\u00e9. D\u00e9couvrez l'huile pour grossir des seins.","og_url":"https:\/\/www.safinel.fr\/pt\/product-2\/oleo-para-aumentar-os-seios\/","og_site_name":"Safinel","article_modified_time":"2024-03-19T09:57:03+00:00","og_image":[{"width":600,"height":600,"url":"https:\/\/www.safinel.fr\/wp-content\/uploads\/2022\/09\/huile-pour-grossir-des-seins.jpg","type":"image\/jpeg"}],"twitter_card":"summary_large_image","twitter_misc":{"Tempo estimado de leitura":"2 minutos"},"schema":{"@context":"https:\/\/schema.org","@graph":[{"@type":"WebPage","@id":"https:\/\/www.safinel.fr\/produit\/huile-pour-grossir-des-seins\/","url":"https:\/\/www.safinel.fr\/produit\/huile-pour-grossir-des-seins\/","name":"\u00d3leo para aumentar os seios I \u00d3leo natural 100%","isPartOf":{"@id":"https:\/\/www.safinel.fr\/#website"},"primaryImageOfPage":{"@id":"https:\/\/www.safinel.fr\/produit\/huile-pour-grossir-des-seins\/#primaryimage"},"image":{"@id":"https:\/\/www.safinel.fr\/produit\/huile-pour-grossir-des-seins\/#primaryimage"},"thumbnailUrl":"https:\/\/www.safinel.fr\/wp-content\/uploads\/2022\/09\/huile-pour-grossir-des-seins.jpg","datePublished":"2022-09-11T10:29:45+00:00","dateModified":"2024-03-19T09:57:03+00:00","description":"Os seios representam um trunfo muito importante no qual as mulheres se baseiam para afirmar a sua feminilidade. Descubra o \u00f3leo para aumentar os seios.","breadcrumb":{"@id":"https:\/\/www.safinel.fr\/produit\/huile-pour-grossir-des-seins\/#breadcrumb"},"inLanguage":"pt-PT","potentialAction":[{"@type":"ReadAction","target":["https:\/\/www.safinel.fr\/produit\/huile-pour-grossir-des-seins\/"]}]},{"@type":"ImageObject","inLanguage":"pt-PT","@id":"https:\/\/www.safinel.fr\/produit\/huile-pour-grossir-des-seins\/#primaryimage","url":"https:\/\/www.safinel.fr\/wp-content\/uploads\/2022\/09\/huile-pour-grossir-des-seins.jpg","contentUrl":"https:\/\/www.safinel.fr\/wp-content\/uploads\/2022\/09\/huile-pour-grossir-des-seins.jpg","width":600,"height":600,"caption":"Huile pour grossir des seins"},{"@type":"BreadcrumbList","@id":"https:\/\/www.safinel.fr\/produit\/huile-pour-grossir-des-seins\/#breadcrumb","itemListElement":[{"@type":"ListItem","position":1,"name":"Accueil","item":"https:\/\/www.safinel.fr\/"},{"@type":"ListItem","position":2,"name":"Boutique","item":"https:\/\/www.safinel.fr\/boutique\/"},{"@type":"ListItem","position":3,"name":"Huile pour grossir des seins 100ml"}]},{"@type":"WebSite","@id":"https:\/\/www.safinel.fr\/#website","url":"https:\/\/www.safinel.fr\/","name":"Safinel","description":"","publisher":{"@id":"https:\/\/www.safinel.fr\/#organization"},"potentialAction":[{"@type":"SearchAction","target":{"@type":"EntryPoint","urlTemplate":"https:\/\/www.safinel.fr\/?s={search_term_string}"},"query-input":{"@type":"PropertyValueSpecification","valueRequired":true,"valueName":"search_term_string"}}],"inLanguage":"pt-PT"},{"@type":"Organization","@id":"https:\/\/www.safinel.fr\/#organization","name":"Safinel","url":"https:\/\/www.safinel.fr\/","logo":{"@type":"ImageObject","inLanguage":"pt-PT","@id":"https:\/\/www.safinel.fr\/#\/schema\/logo\/image\/","url":"https:\/\/www.safinel.fr\/wp-content\/uploads\/2021\/05\/boutique-cosmetique.png","contentUrl":"https:\/\/www.safinel.fr\/wp-content\/uploads\/2021\/05\/boutique-cosmetique.png","width":800,"height":200,"caption":"Safinel"},"image":{"@id":"https:\/\/www.safinel.fr\/#\/schema\/logo\/image\/"}}]}},"_links":{"self":[{"href":"https:\/\/www.safinel.fr\/pt\/wp-json\/wp\/v2\/product\/2688","targetHints":{"allow":["GET"]}}],"collection":[{"href":"https:\/\/www.safinel.fr\/pt\/wp-json\/wp\/v2\/product"}],"about":[{"href":"https:\/\/www.safinel.fr\/pt\/wp-json\/wp\/v2\/types\/product"}],"wp:featuredmedia":[{"embeddable":true,"href":"https:\/\/www.safinel.fr\/pt\/wp-json\/wp\/v2\/media\/2689"}],"wp:attachment":[{"href":"https:\/\/www.safinel.fr\/pt\/wp-json\/wp\/v2\/media?parent=2688"}],"wp:term":[{"taxonomy":"product_brand","embeddable":true,"href":"https:\/\/www.safinel.fr\/pt\/wp-json\/wp\/v2\/product_brand?post=2688"},{"taxonomy":"product_cat","embeddable":true,"href":"https:\/\/www.safinel.fr\/pt\/wp-json\/wp\/v2\/product_cat?post=2688"},{"taxonomy":"product_tag","embeddable":true,"href":"https:\/\/www.safinel.fr\/pt\/wp-json\/wp\/v2\/product_tag?post=2688"}],"curies":[{"name":"wp","href":"https:\/\/api.w.org\/{rel}","templated":true}]}}