{"id":2686,"date":"2022-09-11T10:24:20","date_gmt":"2022-09-11T10:24:20","guid":{"rendered":"https:\/\/www.safinel.fr\/?post_type=product&#038;p=2686"},"modified":"2023-12-28T17:15:36","modified_gmt":"2023-12-28T17:15:36","slug":"po-de-beterraba-crua","status":"publish","type":"product","link":"https:\/\/www.safinel.fr\/pt\/product-2\/po-de-beterraba-crua\/","title":{"rendered":"P\u00f3 de beterraba crua 100 g"},"content":{"rendered":"<p>A beterraba \u00e9 um vegetal com m\u00faltiplos benef\u00edcios. Pode ser utilizada de v\u00e1rias formas e, acima de tudo, conservada por muito tempo. Dispon\u00edvel em p\u00f3, pode ser utilizada na culin\u00e1ria ou em cosm\u00e9ticos, devido \u00e0s suas in\u00fameras propriedades. Descubra este p\u00f3 de beterraba crua.<\/p>\n<h2><strong>Quais s\u00e3o os benef\u00edcios do p\u00f3 de beterraba crua?<\/strong><\/h2>\n<p>O p\u00f3 de beterraba crua \u00e9 um produto delicioso e doce. Pode us\u00e1-lo em todas as receitas (doces ou salgadas), pois adapta-se facilmente. Com propriedades antioxidantes, contribui plenamente para a sua boa sa\u00fade.<\/p>\n<p>O p\u00f3 de beterraba crua \u00e9 um superalimento biol\u00f3gico. Como tal, proporciona enormes benef\u00edcios para o organismo.<\/p>\n<p>Al\u00e9m disso, em vez de usar a\u00e7\u00facar, pode usar p\u00f3 de beterraba crua nas suas receitas culin\u00e1rias. Isso ir\u00e1 proporcionar-lhe uma sa\u00fade melhor. Ele dar\u00e1 cor \u00e0s suas receitas. <a href=\"https:\/\/www.safinel.fr\/pt\/prato-africano\/\"><strong>receitas<\/strong><\/a> e a sua vida ser\u00e1 plena. O p\u00f3 de beterraba \u00e9 um excelente ingrediente com muitos benef\u00edcios para a sa\u00fade.<\/p>\n<h3><strong>Como utiliz\u00e1-lo?<\/strong><\/h3>\n<p>Para usar o p\u00f3 de beterraba crua, \u00e9 necess\u00e1rio seguir alguns passos. Para 300 ml de l\u00edquido, deve usar 2 colheres de ch\u00e1 de p\u00f3 de beterraba crua. Pode us\u00e1-lo em diferentes bebidas: leite quente, chocolate quente, batido ou smoothie. Ele dar\u00e1 mais sabor e cor \u00e0s suas prepara\u00e7\u00f5es.<\/p>\n<p>Com a sua do\u00e7ura, ela tornar\u00e1 todas as suas sobremesas deliciosas. Basta adicionar diretamente \u00e0s suas prepara\u00e7\u00f5es 2 colheres de ch\u00e1 para real\u00e7\u00e1-las. Seja em pastelaria, viennoiseries ou mousses, ela contribui para uma redu\u00e7\u00e3o no consumo de a\u00e7\u00facar. No entanto, \u00e9 aconselh\u00e1vel reidratar o p\u00f3 antes de usar.<\/p>\n<p>Para as suas saladas e todos os pratos com ovos, pode polvilhar diretamente com o p\u00f3 de beterraba.<\/p>\n<p>Pronto! Agora j\u00e1 sabe tudo sobre o p\u00f3 de beterraba crua. Melhore as suas refei\u00e7\u00f5es e mantenha-se saud\u00e1vel!<\/p>","protected":false},"excerpt":{"rendered":"<p>La betterave est un l\u00e9gume aux bienfaits multiples. Vous pouvez l&rsquo;utiliser sous plusieurs formes et surtout, la conserver durablement. Existant en poudre, elle peut servir en cuisine ou en cosm\u00e9tique, du fait de ses nombreuses propri\u00e9t\u00e9s. D\u00e9couvrez cette poudre de betteraves crues. Quels sont les bienfaits de la poudre de betteraves crues ? La poudre [&#8230;]","protected":false},"featured_media":2687,"template":"","meta":[],"product_brand":[],"product_cat":[44,150],"product_tag":[],"class_list":{"0":"post-2686","1":"product","2":"type-product","3":"status-publish","4":"has-post-thumbnail","6":"product_cat-epices","7":"product_cat-legume-africain","9":"first","10":"instock","11":"shipping-taxable","12":"purchasable","13":"product-type-simple"},"yoast_head":"<!-- This site is optimized with the Yoast SEO plugin v26.6 - https:\/\/yoast.com\/wordpress\/plugins\/seo\/ -->\n<title>Poudre de betteraves I Bienfaits nombreux I Achat rapide<\/title>\n<meta name=\"description\" content=\"La betterave est un l\u00e9gume aux bienfaits multiples. Vous pouvez l&#039;utiliser sous plusieurs formes. Ici, d\u00e9couvrez la poudre de betteraves crues.\" \/>\n<meta name=\"robots\" content=\"index, follow, max-snippet:-1, max-image-preview:large, max-video-preview:-1\" \/>\n<link rel=\"canonical\" href=\"https:\/\/www.safinel.fr\/pt\/product-2\/po-de-beterraba-crua\/\" \/>\n<meta property=\"og:locale\" content=\"pt_PT\" \/>\n<meta property=\"og:type\" content=\"article\" \/>\n<meta property=\"og:title\" content=\"Poudre de betteraves I Bienfaits nombreux I Achat rapide\" \/>\n<meta property=\"og:description\" content=\"La betterave est un l\u00e9gume aux bienfaits multiples. Vous pouvez l&#039;utiliser sous plusieurs formes. Ici, d\u00e9couvrez la poudre de betteraves crues.\" \/>\n<meta property=\"og:url\" content=\"https:\/\/www.safinel.fr\/pt\/product-2\/po-de-beterraba-crua\/\" \/>\n<meta property=\"og:site_name\" content=\"Safinel\" \/>\n<meta property=\"article:modified_time\" content=\"2023-12-28T17:15:36+00:00\" \/>\n<meta property=\"og:image\" content=\"https:\/\/www.safinel.fr\/wp-content\/uploads\/2022\/09\/Poudre-De-Betteraves-Crues-.jpg\" \/>\n\t<meta property=\"og:image:width\" content=\"600\" \/>\n\t<meta property=\"og:image:height\" content=\"600\" \/>\n\t<meta property=\"og:image:type\" content=\"image\/jpeg\" \/>\n<meta name=\"twitter:card\" content=\"summary_large_image\" \/>\n<meta name=\"twitter:label1\" content=\"Tempo estimado de leitura\" \/>\n\t<meta name=\"twitter:data1\" content=\"2 minutos\" \/>\n<script type=\"application\/ld+json\" class=\"yoast-schema-graph\">{\"@context\":\"https:\/\/schema.org\",\"@graph\":[{\"@type\":\"WebPage\",\"@id\":\"https:\/\/www.safinel.fr\/produit\/poudre-de-betteraves-crues\/\",\"url\":\"https:\/\/www.safinel.fr\/produit\/poudre-de-betteraves-crues\/\",\"name\":\"Poudre de betteraves I Bienfaits nombreux I Achat rapide\",\"isPartOf\":{\"@id\":\"https:\/\/www.safinel.fr\/#website\"},\"primaryImageOfPage\":{\"@id\":\"https:\/\/www.safinel.fr\/produit\/poudre-de-betteraves-crues\/#primaryimage\"},\"image\":{\"@id\":\"https:\/\/www.safinel.fr\/produit\/poudre-de-betteraves-crues\/#primaryimage\"},\"thumbnailUrl\":\"https:\/\/www.safinel.fr\/wp-content\/uploads\/2022\/09\/Poudre-De-Betteraves-Crues-.jpg\",\"datePublished\":\"2022-09-11T10:24:20+00:00\",\"dateModified\":\"2023-12-28T17:15:36+00:00\",\"description\":\"La betterave est un l\u00e9gume aux bienfaits multiples. Vous pouvez l'utiliser sous plusieurs formes. Ici, d\u00e9couvrez la poudre de betteraves crues.\",\"breadcrumb\":{\"@id\":\"https:\/\/www.safinel.fr\/produit\/poudre-de-betteraves-crues\/#breadcrumb\"},\"inLanguage\":\"pt-PT\",\"potentialAction\":[{\"@type\":\"ReadAction\",\"target\":[\"https:\/\/www.safinel.fr\/produit\/poudre-de-betteraves-crues\/\"]}]},{\"@type\":\"ImageObject\",\"inLanguage\":\"pt-PT\",\"@id\":\"https:\/\/www.safinel.fr\/produit\/poudre-de-betteraves-crues\/#primaryimage\",\"url\":\"https:\/\/www.safinel.fr\/wp-content\/uploads\/2022\/09\/Poudre-De-Betteraves-Crues-.jpg\",\"contentUrl\":\"https:\/\/www.safinel.fr\/wp-content\/uploads\/2022\/09\/Poudre-De-Betteraves-Crues-.jpg\",\"width\":600,\"height\":600,\"caption\":\"Poudre de betteraves crues 100g\"},{\"@type\":\"BreadcrumbList\",\"@id\":\"https:\/\/www.safinel.fr\/produit\/poudre-de-betteraves-crues\/#breadcrumb\",\"itemListElement\":[{\"@type\":\"ListItem\",\"position\":1,\"name\":\"Accueil\",\"item\":\"https:\/\/www.safinel.fr\/\"},{\"@type\":\"ListItem\",\"position\":2,\"name\":\"Boutique\",\"item\":\"https:\/\/www.safinel.fr\/boutique\/\"},{\"@type\":\"ListItem\",\"position\":3,\"name\":\"Poudre de betteraves crues 100g\"}]},{\"@type\":\"WebSite\",\"@id\":\"https:\/\/www.safinel.fr\/#website\",\"url\":\"https:\/\/www.safinel.fr\/\",\"name\":\"Safinel\",\"description\":\"\",\"publisher\":{\"@id\":\"https:\/\/www.safinel.fr\/#organization\"},\"potentialAction\":[{\"@type\":\"SearchAction\",\"target\":{\"@type\":\"EntryPoint\",\"urlTemplate\":\"https:\/\/www.safinel.fr\/?s={search_term_string}\"},\"query-input\":{\"@type\":\"PropertyValueSpecification\",\"valueRequired\":true,\"valueName\":\"search_term_string\"}}],\"inLanguage\":\"pt-PT\"},{\"@type\":\"Organization\",\"@id\":\"https:\/\/www.safinel.fr\/#organization\",\"name\":\"Safinel\",\"url\":\"https:\/\/www.safinel.fr\/\",\"logo\":{\"@type\":\"ImageObject\",\"inLanguage\":\"pt-PT\",\"@id\":\"https:\/\/www.safinel.fr\/#\/schema\/logo\/image\/\",\"url\":\"https:\/\/www.safinel.fr\/wp-content\/uploads\/2021\/05\/boutique-cosmetique.png\",\"contentUrl\":\"https:\/\/www.safinel.fr\/wp-content\/uploads\/2021\/05\/boutique-cosmetique.png\",\"width\":800,\"height\":200,\"caption\":\"Safinel\"},\"image\":{\"@id\":\"https:\/\/www.safinel.fr\/#\/schema\/logo\/image\/\"}}]}<\/script>\n<!-- \/ Yoast SEO plugin. -->","yoast_head_json":{"title":"P\u00f3 de beterraba I In\u00fameros benef\u00edcios I Compra r\u00e1pida","description":"A beterraba \u00e9 um vegetal com m\u00faltiplos benef\u00edcios. Pode utiliz\u00e1-la de v\u00e1rias formas. Aqui, descubra o p\u00f3 de beterraba crua.","robots":{"index":"index","follow":"follow","max-snippet":"max-snippet:-1","max-image-preview":"max-image-preview:large","max-video-preview":"max-video-preview:-1"},"canonical":"https:\/\/www.safinel.fr\/pt\/product-2\/po-de-beterraba-crua\/","og_locale":"pt_PT","og_type":"article","og_title":"Poudre de betteraves I Bienfaits nombreux I Achat rapide","og_description":"La betterave est un l\u00e9gume aux bienfaits multiples. Vous pouvez l'utiliser sous plusieurs formes. Ici, d\u00e9couvrez la poudre de betteraves crues.","og_url":"https:\/\/www.safinel.fr\/pt\/product-2\/po-de-beterraba-crua\/","og_site_name":"Safinel","article_modified_time":"2023-12-28T17:15:36+00:00","og_image":[{"width":600,"height":600,"url":"https:\/\/www.safinel.fr\/wp-content\/uploads\/2022\/09\/Poudre-De-Betteraves-Crues-.jpg","type":"image\/jpeg"}],"twitter_card":"summary_large_image","twitter_misc":{"Tempo estimado de leitura":"2 minutos"},"schema":{"@context":"https:\/\/schema.org","@graph":[{"@type":"WebPage","@id":"https:\/\/www.safinel.fr\/produit\/poudre-de-betteraves-crues\/","url":"https:\/\/www.safinel.fr\/produit\/poudre-de-betteraves-crues\/","name":"P\u00f3 de beterraba I In\u00fameros benef\u00edcios I Compra r\u00e1pida","isPartOf":{"@id":"https:\/\/www.safinel.fr\/#website"},"primaryImageOfPage":{"@id":"https:\/\/www.safinel.fr\/produit\/poudre-de-betteraves-crues\/#primaryimage"},"image":{"@id":"https:\/\/www.safinel.fr\/produit\/poudre-de-betteraves-crues\/#primaryimage"},"thumbnailUrl":"https:\/\/www.safinel.fr\/wp-content\/uploads\/2022\/09\/Poudre-De-Betteraves-Crues-.jpg","datePublished":"2022-09-11T10:24:20+00:00","dateModified":"2023-12-28T17:15:36+00:00","description":"A beterraba \u00e9 um vegetal com m\u00faltiplos benef\u00edcios. Pode utiliz\u00e1-la de v\u00e1rias formas. Aqui, descubra o p\u00f3 de beterraba crua.","breadcrumb":{"@id":"https:\/\/www.safinel.fr\/produit\/poudre-de-betteraves-crues\/#breadcrumb"},"inLanguage":"pt-PT","potentialAction":[{"@type":"ReadAction","target":["https:\/\/www.safinel.fr\/produit\/poudre-de-betteraves-crues\/"]}]},{"@type":"ImageObject","inLanguage":"pt-PT","@id":"https:\/\/www.safinel.fr\/produit\/poudre-de-betteraves-crues\/#primaryimage","url":"https:\/\/www.safinel.fr\/wp-content\/uploads\/2022\/09\/Poudre-De-Betteraves-Crues-.jpg","contentUrl":"https:\/\/www.safinel.fr\/wp-content\/uploads\/2022\/09\/Poudre-De-Betteraves-Crues-.jpg","width":600,"height":600,"caption":"Poudre de betteraves crues 100g"},{"@type":"BreadcrumbList","@id":"https:\/\/www.safinel.fr\/produit\/poudre-de-betteraves-crues\/#breadcrumb","itemListElement":[{"@type":"ListItem","position":1,"name":"Accueil","item":"https:\/\/www.safinel.fr\/"},{"@type":"ListItem","position":2,"name":"Boutique","item":"https:\/\/www.safinel.fr\/boutique\/"},{"@type":"ListItem","position":3,"name":"Poudre de betteraves crues 100g"}]},{"@type":"WebSite","@id":"https:\/\/www.safinel.fr\/#website","url":"https:\/\/www.safinel.fr\/","name":"Safinel","description":"","publisher":{"@id":"https:\/\/www.safinel.fr\/#organization"},"potentialAction":[{"@type":"SearchAction","target":{"@type":"EntryPoint","urlTemplate":"https:\/\/www.safinel.fr\/?s={search_term_string}"},"query-input":{"@type":"PropertyValueSpecification","valueRequired":true,"valueName":"search_term_string"}}],"inLanguage":"pt-PT"},{"@type":"Organization","@id":"https:\/\/www.safinel.fr\/#organization","name":"Safinel","url":"https:\/\/www.safinel.fr\/","logo":{"@type":"ImageObject","inLanguage":"pt-PT","@id":"https:\/\/www.safinel.fr\/#\/schema\/logo\/image\/","url":"https:\/\/www.safinel.fr\/wp-content\/uploads\/2021\/05\/boutique-cosmetique.png","contentUrl":"https:\/\/www.safinel.fr\/wp-content\/uploads\/2021\/05\/boutique-cosmetique.png","width":800,"height":200,"caption":"Safinel"},"image":{"@id":"https:\/\/www.safinel.fr\/#\/schema\/logo\/image\/"}}]}},"_links":{"self":[{"href":"https:\/\/www.safinel.fr\/pt\/wp-json\/wp\/v2\/product\/2686","targetHints":{"allow":["GET"]}}],"collection":[{"href":"https:\/\/www.safinel.fr\/pt\/wp-json\/wp\/v2\/product"}],"about":[{"href":"https:\/\/www.safinel.fr\/pt\/wp-json\/wp\/v2\/types\/product"}],"wp:featuredmedia":[{"embeddable":true,"href":"https:\/\/www.safinel.fr\/pt\/wp-json\/wp\/v2\/media\/2687"}],"wp:attachment":[{"href":"https:\/\/www.safinel.fr\/pt\/wp-json\/wp\/v2\/media?parent=2686"}],"wp:term":[{"taxonomy":"product_brand","embeddable":true,"href":"https:\/\/www.safinel.fr\/pt\/wp-json\/wp\/v2\/product_brand?post=2686"},{"taxonomy":"product_cat","embeddable":true,"href":"https:\/\/www.safinel.fr\/pt\/wp-json\/wp\/v2\/product_cat?post=2686"},{"taxonomy":"product_tag","embeddable":true,"href":"https:\/\/www.safinel.fr\/pt\/wp-json\/wp\/v2\/product_tag?post=2686"}],"curies":[{"name":"wp","href":"https:\/\/api.w.org\/{rel}","templated":true}]}}