{"id":268,"date":"2021-07-24T18:58:59","date_gmt":"2021-07-24T18:58:59","guid":{"rendered":"https:\/\/www.safinel.fr\/?post_type=product&#038;p=268"},"modified":"2023-12-30T13:54:04","modified_gmt":"2023-12-30T13:54:04","slug":"champo-solido-anti-inflamatorio-com-agua-de-rosas-para-cabelos-cacheados-e-longos-75-g","status":"publish","type":"product","link":"https:\/\/www.safinel.fr\/pt\/product-2\/champo-solido-anti-inflamatorio-com-agua-de-rosas-para-cabelos-cacheados-e-longos-75-g\/","title":{"rendered":"Champ\u00f4 s\u00f3lido anti-inflamat\u00f3rio com \u00e1gua de rosas (cabelos encaracolados e compridos) 75 g"},"content":{"rendered":"<p>Os cabelos longos e encaracolados, embora lindos, t\u00eam as suas desvantagens em termos de manuten\u00e7\u00e3o. Mas na D\u00e9odorant Naturel, pensamos em todos. A sua loja natural online selecionou cuidadosamente toda uma gama de produtos para cuidar dos seus cabelos. <b>gama de champ\u00f4s s\u00f3lidos.<span class=\"Apple-converted-space\">\u00a0<\/span><\/b>O <b>champ\u00f4 s\u00f3lido anti-inflamat\u00f3rio com \u00e1gua de rosas <\/b>\u00e9 especificamente adequado para cabelos longos e encaracolados!<span class=\"Apple-converted-space\">\u00a0<\/span><\/p>\n<h2><b>O champ\u00f4 s\u00f3lido anti-inflamat\u00f3rio, para cabelos saud\u00e1veis<span class=\"Apple-converted-space\">\u00a0<\/span><\/b><\/h2>\n<p>Este <b>sabonete s\u00f3lido<\/b> \u00e9 uma pedra redonda. A sua composi\u00e7\u00e3o cuidadosamente concebida \u00e9 um verdadeiro tesouro para couros cabeludos irritados. Um dos seus principais ingredientes \u00e9 a delicada \u00e1gua de rosas. Este hidrolato \u00e9 conhecido pelas suas <b>propriedades para acalmar vermelhid\u00f5es e irrita\u00e7\u00f5es<\/b>. Ele tamb\u00e9m tem<b> benef\u00edcios anti-inflamat\u00f3rios<\/b> e <b>estimula a circula\u00e7\u00e3o do couro cabeludo<\/b>. O que tende a melhorar o crescimento do cabelo!<span class=\"Apple-converted-space\">\u00a0<\/span><\/p>\n<p>Al\u00e9m disso, voc\u00ea aproveitar\u00e1 uma<b> a\u00e7\u00e3o anti-frizz<\/b> que vai agradar aos nossos cabelos cacheados. Este champ\u00f4 s\u00f3lido \u00e9 um <b>anticaspa<\/b> que limpa suavemente o couro cabeludo. Gra\u00e7as \u00e0 manteiga de karit\u00e9, o seu cabelo ficar\u00e1<b> hidrata e nutre em profundidade.<span class=\"Apple-converted-space\">\u00a0<\/span><\/b><\/p>\n<p>Recupere cachos definidos e cabelos saud\u00e1veis com este <b>champ\u00f4 sem desperd\u00edcio!<span class=\"Apple-converted-space\">\u00a0<\/span><\/b><\/p>\n<p><b>Ingredientes:<\/b> <i><a href=\"https:\/\/www.aroma-zone.com\/info\/fiche-technique\/emulsifiant-btms-aroma-zone\" target=\"_blank\" rel=\"noopener\"><strong>Metossulfato (BTMS),<\/strong><\/a> \u00e1lcool cetear\u00edlico, manteiga de karit\u00e9 org\u00e2nica natural, \u00f3leo de jojoba org\u00e2nico, \u00f3leo de nozes org\u00e2nico, \u00f3leo de<\/i>\u2019<i>azeitona, <a href=\"https:\/\/www.encens-store.fr\/produit\/huile-essentielle-maison-rose-musk\/\" target=\"_blank\" rel=\"noopener\"><strong>\u00f3leo essencial de rosa<\/strong><\/a><\/i><\/p>\n<h3><b>As nossas recomenda\u00e7\u00f5es de utiliza\u00e7\u00e3o<span class=\"Apple-converted-space\">\u00a0<\/span><\/b><\/h3>\n<p>Aqui est\u00e3o algumas dicas para usar este champ\u00f4 s\u00f3lido natural com rosa:<span class=\"Apple-converted-space\">\u00a0<\/span><\/p>\n<ol>\n<li>Molhar o sabonete; ;<span class=\"Apple-converted-space\">\u00a0<\/span><\/li>\n<li>Espumar entre as m\u00e3os e recolher a espuma; ;<span class=\"Apple-converted-space\">\u00a0<\/span><\/li>\n<li>Comece pelas ra\u00edzes, massageando o couro cabeludo, e termine nas ra\u00edzes; ;<span class=\"Apple-converted-space\">\u00a0<\/span><\/li>\n<li>Enxague abundantemente com \u00e1gua limpa; ;<span class=\"Apple-converted-space\">\u00a0<\/span><\/li>\n<\/ol>\n<p>Para uma hidrata\u00e7\u00e3o intensa do seu cabelo, pode come\u00e7ar por um tratamento capilar! Aplique <a href=\"https:\/\/www.deodorant-naturel.com\/produit\/beurre-vegetale-de-karite-brut-certifiee-bio-100ml\/\"><b>manteiga de karit\u00e9<\/b><\/a> em todo o cabelo, insistindo nas pontas. Deixe o tratamento atuar durante algumas horas. Por fim, use o seu champ\u00f4 s\u00f3lido natural!<span class=\"Apple-converted-space\">\u00a0<\/span><\/p>\n<h3><b>Conserva\u00e7\u00e3o<span class=\"Apple-converted-space\">\u00a0champ\u00f4 s\u00f3lido de \u00e1gua de rosas<\/span><\/b><\/h3>\n<p>Deixe o seu champ\u00f4 s\u00f3lido repousar numa saboneteira, certificando-se de que a \u00e1gua n\u00e3o fica estagnada.<span class=\"Apple-converted-space\">\u00a0<\/span><\/p>","protected":false},"excerpt":{"rendered":"<p>Les cheveux longs et boucl\u00e9s, bien que magnifiques, ont leur lot d\u2019inconv\u00e9nients en terme d\u2019entretien. Mais chez D\u00e9odorant Naturel, on pense \u00e0 tout le monde. Votre boutique naturelle en ligne a donc soigneusement s\u00e9lectionn\u00e9 toute une gamme de shampoings solides.\u00a0Le shampoing solide anti-inflammatoire \u00e0 l\u2019eau de rose est sp\u00e9cifiquement adapt\u00e9 pour les cheveux longs et [&#8230;]","protected":false},"featured_media":303,"template":"","meta":[],"product_brand":[],"product_cat":[34,36],"product_tag":[],"class_list":{"0":"post-268","1":"product","2":"type-product","3":"status-publish","4":"has-post-thumbnail","6":"product_cat-hygiene","7":"product_cat-shampoing-solide","9":"first","10":"outofstock","11":"shipping-taxable","12":"purchasable","13":"product-type-simple"},"yoast_head":"<!-- This site is optimized with the Yoast SEO plugin v26.6 - https:\/\/yoast.com\/wordpress\/plugins\/seo\/ -->\n<title>Shampoing solide anti-inflammatoire a l&#039;eau de rose (cheveux boucl\u00e9s et longs) 75g - Safinel<\/title>\n<meta name=\"robots\" content=\"index, follow, max-snippet:-1, max-image-preview:large, max-video-preview:-1\" \/>\n<link rel=\"canonical\" href=\"https:\/\/www.safinel.fr\/pt\/product-2\/champo-solido-anti-inflamatorio-com-agua-de-rosas-para-cabelos-cacheados-e-longos-75-g\/\" \/>\n<meta property=\"og:locale\" content=\"pt_PT\" \/>\n<meta property=\"og:type\" content=\"article\" \/>\n<meta property=\"og:title\" content=\"Shampoing solide anti-inflammatoire a l&#039;eau de rose (cheveux boucl\u00e9s et longs) 75g - Safinel\" \/>\n<meta property=\"og:description\" content=\"Les cheveux longs et boucl\u00e9s, bien que magnifiques, ont leur lot d\u2019inconv\u00e9nients en terme d\u2019entretien. Mais chez D\u00e9odorant Naturel, on pense \u00e0 tout le monde. Votre boutique naturelle en ligne a donc soigneusement s\u00e9lectionn\u00e9 toute une gamme de shampoings solides.\u00a0Le shampoing solide anti-inflammatoire \u00e0 l\u2019eau de rose est sp\u00e9cifiquement adapt\u00e9 pour les cheveux longs et [...]\" \/>\n<meta property=\"og:url\" content=\"https:\/\/www.safinel.fr\/pt\/product-2\/champo-solido-anti-inflamatorio-com-agua-de-rosas-para-cabelos-cacheados-e-longos-75-g\/\" \/>\n<meta property=\"og:site_name\" content=\"Safinel\" \/>\n<meta property=\"article:modified_time\" content=\"2023-12-30T13:54:04+00:00\" \/>\n<meta property=\"og:image\" content=\"https:\/\/www.safinel.fr\/wp-content\/uploads\/2021\/07\/df.jpg\" \/>\n\t<meta property=\"og:image:width\" content=\"800\" \/>\n\t<meta property=\"og:image:height\" content=\"800\" \/>\n\t<meta property=\"og:image:type\" content=\"image\/jpeg\" \/>\n<meta name=\"twitter:card\" content=\"summary_large_image\" \/>\n<meta name=\"twitter:label1\" content=\"Tempo estimado de leitura\" \/>\n\t<meta name=\"twitter:data1\" content=\"2 minutos\" \/>\n<script type=\"application\/ld+json\" class=\"yoast-schema-graph\">{\"@context\":\"https:\/\/schema.org\",\"@graph\":[{\"@type\":\"WebPage\",\"@id\":\"https:\/\/www.safinel.fr\/produit\/shampoing-solide-anti-inflammatoire-a-leau-de-rose-cheveux-boucles-et-longs-75g\/\",\"url\":\"https:\/\/www.safinel.fr\/produit\/shampoing-solide-anti-inflammatoire-a-leau-de-rose-cheveux-boucles-et-longs-75g\/\",\"name\":\"Shampoing solide anti-inflammatoire a l'eau de rose (cheveux boucl\u00e9s et longs) 75g - Safinel\",\"isPartOf\":{\"@id\":\"https:\/\/www.safinel.fr\/#website\"},\"primaryImageOfPage\":{\"@id\":\"https:\/\/www.safinel.fr\/produit\/shampoing-solide-anti-inflammatoire-a-leau-de-rose-cheveux-boucles-et-longs-75g\/#primaryimage\"},\"image\":{\"@id\":\"https:\/\/www.safinel.fr\/produit\/shampoing-solide-anti-inflammatoire-a-leau-de-rose-cheveux-boucles-et-longs-75g\/#primaryimage\"},\"thumbnailUrl\":\"https:\/\/www.safinel.fr\/wp-content\/uploads\/2021\/07\/df.jpg\",\"datePublished\":\"2021-07-24T18:58:59+00:00\",\"dateModified\":\"2023-12-30T13:54:04+00:00\",\"breadcrumb\":{\"@id\":\"https:\/\/www.safinel.fr\/produit\/shampoing-solide-anti-inflammatoire-a-leau-de-rose-cheveux-boucles-et-longs-75g\/#breadcrumb\"},\"inLanguage\":\"pt-PT\",\"potentialAction\":[{\"@type\":\"ReadAction\",\"target\":[\"https:\/\/www.safinel.fr\/produit\/shampoing-solide-anti-inflammatoire-a-leau-de-rose-cheveux-boucles-et-longs-75g\/\"]}]},{\"@type\":\"ImageObject\",\"inLanguage\":\"pt-PT\",\"@id\":\"https:\/\/www.safinel.fr\/produit\/shampoing-solide-anti-inflammatoire-a-leau-de-rose-cheveux-boucles-et-longs-75g\/#primaryimage\",\"url\":\"https:\/\/www.safinel.fr\/wp-content\/uploads\/2021\/07\/df.jpg\",\"contentUrl\":\"https:\/\/www.safinel.fr\/wp-content\/uploads\/2021\/07\/df.jpg\",\"width\":800,\"height\":800},{\"@type\":\"BreadcrumbList\",\"@id\":\"https:\/\/www.safinel.fr\/produit\/shampoing-solide-anti-inflammatoire-a-leau-de-rose-cheveux-boucles-et-longs-75g\/#breadcrumb\",\"itemListElement\":[{\"@type\":\"ListItem\",\"position\":1,\"name\":\"Accueil\",\"item\":\"https:\/\/www.safinel.fr\/\"},{\"@type\":\"ListItem\",\"position\":2,\"name\":\"Boutique\",\"item\":\"https:\/\/www.safinel.fr\/boutique\/\"},{\"@type\":\"ListItem\",\"position\":3,\"name\":\"Shampoing solide anti-inflammatoire a l&#8217;eau de rose (cheveux boucl\u00e9s et longs) 75g\"}]},{\"@type\":\"WebSite\",\"@id\":\"https:\/\/www.safinel.fr\/#website\",\"url\":\"https:\/\/www.safinel.fr\/\",\"name\":\"Safinel\",\"description\":\"\",\"publisher\":{\"@id\":\"https:\/\/www.safinel.fr\/#organization\"},\"potentialAction\":[{\"@type\":\"SearchAction\",\"target\":{\"@type\":\"EntryPoint\",\"urlTemplate\":\"https:\/\/www.safinel.fr\/?s={search_term_string}\"},\"query-input\":{\"@type\":\"PropertyValueSpecification\",\"valueRequired\":true,\"valueName\":\"search_term_string\"}}],\"inLanguage\":\"pt-PT\"},{\"@type\":\"Organization\",\"@id\":\"https:\/\/www.safinel.fr\/#organization\",\"name\":\"Safinel\",\"url\":\"https:\/\/www.safinel.fr\/\",\"logo\":{\"@type\":\"ImageObject\",\"inLanguage\":\"pt-PT\",\"@id\":\"https:\/\/www.safinel.fr\/#\/schema\/logo\/image\/\",\"url\":\"https:\/\/www.safinel.fr\/wp-content\/uploads\/2021\/05\/boutique-cosmetique.png\",\"contentUrl\":\"https:\/\/www.safinel.fr\/wp-content\/uploads\/2021\/05\/boutique-cosmetique.png\",\"width\":800,\"height\":200,\"caption\":\"Safinel\"},\"image\":{\"@id\":\"https:\/\/www.safinel.fr\/#\/schema\/logo\/image\/\"}}]}<\/script>\n<!-- \/ Yoast SEO plugin. -->","yoast_head_json":{"title":"Champ\u00f4 s\u00f3lido anti-inflamat\u00f3rio com \u00e1gua de rosas (cabelos encaracolados e compridos) 75 g - Safinel","robots":{"index":"index","follow":"follow","max-snippet":"max-snippet:-1","max-image-preview":"max-image-preview:large","max-video-preview":"max-video-preview:-1"},"canonical":"https:\/\/www.safinel.fr\/pt\/product-2\/champo-solido-anti-inflamatorio-com-agua-de-rosas-para-cabelos-cacheados-e-longos-75-g\/","og_locale":"pt_PT","og_type":"article","og_title":"Shampoing solide anti-inflammatoire a l'eau de rose (cheveux boucl\u00e9s et longs) 75g - Safinel","og_description":"Les cheveux longs et boucl\u00e9s, bien que magnifiques, ont leur lot d\u2019inconv\u00e9nients en terme d\u2019entretien. Mais chez D\u00e9odorant Naturel, on pense \u00e0 tout le monde. Votre boutique naturelle en ligne a donc soigneusement s\u00e9lectionn\u00e9 toute une gamme de shampoings solides.\u00a0Le shampoing solide anti-inflammatoire \u00e0 l\u2019eau de rose est sp\u00e9cifiquement adapt\u00e9 pour les cheveux longs et [...]","og_url":"https:\/\/www.safinel.fr\/pt\/product-2\/champo-solido-anti-inflamatorio-com-agua-de-rosas-para-cabelos-cacheados-e-longos-75-g\/","og_site_name":"Safinel","article_modified_time":"2023-12-30T13:54:04+00:00","og_image":[{"width":800,"height":800,"url":"https:\/\/www.safinel.fr\/wp-content\/uploads\/2021\/07\/df.jpg","type":"image\/jpeg"}],"twitter_card":"summary_large_image","twitter_misc":{"Tempo estimado de leitura":"2 minutos"},"schema":{"@context":"https:\/\/schema.org","@graph":[{"@type":"WebPage","@id":"https:\/\/www.safinel.fr\/produit\/shampoing-solide-anti-inflammatoire-a-leau-de-rose-cheveux-boucles-et-longs-75g\/","url":"https:\/\/www.safinel.fr\/produit\/shampoing-solide-anti-inflammatoire-a-leau-de-rose-cheveux-boucles-et-longs-75g\/","name":"Champ\u00f4 s\u00f3lido anti-inflamat\u00f3rio com \u00e1gua de rosas (cabelos encaracolados e compridos) 75 g - Safinel","isPartOf":{"@id":"https:\/\/www.safinel.fr\/#website"},"primaryImageOfPage":{"@id":"https:\/\/www.safinel.fr\/produit\/shampoing-solide-anti-inflammatoire-a-leau-de-rose-cheveux-boucles-et-longs-75g\/#primaryimage"},"image":{"@id":"https:\/\/www.safinel.fr\/produit\/shampoing-solide-anti-inflammatoire-a-leau-de-rose-cheveux-boucles-et-longs-75g\/#primaryimage"},"thumbnailUrl":"https:\/\/www.safinel.fr\/wp-content\/uploads\/2021\/07\/df.jpg","datePublished":"2021-07-24T18:58:59+00:00","dateModified":"2023-12-30T13:54:04+00:00","breadcrumb":{"@id":"https:\/\/www.safinel.fr\/produit\/shampoing-solide-anti-inflammatoire-a-leau-de-rose-cheveux-boucles-et-longs-75g\/#breadcrumb"},"inLanguage":"pt-PT","potentialAction":[{"@type":"ReadAction","target":["https:\/\/www.safinel.fr\/produit\/shampoing-solide-anti-inflammatoire-a-leau-de-rose-cheveux-boucles-et-longs-75g\/"]}]},{"@type":"ImageObject","inLanguage":"pt-PT","@id":"https:\/\/www.safinel.fr\/produit\/shampoing-solide-anti-inflammatoire-a-leau-de-rose-cheveux-boucles-et-longs-75g\/#primaryimage","url":"https:\/\/www.safinel.fr\/wp-content\/uploads\/2021\/07\/df.jpg","contentUrl":"https:\/\/www.safinel.fr\/wp-content\/uploads\/2021\/07\/df.jpg","width":800,"height":800},{"@type":"BreadcrumbList","@id":"https:\/\/www.safinel.fr\/produit\/shampoing-solide-anti-inflammatoire-a-leau-de-rose-cheveux-boucles-et-longs-75g\/#breadcrumb","itemListElement":[{"@type":"ListItem","position":1,"name":"Accueil","item":"https:\/\/www.safinel.fr\/"},{"@type":"ListItem","position":2,"name":"Boutique","item":"https:\/\/www.safinel.fr\/boutique\/"},{"@type":"ListItem","position":3,"name":"Shampoing solide anti-inflammatoire a l&#8217;eau de rose (cheveux boucl\u00e9s et longs) 75g"}]},{"@type":"WebSite","@id":"https:\/\/www.safinel.fr\/#website","url":"https:\/\/www.safinel.fr\/","name":"Safinel","description":"","publisher":{"@id":"https:\/\/www.safinel.fr\/#organization"},"potentialAction":[{"@type":"SearchAction","target":{"@type":"EntryPoint","urlTemplate":"https:\/\/www.safinel.fr\/?s={search_term_string}"},"query-input":{"@type":"PropertyValueSpecification","valueRequired":true,"valueName":"search_term_string"}}],"inLanguage":"pt-PT"},{"@type":"Organization","@id":"https:\/\/www.safinel.fr\/#organization","name":"Safinel","url":"https:\/\/www.safinel.fr\/","logo":{"@type":"ImageObject","inLanguage":"pt-PT","@id":"https:\/\/www.safinel.fr\/#\/schema\/logo\/image\/","url":"https:\/\/www.safinel.fr\/wp-content\/uploads\/2021\/05\/boutique-cosmetique.png","contentUrl":"https:\/\/www.safinel.fr\/wp-content\/uploads\/2021\/05\/boutique-cosmetique.png","width":800,"height":200,"caption":"Safinel"},"image":{"@id":"https:\/\/www.safinel.fr\/#\/schema\/logo\/image\/"}}]}},"_links":{"self":[{"href":"https:\/\/www.safinel.fr\/pt\/wp-json\/wp\/v2\/product\/268","targetHints":{"allow":["GET"]}}],"collection":[{"href":"https:\/\/www.safinel.fr\/pt\/wp-json\/wp\/v2\/product"}],"about":[{"href":"https:\/\/www.safinel.fr\/pt\/wp-json\/wp\/v2\/types\/product"}],"wp:featuredmedia":[{"embeddable":true,"href":"https:\/\/www.safinel.fr\/pt\/wp-json\/wp\/v2\/media\/303"}],"wp:attachment":[{"href":"https:\/\/www.safinel.fr\/pt\/wp-json\/wp\/v2\/media?parent=268"}],"wp:term":[{"taxonomy":"product_brand","embeddable":true,"href":"https:\/\/www.safinel.fr\/pt\/wp-json\/wp\/v2\/product_brand?post=268"},{"taxonomy":"product_cat","embeddable":true,"href":"https:\/\/www.safinel.fr\/pt\/wp-json\/wp\/v2\/product_cat?post=268"},{"taxonomy":"product_tag","embeddable":true,"href":"https:\/\/www.safinel.fr\/pt\/wp-json\/wp\/v2\/product_tag?post=268"}],"curies":[{"name":"wp","href":"https:\/\/api.w.org\/{rel}","templated":true}]}}