{"id":2679,"date":"2022-09-11T10:10:54","date_gmt":"2022-09-11T10:10:54","guid":{"rendered":"https:\/\/www.safinel.fr\/?post_type=product&#038;p=2679"},"modified":"2024-03-12T13:20:37","modified_gmt":"2024-03-12T13:20:37","slug":"henna-branca-em-cone","status":"publish","type":"product","link":"https:\/\/www.safinel.fr\/pt\/product-2\/henna-branca-em-cone\/","title":{"rendered":"Henn\u00e9 branco em cone"},"content":{"rendered":"<p>Tradicionalmente, o henna natural, de cor laranja escura, \u00e9 usado para embelezar noivas no Magrebe, no mundo \u00e1rabe e na \u00c1sia. Mas, nos \u00faltimos anos, o henna branco tornou-se a\u00a0<strong>nova tend\u00eancia<\/strong>\u00a0da tatuagem tempor\u00e1ria. A sua cor confere-lhe um resultado excecional que contribui para o seu sucesso. \u00c9 assim que \u00e9 utilizada para\u00a0<strong>sublimar a beleza das noivas<\/strong>\u00a0de todas as origens. Mas tamb\u00e9m todas as mulheres que querem embelezar-se de forma original. Com o henna branco em cone, poder\u00e1\u00a0<strong>cuidar das suas m\u00e3os e p\u00e9s<\/strong>\u00a0e os dos seus entes queridos com facilidade.<\/p>\n<h2><strong>O hen\u00ea branco mais de perto<\/strong><\/h2>\n<p>Ao contr\u00e1rio do henna tradicional, \u00e9 fabricado a partir de corantes e produtos cosm\u00e9ticos, incluindo cola. \u00c9 por isso que se diz que \u00e9 uma tinta corporal. Assim, os seus corantes permanecem na superf\u00edcie da pele, como uma maquilhagem.<\/p>\n<p>Recomenda-se que pessoas com pele muito reativa e sens\u00edvel fa\u00e7am um teste pr\u00e9vio.<\/p>\n<h2><strong>As vantagens do henna branco em cone<\/strong><\/h2>\n<p>Quem costuma fazer tatuagens sabe como \u00e9 dif\u00edcil remov\u00ea-las quando se trata da cor laranja escura. \u00c9 preciso esperar semanas para que os desenhos desapare\u00e7am. Com a cor branca, esse inc\u00f3modo acaba. Ela dura no m\u00e1ximo 48 horas. E se quiser remov\u00ea-la antes, basta<strong>\u00a0passar por baixo da \u00e1gua<\/strong>.<\/p>\n<p>Outra vantagem: a sua cor combina com\u00a0<strong>todos os tipos de pele<\/strong>. As morenas adoram, porque o\u00a0<strong>o contraste ser\u00e1 acentuado<\/strong>. \u00c9 como um diamante que se usa no dedo. As peles claras procuram-no pelo seu\u00a0<strong>eleg\u00e2ncia discreta<\/strong>. Em resumo, \u00e9 unanimidade!<\/p>\n<p>Por fim, quando fizer a tatuagem, ter\u00e1 de esperar no m\u00e1ximo duas horas para obter um resultado bonito. J\u00e1 com o henna tradicional, ter\u00e1 de esperar muito mais tempo, e a cor s\u00f3 ficar\u00e1 mais escura no dia seguinte.<\/p>\n<h2><strong>O hen\u00ea branco em cone, o favorito das noivas<\/strong><\/h2>\n<p>Futura noiva, voc\u00ea est\u00e1 \u00e0 procura de\u00a0<strong>uma<\/strong>\u00a0<strong>conjunto que ir\u00e1 real\u00e7ar a sua beleza<\/strong>\u00a0no seu lindo vestido? \u00c9 f\u00e1cil! As suas m\u00e3os e p\u00e9s, dependendo do gosto, ficar\u00e3o simplesmente lindos. Os\u00a0<strong><a href=\"https:\/\/www.ecole-du-massage.com\/comment-prendre-soin-de-ses-cheveux-en-2022\/\" target=\"_blank\" rel=\"noopener\">desenhos finos e delicados<\/a>\u00a0<\/strong>dar\u00e3o a impress\u00e3o de que a renda do seu vestido se prolonga at\u00e9 \u00e0s pontas dos seus dedos. Sem contar com o simbolismo do branco, que remete para a pureza, a paz e a sabedoria. Sem d\u00favida, ser\u00e1 incontestavelmente a mais bela.<\/p>\n<h3><strong>Ideal para festas<\/strong><\/h3>\n<p>Um nascimento, um anivers\u00e1rio, a obten\u00e7\u00e3o de um diploma... Todos esses eventos s\u00e3o uma oportunidade para se reunir com a fam\u00edlia ou amigos. Oferecer \u00e0s mulheres uma tatuagem original ser\u00e1 uma bela maneira de\u00a0<strong>refor\u00e7ar os la\u00e7os fraternos<\/strong>. Sentir-se bonita contribui para a felicidade, ent\u00e3o imagine a alegria de ver esses belos desenhos nas m\u00e3os delas.<\/p>\n<h3><strong>Que quantidade?<\/strong><\/h3>\n<p>Para facilitar a sua compra, oferecemos v\u00e1rias quantidades:<\/p>\n<ul>\n<li>1 cone para uso pessoal<\/li>\n<li>3 cones se quiser encantar a sua fam\u00edlia e os seus amigos<\/li>\n<li>12 cones para antecipar as suas sa\u00eddas de beleza ao longo do ano.<\/li>\n<\/ul>\n<p>O hen\u00ea branco em cone ser\u00e1\u00a0<strong>o trunfo que vai real\u00e7ar a sua beleza<\/strong>. Lembre-se tamb\u00e9m de cuidar do seu cabelo, reflexo da sua feminilidade, com os nossos\u00a0<a href=\"https:\/\/www.safinel.fr\/pt\/product-category-2\/botox-capilar\/\"><strong>botox capilar<\/strong><\/a>.<\/p>","protected":false},"excerpt":{"rendered":"<p>Tradicionalmente, o henna natural, de cor laranja escura, \u00e9 usado para embelezar as noivas no Magrebe, no mundo \u00e1rabe e na \u00c1sia. Mas, nos \u00faltimos anos, o henna branco tornou-se a nova tend\u00eancia das tatuagens tempor\u00e1rias. A sua cor confere-lhe um resultado excecional que explica o seu sucesso. \u00c9 assim que \u00e9 usado para real\u00e7ar a beleza [...]","protected":false},"featured_media":2683,"template":"","meta":[],"product_brand":[],"product_cat":[28],"product_tag":[],"class_list":{"0":"post-2679","1":"product","2":"type-product","3":"status-publish","4":"has-post-thumbnail","6":"product_cat-divers","8":"first","9":"outofstock","10":"shipping-taxable","11":"purchasable","12":"product-type-variable"},"yoast_head":"<!-- This site is optimized with the Yoast SEO plugin v26.6 - https:\/\/yoast.com\/wordpress\/plugins\/seo\/ -->\n<title>Henn\u00e9 blanc en c\u00f4ne I Id\u00e9al pour mariage I Achat s\u00e9curis\u00e9<\/title>\n<meta name=\"description\" content=\"Le henn\u00e9 blanc est devenu la\u00a0nouvelle tendance\u00a0du tatouage \u00e9ph\u00e9m\u00e8re. Sa couleur lui octroie un rendu exceptionnel qui fait son succ\u00e8s.\" \/>\n<meta name=\"robots\" content=\"index, follow, max-snippet:-1, max-image-preview:large, max-video-preview:-1\" \/>\n<link rel=\"canonical\" href=\"https:\/\/www.safinel.fr\/pt\/product-2\/henna-branca-em-cone\/\" \/>\n<meta property=\"og:locale\" content=\"pt_PT\" \/>\n<meta property=\"og:type\" content=\"article\" \/>\n<meta property=\"og:title\" content=\"Henn\u00e9 blanc en c\u00f4ne I Id\u00e9al pour mariage I Achat s\u00e9curis\u00e9\" \/>\n<meta property=\"og:description\" content=\"Le henn\u00e9 blanc est devenu la\u00a0nouvelle tendance\u00a0du tatouage \u00e9ph\u00e9m\u00e8re. Sa couleur lui octroie un rendu exceptionnel qui fait son succ\u00e8s.\" \/>\n<meta property=\"og:url\" content=\"https:\/\/www.safinel.fr\/pt\/product-2\/henna-branca-em-cone\/\" \/>\n<meta property=\"og:site_name\" content=\"Safinel\" \/>\n<meta property=\"article:modified_time\" content=\"2024-03-12T13:20:37+00:00\" \/>\n<meta property=\"og:image\" content=\"https:\/\/www.safinel.fr\/wp-content\/uploads\/2022\/09\/henne-blanc-en-cone.jpg\" \/>\n\t<meta property=\"og:image:width\" content=\"600\" \/>\n\t<meta property=\"og:image:height\" content=\"600\" \/>\n\t<meta property=\"og:image:type\" content=\"image\/jpeg\" \/>\n<meta name=\"twitter:card\" content=\"summary_large_image\" \/>\n<meta name=\"twitter:label1\" content=\"Tempo estimado de leitura\" \/>\n\t<meta name=\"twitter:data1\" content=\"3 minutos\" \/>\n<script type=\"application\/ld+json\" class=\"yoast-schema-graph\">{\"@context\":\"https:\/\/schema.org\",\"@graph\":[{\"@type\":\"WebPage\",\"@id\":\"https:\/\/www.safinel.fr\/produit\/henne-blanc-en-cone\/\",\"url\":\"https:\/\/www.safinel.fr\/produit\/henne-blanc-en-cone\/\",\"name\":\"Henn\u00e9 blanc en c\u00f4ne I Id\u00e9al pour mariage I Achat s\u00e9curis\u00e9\",\"isPartOf\":{\"@id\":\"https:\/\/www.safinel.fr\/#website\"},\"primaryImageOfPage\":{\"@id\":\"https:\/\/www.safinel.fr\/produit\/henne-blanc-en-cone\/#primaryimage\"},\"image\":{\"@id\":\"https:\/\/www.safinel.fr\/produit\/henne-blanc-en-cone\/#primaryimage\"},\"thumbnailUrl\":\"https:\/\/www.safinel.fr\/wp-content\/uploads\/2022\/09\/henne-blanc-en-cone.jpg\",\"datePublished\":\"2022-09-11T10:10:54+00:00\",\"dateModified\":\"2024-03-12T13:20:37+00:00\",\"description\":\"Le henn\u00e9 blanc est devenu la\u00a0nouvelle tendance\u00a0du tatouage \u00e9ph\u00e9m\u00e8re. Sa couleur lui octroie un rendu exceptionnel qui fait son succ\u00e8s.\",\"breadcrumb\":{\"@id\":\"https:\/\/www.safinel.fr\/produit\/henne-blanc-en-cone\/#breadcrumb\"},\"inLanguage\":\"pt-PT\",\"potentialAction\":[{\"@type\":\"ReadAction\",\"target\":[\"https:\/\/www.safinel.fr\/produit\/henne-blanc-en-cone\/\"]}]},{\"@type\":\"ImageObject\",\"inLanguage\":\"pt-PT\",\"@id\":\"https:\/\/www.safinel.fr\/produit\/henne-blanc-en-cone\/#primaryimage\",\"url\":\"https:\/\/www.safinel.fr\/wp-content\/uploads\/2022\/09\/henne-blanc-en-cone.jpg\",\"contentUrl\":\"https:\/\/www.safinel.fr\/wp-content\/uploads\/2022\/09\/henne-blanc-en-cone.jpg\",\"width\":600,\"height\":600,\"caption\":\"Henn\u00e9 blanc en c\u00f4ne\"},{\"@type\":\"BreadcrumbList\",\"@id\":\"https:\/\/www.safinel.fr\/produit\/henne-blanc-en-cone\/#breadcrumb\",\"itemListElement\":[{\"@type\":\"ListItem\",\"position\":1,\"name\":\"Accueil\",\"item\":\"https:\/\/www.safinel.fr\/\"},{\"@type\":\"ListItem\",\"position\":2,\"name\":\"Boutique\",\"item\":\"https:\/\/www.safinel.fr\/boutique\/\"},{\"@type\":\"ListItem\",\"position\":3,\"name\":\"Henn\u00e9 blanc en c\u00f4ne\"}]},{\"@type\":\"WebSite\",\"@id\":\"https:\/\/www.safinel.fr\/#website\",\"url\":\"https:\/\/www.safinel.fr\/\",\"name\":\"Safinel\",\"description\":\"\",\"publisher\":{\"@id\":\"https:\/\/www.safinel.fr\/#organization\"},\"potentialAction\":[{\"@type\":\"SearchAction\",\"target\":{\"@type\":\"EntryPoint\",\"urlTemplate\":\"https:\/\/www.safinel.fr\/?s={search_term_string}\"},\"query-input\":{\"@type\":\"PropertyValueSpecification\",\"valueRequired\":true,\"valueName\":\"search_term_string\"}}],\"inLanguage\":\"pt-PT\"},{\"@type\":\"Organization\",\"@id\":\"https:\/\/www.safinel.fr\/#organization\",\"name\":\"Safinel\",\"url\":\"https:\/\/www.safinel.fr\/\",\"logo\":{\"@type\":\"ImageObject\",\"inLanguage\":\"pt-PT\",\"@id\":\"https:\/\/www.safinel.fr\/#\/schema\/logo\/image\/\",\"url\":\"https:\/\/www.safinel.fr\/wp-content\/uploads\/2021\/05\/boutique-cosmetique.png\",\"contentUrl\":\"https:\/\/www.safinel.fr\/wp-content\/uploads\/2021\/05\/boutique-cosmetique.png\",\"width\":800,\"height\":200,\"caption\":\"Safinel\"},\"image\":{\"@id\":\"https:\/\/www.safinel.fr\/#\/schema\/logo\/image\/\"}}]}<\/script>\n<!-- \/ Yoast SEO plugin. -->","yoast_head_json":{"title":"Hena branca em cone I Ideal para casamentos I Compra segura","description":"A hena branca tornou-se a nova tend\u00eancia em tatuagens tempor\u00e1rias. A sua cor confere-lhe um resultado excepcional, respons\u00e1vel pelo seu sucesso.","robots":{"index":"index","follow":"follow","max-snippet":"max-snippet:-1","max-image-preview":"max-image-preview:large","max-video-preview":"max-video-preview:-1"},"canonical":"https:\/\/www.safinel.fr\/pt\/product-2\/henna-branca-em-cone\/","og_locale":"pt_PT","og_type":"article","og_title":"Henn\u00e9 blanc en c\u00f4ne I Id\u00e9al pour mariage I Achat s\u00e9curis\u00e9","og_description":"Le henn\u00e9 blanc est devenu la\u00a0nouvelle tendance\u00a0du tatouage \u00e9ph\u00e9m\u00e8re. Sa couleur lui octroie un rendu exceptionnel qui fait son succ\u00e8s.","og_url":"https:\/\/www.safinel.fr\/pt\/product-2\/henna-branca-em-cone\/","og_site_name":"Safinel","article_modified_time":"2024-03-12T13:20:37+00:00","og_image":[{"width":600,"height":600,"url":"https:\/\/www.safinel.fr\/wp-content\/uploads\/2022\/09\/henne-blanc-en-cone.jpg","type":"image\/jpeg"}],"twitter_card":"summary_large_image","twitter_misc":{"Tempo estimado de leitura":"3 minutos"},"schema":{"@context":"https:\/\/schema.org","@graph":[{"@type":"WebPage","@id":"https:\/\/www.safinel.fr\/produit\/henne-blanc-en-cone\/","url":"https:\/\/www.safinel.fr\/produit\/henne-blanc-en-cone\/","name":"Hena branca em cone I Ideal para casamentos I Compra segura","isPartOf":{"@id":"https:\/\/www.safinel.fr\/#website"},"primaryImageOfPage":{"@id":"https:\/\/www.safinel.fr\/produit\/henne-blanc-en-cone\/#primaryimage"},"image":{"@id":"https:\/\/www.safinel.fr\/produit\/henne-blanc-en-cone\/#primaryimage"},"thumbnailUrl":"https:\/\/www.safinel.fr\/wp-content\/uploads\/2022\/09\/henne-blanc-en-cone.jpg","datePublished":"2022-09-11T10:10:54+00:00","dateModified":"2024-03-12T13:20:37+00:00","description":"A hena branca tornou-se a nova tend\u00eancia em tatuagens tempor\u00e1rias. A sua cor confere-lhe um resultado excepcional, respons\u00e1vel pelo seu sucesso.","breadcrumb":{"@id":"https:\/\/www.safinel.fr\/produit\/henne-blanc-en-cone\/#breadcrumb"},"inLanguage":"pt-PT","potentialAction":[{"@type":"ReadAction","target":["https:\/\/www.safinel.fr\/produit\/henne-blanc-en-cone\/"]}]},{"@type":"ImageObject","inLanguage":"pt-PT","@id":"https:\/\/www.safinel.fr\/produit\/henne-blanc-en-cone\/#primaryimage","url":"https:\/\/www.safinel.fr\/wp-content\/uploads\/2022\/09\/henne-blanc-en-cone.jpg","contentUrl":"https:\/\/www.safinel.fr\/wp-content\/uploads\/2022\/09\/henne-blanc-en-cone.jpg","width":600,"height":600,"caption":"Henn\u00e9 blanc en c\u00f4ne"},{"@type":"BreadcrumbList","@id":"https:\/\/www.safinel.fr\/produit\/henne-blanc-en-cone\/#breadcrumb","itemListElement":[{"@type":"ListItem","position":1,"name":"Accueil","item":"https:\/\/www.safinel.fr\/"},{"@type":"ListItem","position":2,"name":"Boutique","item":"https:\/\/www.safinel.fr\/boutique\/"},{"@type":"ListItem","position":3,"name":"Henn\u00e9 blanc en c\u00f4ne"}]},{"@type":"WebSite","@id":"https:\/\/www.safinel.fr\/#website","url":"https:\/\/www.safinel.fr\/","name":"Safinel","description":"","publisher":{"@id":"https:\/\/www.safinel.fr\/#organization"},"potentialAction":[{"@type":"SearchAction","target":{"@type":"EntryPoint","urlTemplate":"https:\/\/www.safinel.fr\/?s={search_term_string}"},"query-input":{"@type":"PropertyValueSpecification","valueRequired":true,"valueName":"search_term_string"}}],"inLanguage":"pt-PT"},{"@type":"Organization","@id":"https:\/\/www.safinel.fr\/#organization","name":"Safinel","url":"https:\/\/www.safinel.fr\/","logo":{"@type":"ImageObject","inLanguage":"pt-PT","@id":"https:\/\/www.safinel.fr\/#\/schema\/logo\/image\/","url":"https:\/\/www.safinel.fr\/wp-content\/uploads\/2021\/05\/boutique-cosmetique.png","contentUrl":"https:\/\/www.safinel.fr\/wp-content\/uploads\/2021\/05\/boutique-cosmetique.png","width":800,"height":200,"caption":"Safinel"},"image":{"@id":"https:\/\/www.safinel.fr\/#\/schema\/logo\/image\/"}}]}},"_links":{"self":[{"href":"https:\/\/www.safinel.fr\/pt\/wp-json\/wp\/v2\/product\/2679","targetHints":{"allow":["GET"]}}],"collection":[{"href":"https:\/\/www.safinel.fr\/pt\/wp-json\/wp\/v2\/product"}],"about":[{"href":"https:\/\/www.safinel.fr\/pt\/wp-json\/wp\/v2\/types\/product"}],"wp:featuredmedia":[{"embeddable":true,"href":"https:\/\/www.safinel.fr\/pt\/wp-json\/wp\/v2\/media\/2683"}],"wp:attachment":[{"href":"https:\/\/www.safinel.fr\/pt\/wp-json\/wp\/v2\/media?parent=2679"}],"wp:term":[{"taxonomy":"product_brand","embeddable":true,"href":"https:\/\/www.safinel.fr\/pt\/wp-json\/wp\/v2\/product_brand?post=2679"},{"taxonomy":"product_cat","embeddable":true,"href":"https:\/\/www.safinel.fr\/pt\/wp-json\/wp\/v2\/product_cat?post=2679"},{"taxonomy":"product_tag","embeddable":true,"href":"https:\/\/www.safinel.fr\/pt\/wp-json\/wp\/v2\/product_tag?post=2679"}],"curies":[{"name":"wp","href":"https:\/\/api.w.org\/{rel}","templated":true}]}}