{"id":267,"date":"2021-07-24T18:58:59","date_gmt":"2021-07-24T18:58:59","guid":{"rendered":"https:\/\/www.safinel.fr\/?post_type=product&#038;p=267"},"modified":"2023-12-28T17:15:04","modified_gmt":"2023-12-28T17:15:04","slug":"champo-solido-com-gengibre-anti-queda-65-g","status":"publish","type":"product","link":"https:\/\/www.safinel.fr\/pt\/product-2\/champo-solido-com-gengibre-anti-queda-65-g\/","title":{"rendered":"Champ\u00f4 s\u00f3lido com gengibre anti-queda 65 g"},"content":{"rendered":"<p>Que tal um <i>shampoo ecol\u00f3gico, eficaz e que lhe permite poupar dinheiro<\/i> ? O nosso <b>sabonete s\u00f3lido<\/b> atende a todas as suas expectativas!<span class=\"Apple-converted-space\">\u00a0<\/span>Nosso <b>O champ\u00f4 s\u00f3lido natural anti-queda \u00e9 enriquecido com gengibre.<\/b>, o que lhe confere in\u00fameras virtudes. Ent\u00e3o, para ter um cabelo bonito, adote este pequeno cosm\u00e9tico sem res\u00edduos!<span class=\"Apple-converted-space\">\u00a0<\/span><\/p>\n<h2><b>Um champ\u00f4 natural anti-queda: eficaz e saud\u00e1vel!<span class=\"Apple-converted-space\">\u00a0<\/span><\/b><\/h2>\n<p>\u00c9 dif\u00edcil abandonar os maus h\u00e1bitos. Sim, o champ\u00f4 l\u00edquido cl\u00e1ssico \u00e9 um mau h\u00e1bito. Poluente, por vezes caro, a sua composi\u00e7\u00e3o est\u00e1 longe de ser exemplar. Muito pelo contr\u00e1rio.<span class=\"Apple-converted-space\">\u00a0<\/span><\/p>\n<p>Ent\u00e3o, se lhe disserem que isso<b> pequena barra de sab\u00e3o natural<\/b> pode ajud\u00e1-lo a cuidar de si mesmo. Ao mesmo tempo que cuida do ambiente... \u00e9 preciso aproveitar a oportunidade!<span class=\"Apple-converted-space\">\u00a0<\/span><\/p>\n<p>Este champ\u00f4 \u00e9 um concentrado de ingredientes naturais. Uma f\u00f3rmula \u00fanica e cuidadosamente concebida. Com uma a\u00e7\u00e3o fortalecedora contra a queda de cabelo.<span class=\"Apple-converted-space\">\u00a0<\/span><\/p>\n<p><b>Ingredientes: <\/b><i>Sulfato de s\u00f3dio e coco, <a href=\"https:\/\/www.deodorant-naturel.com\/produit\/shampoing-solide-au-cafe-et-beurre-de-cacao-65g\/\"><strong>manteiga de cacau<\/strong><\/a> biol\u00f3gico natural, \u00f3leo de coco extra virgem, extrato de<\/i>\u2019<i>urtiga, extrato de hortel\u00e3-pimenta, extrato de gengibre, <a href=\"https:\/\/www.aroma-zone.com\/info\/fiche-technique\/huile-essentielle-menthe-poivree-bio-aroma-zone\" target=\"_blank\" rel=\"noopener\"><strong>\u00f3leo essencial de hortel\u00e3-pimenta<\/strong><\/a><\/i><\/p>\n<h3><b>A efic\u00e1cia do gengibre neste champ\u00f4 s\u00f3lido natural<span class=\"Apple-converted-space\">\u00a0<\/span><\/b><\/h3>\n<p>Nosso <b>shampoo natural s\u00f3lido<\/b> cont\u00e9m muitas \u00f3leos vegetais. Mas o gengibre traz-lhe uma s\u00e9rie de benef\u00edcios:<span class=\"Apple-converted-space\">\u00a0<\/span><\/p>\n<ul>\n<li>Este rizoma melhora a circula\u00e7\u00e3o sangu\u00ednea a partir da raiz, o que permite estimular o crescimento e combater a queda de cabelo. ;<span class=\"Apple-converted-space\">\u00a0Descubra tamb\u00e9m o <a href=\"https:\/\/www.biomielandco.com\/huiles\/310-serum-anti-chute-naturel.html\" target=\"_blank\" rel=\"noopener\"><strong>s\u00e9rum para crescimento capilar<\/strong><\/a><\/span><\/li>\n<li>Este champ\u00f4 natural fortalece a fibra capilar; ;<span class=\"Apple-converted-space\">\u00a0<\/span><\/li>\n<li>Nutre em profundidade e hidrata.<span class=\"Apple-converted-space\">\u00a0<\/span><\/li>\n<\/ul>\n<h3><b>Para uma boa utiliza\u00e7\u00e3o do champ\u00f4 s\u00f3lido de gengibre <span class=\"Apple-converted-space\">\u00a0<\/span><\/b><\/h3>\n<p>Prontos para muitas utiliza\u00e7\u00f5es? Porque este\u00a0<b>shampoo s\u00f3lido<\/b>\u00a0<strong>gengibre<\/strong> equivale a pelo menos duas garrafas de champ\u00f4 l\u00edquido de 250 g!<span class=\"Apple-converted-space\">\u00a0<\/span><\/p>\n<p>E para ter um cabelo bonito e bem cuidado, nada mais simples:<span class=\"Apple-converted-space\">\u00a0<\/span><\/p>\n<ol>\n<li>Molhe o champ\u00f4 s\u00f3lido de gengibre; ;<span class=\"Apple-converted-space\">\u00a0<\/span><\/li>\n<li>Use a espuma obtida pela fric\u00e7\u00e3o para massagear as ra\u00edzes. Continue nas pontas e comprimentos; ;<span class=\"Apple-converted-space\">\u00a0<\/span><\/li>\n<li>Enx\u00e1gue bem o cabelo e deixe secar ao ar livre.<span class=\"Apple-converted-space\">\u00a0<\/span><\/li>\n<\/ol>\n<p><b>Precau\u00e7\u00f5es<span class=\"Apple-converted-space\">\u00a0<\/span><\/b><\/p>\n<p>Em caso de contacto com os olhos, lave imediatamente.<\/p>","protected":false},"excerpt":{"rendered":"<p>Que tal um champ\u00f4 que seja amigo do ambiente, eficaz e que lhe permita poupar dinheiro? O nosso sabonete s\u00f3lido \u00e9 exatamente o que procura! O nosso champ\u00f4 s\u00f3lido natural anti-queda de cabelo \u00e9 enriquecido com gengibre, o que lhe confere uma s\u00e9rie de benef\u00edcios. Para ter um cabelo bonito, adopte este pequeno cosm\u00e9tico sem res\u00edduos!  Um champ\u00f4 natural [...]","protected":false},"featured_media":302,"template":"","meta":[],"product_brand":[],"product_cat":[34,36],"product_tag":[],"class_list":{"0":"post-267","1":"product","2":"type-product","3":"status-publish","4":"has-post-thumbnail","6":"product_cat-hygiene","7":"product_cat-shampoing-solide","9":"first","10":"outofstock","11":"shipping-taxable","12":"purchasable","13":"product-type-simple"},"yoast_head":"<!-- This site is optimized with the Yoast SEO plugin v26.6 - https:\/\/yoast.com\/wordpress\/plugins\/seo\/ -->\n<title>Shampoing solide au gingembre anti chute 65g - Safinel<\/title>\n<meta name=\"robots\" content=\"index, follow, max-snippet:-1, max-image-preview:large, max-video-preview:-1\" \/>\n<link rel=\"canonical\" href=\"https:\/\/www.safinel.fr\/pt\/product-2\/champo-solido-com-gengibre-anti-queda-65-g\/\" \/>\n<meta property=\"og:locale\" content=\"pt_PT\" \/>\n<meta property=\"og:type\" content=\"article\" \/>\n<meta property=\"og:title\" content=\"Shampoing solide au gingembre anti chute 65g - Safinel\" \/>\n<meta property=\"og:description\" content=\"Que dites-vous d\u2019un shampoing \u00e9cologique, efficace, et qui vous fait faire des \u00e9conomies ? Notre pain de savon solide r\u00e9pond \u00e0 toutes vos attentes !\u00a0Notre shampoing solide naturel anti-chute est enrichi au gingembre, ce qui lui donne de nombreuses vertus. Alors, pour une belle chevelure, adoptez ce petit cosm\u00e9tique z\u00e9ro d\u00e9chet !\u00a0 Un shampoing naturel [...]\" \/>\n<meta property=\"og:url\" content=\"https:\/\/www.safinel.fr\/pt\/product-2\/champo-solido-com-gengibre-anti-queda-65-g\/\" \/>\n<meta property=\"og:site_name\" content=\"Safinel\" \/>\n<meta property=\"article:modified_time\" content=\"2023-12-28T17:15:04+00:00\" \/>\n<meta property=\"og:image\" content=\"https:\/\/www.safinel.fr\/wp-content\/uploads\/2021\/07\/234ff874b76f2ed21035b96ef138b9fb.jpg\" \/>\n\t<meta property=\"og:image:width\" content=\"750\" \/>\n\t<meta property=\"og:image:height\" content=\"750\" \/>\n\t<meta property=\"og:image:type\" content=\"image\/jpeg\" \/>\n<meta name=\"twitter:card\" content=\"summary_large_image\" \/>\n<meta name=\"twitter:label1\" content=\"Tempo estimado de leitura\" \/>\n\t<meta name=\"twitter:data1\" content=\"2 minutos\" \/>\n<script type=\"application\/ld+json\" class=\"yoast-schema-graph\">{\"@context\":\"https:\/\/schema.org\",\"@graph\":[{\"@type\":\"WebPage\",\"@id\":\"https:\/\/www.safinel.fr\/produit\/shampoing-solide-au-gingembre-anti-chute-65g\/\",\"url\":\"https:\/\/www.safinel.fr\/produit\/shampoing-solide-au-gingembre-anti-chute-65g\/\",\"name\":\"Shampoing solide au gingembre anti chute 65g - Safinel\",\"isPartOf\":{\"@id\":\"https:\/\/www.safinel.fr\/#website\"},\"primaryImageOfPage\":{\"@id\":\"https:\/\/www.safinel.fr\/produit\/shampoing-solide-au-gingembre-anti-chute-65g\/#primaryimage\"},\"image\":{\"@id\":\"https:\/\/www.safinel.fr\/produit\/shampoing-solide-au-gingembre-anti-chute-65g\/#primaryimage\"},\"thumbnailUrl\":\"https:\/\/www.safinel.fr\/wp-content\/uploads\/2021\/07\/234ff874b76f2ed21035b96ef138b9fb.jpg\",\"datePublished\":\"2021-07-24T18:58:59+00:00\",\"dateModified\":\"2023-12-28T17:15:04+00:00\",\"breadcrumb\":{\"@id\":\"https:\/\/www.safinel.fr\/produit\/shampoing-solide-au-gingembre-anti-chute-65g\/#breadcrumb\"},\"inLanguage\":\"pt-PT\",\"potentialAction\":[{\"@type\":\"ReadAction\",\"target\":[\"https:\/\/www.safinel.fr\/produit\/shampoing-solide-au-gingembre-anti-chute-65g\/\"]}]},{\"@type\":\"ImageObject\",\"inLanguage\":\"pt-PT\",\"@id\":\"https:\/\/www.safinel.fr\/produit\/shampoing-solide-au-gingembre-anti-chute-65g\/#primaryimage\",\"url\":\"https:\/\/www.safinel.fr\/wp-content\/uploads\/2021\/07\/234ff874b76f2ed21035b96ef138b9fb.jpg\",\"contentUrl\":\"https:\/\/www.safinel.fr\/wp-content\/uploads\/2021\/07\/234ff874b76f2ed21035b96ef138b9fb.jpg\",\"width\":750,\"height\":750},{\"@type\":\"BreadcrumbList\",\"@id\":\"https:\/\/www.safinel.fr\/produit\/shampoing-solide-au-gingembre-anti-chute-65g\/#breadcrumb\",\"itemListElement\":[{\"@type\":\"ListItem\",\"position\":1,\"name\":\"Accueil\",\"item\":\"https:\/\/www.safinel.fr\/\"},{\"@type\":\"ListItem\",\"position\":2,\"name\":\"Boutique\",\"item\":\"https:\/\/www.safinel.fr\/boutique\/\"},{\"@type\":\"ListItem\",\"position\":3,\"name\":\"Shampoing solide au gingembre anti chute 65g\"}]},{\"@type\":\"WebSite\",\"@id\":\"https:\/\/www.safinel.fr\/#website\",\"url\":\"https:\/\/www.safinel.fr\/\",\"name\":\"Safinel\",\"description\":\"\",\"publisher\":{\"@id\":\"https:\/\/www.safinel.fr\/#organization\"},\"potentialAction\":[{\"@type\":\"SearchAction\",\"target\":{\"@type\":\"EntryPoint\",\"urlTemplate\":\"https:\/\/www.safinel.fr\/?s={search_term_string}\"},\"query-input\":{\"@type\":\"PropertyValueSpecification\",\"valueRequired\":true,\"valueName\":\"search_term_string\"}}],\"inLanguage\":\"pt-PT\"},{\"@type\":\"Organization\",\"@id\":\"https:\/\/www.safinel.fr\/#organization\",\"name\":\"Safinel\",\"url\":\"https:\/\/www.safinel.fr\/\",\"logo\":{\"@type\":\"ImageObject\",\"inLanguage\":\"pt-PT\",\"@id\":\"https:\/\/www.safinel.fr\/#\/schema\/logo\/image\/\",\"url\":\"https:\/\/www.safinel.fr\/wp-content\/uploads\/2021\/05\/boutique-cosmetique.png\",\"contentUrl\":\"https:\/\/www.safinel.fr\/wp-content\/uploads\/2021\/05\/boutique-cosmetique.png\",\"width\":800,\"height\":200,\"caption\":\"Safinel\"},\"image\":{\"@id\":\"https:\/\/www.safinel.fr\/#\/schema\/logo\/image\/\"}}]}<\/script>\n<!-- \/ Yoast SEO plugin. -->","yoast_head_json":{"title":"Champ\u00f4 s\u00f3lido com gengibre anti-queda 65 g - Safinel","robots":{"index":"index","follow":"follow","max-snippet":"max-snippet:-1","max-image-preview":"max-image-preview:large","max-video-preview":"max-video-preview:-1"},"canonical":"https:\/\/www.safinel.fr\/pt\/product-2\/champo-solido-com-gengibre-anti-queda-65-g\/","og_locale":"pt_PT","og_type":"article","og_title":"Shampoing solide au gingembre anti chute 65g - Safinel","og_description":"Que dites-vous d\u2019un shampoing \u00e9cologique, efficace, et qui vous fait faire des \u00e9conomies ? Notre pain de savon solide r\u00e9pond \u00e0 toutes vos attentes !\u00a0Notre shampoing solide naturel anti-chute est enrichi au gingembre, ce qui lui donne de nombreuses vertus. Alors, pour une belle chevelure, adoptez ce petit cosm\u00e9tique z\u00e9ro d\u00e9chet !\u00a0 Un shampoing naturel [...]","og_url":"https:\/\/www.safinel.fr\/pt\/product-2\/champo-solido-com-gengibre-anti-queda-65-g\/","og_site_name":"Safinel","article_modified_time":"2023-12-28T17:15:04+00:00","og_image":[{"width":750,"height":750,"url":"https:\/\/www.safinel.fr\/wp-content\/uploads\/2021\/07\/234ff874b76f2ed21035b96ef138b9fb.jpg","type":"image\/jpeg"}],"twitter_card":"summary_large_image","twitter_misc":{"Tempo estimado de leitura":"2 minutos"},"schema":{"@context":"https:\/\/schema.org","@graph":[{"@type":"WebPage","@id":"https:\/\/www.safinel.fr\/produit\/shampoing-solide-au-gingembre-anti-chute-65g\/","url":"https:\/\/www.safinel.fr\/produit\/shampoing-solide-au-gingembre-anti-chute-65g\/","name":"Champ\u00f4 s\u00f3lido com gengibre anti-queda 65 g - Safinel","isPartOf":{"@id":"https:\/\/www.safinel.fr\/#website"},"primaryImageOfPage":{"@id":"https:\/\/www.safinel.fr\/produit\/shampoing-solide-au-gingembre-anti-chute-65g\/#primaryimage"},"image":{"@id":"https:\/\/www.safinel.fr\/produit\/shampoing-solide-au-gingembre-anti-chute-65g\/#primaryimage"},"thumbnailUrl":"https:\/\/www.safinel.fr\/wp-content\/uploads\/2021\/07\/234ff874b76f2ed21035b96ef138b9fb.jpg","datePublished":"2021-07-24T18:58:59+00:00","dateModified":"2023-12-28T17:15:04+00:00","breadcrumb":{"@id":"https:\/\/www.safinel.fr\/produit\/shampoing-solide-au-gingembre-anti-chute-65g\/#breadcrumb"},"inLanguage":"pt-PT","potentialAction":[{"@type":"ReadAction","target":["https:\/\/www.safinel.fr\/produit\/shampoing-solide-au-gingembre-anti-chute-65g\/"]}]},{"@type":"ImageObject","inLanguage":"pt-PT","@id":"https:\/\/www.safinel.fr\/produit\/shampoing-solide-au-gingembre-anti-chute-65g\/#primaryimage","url":"https:\/\/www.safinel.fr\/wp-content\/uploads\/2021\/07\/234ff874b76f2ed21035b96ef138b9fb.jpg","contentUrl":"https:\/\/www.safinel.fr\/wp-content\/uploads\/2021\/07\/234ff874b76f2ed21035b96ef138b9fb.jpg","width":750,"height":750},{"@type":"BreadcrumbList","@id":"https:\/\/www.safinel.fr\/produit\/shampoing-solide-au-gingembre-anti-chute-65g\/#breadcrumb","itemListElement":[{"@type":"ListItem","position":1,"name":"Accueil","item":"https:\/\/www.safinel.fr\/"},{"@type":"ListItem","position":2,"name":"Boutique","item":"https:\/\/www.safinel.fr\/boutique\/"},{"@type":"ListItem","position":3,"name":"Shampoing solide au gingembre anti chute 65g"}]},{"@type":"WebSite","@id":"https:\/\/www.safinel.fr\/#website","url":"https:\/\/www.safinel.fr\/","name":"Safinel","description":"","publisher":{"@id":"https:\/\/www.safinel.fr\/#organization"},"potentialAction":[{"@type":"SearchAction","target":{"@type":"EntryPoint","urlTemplate":"https:\/\/www.safinel.fr\/?s={search_term_string}"},"query-input":{"@type":"PropertyValueSpecification","valueRequired":true,"valueName":"search_term_string"}}],"inLanguage":"pt-PT"},{"@type":"Organization","@id":"https:\/\/www.safinel.fr\/#organization","name":"Safinel","url":"https:\/\/www.safinel.fr\/","logo":{"@type":"ImageObject","inLanguage":"pt-PT","@id":"https:\/\/www.safinel.fr\/#\/schema\/logo\/image\/","url":"https:\/\/www.safinel.fr\/wp-content\/uploads\/2021\/05\/boutique-cosmetique.png","contentUrl":"https:\/\/www.safinel.fr\/wp-content\/uploads\/2021\/05\/boutique-cosmetique.png","width":800,"height":200,"caption":"Safinel"},"image":{"@id":"https:\/\/www.safinel.fr\/#\/schema\/logo\/image\/"}}]}},"_links":{"self":[{"href":"https:\/\/www.safinel.fr\/pt\/wp-json\/wp\/v2\/product\/267","targetHints":{"allow":["GET"]}}],"collection":[{"href":"https:\/\/www.safinel.fr\/pt\/wp-json\/wp\/v2\/product"}],"about":[{"href":"https:\/\/www.safinel.fr\/pt\/wp-json\/wp\/v2\/types\/product"}],"wp:featuredmedia":[{"embeddable":true,"href":"https:\/\/www.safinel.fr\/pt\/wp-json\/wp\/v2\/media\/302"}],"wp:attachment":[{"href":"https:\/\/www.safinel.fr\/pt\/wp-json\/wp\/v2\/media?parent=267"}],"wp:term":[{"taxonomy":"product_brand","embeddable":true,"href":"https:\/\/www.safinel.fr\/pt\/wp-json\/wp\/v2\/product_brand?post=267"},{"taxonomy":"product_cat","embeddable":true,"href":"https:\/\/www.safinel.fr\/pt\/wp-json\/wp\/v2\/product_cat?post=267"},{"taxonomy":"product_tag","embeddable":true,"href":"https:\/\/www.safinel.fr\/pt\/wp-json\/wp\/v2\/product_tag?post=267"}],"curies":[{"name":"wp","href":"https:\/\/api.w.org\/{rel}","templated":true}]}}