{"id":265,"date":"2021-07-24T18:58:59","date_gmt":"2021-07-24T18:58:59","guid":{"rendered":"https:\/\/www.safinel.fr\/?post_type=product&#038;p=265"},"modified":"2023-12-30T13:53:46","modified_gmt":"2023-12-30T13:53:46","slug":"champo-solido-65-g-com-calendula-reparador-da-caspa","status":"publish","type":"product","link":"https:\/\/www.safinel.fr\/pt\/product-2\/champo-solido-65-g-com-calendula-reparador-da-caspa\/","title":{"rendered":"Champ\u00f4 s\u00f3lido reparador 65 g (Calendula Dandruff)"},"content":{"rendered":"<p>O <b>shampoo s\u00f3lido<\/b> atrai cada vez mais curiosos e encanta todos aqueles que o adotaram! T\u00e3o eficaz quanto um champ\u00f4 convencional, ele tem muito mais a oferecer!<span class=\"Apple-converted-space\">\u00a0<\/span>Se procura um champ\u00f4 s\u00f3lido de qualidade, confie em n\u00f3s e descubra o <b>Champ\u00f4 s\u00f3lido reparador com cal\u00eandula.<span class=\"Apple-converted-space\">\u00a0<\/span><\/b><\/p>\n<h2><b>O champ\u00f4 s\u00f3lido Calendula, o toque de brilho<\/b><\/h2>\n<p>Embora os champ\u00f4s l\u00edquidos sejam os mais comuns, eles tendem a acabar mais rapidamente. Eles ocupam espa\u00e7o nas nossas casas de banho e, acima de tudo, nos nossos cabelos! Pois \u00e9, eles nem sempre s\u00e3o saud\u00e1veis.<\/p>\n<p>O <b>champ\u00f4 s\u00f3lido reparador<\/b> tem uma efic\u00e1cia formid\u00e1vel, pois os seus ingredientes naturais fazem com que se adapte a cada tipo de cabelo.<span class=\"Apple-converted-space\">\u00a0<\/span><\/p>\n<p>Este <b>sabonete s\u00f3lido de calendula<\/b> tem uma a\u00e7\u00e3o reparadora. Nutre intensamente o cabelo, conferindo-lhe suavidade e flexibilidade.<\/p>\n<p><b>Ingredientes:<\/b> <i>Sulfato de coco de s\u00f3dio, manteiga de cacau org\u00e2nica natural 6,80, manteiga de karit\u00e9 org\u00e2nica natural, \u00f3leo de<\/i><i>\u2019<\/i><i>azeite extra virgem, \u00f3leo de rosa mosqueta, \u00f3leo essencial de zimbro, hortel\u00e3-pimenta<\/i><\/p>\n<h3><b>Quais s\u00e3o as propriedades do champ\u00f4 s\u00f3lido reparador?<\/b><\/h3>\n<p>Se cada vez mais consumidores est\u00e3o a optar pelo champ\u00f4 s\u00f3lido, \u00e9 devido \u00e0s suas diversas vantagens. Composto <b>d<\/b><b>\u2019<\/b><b>ingredientes naturais<\/b> e, portanto, sem perigo para o planeta, o champ\u00f4 s\u00f3lido \u00e9 <b>ecol\u00f3gico<\/b>. E, al\u00e9m disso, n\u00e3o tem embalagem, ideal para a sua abordagem zero res\u00edduos!<\/p>\n<p>O nosso champ\u00f4 s\u00f3lido \u00e9, portanto, t\u00e3o bom para o planeta como para a sua sa\u00fade.<span class=\"Apple-converted-space\">\u00a0<\/span><\/p>\n<p>Este champ\u00f4 tamb\u00e9m tem o seu lado pr\u00e1tico: o seu formato compacto permite transport\u00e1-lo para qualquer lugar. Mas tamb\u00e9m \u00e9 muito econ\u00f3mico! Um \u00fanico champ\u00f4 s\u00f3lido permite fazer cerca de 50 a 100 lavagens.<\/p>\n<h3><b>Como<\/b>\u2019<b>utilizar?<\/b><\/h3>\n<p>O champ\u00f4 s\u00f3lido intriga-o? \u00c9 normal, quando n\u00e3o estamos habituados a us\u00e1-lo. No entanto, nada mais simples!<\/p>\n<ol>\n<li>Para come\u00e7ar, molhe o cabelo como faria com um champ\u00f4 l\u00edquido; ;<\/li>\n<li>Em seguida, ensaboe o sabonete nas m\u00e3os e aplique a espuma no cabelo; ;<span class=\"Apple-converted-space\">\u00a0<\/span><\/li>\n<li>E, por fim, enxague abundantemente com \u00e1gua limpa.<span class=\"Apple-converted-space\">\u00a0<\/span><\/li>\n<\/ol>\n<h3><b>Precau\u00e7\u00f5es e conserva\u00e7\u00e3o<\/b><\/h3>\n<p>Ap\u00f3s a utiliza\u00e7\u00e3o, coloque o seu champ\u00f4 s\u00f3lido numa saboneteira e deixe-o secar.<\/p>\n<p>Depois de seco, coloque-o numa caixa.<\/p>\n<p>Evite o contacto com os olhos. Em caso de contacto acidental, lave abundantemente.<\/p>","protected":false},"excerpt":{"rendered":"<p>Le shampoing solide attire de plus en plus de curieux, et r\u00e9jouit tous ceux qui l&rsquo;ont adopt\u00e9 ! Tout autant efficace qu\u2019un shampoing conventionnel, il a bien plus d\u2019un tour dans son galet !\u00a0Si vous cherchez un shampoing solide de qualit\u00e9, faites-nous confiance et retrouvez le shampoing solide r\u00e9parateur au Calendula.\u00a0 Le shampoing solide Calendula, [&#8230;]","protected":false},"featured_media":300,"template":"","meta":[],"product_brand":[],"product_cat":[34,36],"product_tag":[],"class_list":{"0":"post-265","1":"product","2":"type-product","3":"status-publish","4":"has-post-thumbnail","6":"product_cat-hygiene","7":"product_cat-shampoing-solide","9":"first","10":"instock","11":"shipping-taxable","12":"purchasable","13":"product-type-simple"},"yoast_head":"<!-- This site is optimized with the Yoast SEO plugin v26.6 - https:\/\/yoast.com\/wordpress\/plugins\/seo\/ -->\n<title>Shampoing solide 65g (Calendula Dandruff) r\u00e9parateur - Safinel<\/title>\n<meta name=\"robots\" content=\"index, follow, max-snippet:-1, max-image-preview:large, max-video-preview:-1\" \/>\n<link rel=\"canonical\" href=\"https:\/\/www.safinel.fr\/pt\/product-2\/champo-solido-65-g-com-calendula-reparador-da-caspa\/\" \/>\n<meta property=\"og:locale\" content=\"pt_PT\" \/>\n<meta property=\"og:type\" content=\"article\" \/>\n<meta property=\"og:title\" content=\"Shampoing solide 65g (Calendula Dandruff) r\u00e9parateur - Safinel\" \/>\n<meta property=\"og:description\" content=\"Le shampoing solide attire de plus en plus de curieux, et r\u00e9jouit tous ceux qui l&rsquo;ont adopt\u00e9 ! Tout autant efficace qu\u2019un shampoing conventionnel, il a bien plus d\u2019un tour dans son galet !\u00a0Si vous cherchez un shampoing solide de qualit\u00e9, faites-nous confiance et retrouvez le shampoing solide r\u00e9parateur au Calendula.\u00a0 Le shampoing solide Calendula, [...]\" \/>\n<meta property=\"og:url\" content=\"https:\/\/www.safinel.fr\/pt\/product-2\/champo-solido-65-g-com-calendula-reparador-da-caspa\/\" \/>\n<meta property=\"og:site_name\" content=\"Safinel\" \/>\n<meta property=\"article:modified_time\" content=\"2023-12-30T13:53:46+00:00\" \/>\n<meta property=\"og:image\" content=\"https:\/\/www.safinel.fr\/wp-content\/uploads\/2021\/07\/shampoing-solide-calendula.jpg\" \/>\n\t<meta property=\"og:image:width\" content=\"800\" \/>\n\t<meta property=\"og:image:height\" content=\"800\" \/>\n\t<meta property=\"og:image:type\" content=\"image\/jpeg\" \/>\n<meta name=\"twitter:card\" content=\"summary_large_image\" \/>\n<meta name=\"twitter:label1\" content=\"Tempo estimado de leitura\" \/>\n\t<meta name=\"twitter:data1\" content=\"2 minutos\" \/>\n<script type=\"application\/ld+json\" class=\"yoast-schema-graph\">{\"@context\":\"https:\/\/schema.org\",\"@graph\":[{\"@type\":\"WebPage\",\"@id\":\"https:\/\/www.safinel.fr\/produit\/shampoing-solide-65g-calendula-dandruff-reparateur\/\",\"url\":\"https:\/\/www.safinel.fr\/produit\/shampoing-solide-65g-calendula-dandruff-reparateur\/\",\"name\":\"Shampoing solide 65g (Calendula Dandruff) r\u00e9parateur - Safinel\",\"isPartOf\":{\"@id\":\"https:\/\/www.safinel.fr\/#website\"},\"primaryImageOfPage\":{\"@id\":\"https:\/\/www.safinel.fr\/produit\/shampoing-solide-65g-calendula-dandruff-reparateur\/#primaryimage\"},\"image\":{\"@id\":\"https:\/\/www.safinel.fr\/produit\/shampoing-solide-65g-calendula-dandruff-reparateur\/#primaryimage\"},\"thumbnailUrl\":\"https:\/\/www.safinel.fr\/wp-content\/uploads\/2021\/07\/shampoing-solide-calendula.jpg\",\"datePublished\":\"2021-07-24T18:58:59+00:00\",\"dateModified\":\"2023-12-30T13:53:46+00:00\",\"breadcrumb\":{\"@id\":\"https:\/\/www.safinel.fr\/produit\/shampoing-solide-65g-calendula-dandruff-reparateur\/#breadcrumb\"},\"inLanguage\":\"pt-PT\",\"potentialAction\":[{\"@type\":\"ReadAction\",\"target\":[\"https:\/\/www.safinel.fr\/produit\/shampoing-solide-65g-calendula-dandruff-reparateur\/\"]}]},{\"@type\":\"ImageObject\",\"inLanguage\":\"pt-PT\",\"@id\":\"https:\/\/www.safinel.fr\/produit\/shampoing-solide-65g-calendula-dandruff-reparateur\/#primaryimage\",\"url\":\"https:\/\/www.safinel.fr\/wp-content\/uploads\/2021\/07\/shampoing-solide-calendula.jpg\",\"contentUrl\":\"https:\/\/www.safinel.fr\/wp-content\/uploads\/2021\/07\/shampoing-solide-calendula.jpg\",\"width\":800,\"height\":800},{\"@type\":\"BreadcrumbList\",\"@id\":\"https:\/\/www.safinel.fr\/produit\/shampoing-solide-65g-calendula-dandruff-reparateur\/#breadcrumb\",\"itemListElement\":[{\"@type\":\"ListItem\",\"position\":1,\"name\":\"Accueil\",\"item\":\"https:\/\/www.safinel.fr\/\"},{\"@type\":\"ListItem\",\"position\":2,\"name\":\"Boutique\",\"item\":\"https:\/\/www.safinel.fr\/boutique\/\"},{\"@type\":\"ListItem\",\"position\":3,\"name\":\"Shampoing solide 65g (Calendula Dandruff) r\u00e9parateur\"}]},{\"@type\":\"WebSite\",\"@id\":\"https:\/\/www.safinel.fr\/#website\",\"url\":\"https:\/\/www.safinel.fr\/\",\"name\":\"Safinel\",\"description\":\"\",\"publisher\":{\"@id\":\"https:\/\/www.safinel.fr\/#organization\"},\"potentialAction\":[{\"@type\":\"SearchAction\",\"target\":{\"@type\":\"EntryPoint\",\"urlTemplate\":\"https:\/\/www.safinel.fr\/?s={search_term_string}\"},\"query-input\":{\"@type\":\"PropertyValueSpecification\",\"valueRequired\":true,\"valueName\":\"search_term_string\"}}],\"inLanguage\":\"pt-PT\"},{\"@type\":\"Organization\",\"@id\":\"https:\/\/www.safinel.fr\/#organization\",\"name\":\"Safinel\",\"url\":\"https:\/\/www.safinel.fr\/\",\"logo\":{\"@type\":\"ImageObject\",\"inLanguage\":\"pt-PT\",\"@id\":\"https:\/\/www.safinel.fr\/#\/schema\/logo\/image\/\",\"url\":\"https:\/\/www.safinel.fr\/wp-content\/uploads\/2021\/05\/boutique-cosmetique.png\",\"contentUrl\":\"https:\/\/www.safinel.fr\/wp-content\/uploads\/2021\/05\/boutique-cosmetique.png\",\"width\":800,\"height\":200,\"caption\":\"Safinel\"},\"image\":{\"@id\":\"https:\/\/www.safinel.fr\/#\/schema\/logo\/image\/\"}}]}<\/script>\n<!-- \/ Yoast SEO plugin. -->","yoast_head_json":{"title":"Champ\u00f4 s\u00f3lido reparador 65 g (Cal\u00eandula Caspa) - Safinel","robots":{"index":"index","follow":"follow","max-snippet":"max-snippet:-1","max-image-preview":"max-image-preview:large","max-video-preview":"max-video-preview:-1"},"canonical":"https:\/\/www.safinel.fr\/pt\/product-2\/champo-solido-65-g-com-calendula-reparador-da-caspa\/","og_locale":"pt_PT","og_type":"article","og_title":"Shampoing solide 65g (Calendula Dandruff) r\u00e9parateur - Safinel","og_description":"Le shampoing solide attire de plus en plus de curieux, et r\u00e9jouit tous ceux qui l&rsquo;ont adopt\u00e9 ! Tout autant efficace qu\u2019un shampoing conventionnel, il a bien plus d\u2019un tour dans son galet !\u00a0Si vous cherchez un shampoing solide de qualit\u00e9, faites-nous confiance et retrouvez le shampoing solide r\u00e9parateur au Calendula.\u00a0 Le shampoing solide Calendula, [...]","og_url":"https:\/\/www.safinel.fr\/pt\/product-2\/champo-solido-65-g-com-calendula-reparador-da-caspa\/","og_site_name":"Safinel","article_modified_time":"2023-12-30T13:53:46+00:00","og_image":[{"width":800,"height":800,"url":"https:\/\/www.safinel.fr\/wp-content\/uploads\/2021\/07\/shampoing-solide-calendula.jpg","type":"image\/jpeg"}],"twitter_card":"summary_large_image","twitter_misc":{"Tempo estimado de leitura":"2 minutos"},"schema":{"@context":"https:\/\/schema.org","@graph":[{"@type":"WebPage","@id":"https:\/\/www.safinel.fr\/produit\/shampoing-solide-65g-calendula-dandruff-reparateur\/","url":"https:\/\/www.safinel.fr\/produit\/shampoing-solide-65g-calendula-dandruff-reparateur\/","name":"Champ\u00f4 s\u00f3lido reparador 65 g (Cal\u00eandula Caspa) - Safinel","isPartOf":{"@id":"https:\/\/www.safinel.fr\/#website"},"primaryImageOfPage":{"@id":"https:\/\/www.safinel.fr\/produit\/shampoing-solide-65g-calendula-dandruff-reparateur\/#primaryimage"},"image":{"@id":"https:\/\/www.safinel.fr\/produit\/shampoing-solide-65g-calendula-dandruff-reparateur\/#primaryimage"},"thumbnailUrl":"https:\/\/www.safinel.fr\/wp-content\/uploads\/2021\/07\/shampoing-solide-calendula.jpg","datePublished":"2021-07-24T18:58:59+00:00","dateModified":"2023-12-30T13:53:46+00:00","breadcrumb":{"@id":"https:\/\/www.safinel.fr\/produit\/shampoing-solide-65g-calendula-dandruff-reparateur\/#breadcrumb"},"inLanguage":"pt-PT","potentialAction":[{"@type":"ReadAction","target":["https:\/\/www.safinel.fr\/produit\/shampoing-solide-65g-calendula-dandruff-reparateur\/"]}]},{"@type":"ImageObject","inLanguage":"pt-PT","@id":"https:\/\/www.safinel.fr\/produit\/shampoing-solide-65g-calendula-dandruff-reparateur\/#primaryimage","url":"https:\/\/www.safinel.fr\/wp-content\/uploads\/2021\/07\/shampoing-solide-calendula.jpg","contentUrl":"https:\/\/www.safinel.fr\/wp-content\/uploads\/2021\/07\/shampoing-solide-calendula.jpg","width":800,"height":800},{"@type":"BreadcrumbList","@id":"https:\/\/www.safinel.fr\/produit\/shampoing-solide-65g-calendula-dandruff-reparateur\/#breadcrumb","itemListElement":[{"@type":"ListItem","position":1,"name":"Accueil","item":"https:\/\/www.safinel.fr\/"},{"@type":"ListItem","position":2,"name":"Boutique","item":"https:\/\/www.safinel.fr\/boutique\/"},{"@type":"ListItem","position":3,"name":"Shampoing solide 65g (Calendula Dandruff) r\u00e9parateur"}]},{"@type":"WebSite","@id":"https:\/\/www.safinel.fr\/#website","url":"https:\/\/www.safinel.fr\/","name":"Safinel","description":"","publisher":{"@id":"https:\/\/www.safinel.fr\/#organization"},"potentialAction":[{"@type":"SearchAction","target":{"@type":"EntryPoint","urlTemplate":"https:\/\/www.safinel.fr\/?s={search_term_string}"},"query-input":{"@type":"PropertyValueSpecification","valueRequired":true,"valueName":"search_term_string"}}],"inLanguage":"pt-PT"},{"@type":"Organization","@id":"https:\/\/www.safinel.fr\/#organization","name":"Safinel","url":"https:\/\/www.safinel.fr\/","logo":{"@type":"ImageObject","inLanguage":"pt-PT","@id":"https:\/\/www.safinel.fr\/#\/schema\/logo\/image\/","url":"https:\/\/www.safinel.fr\/wp-content\/uploads\/2021\/05\/boutique-cosmetique.png","contentUrl":"https:\/\/www.safinel.fr\/wp-content\/uploads\/2021\/05\/boutique-cosmetique.png","width":800,"height":200,"caption":"Safinel"},"image":{"@id":"https:\/\/www.safinel.fr\/#\/schema\/logo\/image\/"}}]}},"_links":{"self":[{"href":"https:\/\/www.safinel.fr\/pt\/wp-json\/wp\/v2\/product\/265","targetHints":{"allow":["GET"]}}],"collection":[{"href":"https:\/\/www.safinel.fr\/pt\/wp-json\/wp\/v2\/product"}],"about":[{"href":"https:\/\/www.safinel.fr\/pt\/wp-json\/wp\/v2\/types\/product"}],"wp:featuredmedia":[{"embeddable":true,"href":"https:\/\/www.safinel.fr\/pt\/wp-json\/wp\/v2\/media\/300"}],"wp:attachment":[{"href":"https:\/\/www.safinel.fr\/pt\/wp-json\/wp\/v2\/media?parent=265"}],"wp:term":[{"taxonomy":"product_brand","embeddable":true,"href":"https:\/\/www.safinel.fr\/pt\/wp-json\/wp\/v2\/product_brand?post=265"},{"taxonomy":"product_cat","embeddable":true,"href":"https:\/\/www.safinel.fr\/pt\/wp-json\/wp\/v2\/product_cat?post=265"},{"taxonomy":"product_tag","embeddable":true,"href":"https:\/\/www.safinel.fr\/pt\/wp-json\/wp\/v2\/product_tag?post=265"}],"curies":[{"name":"wp","href":"https:\/\/api.w.org\/{rel}","templated":true}]}}