{"id":264,"date":"2021-07-24T18:58:59","date_gmt":"2021-07-24T18:58:59","guid":{"rendered":"https:\/\/www.safinel.fr\/?post_type=product&#038;p=264"},"modified":"2023-12-28T17:15:04","modified_gmt":"2023-12-28T17:15:04","slug":"cotonetes-reciclaveis-com-ponta-dupla-em-bambu-caixa-com-200-unidades","status":"publish","type":"product","link":"https:\/\/www.safinel.fr\/pt\/product-2\/cotonetes-reciclaveis-com-ponta-dupla-em-bambu-caixa-com-200-unidades\/","title":{"rendered":"Cotonetes recicl\u00e1veis? Dupla ponta em bambu, caixa com 200 unidades"},"content":{"rendered":"<div>100% materiais naturais<\/div>\n<div>com a sua ponta em algod\u00e3o, \u00e9 mais suave do que qualquer outro cotonete<\/div>\n<div>Perfeito para artes e artesanato, manicures, aplica\u00e7\u00e3o de maquilhagem, limpeza e muito mais!<\/div>\n<div>Este produto \u00e9 indispens\u00e1vel em casa.<\/div>\n<div>Utilizando materiais ecol\u00f3gicos, seguros e n\u00e3o t\u00f3xicos, a cabe\u00e7a de algod\u00e3o \u00e9 de excelente qualidade.<\/div>","protected":false},"excerpt":{"rendered":"<p>100% materiais naturais com ponta de algod\u00e3o ii \u00e9 mais macio do que qualquer outro cotonete Perfeito para artes e of\u00edcios, manicures, aplica\u00e7\u00e3o de maquilhagem, limpeza e muito mais! A utiliza\u00e7\u00e3o de materiais ecol\u00f3gicos, seguros e n\u00e3o t\u00f3xicos, a cabe\u00e7a de algod\u00e3o \u00e9 de excelente qualidade.<\/p>","protected":false},"featured_media":299,"template":"","meta":[],"product_brand":[],"product_cat":[34,35],"product_tag":[],"class_list":{"0":"post-264","1":"product","2":"type-product","3":"status-publish","4":"has-post-thumbnail","6":"product_cat-hygiene","7":"product_cat-soins-dentaires","9":"first","10":"instock","11":"shipping-taxable","12":"purchasable","13":"product-type-simple"},"yoast_head":"<!-- This site is optimized with the Yoast SEO plugin v26.6 - https:\/\/yoast.com\/wordpress\/plugins\/seo\/ -->\n<title>Coton-tiges recyclable ? double t?te en bambou boite de 200 - Safinel<\/title>\n<meta name=\"robots\" content=\"index, follow, max-snippet:-1, max-image-preview:large, max-video-preview:-1\" \/>\n<link rel=\"canonical\" href=\"https:\/\/www.safinel.fr\/pt\/product-2\/cotonetes-reciclaveis-com-ponta-dupla-em-bambu-caixa-com-200-unidades\/\" \/>\n<meta property=\"og:locale\" content=\"pt_PT\" \/>\n<meta property=\"og:type\" content=\"article\" \/>\n<meta property=\"og:title\" content=\"Coton-tiges recyclable ? double t?te en bambou boite de 200 - Safinel\" \/>\n<meta property=\"og:description\" content=\"100% mat\u00e9riaux naturels avec sa pointe en coton ii est plus doux que tout autre \u00e9couvillon Parfait pour les arts et l&rsquo;artisanat, les manucures, l&rsquo;application de maquillage, le nettoyage et plus encore! Ce produit est un must-have domestique L&rsquo;utilisation de mat\u00e9riaux respectueux de l&rsquo;environnement, s\u00fbrs et non toxiques, la t\u00eate en coton est d&rsquo;excellente qualit\u00e9.\" \/>\n<meta property=\"og:url\" content=\"https:\/\/www.safinel.fr\/pt\/product-2\/cotonetes-reciclaveis-com-ponta-dupla-em-bambu-caixa-com-200-unidades\/\" \/>\n<meta property=\"og:site_name\" content=\"Safinel\" \/>\n<meta property=\"article:modified_time\" content=\"2023-12-28T17:15:04+00:00\" \/>\n<meta property=\"og:image\" content=\"https:\/\/www.safinel.fr\/wp-content\/uploads\/2021\/07\/coton-tiges-a-double-tete-en-bambou-100_description-0.jpg\" \/>\n\t<meta property=\"og:image:width\" content=\"800\" \/>\n\t<meta property=\"og:image:height\" content=\"800\" \/>\n\t<meta property=\"og:image:type\" content=\"image\/jpeg\" \/>\n<meta name=\"twitter:card\" content=\"summary_large_image\" \/>\n<script type=\"application\/ld+json\" class=\"yoast-schema-graph\">{\"@context\":\"https:\/\/schema.org\",\"@graph\":[{\"@type\":\"WebPage\",\"@id\":\"https:\/\/www.safinel.fr\/produit\/coton-tiges-recyclable-a-double-tete-en-bambou-boite-de-200\/\",\"url\":\"https:\/\/www.safinel.fr\/produit\/coton-tiges-recyclable-a-double-tete-en-bambou-boite-de-200\/\",\"name\":\"Coton-tiges recyclable ? double t?te en bambou boite de 200 - Safinel\",\"isPartOf\":{\"@id\":\"https:\/\/www.safinel.fr\/#website\"},\"primaryImageOfPage\":{\"@id\":\"https:\/\/www.safinel.fr\/produit\/coton-tiges-recyclable-a-double-tete-en-bambou-boite-de-200\/#primaryimage\"},\"image\":{\"@id\":\"https:\/\/www.safinel.fr\/produit\/coton-tiges-recyclable-a-double-tete-en-bambou-boite-de-200\/#primaryimage\"},\"thumbnailUrl\":\"https:\/\/www.safinel.fr\/wp-content\/uploads\/2021\/07\/coton-tiges-a-double-tete-en-bambou-100_description-0.jpg\",\"datePublished\":\"2021-07-24T18:58:59+00:00\",\"dateModified\":\"2023-12-28T17:15:04+00:00\",\"breadcrumb\":{\"@id\":\"https:\/\/www.safinel.fr\/produit\/coton-tiges-recyclable-a-double-tete-en-bambou-boite-de-200\/#breadcrumb\"},\"inLanguage\":\"pt-PT\",\"potentialAction\":[{\"@type\":\"ReadAction\",\"target\":[\"https:\/\/www.safinel.fr\/produit\/coton-tiges-recyclable-a-double-tete-en-bambou-boite-de-200\/\"]}]},{\"@type\":\"ImageObject\",\"inLanguage\":\"pt-PT\",\"@id\":\"https:\/\/www.safinel.fr\/produit\/coton-tiges-recyclable-a-double-tete-en-bambou-boite-de-200\/#primaryimage\",\"url\":\"https:\/\/www.safinel.fr\/wp-content\/uploads\/2021\/07\/coton-tiges-a-double-tete-en-bambou-100_description-0.jpg\",\"contentUrl\":\"https:\/\/www.safinel.fr\/wp-content\/uploads\/2021\/07\/coton-tiges-a-double-tete-en-bambou-100_description-0.jpg\",\"width\":800,\"height\":800},{\"@type\":\"BreadcrumbList\",\"@id\":\"https:\/\/www.safinel.fr\/produit\/coton-tiges-recyclable-a-double-tete-en-bambou-boite-de-200\/#breadcrumb\",\"itemListElement\":[{\"@type\":\"ListItem\",\"position\":1,\"name\":\"Accueil\",\"item\":\"https:\/\/www.safinel.fr\/\"},{\"@type\":\"ListItem\",\"position\":2,\"name\":\"Boutique\",\"item\":\"https:\/\/www.safinel.fr\/boutique\/\"},{\"@type\":\"ListItem\",\"position\":3,\"name\":\"Coton-tiges recyclable ? double t?te en bambou boite de 200\"}]},{\"@type\":\"WebSite\",\"@id\":\"https:\/\/www.safinel.fr\/#website\",\"url\":\"https:\/\/www.safinel.fr\/\",\"name\":\"Safinel\",\"description\":\"\",\"publisher\":{\"@id\":\"https:\/\/www.safinel.fr\/#organization\"},\"potentialAction\":[{\"@type\":\"SearchAction\",\"target\":{\"@type\":\"EntryPoint\",\"urlTemplate\":\"https:\/\/www.safinel.fr\/?s={search_term_string}\"},\"query-input\":{\"@type\":\"PropertyValueSpecification\",\"valueRequired\":true,\"valueName\":\"search_term_string\"}}],\"inLanguage\":\"pt-PT\"},{\"@type\":\"Organization\",\"@id\":\"https:\/\/www.safinel.fr\/#organization\",\"name\":\"Safinel\",\"url\":\"https:\/\/www.safinel.fr\/\",\"logo\":{\"@type\":\"ImageObject\",\"inLanguage\":\"pt-PT\",\"@id\":\"https:\/\/www.safinel.fr\/#\/schema\/logo\/image\/\",\"url\":\"https:\/\/www.safinel.fr\/wp-content\/uploads\/2021\/05\/boutique-cosmetique.png\",\"contentUrl\":\"https:\/\/www.safinel.fr\/wp-content\/uploads\/2021\/05\/boutique-cosmetique.png\",\"width\":800,\"height\":200,\"caption\":\"Safinel\"},\"image\":{\"@id\":\"https:\/\/www.safinel.fr\/#\/schema\/logo\/image\/\"}}]}<\/script>\n<!-- \/ Yoast SEO plugin. -->","yoast_head_json":{"title":"Cotonetes recicl\u00e1veis? Dupla ponta em bambu, caixa com 200 unidades - Safinel","robots":{"index":"index","follow":"follow","max-snippet":"max-snippet:-1","max-image-preview":"max-image-preview:large","max-video-preview":"max-video-preview:-1"},"canonical":"https:\/\/www.safinel.fr\/pt\/product-2\/cotonetes-reciclaveis-com-ponta-dupla-em-bambu-caixa-com-200-unidades\/","og_locale":"pt_PT","og_type":"article","og_title":"Coton-tiges recyclable ? double t?te en bambou boite de 200 - Safinel","og_description":"100% mat\u00e9riaux naturels avec sa pointe en coton ii est plus doux que tout autre \u00e9couvillon Parfait pour les arts et l&rsquo;artisanat, les manucures, l&rsquo;application de maquillage, le nettoyage et plus encore! Ce produit est un must-have domestique L&rsquo;utilisation de mat\u00e9riaux respectueux de l&rsquo;environnement, s\u00fbrs et non toxiques, la t\u00eate en coton est d&rsquo;excellente qualit\u00e9.","og_url":"https:\/\/www.safinel.fr\/pt\/product-2\/cotonetes-reciclaveis-com-ponta-dupla-em-bambu-caixa-com-200-unidades\/","og_site_name":"Safinel","article_modified_time":"2023-12-28T17:15:04+00:00","og_image":[{"width":800,"height":800,"url":"https:\/\/www.safinel.fr\/wp-content\/uploads\/2021\/07\/coton-tiges-a-double-tete-en-bambou-100_description-0.jpg","type":"image\/jpeg"}],"twitter_card":"summary_large_image","schema":{"@context":"https:\/\/schema.org","@graph":[{"@type":"WebPage","@id":"https:\/\/www.safinel.fr\/produit\/coton-tiges-recyclable-a-double-tete-en-bambou-boite-de-200\/","url":"https:\/\/www.safinel.fr\/produit\/coton-tiges-recyclable-a-double-tete-en-bambou-boite-de-200\/","name":"Cotonetes recicl\u00e1veis? Dupla ponta em bambu, caixa com 200 unidades - Safinel","isPartOf":{"@id":"https:\/\/www.safinel.fr\/#website"},"primaryImageOfPage":{"@id":"https:\/\/www.safinel.fr\/produit\/coton-tiges-recyclable-a-double-tete-en-bambou-boite-de-200\/#primaryimage"},"image":{"@id":"https:\/\/www.safinel.fr\/produit\/coton-tiges-recyclable-a-double-tete-en-bambou-boite-de-200\/#primaryimage"},"thumbnailUrl":"https:\/\/www.safinel.fr\/wp-content\/uploads\/2021\/07\/coton-tiges-a-double-tete-en-bambou-100_description-0.jpg","datePublished":"2021-07-24T18:58:59+00:00","dateModified":"2023-12-28T17:15:04+00:00","breadcrumb":{"@id":"https:\/\/www.safinel.fr\/produit\/coton-tiges-recyclable-a-double-tete-en-bambou-boite-de-200\/#breadcrumb"},"inLanguage":"pt-PT","potentialAction":[{"@type":"ReadAction","target":["https:\/\/www.safinel.fr\/produit\/coton-tiges-recyclable-a-double-tete-en-bambou-boite-de-200\/"]}]},{"@type":"ImageObject","inLanguage":"pt-PT","@id":"https:\/\/www.safinel.fr\/produit\/coton-tiges-recyclable-a-double-tete-en-bambou-boite-de-200\/#primaryimage","url":"https:\/\/www.safinel.fr\/wp-content\/uploads\/2021\/07\/coton-tiges-a-double-tete-en-bambou-100_description-0.jpg","contentUrl":"https:\/\/www.safinel.fr\/wp-content\/uploads\/2021\/07\/coton-tiges-a-double-tete-en-bambou-100_description-0.jpg","width":800,"height":800},{"@type":"BreadcrumbList","@id":"https:\/\/www.safinel.fr\/produit\/coton-tiges-recyclable-a-double-tete-en-bambou-boite-de-200\/#breadcrumb","itemListElement":[{"@type":"ListItem","position":1,"name":"Accueil","item":"https:\/\/www.safinel.fr\/"},{"@type":"ListItem","position":2,"name":"Boutique","item":"https:\/\/www.safinel.fr\/boutique\/"},{"@type":"ListItem","position":3,"name":"Coton-tiges recyclable ? double t?te en bambou boite de 200"}]},{"@type":"WebSite","@id":"https:\/\/www.safinel.fr\/#website","url":"https:\/\/www.safinel.fr\/","name":"Safinel","description":"","publisher":{"@id":"https:\/\/www.safinel.fr\/#organization"},"potentialAction":[{"@type":"SearchAction","target":{"@type":"EntryPoint","urlTemplate":"https:\/\/www.safinel.fr\/?s={search_term_string}"},"query-input":{"@type":"PropertyValueSpecification","valueRequired":true,"valueName":"search_term_string"}}],"inLanguage":"pt-PT"},{"@type":"Organization","@id":"https:\/\/www.safinel.fr\/#organization","name":"Safinel","url":"https:\/\/www.safinel.fr\/","logo":{"@type":"ImageObject","inLanguage":"pt-PT","@id":"https:\/\/www.safinel.fr\/#\/schema\/logo\/image\/","url":"https:\/\/www.safinel.fr\/wp-content\/uploads\/2021\/05\/boutique-cosmetique.png","contentUrl":"https:\/\/www.safinel.fr\/wp-content\/uploads\/2021\/05\/boutique-cosmetique.png","width":800,"height":200,"caption":"Safinel"},"image":{"@id":"https:\/\/www.safinel.fr\/#\/schema\/logo\/image\/"}}]}},"_links":{"self":[{"href":"https:\/\/www.safinel.fr\/pt\/wp-json\/wp\/v2\/product\/264","targetHints":{"allow":["GET"]}}],"collection":[{"href":"https:\/\/www.safinel.fr\/pt\/wp-json\/wp\/v2\/product"}],"about":[{"href":"https:\/\/www.safinel.fr\/pt\/wp-json\/wp\/v2\/types\/product"}],"wp:featuredmedia":[{"embeddable":true,"href":"https:\/\/www.safinel.fr\/pt\/wp-json\/wp\/v2\/media\/299"}],"wp:attachment":[{"href":"https:\/\/www.safinel.fr\/pt\/wp-json\/wp\/v2\/media?parent=264"}],"wp:term":[{"taxonomy":"product_brand","embeddable":true,"href":"https:\/\/www.safinel.fr\/pt\/wp-json\/wp\/v2\/product_brand?post=264"},{"taxonomy":"product_cat","embeddable":true,"href":"https:\/\/www.safinel.fr\/pt\/wp-json\/wp\/v2\/product_cat?post=264"},{"taxonomy":"product_tag","embeddable":true,"href":"https:\/\/www.safinel.fr\/pt\/wp-json\/wp\/v2\/product_tag?post=264"}],"curies":[{"name":"wp","href":"https:\/\/api.w.org\/{rel}","templated":true}]}}