{"id":2561,"date":"2022-09-06T18:51:22","date_gmt":"2022-09-06T18:51:22","guid":{"rendered":"https:\/\/www.safinel.fr\/?post_type=product&#038;p=2561"},"modified":"2026-04-08T10:38:32","modified_gmt":"2026-04-08T10:38:32","slug":"kognon-mousso","status":"publish","type":"product","link":"https:\/\/www.safinel.fr\/pt\/product-2\/kognon-mousso\/","title":{"rendered":"A Paz Kognon mousso"},"content":{"rendered":"<p>Kognon mousso \u00e9 uma bebida que ajuda a tratar v\u00e1rias doen\u00e7as. Al\u00e9m de ser um afrodis\u00edaco natural, ajuda a tratar hemorr\u00f3idas e dores de barriga. Descubra aqui mais detalhes sobre este rem\u00e9dio natural!<\/p>\n<h2><strong>Descri\u00e7\u00e3o do Kognon mousso<\/strong><\/h2>\n<p>Kognon mousso \u00e9 um\u00a0<strong>medicamento natural<\/strong>\u00a0Muito eficaz. Foi fabricado na Costa do Marfim e permite tratar v\u00e1rias infe\u00e7\u00f5es. Esta bebida afrodis\u00edaca ajuda a aliviar dores de barriga e enxaquecas. Tamb\u00e9m permite tratar hemorr\u00f3idas internas e externas. Al\u00e9m disso, combate a fadiga geral e a hipertens\u00e3o. Ainda ajuda a tratar a ejacula\u00e7\u00e3o precoce e a impot\u00eancia sexual.<\/p>\n<p>Ao contr\u00e1rio de alguns medicamentos farmac\u00eauticos, Kogno moussou\u00a0<strong>apresenta poucos efeitos secund\u00e1rios<\/strong>. Al\u00e9m disso, \u00e9 indicado tanto para homens como para mulheres. Gra\u00e7as aos ingredientes naturais que o comp\u00f5em, pode ser conservado durante um longo per\u00edodo sem se decompor ou alterar o sabor.<\/p>\n<h2><strong>Composi\u00e7\u00e3o<\/strong><\/h2>\n<p>Kognon-mousso \u00e9 um\u00a0<strong>produto natural 100%<\/strong>. \u00c9 fabricado com cascas e sumo de folhas de hissopo. Cont\u00e9m tamb\u00e9m uma pequena quantidade de\u00a0<a href=\"https:\/\/www.safinel.fr\/pt\/product-2\/gengibre\/\"><strong>gengibre<\/strong><\/a>. Ali\u00e1s, \u00e9 isso que lhe d\u00e1 a sua cor amarelada. Tamb\u00e9m \u00e9 composto por \u00e1gua mineral e algumas quantidades de a\u00e7\u00facar. Al\u00e9m disso, a bebida Kognon-moussou foi verificada por especialistas em farmacopeia antes de ser comercializada no mercado.<\/p>\n<h3><strong>Instru\u00e7\u00f5es de utiliza\u00e7\u00e3o<\/strong><\/h3>\n<p>Kognon mousso \u00e9 um produto que apresenta poucos efeitos indesej\u00e1veis. No entanto, para que seja eficaz, \u00e9 necess\u00e1rio tom\u00e1-lo conforme indicado na bula. Antes de tomar o medicamento, deve\u00a0<strong>agite bem a garrafa<\/strong>. Em seguida, tome dois copos de ch\u00e1, uma vez por dia, de prefer\u00eancia, ap\u00f3s ou antes do jantar.<\/p>\n<p>Ap\u00f3s tomar uma dose, \u00e9 aconselh\u00e1vel esperar tr\u00eas dias antes de tomar outra. Al\u00e9m disso, \u00e9 importante saber que este produto \u00e9 proibido para mulheres gr\u00e1vidas. Al\u00e9m disso, n\u00e3o o deixe ao alcance das crian\u00e7as.<\/p>","protected":false},"excerpt":{"rendered":"<p><img decoding=\"async\" class=\"size-full wp-image-5091 aligncenter\" src=\"https:\/\/www.safinel.fr\/wp-content\/uploads\/2021\/06\/BANNIERE-ICONE-SAFINEL.webp\" alt=\"resseguro satinado\" width=\"800\" height=\"200\" srcset=\"https:\/\/www.safinel.fr\/wp-content\/uploads\/2021\/06\/BANNIERE-ICONE-SAFINEL.webp 800w, https:\/\/www.safinel.fr\/wp-content\/uploads\/2021\/06\/BANNIERE-ICONE-SAFINEL-600x150.webp 600w, https:\/\/www.safinel.fr\/wp-content\/uploads\/2021\/06\/BANNIERE-ICONE-SAFINEL-768x192.webp 768w\" sizes=\"(max-width: 800px) 100vw, 800px\" \/><\/p>","protected":false},"featured_media":4092,"template":"","meta":[],"product_brand":[],"product_cat":[91],"product_tag":[],"class_list":{"0":"post-2561","1":"product","2":"type-product","3":"status-publish","4":"has-post-thumbnail","6":"product_cat-boisson-aphrodisiaque-africaine","8":"first","9":"instock","10":"shipping-taxable","11":"purchasable","12":"product-type-simple"},"yoast_head":"<!-- This site is optimized with the Yoast SEO plugin v26.6 - https:\/\/yoast.com\/wordpress\/plugins\/seo\/ -->\n<title>Kognon mousso I Boisson aphrodisiaque b\u00e9n\u00e9fique<\/title>\n<meta name=\"description\" content=\"Kognon mousso est une boisson qui permet de soigner de nombreuses maladies. En plus d\u2019\u00eatre un aphrodisiaque naturel. Adoptez-l\u00e0 !\" \/>\n<meta name=\"robots\" content=\"index, follow, max-snippet:-1, max-image-preview:large, max-video-preview:-1\" \/>\n<link rel=\"canonical\" href=\"https:\/\/www.safinel.fr\/pt\/product-2\/kognon-mousso\/\" \/>\n<meta property=\"og:locale\" content=\"pt_PT\" \/>\n<meta property=\"og:type\" content=\"article\" \/>\n<meta property=\"og:title\" content=\"Kognon mousso I Boisson aphrodisiaque b\u00e9n\u00e9fique\" \/>\n<meta property=\"og:description\" content=\"Kognon mousso est une boisson qui permet de soigner de nombreuses maladies. En plus d\u2019\u00eatre un aphrodisiaque naturel. Adoptez-l\u00e0 !\" \/>\n<meta property=\"og:url\" content=\"https:\/\/www.safinel.fr\/pt\/product-2\/kognon-mousso\/\" \/>\n<meta property=\"og:site_name\" content=\"Safinel\" \/>\n<meta property=\"article:modified_time\" content=\"2026-04-08T10:38:32+00:00\" \/>\n<meta property=\"og:image\" content=\"https:\/\/www.safinel.fr\/wp-content\/uploads\/2022\/09\/la-paix-equivalent-kognon-mousso.jpg\" \/>\n\t<meta property=\"og:image:width\" content=\"600\" \/>\n\t<meta property=\"og:image:height\" content=\"600\" \/>\n\t<meta property=\"og:image:type\" content=\"image\/jpeg\" \/>\n<meta name=\"twitter:card\" content=\"summary_large_image\" \/>\n<meta name=\"twitter:label1\" content=\"Tempo estimado de leitura\" \/>\n\t<meta name=\"twitter:data1\" content=\"2 minutos\" \/>\n<script type=\"application\/ld+json\" class=\"yoast-schema-graph\">{\"@context\":\"https:\/\/schema.org\",\"@graph\":[{\"@type\":\"WebPage\",\"@id\":\"https:\/\/www.safinel.fr\/produit\/kognon-mousso\/\",\"url\":\"https:\/\/www.safinel.fr\/produit\/kognon-mousso\/\",\"name\":\"Kognon mousso I Boisson aphrodisiaque b\u00e9n\u00e9fique\",\"isPartOf\":{\"@id\":\"https:\/\/www.safinel.fr\/#website\"},\"primaryImageOfPage\":{\"@id\":\"https:\/\/www.safinel.fr\/produit\/kognon-mousso\/#primaryimage\"},\"image\":{\"@id\":\"https:\/\/www.safinel.fr\/produit\/kognon-mousso\/#primaryimage\"},\"thumbnailUrl\":\"https:\/\/www.safinel.fr\/wp-content\/uploads\/2022\/09\/la-paix-equivalent-kognon-mousso.jpg\",\"datePublished\":\"2022-09-06T18:51:22+00:00\",\"dateModified\":\"2026-04-08T10:38:32+00:00\",\"description\":\"Kognon mousso est une boisson qui permet de soigner de nombreuses maladies. En plus d\u2019\u00eatre un aphrodisiaque naturel. Adoptez-l\u00e0 !\",\"breadcrumb\":{\"@id\":\"https:\/\/www.safinel.fr\/produit\/kognon-mousso\/#breadcrumb\"},\"inLanguage\":\"pt-PT\",\"potentialAction\":[{\"@type\":\"ReadAction\",\"target\":[\"https:\/\/www.safinel.fr\/produit\/kognon-mousso\/\"]}]},{\"@type\":\"ImageObject\",\"inLanguage\":\"pt-PT\",\"@id\":\"https:\/\/www.safinel.fr\/produit\/kognon-mousso\/#primaryimage\",\"url\":\"https:\/\/www.safinel.fr\/wp-content\/uploads\/2022\/09\/la-paix-equivalent-kognon-mousso.jpg\",\"contentUrl\":\"https:\/\/www.safinel.fr\/wp-content\/uploads\/2022\/09\/la-paix-equivalent-kognon-mousso.jpg\",\"width\":600,\"height\":600,\"caption\":\"La Paix (\u00c9quivalent Kognon mousso)\"},{\"@type\":\"BreadcrumbList\",\"@id\":\"https:\/\/www.safinel.fr\/produit\/kognon-mousso\/#breadcrumb\",\"itemListElement\":[{\"@type\":\"ListItem\",\"position\":1,\"name\":\"Accueil\",\"item\":\"https:\/\/www.safinel.fr\/\"},{\"@type\":\"ListItem\",\"position\":2,\"name\":\"Boutique\",\"item\":\"https:\/\/www.safinel.fr\/boutique\/\"},{\"@type\":\"ListItem\",\"position\":3,\"name\":\"La Paix Kognon mousso\"}]},{\"@type\":\"WebSite\",\"@id\":\"https:\/\/www.safinel.fr\/#website\",\"url\":\"https:\/\/www.safinel.fr\/\",\"name\":\"Safinel\",\"description\":\"\",\"publisher\":{\"@id\":\"https:\/\/www.safinel.fr\/#organization\"},\"potentialAction\":[{\"@type\":\"SearchAction\",\"target\":{\"@type\":\"EntryPoint\",\"urlTemplate\":\"https:\/\/www.safinel.fr\/?s={search_term_string}\"},\"query-input\":{\"@type\":\"PropertyValueSpecification\",\"valueRequired\":true,\"valueName\":\"search_term_string\"}}],\"inLanguage\":\"pt-PT\"},{\"@type\":\"Organization\",\"@id\":\"https:\/\/www.safinel.fr\/#organization\",\"name\":\"Safinel\",\"url\":\"https:\/\/www.safinel.fr\/\",\"logo\":{\"@type\":\"ImageObject\",\"inLanguage\":\"pt-PT\",\"@id\":\"https:\/\/www.safinel.fr\/#\/schema\/logo\/image\/\",\"url\":\"https:\/\/www.safinel.fr\/wp-content\/uploads\/2021\/05\/boutique-cosmetique.png\",\"contentUrl\":\"https:\/\/www.safinel.fr\/wp-content\/uploads\/2021\/05\/boutique-cosmetique.png\",\"width\":800,\"height\":200,\"caption\":\"Safinel\"},\"image\":{\"@id\":\"https:\/\/www.safinel.fr\/#\/schema\/logo\/image\/\"}}]}<\/script>\n<!-- \/ Yoast SEO plugin. -->","yoast_head_json":{"title":"Kognon mousso I Bebida afrodis\u00edaca ben\u00e9fica","description":"Kognon mousso \u00e9 uma bebida que ajuda a tratar v\u00e1rias doen\u00e7as. Al\u00e9m de ser um afrodis\u00edaco natural. Experimente!","robots":{"index":"index","follow":"follow","max-snippet":"max-snippet:-1","max-image-preview":"max-image-preview:large","max-video-preview":"max-video-preview:-1"},"canonical":"https:\/\/www.safinel.fr\/pt\/product-2\/kognon-mousso\/","og_locale":"pt_PT","og_type":"article","og_title":"Kognon mousso I Boisson aphrodisiaque b\u00e9n\u00e9fique","og_description":"Kognon mousso est une boisson qui permet de soigner de nombreuses maladies. En plus d\u2019\u00eatre un aphrodisiaque naturel. Adoptez-l\u00e0 !","og_url":"https:\/\/www.safinel.fr\/pt\/product-2\/kognon-mousso\/","og_site_name":"Safinel","article_modified_time":"2026-04-08T10:38:32+00:00","og_image":[{"width":600,"height":600,"url":"https:\/\/www.safinel.fr\/wp-content\/uploads\/2022\/09\/la-paix-equivalent-kognon-mousso.jpg","type":"image\/jpeg"}],"twitter_card":"summary_large_image","twitter_misc":{"Tempo estimado de leitura":"2 minutos"},"schema":{"@context":"https:\/\/schema.org","@graph":[{"@type":"WebPage","@id":"https:\/\/www.safinel.fr\/produit\/kognon-mousso\/","url":"https:\/\/www.safinel.fr\/produit\/kognon-mousso\/","name":"Kognon mousso I Bebida afrodis\u00edaca ben\u00e9fica","isPartOf":{"@id":"https:\/\/www.safinel.fr\/#website"},"primaryImageOfPage":{"@id":"https:\/\/www.safinel.fr\/produit\/kognon-mousso\/#primaryimage"},"image":{"@id":"https:\/\/www.safinel.fr\/produit\/kognon-mousso\/#primaryimage"},"thumbnailUrl":"https:\/\/www.safinel.fr\/wp-content\/uploads\/2022\/09\/la-paix-equivalent-kognon-mousso.jpg","datePublished":"2022-09-06T18:51:22+00:00","dateModified":"2026-04-08T10:38:32+00:00","description":"Kognon mousso \u00e9 uma bebida que ajuda a tratar v\u00e1rias doen\u00e7as. Al\u00e9m de ser um afrodis\u00edaco natural. Experimente!","breadcrumb":{"@id":"https:\/\/www.safinel.fr\/produit\/kognon-mousso\/#breadcrumb"},"inLanguage":"pt-PT","potentialAction":[{"@type":"ReadAction","target":["https:\/\/www.safinel.fr\/produit\/kognon-mousso\/"]}]},{"@type":"ImageObject","inLanguage":"pt-PT","@id":"https:\/\/www.safinel.fr\/produit\/kognon-mousso\/#primaryimage","url":"https:\/\/www.safinel.fr\/wp-content\/uploads\/2022\/09\/la-paix-equivalent-kognon-mousso.jpg","contentUrl":"https:\/\/www.safinel.fr\/wp-content\/uploads\/2022\/09\/la-paix-equivalent-kognon-mousso.jpg","width":600,"height":600,"caption":"La Paix (\u00c9quivalent Kognon mousso)"},{"@type":"BreadcrumbList","@id":"https:\/\/www.safinel.fr\/produit\/kognon-mousso\/#breadcrumb","itemListElement":[{"@type":"ListItem","position":1,"name":"Accueil","item":"https:\/\/www.safinel.fr\/"},{"@type":"ListItem","position":2,"name":"Boutique","item":"https:\/\/www.safinel.fr\/boutique\/"},{"@type":"ListItem","position":3,"name":"La Paix Kognon mousso"}]},{"@type":"WebSite","@id":"https:\/\/www.safinel.fr\/#website","url":"https:\/\/www.safinel.fr\/","name":"Safinel","description":"","publisher":{"@id":"https:\/\/www.safinel.fr\/#organization"},"potentialAction":[{"@type":"SearchAction","target":{"@type":"EntryPoint","urlTemplate":"https:\/\/www.safinel.fr\/?s={search_term_string}"},"query-input":{"@type":"PropertyValueSpecification","valueRequired":true,"valueName":"search_term_string"}}],"inLanguage":"pt-PT"},{"@type":"Organization","@id":"https:\/\/www.safinel.fr\/#organization","name":"Safinel","url":"https:\/\/www.safinel.fr\/","logo":{"@type":"ImageObject","inLanguage":"pt-PT","@id":"https:\/\/www.safinel.fr\/#\/schema\/logo\/image\/","url":"https:\/\/www.safinel.fr\/wp-content\/uploads\/2021\/05\/boutique-cosmetique.png","contentUrl":"https:\/\/www.safinel.fr\/wp-content\/uploads\/2021\/05\/boutique-cosmetique.png","width":800,"height":200,"caption":"Safinel"},"image":{"@id":"https:\/\/www.safinel.fr\/#\/schema\/logo\/image\/"}}]}},"_links":{"self":[{"href":"https:\/\/www.safinel.fr\/pt\/wp-json\/wp\/v2\/product\/2561","targetHints":{"allow":["GET"]}}],"collection":[{"href":"https:\/\/www.safinel.fr\/pt\/wp-json\/wp\/v2\/product"}],"about":[{"href":"https:\/\/www.safinel.fr\/pt\/wp-json\/wp\/v2\/types\/product"}],"wp:featuredmedia":[{"embeddable":true,"href":"https:\/\/www.safinel.fr\/pt\/wp-json\/wp\/v2\/media\/4092"}],"wp:attachment":[{"href":"https:\/\/www.safinel.fr\/pt\/wp-json\/wp\/v2\/media?parent=2561"}],"wp:term":[{"taxonomy":"product_brand","embeddable":true,"href":"https:\/\/www.safinel.fr\/pt\/wp-json\/wp\/v2\/product_brand?post=2561"},{"taxonomy":"product_cat","embeddable":true,"href":"https:\/\/www.safinel.fr\/pt\/wp-json\/wp\/v2\/product_cat?post=2561"},{"taxonomy":"product_tag","embeddable":true,"href":"https:\/\/www.safinel.fr\/pt\/wp-json\/wp\/v2\/product_tag?post=2561"}],"curies":[{"name":"wp","href":"https:\/\/api.w.org\/{rel}","templated":true}]}}